{"id":18242,"date":"2019-05-20T10:25:36","date_gmt":"2019-05-27T09:55:09","guid":{"rendered":"https:\/\/ibc.ee\/product\/tambor-bomba-de-transferencia-operado-a-mano-para-aceite-diesel-disolvente-de-acero\/"},"modified":"2019-05-27T11:55:09","modified_gmt":"2019-05-27T09:55:09","slug":"tambor-bomba-transferencia-operado-a-mano-para-diesel-oil-solvente-de-acero","status":"publish","type":"product","link":"https:\/\/ibc.ee\/es\/producto\/tambor-bomba-transferencia-operado-a-mano-para-diesel-oil-solvente-de-acero\/","title":{"rendered":"Tambor bomba de transferencia operado a mano para aceite diesel disolvente de acero"},"content":{"rendered":"<p>20L\/min palanca bater\u00eda tambor bomba de transferencia de aceite diesel Transfer manual herramientas extractoras accesorio<br \/>\nDescripci\u00f3n:<\/p>\n<p>Esta bomba de barril tipo palanca es una herramienta inteligente para dispensar aceite de engranajes, diesel y otros l\u00edquidos no corrosivos de barril de forma r\u00e1pida y f\u00e1cil. Con el tubo de aspiraci\u00f3n autoajustable, es conveniente para la dosificaci\u00f3n flexible, y usted puede utilizar la boquilla extra\u00edble para caber las mangueras simplemente. Adem\u00e1s, el agarre acolchado es un dise\u00f1o humanizado de bombeo antideslizante. Una bomba pr\u00e1ctica y \u00fatil, no te lo pierdas!<\/p>\n<p>Funciones:<br \/>\n1. esta bomba est\u00e1 dise\u00f1ada para la dosificaci\u00f3n y transferencia de l\u00edquidos, y le ayudar\u00e1 a bombear aceites, los motores di\u00e9sel de forma r\u00e1pida y f\u00e1cil.<br \/>\n2. la bomba de alta calidad proporciona una excelente compatibilidad fluida, y es ideal para bombear diesel, Kerosene, aceite de motor, aceite hidr\u00e1ulico y otros l\u00edquidos no corrosivos.<br \/>\n3. tubo de aspiraci\u00f3n telesc\u00f3pico autoajustable para dosificaci\u00f3n y funcionamiento flexibles.<br \/>\n4. puede sostener el agarre acolchado para un bombeo f\u00e1cil y antideslizante, es realmente un dise\u00f1o humanizado.<br \/>\n5. la boquilla extra\u00edble se adapta f\u00e1cilmente a la manguera y se dobla para hacer una conveniencia para el uso.<\/p>\n<p>Especificaciones:<br \/>\nMaterial: fundici\u00f3n de hierro<br \/>\nColor principal: plata<br \/>\nFlujo: 20L\/min<br \/>\nDi\u00e1metro de entrada: 3.4 cm\/1.34 &#8216; &#8216;<br \/>\nDi\u00e1metro de salida: 2cm\/0.79 &#8216; &#8216;<br \/>\nAltura de la bomba: 78cm\/30.7 &#8216; &#8216;<br \/>\nTubo de aspiraci\u00f3n telesc\u00f3pica: 460-915mm ajustable<br \/>\nAcabado superficial: cromado<br \/>\nPeso del paquete: 2400g<\/p>\n<p>Aplicar: ideal para bombear diesel, keroseno, aceite de engranaje, aceite de motor hidr\u00e1ulico y muchos otros l\u00edquidos no corrosivos.<\/p>\n","protected":false},"excerpt":{"rendered":"<p>20L\/min palanca bater\u00eda tambor bomba de transferencia de aceite diesel Transfer manual herramientas extractoras accesorio Descripci\u00f3n: Esta bomba de barril tipo palanca es una herramienta inteligente para dispensar aceite de engranajes, diesel y otros l\u00edquidos no corrosivos de barril de forma r\u00e1pida y f\u00e1cil. Con el tubo de aspiraci\u00f3n autoajustable, es conveniente para la dosificaci\u00f3n [&hellip;]<\/p>\n","protected":false},"featured_media":18246,"template":"","meta":[],"product_brand":[],"product_cat":[380],"product_tag":[],"class_list":{"0":"post-18242","1":"product","2":"type-product","3":"status-publish","4":"has-post-thumbnail","6":"product_cat-tambores-y-latas","7":"product_shipping_class-acessories-es","9":"first","10":"onbackorder","11":"taxable","12":"shipping-taxable","13":"purchasable","14":"product-type-simple"},"yoast_head":"<!-- This site is optimized with the Yoast SEO plugin v26.9 - https:\/\/yoast.com\/product\/yoast-seo-wordpress\/ -->\n<title>Tambor bomba de transferencia operado a mano para aceite diesel disolvente de acero - IBC konteineri m&uuml;&uuml;k, vaadid, kraanid, mahutid<\/title>\n<meta name=\"robots\" content=\"index, follow, max-snippet:-1, max-image-preview:large, max-video-preview:-1\" \/>\n<link rel=\"canonical\" href=\"https:\/\/ibc.ee\/es\/producto\/tambor-bomba-transferencia-operado-a-mano-para-diesel-oil-solvente-de-acero\/\" \/>\n<meta property=\"og:locale\" content=\"es_ES\" \/>\n<meta property=\"og:type\" content=\"article\" \/>\n<meta property=\"og:title\" content=\"Tambor bomba de transferencia operado a mano para aceite diesel disolvente de acero - IBC konteineri m&uuml;&uuml;k, vaadid, kraanid, mahutid\" \/>\n<meta property=\"og:description\" content=\"20L\/min palanca bater\u00eda tambor bomba de transferencia de aceite diesel Transfer manual herramientas extractoras accesorio Descripci\u00f3n: Esta bomba de barril tipo palanca es una herramienta inteligente para dispensar aceite de engranajes, diesel y otros l\u00edquidos no corrosivos de barril de forma r\u00e1pida y f\u00e1cil. Con el tubo de aspiraci\u00f3n autoajustable, es conveniente para la dosificaci\u00f3n [&hellip;]\" \/>\n<meta property=\"og:url\" content=\"https:\/\/ibc.ee\/es\/producto\/tambor-bomba-transferencia-operado-a-mano-para-diesel-oil-solvente-de-acero\/\" \/>\n<meta property=\"og:site_name\" content=\"IBC konteineri m&uuml;&uuml;k, vaadid, kraanid, mahutid\" \/>\n<meta property=\"og:image\" content=\"https:\/\/ibc.ee\/wp-content\/uploads\/2019\/05\/20L-min-Lever-Action-Barrel-Drum-Pump-Diesel-Oil-Transfer-Hand-Operated-Extractor-Tools-Accessory-2.jpg\" \/>\n\t<meta property=\"og:image:width\" content=\"1000\" \/>\n\t<meta property=\"og:image:height\" content=\"1000\" \/>\n\t<meta property=\"og:image:type\" content=\"image\/jpeg\" \/>\n<meta name=\"twitter:card\" content=\"summary_large_image\" \/>\n<meta name=\"twitter:label1\" content=\"Tiempo de lectura\" \/>\n\t<meta name=\"twitter:data1\" content=\"1 minuto\" \/>\n<script type=\"application\/ld+json\" class=\"yoast-schema-graph\">{\"@context\":\"https:\/\/schema.org\",\"@graph\":[{\"@type\":\"WebPage\",\"@id\":\"https:\/\/ibc.ee\/es\/producto\/tambor-bomba-transferencia-operado-a-mano-para-diesel-oil-solvente-de-acero\/\",\"url\":\"https:\/\/ibc.ee\/es\/producto\/tambor-bomba-transferencia-operado-a-mano-para-diesel-oil-solvente-de-acero\/\",\"name\":\"Tambor bomba de transferencia operado a mano para aceite diesel disolvente de acero - IBC konteineri m&uuml;&uuml;k, vaadid, kraanid, mahutid\",\"isPartOf\":{\"@id\":\"https:\/\/ibc.ee\/es\/#website\"},\"primaryImageOfPage\":{\"@id\":\"https:\/\/ibc.ee\/es\/producto\/tambor-bomba-transferencia-operado-a-mano-para-diesel-oil-solvente-de-acero\/#primaryimage\"},\"image\":{\"@id\":\"https:\/\/ibc.ee\/es\/producto\/tambor-bomba-transferencia-operado-a-mano-para-diesel-oil-solvente-de-acero\/#primaryimage\"},\"thumbnailUrl\":\"https:\/\/ibc.ee\/wp-content\/uploads\/2019\/05\/20L-min-Lever-Action-Barrel-Drum-Pump-Diesel-Oil-Transfer-Hand-Operated-Extractor-Tools-Accessory-2.jpg\",\"datePublished\":\"2019-05-27T09:55:09+00:00\",\"breadcrumb\":{\"@id\":\"https:\/\/ibc.ee\/es\/producto\/tambor-bomba-transferencia-operado-a-mano-para-diesel-oil-solvente-de-acero\/#breadcrumb\"},\"inLanguage\":\"es\",\"potentialAction\":[{\"@type\":\"ReadAction\",\"target\":[\"https:\/\/ibc.ee\/es\/producto\/tambor-bomba-transferencia-operado-a-mano-para-diesel-oil-solvente-de-acero\/\"]}]},{\"@type\":\"ImageObject\",\"inLanguage\":\"es\",\"@id\":\"https:\/\/ibc.ee\/es\/producto\/tambor-bomba-transferencia-operado-a-mano-para-diesel-oil-solvente-de-acero\/#primaryimage\",\"url\":\"https:\/\/ibc.ee\/wp-content\/uploads\/2019\/05\/20L-min-Lever-Action-Barrel-Drum-Pump-Diesel-Oil-Transfer-Hand-Operated-Extractor-Tools-Accessory-2.jpg\",\"contentUrl\":\"https:\/\/ibc.ee\/wp-content\/uploads\/2019\/05\/20L-min-Lever-Action-Barrel-Drum-Pump-Diesel-Oil-Transfer-Hand-Operated-Extractor-Tools-Accessory-2.jpg\",\"width\":1000,\"height\":1000,\"caption\":\"Drum Pump Transfer Hand Operated for Diesel Oil Solvent from steel\"},{\"@type\":\"BreadcrumbList\",\"@id\":\"https:\/\/ibc.ee\/es\/producto\/tambor-bomba-transferencia-operado-a-mano-para-diesel-oil-solvente-de-acero\/#breadcrumb\",\"itemListElement\":[{\"@type\":\"ListItem\",\"position\":1,\"name\":\"\u0413\u043b\u0430\u0432\u043d\u0430\u044f \u0441\u0442\u0440\u0430\u043d\u0438\u0446\u0430\",\"item\":\"https:\/\/ibc.ee\/es\/\"},{\"@type\":\"ListItem\",\"position\":2,\"name\":\"Tienda\",\"item\":\"https:\/\/ibc.ee\/es\/tienda\/\"},{\"@type\":\"ListItem\",\"position\":3,\"name\":\"Tambor bomba de transferencia operado a mano para aceite diesel disolvente de acero\"}]},{\"@type\":\"WebSite\",\"@id\":\"https:\/\/ibc.ee\/es\/#website\",\"url\":\"https:\/\/ibc.ee\/es\/\",\"name\":\"IBC konteineri m&uuml;&uuml;k, vaadid, kraanid, mahutid\",\"description\":\"IBC - Tank container valve, Adapters\\\\fittings, Intermediate bulk, container, Drums\/cans\",\"potentialAction\":[{\"@type\":\"SearchAction\",\"target\":{\"@type\":\"EntryPoint\",\"urlTemplate\":\"https:\/\/ibc.ee\/es\/?s={search_term_string}\"},\"query-input\":{\"@type\":\"PropertyValueSpecification\",\"valueRequired\":true,\"valueName\":\"search_term_string\"}}],\"inLanguage\":\"es\"}]}<\/script>\n<!-- \/ Yoast SEO plugin. -->","yoast_head_json":{"title":"Tambor bomba de transferencia operado a mano para aceite diesel disolvente de acero - IBC konteineri m&uuml;&uuml;k, vaadid, kraanid, mahutid","robots":{"index":"index","follow":"follow","max-snippet":"max-snippet:-1","max-image-preview":"max-image-preview:large","max-video-preview":"max-video-preview:-1"},"canonical":"https:\/\/ibc.ee\/es\/producto\/tambor-bomba-transferencia-operado-a-mano-para-diesel-oil-solvente-de-acero\/","og_locale":"es_ES","og_type":"article","og_title":"Tambor bomba de transferencia operado a mano para aceite diesel disolvente de acero - IBC konteineri m&uuml;&uuml;k, vaadid, kraanid, mahutid","og_description":"20L\/min palanca bater\u00eda tambor bomba de transferencia de aceite diesel Transfer manual herramientas extractoras accesorio Descripci\u00f3n: Esta bomba de barril tipo palanca es una herramienta inteligente para dispensar aceite de engranajes, diesel y otros l\u00edquidos no corrosivos de barril de forma r\u00e1pida y f\u00e1cil. Con el tubo de aspiraci\u00f3n autoajustable, es conveniente para la dosificaci\u00f3n [&hellip;]","og_url":"https:\/\/ibc.ee\/es\/producto\/tambor-bomba-transferencia-operado-a-mano-para-diesel-oil-solvente-de-acero\/","og_site_name":"IBC konteineri m&uuml;&uuml;k, vaadid, kraanid, mahutid","og_image":[{"width":1000,"height":1000,"url":"https:\/\/ibc.ee\/wp-content\/uploads\/2019\/05\/20L-min-Lever-Action-Barrel-Drum-Pump-Diesel-Oil-Transfer-Hand-Operated-Extractor-Tools-Accessory-2.jpg","type":"image\/jpeg"}],"twitter_card":"summary_large_image","twitter_misc":{"Tiempo de lectura":"1 minuto"},"schema":{"@context":"https:\/\/schema.org","@graph":[{"@type":"WebPage","@id":"https:\/\/ibc.ee\/es\/producto\/tambor-bomba-transferencia-operado-a-mano-para-diesel-oil-solvente-de-acero\/","url":"https:\/\/ibc.ee\/es\/producto\/tambor-bomba-transferencia-operado-a-mano-para-diesel-oil-solvente-de-acero\/","name":"Tambor bomba de transferencia operado a mano para aceite diesel disolvente de acero - IBC konteineri m&uuml;&uuml;k, vaadid, kraanid, mahutid","isPartOf":{"@id":"https:\/\/ibc.ee\/es\/#website"},"primaryImageOfPage":{"@id":"https:\/\/ibc.ee\/es\/producto\/tambor-bomba-transferencia-operado-a-mano-para-diesel-oil-solvente-de-acero\/#primaryimage"},"image":{"@id":"https:\/\/ibc.ee\/es\/producto\/tambor-bomba-transferencia-operado-a-mano-para-diesel-oil-solvente-de-acero\/#primaryimage"},"thumbnailUrl":"https:\/\/ibc.ee\/wp-content\/uploads\/2019\/05\/20L-min-Lever-Action-Barrel-Drum-Pump-Diesel-Oil-Transfer-Hand-Operated-Extractor-Tools-Accessory-2.jpg","datePublished":"2019-05-27T09:55:09+00:00","breadcrumb":{"@id":"https:\/\/ibc.ee\/es\/producto\/tambor-bomba-transferencia-operado-a-mano-para-diesel-oil-solvente-de-acero\/#breadcrumb"},"inLanguage":"es","potentialAction":[{"@type":"ReadAction","target":["https:\/\/ibc.ee\/es\/producto\/tambor-bomba-transferencia-operado-a-mano-para-diesel-oil-solvente-de-acero\/"]}]},{"@type":"ImageObject","inLanguage":"es","@id":"https:\/\/ibc.ee\/es\/producto\/tambor-bomba-transferencia-operado-a-mano-para-diesel-oil-solvente-de-acero\/#primaryimage","url":"https:\/\/ibc.ee\/wp-content\/uploads\/2019\/05\/20L-min-Lever-Action-Barrel-Drum-Pump-Diesel-Oil-Transfer-Hand-Operated-Extractor-Tools-Accessory-2.jpg","contentUrl":"https:\/\/ibc.ee\/wp-content\/uploads\/2019\/05\/20L-min-Lever-Action-Barrel-Drum-Pump-Diesel-Oil-Transfer-Hand-Operated-Extractor-Tools-Accessory-2.jpg","width":1000,"height":1000,"caption":"Drum Pump Transfer Hand Operated for Diesel Oil Solvent from steel"},{"@type":"BreadcrumbList","@id":"https:\/\/ibc.ee\/es\/producto\/tambor-bomba-transferencia-operado-a-mano-para-diesel-oil-solvente-de-acero\/#breadcrumb","itemListElement":[{"@type":"ListItem","position":1,"name":"\u0413\u043b\u0430\u0432\u043d\u0430\u044f \u0441\u0442\u0440\u0430\u043d\u0438\u0446\u0430","item":"https:\/\/ibc.ee\/es\/"},{"@type":"ListItem","position":2,"name":"Tienda","item":"https:\/\/ibc.ee\/es\/tienda\/"},{"@type":"ListItem","position":3,"name":"Tambor bomba de transferencia operado a mano para aceite diesel disolvente de acero"}]},{"@type":"WebSite","@id":"https:\/\/ibc.ee\/es\/#website","url":"https:\/\/ibc.ee\/es\/","name":"IBC konteineri m&uuml;&uuml;k, vaadid, kraanid, mahutid","description":"IBC - Tank container valve, Adapters\\fittings, Intermediate bulk, container, Drums\/cans","potentialAction":[{"@type":"SearchAction","target":{"@type":"EntryPoint","urlTemplate":"https:\/\/ibc.ee\/es\/?s={search_term_string}"},"query-input":{"@type":"PropertyValueSpecification","valueRequired":true,"valueName":"search_term_string"}}],"inLanguage":"es"}]}},"_links":{"self":[{"href":"https:\/\/ibc.ee\/es\/wp-json\/wp\/v2\/product\/18242","targetHints":{"allow":["GET"]}}],"collection":[{"href":"https:\/\/ibc.ee\/es\/wp-json\/wp\/v2\/product"}],"about":[{"href":"https:\/\/ibc.ee\/es\/wp-json\/wp\/v2\/types\/product"}],"wp:featuredmedia":[{"embeddable":true,"href":"https:\/\/ibc.ee\/es\/wp-json\/wp\/v2\/media\/18246"}],"wp:attachment":[{"href":"https:\/\/ibc.ee\/es\/wp-json\/wp\/v2\/media?parent=18242"}],"wp:term":[{"taxonomy":"product_brand","embeddable":true,"href":"https:\/\/ibc.ee\/es\/wp-json\/wp\/v2\/product_brand?post=18242"},{"taxonomy":"product_cat","embeddable":true,"href":"https:\/\/ibc.ee\/es\/wp-json\/wp\/v2\/product_cat?post=18242"},{"taxonomy":"product_tag","embeddable":true,"href":"https:\/\/ibc.ee\/es\/wp-json\/wp\/v2\/product_tag?post=18242"}],"curies":[{"name":"wp","href":"https:\/\/api.w.org\/{rel}","templated":true}]}}