{"id":18504,"date":"2018-06-04T17:12:13","date_gmt":"2018-06-04T17:12:13","guid":{"rendered":"https:\/\/ibc.ee\/product\/intermediate-bulk-container-a\/"},"modified":"2025-07-09T16:49:20","modified_gmt":"2025-07-09T14:49:20","slug":"newcube-ibc-1000-contenedor-intermedio-de-1000-litros-para-liquidos","status":"publish","type":"product","link":"https:\/\/ibc.ee\/es\/producto\/newcube-ibc-1000-contenedor-intermedio-de-1000-litros-para-liquidos\/","title":{"rendered":"NewCube IBC 1000 \u2013 Contenedor intermedio de 1000 litros para l\u00edquidos"},"content":{"rendered":"<p><strong>Usos comunes:<\/strong><br \/>\n&#8211; Recolecci\u00f3n de agua de lluvia \u2013 para jard\u00edn y uso dom\u00e9stico<br \/>\n&#8211; Almacenamiento de aguas residuales<br \/>\n&#8211; Agua de riego y t\u00e9 de compost para agricultura<br \/>\n&#8211; Soluciones qu\u00edmicas no peligrosas, agentes de limpieza<br \/>\n&#8211; Estaciones de lavado exteriores y sistemas de agua DIY<\/p>\n<p><strong>Notas importantes:<\/strong><br \/>\n&#8211; Sin certificaci\u00f3n alimentaria ni homologaci\u00f3n UN<br \/>\n&#8211; No apto para agua potable, productos alimenticios ni sustancias peligrosas<br \/>\n&#8211; Dise\u00f1ado para aplicaciones t\u00e9cnicas o de bajo riesgo<\/p>\n","protected":false},"excerpt":{"rendered":"<p>El NewCube IBC 1000 es un contenedor intermedio a granel de 1000 litros completamente nuevo, dise\u00f1ado para el almacenamiento general de l\u00edquidos donde no se requieren certificaciones alimentarias o para materiales peligrosos. Ofrece una soluci\u00f3n econ\u00f3mica, duradera y pr\u00e1ctica para uso t\u00e9cnico, agr\u00edcola o dom\u00e9stico. Compatible con sistema de v\u00e1lvula S60x6 \u2013 f\u00e1cil de adaptar o reemplazar. Gran tapa de llenado de 150 mm de di\u00e1metro. Estructura de acero galvanizado \u2013 resistente para uso exterior o industrial.    <\/p>\n","protected":false},"featured_media":24272,"template":"","meta":[],"product_brand":[],"product_cat":[382],"product_tag":[],"class_list":{"0":"post-18504","1":"product","2":"type-product","3":"status-publish","4":"has-post-thumbnail","6":"product_cat-bote-intermedio-a-granel-ibc-1000-litros","7":"product_shipping_class-containers-es","9":"first","10":"instock","11":"taxable","12":"shipping-taxable","13":"purchasable","14":"product-type-simple"},"yoast_head":"<!-- This site is optimized with the Yoast SEO plugin v26.9 - https:\/\/yoast.com\/product\/yoast-seo-wordpress\/ -->\n<title>NewCube IBC 1000 \u2013 Contenedor intermedio de 1000 litros para l\u00edquidos - IBC konteineri m&uuml;&uuml;k, vaadid, kraanid, mahutid<\/title>\n<meta name=\"description\" content=\"El NewCube IBC 1000 es un contenedor intermedio a granel de 1000 litros completamente nuevo, dise\u00f1ado para el almacenamiento general de l\u00edquidos donde no se requieren certificaciones alimentarias o para materiales peligrosos.\" \/>\n<meta name=\"robots\" content=\"index, follow, max-snippet:-1, max-image-preview:large, max-video-preview:-1\" \/>\n<link rel=\"canonical\" href=\"https:\/\/ibc.ee\/es\/producto\/newcube-ibc-1000-contenedor-intermedio-de-1000-litros-para-liquidos\/\" \/>\n<meta property=\"og:locale\" content=\"es_ES\" \/>\n<meta property=\"og:type\" content=\"article\" \/>\n<meta property=\"og:title\" content=\"NewCube IBC 1000 \u2013 Contenedor intermedio de 1000 litros para l\u00edquidos - IBC konteineri m&uuml;&uuml;k, vaadid, kraanid, mahutid\" \/>\n<meta property=\"og:description\" content=\"El NewCube IBC 1000 es un contenedor intermedio a granel de 1000 litros completamente nuevo, dise\u00f1ado para el almacenamiento general de l\u00edquidos donde no se requieren certificaciones alimentarias o para materiales peligrosos.\" \/>\n<meta property=\"og:url\" content=\"https:\/\/ibc.ee\/es\/producto\/newcube-ibc-1000-contenedor-intermedio-de-1000-litros-para-liquidos\/\" \/>\n<meta property=\"og:site_name\" content=\"IBC konteineri m&uuml;&uuml;k, vaadid, kraanid, mahutid\" \/>\n<meta property=\"article:modified_time\" content=\"2025-07-09T14:49:20+00:00\" \/>\n<meta property=\"og:image\" content=\"https:\/\/ibc.ee\/wp-content\/uploads\/2018\/06\/NewCube-IBC-1000-Container-for-General-Liquid-Storage.jpg\" \/>\n\t<meta property=\"og:image:width\" content=\"1000\" \/>\n\t<meta property=\"og:image:height\" content=\"1000\" \/>\n\t<meta property=\"og:image:type\" content=\"image\/jpeg\" \/>\n<meta name=\"twitter:card\" content=\"summary_large_image\" \/>\n<meta name=\"twitter:label1\" content=\"Tiempo de lectura\" \/>\n\t<meta name=\"twitter:data1\" content=\"1 minuto\" \/>\n<script type=\"application\/ld+json\" class=\"yoast-schema-graph\">{\"@context\":\"https:\/\/schema.org\",\"@graph\":[{\"@type\":\"WebPage\",\"@id\":\"https:\/\/ibc.ee\/es\/producto\/newcube-ibc-1000-contenedor-intermedio-de-1000-litros-para-liquidos\/\",\"url\":\"https:\/\/ibc.ee\/es\/producto\/newcube-ibc-1000-contenedor-intermedio-de-1000-litros-para-liquidos\/\",\"name\":\"NewCube IBC 1000 \u2013 Contenedor intermedio de 1000 litros para l\u00edquidos - IBC konteineri m&uuml;&uuml;k, vaadid, kraanid, mahutid\",\"isPartOf\":{\"@id\":\"https:\/\/www.ibc.ee\/es\/#website\"},\"primaryImageOfPage\":{\"@id\":\"https:\/\/ibc.ee\/es\/producto\/newcube-ibc-1000-contenedor-intermedio-de-1000-litros-para-liquidos\/#primaryimage\"},\"image\":{\"@id\":\"https:\/\/ibc.ee\/es\/producto\/newcube-ibc-1000-contenedor-intermedio-de-1000-litros-para-liquidos\/#primaryimage\"},\"thumbnailUrl\":\"https:\/\/ibc.ee\/wp-content\/uploads\/2018\/06\/NewCube-IBC-1000-Container-for-General-Liquid-Storage.jpg\",\"datePublished\":\"2018-06-04T17:12:13+00:00\",\"dateModified\":\"2025-07-09T14:49:20+00:00\",\"description\":\"El NewCube IBC 1000 es un contenedor intermedio a granel de 1000 litros completamente nuevo, dise\u00f1ado para el almacenamiento general de l\u00edquidos donde no se requieren certificaciones alimentarias o para materiales peligrosos.\",\"breadcrumb\":{\"@id\":\"https:\/\/ibc.ee\/es\/producto\/newcube-ibc-1000-contenedor-intermedio-de-1000-litros-para-liquidos\/#breadcrumb\"},\"inLanguage\":\"es\",\"potentialAction\":[{\"@type\":\"ReadAction\",\"target\":[\"https:\/\/ibc.ee\/es\/producto\/newcube-ibc-1000-contenedor-intermedio-de-1000-litros-para-liquidos\/\"]}]},{\"@type\":\"ImageObject\",\"inLanguage\":\"es\",\"@id\":\"https:\/\/ibc.ee\/es\/producto\/newcube-ibc-1000-contenedor-intermedio-de-1000-litros-para-liquidos\/#primaryimage\",\"url\":\"https:\/\/ibc.ee\/wp-content\/uploads\/2018\/06\/NewCube-IBC-1000-Container-for-General-Liquid-Storage.jpg\",\"contentUrl\":\"https:\/\/ibc.ee\/wp-content\/uploads\/2018\/06\/NewCube-IBC-1000-Container-for-General-Liquid-Storage.jpg\",\"width\":1000,\"height\":1000,\"caption\":\"NewCube IBC 1000 \u2013 Intermediate bulk 1000L container\"},{\"@type\":\"BreadcrumbList\",\"@id\":\"https:\/\/ibc.ee\/es\/producto\/newcube-ibc-1000-contenedor-intermedio-de-1000-litros-para-liquidos\/#breadcrumb\",\"itemListElement\":[{\"@type\":\"ListItem\",\"position\":1,\"name\":\"\u0413\u043b\u0430\u0432\u043d\u0430\u044f \u0441\u0442\u0440\u0430\u043d\u0438\u0446\u0430\",\"item\":\"https:\/\/www.ibc.ee\/es\/\"},{\"@type\":\"ListItem\",\"position\":2,\"name\":\"Tienda\",\"item\":\"https:\/\/www.ibc.ee\/es\/tienda\/\"},{\"@type\":\"ListItem\",\"position\":3,\"name\":\"NewCube IBC 1000 \u2013 Contenedor intermedio de 1000 litros para l\u00edquidos\"}]},{\"@type\":\"WebSite\",\"@id\":\"https:\/\/www.ibc.ee\/es\/#website\",\"url\":\"https:\/\/www.ibc.ee\/es\/\",\"name\":\"IBC konteineri m&uuml;&uuml;k, vaadid, kraanid, mahutid\",\"description\":\"IBC - Tank container valve, Adapters\\\\fittings, Intermediate bulk, container, Drums\/cans\",\"potentialAction\":[{\"@type\":\"SearchAction\",\"target\":{\"@type\":\"EntryPoint\",\"urlTemplate\":\"https:\/\/www.ibc.ee\/es\/?s={search_term_string}\"},\"query-input\":{\"@type\":\"PropertyValueSpecification\",\"valueRequired\":true,\"valueName\":\"search_term_string\"}}],\"inLanguage\":\"es\"}]}<\/script>\n<!-- \/ Yoast SEO plugin. -->","yoast_head_json":{"title":"NewCube IBC 1000 \u2013 Contenedor intermedio de 1000 litros para l\u00edquidos - IBC konteineri m&uuml;&uuml;k, vaadid, kraanid, mahutid","description":"El NewCube IBC 1000 es un contenedor intermedio a granel de 1000 litros completamente nuevo, dise\u00f1ado para el almacenamiento general de l\u00edquidos donde no se requieren certificaciones alimentarias o para materiales peligrosos.","robots":{"index":"index","follow":"follow","max-snippet":"max-snippet:-1","max-image-preview":"max-image-preview:large","max-video-preview":"max-video-preview:-1"},"canonical":"https:\/\/ibc.ee\/es\/producto\/newcube-ibc-1000-contenedor-intermedio-de-1000-litros-para-liquidos\/","og_locale":"es_ES","og_type":"article","og_title":"NewCube IBC 1000 \u2013 Contenedor intermedio de 1000 litros para l\u00edquidos - IBC konteineri m&uuml;&uuml;k, vaadid, kraanid, mahutid","og_description":"El NewCube IBC 1000 es un contenedor intermedio a granel de 1000 litros completamente nuevo, dise\u00f1ado para el almacenamiento general de l\u00edquidos donde no se requieren certificaciones alimentarias o para materiales peligrosos.","og_url":"https:\/\/ibc.ee\/es\/producto\/newcube-ibc-1000-contenedor-intermedio-de-1000-litros-para-liquidos\/","og_site_name":"IBC konteineri m&uuml;&uuml;k, vaadid, kraanid, mahutid","article_modified_time":"2025-07-09T14:49:20+00:00","og_image":[{"width":1000,"height":1000,"url":"https:\/\/ibc.ee\/wp-content\/uploads\/2018\/06\/NewCube-IBC-1000-Container-for-General-Liquid-Storage.jpg","type":"image\/jpeg"}],"twitter_card":"summary_large_image","twitter_misc":{"Tiempo de lectura":"1 minuto"},"schema":{"@context":"https:\/\/schema.org","@graph":[{"@type":"WebPage","@id":"https:\/\/ibc.ee\/es\/producto\/newcube-ibc-1000-contenedor-intermedio-de-1000-litros-para-liquidos\/","url":"https:\/\/ibc.ee\/es\/producto\/newcube-ibc-1000-contenedor-intermedio-de-1000-litros-para-liquidos\/","name":"NewCube IBC 1000 \u2013 Contenedor intermedio de 1000 litros para l\u00edquidos - IBC konteineri m&uuml;&uuml;k, vaadid, kraanid, mahutid","isPartOf":{"@id":"https:\/\/www.ibc.ee\/es\/#website"},"primaryImageOfPage":{"@id":"https:\/\/ibc.ee\/es\/producto\/newcube-ibc-1000-contenedor-intermedio-de-1000-litros-para-liquidos\/#primaryimage"},"image":{"@id":"https:\/\/ibc.ee\/es\/producto\/newcube-ibc-1000-contenedor-intermedio-de-1000-litros-para-liquidos\/#primaryimage"},"thumbnailUrl":"https:\/\/ibc.ee\/wp-content\/uploads\/2018\/06\/NewCube-IBC-1000-Container-for-General-Liquid-Storage.jpg","datePublished":"2018-06-04T17:12:13+00:00","dateModified":"2025-07-09T14:49:20+00:00","description":"El NewCube IBC 1000 es un contenedor intermedio a granel de 1000 litros completamente nuevo, dise\u00f1ado para el almacenamiento general de l\u00edquidos donde no se requieren certificaciones alimentarias o para materiales peligrosos.","breadcrumb":{"@id":"https:\/\/ibc.ee\/es\/producto\/newcube-ibc-1000-contenedor-intermedio-de-1000-litros-para-liquidos\/#breadcrumb"},"inLanguage":"es","potentialAction":[{"@type":"ReadAction","target":["https:\/\/ibc.ee\/es\/producto\/newcube-ibc-1000-contenedor-intermedio-de-1000-litros-para-liquidos\/"]}]},{"@type":"ImageObject","inLanguage":"es","@id":"https:\/\/ibc.ee\/es\/producto\/newcube-ibc-1000-contenedor-intermedio-de-1000-litros-para-liquidos\/#primaryimage","url":"https:\/\/ibc.ee\/wp-content\/uploads\/2018\/06\/NewCube-IBC-1000-Container-for-General-Liquid-Storage.jpg","contentUrl":"https:\/\/ibc.ee\/wp-content\/uploads\/2018\/06\/NewCube-IBC-1000-Container-for-General-Liquid-Storage.jpg","width":1000,"height":1000,"caption":"NewCube IBC 1000 \u2013 Intermediate bulk 1000L container"},{"@type":"BreadcrumbList","@id":"https:\/\/ibc.ee\/es\/producto\/newcube-ibc-1000-contenedor-intermedio-de-1000-litros-para-liquidos\/#breadcrumb","itemListElement":[{"@type":"ListItem","position":1,"name":"\u0413\u043b\u0430\u0432\u043d\u0430\u044f \u0441\u0442\u0440\u0430\u043d\u0438\u0446\u0430","item":"https:\/\/www.ibc.ee\/es\/"},{"@type":"ListItem","position":2,"name":"Tienda","item":"https:\/\/www.ibc.ee\/es\/tienda\/"},{"@type":"ListItem","position":3,"name":"NewCube IBC 1000 \u2013 Contenedor intermedio de 1000 litros para l\u00edquidos"}]},{"@type":"WebSite","@id":"https:\/\/www.ibc.ee\/es\/#website","url":"https:\/\/www.ibc.ee\/es\/","name":"IBC konteineri m&uuml;&uuml;k, vaadid, kraanid, mahutid","description":"IBC - Tank container valve, Adapters\\fittings, Intermediate bulk, container, Drums\/cans","potentialAction":[{"@type":"SearchAction","target":{"@type":"EntryPoint","urlTemplate":"https:\/\/www.ibc.ee\/es\/?s={search_term_string}"},"query-input":{"@type":"PropertyValueSpecification","valueRequired":true,"valueName":"search_term_string"}}],"inLanguage":"es"}]}},"_links":{"self":[{"href":"https:\/\/ibc.ee\/es\/wp-json\/wp\/v2\/product\/18504","targetHints":{"allow":["GET"]}}],"collection":[{"href":"https:\/\/ibc.ee\/es\/wp-json\/wp\/v2\/product"}],"about":[{"href":"https:\/\/ibc.ee\/es\/wp-json\/wp\/v2\/types\/product"}],"wp:featuredmedia":[{"embeddable":true,"href":"https:\/\/ibc.ee\/es\/wp-json\/wp\/v2\/media\/24272"}],"wp:attachment":[{"href":"https:\/\/ibc.ee\/es\/wp-json\/wp\/v2\/media?parent=18504"}],"wp:term":[{"taxonomy":"product_brand","embeddable":true,"href":"https:\/\/ibc.ee\/es\/wp-json\/wp\/v2\/product_brand?post=18504"},{"taxonomy":"product_cat","embeddable":true,"href":"https:\/\/ibc.ee\/es\/wp-json\/wp\/v2\/product_cat?post=18504"},{"taxonomy":"product_tag","embeddable":true,"href":"https:\/\/ibc.ee\/es\/wp-json\/wp\/v2\/product_tag?post=18504"}],"curies":[{"name":"wp","href":"https:\/\/api.w.org\/{rel}","templated":true}]}}