{"id":18512,"date":"2019-04-15T14:04:02","date_gmt":"2019-04-15T12:04:02","guid":{"rendered":"https:\/\/www.ibc.ee\/product\/contenedor-a-granel-intermedio-ibc-640l-500l-b\/"},"modified":"2025-07-10T13:41:31","modified_gmt":"2025-07-10T11:41:31","slug":"techcube-ibc-640-deposito-ibc-de-640l-reacondicionado-y-lavado","status":"publish","type":"product","link":"https:\/\/ibc.ee\/es\/producto\/techcube-ibc-640-deposito-ibc-de-640l-reacondicionado-y-lavado\/","title":{"rendered":"TechCube IBC 640 \u2013 Dep\u00f3sito IBC de 640L Reacondicionado y Lavado"},"content":{"rendered":"<p><strong>Aplicaciones comunes:<\/strong><br \/>\n&#8211; L\u00edquidos t\u00e9cnicos: detergentes, soluciones no corrosivas, aguas de enjuague industriales<br \/>\n&#8211; Agricultura: agua de riego, t\u00e9 de compost, fertilizantes l\u00edquidos (no para consumo humano)<br \/>\n&#8211; Construcci\u00f3n: recogida de aguas residuales, limpieza de herramientas, agua de lavado de cemento<br \/>\n&#8211; Uso dom\u00e9stico y jard\u00edn: recolecci\u00f3n de agua de lluvia, aguas grises, estaciones de lavado exteriores<br \/>\n&#8211; Proyectos DIY: sistemas de agua port\u00e1tiles, almacenamiento de agua de emergencia<\/p>\n<p><strong>Nota sobre certificaciones:<\/strong><br \/>\nEste contenedor no est\u00e1 certificado para productos peligrosos ni para contacto alimentario. No apto para agua potable, alimentos ni sustancias farmac\u00e9uticas. <\/p>\n","protected":false},"excerpt":{"rendered":"<p>TechCube IBC 640 es un contenedor intermedio a granel reacondicionado con una capacidad total de 640 litros. Perfecto para quienes buscan una soluci\u00f3n econ\u00f3mica para el almacenamiento de l\u00edquidos en aplicaciones no cr\u00edticas. Este IBC ha sido cuidadosamente lavado y probado para fugas, pero no cuenta con certificaci\u00f3n UN ni FDA, por lo que es ideal para usos t\u00e9cnicos, agr\u00edcolas o dom\u00e9sticos.  <\/p>\n","protected":false},"featured_media":24299,"template":"","meta":[],"product_brand":[],"product_cat":[381],"product_tag":[],"class_list":{"0":"post-18512","1":"product","2":"type-product","3":"status-publish","4":"has-post-thumbnail","6":"product_cat-contenedor-de-granel-intermedio-ibc-640-500-litros","7":"product_shipping_class-containers-es","9":"first","10":"instock","11":"taxable","12":"shipping-taxable","13":"purchasable","14":"product-type-simple"},"yoast_head":"<!-- This site is optimized with the Yoast SEO plugin v26.9 - https:\/\/yoast.com\/product\/yoast-seo-wordpress\/ -->\n<title>TechCube IBC 640 \u2013 Dep\u00f3sito IBC de 640L Reacondicionado y Lavado - IBC konteineri m&uuml;&uuml;k, vaadid, kraanid, mahutid<\/title>\n<meta name=\"description\" content=\"TechCube IBC 640 es un contenedor intermedio a granel reacondicionado con una capacidad total de 640 litros.\" \/>\n<meta name=\"robots\" content=\"index, follow, max-snippet:-1, max-image-preview:large, max-video-preview:-1\" \/>\n<link rel=\"canonical\" href=\"https:\/\/ibc.ee\/es\/producto\/techcube-ibc-640-deposito-ibc-de-640l-reacondicionado-y-lavado\/\" \/>\n<meta property=\"og:locale\" content=\"es_ES\" \/>\n<meta property=\"og:type\" content=\"article\" \/>\n<meta property=\"og:title\" content=\"TechCube IBC 640 \u2013 Dep\u00f3sito IBC de 640L Reacondicionado y Lavado - IBC konteineri m&uuml;&uuml;k, vaadid, kraanid, mahutid\" \/>\n<meta property=\"og:description\" content=\"TechCube IBC 640 es un contenedor intermedio a granel reacondicionado con una capacidad total de 640 litros.\" \/>\n<meta property=\"og:url\" content=\"https:\/\/ibc.ee\/es\/producto\/techcube-ibc-640-deposito-ibc-de-640l-reacondicionado-y-lavado\/\" \/>\n<meta property=\"og:site_name\" content=\"IBC konteineri m&uuml;&uuml;k, vaadid, kraanid, mahutid\" \/>\n<meta property=\"article:modified_time\" content=\"2025-07-10T11:41:31+00:00\" \/>\n<meta property=\"og:image\" content=\"https:\/\/ibc.ee\/wp-content\/uploads\/2019\/04\/Used-1000l-IBC-container.jpg\" \/>\n\t<meta property=\"og:image:width\" content=\"1000\" \/>\n\t<meta property=\"og:image:height\" content=\"1000\" \/>\n\t<meta property=\"og:image:type\" content=\"image\/jpeg\" \/>\n<meta name=\"twitter:card\" content=\"summary_large_image\" \/>\n<meta name=\"twitter:label1\" content=\"Tiempo de lectura\" \/>\n\t<meta name=\"twitter:data1\" content=\"1 minuto\" \/>\n<script type=\"application\/ld+json\" class=\"yoast-schema-graph\">{\"@context\":\"https:\/\/schema.org\",\"@graph\":[{\"@type\":\"WebPage\",\"@id\":\"https:\/\/ibc.ee\/es\/producto\/techcube-ibc-640-deposito-ibc-de-640l-reacondicionado-y-lavado\/\",\"url\":\"https:\/\/ibc.ee\/es\/producto\/techcube-ibc-640-deposito-ibc-de-640l-reacondicionado-y-lavado\/\",\"name\":\"TechCube IBC 640 \u2013 Dep\u00f3sito IBC de 640L Reacondicionado y Lavado - IBC konteineri m&uuml;&uuml;k, vaadid, kraanid, mahutid\",\"isPartOf\":{\"@id\":\"https:\/\/www.ibc.ee\/es\/#website\"},\"primaryImageOfPage\":{\"@id\":\"https:\/\/ibc.ee\/es\/producto\/techcube-ibc-640-deposito-ibc-de-640l-reacondicionado-y-lavado\/#primaryimage\"},\"image\":{\"@id\":\"https:\/\/ibc.ee\/es\/producto\/techcube-ibc-640-deposito-ibc-de-640l-reacondicionado-y-lavado\/#primaryimage\"},\"thumbnailUrl\":\"https:\/\/ibc.ee\/wp-content\/uploads\/2019\/04\/Used-1000l-IBC-container.jpg\",\"datePublished\":\"2019-04-15T12:04:02+00:00\",\"dateModified\":\"2025-07-10T11:41:31+00:00\",\"description\":\"TechCube IBC 640 es un contenedor intermedio a granel reacondicionado con una capacidad total de 640 litros.\",\"breadcrumb\":{\"@id\":\"https:\/\/ibc.ee\/es\/producto\/techcube-ibc-640-deposito-ibc-de-640l-reacondicionado-y-lavado\/#breadcrumb\"},\"inLanguage\":\"es\",\"potentialAction\":[{\"@type\":\"ReadAction\",\"target\":[\"https:\/\/ibc.ee\/es\/producto\/techcube-ibc-640-deposito-ibc-de-640l-reacondicionado-y-lavado\/\"]}]},{\"@type\":\"ImageObject\",\"inLanguage\":\"es\",\"@id\":\"https:\/\/ibc.ee\/es\/producto\/techcube-ibc-640-deposito-ibc-de-640l-reacondicionado-y-lavado\/#primaryimage\",\"url\":\"https:\/\/ibc.ee\/wp-content\/uploads\/2019\/04\/Used-1000l-IBC-container.jpg\",\"contentUrl\":\"https:\/\/ibc.ee\/wp-content\/uploads\/2019\/04\/Used-1000l-IBC-container.jpg\",\"width\":1000,\"height\":1000,\"caption\":\"TechCube IBC 640 \u2013 Reconditioned 640L IBC Container\"},{\"@type\":\"BreadcrumbList\",\"@id\":\"https:\/\/ibc.ee\/es\/producto\/techcube-ibc-640-deposito-ibc-de-640l-reacondicionado-y-lavado\/#breadcrumb\",\"itemListElement\":[{\"@type\":\"ListItem\",\"position\":1,\"name\":\"\u0413\u043b\u0430\u0432\u043d\u0430\u044f \u0441\u0442\u0440\u0430\u043d\u0438\u0446\u0430\",\"item\":\"https:\/\/www.ibc.ee\/es\/\"},{\"@type\":\"ListItem\",\"position\":2,\"name\":\"Tienda\",\"item\":\"https:\/\/www.ibc.ee\/es\/tienda\/\"},{\"@type\":\"ListItem\",\"position\":3,\"name\":\"TechCube IBC 640 \u2013 Dep\u00f3sito IBC de 640L Reacondicionado y Lavado\"}]},{\"@type\":\"WebSite\",\"@id\":\"https:\/\/www.ibc.ee\/es\/#website\",\"url\":\"https:\/\/www.ibc.ee\/es\/\",\"name\":\"IBC konteineri m&uuml;&uuml;k, vaadid, kraanid, mahutid\",\"description\":\"IBC - Tank container valve, Adapters\\\\fittings, Intermediate bulk, container, Drums\/cans\",\"potentialAction\":[{\"@type\":\"SearchAction\",\"target\":{\"@type\":\"EntryPoint\",\"urlTemplate\":\"https:\/\/www.ibc.ee\/es\/?s={search_term_string}\"},\"query-input\":{\"@type\":\"PropertyValueSpecification\",\"valueRequired\":true,\"valueName\":\"search_term_string\"}}],\"inLanguage\":\"es\"}]}<\/script>\n<!-- \/ Yoast SEO plugin. -->","yoast_head_json":{"title":"TechCube IBC 640 \u2013 Dep\u00f3sito IBC de 640L Reacondicionado y Lavado - IBC konteineri m&uuml;&uuml;k, vaadid, kraanid, mahutid","description":"TechCube IBC 640 es un contenedor intermedio a granel reacondicionado con una capacidad total de 640 litros.","robots":{"index":"index","follow":"follow","max-snippet":"max-snippet:-1","max-image-preview":"max-image-preview:large","max-video-preview":"max-video-preview:-1"},"canonical":"https:\/\/ibc.ee\/es\/producto\/techcube-ibc-640-deposito-ibc-de-640l-reacondicionado-y-lavado\/","og_locale":"es_ES","og_type":"article","og_title":"TechCube IBC 640 \u2013 Dep\u00f3sito IBC de 640L Reacondicionado y Lavado - IBC konteineri m&uuml;&uuml;k, vaadid, kraanid, mahutid","og_description":"TechCube IBC 640 es un contenedor intermedio a granel reacondicionado con una capacidad total de 640 litros.","og_url":"https:\/\/ibc.ee\/es\/producto\/techcube-ibc-640-deposito-ibc-de-640l-reacondicionado-y-lavado\/","og_site_name":"IBC konteineri m&uuml;&uuml;k, vaadid, kraanid, mahutid","article_modified_time":"2025-07-10T11:41:31+00:00","og_image":[{"width":1000,"height":1000,"url":"https:\/\/ibc.ee\/wp-content\/uploads\/2019\/04\/Used-1000l-IBC-container.jpg","type":"image\/jpeg"}],"twitter_card":"summary_large_image","twitter_misc":{"Tiempo de lectura":"1 minuto"},"schema":{"@context":"https:\/\/schema.org","@graph":[{"@type":"WebPage","@id":"https:\/\/ibc.ee\/es\/producto\/techcube-ibc-640-deposito-ibc-de-640l-reacondicionado-y-lavado\/","url":"https:\/\/ibc.ee\/es\/producto\/techcube-ibc-640-deposito-ibc-de-640l-reacondicionado-y-lavado\/","name":"TechCube IBC 640 \u2013 Dep\u00f3sito IBC de 640L Reacondicionado y Lavado - IBC konteineri m&uuml;&uuml;k, vaadid, kraanid, mahutid","isPartOf":{"@id":"https:\/\/www.ibc.ee\/es\/#website"},"primaryImageOfPage":{"@id":"https:\/\/ibc.ee\/es\/producto\/techcube-ibc-640-deposito-ibc-de-640l-reacondicionado-y-lavado\/#primaryimage"},"image":{"@id":"https:\/\/ibc.ee\/es\/producto\/techcube-ibc-640-deposito-ibc-de-640l-reacondicionado-y-lavado\/#primaryimage"},"thumbnailUrl":"https:\/\/ibc.ee\/wp-content\/uploads\/2019\/04\/Used-1000l-IBC-container.jpg","datePublished":"2019-04-15T12:04:02+00:00","dateModified":"2025-07-10T11:41:31+00:00","description":"TechCube IBC 640 es un contenedor intermedio a granel reacondicionado con una capacidad total de 640 litros.","breadcrumb":{"@id":"https:\/\/ibc.ee\/es\/producto\/techcube-ibc-640-deposito-ibc-de-640l-reacondicionado-y-lavado\/#breadcrumb"},"inLanguage":"es","potentialAction":[{"@type":"ReadAction","target":["https:\/\/ibc.ee\/es\/producto\/techcube-ibc-640-deposito-ibc-de-640l-reacondicionado-y-lavado\/"]}]},{"@type":"ImageObject","inLanguage":"es","@id":"https:\/\/ibc.ee\/es\/producto\/techcube-ibc-640-deposito-ibc-de-640l-reacondicionado-y-lavado\/#primaryimage","url":"https:\/\/ibc.ee\/wp-content\/uploads\/2019\/04\/Used-1000l-IBC-container.jpg","contentUrl":"https:\/\/ibc.ee\/wp-content\/uploads\/2019\/04\/Used-1000l-IBC-container.jpg","width":1000,"height":1000,"caption":"TechCube IBC 640 \u2013 Reconditioned 640L IBC Container"},{"@type":"BreadcrumbList","@id":"https:\/\/ibc.ee\/es\/producto\/techcube-ibc-640-deposito-ibc-de-640l-reacondicionado-y-lavado\/#breadcrumb","itemListElement":[{"@type":"ListItem","position":1,"name":"\u0413\u043b\u0430\u0432\u043d\u0430\u044f \u0441\u0442\u0440\u0430\u043d\u0438\u0446\u0430","item":"https:\/\/www.ibc.ee\/es\/"},{"@type":"ListItem","position":2,"name":"Tienda","item":"https:\/\/www.ibc.ee\/es\/tienda\/"},{"@type":"ListItem","position":3,"name":"TechCube IBC 640 \u2013 Dep\u00f3sito IBC de 640L Reacondicionado y Lavado"}]},{"@type":"WebSite","@id":"https:\/\/www.ibc.ee\/es\/#website","url":"https:\/\/www.ibc.ee\/es\/","name":"IBC konteineri m&uuml;&uuml;k, vaadid, kraanid, mahutid","description":"IBC - Tank container valve, Adapters\\fittings, Intermediate bulk, container, Drums\/cans","potentialAction":[{"@type":"SearchAction","target":{"@type":"EntryPoint","urlTemplate":"https:\/\/www.ibc.ee\/es\/?s={search_term_string}"},"query-input":{"@type":"PropertyValueSpecification","valueRequired":true,"valueName":"search_term_string"}}],"inLanguage":"es"}]}},"_links":{"self":[{"href":"https:\/\/ibc.ee\/es\/wp-json\/wp\/v2\/product\/18512","targetHints":{"allow":["GET"]}}],"collection":[{"href":"https:\/\/ibc.ee\/es\/wp-json\/wp\/v2\/product"}],"about":[{"href":"https:\/\/ibc.ee\/es\/wp-json\/wp\/v2\/types\/product"}],"wp:featuredmedia":[{"embeddable":true,"href":"https:\/\/ibc.ee\/es\/wp-json\/wp\/v2\/media\/24299"}],"wp:attachment":[{"href":"https:\/\/ibc.ee\/es\/wp-json\/wp\/v2\/media?parent=18512"}],"wp:term":[{"taxonomy":"product_brand","embeddable":true,"href":"https:\/\/ibc.ee\/es\/wp-json\/wp\/v2\/product_brand?post=18512"},{"taxonomy":"product_cat","embeddable":true,"href":"https:\/\/ibc.ee\/es\/wp-json\/wp\/v2\/product_cat?post=18512"},{"taxonomy":"product_tag","embeddable":true,"href":"https:\/\/ibc.ee\/es\/wp-json\/wp\/v2\/product_tag?post=18512"}],"curies":[{"name":"wp","href":"https:\/\/api.w.org\/{rel}","templated":true}]}}