{"id":18515,"date":"2019-04-24T10:38:48","date_gmt":"2019-04-24T08:38:48","guid":{"rendered":"https:\/\/www.ibc.ee\/product\/contenedor-a-granel-intermedio-ibc-640l-500l-b-2\/"},"modified":"2025-06-26T14:43:15","modified_gmt":"2025-06-26T12:43:15","slug":"contenedor-a-granel-intermedio-ibc-640l-500l-b-2","status":"publish","type":"product","link":"https:\/\/ibc.ee\/es\/producto\/contenedor-a-granel-intermedio-ibc-640l-500l-b-2\/","title":{"rendered":"Contenedor a granel intermedio IBC 640l \/ 500l B"},"content":{"rendered":"","protected":false},"excerpt":{"rendered":"<p>Podemos ofrecer un recipiente lavado.<br \/>\nContenedor para diesel<br \/>\nRecipiente para beber agua<br \/>\nRecipiente para alimentos<\/p>\n<p>Recipiente en los palets de pl\u00e1stico. Todos los dep\u00f3sitos con la gr\u00faa de trabajo debajo, tienen una escala de medici\u00f3n y hay una cubierta ancha desde arriba.<br \/>\nContenedor tiene un marco de metal.<\/p>\n<p>Dimensiones 1200x800x1000 Volumen nominal 640 lit. Peso 46 kg<\/p>\n","protected":false},"featured_media":18516,"template":"","meta":[],"product_brand":[],"product_cat":[381],"product_tag":[],"class_list":{"0":"post-18515","1":"product","2":"type-product","3":"status-publish","4":"has-post-thumbnail","6":"product_cat-contenedor-de-granel-intermedio-ibc-640-500-litros","7":"product_shipping_class-containers-es","9":"first","10":"onbackorder","11":"taxable","12":"shipping-taxable","13":"purchasable","14":"product-type-simple"},"yoast_head":"<!-- This site is optimized with the Yoast SEO plugin v26.9 - https:\/\/yoast.com\/product\/yoast-seo-wordpress\/ -->\n<title>Contenedor a granel intermedio IBC 640l \/ 500l B - IBC konteineri m&uuml;&uuml;k, vaadid, kraanid, mahutid<\/title>\n<meta name=\"robots\" content=\"index, follow, max-snippet:-1, max-image-preview:large, max-video-preview:-1\" \/>\n<link rel=\"canonical\" href=\"https:\/\/ibc.ee\/es\/producto\/contenedor-a-granel-intermedio-ibc-640l-500l-b-2\/\" \/>\n<meta property=\"og:locale\" content=\"es_ES\" \/>\n<meta property=\"og:type\" content=\"article\" \/>\n<meta property=\"og:title\" content=\"Contenedor a granel intermedio IBC 640l \/ 500l B - IBC konteineri m&uuml;&uuml;k, vaadid, kraanid, mahutid\" \/>\n<meta property=\"og:description\" content=\"Podemos ofrecer un recipiente lavado. Contenedor para diesel Recipiente para beber agua Recipiente para alimentos  Recipiente en los palets de pl\u00e1stico. Todos los dep\u00f3sitos con la gr\u00faa de trabajo debajo, tienen una escala de medici\u00f3n y hay una cubierta ancha desde arriba. Contenedor tiene un marco de metal.  Dimensiones 1200x800x1000 Volumen nominal 640 lit. Peso 46 kg\" \/>\n<meta property=\"og:url\" content=\"https:\/\/ibc.ee\/es\/producto\/contenedor-a-granel-intermedio-ibc-640l-500l-b-2\/\" \/>\n<meta property=\"og:site_name\" content=\"IBC konteineri m&uuml;&uuml;k, vaadid, kraanid, mahutid\" \/>\n<meta property=\"article:modified_time\" content=\"2025-06-26T12:43:15+00:00\" \/>\n<meta property=\"og:image\" content=\"https:\/\/ibc.ee\/wp-content\/uploads\/2019\/04\/20190405_135914bgWM.jpg\" \/>\n\t<meta property=\"og:image:width\" content=\"1000\" \/>\n\t<meta property=\"og:image:height\" content=\"758\" \/>\n\t<meta property=\"og:image:type\" content=\"image\/jpeg\" \/>\n<meta name=\"twitter:card\" content=\"summary_large_image\" \/>\n<meta name=\"twitter:label1\" content=\"Tiempo de lectura\" \/>\n\t<meta name=\"twitter:data1\" content=\"1 minuto\" \/>\n<script type=\"application\/ld+json\" class=\"yoast-schema-graph\">{\"@context\":\"https:\/\/schema.org\",\"@graph\":[{\"@type\":\"WebPage\",\"@id\":\"https:\/\/ibc.ee\/es\/producto\/contenedor-a-granel-intermedio-ibc-640l-500l-b-2\/\",\"url\":\"https:\/\/ibc.ee\/es\/producto\/contenedor-a-granel-intermedio-ibc-640l-500l-b-2\/\",\"name\":\"Contenedor a granel intermedio IBC 640l \/ 500l B - IBC konteineri m&uuml;&uuml;k, vaadid, kraanid, mahutid\",\"isPartOf\":{\"@id\":\"https:\/\/www.ibc.ee\/es\/#website\"},\"primaryImageOfPage\":{\"@id\":\"https:\/\/ibc.ee\/es\/producto\/contenedor-a-granel-intermedio-ibc-640l-500l-b-2\/#primaryimage\"},\"image\":{\"@id\":\"https:\/\/ibc.ee\/es\/producto\/contenedor-a-granel-intermedio-ibc-640l-500l-b-2\/#primaryimage\"},\"thumbnailUrl\":\"https:\/\/ibc.ee\/wp-content\/uploads\/2019\/04\/20190405_135914bgWM.jpg\",\"datePublished\":\"2019-04-24T08:38:48+00:00\",\"dateModified\":\"2025-06-26T12:43:15+00:00\",\"breadcrumb\":{\"@id\":\"https:\/\/ibc.ee\/es\/producto\/contenedor-a-granel-intermedio-ibc-640l-500l-b-2\/#breadcrumb\"},\"inLanguage\":\"es\",\"potentialAction\":[{\"@type\":\"ReadAction\",\"target\":[\"https:\/\/ibc.ee\/es\/producto\/contenedor-a-granel-intermedio-ibc-640l-500l-b-2\/\"]}]},{\"@type\":\"ImageObject\",\"inLanguage\":\"es\",\"@id\":\"https:\/\/ibc.ee\/es\/producto\/contenedor-a-granel-intermedio-ibc-640l-500l-b-2\/#primaryimage\",\"url\":\"https:\/\/ibc.ee\/wp-content\/uploads\/2019\/04\/20190405_135914bgWM.jpg\",\"contentUrl\":\"https:\/\/ibc.ee\/wp-content\/uploads\/2019\/04\/20190405_135914bgWM.jpg\",\"width\":1000,\"height\":758,\"caption\":\"Intermediate bulk container IBC 640l\/500l B\"},{\"@type\":\"BreadcrumbList\",\"@id\":\"https:\/\/ibc.ee\/es\/producto\/contenedor-a-granel-intermedio-ibc-640l-500l-b-2\/#breadcrumb\",\"itemListElement\":[{\"@type\":\"ListItem\",\"position\":1,\"name\":\"\u0413\u043b\u0430\u0432\u043d\u0430\u044f \u0441\u0442\u0440\u0430\u043d\u0438\u0446\u0430\",\"item\":\"https:\/\/www.ibc.ee\/es\/\"},{\"@type\":\"ListItem\",\"position\":2,\"name\":\"Tienda\",\"item\":\"https:\/\/www.ibc.ee\/es\/tienda\/\"},{\"@type\":\"ListItem\",\"position\":3,\"name\":\"Contenedor a granel intermedio IBC 640l \/ 500l B\"}]},{\"@type\":\"WebSite\",\"@id\":\"https:\/\/www.ibc.ee\/es\/#website\",\"url\":\"https:\/\/www.ibc.ee\/es\/\",\"name\":\"IBC konteineri m&uuml;&uuml;k, vaadid, kraanid, mahutid\",\"description\":\"IBC - Tank container valve, Adapters\\\\fittings, Intermediate bulk, container, Drums\/cans\",\"potentialAction\":[{\"@type\":\"SearchAction\",\"target\":{\"@type\":\"EntryPoint\",\"urlTemplate\":\"https:\/\/www.ibc.ee\/es\/?s={search_term_string}\"},\"query-input\":{\"@type\":\"PropertyValueSpecification\",\"valueRequired\":true,\"valueName\":\"search_term_string\"}}],\"inLanguage\":\"es\"}]}<\/script>\n<!-- \/ Yoast SEO plugin. -->","yoast_head_json":{"title":"Contenedor a granel intermedio IBC 640l \/ 500l B - IBC konteineri m&uuml;&uuml;k, vaadid, kraanid, mahutid","robots":{"index":"index","follow":"follow","max-snippet":"max-snippet:-1","max-image-preview":"max-image-preview:large","max-video-preview":"max-video-preview:-1"},"canonical":"https:\/\/ibc.ee\/es\/producto\/contenedor-a-granel-intermedio-ibc-640l-500l-b-2\/","og_locale":"es_ES","og_type":"article","og_title":"Contenedor a granel intermedio IBC 640l \/ 500l B - IBC konteineri m&uuml;&uuml;k, vaadid, kraanid, mahutid","og_description":"Podemos ofrecer un recipiente lavado. Contenedor para diesel Recipiente para beber agua Recipiente para alimentos  Recipiente en los palets de pl\u00e1stico. Todos los dep\u00f3sitos con la gr\u00faa de trabajo debajo, tienen una escala de medici\u00f3n y hay una cubierta ancha desde arriba. Contenedor tiene un marco de metal.  Dimensiones 1200x800x1000 Volumen nominal 640 lit. Peso 46 kg","og_url":"https:\/\/ibc.ee\/es\/producto\/contenedor-a-granel-intermedio-ibc-640l-500l-b-2\/","og_site_name":"IBC konteineri m&uuml;&uuml;k, vaadid, kraanid, mahutid","article_modified_time":"2025-06-26T12:43:15+00:00","og_image":[{"width":1000,"height":758,"url":"https:\/\/ibc.ee\/wp-content\/uploads\/2019\/04\/20190405_135914bgWM.jpg","type":"image\/jpeg"}],"twitter_card":"summary_large_image","twitter_misc":{"Tiempo de lectura":"1 minuto"},"schema":{"@context":"https:\/\/schema.org","@graph":[{"@type":"WebPage","@id":"https:\/\/ibc.ee\/es\/producto\/contenedor-a-granel-intermedio-ibc-640l-500l-b-2\/","url":"https:\/\/ibc.ee\/es\/producto\/contenedor-a-granel-intermedio-ibc-640l-500l-b-2\/","name":"Contenedor a granel intermedio IBC 640l \/ 500l B - IBC konteineri m&uuml;&uuml;k, vaadid, kraanid, mahutid","isPartOf":{"@id":"https:\/\/www.ibc.ee\/es\/#website"},"primaryImageOfPage":{"@id":"https:\/\/ibc.ee\/es\/producto\/contenedor-a-granel-intermedio-ibc-640l-500l-b-2\/#primaryimage"},"image":{"@id":"https:\/\/ibc.ee\/es\/producto\/contenedor-a-granel-intermedio-ibc-640l-500l-b-2\/#primaryimage"},"thumbnailUrl":"https:\/\/ibc.ee\/wp-content\/uploads\/2019\/04\/20190405_135914bgWM.jpg","datePublished":"2019-04-24T08:38:48+00:00","dateModified":"2025-06-26T12:43:15+00:00","breadcrumb":{"@id":"https:\/\/ibc.ee\/es\/producto\/contenedor-a-granel-intermedio-ibc-640l-500l-b-2\/#breadcrumb"},"inLanguage":"es","potentialAction":[{"@type":"ReadAction","target":["https:\/\/ibc.ee\/es\/producto\/contenedor-a-granel-intermedio-ibc-640l-500l-b-2\/"]}]},{"@type":"ImageObject","inLanguage":"es","@id":"https:\/\/ibc.ee\/es\/producto\/contenedor-a-granel-intermedio-ibc-640l-500l-b-2\/#primaryimage","url":"https:\/\/ibc.ee\/wp-content\/uploads\/2019\/04\/20190405_135914bgWM.jpg","contentUrl":"https:\/\/ibc.ee\/wp-content\/uploads\/2019\/04\/20190405_135914bgWM.jpg","width":1000,"height":758,"caption":"Intermediate bulk container IBC 640l\/500l B"},{"@type":"BreadcrumbList","@id":"https:\/\/ibc.ee\/es\/producto\/contenedor-a-granel-intermedio-ibc-640l-500l-b-2\/#breadcrumb","itemListElement":[{"@type":"ListItem","position":1,"name":"\u0413\u043b\u0430\u0432\u043d\u0430\u044f \u0441\u0442\u0440\u0430\u043d\u0438\u0446\u0430","item":"https:\/\/www.ibc.ee\/es\/"},{"@type":"ListItem","position":2,"name":"Tienda","item":"https:\/\/www.ibc.ee\/es\/tienda\/"},{"@type":"ListItem","position":3,"name":"Contenedor a granel intermedio IBC 640l \/ 500l B"}]},{"@type":"WebSite","@id":"https:\/\/www.ibc.ee\/es\/#website","url":"https:\/\/www.ibc.ee\/es\/","name":"IBC konteineri m&uuml;&uuml;k, vaadid, kraanid, mahutid","description":"IBC - Tank container valve, Adapters\\fittings, Intermediate bulk, container, Drums\/cans","potentialAction":[{"@type":"SearchAction","target":{"@type":"EntryPoint","urlTemplate":"https:\/\/www.ibc.ee\/es\/?s={search_term_string}"},"query-input":{"@type":"PropertyValueSpecification","valueRequired":true,"valueName":"search_term_string"}}],"inLanguage":"es"}]}},"_links":{"self":[{"href":"https:\/\/ibc.ee\/es\/wp-json\/wp\/v2\/product\/18515","targetHints":{"allow":["GET"]}}],"collection":[{"href":"https:\/\/ibc.ee\/es\/wp-json\/wp\/v2\/product"}],"about":[{"href":"https:\/\/ibc.ee\/es\/wp-json\/wp\/v2\/types\/product"}],"wp:featuredmedia":[{"embeddable":true,"href":"https:\/\/ibc.ee\/es\/wp-json\/wp\/v2\/media\/18516"}],"wp:attachment":[{"href":"https:\/\/ibc.ee\/es\/wp-json\/wp\/v2\/media?parent=18515"}],"wp:term":[{"taxonomy":"product_brand","embeddable":true,"href":"https:\/\/ibc.ee\/es\/wp-json\/wp\/v2\/product_brand?post=18515"},{"taxonomy":"product_cat","embeddable":true,"href":"https:\/\/ibc.ee\/es\/wp-json\/wp\/v2\/product_cat?post=18515"},{"taxonomy":"product_tag","embeddable":true,"href":"https:\/\/ibc.ee\/es\/wp-json\/wp\/v2\/product_tag?post=18515"}],"curies":[{"name":"wp","href":"https:\/\/api.w.org\/{rel}","templated":true}]}}