{"id":18557,"date":"2019-05-13T11:47:02","date_gmt":"2019-05-13T09:47:02","guid":{"rendered":"https:\/\/www.ibc.ee\/product\/adaptador-para-contenedor-ibc-2-con-valvula-3%e2%81%844-para-jardin-de-tuberia-pipe-tap\/"},"modified":"2019-05-13T11:47:02","modified_gmt":"2019-05-13T09:47:02","slug":"adaptador-para-contenedor-ibc-2-con-valvula-3%e2%81%844-para-jardin-de-tuberia-pipe-tap","status":"publish","type":"product","link":"https:\/\/ibc.ee\/es\/producto\/adaptador-para-contenedor-ibc-2-con-valvula-3%e2%81%844-para-jardin-de-tuberia-pipe-tap\/","title":{"rendered":"Adaptador para contenedor IBC 2 \u00abcon v\u00e1lvula 3\u20444 \u00bb para jard\u00edn de tuber\u00eda Pipe Tap"},"content":{"rendered":"<p>V\u00e1lvula S60X6 hembra de 3 &#8216;4 \u00bb Pipe Tap garden 1 \u00bb Nuestra tienda ofrece este adaptador para conectar el contenedor de agua al sistema de conexi\u00f3n r\u00e1pida Pipe Tap garden. Para el adaptador lateral del contenedor IBC, tenga rosca S60X6, v\u00e1lvula de 3\u20444 \u00bb y en el otro lado, manguera de jard\u00edn de conexi\u00f3n r\u00e1pida Pipe Tap.<\/p>\n","protected":false},"excerpt":{"rendered":"<p>V\u00e1lvula S60X6 hembra de 3 &#8216;4 \u00bb Pipe Tap garden 1 \u00bb Nuestra tienda ofrece este adaptador para conectar el contenedor de agua al sistema de conexi\u00f3n r\u00e1pida Pipe Tap garden. Para el adaptador lateral del contenedor IBC, tenga rosca S60X6, v\u00e1lvula de 3\u20444 \u00bb y en el otro lado, manguera de jard\u00edn de conexi\u00f3n [&hellip;]<\/p>\n","protected":false},"featured_media":18560,"template":"","meta":[],"product_brand":[],"product_cat":[378,383],"product_tag":[],"class_list":{"0":"post-18557","1":"product","2":"type-product","3":"status-publish","4":"has-post-thumbnail","6":"product_cat-adaptadores-y-accesorios-para-contenedor-ibc","7":"product_cat-valvula-contenedor-de-contenedor-para-contenedor-ibc","8":"product_shipping_class-omniva-es","10":"first","11":"instock","12":"taxable","13":"shipping-taxable","14":"purchasable","15":"product-type-simple"},"yoast_head":"<!-- This site is optimized with the Yoast SEO plugin v26.9 - https:\/\/yoast.com\/product\/yoast-seo-wordpress\/ -->\n<title>Adaptador para contenedor IBC 2 &quot;con v\u00e1lvula 3\u20444 &#039;&#039; para jard\u00edn de tuber\u00eda Pipe Tap - IBC konteineri m&uuml;&uuml;k, vaadid, kraanid, mahutid<\/title>\n<meta name=\"robots\" content=\"index, follow, max-snippet:-1, max-image-preview:large, max-video-preview:-1\" \/>\n<link rel=\"canonical\" href=\"https:\/\/ibc.ee\/es\/producto\/adaptador-para-contenedor-ibc-2-con-valvula-3%e2%81%844-para-jardin-de-tuberia-pipe-tap\/\" \/>\n<meta property=\"og:locale\" content=\"es_ES\" \/>\n<meta property=\"og:type\" content=\"article\" \/>\n<meta property=\"og:title\" content=\"Adaptador para contenedor IBC 2 &quot;con v\u00e1lvula 3\u20444 &#039;&#039; para jard\u00edn de tuber\u00eda Pipe Tap - IBC konteineri m&uuml;&uuml;k, vaadid, kraanid, mahutid\" \/>\n<meta property=\"og:description\" content=\"V\u00e1lvula S60X6 hembra de 3 &#8216;4 \u00bb Pipe Tap garden 1 \u00bb Nuestra tienda ofrece este adaptador para conectar el contenedor de agua al sistema de conexi\u00f3n r\u00e1pida Pipe Tap garden. Para el adaptador lateral del contenedor IBC, tenga rosca S60X6, v\u00e1lvula de 3\u20444 \u00bb y en el otro lado, manguera de jard\u00edn de conexi\u00f3n [&hellip;]\" \/>\n<meta property=\"og:url\" content=\"https:\/\/ibc.ee\/es\/producto\/adaptador-para-contenedor-ibc-2-con-valvula-3%e2%81%844-para-jardin-de-tuberia-pipe-tap\/\" \/>\n<meta property=\"og:site_name\" content=\"IBC konteineri m&uuml;&uuml;k, vaadid, kraanid, mahutid\" \/>\n<meta property=\"og:image\" content=\"https:\/\/ibc.ee\/wp-content\/uploads\/2019\/05\/P1019951.jpg\" \/>\n\t<meta property=\"og:image:width\" content=\"792\" \/>\n\t<meta property=\"og:image:height\" content=\"724\" \/>\n\t<meta property=\"og:image:type\" content=\"image\/jpeg\" \/>\n<meta name=\"twitter:card\" content=\"summary_large_image\" \/>\n<script type=\"application\/ld+json\" class=\"yoast-schema-graph\">{\"@context\":\"https:\/\/schema.org\",\"@graph\":[{\"@type\":\"WebPage\",\"@id\":\"https:\/\/ibc.ee\/es\/producto\/adaptador-para-contenedor-ibc-2-con-valvula-3%e2%81%844-para-jardin-de-tuberia-pipe-tap\/\",\"url\":\"https:\/\/ibc.ee\/es\/producto\/adaptador-para-contenedor-ibc-2-con-valvula-3%e2%81%844-para-jardin-de-tuberia-pipe-tap\/\",\"name\":\"Adaptador para contenedor IBC 2 \\\"con v\u00e1lvula 3\u20444 '' para jard\u00edn de tuber\u00eda Pipe Tap - IBC konteineri m&uuml;&uuml;k, vaadid, kraanid, mahutid\",\"isPartOf\":{\"@id\":\"https:\/\/www.ibc.ee\/es\/#website\"},\"primaryImageOfPage\":{\"@id\":\"https:\/\/ibc.ee\/es\/producto\/adaptador-para-contenedor-ibc-2-con-valvula-3%e2%81%844-para-jardin-de-tuberia-pipe-tap\/#primaryimage\"},\"image\":{\"@id\":\"https:\/\/ibc.ee\/es\/producto\/adaptador-para-contenedor-ibc-2-con-valvula-3%e2%81%844-para-jardin-de-tuberia-pipe-tap\/#primaryimage\"},\"thumbnailUrl\":\"https:\/\/ibc.ee\/wp-content\/uploads\/2019\/05\/P1019951.jpg\",\"datePublished\":\"2019-05-13T09:47:02+00:00\",\"breadcrumb\":{\"@id\":\"https:\/\/ibc.ee\/es\/producto\/adaptador-para-contenedor-ibc-2-con-valvula-3%e2%81%844-para-jardin-de-tuberia-pipe-tap\/#breadcrumb\"},\"inLanguage\":\"es\",\"potentialAction\":[{\"@type\":\"ReadAction\",\"target\":[\"https:\/\/ibc.ee\/es\/producto\/adaptador-para-contenedor-ibc-2-con-valvula-3%e2%81%844-para-jardin-de-tuberia-pipe-tap\/\"]}]},{\"@type\":\"ImageObject\",\"inLanguage\":\"es\",\"@id\":\"https:\/\/ibc.ee\/es\/producto\/adaptador-para-contenedor-ibc-2-con-valvula-3%e2%81%844-para-jardin-de-tuberia-pipe-tap\/#primaryimage\",\"url\":\"https:\/\/ibc.ee\/wp-content\/uploads\/2019\/05\/P1019951.jpg\",\"contentUrl\":\"https:\/\/ibc.ee\/wp-content\/uploads\/2019\/05\/P1019951.jpg\",\"width\":792,\"height\":724,\"caption\":\"Adapter for IBC container 2\\\" with valve 3\u20444'' for Pipe Tap garden\"},{\"@type\":\"BreadcrumbList\",\"@id\":\"https:\/\/ibc.ee\/es\/producto\/adaptador-para-contenedor-ibc-2-con-valvula-3%e2%81%844-para-jardin-de-tuberia-pipe-tap\/#breadcrumb\",\"itemListElement\":[{\"@type\":\"ListItem\",\"position\":1,\"name\":\"\u0413\u043b\u0430\u0432\u043d\u0430\u044f \u0441\u0442\u0440\u0430\u043d\u0438\u0446\u0430\",\"item\":\"https:\/\/www.ibc.ee\/es\/\"},{\"@type\":\"ListItem\",\"position\":2,\"name\":\"Tienda\",\"item\":\"https:\/\/www.ibc.ee\/es\/tienda\/\"},{\"@type\":\"ListItem\",\"position\":3,\"name\":\"Adaptador para contenedor IBC 2 \u00abcon v\u00e1lvula 3\u20444 \u00bb para jard\u00edn de tuber\u00eda Pipe Tap\"}]},{\"@type\":\"WebSite\",\"@id\":\"https:\/\/www.ibc.ee\/es\/#website\",\"url\":\"https:\/\/www.ibc.ee\/es\/\",\"name\":\"IBC konteineri m&uuml;&uuml;k, vaadid, kraanid, mahutid\",\"description\":\"IBC - Tank container valve, Adapters\\\\fittings, Intermediate bulk, container, Drums\/cans\",\"potentialAction\":[{\"@type\":\"SearchAction\",\"target\":{\"@type\":\"EntryPoint\",\"urlTemplate\":\"https:\/\/www.ibc.ee\/es\/?s={search_term_string}\"},\"query-input\":{\"@type\":\"PropertyValueSpecification\",\"valueRequired\":true,\"valueName\":\"search_term_string\"}}],\"inLanguage\":\"es\"}]}<\/script>\n<!-- \/ Yoast SEO plugin. -->","yoast_head_json":{"title":"Adaptador para contenedor IBC 2 \"con v\u00e1lvula 3\u20444 '' para jard\u00edn de tuber\u00eda Pipe Tap - IBC konteineri m&uuml;&uuml;k, vaadid, kraanid, mahutid","robots":{"index":"index","follow":"follow","max-snippet":"max-snippet:-1","max-image-preview":"max-image-preview:large","max-video-preview":"max-video-preview:-1"},"canonical":"https:\/\/ibc.ee\/es\/producto\/adaptador-para-contenedor-ibc-2-con-valvula-3%e2%81%844-para-jardin-de-tuberia-pipe-tap\/","og_locale":"es_ES","og_type":"article","og_title":"Adaptador para contenedor IBC 2 \"con v\u00e1lvula 3\u20444 '' para jard\u00edn de tuber\u00eda Pipe Tap - IBC konteineri m&uuml;&uuml;k, vaadid, kraanid, mahutid","og_description":"V\u00e1lvula S60X6 hembra de 3 &#8216;4 \u00bb Pipe Tap garden 1 \u00bb Nuestra tienda ofrece este adaptador para conectar el contenedor de agua al sistema de conexi\u00f3n r\u00e1pida Pipe Tap garden. Para el adaptador lateral del contenedor IBC, tenga rosca S60X6, v\u00e1lvula de 3\u20444 \u00bb y en el otro lado, manguera de jard\u00edn de conexi\u00f3n [&hellip;]","og_url":"https:\/\/ibc.ee\/es\/producto\/adaptador-para-contenedor-ibc-2-con-valvula-3%e2%81%844-para-jardin-de-tuberia-pipe-tap\/","og_site_name":"IBC konteineri m&uuml;&uuml;k, vaadid, kraanid, mahutid","og_image":[{"width":792,"height":724,"url":"https:\/\/ibc.ee\/wp-content\/uploads\/2019\/05\/P1019951.jpg","type":"image\/jpeg"}],"twitter_card":"summary_large_image","schema":{"@context":"https:\/\/schema.org","@graph":[{"@type":"WebPage","@id":"https:\/\/ibc.ee\/es\/producto\/adaptador-para-contenedor-ibc-2-con-valvula-3%e2%81%844-para-jardin-de-tuberia-pipe-tap\/","url":"https:\/\/ibc.ee\/es\/producto\/adaptador-para-contenedor-ibc-2-con-valvula-3%e2%81%844-para-jardin-de-tuberia-pipe-tap\/","name":"Adaptador para contenedor IBC 2 \"con v\u00e1lvula 3\u20444 '' para jard\u00edn de tuber\u00eda Pipe Tap - IBC konteineri m&uuml;&uuml;k, vaadid, kraanid, mahutid","isPartOf":{"@id":"https:\/\/www.ibc.ee\/es\/#website"},"primaryImageOfPage":{"@id":"https:\/\/ibc.ee\/es\/producto\/adaptador-para-contenedor-ibc-2-con-valvula-3%e2%81%844-para-jardin-de-tuberia-pipe-tap\/#primaryimage"},"image":{"@id":"https:\/\/ibc.ee\/es\/producto\/adaptador-para-contenedor-ibc-2-con-valvula-3%e2%81%844-para-jardin-de-tuberia-pipe-tap\/#primaryimage"},"thumbnailUrl":"https:\/\/ibc.ee\/wp-content\/uploads\/2019\/05\/P1019951.jpg","datePublished":"2019-05-13T09:47:02+00:00","breadcrumb":{"@id":"https:\/\/ibc.ee\/es\/producto\/adaptador-para-contenedor-ibc-2-con-valvula-3%e2%81%844-para-jardin-de-tuberia-pipe-tap\/#breadcrumb"},"inLanguage":"es","potentialAction":[{"@type":"ReadAction","target":["https:\/\/ibc.ee\/es\/producto\/adaptador-para-contenedor-ibc-2-con-valvula-3%e2%81%844-para-jardin-de-tuberia-pipe-tap\/"]}]},{"@type":"ImageObject","inLanguage":"es","@id":"https:\/\/ibc.ee\/es\/producto\/adaptador-para-contenedor-ibc-2-con-valvula-3%e2%81%844-para-jardin-de-tuberia-pipe-tap\/#primaryimage","url":"https:\/\/ibc.ee\/wp-content\/uploads\/2019\/05\/P1019951.jpg","contentUrl":"https:\/\/ibc.ee\/wp-content\/uploads\/2019\/05\/P1019951.jpg","width":792,"height":724,"caption":"Adapter for IBC container 2\" with valve 3\u20444'' for Pipe Tap garden"},{"@type":"BreadcrumbList","@id":"https:\/\/ibc.ee\/es\/producto\/adaptador-para-contenedor-ibc-2-con-valvula-3%e2%81%844-para-jardin-de-tuberia-pipe-tap\/#breadcrumb","itemListElement":[{"@type":"ListItem","position":1,"name":"\u0413\u043b\u0430\u0432\u043d\u0430\u044f \u0441\u0442\u0440\u0430\u043d\u0438\u0446\u0430","item":"https:\/\/www.ibc.ee\/es\/"},{"@type":"ListItem","position":2,"name":"Tienda","item":"https:\/\/www.ibc.ee\/es\/tienda\/"},{"@type":"ListItem","position":3,"name":"Adaptador para contenedor IBC 2 \u00abcon v\u00e1lvula 3\u20444 \u00bb para jard\u00edn de tuber\u00eda Pipe Tap"}]},{"@type":"WebSite","@id":"https:\/\/www.ibc.ee\/es\/#website","url":"https:\/\/www.ibc.ee\/es\/","name":"IBC konteineri m&uuml;&uuml;k, vaadid, kraanid, mahutid","description":"IBC - Tank container valve, Adapters\\fittings, Intermediate bulk, container, Drums\/cans","potentialAction":[{"@type":"SearchAction","target":{"@type":"EntryPoint","urlTemplate":"https:\/\/www.ibc.ee\/es\/?s={search_term_string}"},"query-input":{"@type":"PropertyValueSpecification","valueRequired":true,"valueName":"search_term_string"}}],"inLanguage":"es"}]}},"_links":{"self":[{"href":"https:\/\/ibc.ee\/es\/wp-json\/wp\/v2\/product\/18557","targetHints":{"allow":["GET"]}}],"collection":[{"href":"https:\/\/ibc.ee\/es\/wp-json\/wp\/v2\/product"}],"about":[{"href":"https:\/\/ibc.ee\/es\/wp-json\/wp\/v2\/types\/product"}],"wp:featuredmedia":[{"embeddable":true,"href":"https:\/\/ibc.ee\/es\/wp-json\/wp\/v2\/media\/18560"}],"wp:attachment":[{"href":"https:\/\/ibc.ee\/es\/wp-json\/wp\/v2\/media?parent=18557"}],"wp:term":[{"taxonomy":"product_brand","embeddable":true,"href":"https:\/\/ibc.ee\/es\/wp-json\/wp\/v2\/product_brand?post=18557"},{"taxonomy":"product_cat","embeddable":true,"href":"https:\/\/ibc.ee\/es\/wp-json\/wp\/v2\/product_cat?post=18557"},{"taxonomy":"product_tag","embeddable":true,"href":"https:\/\/ibc.ee\/es\/wp-json\/wp\/v2\/product_tag?post=18557"}],"curies":[{"name":"wp","href":"https:\/\/api.w.org\/{rel}","templated":true}]}}