{"id":18587,"date":"2018-06-03T19:20:22","date_gmt":"2018-06-03T17:20:22","guid":{"rendered":"https:\/\/www.ibc.ee\/product\/contenedor-contenedor-ibc-1000-litros-75mm-valvula-de-mariposa\/"},"modified":"2018-06-03T19:20:22","modified_gmt":"2018-06-03T17:20:22","slug":"contenedor-contenedor-ibc-1000-litros-75mm-valvula-de-mariposa","status":"publish","type":"product","link":"https:\/\/ibc.ee\/es\/producto\/contenedor-contenedor-ibc-1000-litros-75mm-valvula-de-mariposa\/","title":{"rendered":"Contenedor contenedor IBC 1000 litros 75mm V\u00e1lvula de mariposa"},"content":{"rendered":"<p>Contenedor contenedor IBC 75mm V\u00e1lvula de mariposa<\/p>\n<p>Esta nueva v\u00e1lvula IBC que puede usar para cambiar la v\u00e1lvula antigua o agregar a continuaci\u00f3n tiene ahora. Salida de rosca de 2 pulgadas o 62 mm para conectar a contenedores de graneles intermedios S60X6. Adaptador de manguera de jard\u00edn del tanque IBC Entrada de 75 mm a la salida de la v\u00e1lvula de mariposa macho 2 pulg. Descripci\u00f3n t\u00e9cnica del producto: Material HDPE. Utilizado a temperatura -20 \u2103 ~ +70<\/p>\n<p>Presi\u00f3n de trabajo <0,15 mpa\n\nUso normal hasta 2000 veces.\n<\/p>\n","protected":false},"excerpt":{"rendered":"<p>Contenedor contenedor IBC 75mm V\u00e1lvula de mariposa Esta nueva v\u00e1lvula IBC que puede usar para cambiar la v\u00e1lvula antigua o agregar a continuaci\u00f3n tiene ahora. Salida de rosca de 2 pulgadas o 62 mm para conectar a contenedores de graneles intermedios S60X6. Adaptador de manguera de jard\u00edn del tanque IBC Entrada de 75 mm a [&hellip;]<\/p>\n","protected":false},"featured_media":18588,"template":"","meta":[],"product_brand":[],"product_cat":[383],"product_tag":[],"class_list":{"0":"post-18587","1":"product","2":"type-product","3":"status-publish","4":"has-post-thumbnail","6":"product_cat-valvula-contenedor-de-contenedor-para-contenedor-ibc","7":"product_shipping_class-omniva-es","9":"first","10":"instock","11":"taxable","12":"shipping-taxable","13":"purchasable","14":"product-type-simple"},"yoast_head":"<!-- This site is optimized with the Yoast SEO plugin v26.9 - https:\/\/yoast.com\/product\/yoast-seo-wordpress\/ -->\n<title>Contenedor contenedor IBC 1000 litros 75mm V\u00e1lvula de mariposa - IBC konteineri m&uuml;&uuml;k, vaadid, kraanid, mahutid<\/title>\n<meta name=\"robots\" content=\"index, follow, max-snippet:-1, max-image-preview:large, max-video-preview:-1\" \/>\n<link rel=\"canonical\" href=\"https:\/\/ibc.ee\/es\/producto\/contenedor-contenedor-ibc-1000-litros-75mm-valvula-de-mariposa\/\" \/>\n<meta property=\"og:locale\" content=\"es_ES\" \/>\n<meta property=\"og:type\" content=\"article\" \/>\n<meta property=\"og:title\" content=\"Contenedor contenedor IBC 1000 litros 75mm V\u00e1lvula de mariposa - IBC konteineri m&uuml;&uuml;k, vaadid, kraanid, mahutid\" \/>\n<meta property=\"og:description\" content=\"Contenedor contenedor IBC 75mm V\u00e1lvula de mariposa Esta nueva v\u00e1lvula IBC que puede usar para cambiar la v\u00e1lvula antigua o agregar a continuaci\u00f3n tiene ahora. Salida de rosca de 2 pulgadas o 62 mm para conectar a contenedores de graneles intermedios S60X6. Adaptador de manguera de jard\u00edn del tanque IBC Entrada de 75 mm a [&hellip;]\" \/>\n<meta property=\"og:url\" content=\"https:\/\/ibc.ee\/es\/producto\/contenedor-contenedor-ibc-1000-litros-75mm-valvula-de-mariposa\/\" \/>\n<meta property=\"og:site_name\" content=\"IBC konteineri m&uuml;&uuml;k, vaadid, kraanid, mahutid\" \/>\n<meta property=\"og:image\" content=\"https:\/\/ibc.ee\/wp-content\/uploads\/2018\/06\/P5219483.jpg\" \/>\n\t<meta property=\"og:image:width\" content=\"2042\" \/>\n\t<meta property=\"og:image:height\" content=\"2042\" \/>\n\t<meta property=\"og:image:type\" content=\"image\/jpeg\" \/>\n<meta name=\"twitter:card\" content=\"summary_large_image\" \/>\n<script type=\"application\/ld+json\" class=\"yoast-schema-graph\">{\"@context\":\"https:\/\/schema.org\",\"@graph\":[{\"@type\":\"WebPage\",\"@id\":\"https:\/\/ibc.ee\/es\/producto\/contenedor-contenedor-ibc-1000-litros-75mm-valvula-de-mariposa\/\",\"url\":\"https:\/\/ibc.ee\/es\/producto\/contenedor-contenedor-ibc-1000-litros-75mm-valvula-de-mariposa\/\",\"name\":\"Contenedor contenedor IBC 1000 litros 75mm V\u00e1lvula de mariposa - IBC konteineri m&uuml;&uuml;k, vaadid, kraanid, mahutid\",\"isPartOf\":{\"@id\":\"https:\/\/www.ibc.ee\/es\/#website\"},\"primaryImageOfPage\":{\"@id\":\"https:\/\/ibc.ee\/es\/producto\/contenedor-contenedor-ibc-1000-litros-75mm-valvula-de-mariposa\/#primaryimage\"},\"image\":{\"@id\":\"https:\/\/ibc.ee\/es\/producto\/contenedor-contenedor-ibc-1000-litros-75mm-valvula-de-mariposa\/#primaryimage\"},\"thumbnailUrl\":\"https:\/\/ibc.ee\/wp-content\/uploads\/2018\/06\/P5219483.jpg\",\"datePublished\":\"2018-06-03T17:20:22+00:00\",\"breadcrumb\":{\"@id\":\"https:\/\/ibc.ee\/es\/producto\/contenedor-contenedor-ibc-1000-litros-75mm-valvula-de-mariposa\/#breadcrumb\"},\"inLanguage\":\"es\",\"potentialAction\":[{\"@type\":\"ReadAction\",\"target\":[\"https:\/\/ibc.ee\/es\/producto\/contenedor-contenedor-ibc-1000-litros-75mm-valvula-de-mariposa\/\"]}]},{\"@type\":\"ImageObject\",\"inLanguage\":\"es\",\"@id\":\"https:\/\/ibc.ee\/es\/producto\/contenedor-contenedor-ibc-1000-litros-75mm-valvula-de-mariposa\/#primaryimage\",\"url\":\"https:\/\/ibc.ee\/wp-content\/uploads\/2018\/06\/P5219483.jpg\",\"contentUrl\":\"https:\/\/ibc.ee\/wp-content\/uploads\/2018\/06\/P5219483.jpg\",\"width\":2042,\"height\":2042,\"caption\":\"IBC tank container 1000 liters 75mm Butterfly Valve\"},{\"@type\":\"BreadcrumbList\",\"@id\":\"https:\/\/ibc.ee\/es\/producto\/contenedor-contenedor-ibc-1000-litros-75mm-valvula-de-mariposa\/#breadcrumb\",\"itemListElement\":[{\"@type\":\"ListItem\",\"position\":1,\"name\":\"\u0413\u043b\u0430\u0432\u043d\u0430\u044f \u0441\u0442\u0440\u0430\u043d\u0438\u0446\u0430\",\"item\":\"https:\/\/www.ibc.ee\/es\/\"},{\"@type\":\"ListItem\",\"position\":2,\"name\":\"Tienda\",\"item\":\"https:\/\/www.ibc.ee\/es\/tienda\/\"},{\"@type\":\"ListItem\",\"position\":3,\"name\":\"Contenedor contenedor IBC 1000 litros 75mm V\u00e1lvula de mariposa\"}]},{\"@type\":\"WebSite\",\"@id\":\"https:\/\/www.ibc.ee\/es\/#website\",\"url\":\"https:\/\/www.ibc.ee\/es\/\",\"name\":\"IBC konteineri m&uuml;&uuml;k, vaadid, kraanid, mahutid\",\"description\":\"IBC - Tank container valve, Adapters\\\\fittings, Intermediate bulk, container, Drums\/cans\",\"potentialAction\":[{\"@type\":\"SearchAction\",\"target\":{\"@type\":\"EntryPoint\",\"urlTemplate\":\"https:\/\/www.ibc.ee\/es\/?s={search_term_string}\"},\"query-input\":{\"@type\":\"PropertyValueSpecification\",\"valueRequired\":true,\"valueName\":\"search_term_string\"}}],\"inLanguage\":\"es\"}]}<\/script>\n<!-- \/ Yoast SEO plugin. -->","yoast_head_json":{"title":"Contenedor contenedor IBC 1000 litros 75mm V\u00e1lvula de mariposa - IBC konteineri m&uuml;&uuml;k, vaadid, kraanid, mahutid","robots":{"index":"index","follow":"follow","max-snippet":"max-snippet:-1","max-image-preview":"max-image-preview:large","max-video-preview":"max-video-preview:-1"},"canonical":"https:\/\/ibc.ee\/es\/producto\/contenedor-contenedor-ibc-1000-litros-75mm-valvula-de-mariposa\/","og_locale":"es_ES","og_type":"article","og_title":"Contenedor contenedor IBC 1000 litros 75mm V\u00e1lvula de mariposa - IBC konteineri m&uuml;&uuml;k, vaadid, kraanid, mahutid","og_description":"Contenedor contenedor IBC 75mm V\u00e1lvula de mariposa Esta nueva v\u00e1lvula IBC que puede usar para cambiar la v\u00e1lvula antigua o agregar a continuaci\u00f3n tiene ahora. Salida de rosca de 2 pulgadas o 62 mm para conectar a contenedores de graneles intermedios S60X6. Adaptador de manguera de jard\u00edn del tanque IBC Entrada de 75 mm a [&hellip;]","og_url":"https:\/\/ibc.ee\/es\/producto\/contenedor-contenedor-ibc-1000-litros-75mm-valvula-de-mariposa\/","og_site_name":"IBC konteineri m&uuml;&uuml;k, vaadid, kraanid, mahutid","og_image":[{"width":2042,"height":2042,"url":"https:\/\/ibc.ee\/wp-content\/uploads\/2018\/06\/P5219483.jpg","type":"image\/jpeg"}],"twitter_card":"summary_large_image","schema":{"@context":"https:\/\/schema.org","@graph":[{"@type":"WebPage","@id":"https:\/\/ibc.ee\/es\/producto\/contenedor-contenedor-ibc-1000-litros-75mm-valvula-de-mariposa\/","url":"https:\/\/ibc.ee\/es\/producto\/contenedor-contenedor-ibc-1000-litros-75mm-valvula-de-mariposa\/","name":"Contenedor contenedor IBC 1000 litros 75mm V\u00e1lvula de mariposa - IBC konteineri m&uuml;&uuml;k, vaadid, kraanid, mahutid","isPartOf":{"@id":"https:\/\/www.ibc.ee\/es\/#website"},"primaryImageOfPage":{"@id":"https:\/\/ibc.ee\/es\/producto\/contenedor-contenedor-ibc-1000-litros-75mm-valvula-de-mariposa\/#primaryimage"},"image":{"@id":"https:\/\/ibc.ee\/es\/producto\/contenedor-contenedor-ibc-1000-litros-75mm-valvula-de-mariposa\/#primaryimage"},"thumbnailUrl":"https:\/\/ibc.ee\/wp-content\/uploads\/2018\/06\/P5219483.jpg","datePublished":"2018-06-03T17:20:22+00:00","breadcrumb":{"@id":"https:\/\/ibc.ee\/es\/producto\/contenedor-contenedor-ibc-1000-litros-75mm-valvula-de-mariposa\/#breadcrumb"},"inLanguage":"es","potentialAction":[{"@type":"ReadAction","target":["https:\/\/ibc.ee\/es\/producto\/contenedor-contenedor-ibc-1000-litros-75mm-valvula-de-mariposa\/"]}]},{"@type":"ImageObject","inLanguage":"es","@id":"https:\/\/ibc.ee\/es\/producto\/contenedor-contenedor-ibc-1000-litros-75mm-valvula-de-mariposa\/#primaryimage","url":"https:\/\/ibc.ee\/wp-content\/uploads\/2018\/06\/P5219483.jpg","contentUrl":"https:\/\/ibc.ee\/wp-content\/uploads\/2018\/06\/P5219483.jpg","width":2042,"height":2042,"caption":"IBC tank container 1000 liters 75mm Butterfly Valve"},{"@type":"BreadcrumbList","@id":"https:\/\/ibc.ee\/es\/producto\/contenedor-contenedor-ibc-1000-litros-75mm-valvula-de-mariposa\/#breadcrumb","itemListElement":[{"@type":"ListItem","position":1,"name":"\u0413\u043b\u0430\u0432\u043d\u0430\u044f \u0441\u0442\u0440\u0430\u043d\u0438\u0446\u0430","item":"https:\/\/www.ibc.ee\/es\/"},{"@type":"ListItem","position":2,"name":"Tienda","item":"https:\/\/www.ibc.ee\/es\/tienda\/"},{"@type":"ListItem","position":3,"name":"Contenedor contenedor IBC 1000 litros 75mm V\u00e1lvula de mariposa"}]},{"@type":"WebSite","@id":"https:\/\/www.ibc.ee\/es\/#website","url":"https:\/\/www.ibc.ee\/es\/","name":"IBC konteineri m&uuml;&uuml;k, vaadid, kraanid, mahutid","description":"IBC - Tank container valve, Adapters\\fittings, Intermediate bulk, container, Drums\/cans","potentialAction":[{"@type":"SearchAction","target":{"@type":"EntryPoint","urlTemplate":"https:\/\/www.ibc.ee\/es\/?s={search_term_string}"},"query-input":{"@type":"PropertyValueSpecification","valueRequired":true,"valueName":"search_term_string"}}],"inLanguage":"es"}]}},"_links":{"self":[{"href":"https:\/\/ibc.ee\/es\/wp-json\/wp\/v2\/product\/18587","targetHints":{"allow":["GET"]}}],"collection":[{"href":"https:\/\/ibc.ee\/es\/wp-json\/wp\/v2\/product"}],"about":[{"href":"https:\/\/ibc.ee\/es\/wp-json\/wp\/v2\/types\/product"}],"wp:featuredmedia":[{"embeddable":true,"href":"https:\/\/ibc.ee\/es\/wp-json\/wp\/v2\/media\/18588"}],"wp:attachment":[{"href":"https:\/\/ibc.ee\/es\/wp-json\/wp\/v2\/media?parent=18587"}],"wp:term":[{"taxonomy":"product_brand","embeddable":true,"href":"https:\/\/ibc.ee\/es\/wp-json\/wp\/v2\/product_brand?post=18587"},{"taxonomy":"product_cat","embeddable":true,"href":"https:\/\/ibc.ee\/es\/wp-json\/wp\/v2\/product_cat?post=18587"},{"taxonomy":"product_tag","embeddable":true,"href":"https:\/\/ibc.ee\/es\/wp-json\/wp\/v2\/product_tag?post=18587"}],"curies":[{"name":"wp","href":"https:\/\/api.w.org\/{rel}","templated":true}]}}