{"id":18618,"date":"2018-06-04T17:21:35","date_gmt":"2019-05-27T13:25:31","guid":{"rendered":"https:\/\/www.ibc.ee\/product\/contenedor-a-granel-intermedio-b\/"},"modified":"2025-07-03T15:11:27","modified_gmt":"2025-07-03T13:11:27","slug":"techcube-ibc-1000-negro-reacondicionado-con-certificado-un","status":"publish","type":"product","link":"https:\/\/ibc.ee\/es\/producto\/techcube-ibc-1000-negro-reacondicionado-con-certificado-un\/","title":{"rendered":"TechCube IBC 1000 Negro Reacondicionado con Certificado UN"},"content":{"rendered":"<p>Contenedor intermedio para graneles IBC 1000l B sobre palets de pl\u00e1stico, metal o madera. Todos los embalses con la gr\u00faa de trabajo abajo, tienen una escala de medici\u00f3n y hay una cubierta ancha desde arriba. Tapa superior de 150 mm. Tapa inferior con rosca de 2 pulgadas (60&#215;6) <\/p>\n<p><strong>\u00bfPor qu\u00e9 elegir un tanque IBC negro en lugar de los IBC est\u00e1ndar?<\/strong><br \/>\nA diferencia de los IBC transparentes est\u00e1ndar, un contenedor IBC negro bloquea los rayos UV, evitando la exposici\u00f3n a la luz que puede provocar el crecimiento de algas. Esta caracter\u00edstica mantiene los l\u00edquidos almacenados frescos durante m\u00e1s tiempo, lo que los convierte en la opci\u00f3n ideal para aplicaciones donde la integridad de los l\u00edquidos es crucial. <\/p>\n<p><strong>Aprobado por la UN para el almacenamiento de l\u00edquidos<\/strong><br \/>\nEste tanque IBC negro cumple con las normas de certificaci\u00f3n de la UN, lo que garantiza el cumplimiento normativo para el almacenamiento de l\u00edquidos peligrosos y no peligrosos. Este tanque ofrece una opci\u00f3n de almacenamiento segura y homologada, ya sea para productos qu\u00edmicos industriales, soluciones agr\u00edcolas o el transporte de l\u00edquidos en general. <\/p>\n<p><strong>Consideraciones importantes<\/strong><br \/>\nAunque nuestros IBC negros a la venta se limpian y reacondicionan profesionalmente, pueden quedar ligeros restos de l\u00edquidos previamente almacenados. Por ello, estos IBC no son aptos para agua potable ni productos alimenticios. Si necesita un contenedor para almacenar consumibles, le recomendamos elegir un tanque IBC nuevo o reenvasado.  <\/p>\n","protected":false},"excerpt":{"rendered":"<p>Contenedor IBC recuperado y lavado con certificaci\u00f3n UN vigente. Ideal para l\u00edquidos peligrosos, productos qu\u00edmicos t\u00e9cnicos y almacenamiento agroindustrial. Tambi\u00e9n es ideal para agua de riego. El tanque negro resistente a los rayos UV, junto con su construcci\u00f3n con certificaci\u00f3n UN, ayuda a prevenir la proliferaci\u00f3n de algas y mantiene el agua cristalina durante m\u00e1s tiempo.   <\/p>\n<p><strong>Las aplicaciones comunes incluyen:<\/strong><\/p>\n<p>&#8211; Fluidos t\u00e9cnicos y l\u00edquidos industriales: aptos para el almacenamiento de l\u00edquidos peligrosos y no peligrosos, di\u00e9sel, aceites, aceite usado (aceite usado), disolventes, anticongelantes y fluidos hidr\u00e1ulicos.<br \/>\n&#8211; Agricultura y riego: agua de riego, soluciones fertilizantes, nutrientes l\u00edquidos, pesticidas, herbicidas, l\u00edquidos desincrustantes, productos qu\u00edmicos para riego o t\u00e9s de compost.<br \/>\n&#8211; Industria qu\u00edmica: agentes de limpieza, \u00e1cidos, \u00e1lcalis, residuos de procesos de producci\u00f3n, l\u00edquidos residuales temporales (preeliminaci\u00f3n).<br \/>\n&#8211; Construcci\u00f3n y fabricaci\u00f3n: agua de lavado de hormig\u00f3n, selladores, adhesivos, residuos de pintura, agua de lechada, mezclas bituminosas, tanques de limpieza o enjuague de obras.<\/p>\n","protected":false},"featured_media":24103,"template":"","meta":[],"product_brand":[],"product_cat":[382],"product_tag":[],"class_list":{"0":"post-18618","1":"product","2":"type-product","3":"status-publish","4":"has-post-thumbnail","6":"product_cat-bote-intermedio-a-granel-ibc-1000-litros","7":"product_shipping_class-containers-es","9":"first","10":"instock","11":"taxable","12":"shipping-taxable","13":"purchasable","14":"product-type-simple"},"yoast_head":"<!-- This site is optimized with the Yoast SEO plugin v26.9 - https:\/\/yoast.com\/product\/yoast-seo-wordpress\/ -->\n<title>TechCube IBC 1000 Negro Reacondicionado con Certificado UN - IBC konteineri m&uuml;&uuml;k, vaadid, kraanid, mahutid<\/title>\n<meta name=\"description\" content=\"Contenedor IBC recuperado y lavado con certificaci\u00f3n UN vigente. Ideal para l\u00edquidos peligrosos, qu\u00edmicos t\u00e9cnicos, almacenamiento agroindustrial y sistemas no potables.\" \/>\n<meta name=\"robots\" content=\"index, follow, max-snippet:-1, max-image-preview:large, max-video-preview:-1\" \/>\n<link rel=\"canonical\" href=\"https:\/\/ibc.ee\/es\/producto\/techcube-ibc-1000-negro-reacondicionado-con-certificado-un\/\" \/>\n<meta property=\"og:locale\" content=\"es_ES\" \/>\n<meta property=\"og:type\" content=\"article\" \/>\n<meta property=\"og:title\" content=\"TechCube IBC 1000 Negro Reacondicionado con Certificado UN - IBC konteineri m&uuml;&uuml;k, vaadid, kraanid, mahutid\" \/>\n<meta property=\"og:description\" content=\"Contenedor IBC recuperado y lavado con certificaci\u00f3n UN vigente. Ideal para l\u00edquidos peligrosos, qu\u00edmicos t\u00e9cnicos, almacenamiento agroindustrial y sistemas no potables.\" \/>\n<meta property=\"og:url\" content=\"https:\/\/ibc.ee\/es\/producto\/techcube-ibc-1000-negro-reacondicionado-con-certificado-un\/\" \/>\n<meta property=\"og:site_name\" content=\"IBC konteineri m&uuml;&uuml;k, vaadid, kraanid, mahutid\" \/>\n<meta property=\"article:modified_time\" content=\"2025-07-03T13:11:27+00:00\" \/>\n<meta property=\"og:image\" content=\"https:\/\/ibc.ee\/wp-content\/uploads\/2018\/06\/Black-1000L-Reconditioned-IBC-with-UN-Certificate.jpg\" \/>\n\t<meta property=\"og:image:width\" content=\"1000\" \/>\n\t<meta property=\"og:image:height\" content=\"1000\" \/>\n\t<meta property=\"og:image:type\" content=\"image\/jpeg\" \/>\n<meta name=\"twitter:card\" content=\"summary_large_image\" \/>\n<meta name=\"twitter:label1\" content=\"Tiempo de lectura\" \/>\n\t<meta name=\"twitter:data1\" content=\"2 minutos\" \/>\n<script type=\"application\/ld+json\" class=\"yoast-schema-graph\">{\"@context\":\"https:\/\/schema.org\",\"@graph\":[{\"@type\":\"WebPage\",\"@id\":\"https:\/\/ibc.ee\/es\/producto\/techcube-ibc-1000-negro-reacondicionado-con-certificado-un\/\",\"url\":\"https:\/\/ibc.ee\/es\/producto\/techcube-ibc-1000-negro-reacondicionado-con-certificado-un\/\",\"name\":\"TechCube IBC 1000 Negro Reacondicionado con Certificado UN - IBC konteineri m&uuml;&uuml;k, vaadid, kraanid, mahutid\",\"isPartOf\":{\"@id\":\"https:\/\/www.ibc.ee\/es\/#website\"},\"primaryImageOfPage\":{\"@id\":\"https:\/\/ibc.ee\/es\/producto\/techcube-ibc-1000-negro-reacondicionado-con-certificado-un\/#primaryimage\"},\"image\":{\"@id\":\"https:\/\/ibc.ee\/es\/producto\/techcube-ibc-1000-negro-reacondicionado-con-certificado-un\/#primaryimage\"},\"thumbnailUrl\":\"https:\/\/ibc.ee\/wp-content\/uploads\/2018\/06\/Black-1000L-Reconditioned-IBC-with-UN-Certificate.jpg\",\"datePublished\":\"2019-05-27T13:25:31+00:00\",\"dateModified\":\"2025-07-03T13:11:27+00:00\",\"description\":\"Contenedor IBC recuperado y lavado con certificaci\u00f3n UN vigente. Ideal para l\u00edquidos peligrosos, qu\u00edmicos t\u00e9cnicos, almacenamiento agroindustrial y sistemas no potables.\",\"breadcrumb\":{\"@id\":\"https:\/\/ibc.ee\/es\/producto\/techcube-ibc-1000-negro-reacondicionado-con-certificado-un\/#breadcrumb\"},\"inLanguage\":\"es\",\"potentialAction\":[{\"@type\":\"ReadAction\",\"target\":[\"https:\/\/ibc.ee\/es\/producto\/techcube-ibc-1000-negro-reacondicionado-con-certificado-un\/\"]}]},{\"@type\":\"ImageObject\",\"inLanguage\":\"es\",\"@id\":\"https:\/\/ibc.ee\/es\/producto\/techcube-ibc-1000-negro-reacondicionado-con-certificado-un\/#primaryimage\",\"url\":\"https:\/\/ibc.ee\/wp-content\/uploads\/2018\/06\/Black-1000L-Reconditioned-IBC-with-UN-Certificate.jpg\",\"contentUrl\":\"https:\/\/ibc.ee\/wp-content\/uploads\/2018\/06\/Black-1000L-Reconditioned-IBC-with-UN-Certificate.jpg\",\"width\":1000,\"height\":1000,\"caption\":\"Black 1000L Reconditioned IBC with UN Certificate\"},{\"@type\":\"BreadcrumbList\",\"@id\":\"https:\/\/ibc.ee\/es\/producto\/techcube-ibc-1000-negro-reacondicionado-con-certificado-un\/#breadcrumb\",\"itemListElement\":[{\"@type\":\"ListItem\",\"position\":1,\"name\":\"\u0413\u043b\u0430\u0432\u043d\u0430\u044f \u0441\u0442\u0440\u0430\u043d\u0438\u0446\u0430\",\"item\":\"https:\/\/www.ibc.ee\/es\/\"},{\"@type\":\"ListItem\",\"position\":2,\"name\":\"Tienda\",\"item\":\"https:\/\/www.ibc.ee\/es\/tienda\/\"},{\"@type\":\"ListItem\",\"position\":3,\"name\":\"TechCube IBC 1000 Negro Reacondicionado con Certificado UN\"}]},{\"@type\":\"WebSite\",\"@id\":\"https:\/\/www.ibc.ee\/es\/#website\",\"url\":\"https:\/\/www.ibc.ee\/es\/\",\"name\":\"IBC konteineri m&uuml;&uuml;k, vaadid, kraanid, mahutid\",\"description\":\"IBC - Tank container valve, Adapters\\\\fittings, Intermediate bulk, container, Drums\/cans\",\"potentialAction\":[{\"@type\":\"SearchAction\",\"target\":{\"@type\":\"EntryPoint\",\"urlTemplate\":\"https:\/\/www.ibc.ee\/es\/?s={search_term_string}\"},\"query-input\":{\"@type\":\"PropertyValueSpecification\",\"valueRequired\":true,\"valueName\":\"search_term_string\"}}],\"inLanguage\":\"es\"}]}<\/script>\n<!-- \/ Yoast SEO plugin. -->","yoast_head_json":{"title":"TechCube IBC 1000 Negro Reacondicionado con Certificado UN - IBC konteineri m&uuml;&uuml;k, vaadid, kraanid, mahutid","description":"Contenedor IBC recuperado y lavado con certificaci\u00f3n UN vigente. Ideal para l\u00edquidos peligrosos, qu\u00edmicos t\u00e9cnicos, almacenamiento agroindustrial y sistemas no potables.","robots":{"index":"index","follow":"follow","max-snippet":"max-snippet:-1","max-image-preview":"max-image-preview:large","max-video-preview":"max-video-preview:-1"},"canonical":"https:\/\/ibc.ee\/es\/producto\/techcube-ibc-1000-negro-reacondicionado-con-certificado-un\/","og_locale":"es_ES","og_type":"article","og_title":"TechCube IBC 1000 Negro Reacondicionado con Certificado UN - IBC konteineri m&uuml;&uuml;k, vaadid, kraanid, mahutid","og_description":"Contenedor IBC recuperado y lavado con certificaci\u00f3n UN vigente. Ideal para l\u00edquidos peligrosos, qu\u00edmicos t\u00e9cnicos, almacenamiento agroindustrial y sistemas no potables.","og_url":"https:\/\/ibc.ee\/es\/producto\/techcube-ibc-1000-negro-reacondicionado-con-certificado-un\/","og_site_name":"IBC konteineri m&uuml;&uuml;k, vaadid, kraanid, mahutid","article_modified_time":"2025-07-03T13:11:27+00:00","og_image":[{"width":1000,"height":1000,"url":"https:\/\/ibc.ee\/wp-content\/uploads\/2018\/06\/Black-1000L-Reconditioned-IBC-with-UN-Certificate.jpg","type":"image\/jpeg"}],"twitter_card":"summary_large_image","twitter_misc":{"Tiempo de lectura":"2 minutos"},"schema":{"@context":"https:\/\/schema.org","@graph":[{"@type":"WebPage","@id":"https:\/\/ibc.ee\/es\/producto\/techcube-ibc-1000-negro-reacondicionado-con-certificado-un\/","url":"https:\/\/ibc.ee\/es\/producto\/techcube-ibc-1000-negro-reacondicionado-con-certificado-un\/","name":"TechCube IBC 1000 Negro Reacondicionado con Certificado UN - IBC konteineri m&uuml;&uuml;k, vaadid, kraanid, mahutid","isPartOf":{"@id":"https:\/\/www.ibc.ee\/es\/#website"},"primaryImageOfPage":{"@id":"https:\/\/ibc.ee\/es\/producto\/techcube-ibc-1000-negro-reacondicionado-con-certificado-un\/#primaryimage"},"image":{"@id":"https:\/\/ibc.ee\/es\/producto\/techcube-ibc-1000-negro-reacondicionado-con-certificado-un\/#primaryimage"},"thumbnailUrl":"https:\/\/ibc.ee\/wp-content\/uploads\/2018\/06\/Black-1000L-Reconditioned-IBC-with-UN-Certificate.jpg","datePublished":"2019-05-27T13:25:31+00:00","dateModified":"2025-07-03T13:11:27+00:00","description":"Contenedor IBC recuperado y lavado con certificaci\u00f3n UN vigente. Ideal para l\u00edquidos peligrosos, qu\u00edmicos t\u00e9cnicos, almacenamiento agroindustrial y sistemas no potables.","breadcrumb":{"@id":"https:\/\/ibc.ee\/es\/producto\/techcube-ibc-1000-negro-reacondicionado-con-certificado-un\/#breadcrumb"},"inLanguage":"es","potentialAction":[{"@type":"ReadAction","target":["https:\/\/ibc.ee\/es\/producto\/techcube-ibc-1000-negro-reacondicionado-con-certificado-un\/"]}]},{"@type":"ImageObject","inLanguage":"es","@id":"https:\/\/ibc.ee\/es\/producto\/techcube-ibc-1000-negro-reacondicionado-con-certificado-un\/#primaryimage","url":"https:\/\/ibc.ee\/wp-content\/uploads\/2018\/06\/Black-1000L-Reconditioned-IBC-with-UN-Certificate.jpg","contentUrl":"https:\/\/ibc.ee\/wp-content\/uploads\/2018\/06\/Black-1000L-Reconditioned-IBC-with-UN-Certificate.jpg","width":1000,"height":1000,"caption":"Black 1000L Reconditioned IBC with UN Certificate"},{"@type":"BreadcrumbList","@id":"https:\/\/ibc.ee\/es\/producto\/techcube-ibc-1000-negro-reacondicionado-con-certificado-un\/#breadcrumb","itemListElement":[{"@type":"ListItem","position":1,"name":"\u0413\u043b\u0430\u0432\u043d\u0430\u044f \u0441\u0442\u0440\u0430\u043d\u0438\u0446\u0430","item":"https:\/\/www.ibc.ee\/es\/"},{"@type":"ListItem","position":2,"name":"Tienda","item":"https:\/\/www.ibc.ee\/es\/tienda\/"},{"@type":"ListItem","position":3,"name":"TechCube IBC 1000 Negro Reacondicionado con Certificado UN"}]},{"@type":"WebSite","@id":"https:\/\/www.ibc.ee\/es\/#website","url":"https:\/\/www.ibc.ee\/es\/","name":"IBC konteineri m&uuml;&uuml;k, vaadid, kraanid, mahutid","description":"IBC - Tank container valve, Adapters\\fittings, Intermediate bulk, container, Drums\/cans","potentialAction":[{"@type":"SearchAction","target":{"@type":"EntryPoint","urlTemplate":"https:\/\/www.ibc.ee\/es\/?s={search_term_string}"},"query-input":{"@type":"PropertyValueSpecification","valueRequired":true,"valueName":"search_term_string"}}],"inLanguage":"es"}]}},"_links":{"self":[{"href":"https:\/\/ibc.ee\/es\/wp-json\/wp\/v2\/product\/18618","targetHints":{"allow":["GET"]}}],"collection":[{"href":"https:\/\/ibc.ee\/es\/wp-json\/wp\/v2\/product"}],"about":[{"href":"https:\/\/ibc.ee\/es\/wp-json\/wp\/v2\/types\/product"}],"wp:featuredmedia":[{"embeddable":true,"href":"https:\/\/ibc.ee\/es\/wp-json\/wp\/v2\/media\/24103"}],"wp:attachment":[{"href":"https:\/\/ibc.ee\/es\/wp-json\/wp\/v2\/media?parent=18618"}],"wp:term":[{"taxonomy":"product_brand","embeddable":true,"href":"https:\/\/ibc.ee\/es\/wp-json\/wp\/v2\/product_brand?post=18618"},{"taxonomy":"product_cat","embeddable":true,"href":"https:\/\/ibc.ee\/es\/wp-json\/wp\/v2\/product_cat?post=18618"},{"taxonomy":"product_tag","embeddable":true,"href":"https:\/\/ibc.ee\/es\/wp-json\/wp\/v2\/product_tag?post=18618"}],"curies":[{"name":"wp","href":"https:\/\/api.w.org\/{rel}","templated":true}]}}