{"id":18620,"date":"2018-06-04T17:31:54","date_gmt":"2019-05-27T13:25:35","guid":{"rendered":"https:\/\/www.ibc.ee\/product\/contenedor-a-granel-intermedio-e\/"},"modified":"2025-07-04T15:45:47","modified_gmt":"2025-07-04T13:45:47","slug":"pureflowcube-ibc-1000-tanque-lavado-de-alta-calidad-con-certificacion-fda","status":"publish","type":"product","link":"https:\/\/ibc.ee\/es\/producto\/pureflowcube-ibc-1000-tanque-lavado-de-alta-calidad-con-certificacion-fda\/","title":{"rendered":"PureFlowCube IBC 1000 \u2013 tanque lavado de alta calidad con certificaci\u00f3n FDA"},"content":{"rendered":"<p><strong>\u00bfQu\u00e9 es un IBC lavado de alta calidad?<\/strong> <\/p>\n<p>Aunque el contenedor fue originalmente certificado para contacto con alimentos, ya no se considera oficialmente apto para uso alimentario, ya que ha sido utilizado y no cuenta con una certificaci\u00f3n vigente. Sin embargo, debido a su historial limpio de uso y al manejo cuidadoso, sigue siendo una opci\u00f3n popular y econ\u00f3mica para almacenar agua potable y otros l\u00edquidos no cr\u00edticos relacionados con alimentos. <\/p>\n<p>Una soluci\u00f3n econ\u00f3mica para usuarios que necesitan un almacenamiento seguro y limpio de l\u00edquidos donde no se requiere certificaci\u00f3n completa.<\/p>\n<p><strong>Notas importantes:<\/strong><br \/>\n&#8211; Contenedor usado \u2013 previamente utilizado con productos alimentarios<br \/>\n&#8211; No posee certificaci\u00f3n FDA o alimentaria vigente<br \/>\n&#8211; No recomendado para producci\u00f3n comercial de alimentos ni aplicaciones oficiales relacionadas<br \/>\n&#8211; Puede presentar signos leves de uso (decoloraci\u00f3n, olor, residuos)<\/p>\n<p><strong>Aplicaciones t\u00edpicas:<\/strong><br \/>\n&#8211; Almacenamiento de agua potable (uso sin certificaci\u00f3n)<br \/>\n&#8211; Recolecci\u00f3n de agua de lluvia para uso dom\u00e9stico o jard\u00edn<br \/>\n&#8211; Suministro de agua para animales<br \/>\n&#8211; Alimentaci\u00f3n l\u00edquida o extractos de plantas<br \/>\n&#8211; Sistemas de suministro de agua hechos en casa<br \/>\n&#8211; Lavabos exteriores, duchas, riego y sistemas de respaldo de emergencia<\/p>\n","protected":false},"excerpt":{"rendered":"<p>El tanque pl\u00e1stico \/ botella interior ha sido limpiado y probado contra fugas. Si es necesario, se reemplazan tapas, v\u00e1lvulas o juntas. Este contenedor IBC fue fabricado originalmente con material apto para uso alimentario aprobado por la FDA y ha sido utilizado exclusivamente con productos alimentarios (como aceites comestibles, jarabes o ingredientes para bebidas).  <\/p>\n","protected":false},"featured_media":24169,"template":"","meta":[],"product_brand":[],"product_cat":[382],"product_tag":[],"class_list":{"0":"post-18620","1":"product","2":"type-product","3":"status-publish","4":"has-post-thumbnail","6":"product_cat-bote-intermedio-a-granel-ibc-1000-litros","7":"product_shipping_class-containers-es","9":"first","10":"onbackorder","11":"taxable","12":"shipping-taxable","13":"purchasable","14":"product-type-simple"},"yoast_head":"<!-- This site is optimized with the Yoast SEO plugin v26.9 - https:\/\/yoast.com\/product\/yoast-seo-wordpress\/ -->\n<title>PureFlowCube IBC 1000 \u2013 tanque lavado de alta calidad con certificaci\u00f3n FDA<\/title>\n<meta name=\"description\" content=\"Este contenedor IBC fue fabricado originalmente con materiales compatibles con la FDA y aptos para alimentos, y fue utilizado \u00fanicamente para productos alimenticios (por ejemplo, aceites comestibles, etc.).\" \/>\n<meta name=\"robots\" content=\"index, follow, max-snippet:-1, max-image-preview:large, max-video-preview:-1\" \/>\n<link rel=\"canonical\" href=\"https:\/\/ibc.ee\/es\/producto\/pureflowcube-ibc-1000-tanque-lavado-de-alta-calidad-con-certificacion-fda\/\" \/>\n<meta property=\"og:locale\" content=\"es_ES\" \/>\n<meta property=\"og:type\" content=\"article\" \/>\n<meta property=\"og:title\" content=\"PureFlowCube IBC 1000 \u2013 tanque lavado de alta calidad con certificaci\u00f3n FDA\" \/>\n<meta property=\"og:description\" content=\"Este contenedor IBC fue fabricado originalmente con materiales compatibles con la FDA y aptos para alimentos, y fue utilizado \u00fanicamente para productos alimenticios (por ejemplo, aceites comestibles, etc.).\" \/>\n<meta property=\"og:url\" content=\"https:\/\/ibc.ee\/es\/producto\/pureflowcube-ibc-1000-tanque-lavado-de-alta-calidad-con-certificacion-fda\/\" \/>\n<meta property=\"og:site_name\" content=\"IBC konteineri m&uuml;&uuml;k, vaadid, kraanid, mahutid\" \/>\n<meta property=\"article:modified_time\" content=\"2025-07-04T13:45:47+00:00\" \/>\n<meta property=\"og:image\" content=\"https:\/\/ibc.ee\/wp-content\/uploads\/2018\/06\/PureFlowCube-IBC-1000-high-quality-washed-food-based-tank.jpg\" \/>\n\t<meta property=\"og:image:width\" content=\"1000\" \/>\n\t<meta property=\"og:image:height\" content=\"1000\" \/>\n\t<meta property=\"og:image:type\" content=\"image\/jpeg\" \/>\n<meta name=\"twitter:card\" content=\"summary_large_image\" \/>\n<meta name=\"twitter:label1\" content=\"Tiempo de lectura\" \/>\n\t<meta name=\"twitter:data1\" content=\"1 minuto\" \/>\n<script type=\"application\/ld+json\" class=\"yoast-schema-graph\">{\"@context\":\"https:\/\/schema.org\",\"@graph\":[{\"@type\":\"WebPage\",\"@id\":\"https:\/\/ibc.ee\/es\/producto\/pureflowcube-ibc-1000-tanque-lavado-de-alta-calidad-con-certificacion-fda\/\",\"url\":\"https:\/\/ibc.ee\/es\/producto\/pureflowcube-ibc-1000-tanque-lavado-de-alta-calidad-con-certificacion-fda\/\",\"name\":\"PureFlowCube IBC 1000 \u2013 tanque lavado de alta calidad con certificaci\u00f3n FDA\",\"isPartOf\":{\"@id\":\"https:\/\/www.ibc.ee\/es\/#website\"},\"primaryImageOfPage\":{\"@id\":\"https:\/\/ibc.ee\/es\/producto\/pureflowcube-ibc-1000-tanque-lavado-de-alta-calidad-con-certificacion-fda\/#primaryimage\"},\"image\":{\"@id\":\"https:\/\/ibc.ee\/es\/producto\/pureflowcube-ibc-1000-tanque-lavado-de-alta-calidad-con-certificacion-fda\/#primaryimage\"},\"thumbnailUrl\":\"https:\/\/ibc.ee\/wp-content\/uploads\/2018\/06\/PureFlowCube-IBC-1000-high-quality-washed-food-based-tank.jpg\",\"datePublished\":\"2019-05-27T13:25:35+00:00\",\"dateModified\":\"2025-07-04T13:45:47+00:00\",\"description\":\"Este contenedor IBC fue fabricado originalmente con materiales compatibles con la FDA y aptos para alimentos, y fue utilizado \u00fanicamente para productos alimenticios (por ejemplo, aceites comestibles, etc.).\",\"breadcrumb\":{\"@id\":\"https:\/\/ibc.ee\/es\/producto\/pureflowcube-ibc-1000-tanque-lavado-de-alta-calidad-con-certificacion-fda\/#breadcrumb\"},\"inLanguage\":\"es\",\"potentialAction\":[{\"@type\":\"ReadAction\",\"target\":[\"https:\/\/ibc.ee\/es\/producto\/pureflowcube-ibc-1000-tanque-lavado-de-alta-calidad-con-certificacion-fda\/\"]}]},{\"@type\":\"ImageObject\",\"inLanguage\":\"es\",\"@id\":\"https:\/\/ibc.ee\/es\/producto\/pureflowcube-ibc-1000-tanque-lavado-de-alta-calidad-con-certificacion-fda\/#primaryimage\",\"url\":\"https:\/\/ibc.ee\/wp-content\/uploads\/2018\/06\/PureFlowCube-IBC-1000-high-quality-washed-food-based-tank.jpg\",\"contentUrl\":\"https:\/\/ibc.ee\/wp-content\/uploads\/2018\/06\/PureFlowCube-IBC-1000-high-quality-washed-food-based-tank.jpg\",\"width\":1000,\"height\":1000,\"caption\":\"PureFlowCube IBC 1000 high-quality washed FDA tank\"},{\"@type\":\"BreadcrumbList\",\"@id\":\"https:\/\/ibc.ee\/es\/producto\/pureflowcube-ibc-1000-tanque-lavado-de-alta-calidad-con-certificacion-fda\/#breadcrumb\",\"itemListElement\":[{\"@type\":\"ListItem\",\"position\":1,\"name\":\"\u0413\u043b\u0430\u0432\u043d\u0430\u044f \u0441\u0442\u0440\u0430\u043d\u0438\u0446\u0430\",\"item\":\"https:\/\/www.ibc.ee\/es\/\"},{\"@type\":\"ListItem\",\"position\":2,\"name\":\"Tienda\",\"item\":\"https:\/\/www.ibc.ee\/es\/tienda\/\"},{\"@type\":\"ListItem\",\"position\":3,\"name\":\"PureFlowCube IBC 1000 \u2013 tanque lavado de alta calidad con certificaci\u00f3n FDA\"}]},{\"@type\":\"WebSite\",\"@id\":\"https:\/\/www.ibc.ee\/es\/#website\",\"url\":\"https:\/\/www.ibc.ee\/es\/\",\"name\":\"IBC konteineri m&uuml;&uuml;k, vaadid, kraanid, mahutid\",\"description\":\"IBC - Tank container valve, Adapters\\\\fittings, Intermediate bulk, container, Drums\/cans\",\"potentialAction\":[{\"@type\":\"SearchAction\",\"target\":{\"@type\":\"EntryPoint\",\"urlTemplate\":\"https:\/\/www.ibc.ee\/es\/?s={search_term_string}\"},\"query-input\":{\"@type\":\"PropertyValueSpecification\",\"valueRequired\":true,\"valueName\":\"search_term_string\"}}],\"inLanguage\":\"es\"}]}<\/script>\n<!-- \/ Yoast SEO plugin. -->","yoast_head_json":{"title":"PureFlowCube IBC 1000 \u2013 tanque lavado de alta calidad con certificaci\u00f3n FDA","description":"Este contenedor IBC fue fabricado originalmente con materiales compatibles con la FDA y aptos para alimentos, y fue utilizado \u00fanicamente para productos alimenticios (por ejemplo, aceites comestibles, etc.).","robots":{"index":"index","follow":"follow","max-snippet":"max-snippet:-1","max-image-preview":"max-image-preview:large","max-video-preview":"max-video-preview:-1"},"canonical":"https:\/\/ibc.ee\/es\/producto\/pureflowcube-ibc-1000-tanque-lavado-de-alta-calidad-con-certificacion-fda\/","og_locale":"es_ES","og_type":"article","og_title":"PureFlowCube IBC 1000 \u2013 tanque lavado de alta calidad con certificaci\u00f3n FDA","og_description":"Este contenedor IBC fue fabricado originalmente con materiales compatibles con la FDA y aptos para alimentos, y fue utilizado \u00fanicamente para productos alimenticios (por ejemplo, aceites comestibles, etc.).","og_url":"https:\/\/ibc.ee\/es\/producto\/pureflowcube-ibc-1000-tanque-lavado-de-alta-calidad-con-certificacion-fda\/","og_site_name":"IBC konteineri m&uuml;&uuml;k, vaadid, kraanid, mahutid","article_modified_time":"2025-07-04T13:45:47+00:00","og_image":[{"width":1000,"height":1000,"url":"https:\/\/ibc.ee\/wp-content\/uploads\/2018\/06\/PureFlowCube-IBC-1000-high-quality-washed-food-based-tank.jpg","type":"image\/jpeg"}],"twitter_card":"summary_large_image","twitter_misc":{"Tiempo de lectura":"1 minuto"},"schema":{"@context":"https:\/\/schema.org","@graph":[{"@type":"WebPage","@id":"https:\/\/ibc.ee\/es\/producto\/pureflowcube-ibc-1000-tanque-lavado-de-alta-calidad-con-certificacion-fda\/","url":"https:\/\/ibc.ee\/es\/producto\/pureflowcube-ibc-1000-tanque-lavado-de-alta-calidad-con-certificacion-fda\/","name":"PureFlowCube IBC 1000 \u2013 tanque lavado de alta calidad con certificaci\u00f3n FDA","isPartOf":{"@id":"https:\/\/www.ibc.ee\/es\/#website"},"primaryImageOfPage":{"@id":"https:\/\/ibc.ee\/es\/producto\/pureflowcube-ibc-1000-tanque-lavado-de-alta-calidad-con-certificacion-fda\/#primaryimage"},"image":{"@id":"https:\/\/ibc.ee\/es\/producto\/pureflowcube-ibc-1000-tanque-lavado-de-alta-calidad-con-certificacion-fda\/#primaryimage"},"thumbnailUrl":"https:\/\/ibc.ee\/wp-content\/uploads\/2018\/06\/PureFlowCube-IBC-1000-high-quality-washed-food-based-tank.jpg","datePublished":"2019-05-27T13:25:35+00:00","dateModified":"2025-07-04T13:45:47+00:00","description":"Este contenedor IBC fue fabricado originalmente con materiales compatibles con la FDA y aptos para alimentos, y fue utilizado \u00fanicamente para productos alimenticios (por ejemplo, aceites comestibles, etc.).","breadcrumb":{"@id":"https:\/\/ibc.ee\/es\/producto\/pureflowcube-ibc-1000-tanque-lavado-de-alta-calidad-con-certificacion-fda\/#breadcrumb"},"inLanguage":"es","potentialAction":[{"@type":"ReadAction","target":["https:\/\/ibc.ee\/es\/producto\/pureflowcube-ibc-1000-tanque-lavado-de-alta-calidad-con-certificacion-fda\/"]}]},{"@type":"ImageObject","inLanguage":"es","@id":"https:\/\/ibc.ee\/es\/producto\/pureflowcube-ibc-1000-tanque-lavado-de-alta-calidad-con-certificacion-fda\/#primaryimage","url":"https:\/\/ibc.ee\/wp-content\/uploads\/2018\/06\/PureFlowCube-IBC-1000-high-quality-washed-food-based-tank.jpg","contentUrl":"https:\/\/ibc.ee\/wp-content\/uploads\/2018\/06\/PureFlowCube-IBC-1000-high-quality-washed-food-based-tank.jpg","width":1000,"height":1000,"caption":"PureFlowCube IBC 1000 high-quality washed FDA tank"},{"@type":"BreadcrumbList","@id":"https:\/\/ibc.ee\/es\/producto\/pureflowcube-ibc-1000-tanque-lavado-de-alta-calidad-con-certificacion-fda\/#breadcrumb","itemListElement":[{"@type":"ListItem","position":1,"name":"\u0413\u043b\u0430\u0432\u043d\u0430\u044f \u0441\u0442\u0440\u0430\u043d\u0438\u0446\u0430","item":"https:\/\/www.ibc.ee\/es\/"},{"@type":"ListItem","position":2,"name":"Tienda","item":"https:\/\/www.ibc.ee\/es\/tienda\/"},{"@type":"ListItem","position":3,"name":"PureFlowCube IBC 1000 \u2013 tanque lavado de alta calidad con certificaci\u00f3n FDA"}]},{"@type":"WebSite","@id":"https:\/\/www.ibc.ee\/es\/#website","url":"https:\/\/www.ibc.ee\/es\/","name":"IBC konteineri m&uuml;&uuml;k, vaadid, kraanid, mahutid","description":"IBC - Tank container valve, Adapters\\fittings, Intermediate bulk, container, Drums\/cans","potentialAction":[{"@type":"SearchAction","target":{"@type":"EntryPoint","urlTemplate":"https:\/\/www.ibc.ee\/es\/?s={search_term_string}"},"query-input":{"@type":"PropertyValueSpecification","valueRequired":true,"valueName":"search_term_string"}}],"inLanguage":"es"}]}},"_links":{"self":[{"href":"https:\/\/ibc.ee\/es\/wp-json\/wp\/v2\/product\/18620","targetHints":{"allow":["GET"]}}],"collection":[{"href":"https:\/\/ibc.ee\/es\/wp-json\/wp\/v2\/product"}],"about":[{"href":"https:\/\/ibc.ee\/es\/wp-json\/wp\/v2\/types\/product"}],"wp:featuredmedia":[{"embeddable":true,"href":"https:\/\/ibc.ee\/es\/wp-json\/wp\/v2\/media\/24169"}],"wp:attachment":[{"href":"https:\/\/ibc.ee\/es\/wp-json\/wp\/v2\/media?parent=18620"}],"wp:term":[{"taxonomy":"product_brand","embeddable":true,"href":"https:\/\/ibc.ee\/es\/wp-json\/wp\/v2\/product_brand?post=18620"},{"taxonomy":"product_cat","embeddable":true,"href":"https:\/\/ibc.ee\/es\/wp-json\/wp\/v2\/product_cat?post=18620"},{"taxonomy":"product_tag","embeddable":true,"href":"https:\/\/ibc.ee\/es\/wp-json\/wp\/v2\/product_tag?post=18620"}],"curies":[{"name":"wp","href":"https:\/\/api.w.org\/{rel}","templated":true}]}}