{"id":18621,"date":"2018-06-04T17:34:07","date_gmt":"2019-05-27T13:25:37","guid":{"rendered":"https:\/\/www.ibc.ee\/product\/contenedor-a-granel-intermedio-f\/"},"modified":"2025-07-10T10:48:57","modified_gmt":"2025-07-10T08:48:57","slug":"renewcube-ibc-1000-ibc-reembotellado","status":"publish","type":"product","link":"https:\/\/ibc.ee\/es\/producto\/renewcube-ibc-1000-ibc-reembotellado\/","title":{"rendered":"ReNewCube IBC 1000 \u2013 IBC reembotellado"},"content":{"rendered":"<p>Recipiente en las paletas de pl\u00e1stico, metal o madera. Todos los dep\u00f3sitos con la gr\u00faa en la parte inferior cuentan con una escala de medici\u00f3n y una amplia tapa superior. El contenedor tiene una estructura met\u00e1lica.<\/p>\n<p>Tambi\u00e9n podemos ofrecer adaptadores y varias gr\u00faas (la gr\u00faa esf\u00e9rica, la gr\u00faa una mariposa, la gr\u00faa con la v\u00e1lvula) para contenedores IBC.<\/p>\n<p><strong>Especificaciones t\u00e9cnicas:<\/strong><br \/>\n&#8211; Salida inferior: V\u00e1lvula de mariposa integrada de 50 mm (2&#8243;), rosca macho S60x6 \u2013 compatible con la mayor\u00eda de conexiones est\u00e1ndar<br \/>\n&#8211; Apertura superior: Tapa de 150 mm (6&#8243;) sin ventilaci\u00f3n \u2013 f\u00e1cil acceso para llenado e inspecci\u00f3n<\/p>\n<p><strong>Usos comunes:<\/strong><br \/>\n&#8211; Fertilizantes l\u00edquidos, soluciones de riego, t\u00e9 de compost<br \/>\n&#8211; Fluidos t\u00e9cnicos y agentes de limpieza<br \/>\n&#8211; Recolecci\u00f3n y almacenamiento de agua de lluvia (no potable)<br \/>\n&#8211; Agua residual o de enjuague en procesos industriales<\/p>\n","protected":false},"excerpt":{"rendered":"<p><strong>ReNewCube IBC 1000 \u2013 Contenedor IBC reacondicionado con botella interior nueva y estructura usada<\/strong><\/p>\n<p>ReNewCube IBC 1000 es un contenedor IBC reacondicionado de alta calidad (rebottled) de 1000 litros, que combina una botella interior nueva de HDPE con una estructura de acero galvanizado usada y revisada. Es una soluci\u00f3n sostenible y econ\u00f3mica para el almacenamiento de l\u00edquidos donde no se requiere certificaci\u00f3n UN ni FDA. <\/p>\n<p>Este contenedor no dispone de certificaci\u00f3n UN ni FDA. Est\u00e1 dise\u00f1ado para aplicaciones t\u00e9cnicas, agr\u00edcolas o no alimentarias, y no debe utilizarse para productos peligrosos ni alimentos. <\/p>\n","protected":false},"featured_media":24286,"template":"","meta":[],"product_brand":[],"product_cat":[382],"product_tag":[],"class_list":{"0":"post-18621","1":"product","2":"type-product","3":"status-publish","4":"has-post-thumbnail","6":"product_cat-bote-intermedio-a-granel-ibc-1000-litros","7":"product_shipping_class-containers-es","9":"first","10":"onbackorder","11":"taxable","12":"shipping-taxable","13":"product-type-simple"},"yoast_head":"<!-- This site is optimized with the Yoast SEO plugin v26.9 - https:\/\/yoast.com\/product\/yoast-seo-wordpress\/ -->\n<title>ReNewCube IBC 1000 \u2013 IBC reembotellado - IBC konteineri m&uuml;&uuml;k, vaadid, kraanid, mahutid<\/title>\n<meta name=\"description\" content=\"ReNewCube IBC 1000 es un contenedor IBC reacondicionado de alta calidad (rebottled) de 1000 litros, que combina una botella interior nueva de HDPE con una estructura de acero galvanizado usada y revisada.\" \/>\n<meta name=\"robots\" content=\"index, follow, max-snippet:-1, max-image-preview:large, max-video-preview:-1\" \/>\n<link rel=\"canonical\" href=\"https:\/\/ibc.ee\/es\/producto\/renewcube-ibc-1000-ibc-reembotellado\/\" \/>\n<meta property=\"og:locale\" content=\"es_ES\" \/>\n<meta property=\"og:type\" content=\"article\" \/>\n<meta property=\"og:title\" content=\"ReNewCube IBC 1000 \u2013 IBC reembotellado - IBC konteineri m&uuml;&uuml;k, vaadid, kraanid, mahutid\" \/>\n<meta property=\"og:description\" content=\"ReNewCube IBC 1000 es un contenedor IBC reacondicionado de alta calidad (rebottled) de 1000 litros, que combina una botella interior nueva de HDPE con una estructura de acero galvanizado usada y revisada.\" \/>\n<meta property=\"og:url\" content=\"https:\/\/ibc.ee\/es\/producto\/renewcube-ibc-1000-ibc-reembotellado\/\" \/>\n<meta property=\"og:site_name\" content=\"IBC konteineri m&uuml;&uuml;k, vaadid, kraanid, mahutid\" \/>\n<meta property=\"article:modified_time\" content=\"2025-07-10T08:48:57+00:00\" \/>\n<meta property=\"og:image\" content=\"https:\/\/ibc.ee\/wp-content\/uploads\/2018\/06\/ReNewCube-IBC-1000-Rebottled-IBC.jpg\" \/>\n\t<meta property=\"og:image:width\" content=\"1000\" \/>\n\t<meta property=\"og:image:height\" content=\"1000\" \/>\n\t<meta property=\"og:image:type\" content=\"image\/jpeg\" \/>\n<meta name=\"twitter:card\" content=\"summary_large_image\" \/>\n<meta name=\"twitter:label1\" content=\"Tiempo de lectura\" \/>\n\t<meta name=\"twitter:data1\" content=\"1 minuto\" \/>\n<script type=\"application\/ld+json\" class=\"yoast-schema-graph\">{\"@context\":\"https:\/\/schema.org\",\"@graph\":[{\"@type\":\"WebPage\",\"@id\":\"https:\/\/ibc.ee\/es\/producto\/renewcube-ibc-1000-ibc-reembotellado\/\",\"url\":\"https:\/\/ibc.ee\/es\/producto\/renewcube-ibc-1000-ibc-reembotellado\/\",\"name\":\"ReNewCube IBC 1000 \u2013 IBC reembotellado - IBC konteineri m&uuml;&uuml;k, vaadid, kraanid, mahutid\",\"isPartOf\":{\"@id\":\"https:\/\/www.ibc.ee\/es\/#website\"},\"primaryImageOfPage\":{\"@id\":\"https:\/\/ibc.ee\/es\/producto\/renewcube-ibc-1000-ibc-reembotellado\/#primaryimage\"},\"image\":{\"@id\":\"https:\/\/ibc.ee\/es\/producto\/renewcube-ibc-1000-ibc-reembotellado\/#primaryimage\"},\"thumbnailUrl\":\"https:\/\/ibc.ee\/wp-content\/uploads\/2018\/06\/ReNewCube-IBC-1000-Rebottled-IBC.jpg\",\"datePublished\":\"2019-05-27T13:25:37+00:00\",\"dateModified\":\"2025-07-10T08:48:57+00:00\",\"description\":\"ReNewCube IBC 1000 es un contenedor IBC reacondicionado de alta calidad (rebottled) de 1000 litros, que combina una botella interior nueva de HDPE con una estructura de acero galvanizado usada y revisada.\",\"breadcrumb\":{\"@id\":\"https:\/\/ibc.ee\/es\/producto\/renewcube-ibc-1000-ibc-reembotellado\/#breadcrumb\"},\"inLanguage\":\"es\",\"potentialAction\":[{\"@type\":\"ReadAction\",\"target\":[\"https:\/\/ibc.ee\/es\/producto\/renewcube-ibc-1000-ibc-reembotellado\/\"]}]},{\"@type\":\"ImageObject\",\"inLanguage\":\"es\",\"@id\":\"https:\/\/ibc.ee\/es\/producto\/renewcube-ibc-1000-ibc-reembotellado\/#primaryimage\",\"url\":\"https:\/\/ibc.ee\/wp-content\/uploads\/2018\/06\/ReNewCube-IBC-1000-Rebottled-IBC.jpg\",\"contentUrl\":\"https:\/\/ibc.ee\/wp-content\/uploads\/2018\/06\/ReNewCube-IBC-1000-Rebottled-IBC.jpg\",\"width\":1000,\"height\":1000,\"caption\":\"ReNewCube IBC 1000 \u2013 Rebottled IBC\"},{\"@type\":\"BreadcrumbList\",\"@id\":\"https:\/\/ibc.ee\/es\/producto\/renewcube-ibc-1000-ibc-reembotellado\/#breadcrumb\",\"itemListElement\":[{\"@type\":\"ListItem\",\"position\":1,\"name\":\"\u0413\u043b\u0430\u0432\u043d\u0430\u044f \u0441\u0442\u0440\u0430\u043d\u0438\u0446\u0430\",\"item\":\"https:\/\/www.ibc.ee\/es\/\"},{\"@type\":\"ListItem\",\"position\":2,\"name\":\"Tienda\",\"item\":\"https:\/\/www.ibc.ee\/es\/tienda\/\"},{\"@type\":\"ListItem\",\"position\":3,\"name\":\"ReNewCube IBC 1000 \u2013 IBC reembotellado\"}]},{\"@type\":\"WebSite\",\"@id\":\"https:\/\/www.ibc.ee\/es\/#website\",\"url\":\"https:\/\/www.ibc.ee\/es\/\",\"name\":\"IBC konteineri m&uuml;&uuml;k, vaadid, kraanid, mahutid\",\"description\":\"IBC - Tank container valve, Adapters\\\\fittings, Intermediate bulk, container, Drums\/cans\",\"potentialAction\":[{\"@type\":\"SearchAction\",\"target\":{\"@type\":\"EntryPoint\",\"urlTemplate\":\"https:\/\/www.ibc.ee\/es\/?s={search_term_string}\"},\"query-input\":{\"@type\":\"PropertyValueSpecification\",\"valueRequired\":true,\"valueName\":\"search_term_string\"}}],\"inLanguage\":\"es\"}]}<\/script>\n<!-- \/ Yoast SEO plugin. -->","yoast_head_json":{"title":"ReNewCube IBC 1000 \u2013 IBC reembotellado - IBC konteineri m&uuml;&uuml;k, vaadid, kraanid, mahutid","description":"ReNewCube IBC 1000 es un contenedor IBC reacondicionado de alta calidad (rebottled) de 1000 litros, que combina una botella interior nueva de HDPE con una estructura de acero galvanizado usada y revisada.","robots":{"index":"index","follow":"follow","max-snippet":"max-snippet:-1","max-image-preview":"max-image-preview:large","max-video-preview":"max-video-preview:-1"},"canonical":"https:\/\/ibc.ee\/es\/producto\/renewcube-ibc-1000-ibc-reembotellado\/","og_locale":"es_ES","og_type":"article","og_title":"ReNewCube IBC 1000 \u2013 IBC reembotellado - IBC konteineri m&uuml;&uuml;k, vaadid, kraanid, mahutid","og_description":"ReNewCube IBC 1000 es un contenedor IBC reacondicionado de alta calidad (rebottled) de 1000 litros, que combina una botella interior nueva de HDPE con una estructura de acero galvanizado usada y revisada.","og_url":"https:\/\/ibc.ee\/es\/producto\/renewcube-ibc-1000-ibc-reembotellado\/","og_site_name":"IBC konteineri m&uuml;&uuml;k, vaadid, kraanid, mahutid","article_modified_time":"2025-07-10T08:48:57+00:00","og_image":[{"width":1000,"height":1000,"url":"https:\/\/ibc.ee\/wp-content\/uploads\/2018\/06\/ReNewCube-IBC-1000-Rebottled-IBC.jpg","type":"image\/jpeg"}],"twitter_card":"summary_large_image","twitter_misc":{"Tiempo de lectura":"1 minuto"},"schema":{"@context":"https:\/\/schema.org","@graph":[{"@type":"WebPage","@id":"https:\/\/ibc.ee\/es\/producto\/renewcube-ibc-1000-ibc-reembotellado\/","url":"https:\/\/ibc.ee\/es\/producto\/renewcube-ibc-1000-ibc-reembotellado\/","name":"ReNewCube IBC 1000 \u2013 IBC reembotellado - IBC konteineri m&uuml;&uuml;k, vaadid, kraanid, mahutid","isPartOf":{"@id":"https:\/\/www.ibc.ee\/es\/#website"},"primaryImageOfPage":{"@id":"https:\/\/ibc.ee\/es\/producto\/renewcube-ibc-1000-ibc-reembotellado\/#primaryimage"},"image":{"@id":"https:\/\/ibc.ee\/es\/producto\/renewcube-ibc-1000-ibc-reembotellado\/#primaryimage"},"thumbnailUrl":"https:\/\/ibc.ee\/wp-content\/uploads\/2018\/06\/ReNewCube-IBC-1000-Rebottled-IBC.jpg","datePublished":"2019-05-27T13:25:37+00:00","dateModified":"2025-07-10T08:48:57+00:00","description":"ReNewCube IBC 1000 es un contenedor IBC reacondicionado de alta calidad (rebottled) de 1000 litros, que combina una botella interior nueva de HDPE con una estructura de acero galvanizado usada y revisada.","breadcrumb":{"@id":"https:\/\/ibc.ee\/es\/producto\/renewcube-ibc-1000-ibc-reembotellado\/#breadcrumb"},"inLanguage":"es","potentialAction":[{"@type":"ReadAction","target":["https:\/\/ibc.ee\/es\/producto\/renewcube-ibc-1000-ibc-reembotellado\/"]}]},{"@type":"ImageObject","inLanguage":"es","@id":"https:\/\/ibc.ee\/es\/producto\/renewcube-ibc-1000-ibc-reembotellado\/#primaryimage","url":"https:\/\/ibc.ee\/wp-content\/uploads\/2018\/06\/ReNewCube-IBC-1000-Rebottled-IBC.jpg","contentUrl":"https:\/\/ibc.ee\/wp-content\/uploads\/2018\/06\/ReNewCube-IBC-1000-Rebottled-IBC.jpg","width":1000,"height":1000,"caption":"ReNewCube IBC 1000 \u2013 Rebottled IBC"},{"@type":"BreadcrumbList","@id":"https:\/\/ibc.ee\/es\/producto\/renewcube-ibc-1000-ibc-reembotellado\/#breadcrumb","itemListElement":[{"@type":"ListItem","position":1,"name":"\u0413\u043b\u0430\u0432\u043d\u0430\u044f \u0441\u0442\u0440\u0430\u043d\u0438\u0446\u0430","item":"https:\/\/www.ibc.ee\/es\/"},{"@type":"ListItem","position":2,"name":"Tienda","item":"https:\/\/www.ibc.ee\/es\/tienda\/"},{"@type":"ListItem","position":3,"name":"ReNewCube IBC 1000 \u2013 IBC reembotellado"}]},{"@type":"WebSite","@id":"https:\/\/www.ibc.ee\/es\/#website","url":"https:\/\/www.ibc.ee\/es\/","name":"IBC konteineri m&uuml;&uuml;k, vaadid, kraanid, mahutid","description":"IBC - Tank container valve, Adapters\\fittings, Intermediate bulk, container, Drums\/cans","potentialAction":[{"@type":"SearchAction","target":{"@type":"EntryPoint","urlTemplate":"https:\/\/www.ibc.ee\/es\/?s={search_term_string}"},"query-input":{"@type":"PropertyValueSpecification","valueRequired":true,"valueName":"search_term_string"}}],"inLanguage":"es"}]}},"_links":{"self":[{"href":"https:\/\/ibc.ee\/es\/wp-json\/wp\/v2\/product\/18621","targetHints":{"allow":["GET"]}}],"collection":[{"href":"https:\/\/ibc.ee\/es\/wp-json\/wp\/v2\/product"}],"about":[{"href":"https:\/\/ibc.ee\/es\/wp-json\/wp\/v2\/types\/product"}],"wp:featuredmedia":[{"embeddable":true,"href":"https:\/\/ibc.ee\/es\/wp-json\/wp\/v2\/media\/24286"}],"wp:attachment":[{"href":"https:\/\/ibc.ee\/es\/wp-json\/wp\/v2\/media?parent=18621"}],"wp:term":[{"taxonomy":"product_brand","embeddable":true,"href":"https:\/\/ibc.ee\/es\/wp-json\/wp\/v2\/product_brand?post=18621"},{"taxonomy":"product_cat","embeddable":true,"href":"https:\/\/ibc.ee\/es\/wp-json\/wp\/v2\/product_cat?post=18621"},{"taxonomy":"product_tag","embeddable":true,"href":"https:\/\/ibc.ee\/es\/wp-json\/wp\/v2\/product_tag?post=18621"}],"curies":[{"name":"wp","href":"https:\/\/api.w.org\/{rel}","templated":true}]}}