{"id":18627,"date":"2018-08-27T11:00:15","date_gmt":"2019-05-27T13:25:46","guid":{"rendered":"https:\/\/www.ibc.ee\/product\/recipiente-a-granel-intermedio-ibc-1000l-o\/"},"modified":"2025-07-07T15:00:51","modified_gmt":"2025-07-07T13:00:51","slug":"contenedor-ibc-1000-reembotellado-renewcube-con-certificacion-un-fda","status":"publish","type":"product","link":"https:\/\/ibc.ee\/es\/producto\/contenedor-ibc-1000-reembotellado-renewcube-con-certificacion-un-fda\/","title":{"rendered":"Contenedor IBC 1000 reembotellado ReNewCube con certificaci\u00f3n UN+FDA"},"content":{"rendered":"<p><strong>\u00bfQu\u00e9 es un IBC \u00abrebottled\u00bb?<\/strong><\/p>\n<p>Un IBC \u00abrebottled\u00bb (reembotellado) es un contenedor que cuenta con una botella interna nueva de HDPE, instalada dentro de una estructura met\u00e1lica usada. Todos los l\u00edquidos almacenados entran en contacto \u00fanicamente con la botella nueva.<br \/>El proceso de reembotellado incluye la sustituci\u00f3n de la botella, la tapa superior y la v\u00e1lvula inferior.   <\/p>\n<p><strong>Aplicaciones t\u00edpicas:<\/strong><br \/>\n<strong>Industria alimentaria y de bebidas<\/strong><br \/>\n&#8211; Jarabes, aceites vegetales, concentrados de sabor<br \/>\n&#8211; Vinagre, endulzantes l\u00edquidos<br \/>\n&#8211; Ingredientes para bebidas (no carbonatadas)<\/p>\n<p><strong>Agricultura y riego<\/strong><br \/>\n&#8211; Fertilizantes l\u00edquidos, nutrientes para plantas<br \/>\n&#8211; Agua de riego (incluyendo agua potable)<br \/>\n&#8211; T\u00e9 de compost, almacenamiento de extractos org\u00e1nicos<\/p>\n<p><strong>Fluidos industriales y qu\u00edmicos<\/strong><br \/>\n&#8211; Agentes de limpieza, disolventes no corrosivos<br \/>\n&#8211; Pinturas y colorantes a base de agua<br \/>\n&#8211; Transporte seguro de l\u00edquidos clasificados por la ONU<\/p>\n<p><strong>Almacenamiento de agua<\/strong><br \/>\n&#8211; Agua potable (uso no comercial)<br \/>\n&#8211; Recolecci\u00f3n de agua de lluvia para uso dom\u00e9stico<br \/>\n&#8211; Reservas de agua potable para emergencias<\/p>\n","protected":false},"excerpt":{"rendered":"<p>Soluci\u00f3n pr\u00e1ctica y rentable para el almacenamiento seguro y certificado de l\u00edquidos<br \/>Ideal para quienes buscan higiene certificada y rendimiento confiable, pero desean reducir costos y el impacto ambiental. <\/p>\n<p>Este IBC rebottled cuenta con una nueva botella interior de HDPE, fabricada con pl\u00e1stico de calidad alimentaria conforme a FDA, y est\u00e1 totalmente certificado por la ONU para el transporte y almacenamiento de l\u00edquidos peligrosos y no peligrosos.<br \/>La estructura met\u00e1lica galvanizada y la base de pal\u00e9 provienen de una unidad reutilizada, lo que ofrece una opci\u00f3n sostenible y econ\u00f3mica sin comprometer la seguridad ni el cumplimiento normativo. <\/p>\n","protected":false},"featured_media":24202,"template":"","meta":[],"product_brand":[],"product_cat":[382],"product_tag":[],"class_list":{"0":"post-18627","1":"product","2":"type-product","3":"status-publish","4":"has-post-thumbnail","6":"product_cat-bote-intermedio-a-granel-ibc-1000-litros","7":"product_shipping_class-containers-es","9":"first","10":"onbackorder","11":"taxable","12":"shipping-taxable","13":"purchasable","14":"product-type-simple"},"yoast_head":"<!-- This site is optimized with the Yoast SEO plugin v26.9 - https:\/\/yoast.com\/product\/yoast-seo-wordpress\/ -->\n<title>Contenedor IBC 1000 reembotellado ReNewCube con certificaci\u00f3n UN+FDA - IBC konteineri m&uuml;&uuml;k, vaadid, kraanid, mahutid<\/title>\n<meta name=\"description\" content=\"Un IBC rebottled es nuevo por dentro, reutilizado por fuera \u2014 la combinaci\u00f3n ideal entre funcionalidad, seguridad y precio.\" \/>\n<meta name=\"robots\" content=\"index, follow, max-snippet:-1, max-image-preview:large, max-video-preview:-1\" \/>\n<link rel=\"canonical\" href=\"https:\/\/ibc.ee\/es\/producto\/contenedor-ibc-1000-reembotellado-renewcube-con-certificacion-un-fda\/\" \/>\n<meta property=\"og:locale\" content=\"es_ES\" \/>\n<meta property=\"og:type\" content=\"article\" \/>\n<meta property=\"og:title\" content=\"Contenedor IBC 1000 reembotellado ReNewCube con certificaci\u00f3n UN+FDA - IBC konteineri m&uuml;&uuml;k, vaadid, kraanid, mahutid\" \/>\n<meta property=\"og:description\" content=\"Un IBC rebottled es nuevo por dentro, reutilizado por fuera \u2014 la combinaci\u00f3n ideal entre funcionalidad, seguridad y precio.\" \/>\n<meta property=\"og:url\" content=\"https:\/\/ibc.ee\/es\/producto\/contenedor-ibc-1000-reembotellado-renewcube-con-certificacion-un-fda\/\" \/>\n<meta property=\"og:site_name\" content=\"IBC konteineri m&uuml;&uuml;k, vaadid, kraanid, mahutid\" \/>\n<meta property=\"article:modified_time\" content=\"2025-07-07T13:00:51+00:00\" \/>\n<meta property=\"og:image\" content=\"https:\/\/ibc.ee\/wp-content\/uploads\/2018\/08\/ReNewCube-UNFDA-certified-rebottled-IBC-1000-container.jpg\" \/>\n\t<meta property=\"og:image:width\" content=\"1000\" \/>\n\t<meta property=\"og:image:height\" content=\"1000\" \/>\n\t<meta property=\"og:image:type\" content=\"image\/jpeg\" \/>\n<meta name=\"twitter:card\" content=\"summary_large_image\" \/>\n<meta name=\"twitter:label1\" content=\"Tiempo de lectura\" \/>\n\t<meta name=\"twitter:data1\" content=\"1 minuto\" \/>\n<script type=\"application\/ld+json\" class=\"yoast-schema-graph\">{\"@context\":\"https:\/\/schema.org\",\"@graph\":[{\"@type\":\"WebPage\",\"@id\":\"https:\/\/ibc.ee\/es\/producto\/contenedor-ibc-1000-reembotellado-renewcube-con-certificacion-un-fda\/\",\"url\":\"https:\/\/ibc.ee\/es\/producto\/contenedor-ibc-1000-reembotellado-renewcube-con-certificacion-un-fda\/\",\"name\":\"Contenedor IBC 1000 reembotellado ReNewCube con certificaci\u00f3n UN+FDA - IBC konteineri m&uuml;&uuml;k, vaadid, kraanid, mahutid\",\"isPartOf\":{\"@id\":\"https:\/\/www.ibc.ee\/es\/#website\"},\"primaryImageOfPage\":{\"@id\":\"https:\/\/ibc.ee\/es\/producto\/contenedor-ibc-1000-reembotellado-renewcube-con-certificacion-un-fda\/#primaryimage\"},\"image\":{\"@id\":\"https:\/\/ibc.ee\/es\/producto\/contenedor-ibc-1000-reembotellado-renewcube-con-certificacion-un-fda\/#primaryimage\"},\"thumbnailUrl\":\"https:\/\/ibc.ee\/wp-content\/uploads\/2018\/08\/ReNewCube-UNFDA-certified-rebottled-IBC-1000-container.jpg\",\"datePublished\":\"2019-05-27T13:25:46+00:00\",\"dateModified\":\"2025-07-07T13:00:51+00:00\",\"description\":\"Un IBC rebottled es nuevo por dentro, reutilizado por fuera \u2014 la combinaci\u00f3n ideal entre funcionalidad, seguridad y precio.\",\"breadcrumb\":{\"@id\":\"https:\/\/ibc.ee\/es\/producto\/contenedor-ibc-1000-reembotellado-renewcube-con-certificacion-un-fda\/#breadcrumb\"},\"inLanguage\":\"es\",\"potentialAction\":[{\"@type\":\"ReadAction\",\"target\":[\"https:\/\/ibc.ee\/es\/producto\/contenedor-ibc-1000-reembotellado-renewcube-con-certificacion-un-fda\/\"]}]},{\"@type\":\"ImageObject\",\"inLanguage\":\"es\",\"@id\":\"https:\/\/ibc.ee\/es\/producto\/contenedor-ibc-1000-reembotellado-renewcube-con-certificacion-un-fda\/#primaryimage\",\"url\":\"https:\/\/ibc.ee\/wp-content\/uploads\/2018\/08\/ReNewCube-UNFDA-certified-rebottled-IBC-1000-container.jpg\",\"contentUrl\":\"https:\/\/ibc.ee\/wp-content\/uploads\/2018\/08\/ReNewCube-UNFDA-certified-rebottled-IBC-1000-container.jpg\",\"width\":1000,\"height\":1000,\"caption\":\"ReNewCube UN+FDA certified rebottled IBC 1000 container\"},{\"@type\":\"BreadcrumbList\",\"@id\":\"https:\/\/ibc.ee\/es\/producto\/contenedor-ibc-1000-reembotellado-renewcube-con-certificacion-un-fda\/#breadcrumb\",\"itemListElement\":[{\"@type\":\"ListItem\",\"position\":1,\"name\":\"\u0413\u043b\u0430\u0432\u043d\u0430\u044f \u0441\u0442\u0440\u0430\u043d\u0438\u0446\u0430\",\"item\":\"https:\/\/www.ibc.ee\/es\/\"},{\"@type\":\"ListItem\",\"position\":2,\"name\":\"Tienda\",\"item\":\"https:\/\/www.ibc.ee\/es\/tienda\/\"},{\"@type\":\"ListItem\",\"position\":3,\"name\":\"Contenedor IBC 1000 reembotellado ReNewCube con certificaci\u00f3n UN+FDA\"}]},{\"@type\":\"WebSite\",\"@id\":\"https:\/\/www.ibc.ee\/es\/#website\",\"url\":\"https:\/\/www.ibc.ee\/es\/\",\"name\":\"IBC konteineri m&uuml;&uuml;k, vaadid, kraanid, mahutid\",\"description\":\"IBC - Tank container valve, Adapters\\\\fittings, Intermediate bulk, container, Drums\/cans\",\"potentialAction\":[{\"@type\":\"SearchAction\",\"target\":{\"@type\":\"EntryPoint\",\"urlTemplate\":\"https:\/\/www.ibc.ee\/es\/?s={search_term_string}\"},\"query-input\":{\"@type\":\"PropertyValueSpecification\",\"valueRequired\":true,\"valueName\":\"search_term_string\"}}],\"inLanguage\":\"es\"}]}<\/script>\n<!-- \/ Yoast SEO plugin. -->","yoast_head_json":{"title":"Contenedor IBC 1000 reembotellado ReNewCube con certificaci\u00f3n UN+FDA - IBC konteineri m&uuml;&uuml;k, vaadid, kraanid, mahutid","description":"Un IBC rebottled es nuevo por dentro, reutilizado por fuera \u2014 la combinaci\u00f3n ideal entre funcionalidad, seguridad y precio.","robots":{"index":"index","follow":"follow","max-snippet":"max-snippet:-1","max-image-preview":"max-image-preview:large","max-video-preview":"max-video-preview:-1"},"canonical":"https:\/\/ibc.ee\/es\/producto\/contenedor-ibc-1000-reembotellado-renewcube-con-certificacion-un-fda\/","og_locale":"es_ES","og_type":"article","og_title":"Contenedor IBC 1000 reembotellado ReNewCube con certificaci\u00f3n UN+FDA - IBC konteineri m&uuml;&uuml;k, vaadid, kraanid, mahutid","og_description":"Un IBC rebottled es nuevo por dentro, reutilizado por fuera \u2014 la combinaci\u00f3n ideal entre funcionalidad, seguridad y precio.","og_url":"https:\/\/ibc.ee\/es\/producto\/contenedor-ibc-1000-reembotellado-renewcube-con-certificacion-un-fda\/","og_site_name":"IBC konteineri m&uuml;&uuml;k, vaadid, kraanid, mahutid","article_modified_time":"2025-07-07T13:00:51+00:00","og_image":[{"width":1000,"height":1000,"url":"https:\/\/ibc.ee\/wp-content\/uploads\/2018\/08\/ReNewCube-UNFDA-certified-rebottled-IBC-1000-container.jpg","type":"image\/jpeg"}],"twitter_card":"summary_large_image","twitter_misc":{"Tiempo de lectura":"1 minuto"},"schema":{"@context":"https:\/\/schema.org","@graph":[{"@type":"WebPage","@id":"https:\/\/ibc.ee\/es\/producto\/contenedor-ibc-1000-reembotellado-renewcube-con-certificacion-un-fda\/","url":"https:\/\/ibc.ee\/es\/producto\/contenedor-ibc-1000-reembotellado-renewcube-con-certificacion-un-fda\/","name":"Contenedor IBC 1000 reembotellado ReNewCube con certificaci\u00f3n UN+FDA - IBC konteineri m&uuml;&uuml;k, vaadid, kraanid, mahutid","isPartOf":{"@id":"https:\/\/www.ibc.ee\/es\/#website"},"primaryImageOfPage":{"@id":"https:\/\/ibc.ee\/es\/producto\/contenedor-ibc-1000-reembotellado-renewcube-con-certificacion-un-fda\/#primaryimage"},"image":{"@id":"https:\/\/ibc.ee\/es\/producto\/contenedor-ibc-1000-reembotellado-renewcube-con-certificacion-un-fda\/#primaryimage"},"thumbnailUrl":"https:\/\/ibc.ee\/wp-content\/uploads\/2018\/08\/ReNewCube-UNFDA-certified-rebottled-IBC-1000-container.jpg","datePublished":"2019-05-27T13:25:46+00:00","dateModified":"2025-07-07T13:00:51+00:00","description":"Un IBC rebottled es nuevo por dentro, reutilizado por fuera \u2014 la combinaci\u00f3n ideal entre funcionalidad, seguridad y precio.","breadcrumb":{"@id":"https:\/\/ibc.ee\/es\/producto\/contenedor-ibc-1000-reembotellado-renewcube-con-certificacion-un-fda\/#breadcrumb"},"inLanguage":"es","potentialAction":[{"@type":"ReadAction","target":["https:\/\/ibc.ee\/es\/producto\/contenedor-ibc-1000-reembotellado-renewcube-con-certificacion-un-fda\/"]}]},{"@type":"ImageObject","inLanguage":"es","@id":"https:\/\/ibc.ee\/es\/producto\/contenedor-ibc-1000-reembotellado-renewcube-con-certificacion-un-fda\/#primaryimage","url":"https:\/\/ibc.ee\/wp-content\/uploads\/2018\/08\/ReNewCube-UNFDA-certified-rebottled-IBC-1000-container.jpg","contentUrl":"https:\/\/ibc.ee\/wp-content\/uploads\/2018\/08\/ReNewCube-UNFDA-certified-rebottled-IBC-1000-container.jpg","width":1000,"height":1000,"caption":"ReNewCube UN+FDA certified rebottled IBC 1000 container"},{"@type":"BreadcrumbList","@id":"https:\/\/ibc.ee\/es\/producto\/contenedor-ibc-1000-reembotellado-renewcube-con-certificacion-un-fda\/#breadcrumb","itemListElement":[{"@type":"ListItem","position":1,"name":"\u0413\u043b\u0430\u0432\u043d\u0430\u044f \u0441\u0442\u0440\u0430\u043d\u0438\u0446\u0430","item":"https:\/\/www.ibc.ee\/es\/"},{"@type":"ListItem","position":2,"name":"Tienda","item":"https:\/\/www.ibc.ee\/es\/tienda\/"},{"@type":"ListItem","position":3,"name":"Contenedor IBC 1000 reembotellado ReNewCube con certificaci\u00f3n UN+FDA"}]},{"@type":"WebSite","@id":"https:\/\/www.ibc.ee\/es\/#website","url":"https:\/\/www.ibc.ee\/es\/","name":"IBC konteineri m&uuml;&uuml;k, vaadid, kraanid, mahutid","description":"IBC - Tank container valve, Adapters\\fittings, Intermediate bulk, container, Drums\/cans","potentialAction":[{"@type":"SearchAction","target":{"@type":"EntryPoint","urlTemplate":"https:\/\/www.ibc.ee\/es\/?s={search_term_string}"},"query-input":{"@type":"PropertyValueSpecification","valueRequired":true,"valueName":"search_term_string"}}],"inLanguage":"es"}]}},"_links":{"self":[{"href":"https:\/\/ibc.ee\/es\/wp-json\/wp\/v2\/product\/18627","targetHints":{"allow":["GET"]}}],"collection":[{"href":"https:\/\/ibc.ee\/es\/wp-json\/wp\/v2\/product"}],"about":[{"href":"https:\/\/ibc.ee\/es\/wp-json\/wp\/v2\/types\/product"}],"wp:featuredmedia":[{"embeddable":true,"href":"https:\/\/ibc.ee\/es\/wp-json\/wp\/v2\/media\/24202"}],"wp:attachment":[{"href":"https:\/\/ibc.ee\/es\/wp-json\/wp\/v2\/media?parent=18627"}],"wp:term":[{"taxonomy":"product_brand","embeddable":true,"href":"https:\/\/ibc.ee\/es\/wp-json\/wp\/v2\/product_brand?post=18627"},{"taxonomy":"product_cat","embeddable":true,"href":"https:\/\/ibc.ee\/es\/wp-json\/wp\/v2\/product_cat?post=18627"},{"taxonomy":"product_tag","embeddable":true,"href":"https:\/\/ibc.ee\/es\/wp-json\/wp\/v2\/product_tag?post=18627"}],"curies":[{"name":"wp","href":"https:\/\/api.w.org\/{rel}","templated":true}]}}