{"id":19917,"date":"2020-08-18T06:35:35","date_gmt":"2020-08-18T04:35:35","guid":{"rendered":"https:\/\/ibc.ee\/?post_type=product&#038;p=19917"},"modified":"2025-06-26T14:55:19","modified_gmt":"2025-06-26T12:55:19","slug":"bidon-de-plastico-th-220l-200-lit","status":"publish","type":"product","link":"https:\/\/ibc.ee\/es\/producto\/bidon-de-plastico-th-220l-200-lit\/","title":{"rendered":"Bid\u00f3n de pl\u00e1stico TH 220L 200 lit"},"content":{"rendered":"<p>La lata de pl\u00e1stico TH 220L \/ 200 lit est\u00e1 hecha de pl\u00e1stico de polietileno de alto peso molecular (HMWPE) de resistencia industrial similar al HDPE pero m\u00e1s duradero, con paredes extra gruesas para proporcionar un rendimiento superior y una durabilidad duradera. La construcci\u00f3n sin costuras de este tambor de cabezal cerrado es adecuada para uso en exteriores. Se puede usar como barril de lluvia, barril flotante o boya, o contenedor de almacenamiento de productos qu\u00edmicos, aceites y m\u00e1s.<\/p>\n","protected":false},"excerpt":{"rendered":"<p>La lata de pl\u00e1stico TH 220L \/ 200 lit est\u00e1 hecha de pl\u00e1stico de polietileno de alto peso molecular (HMWPE) de resistencia industrial similar al HDPE pero m\u00e1s duradero, con paredes extra gruesas para proporcionar un rendimiento superior y una durabilidad duradera. La construcci\u00f3n sin costuras de este tambor de cabezal cerrado es adecuada para [&hellip;]<\/p>\n","protected":false},"featured_media":19929,"template":"","meta":[],"product_brand":[],"product_cat":[380],"product_tag":[],"class_list":{"0":"post-19917","1":"product","2":"type-product","3":"status-publish","4":"has-post-thumbnail","6":"product_cat-tambores-y-latas","7":"product_shipping_class-drums-and-cans-es","9":"first","10":"onbackorder","11":"taxable","12":"shipping-taxable","13":"purchasable","14":"product-type-simple"},"yoast_head":"<!-- This site is optimized with the Yoast SEO plugin v26.9 - https:\/\/yoast.com\/product\/yoast-seo-wordpress\/ -->\n<title>Bid\u00f3n de pl\u00e1stico TH 220L 200 lit - IBC konteineri m&uuml;&uuml;k, vaadid, kraanid, mahutid<\/title>\n<meta name=\"description\" content=\"La lata de pl\u00e1stico TH 220L \/ 200 lit est\u00e1 hecha de polietileno de alto peso molecular (HMWPE) de resistencia industrial, con paredes extra gruesas para proporcionar un rendimiento superior y una durabilidad duradera.\" \/>\n<meta name=\"robots\" content=\"index, follow, max-snippet:-1, max-image-preview:large, max-video-preview:-1\" \/>\n<link rel=\"canonical\" href=\"https:\/\/ibc.ee\/es\/producto\/bidon-de-plastico-th-220l-200-lit\/\" \/>\n<meta property=\"og:locale\" content=\"es_ES\" \/>\n<meta property=\"og:type\" content=\"article\" \/>\n<meta property=\"og:title\" content=\"Bid\u00f3n de pl\u00e1stico TH 220L 200 lit - IBC konteineri m&uuml;&uuml;k, vaadid, kraanid, mahutid\" \/>\n<meta property=\"og:description\" content=\"La lata de pl\u00e1stico TH 220L \/ 200 lit est\u00e1 hecha de polietileno de alto peso molecular (HMWPE) de resistencia industrial, con paredes extra gruesas para proporcionar un rendimiento superior y una durabilidad duradera.\" \/>\n<meta property=\"og:url\" content=\"https:\/\/ibc.ee\/es\/producto\/bidon-de-plastico-th-220l-200-lit\/\" \/>\n<meta property=\"og:site_name\" content=\"IBC konteineri m&uuml;&uuml;k, vaadid, kraanid, mahutid\" \/>\n<meta property=\"article:modified_time\" content=\"2025-06-26T12:55:19+00:00\" \/>\n<meta property=\"og:image\" content=\"https:\/\/ibc.ee\/wp-content\/uploads\/2020\/08\/200-plastic-barrel.jpg\" \/>\n\t<meta property=\"og:image:width\" content=\"1000\" \/>\n\t<meta property=\"og:image:height\" content=\"1000\" \/>\n\t<meta property=\"og:image:type\" content=\"image\/jpeg\" \/>\n<meta name=\"twitter:card\" content=\"summary_large_image\" \/>\n<meta name=\"twitter:label1\" content=\"Tiempo de lectura\" \/>\n\t<meta name=\"twitter:data1\" content=\"1 minuto\" \/>\n<script type=\"application\/ld+json\" class=\"yoast-schema-graph\">{\"@context\":\"https:\/\/schema.org\",\"@graph\":[{\"@type\":\"WebPage\",\"@id\":\"https:\/\/ibc.ee\/es\/producto\/bidon-de-plastico-th-220l-200-lit\/\",\"url\":\"https:\/\/ibc.ee\/es\/producto\/bidon-de-plastico-th-220l-200-lit\/\",\"name\":\"Bid\u00f3n de pl\u00e1stico TH 220L 200 lit - IBC konteineri m&uuml;&uuml;k, vaadid, kraanid, mahutid\",\"isPartOf\":{\"@id\":\"https:\/\/www.ibc.ee\/es\/#website\"},\"primaryImageOfPage\":{\"@id\":\"https:\/\/ibc.ee\/es\/producto\/bidon-de-plastico-th-220l-200-lit\/#primaryimage\"},\"image\":{\"@id\":\"https:\/\/ibc.ee\/es\/producto\/bidon-de-plastico-th-220l-200-lit\/#primaryimage\"},\"thumbnailUrl\":\"https:\/\/ibc.ee\/wp-content\/uploads\/2020\/08\/200-plastic-barrel.jpg\",\"datePublished\":\"2020-08-18T04:35:35+00:00\",\"dateModified\":\"2025-06-26T12:55:19+00:00\",\"description\":\"La lata de pl\u00e1stico TH 220L \/ 200 lit est\u00e1 hecha de polietileno de alto peso molecular (HMWPE) de resistencia industrial, con paredes extra gruesas para proporcionar un rendimiento superior y una durabilidad duradera.\",\"breadcrumb\":{\"@id\":\"https:\/\/ibc.ee\/es\/producto\/bidon-de-plastico-th-220l-200-lit\/#breadcrumb\"},\"inLanguage\":\"es\",\"potentialAction\":[{\"@type\":\"ReadAction\",\"target\":[\"https:\/\/ibc.ee\/es\/producto\/bidon-de-plastico-th-220l-200-lit\/\"]}]},{\"@type\":\"ImageObject\",\"inLanguage\":\"es\",\"@id\":\"https:\/\/ibc.ee\/es\/producto\/bidon-de-plastico-th-220l-200-lit\/#primaryimage\",\"url\":\"https:\/\/ibc.ee\/wp-content\/uploads\/2020\/08\/200-plastic-barrel.jpg\",\"contentUrl\":\"https:\/\/ibc.ee\/wp-content\/uploads\/2020\/08\/200-plastic-barrel.jpg\",\"width\":1000,\"height\":1000,\"caption\":\"Bid\u00f3n de pl\u00e1stico TH 220L 200 lit\"},{\"@type\":\"BreadcrumbList\",\"@id\":\"https:\/\/ibc.ee\/es\/producto\/bidon-de-plastico-th-220l-200-lit\/#breadcrumb\",\"itemListElement\":[{\"@type\":\"ListItem\",\"position\":1,\"name\":\"\u0413\u043b\u0430\u0432\u043d\u0430\u044f \u0441\u0442\u0440\u0430\u043d\u0438\u0446\u0430\",\"item\":\"https:\/\/www.ibc.ee\/es\/\"},{\"@type\":\"ListItem\",\"position\":2,\"name\":\"Tienda\",\"item\":\"https:\/\/www.ibc.ee\/es\/tienda\/\"},{\"@type\":\"ListItem\",\"position\":3,\"name\":\"Bid\u00f3n de pl\u00e1stico TH 220L 200 lit\"}]},{\"@type\":\"WebSite\",\"@id\":\"https:\/\/www.ibc.ee\/es\/#website\",\"url\":\"https:\/\/www.ibc.ee\/es\/\",\"name\":\"IBC konteineri m&uuml;&uuml;k, vaadid, kraanid, mahutid\",\"description\":\"IBC - Tank container valve, Adapters\\\\fittings, Intermediate bulk, container, Drums\/cans\",\"potentialAction\":[{\"@type\":\"SearchAction\",\"target\":{\"@type\":\"EntryPoint\",\"urlTemplate\":\"https:\/\/www.ibc.ee\/es\/?s={search_term_string}\"},\"query-input\":{\"@type\":\"PropertyValueSpecification\",\"valueRequired\":true,\"valueName\":\"search_term_string\"}}],\"inLanguage\":\"es\"}]}<\/script>\n<!-- \/ Yoast SEO plugin. -->","yoast_head_json":{"title":"Bid\u00f3n de pl\u00e1stico TH 220L 200 lit - IBC konteineri m&uuml;&uuml;k, vaadid, kraanid, mahutid","description":"La lata de pl\u00e1stico TH 220L \/ 200 lit est\u00e1 hecha de polietileno de alto peso molecular (HMWPE) de resistencia industrial, con paredes extra gruesas para proporcionar un rendimiento superior y una durabilidad duradera.","robots":{"index":"index","follow":"follow","max-snippet":"max-snippet:-1","max-image-preview":"max-image-preview:large","max-video-preview":"max-video-preview:-1"},"canonical":"https:\/\/ibc.ee\/es\/producto\/bidon-de-plastico-th-220l-200-lit\/","og_locale":"es_ES","og_type":"article","og_title":"Bid\u00f3n de pl\u00e1stico TH 220L 200 lit - IBC konteineri m&uuml;&uuml;k, vaadid, kraanid, mahutid","og_description":"La lata de pl\u00e1stico TH 220L \/ 200 lit est\u00e1 hecha de polietileno de alto peso molecular (HMWPE) de resistencia industrial, con paredes extra gruesas para proporcionar un rendimiento superior y una durabilidad duradera.","og_url":"https:\/\/ibc.ee\/es\/producto\/bidon-de-plastico-th-220l-200-lit\/","og_site_name":"IBC konteineri m&uuml;&uuml;k, vaadid, kraanid, mahutid","article_modified_time":"2025-06-26T12:55:19+00:00","og_image":[{"width":1000,"height":1000,"url":"https:\/\/ibc.ee\/wp-content\/uploads\/2020\/08\/200-plastic-barrel.jpg","type":"image\/jpeg"}],"twitter_card":"summary_large_image","twitter_misc":{"Tiempo de lectura":"1 minuto"},"schema":{"@context":"https:\/\/schema.org","@graph":[{"@type":"WebPage","@id":"https:\/\/ibc.ee\/es\/producto\/bidon-de-plastico-th-220l-200-lit\/","url":"https:\/\/ibc.ee\/es\/producto\/bidon-de-plastico-th-220l-200-lit\/","name":"Bid\u00f3n de pl\u00e1stico TH 220L 200 lit - IBC konteineri m&uuml;&uuml;k, vaadid, kraanid, mahutid","isPartOf":{"@id":"https:\/\/www.ibc.ee\/es\/#website"},"primaryImageOfPage":{"@id":"https:\/\/ibc.ee\/es\/producto\/bidon-de-plastico-th-220l-200-lit\/#primaryimage"},"image":{"@id":"https:\/\/ibc.ee\/es\/producto\/bidon-de-plastico-th-220l-200-lit\/#primaryimage"},"thumbnailUrl":"https:\/\/ibc.ee\/wp-content\/uploads\/2020\/08\/200-plastic-barrel.jpg","datePublished":"2020-08-18T04:35:35+00:00","dateModified":"2025-06-26T12:55:19+00:00","description":"La lata de pl\u00e1stico TH 220L \/ 200 lit est\u00e1 hecha de polietileno de alto peso molecular (HMWPE) de resistencia industrial, con paredes extra gruesas para proporcionar un rendimiento superior y una durabilidad duradera.","breadcrumb":{"@id":"https:\/\/ibc.ee\/es\/producto\/bidon-de-plastico-th-220l-200-lit\/#breadcrumb"},"inLanguage":"es","potentialAction":[{"@type":"ReadAction","target":["https:\/\/ibc.ee\/es\/producto\/bidon-de-plastico-th-220l-200-lit\/"]}]},{"@type":"ImageObject","inLanguage":"es","@id":"https:\/\/ibc.ee\/es\/producto\/bidon-de-plastico-th-220l-200-lit\/#primaryimage","url":"https:\/\/ibc.ee\/wp-content\/uploads\/2020\/08\/200-plastic-barrel.jpg","contentUrl":"https:\/\/ibc.ee\/wp-content\/uploads\/2020\/08\/200-plastic-barrel.jpg","width":1000,"height":1000,"caption":"Bid\u00f3n de pl\u00e1stico TH 220L 200 lit"},{"@type":"BreadcrumbList","@id":"https:\/\/ibc.ee\/es\/producto\/bidon-de-plastico-th-220l-200-lit\/#breadcrumb","itemListElement":[{"@type":"ListItem","position":1,"name":"\u0413\u043b\u0430\u0432\u043d\u0430\u044f \u0441\u0442\u0440\u0430\u043d\u0438\u0446\u0430","item":"https:\/\/www.ibc.ee\/es\/"},{"@type":"ListItem","position":2,"name":"Tienda","item":"https:\/\/www.ibc.ee\/es\/tienda\/"},{"@type":"ListItem","position":3,"name":"Bid\u00f3n de pl\u00e1stico TH 220L 200 lit"}]},{"@type":"WebSite","@id":"https:\/\/www.ibc.ee\/es\/#website","url":"https:\/\/www.ibc.ee\/es\/","name":"IBC konteineri m&uuml;&uuml;k, vaadid, kraanid, mahutid","description":"IBC - Tank container valve, Adapters\\fittings, Intermediate bulk, container, Drums\/cans","potentialAction":[{"@type":"SearchAction","target":{"@type":"EntryPoint","urlTemplate":"https:\/\/www.ibc.ee\/es\/?s={search_term_string}"},"query-input":{"@type":"PropertyValueSpecification","valueRequired":true,"valueName":"search_term_string"}}],"inLanguage":"es"}]}},"_links":{"self":[{"href":"https:\/\/ibc.ee\/es\/wp-json\/wp\/v2\/product\/19917","targetHints":{"allow":["GET"]}}],"collection":[{"href":"https:\/\/ibc.ee\/es\/wp-json\/wp\/v2\/product"}],"about":[{"href":"https:\/\/ibc.ee\/es\/wp-json\/wp\/v2\/types\/product"}],"wp:featuredmedia":[{"embeddable":true,"href":"https:\/\/ibc.ee\/es\/wp-json\/wp\/v2\/media\/19929"}],"wp:attachment":[{"href":"https:\/\/ibc.ee\/es\/wp-json\/wp\/v2\/media?parent=19917"}],"wp:term":[{"taxonomy":"product_brand","embeddable":true,"href":"https:\/\/ibc.ee\/es\/wp-json\/wp\/v2\/product_brand?post=19917"},{"taxonomy":"product_cat","embeddable":true,"href":"https:\/\/ibc.ee\/es\/wp-json\/wp\/v2\/product_cat?post=19917"},{"taxonomy":"product_tag","embeddable":true,"href":"https:\/\/ibc.ee\/es\/wp-json\/wp\/v2\/product_tag?post=19917"}],"curies":[{"name":"wp","href":"https:\/\/api.w.org\/{rel}","templated":true}]}}