{"id":20043,"date":"2021-02-10T12:01:03","date_gmt":"2021-02-10T10:01:03","guid":{"rendered":"https:\/\/ibc.ee\/?post_type=product&#038;p=20043"},"modified":"2022-02-22T09:27:06","modified_gmt":"2022-02-22T07:27:06","slug":"grifo-de-barra-51mm-20-25l","status":"publish","type":"product","link":"https:\/\/ibc.ee\/es\/producto\/grifo-de-barra-51mm-20-25l\/","title":{"rendered":"Grifo de barra 51mm 20-25l"},"content":{"rendered":"<p><strong> Grifo bid\u00f3n 20\/25 L <\/strong><br \/>\n&#8211; hay un sistema de flujo de aire &#8211; el l\u00edquido sale uniformemente<br \/>\n&#8211; un grifo para un recipiente de 25 lo 20 l<br \/>\n&#8211; tama\u00f1o de la rosca 51 mm<br \/>\n&#8211; apto para agua, calefacci\u00f3n y aceite<\/p>\n<div style=\"width: 960px;\" class=\"wp-video\"><video class=\"wp-video-shortcode\" id=\"video-20043-1\" width=\"960\" height=\"540\" preload=\"metadata\" controls=\"controls\"><source type=\"video\/mp4\" src=\"https:\/\/ibc.ee\/wp-content\/uploads\/2021\/02\/51mm_Cap_Tool_Drum_Tap_Spanner.mp4?_=1\" \/><a href=\"https:\/\/ibc.ee\/wp-content\/uploads\/2021\/02\/51mm_Cap_Tool_Drum_Tap_Spanner.mp4\">https:\/\/ibc.ee\/wp-content\/uploads\/2021\/02\/51mm_Cap_Tool_Drum_Tap_Spanner.mp4<\/a><\/video><\/div>\n","protected":false},"excerpt":{"rendered":"<p>Grifo bid\u00f3n 20\/25 L &#8211; hay un sistema de flujo de aire &#8211; el l\u00edquido sale uniformemente &#8211; un grifo para un recipiente de 25 lo 20 l &#8211; tama\u00f1o de la rosca 51 mm &#8211; apto para agua, calefacci\u00f3n y aceite<\/p>\n","protected":false},"featured_media":20062,"template":"","meta":[],"product_brand":[],"product_cat":[383],"product_tag":[],"class_list":{"0":"post-20043","1":"product","2":"type-product","3":"status-publish","4":"has-post-thumbnail","6":"product_cat-valvula-contenedor-de-contenedor-para-contenedor-ibc","7":"product_shipping_class-omniva-es","9":"first","10":"instock","11":"taxable","12":"shipping-taxable","13":"purchasable","14":"product-type-simple"},"yoast_head":"<!-- This site is optimized with the Yoast SEO plugin v26.9 - https:\/\/yoast.com\/product\/yoast-seo-wordpress\/ -->\n<title>Grifo de barra 51mm 20-25l<\/title>\n<meta name=\"description\" content=\"Llave de rosca de tambor de 51 mm Hay un sistema de flujo de aire: el l\u00edquido fluye de manera uniforme. Toque para un recipiente de 25 lo 20 l. Tama\u00f1o de la rosca 51 mm. apto para agua, calefacci\u00f3n y aceite\" \/>\n<meta name=\"robots\" content=\"index, follow, max-snippet:-1, max-image-preview:large, max-video-preview:-1\" \/>\n<link rel=\"canonical\" href=\"https:\/\/ibc.ee\/es\/producto\/grifo-de-barra-51mm-20-25l\/\" \/>\n<meta property=\"og:locale\" content=\"es_ES\" \/>\n<meta property=\"og:type\" content=\"article\" \/>\n<meta property=\"og:title\" content=\"Grifo de barra 51mm 20-25l\" \/>\n<meta property=\"og:description\" content=\"Llave de rosca de tambor de 51 mm Hay un sistema de flujo de aire: el l\u00edquido fluye de manera uniforme. Toque para un recipiente de 25 lo 20 l. Tama\u00f1o de la rosca 51 mm. apto para agua, calefacci\u00f3n y aceite\" \/>\n<meta property=\"og:url\" content=\"https:\/\/ibc.ee\/es\/producto\/grifo-de-barra-51mm-20-25l\/\" \/>\n<meta property=\"og:site_name\" content=\"IBC konteineri m&uuml;&uuml;k, vaadid, kraanid, mahutid\" \/>\n<meta property=\"article:modified_time\" content=\"2022-02-22T07:27:06+00:00\" \/>\n<meta property=\"og:image\" content=\"https:\/\/ibc.ee\/wp-content\/uploads\/2021\/02\/Vaadikraan_51mm_20-25l_2.jpg\" \/>\n\t<meta property=\"og:image:width\" content=\"1000\" \/>\n\t<meta property=\"og:image:height\" content=\"1000\" \/>\n\t<meta property=\"og:image:type\" content=\"image\/jpeg\" \/>\n<meta name=\"twitter:card\" content=\"summary_large_image\" \/>\n<script type=\"application\/ld+json\" class=\"yoast-schema-graph\">{\"@context\":\"https:\/\/schema.org\",\"@graph\":[{\"@type\":\"WebPage\",\"@id\":\"https:\/\/ibc.ee\/es\/producto\/grifo-de-barra-51mm-20-25l\/\",\"url\":\"https:\/\/ibc.ee\/es\/producto\/grifo-de-barra-51mm-20-25l\/\",\"name\":\"Grifo de barra 51mm 20-25l\",\"isPartOf\":{\"@id\":\"https:\/\/www.ibc.ee\/es\/#website\"},\"primaryImageOfPage\":{\"@id\":\"https:\/\/ibc.ee\/es\/producto\/grifo-de-barra-51mm-20-25l\/#primaryimage\"},\"image\":{\"@id\":\"https:\/\/ibc.ee\/es\/producto\/grifo-de-barra-51mm-20-25l\/#primaryimage\"},\"thumbnailUrl\":\"https:\/\/ibc.ee\/wp-content\/uploads\/2021\/02\/Vaadikraan_51mm_20-25l_2.jpg\",\"datePublished\":\"2021-02-10T10:01:03+00:00\",\"dateModified\":\"2022-02-22T07:27:06+00:00\",\"description\":\"Llave de rosca de tambor de 51 mm Hay un sistema de flujo de aire: el l\u00edquido fluye de manera uniforme. Toque para un recipiente de 25 lo 20 l. Tama\u00f1o de la rosca 51 mm. apto para agua, calefacci\u00f3n y aceite\",\"breadcrumb\":{\"@id\":\"https:\/\/ibc.ee\/es\/producto\/grifo-de-barra-51mm-20-25l\/#breadcrumb\"},\"inLanguage\":\"es\",\"potentialAction\":[{\"@type\":\"ReadAction\",\"target\":[\"https:\/\/ibc.ee\/es\/producto\/grifo-de-barra-51mm-20-25l\/\"]}]},{\"@type\":\"ImageObject\",\"inLanguage\":\"es\",\"@id\":\"https:\/\/ibc.ee\/es\/producto\/grifo-de-barra-51mm-20-25l\/#primaryimage\",\"url\":\"https:\/\/ibc.ee\/wp-content\/uploads\/2021\/02\/Vaadikraan_51mm_20-25l_2.jpg\",\"contentUrl\":\"https:\/\/ibc.ee\/wp-content\/uploads\/2021\/02\/Vaadikraan_51mm_20-25l_2.jpg\",\"width\":1000,\"height\":1000,\"caption\":\"Grifo de barra 51mm 20-25l\"},{\"@type\":\"BreadcrumbList\",\"@id\":\"https:\/\/ibc.ee\/es\/producto\/grifo-de-barra-51mm-20-25l\/#breadcrumb\",\"itemListElement\":[{\"@type\":\"ListItem\",\"position\":1,\"name\":\"\u0413\u043b\u0430\u0432\u043d\u0430\u044f \u0441\u0442\u0440\u0430\u043d\u0438\u0446\u0430\",\"item\":\"https:\/\/www.ibc.ee\/es\/\"},{\"@type\":\"ListItem\",\"position\":2,\"name\":\"Tienda\",\"item\":\"https:\/\/www.ibc.ee\/es\/tienda\/\"},{\"@type\":\"ListItem\",\"position\":3,\"name\":\"Grifo de barra 51mm 20-25l\"}]},{\"@type\":\"WebSite\",\"@id\":\"https:\/\/www.ibc.ee\/es\/#website\",\"url\":\"https:\/\/www.ibc.ee\/es\/\",\"name\":\"IBC konteineri m&uuml;&uuml;k, vaadid, kraanid, mahutid\",\"description\":\"IBC - Tank container valve, Adapters\\\\fittings, Intermediate bulk, container, Drums\/cans\",\"potentialAction\":[{\"@type\":\"SearchAction\",\"target\":{\"@type\":\"EntryPoint\",\"urlTemplate\":\"https:\/\/www.ibc.ee\/es\/?s={search_term_string}\"},\"query-input\":{\"@type\":\"PropertyValueSpecification\",\"valueRequired\":true,\"valueName\":\"search_term_string\"}}],\"inLanguage\":\"es\"}]}<\/script>\n<!-- \/ Yoast SEO plugin. -->","yoast_head_json":{"title":"Grifo de barra 51mm 20-25l","description":"Llave de rosca de tambor de 51 mm Hay un sistema de flujo de aire: el l\u00edquido fluye de manera uniforme. Toque para un recipiente de 25 lo 20 l. Tama\u00f1o de la rosca 51 mm. apto para agua, calefacci\u00f3n y aceite","robots":{"index":"index","follow":"follow","max-snippet":"max-snippet:-1","max-image-preview":"max-image-preview:large","max-video-preview":"max-video-preview:-1"},"canonical":"https:\/\/ibc.ee\/es\/producto\/grifo-de-barra-51mm-20-25l\/","og_locale":"es_ES","og_type":"article","og_title":"Grifo de barra 51mm 20-25l","og_description":"Llave de rosca de tambor de 51 mm Hay un sistema de flujo de aire: el l\u00edquido fluye de manera uniforme. Toque para un recipiente de 25 lo 20 l. Tama\u00f1o de la rosca 51 mm. apto para agua, calefacci\u00f3n y aceite","og_url":"https:\/\/ibc.ee\/es\/producto\/grifo-de-barra-51mm-20-25l\/","og_site_name":"IBC konteineri m&uuml;&uuml;k, vaadid, kraanid, mahutid","article_modified_time":"2022-02-22T07:27:06+00:00","og_image":[{"width":1000,"height":1000,"url":"https:\/\/ibc.ee\/wp-content\/uploads\/2021\/02\/Vaadikraan_51mm_20-25l_2.jpg","type":"image\/jpeg"}],"twitter_card":"summary_large_image","schema":{"@context":"https:\/\/schema.org","@graph":[{"@type":"WebPage","@id":"https:\/\/ibc.ee\/es\/producto\/grifo-de-barra-51mm-20-25l\/","url":"https:\/\/ibc.ee\/es\/producto\/grifo-de-barra-51mm-20-25l\/","name":"Grifo de barra 51mm 20-25l","isPartOf":{"@id":"https:\/\/www.ibc.ee\/es\/#website"},"primaryImageOfPage":{"@id":"https:\/\/ibc.ee\/es\/producto\/grifo-de-barra-51mm-20-25l\/#primaryimage"},"image":{"@id":"https:\/\/ibc.ee\/es\/producto\/grifo-de-barra-51mm-20-25l\/#primaryimage"},"thumbnailUrl":"https:\/\/ibc.ee\/wp-content\/uploads\/2021\/02\/Vaadikraan_51mm_20-25l_2.jpg","datePublished":"2021-02-10T10:01:03+00:00","dateModified":"2022-02-22T07:27:06+00:00","description":"Llave de rosca de tambor de 51 mm Hay un sistema de flujo de aire: el l\u00edquido fluye de manera uniforme. Toque para un recipiente de 25 lo 20 l. Tama\u00f1o de la rosca 51 mm. apto para agua, calefacci\u00f3n y aceite","breadcrumb":{"@id":"https:\/\/ibc.ee\/es\/producto\/grifo-de-barra-51mm-20-25l\/#breadcrumb"},"inLanguage":"es","potentialAction":[{"@type":"ReadAction","target":["https:\/\/ibc.ee\/es\/producto\/grifo-de-barra-51mm-20-25l\/"]}]},{"@type":"ImageObject","inLanguage":"es","@id":"https:\/\/ibc.ee\/es\/producto\/grifo-de-barra-51mm-20-25l\/#primaryimage","url":"https:\/\/ibc.ee\/wp-content\/uploads\/2021\/02\/Vaadikraan_51mm_20-25l_2.jpg","contentUrl":"https:\/\/ibc.ee\/wp-content\/uploads\/2021\/02\/Vaadikraan_51mm_20-25l_2.jpg","width":1000,"height":1000,"caption":"Grifo de barra 51mm 20-25l"},{"@type":"BreadcrumbList","@id":"https:\/\/ibc.ee\/es\/producto\/grifo-de-barra-51mm-20-25l\/#breadcrumb","itemListElement":[{"@type":"ListItem","position":1,"name":"\u0413\u043b\u0430\u0432\u043d\u0430\u044f \u0441\u0442\u0440\u0430\u043d\u0438\u0446\u0430","item":"https:\/\/www.ibc.ee\/es\/"},{"@type":"ListItem","position":2,"name":"Tienda","item":"https:\/\/www.ibc.ee\/es\/tienda\/"},{"@type":"ListItem","position":3,"name":"Grifo de barra 51mm 20-25l"}]},{"@type":"WebSite","@id":"https:\/\/www.ibc.ee\/es\/#website","url":"https:\/\/www.ibc.ee\/es\/","name":"IBC konteineri m&uuml;&uuml;k, vaadid, kraanid, mahutid","description":"IBC - Tank container valve, Adapters\\fittings, Intermediate bulk, container, Drums\/cans","potentialAction":[{"@type":"SearchAction","target":{"@type":"EntryPoint","urlTemplate":"https:\/\/www.ibc.ee\/es\/?s={search_term_string}"},"query-input":{"@type":"PropertyValueSpecification","valueRequired":true,"valueName":"search_term_string"}}],"inLanguage":"es"}]}},"_links":{"self":[{"href":"https:\/\/ibc.ee\/es\/wp-json\/wp\/v2\/product\/20043","targetHints":{"allow":["GET"]}}],"collection":[{"href":"https:\/\/ibc.ee\/es\/wp-json\/wp\/v2\/product"}],"about":[{"href":"https:\/\/ibc.ee\/es\/wp-json\/wp\/v2\/types\/product"}],"wp:featuredmedia":[{"embeddable":true,"href":"https:\/\/ibc.ee\/es\/wp-json\/wp\/v2\/media\/20062"}],"wp:attachment":[{"href":"https:\/\/ibc.ee\/es\/wp-json\/wp\/v2\/media?parent=20043"}],"wp:term":[{"taxonomy":"product_brand","embeddable":true,"href":"https:\/\/ibc.ee\/es\/wp-json\/wp\/v2\/product_brand?post=20043"},{"taxonomy":"product_cat","embeddable":true,"href":"https:\/\/ibc.ee\/es\/wp-json\/wp\/v2\/product_cat?post=20043"},{"taxonomy":"product_tag","embeddable":true,"href":"https:\/\/ibc.ee\/es\/wp-json\/wp\/v2\/product_tag?post=20043"}],"curies":[{"name":"wp","href":"https:\/\/api.w.org\/{rel}","templated":true}]}}