{"id":20362,"date":"2021-02-21T13:21:53","date_gmt":"2021-02-21T11:21:53","guid":{"rendered":"https:\/\/ibc.ee\/?post_type=product&#038;p=20362"},"modified":"2025-04-22T15:00:28","modified_gmt":"2025-04-22T13:00:28","slug":"2-ibc-tap-extension-spout-angled-outlet-nozzle","status":"publish","type":"product","link":"https:\/\/ibc.ee\/es\/producto\/2-ibc-tap-extension-spout-angled-outlet-nozzle\/","title":{"rendered":"Boquilla de prolongaci\u00f3n de grifo IBC de 2&#8243; Boquilla de salida acodada"},"content":{"rendered":"<p>Boquilla de salida acodada del ca\u00f1o de prolongaci\u00f3n del grifo IBC de 2&#8243;<\/p>\n<p>Tama\u00f1o: DN50 2&#8243;<br \/>\nMaterial: PP<br \/>\nMaterial de la junta: PE<\/p>\n","protected":false},"excerpt":{"rendered":"<p>Boquilla de salida acodada del ca\u00f1o de prolongaci\u00f3n del grifo IBC de 2&#8243; Tama\u00f1o: DN50 2&#8243; Material: PP Material de la junta: PE<\/p>\n","protected":false},"featured_media":20374,"template":"","meta":[],"product_brand":[],"product_cat":[378],"product_tag":[],"class_list":{"0":"post-20362","1":"product","2":"type-product","3":"status-publish","4":"has-post-thumbnail","6":"product_cat-adaptadores-y-accesorios-para-contenedor-ibc","7":"product_shipping_class-omniva-es","9":"first","10":"instock","11":"taxable","12":"shipping-taxable","13":"purchasable","14":"product-type-simple"},"yoast_head":"<!-- This site is optimized with the Yoast SEO plugin v26.9 - https:\/\/yoast.com\/product\/yoast-seo-wordpress\/ -->\n<title>Boquilla de prolongaci\u00f3n de grifo IBC de 2&quot; Boquilla de salida acodada - IBC konteineri m&uuml;&uuml;k, vaadid, kraanid, mahutid<\/title>\n<meta name=\"description\" content=\"Boquilla de salida acodada del ca\u00f1o de prolongaci\u00f3n del grifo IBC de 2&quot;. Tama\u00f1o: DN50 2&quot;. Material: PP. Material del grifo: PE\" \/>\n<meta name=\"robots\" content=\"index, follow, max-snippet:-1, max-image-preview:large, max-video-preview:-1\" \/>\n<link rel=\"canonical\" href=\"https:\/\/ibc.ee\/es\/producto\/2-ibc-tap-extension-spout-angled-outlet-nozzle\/\" \/>\n<meta property=\"og:locale\" content=\"es_ES\" \/>\n<meta property=\"og:type\" content=\"article\" \/>\n<meta property=\"og:title\" content=\"Boquilla de prolongaci\u00f3n de grifo IBC de 2&quot; Boquilla de salida acodada - IBC konteineri m&uuml;&uuml;k, vaadid, kraanid, mahutid\" \/>\n<meta property=\"og:description\" content=\"Boquilla de salida acodada del ca\u00f1o de prolongaci\u00f3n del grifo IBC de 2&quot;. Tama\u00f1o: DN50 2&quot;. Material: PP. Material del grifo: PE\" \/>\n<meta property=\"og:url\" content=\"https:\/\/ibc.ee\/es\/producto\/2-ibc-tap-extension-spout-angled-outlet-nozzle\/\" \/>\n<meta property=\"og:site_name\" content=\"IBC konteineri m&uuml;&uuml;k, vaadid, kraanid, mahutid\" \/>\n<meta property=\"article:modified_time\" content=\"2025-04-22T13:00:28+00:00\" \/>\n<meta property=\"og:image\" content=\"https:\/\/ibc.ee\/wp-content\/uploads\/2021\/02\/IBC-konteineri-kraaniotsik-nina.jpg\" \/>\n\t<meta property=\"og:image:width\" content=\"1000\" \/>\n\t<meta property=\"og:image:height\" content=\"1000\" \/>\n\t<meta property=\"og:image:type\" content=\"image\/jpeg\" \/>\n<meta name=\"twitter:card\" content=\"summary_large_image\" \/>\n<script type=\"application\/ld+json\" class=\"yoast-schema-graph\">{\"@context\":\"https:\/\/schema.org\",\"@graph\":[{\"@type\":\"WebPage\",\"@id\":\"https:\/\/ibc.ee\/es\/producto\/2-ibc-tap-extension-spout-angled-outlet-nozzle\/\",\"url\":\"https:\/\/ibc.ee\/es\/producto\/2-ibc-tap-extension-spout-angled-outlet-nozzle\/\",\"name\":\"Boquilla de prolongaci\u00f3n de grifo IBC de 2\\\" Boquilla de salida acodada - IBC konteineri m&uuml;&uuml;k, vaadid, kraanid, mahutid\",\"isPartOf\":{\"@id\":\"https:\/\/www.ibc.ee\/es\/#website\"},\"primaryImageOfPage\":{\"@id\":\"https:\/\/ibc.ee\/es\/producto\/2-ibc-tap-extension-spout-angled-outlet-nozzle\/#primaryimage\"},\"image\":{\"@id\":\"https:\/\/ibc.ee\/es\/producto\/2-ibc-tap-extension-spout-angled-outlet-nozzle\/#primaryimage\"},\"thumbnailUrl\":\"https:\/\/ibc.ee\/wp-content\/uploads\/2021\/02\/IBC-konteineri-kraaniotsik-nina.jpg\",\"datePublished\":\"2021-02-21T11:21:53+00:00\",\"dateModified\":\"2025-04-22T13:00:28+00:00\",\"description\":\"Boquilla de salida acodada del ca\u00f1o de prolongaci\u00f3n del grifo IBC de 2\\\". Tama\u00f1o: DN50 2\\\". Material: PP. Material del grifo: PE\",\"breadcrumb\":{\"@id\":\"https:\/\/ibc.ee\/es\/producto\/2-ibc-tap-extension-spout-angled-outlet-nozzle\/#breadcrumb\"},\"inLanguage\":\"es\",\"potentialAction\":[{\"@type\":\"ReadAction\",\"target\":[\"https:\/\/ibc.ee\/es\/producto\/2-ibc-tap-extension-spout-angled-outlet-nozzle\/\"]}]},{\"@type\":\"ImageObject\",\"inLanguage\":\"es\",\"@id\":\"https:\/\/ibc.ee\/es\/producto\/2-ibc-tap-extension-spout-angled-outlet-nozzle\/#primaryimage\",\"url\":\"https:\/\/ibc.ee\/wp-content\/uploads\/2021\/02\/IBC-konteineri-kraaniotsik-nina.jpg\",\"contentUrl\":\"https:\/\/ibc.ee\/wp-content\/uploads\/2021\/02\/IBC-konteineri-kraaniotsik-nina.jpg\",\"width\":1000,\"height\":1000,\"caption\":\"2\\\" IBC Tap Extension Spout Angled Outlet Nozzle\"},{\"@type\":\"BreadcrumbList\",\"@id\":\"https:\/\/ibc.ee\/es\/producto\/2-ibc-tap-extension-spout-angled-outlet-nozzle\/#breadcrumb\",\"itemListElement\":[{\"@type\":\"ListItem\",\"position\":1,\"name\":\"\u0413\u043b\u0430\u0432\u043d\u0430\u044f \u0441\u0442\u0440\u0430\u043d\u0438\u0446\u0430\",\"item\":\"https:\/\/www.ibc.ee\/es\/\"},{\"@type\":\"ListItem\",\"position\":2,\"name\":\"Tienda\",\"item\":\"https:\/\/www.ibc.ee\/es\/tienda\/\"},{\"@type\":\"ListItem\",\"position\":3,\"name\":\"Boquilla de prolongaci\u00f3n de grifo IBC de 2&#8243; Boquilla de salida acodada\"}]},{\"@type\":\"WebSite\",\"@id\":\"https:\/\/www.ibc.ee\/es\/#website\",\"url\":\"https:\/\/www.ibc.ee\/es\/\",\"name\":\"IBC konteineri m&uuml;&uuml;k, vaadid, kraanid, mahutid\",\"description\":\"IBC - Tank container valve, Adapters\\\\fittings, Intermediate bulk, container, Drums\/cans\",\"potentialAction\":[{\"@type\":\"SearchAction\",\"target\":{\"@type\":\"EntryPoint\",\"urlTemplate\":\"https:\/\/www.ibc.ee\/es\/?s={search_term_string}\"},\"query-input\":{\"@type\":\"PropertyValueSpecification\",\"valueRequired\":true,\"valueName\":\"search_term_string\"}}],\"inLanguage\":\"es\"}]}<\/script>\n<!-- \/ Yoast SEO plugin. -->","yoast_head_json":{"title":"Boquilla de prolongaci\u00f3n de grifo IBC de 2\" Boquilla de salida acodada - IBC konteineri m&uuml;&uuml;k, vaadid, kraanid, mahutid","description":"Boquilla de salida acodada del ca\u00f1o de prolongaci\u00f3n del grifo IBC de 2\". Tama\u00f1o: DN50 2\". Material: PP. Material del grifo: PE","robots":{"index":"index","follow":"follow","max-snippet":"max-snippet:-1","max-image-preview":"max-image-preview:large","max-video-preview":"max-video-preview:-1"},"canonical":"https:\/\/ibc.ee\/es\/producto\/2-ibc-tap-extension-spout-angled-outlet-nozzle\/","og_locale":"es_ES","og_type":"article","og_title":"Boquilla de prolongaci\u00f3n de grifo IBC de 2\" Boquilla de salida acodada - IBC konteineri m&uuml;&uuml;k, vaadid, kraanid, mahutid","og_description":"Boquilla de salida acodada del ca\u00f1o de prolongaci\u00f3n del grifo IBC de 2\". Tama\u00f1o: DN50 2\". Material: PP. Material del grifo: PE","og_url":"https:\/\/ibc.ee\/es\/producto\/2-ibc-tap-extension-spout-angled-outlet-nozzle\/","og_site_name":"IBC konteineri m&uuml;&uuml;k, vaadid, kraanid, mahutid","article_modified_time":"2025-04-22T13:00:28+00:00","og_image":[{"width":1000,"height":1000,"url":"https:\/\/ibc.ee\/wp-content\/uploads\/2021\/02\/IBC-konteineri-kraaniotsik-nina.jpg","type":"image\/jpeg"}],"twitter_card":"summary_large_image","schema":{"@context":"https:\/\/schema.org","@graph":[{"@type":"WebPage","@id":"https:\/\/ibc.ee\/es\/producto\/2-ibc-tap-extension-spout-angled-outlet-nozzle\/","url":"https:\/\/ibc.ee\/es\/producto\/2-ibc-tap-extension-spout-angled-outlet-nozzle\/","name":"Boquilla de prolongaci\u00f3n de grifo IBC de 2\" Boquilla de salida acodada - IBC konteineri m&uuml;&uuml;k, vaadid, kraanid, mahutid","isPartOf":{"@id":"https:\/\/www.ibc.ee\/es\/#website"},"primaryImageOfPage":{"@id":"https:\/\/ibc.ee\/es\/producto\/2-ibc-tap-extension-spout-angled-outlet-nozzle\/#primaryimage"},"image":{"@id":"https:\/\/ibc.ee\/es\/producto\/2-ibc-tap-extension-spout-angled-outlet-nozzle\/#primaryimage"},"thumbnailUrl":"https:\/\/ibc.ee\/wp-content\/uploads\/2021\/02\/IBC-konteineri-kraaniotsik-nina.jpg","datePublished":"2021-02-21T11:21:53+00:00","dateModified":"2025-04-22T13:00:28+00:00","description":"Boquilla de salida acodada del ca\u00f1o de prolongaci\u00f3n del grifo IBC de 2\". Tama\u00f1o: DN50 2\". Material: PP. Material del grifo: PE","breadcrumb":{"@id":"https:\/\/ibc.ee\/es\/producto\/2-ibc-tap-extension-spout-angled-outlet-nozzle\/#breadcrumb"},"inLanguage":"es","potentialAction":[{"@type":"ReadAction","target":["https:\/\/ibc.ee\/es\/producto\/2-ibc-tap-extension-spout-angled-outlet-nozzle\/"]}]},{"@type":"ImageObject","inLanguage":"es","@id":"https:\/\/ibc.ee\/es\/producto\/2-ibc-tap-extension-spout-angled-outlet-nozzle\/#primaryimage","url":"https:\/\/ibc.ee\/wp-content\/uploads\/2021\/02\/IBC-konteineri-kraaniotsik-nina.jpg","contentUrl":"https:\/\/ibc.ee\/wp-content\/uploads\/2021\/02\/IBC-konteineri-kraaniotsik-nina.jpg","width":1000,"height":1000,"caption":"2\" IBC Tap Extension Spout Angled Outlet Nozzle"},{"@type":"BreadcrumbList","@id":"https:\/\/ibc.ee\/es\/producto\/2-ibc-tap-extension-spout-angled-outlet-nozzle\/#breadcrumb","itemListElement":[{"@type":"ListItem","position":1,"name":"\u0413\u043b\u0430\u0432\u043d\u0430\u044f \u0441\u0442\u0440\u0430\u043d\u0438\u0446\u0430","item":"https:\/\/www.ibc.ee\/es\/"},{"@type":"ListItem","position":2,"name":"Tienda","item":"https:\/\/www.ibc.ee\/es\/tienda\/"},{"@type":"ListItem","position":3,"name":"Boquilla de prolongaci\u00f3n de grifo IBC de 2&#8243; Boquilla de salida acodada"}]},{"@type":"WebSite","@id":"https:\/\/www.ibc.ee\/es\/#website","url":"https:\/\/www.ibc.ee\/es\/","name":"IBC konteineri m&uuml;&uuml;k, vaadid, kraanid, mahutid","description":"IBC - Tank container valve, Adapters\\fittings, Intermediate bulk, container, Drums\/cans","potentialAction":[{"@type":"SearchAction","target":{"@type":"EntryPoint","urlTemplate":"https:\/\/www.ibc.ee\/es\/?s={search_term_string}"},"query-input":{"@type":"PropertyValueSpecification","valueRequired":true,"valueName":"search_term_string"}}],"inLanguage":"es"}]}},"_links":{"self":[{"href":"https:\/\/ibc.ee\/es\/wp-json\/wp\/v2\/product\/20362","targetHints":{"allow":["GET"]}}],"collection":[{"href":"https:\/\/ibc.ee\/es\/wp-json\/wp\/v2\/product"}],"about":[{"href":"https:\/\/ibc.ee\/es\/wp-json\/wp\/v2\/types\/product"}],"wp:featuredmedia":[{"embeddable":true,"href":"https:\/\/ibc.ee\/es\/wp-json\/wp\/v2\/media\/20374"}],"wp:attachment":[{"href":"https:\/\/ibc.ee\/es\/wp-json\/wp\/v2\/media?parent=20362"}],"wp:term":[{"taxonomy":"product_brand","embeddable":true,"href":"https:\/\/ibc.ee\/es\/wp-json\/wp\/v2\/product_brand?post=20362"},{"taxonomy":"product_cat","embeddable":true,"href":"https:\/\/ibc.ee\/es\/wp-json\/wp\/v2\/product_cat?post=20362"},{"taxonomy":"product_tag","embeddable":true,"href":"https:\/\/ibc.ee\/es\/wp-json\/wp\/v2\/product_tag?post=20362"}],"curies":[{"name":"wp","href":"https:\/\/api.w.org\/{rel}","templated":true}]}}