{"id":20580,"date":"2021-05-24T21:24:39","date_gmt":"2021-05-24T19:24:40","guid":{"rendered":"https:\/\/ibc.ee\/?post_type=product&#038;p=20580"},"modified":"2021-05-24T21:41:06","modified_gmt":"2021-05-24T19:41:06","slug":"cubierta-exterior-universal-para-ibc-de-1000-litros","status":"publish","type":"product","link":"https:\/\/ibc.ee\/es\/producto\/cubierta-exterior-universal-para-ibc-de-1000-litros\/","title":{"rendered":"Cubierta exterior universal para IBC de 1000 litros"},"content":{"rendered":"<p>Universal 1000 Litros IBC Cubierta exterior Recipiente de agua Cubierta del tanque Impermeable Antipolvo Protecci\u00f3n solar Aislamiento t\u00e9rmico Almacenamiento.<\/p>\n","protected":false},"excerpt":{"rendered":"<p><strong>Caracter\u00edsticas<\/strong><\/p>\n<p> 1. Ideal en combinaci\u00f3n con tanques IBC <br \/>\n2. Durable y resistente a la descomposici\u00f3n <br \/>\n3. Ampl\u00ede su recolecci\u00f3n de agua de lluvia <br \/>\n4. estabilizado a los rayos UV <br \/>\n5. Es posible llenar y drenar <br \/>\n6. F\u00e1cil instalaci\u00f3n <br \/>\n7. Especialmente cuando los tanques IBC se almacenan al aire libre sin protecci\u00f3n, los da\u00f1inos rayos ultravioleta pueden da\u00f1ar el contenido y el tanque mismo. <br \/>\n8. Con la pel\u00edcula protectora UV que protegemos como modelo de utilidad, siempre tendr\u00e1 agua limpia y prolongar\u00e1 la vida de los tanques IBC. <\/p>\n","protected":false},"featured_media":20592,"template":"","meta":[],"product_brand":[],"product_cat":[405],"product_tag":[],"class_list":{"0":"post-20580","1":"product","2":"type-product","3":"status-publish","4":"has-post-thumbnail","6":"product_cat-ibc-y-calentamiento-de-tambores","7":"product_shipping_class-omniva-es","9":"first","10":"onbackorder","11":"taxable","12":"shipping-taxable","13":"purchasable","14":"product-type-simple"},"yoast_head":"<!-- This site is optimized with the Yoast SEO plugin v26.9 - https:\/\/yoast.com\/product\/yoast-seo-wordpress\/ -->\n<title>Cubierta exterior universal para IBC de 1000 litros<\/title>\n<meta name=\"description\" content=\"Universal 1000 Litros IBC Cubierta exterior Recipiente de agua Cubierta del tanque Impermeable Antipolvo Protecci\u00f3n solar Aislamiento t\u00e9rmico Almacenamiento.\" \/>\n<meta name=\"robots\" content=\"index, follow, max-snippet:-1, max-image-preview:large, max-video-preview:-1\" \/>\n<link rel=\"canonical\" href=\"https:\/\/ibc.ee\/es\/producto\/cubierta-exterior-universal-para-ibc-de-1000-litros\/\" \/>\n<meta property=\"og:locale\" content=\"es_ES\" \/>\n<meta property=\"og:type\" content=\"article\" \/>\n<meta property=\"og:title\" content=\"Cubierta exterior universal para IBC de 1000 litros\" \/>\n<meta property=\"og:description\" content=\"Universal 1000 Litros IBC Cubierta exterior Recipiente de agua Cubierta del tanque Impermeable Antipolvo Protecci\u00f3n solar Aislamiento t\u00e9rmico Almacenamiento.\" \/>\n<meta property=\"og:url\" content=\"https:\/\/ibc.ee\/es\/producto\/cubierta-exterior-universal-para-ibc-de-1000-litros\/\" \/>\n<meta property=\"og:site_name\" content=\"IBC konteineri m&uuml;&uuml;k, vaadid, kraanid, mahutid\" \/>\n<meta property=\"article:modified_time\" content=\"2021-05-24T19:41:06+00:00\" \/>\n<meta property=\"og:image\" content=\"https:\/\/ibc.ee\/wp-content\/uploads\/2021\/05\/Universaalne-1000-liitrine-IBC-valikate.jpg\" \/>\n\t<meta property=\"og:image:width\" content=\"600\" \/>\n\t<meta property=\"og:image:height\" content=\"600\" \/>\n\t<meta property=\"og:image:type\" content=\"image\/jpeg\" \/>\n<meta name=\"twitter:card\" content=\"summary_large_image\" \/>\n<script type=\"application\/ld+json\" class=\"yoast-schema-graph\">{\"@context\":\"https:\/\/schema.org\",\"@graph\":[{\"@type\":\"WebPage\",\"@id\":\"https:\/\/ibc.ee\/es\/producto\/cubierta-exterior-universal-para-ibc-de-1000-litros\/\",\"url\":\"https:\/\/ibc.ee\/es\/producto\/cubierta-exterior-universal-para-ibc-de-1000-litros\/\",\"name\":\"Cubierta exterior universal para IBC de 1000 litros\",\"isPartOf\":{\"@id\":\"https:\/\/www.ibc.ee\/es\/#website\"},\"primaryImageOfPage\":{\"@id\":\"https:\/\/ibc.ee\/es\/producto\/cubierta-exterior-universal-para-ibc-de-1000-litros\/#primaryimage\"},\"image\":{\"@id\":\"https:\/\/ibc.ee\/es\/producto\/cubierta-exterior-universal-para-ibc-de-1000-litros\/#primaryimage\"},\"thumbnailUrl\":\"https:\/\/ibc.ee\/wp-content\/uploads\/2021\/05\/Universaalne-1000-liitrine-IBC-valikate.jpg\",\"datePublished\":\"2021-05-24T19:24:40+00:00\",\"dateModified\":\"2021-05-24T19:41:06+00:00\",\"description\":\"Universal 1000 Litros IBC Cubierta exterior Recipiente de agua Cubierta del tanque Impermeable Antipolvo Protecci\u00f3n solar Aislamiento t\u00e9rmico Almacenamiento.\",\"breadcrumb\":{\"@id\":\"https:\/\/ibc.ee\/es\/producto\/cubierta-exterior-universal-para-ibc-de-1000-litros\/#breadcrumb\"},\"inLanguage\":\"es\",\"potentialAction\":[{\"@type\":\"ReadAction\",\"target\":[\"https:\/\/ibc.ee\/es\/producto\/cubierta-exterior-universal-para-ibc-de-1000-litros\/\"]}]},{\"@type\":\"ImageObject\",\"inLanguage\":\"es\",\"@id\":\"https:\/\/ibc.ee\/es\/producto\/cubierta-exterior-universal-para-ibc-de-1000-litros\/#primaryimage\",\"url\":\"https:\/\/ibc.ee\/wp-content\/uploads\/2021\/05\/Universaalne-1000-liitrine-IBC-valikate.jpg\",\"contentUrl\":\"https:\/\/ibc.ee\/wp-content\/uploads\/2021\/05\/Universaalne-1000-liitrine-IBC-valikate.jpg\",\"width\":600,\"height\":600,\"caption\":\"Cubierta exterior universal para IBC de 1000 litros\"},{\"@type\":\"BreadcrumbList\",\"@id\":\"https:\/\/ibc.ee\/es\/producto\/cubierta-exterior-universal-para-ibc-de-1000-litros\/#breadcrumb\",\"itemListElement\":[{\"@type\":\"ListItem\",\"position\":1,\"name\":\"\u0413\u043b\u0430\u0432\u043d\u0430\u044f \u0441\u0442\u0440\u0430\u043d\u0438\u0446\u0430\",\"item\":\"https:\/\/www.ibc.ee\/es\/\"},{\"@type\":\"ListItem\",\"position\":2,\"name\":\"Tienda\",\"item\":\"https:\/\/www.ibc.ee\/es\/tienda\/\"},{\"@type\":\"ListItem\",\"position\":3,\"name\":\"Cubierta exterior universal para IBC de 1000 litros\"}]},{\"@type\":\"WebSite\",\"@id\":\"https:\/\/www.ibc.ee\/es\/#website\",\"url\":\"https:\/\/www.ibc.ee\/es\/\",\"name\":\"IBC konteineri m&uuml;&uuml;k, vaadid, kraanid, mahutid\",\"description\":\"IBC - Tank container valve, Adapters\\\\fittings, Intermediate bulk, container, Drums\/cans\",\"potentialAction\":[{\"@type\":\"SearchAction\",\"target\":{\"@type\":\"EntryPoint\",\"urlTemplate\":\"https:\/\/www.ibc.ee\/es\/?s={search_term_string}\"},\"query-input\":{\"@type\":\"PropertyValueSpecification\",\"valueRequired\":true,\"valueName\":\"search_term_string\"}}],\"inLanguage\":\"es\"}]}<\/script>\n<!-- \/ Yoast SEO plugin. -->","yoast_head_json":{"title":"Cubierta exterior universal para IBC de 1000 litros","description":"Universal 1000 Litros IBC Cubierta exterior Recipiente de agua Cubierta del tanque Impermeable Antipolvo Protecci\u00f3n solar Aislamiento t\u00e9rmico Almacenamiento.","robots":{"index":"index","follow":"follow","max-snippet":"max-snippet:-1","max-image-preview":"max-image-preview:large","max-video-preview":"max-video-preview:-1"},"canonical":"https:\/\/ibc.ee\/es\/producto\/cubierta-exterior-universal-para-ibc-de-1000-litros\/","og_locale":"es_ES","og_type":"article","og_title":"Cubierta exterior universal para IBC de 1000 litros","og_description":"Universal 1000 Litros IBC Cubierta exterior Recipiente de agua Cubierta del tanque Impermeable Antipolvo Protecci\u00f3n solar Aislamiento t\u00e9rmico Almacenamiento.","og_url":"https:\/\/ibc.ee\/es\/producto\/cubierta-exterior-universal-para-ibc-de-1000-litros\/","og_site_name":"IBC konteineri m&uuml;&uuml;k, vaadid, kraanid, mahutid","article_modified_time":"2021-05-24T19:41:06+00:00","og_image":[{"width":600,"height":600,"url":"https:\/\/ibc.ee\/wp-content\/uploads\/2021\/05\/Universaalne-1000-liitrine-IBC-valikate.jpg","type":"image\/jpeg"}],"twitter_card":"summary_large_image","schema":{"@context":"https:\/\/schema.org","@graph":[{"@type":"WebPage","@id":"https:\/\/ibc.ee\/es\/producto\/cubierta-exterior-universal-para-ibc-de-1000-litros\/","url":"https:\/\/ibc.ee\/es\/producto\/cubierta-exterior-universal-para-ibc-de-1000-litros\/","name":"Cubierta exterior universal para IBC de 1000 litros","isPartOf":{"@id":"https:\/\/www.ibc.ee\/es\/#website"},"primaryImageOfPage":{"@id":"https:\/\/ibc.ee\/es\/producto\/cubierta-exterior-universal-para-ibc-de-1000-litros\/#primaryimage"},"image":{"@id":"https:\/\/ibc.ee\/es\/producto\/cubierta-exterior-universal-para-ibc-de-1000-litros\/#primaryimage"},"thumbnailUrl":"https:\/\/ibc.ee\/wp-content\/uploads\/2021\/05\/Universaalne-1000-liitrine-IBC-valikate.jpg","datePublished":"2021-05-24T19:24:40+00:00","dateModified":"2021-05-24T19:41:06+00:00","description":"Universal 1000 Litros IBC Cubierta exterior Recipiente de agua Cubierta del tanque Impermeable Antipolvo Protecci\u00f3n solar Aislamiento t\u00e9rmico Almacenamiento.","breadcrumb":{"@id":"https:\/\/ibc.ee\/es\/producto\/cubierta-exterior-universal-para-ibc-de-1000-litros\/#breadcrumb"},"inLanguage":"es","potentialAction":[{"@type":"ReadAction","target":["https:\/\/ibc.ee\/es\/producto\/cubierta-exterior-universal-para-ibc-de-1000-litros\/"]}]},{"@type":"ImageObject","inLanguage":"es","@id":"https:\/\/ibc.ee\/es\/producto\/cubierta-exterior-universal-para-ibc-de-1000-litros\/#primaryimage","url":"https:\/\/ibc.ee\/wp-content\/uploads\/2021\/05\/Universaalne-1000-liitrine-IBC-valikate.jpg","contentUrl":"https:\/\/ibc.ee\/wp-content\/uploads\/2021\/05\/Universaalne-1000-liitrine-IBC-valikate.jpg","width":600,"height":600,"caption":"Cubierta exterior universal para IBC de 1000 litros"},{"@type":"BreadcrumbList","@id":"https:\/\/ibc.ee\/es\/producto\/cubierta-exterior-universal-para-ibc-de-1000-litros\/#breadcrumb","itemListElement":[{"@type":"ListItem","position":1,"name":"\u0413\u043b\u0430\u0432\u043d\u0430\u044f \u0441\u0442\u0440\u0430\u043d\u0438\u0446\u0430","item":"https:\/\/www.ibc.ee\/es\/"},{"@type":"ListItem","position":2,"name":"Tienda","item":"https:\/\/www.ibc.ee\/es\/tienda\/"},{"@type":"ListItem","position":3,"name":"Cubierta exterior universal para IBC de 1000 litros"}]},{"@type":"WebSite","@id":"https:\/\/www.ibc.ee\/es\/#website","url":"https:\/\/www.ibc.ee\/es\/","name":"IBC konteineri m&uuml;&uuml;k, vaadid, kraanid, mahutid","description":"IBC - Tank container valve, Adapters\\fittings, Intermediate bulk, container, Drums\/cans","potentialAction":[{"@type":"SearchAction","target":{"@type":"EntryPoint","urlTemplate":"https:\/\/www.ibc.ee\/es\/?s={search_term_string}"},"query-input":{"@type":"PropertyValueSpecification","valueRequired":true,"valueName":"search_term_string"}}],"inLanguage":"es"}]}},"_links":{"self":[{"href":"https:\/\/ibc.ee\/es\/wp-json\/wp\/v2\/product\/20580","targetHints":{"allow":["GET"]}}],"collection":[{"href":"https:\/\/ibc.ee\/es\/wp-json\/wp\/v2\/product"}],"about":[{"href":"https:\/\/ibc.ee\/es\/wp-json\/wp\/v2\/types\/product"}],"wp:featuredmedia":[{"embeddable":true,"href":"https:\/\/ibc.ee\/es\/wp-json\/wp\/v2\/media\/20592"}],"wp:attachment":[{"href":"https:\/\/ibc.ee\/es\/wp-json\/wp\/v2\/media?parent=20580"}],"wp:term":[{"taxonomy":"product_brand","embeddable":true,"href":"https:\/\/ibc.ee\/es\/wp-json\/wp\/v2\/product_brand?post=20580"},{"taxonomy":"product_cat","embeddable":true,"href":"https:\/\/ibc.ee\/es\/wp-json\/wp\/v2\/product_cat?post=20580"},{"taxonomy":"product_tag","embeddable":true,"href":"https:\/\/ibc.ee\/es\/wp-json\/wp\/v2\/product_tag?post=20580"}],"curies":[{"name":"wp","href":"https:\/\/api.w.org\/{rel}","templated":true}]}}