{"id":20816,"date":"2022-05-31T11:07:12","date_gmt":"2022-05-31T09:07:13","guid":{"rendered":"https:\/\/ibc.ee\/?post_type=product&#038;p=20816"},"modified":"2025-06-26T14:49:25","modified_gmt":"2025-06-26T12:49:25","slug":"bidon-plastico-125-l","status":"publish","type":"product","link":"https:\/\/ibc.ee\/es\/producto\/bidon-plastico-125-l\/","title":{"rendered":"Bid\u00f3n pl\u00e1stico 125 L (usados)"},"content":{"rendered":"<p>Pr\u00e1ctico bid\u00f3n de pl\u00e1stico apto para almacenar alimentos tanto en forma s\u00f3lida como l\u00edquida, por ejemplo. El anillo de tensi\u00f3n de la tapa asegura que la tapa se selle herm\u00e9ticamente contra la suciedad y los derrames, al mismo tiempo que permite una apertura y un cierre sencillos.<\/p>\n<p>El tambor est\u00e1 moldeado por soplado en una sola pieza, lo que hace que el pl\u00e1stico HDPE sea resistente y duradero. \u00a1Perfecto para transporte y almacenamiento!<\/p>\n<p>Barriles usados!<\/p>\n","protected":false},"excerpt":{"rendered":"<p>Altura: 980 mm<br \/>\nDi\u00e1metro: 480 mm<br \/>\nVolumen: 125 L (max 150)<br \/>\nColor: Azul<br \/>\nMaterial: Polietileno HD<br \/>\nPeso: 6,7 kg<\/p>\n","protected":false},"featured_media":20828,"template":"","meta":[],"product_brand":[],"product_cat":[380],"product_tag":[],"class_list":{"0":"post-20816","1":"product","2":"type-product","3":"status-publish","4":"has-post-thumbnail","6":"product_cat-tambores-y-latas","7":"product_shipping_class-drums-and-cans-es","9":"first","10":"instock","11":"taxable","12":"shipping-taxable","13":"purchasable","14":"product-type-simple"},"yoast_head":"<!-- This site is optimized with the Yoast SEO plugin v26.9 - https:\/\/yoast.com\/product\/yoast-seo-wordpress\/ -->\n<title>Bid\u00f3n pl\u00e1stico 125 L (usados) - IBC konteineri m&uuml;&uuml;k, vaadid, kraanid, mahutid<\/title>\n<meta name=\"description\" content=\"Pr\u00e1ctico bid\u00f3n de pl\u00e1stico adecuado para almacenar alimentos tanto en forma s\u00f3lida como l\u00edquida, etc. \u00a1Perfecto para el transporte y el almacenamiento!\" \/>\n<meta name=\"robots\" content=\"index, follow, max-snippet:-1, max-image-preview:large, max-video-preview:-1\" \/>\n<link rel=\"canonical\" href=\"https:\/\/ibc.ee\/es\/producto\/bidon-plastico-125-l\/\" \/>\n<meta property=\"og:locale\" content=\"es_ES\" \/>\n<meta property=\"og:type\" content=\"article\" \/>\n<meta property=\"og:title\" content=\"Bid\u00f3n pl\u00e1stico 125 L (usados) - IBC konteineri m&uuml;&uuml;k, vaadid, kraanid, mahutid\" \/>\n<meta property=\"og:description\" content=\"Pr\u00e1ctico bid\u00f3n de pl\u00e1stico adecuado para almacenar alimentos tanto en forma s\u00f3lida como l\u00edquida, etc. \u00a1Perfecto para el transporte y el almacenamiento!\" \/>\n<meta property=\"og:url\" content=\"https:\/\/ibc.ee\/es\/producto\/bidon-plastico-125-l\/\" \/>\n<meta property=\"og:site_name\" content=\"IBC konteineri m&uuml;&uuml;k, vaadid, kraanid, mahutid\" \/>\n<meta property=\"article:modified_time\" content=\"2025-06-26T12:49:25+00:00\" \/>\n<meta property=\"og:image\" content=\"https:\/\/ibc.ee\/wp-content\/uploads\/2022\/05\/Plastiktunn_125l_sinine.jpg\" \/>\n\t<meta property=\"og:image:width\" content=\"709\" \/>\n\t<meta property=\"og:image:height\" content=\"709\" \/>\n\t<meta property=\"og:image:type\" content=\"image\/jpeg\" \/>\n<meta name=\"twitter:card\" content=\"summary_large_image\" \/>\n<meta name=\"twitter:label1\" content=\"Tiempo de lectura\" \/>\n\t<meta name=\"twitter:data1\" content=\"1 minuto\" \/>\n<script type=\"application\/ld+json\" class=\"yoast-schema-graph\">{\"@context\":\"https:\/\/schema.org\",\"@graph\":[{\"@type\":\"WebPage\",\"@id\":\"https:\/\/ibc.ee\/es\/producto\/bidon-plastico-125-l\/\",\"url\":\"https:\/\/ibc.ee\/es\/producto\/bidon-plastico-125-l\/\",\"name\":\"Bid\u00f3n pl\u00e1stico 125 L (usados) - IBC konteineri m&uuml;&uuml;k, vaadid, kraanid, mahutid\",\"isPartOf\":{\"@id\":\"https:\/\/www.ibc.ee\/es\/#website\"},\"primaryImageOfPage\":{\"@id\":\"https:\/\/ibc.ee\/es\/producto\/bidon-plastico-125-l\/#primaryimage\"},\"image\":{\"@id\":\"https:\/\/ibc.ee\/es\/producto\/bidon-plastico-125-l\/#primaryimage\"},\"thumbnailUrl\":\"https:\/\/ibc.ee\/wp-content\/uploads\/2022\/05\/Plastiktunn_125l_sinine.jpg\",\"datePublished\":\"2022-05-31T09:07:13+00:00\",\"dateModified\":\"2025-06-26T12:49:25+00:00\",\"description\":\"Pr\u00e1ctico bid\u00f3n de pl\u00e1stico adecuado para almacenar alimentos tanto en forma s\u00f3lida como l\u00edquida, etc. \u00a1Perfecto para el transporte y el almacenamiento!\",\"breadcrumb\":{\"@id\":\"https:\/\/ibc.ee\/es\/producto\/bidon-plastico-125-l\/#breadcrumb\"},\"inLanguage\":\"es\",\"potentialAction\":[{\"@type\":\"ReadAction\",\"target\":[\"https:\/\/ibc.ee\/es\/producto\/bidon-plastico-125-l\/\"]}]},{\"@type\":\"ImageObject\",\"inLanguage\":\"es\",\"@id\":\"https:\/\/ibc.ee\/es\/producto\/bidon-plastico-125-l\/#primaryimage\",\"url\":\"https:\/\/ibc.ee\/wp-content\/uploads\/2022\/05\/Plastiktunn_125l_sinine.jpg\",\"contentUrl\":\"https:\/\/ibc.ee\/wp-content\/uploads\/2022\/05\/Plastiktunn_125l_sinine.jpg\",\"width\":709,\"height\":709,\"caption\":\"Bid\u00f3n pl\u00e1stico 125 L\"},{\"@type\":\"BreadcrumbList\",\"@id\":\"https:\/\/ibc.ee\/es\/producto\/bidon-plastico-125-l\/#breadcrumb\",\"itemListElement\":[{\"@type\":\"ListItem\",\"position\":1,\"name\":\"\u0413\u043b\u0430\u0432\u043d\u0430\u044f \u0441\u0442\u0440\u0430\u043d\u0438\u0446\u0430\",\"item\":\"https:\/\/www.ibc.ee\/es\/\"},{\"@type\":\"ListItem\",\"position\":2,\"name\":\"Tienda\",\"item\":\"https:\/\/www.ibc.ee\/es\/tienda\/\"},{\"@type\":\"ListItem\",\"position\":3,\"name\":\"Bid\u00f3n pl\u00e1stico 125 L (usados)\"}]},{\"@type\":\"WebSite\",\"@id\":\"https:\/\/www.ibc.ee\/es\/#website\",\"url\":\"https:\/\/www.ibc.ee\/es\/\",\"name\":\"IBC konteineri m&uuml;&uuml;k, vaadid, kraanid, mahutid\",\"description\":\"IBC - Tank container valve, Adapters\\\\fittings, Intermediate bulk, container, Drums\/cans\",\"potentialAction\":[{\"@type\":\"SearchAction\",\"target\":{\"@type\":\"EntryPoint\",\"urlTemplate\":\"https:\/\/www.ibc.ee\/es\/?s={search_term_string}\"},\"query-input\":{\"@type\":\"PropertyValueSpecification\",\"valueRequired\":true,\"valueName\":\"search_term_string\"}}],\"inLanguage\":\"es\"}]}<\/script>\n<!-- \/ Yoast SEO plugin. -->","yoast_head_json":{"title":"Bid\u00f3n pl\u00e1stico 125 L (usados) - IBC konteineri m&uuml;&uuml;k, vaadid, kraanid, mahutid","description":"Pr\u00e1ctico bid\u00f3n de pl\u00e1stico adecuado para almacenar alimentos tanto en forma s\u00f3lida como l\u00edquida, etc. \u00a1Perfecto para el transporte y el almacenamiento!","robots":{"index":"index","follow":"follow","max-snippet":"max-snippet:-1","max-image-preview":"max-image-preview:large","max-video-preview":"max-video-preview:-1"},"canonical":"https:\/\/ibc.ee\/es\/producto\/bidon-plastico-125-l\/","og_locale":"es_ES","og_type":"article","og_title":"Bid\u00f3n pl\u00e1stico 125 L (usados) - IBC konteineri m&uuml;&uuml;k, vaadid, kraanid, mahutid","og_description":"Pr\u00e1ctico bid\u00f3n de pl\u00e1stico adecuado para almacenar alimentos tanto en forma s\u00f3lida como l\u00edquida, etc. \u00a1Perfecto para el transporte y el almacenamiento!","og_url":"https:\/\/ibc.ee\/es\/producto\/bidon-plastico-125-l\/","og_site_name":"IBC konteineri m&uuml;&uuml;k, vaadid, kraanid, mahutid","article_modified_time":"2025-06-26T12:49:25+00:00","og_image":[{"width":709,"height":709,"url":"https:\/\/ibc.ee\/wp-content\/uploads\/2022\/05\/Plastiktunn_125l_sinine.jpg","type":"image\/jpeg"}],"twitter_card":"summary_large_image","twitter_misc":{"Tiempo de lectura":"1 minuto"},"schema":{"@context":"https:\/\/schema.org","@graph":[{"@type":"WebPage","@id":"https:\/\/ibc.ee\/es\/producto\/bidon-plastico-125-l\/","url":"https:\/\/ibc.ee\/es\/producto\/bidon-plastico-125-l\/","name":"Bid\u00f3n pl\u00e1stico 125 L (usados) - IBC konteineri m&uuml;&uuml;k, vaadid, kraanid, mahutid","isPartOf":{"@id":"https:\/\/www.ibc.ee\/es\/#website"},"primaryImageOfPage":{"@id":"https:\/\/ibc.ee\/es\/producto\/bidon-plastico-125-l\/#primaryimage"},"image":{"@id":"https:\/\/ibc.ee\/es\/producto\/bidon-plastico-125-l\/#primaryimage"},"thumbnailUrl":"https:\/\/ibc.ee\/wp-content\/uploads\/2022\/05\/Plastiktunn_125l_sinine.jpg","datePublished":"2022-05-31T09:07:13+00:00","dateModified":"2025-06-26T12:49:25+00:00","description":"Pr\u00e1ctico bid\u00f3n de pl\u00e1stico adecuado para almacenar alimentos tanto en forma s\u00f3lida como l\u00edquida, etc. \u00a1Perfecto para el transporte y el almacenamiento!","breadcrumb":{"@id":"https:\/\/ibc.ee\/es\/producto\/bidon-plastico-125-l\/#breadcrumb"},"inLanguage":"es","potentialAction":[{"@type":"ReadAction","target":["https:\/\/ibc.ee\/es\/producto\/bidon-plastico-125-l\/"]}]},{"@type":"ImageObject","inLanguage":"es","@id":"https:\/\/ibc.ee\/es\/producto\/bidon-plastico-125-l\/#primaryimage","url":"https:\/\/ibc.ee\/wp-content\/uploads\/2022\/05\/Plastiktunn_125l_sinine.jpg","contentUrl":"https:\/\/ibc.ee\/wp-content\/uploads\/2022\/05\/Plastiktunn_125l_sinine.jpg","width":709,"height":709,"caption":"Bid\u00f3n pl\u00e1stico 125 L"},{"@type":"BreadcrumbList","@id":"https:\/\/ibc.ee\/es\/producto\/bidon-plastico-125-l\/#breadcrumb","itemListElement":[{"@type":"ListItem","position":1,"name":"\u0413\u043b\u0430\u0432\u043d\u0430\u044f \u0441\u0442\u0440\u0430\u043d\u0438\u0446\u0430","item":"https:\/\/www.ibc.ee\/es\/"},{"@type":"ListItem","position":2,"name":"Tienda","item":"https:\/\/www.ibc.ee\/es\/tienda\/"},{"@type":"ListItem","position":3,"name":"Bid\u00f3n pl\u00e1stico 125 L (usados)"}]},{"@type":"WebSite","@id":"https:\/\/www.ibc.ee\/es\/#website","url":"https:\/\/www.ibc.ee\/es\/","name":"IBC konteineri m&uuml;&uuml;k, vaadid, kraanid, mahutid","description":"IBC - Tank container valve, Adapters\\fittings, Intermediate bulk, container, Drums\/cans","potentialAction":[{"@type":"SearchAction","target":{"@type":"EntryPoint","urlTemplate":"https:\/\/www.ibc.ee\/es\/?s={search_term_string}"},"query-input":{"@type":"PropertyValueSpecification","valueRequired":true,"valueName":"search_term_string"}}],"inLanguage":"es"}]}},"_links":{"self":[{"href":"https:\/\/ibc.ee\/es\/wp-json\/wp\/v2\/product\/20816","targetHints":{"allow":["GET"]}}],"collection":[{"href":"https:\/\/ibc.ee\/es\/wp-json\/wp\/v2\/product"}],"about":[{"href":"https:\/\/ibc.ee\/es\/wp-json\/wp\/v2\/types\/product"}],"wp:featuredmedia":[{"embeddable":true,"href":"https:\/\/ibc.ee\/es\/wp-json\/wp\/v2\/media\/20828"}],"wp:attachment":[{"href":"https:\/\/ibc.ee\/es\/wp-json\/wp\/v2\/media?parent=20816"}],"wp:term":[{"taxonomy":"product_brand","embeddable":true,"href":"https:\/\/ibc.ee\/es\/wp-json\/wp\/v2\/product_brand?post=20816"},{"taxonomy":"product_cat","embeddable":true,"href":"https:\/\/ibc.ee\/es\/wp-json\/wp\/v2\/product_cat?post=20816"},{"taxonomy":"product_tag","embeddable":true,"href":"https:\/\/ibc.ee\/es\/wp-json\/wp\/v2\/product_tag?post=20816"}],"curies":[{"name":"wp","href":"https:\/\/api.w.org\/{rel}","templated":true}]}}