{"id":21230,"date":"2024-04-23T17:27:57","date_gmt":"2024-04-23T15:27:57","guid":{"rendered":"https:\/\/ibc.ee\/?post_type=product&#038;p=21230"},"modified":"2024-04-23T18:01:09","modified_gmt":"2024-04-23T16:01:09","slug":"tanque-uhp-cisteron-g-750-750l-copy","status":"publish","type":"product","link":"https:\/\/ibc.ee\/es\/producto\/tanque-uhp-cisteron-g-750-750l-copy\/","title":{"rendered":"Tanque UHP Cister\u00f3n G-1001 (1000L)"},"content":{"rendered":"<p>Un contenedor horizontal de polietileno. Su capacidad es de 1000 litros, alto 87,7 cm, largo 160 cm y ancho 105,4 cm. Adecuado para almacenar diversos l\u00edquidos, incl. agua de lluvia y potable, diesel, qu\u00edmicos. La resistencia del envase est\u00e1 asegurada por la forma del producto.<\/p>\n<p>Hay un orificio roscado de 1 pulgada en la parte inferior (en su estado original est\u00e1 sellado con pl\u00e1stico).<\/p>\n<p>El dep\u00f3sito cuenta con el certificado higi\u00e9nico polaco PZH, que permite el almacenamiento de agua potable.<\/p>\n","protected":false},"excerpt":{"rendered":"<p><strong>Caracter\u00edsticas<\/strong><br \/>\nCapacidad: 1000 l<br \/>\nAltura: 87,7 cm<br \/>\nLongitud: 160 cm<br \/>\nAncho: 105,4 cm<br \/>\nDi\u00e1metro de la tapa: 35 cm<br \/>\nEspesor de pared: 4,5 mm<br \/>\nRosca de conexi\u00f3n: 1 pulg.<\/p>\n<p><strong>Material<\/strong><br \/>\n&#8211; Polietileno de alta calidad<br \/>\n&#8211; Muy alta durabilidad<br \/>\n&#8211; Resistente a temperaturas cr\u00edticas (de -40\u00b0\u0421 a +60\u00b0\u0421)<br \/>\n&#8211; Apto para almacenamiento de alimentos<br \/>\n&#8211; resistente a los rayos UV<\/p>\n","protected":false},"featured_media":21242,"template":"","meta":[],"product_brand":[],"product_cat":[427],"product_tag":[],"class_list":{"0":"post-21230","1":"product","2":"type-product","3":"status-publish","4":"has-post-thumbnail","6":"product_cat-tanques-uhp","7":"product_shipping_class-containers-es","9":"first","10":"instock","11":"taxable","12":"shipping-taxable","13":"product-type-simple"},"yoast_head":"<!-- This site is optimized with the Yoast SEO plugin v26.9 - https:\/\/yoast.com\/product\/yoast-seo-wordpress\/ -->\n<title>Tanque UHP Cister\u00f3n G-1001 (1000L) - IBC konteineri m&uuml;&uuml;k, vaadid, kraanid, mahutid<\/title>\n<meta name=\"description\" content=\"Un contenedor horizontal de polietileno. Su capacidad es de 1000 litros, alto 87,7 cm, largo 160 cm y ancho 105,4 cm. Adecuado para almacenar diversos l\u00edquidos, incl. agua de lluvia y potable, diesel, qu\u00edmicos.\" \/>\n<meta name=\"robots\" content=\"index, follow, max-snippet:-1, max-image-preview:large, max-video-preview:-1\" \/>\n<link rel=\"canonical\" href=\"https:\/\/ibc.ee\/es\/producto\/tanque-uhp-cisteron-g-750-750l-copy\/\" \/>\n<meta property=\"og:locale\" content=\"es_ES\" \/>\n<meta property=\"og:type\" content=\"article\" \/>\n<meta property=\"og:title\" content=\"Tanque UHP Cister\u00f3n G-1001 (1000L) - IBC konteineri m&uuml;&uuml;k, vaadid, kraanid, mahutid\" \/>\n<meta property=\"og:description\" content=\"Un contenedor horizontal de polietileno. Su capacidad es de 1000 litros, alto 87,7 cm, largo 160 cm y ancho 105,4 cm. Adecuado para almacenar diversos l\u00edquidos, incl. agua de lluvia y potable, diesel, qu\u00edmicos.\" \/>\n<meta property=\"og:url\" content=\"https:\/\/ibc.ee\/es\/producto\/tanque-uhp-cisteron-g-750-750l-copy\/\" \/>\n<meta property=\"og:site_name\" content=\"IBC konteineri m&uuml;&uuml;k, vaadid, kraanid, mahutid\" \/>\n<meta property=\"article:modified_time\" content=\"2024-04-23T16:01:09+00:00\" \/>\n<meta property=\"og:image\" content=\"https:\/\/ibc.ee\/wp-content\/uploads\/2024\/04\/UHP-Cisteron-g-1001.jpg\" \/>\n\t<meta property=\"og:image:width\" content=\"1000\" \/>\n\t<meta property=\"og:image:height\" content=\"1000\" \/>\n\t<meta property=\"og:image:type\" content=\"image\/jpeg\" \/>\n<meta name=\"twitter:card\" content=\"summary_large_image\" \/>\n<script type=\"application\/ld+json\" class=\"yoast-schema-graph\">{\"@context\":\"https:\/\/schema.org\",\"@graph\":[{\"@type\":\"WebPage\",\"@id\":\"https:\/\/ibc.ee\/es\/producto\/tanque-uhp-cisteron-g-750-750l-copy\/\",\"url\":\"https:\/\/ibc.ee\/es\/producto\/tanque-uhp-cisteron-g-750-750l-copy\/\",\"name\":\"Tanque UHP Cister\u00f3n G-1001 (1000L) - IBC konteineri m&uuml;&uuml;k, vaadid, kraanid, mahutid\",\"isPartOf\":{\"@id\":\"https:\/\/www.ibc.ee\/es\/#website\"},\"primaryImageOfPage\":{\"@id\":\"https:\/\/ibc.ee\/es\/producto\/tanque-uhp-cisteron-g-750-750l-copy\/#primaryimage\"},\"image\":{\"@id\":\"https:\/\/ibc.ee\/es\/producto\/tanque-uhp-cisteron-g-750-750l-copy\/#primaryimage\"},\"thumbnailUrl\":\"https:\/\/ibc.ee\/wp-content\/uploads\/2024\/04\/UHP-Cisteron-g-1001.jpg\",\"datePublished\":\"2024-04-23T15:27:57+00:00\",\"dateModified\":\"2024-04-23T16:01:09+00:00\",\"description\":\"Un contenedor horizontal de polietileno. Su capacidad es de 1000 litros, alto 87,7 cm, largo 160 cm y ancho 105,4 cm. Adecuado para almacenar diversos l\u00edquidos, incl. agua de lluvia y potable, diesel, qu\u00edmicos.\",\"breadcrumb\":{\"@id\":\"https:\/\/ibc.ee\/es\/producto\/tanque-uhp-cisteron-g-750-750l-copy\/#breadcrumb\"},\"inLanguage\":\"es\",\"potentialAction\":[{\"@type\":\"ReadAction\",\"target\":[\"https:\/\/ibc.ee\/es\/producto\/tanque-uhp-cisteron-g-750-750l-copy\/\"]}]},{\"@type\":\"ImageObject\",\"inLanguage\":\"es\",\"@id\":\"https:\/\/ibc.ee\/es\/producto\/tanque-uhp-cisteron-g-750-750l-copy\/#primaryimage\",\"url\":\"https:\/\/ibc.ee\/wp-content\/uploads\/2024\/04\/UHP-Cisteron-g-1001.jpg\",\"contentUrl\":\"https:\/\/ibc.ee\/wp-content\/uploads\/2024\/04\/UHP-Cisteron-g-1001.jpg\",\"width\":1000,\"height\":1000,\"caption\":\"Tanque UHP Cister\u00f3n G-1001 (1000L)\"},{\"@type\":\"BreadcrumbList\",\"@id\":\"https:\/\/ibc.ee\/es\/producto\/tanque-uhp-cisteron-g-750-750l-copy\/#breadcrumb\",\"itemListElement\":[{\"@type\":\"ListItem\",\"position\":1,\"name\":\"\u0413\u043b\u0430\u0432\u043d\u0430\u044f \u0441\u0442\u0440\u0430\u043d\u0438\u0446\u0430\",\"item\":\"https:\/\/www.ibc.ee\/es\/\"},{\"@type\":\"ListItem\",\"position\":2,\"name\":\"Tienda\",\"item\":\"https:\/\/www.ibc.ee\/es\/tienda\/\"},{\"@type\":\"ListItem\",\"position\":3,\"name\":\"Tanque UHP Cister\u00f3n G-1001 (1000L)\"}]},{\"@type\":\"WebSite\",\"@id\":\"https:\/\/www.ibc.ee\/es\/#website\",\"url\":\"https:\/\/www.ibc.ee\/es\/\",\"name\":\"IBC konteineri m&uuml;&uuml;k, vaadid, kraanid, mahutid\",\"description\":\"IBC - Tank container valve, Adapters\\\\fittings, Intermediate bulk, container, Drums\/cans\",\"potentialAction\":[{\"@type\":\"SearchAction\",\"target\":{\"@type\":\"EntryPoint\",\"urlTemplate\":\"https:\/\/www.ibc.ee\/es\/?s={search_term_string}\"},\"query-input\":{\"@type\":\"PropertyValueSpecification\",\"valueRequired\":true,\"valueName\":\"search_term_string\"}}],\"inLanguage\":\"es\"}]}<\/script>\n<!-- \/ Yoast SEO plugin. -->","yoast_head_json":{"title":"Tanque UHP Cister\u00f3n G-1001 (1000L) - IBC konteineri m&uuml;&uuml;k, vaadid, kraanid, mahutid","description":"Un contenedor horizontal de polietileno. Su capacidad es de 1000 litros, alto 87,7 cm, largo 160 cm y ancho 105,4 cm. Adecuado para almacenar diversos l\u00edquidos, incl. agua de lluvia y potable, diesel, qu\u00edmicos.","robots":{"index":"index","follow":"follow","max-snippet":"max-snippet:-1","max-image-preview":"max-image-preview:large","max-video-preview":"max-video-preview:-1"},"canonical":"https:\/\/ibc.ee\/es\/producto\/tanque-uhp-cisteron-g-750-750l-copy\/","og_locale":"es_ES","og_type":"article","og_title":"Tanque UHP Cister\u00f3n G-1001 (1000L) - IBC konteineri m&uuml;&uuml;k, vaadid, kraanid, mahutid","og_description":"Un contenedor horizontal de polietileno. Su capacidad es de 1000 litros, alto 87,7 cm, largo 160 cm y ancho 105,4 cm. Adecuado para almacenar diversos l\u00edquidos, incl. agua de lluvia y potable, diesel, qu\u00edmicos.","og_url":"https:\/\/ibc.ee\/es\/producto\/tanque-uhp-cisteron-g-750-750l-copy\/","og_site_name":"IBC konteineri m&uuml;&uuml;k, vaadid, kraanid, mahutid","article_modified_time":"2024-04-23T16:01:09+00:00","og_image":[{"width":1000,"height":1000,"url":"https:\/\/ibc.ee\/wp-content\/uploads\/2024\/04\/UHP-Cisteron-g-1001.jpg","type":"image\/jpeg"}],"twitter_card":"summary_large_image","schema":{"@context":"https:\/\/schema.org","@graph":[{"@type":"WebPage","@id":"https:\/\/ibc.ee\/es\/producto\/tanque-uhp-cisteron-g-750-750l-copy\/","url":"https:\/\/ibc.ee\/es\/producto\/tanque-uhp-cisteron-g-750-750l-copy\/","name":"Tanque UHP Cister\u00f3n G-1001 (1000L) - IBC konteineri m&uuml;&uuml;k, vaadid, kraanid, mahutid","isPartOf":{"@id":"https:\/\/www.ibc.ee\/es\/#website"},"primaryImageOfPage":{"@id":"https:\/\/ibc.ee\/es\/producto\/tanque-uhp-cisteron-g-750-750l-copy\/#primaryimage"},"image":{"@id":"https:\/\/ibc.ee\/es\/producto\/tanque-uhp-cisteron-g-750-750l-copy\/#primaryimage"},"thumbnailUrl":"https:\/\/ibc.ee\/wp-content\/uploads\/2024\/04\/UHP-Cisteron-g-1001.jpg","datePublished":"2024-04-23T15:27:57+00:00","dateModified":"2024-04-23T16:01:09+00:00","description":"Un contenedor horizontal de polietileno. Su capacidad es de 1000 litros, alto 87,7 cm, largo 160 cm y ancho 105,4 cm. Adecuado para almacenar diversos l\u00edquidos, incl. agua de lluvia y potable, diesel, qu\u00edmicos.","breadcrumb":{"@id":"https:\/\/ibc.ee\/es\/producto\/tanque-uhp-cisteron-g-750-750l-copy\/#breadcrumb"},"inLanguage":"es","potentialAction":[{"@type":"ReadAction","target":["https:\/\/ibc.ee\/es\/producto\/tanque-uhp-cisteron-g-750-750l-copy\/"]}]},{"@type":"ImageObject","inLanguage":"es","@id":"https:\/\/ibc.ee\/es\/producto\/tanque-uhp-cisteron-g-750-750l-copy\/#primaryimage","url":"https:\/\/ibc.ee\/wp-content\/uploads\/2024\/04\/UHP-Cisteron-g-1001.jpg","contentUrl":"https:\/\/ibc.ee\/wp-content\/uploads\/2024\/04\/UHP-Cisteron-g-1001.jpg","width":1000,"height":1000,"caption":"Tanque UHP Cister\u00f3n G-1001 (1000L)"},{"@type":"BreadcrumbList","@id":"https:\/\/ibc.ee\/es\/producto\/tanque-uhp-cisteron-g-750-750l-copy\/#breadcrumb","itemListElement":[{"@type":"ListItem","position":1,"name":"\u0413\u043b\u0430\u0432\u043d\u0430\u044f \u0441\u0442\u0440\u0430\u043d\u0438\u0446\u0430","item":"https:\/\/www.ibc.ee\/es\/"},{"@type":"ListItem","position":2,"name":"Tienda","item":"https:\/\/www.ibc.ee\/es\/tienda\/"},{"@type":"ListItem","position":3,"name":"Tanque UHP Cister\u00f3n G-1001 (1000L)"}]},{"@type":"WebSite","@id":"https:\/\/www.ibc.ee\/es\/#website","url":"https:\/\/www.ibc.ee\/es\/","name":"IBC konteineri m&uuml;&uuml;k, vaadid, kraanid, mahutid","description":"IBC - Tank container valve, Adapters\\fittings, Intermediate bulk, container, Drums\/cans","potentialAction":[{"@type":"SearchAction","target":{"@type":"EntryPoint","urlTemplate":"https:\/\/www.ibc.ee\/es\/?s={search_term_string}"},"query-input":{"@type":"PropertyValueSpecification","valueRequired":true,"valueName":"search_term_string"}}],"inLanguage":"es"}]}},"_links":{"self":[{"href":"https:\/\/ibc.ee\/es\/wp-json\/wp\/v2\/product\/21230","targetHints":{"allow":["GET"]}}],"collection":[{"href":"https:\/\/ibc.ee\/es\/wp-json\/wp\/v2\/product"}],"about":[{"href":"https:\/\/ibc.ee\/es\/wp-json\/wp\/v2\/types\/product"}],"wp:featuredmedia":[{"embeddable":true,"href":"https:\/\/ibc.ee\/es\/wp-json\/wp\/v2\/media\/21242"}],"wp:attachment":[{"href":"https:\/\/ibc.ee\/es\/wp-json\/wp\/v2\/media?parent=21230"}],"wp:term":[{"taxonomy":"product_brand","embeddable":true,"href":"https:\/\/ibc.ee\/es\/wp-json\/wp\/v2\/product_brand?post=21230"},{"taxonomy":"product_cat","embeddable":true,"href":"https:\/\/ibc.ee\/es\/wp-json\/wp\/v2\/product_cat?post=21230"},{"taxonomy":"product_tag","embeddable":true,"href":"https:\/\/ibc.ee\/es\/wp-json\/wp\/v2\/product_tag?post=21230"}],"curies":[{"name":"wp","href":"https:\/\/api.w.org\/{rel}","templated":true}]}}