{"id":21700,"date":"2024-05-05T19:33:22","date_gmt":"2024-05-05T17:33:23","guid":{"rendered":"https:\/\/ibc.ee\/?post_type=product&#038;p=21700"},"modified":"2025-06-26T17:11:58","modified_gmt":"2025-06-26T15:11:58","slug":"tanque-uhp-showeron-shower-100-100l-copy","status":"publish","type":"product","link":"https:\/\/ibc.ee\/es\/producto\/tanque-uhp-showeron-shower-100-100l-copy\/","title":{"rendered":"Tanque UHP Showeron Shower-160 (160L)"},"content":{"rendered":"<p>Un dep\u00f3sito de ducha con una capacidad de 160 l. Con este tanque podr\u00e1s construir f\u00e1cilmente una ducha exterior en cualquier condici\u00f3n. El tanque de la ducha es negro, por lo que el agua que contiene se calienta r\u00e1pidamente.<br \/>\nHay un orificio roscado de \u00bd pulgada en la pared inferior del dep\u00f3sito a trav\u00e9s del cual se puede atornillar una v\u00e1lvula de bola. Gracias al fondo m\u00e1s estrecho, el agua se drena completamente del dep\u00f3sito.<\/p>\n<p>Al comprar cabinas de ducha individuales, la ducha se proporciona de forma gratuita.<\/p>\n<p>El dep\u00f3sito cuenta con el certificado higi\u00e9nico polaco PZH, que permite el almacenamiento de agua potable.<\/p>\n","protected":false},"excerpt":{"rendered":"<p><strong>Caracter\u00edsticas<\/strong><br \/>\nCapacidad: 160 l<br \/>\nLongitud: 90 cm<br \/>\nAncho: 90 cm<br \/>\nAltura: 29 cm<br \/>\nDi\u00e1metro de la tapa: 22 cm<br \/>\nGrosor de la pared: 4 mm<br \/>\nRosca de conexi\u00f3n: 1\/2 pulg.<\/p>\n<p><strong>Material<\/strong><br \/>\n&#8211; Polietileno de alta calidad<br \/>\n&#8211; Muy alta durabilidad<br \/>\n&#8211; Resistente a temperaturas cr\u00edticas (de -40\u00b0\u0421 a +60\u00b0\u0421)<br \/>\n&#8211; Apto para almacenamiento de alimentos<br \/>\n&#8211; resistente a los rayos UV<\/p>\n","protected":false},"featured_media":21712,"template":"","meta":[],"product_brand":[],"product_cat":[427],"product_tag":[],"class_list":{"0":"post-21700","1":"product","2":"type-product","3":"status-publish","4":"has-post-thumbnail","6":"product_cat-tanques-uhp","8":"first","9":"onbackorder","10":"taxable","11":"shipping-taxable","12":"product-type-simple"},"yoast_head":"<!-- This site is optimized with the Yoast SEO plugin v26.9 - https:\/\/yoast.com\/product\/yoast-seo-wordpress\/ -->\n<title>Tanque UHP Showeron Shower-160 (160L) - IBC konteineri m&uuml;&uuml;k, vaadid, kraanid, mahutid<\/title>\n<meta name=\"description\" content=\"Un tanque de ducha con una capacidad de 160 l. Con este tanque podr\u00e1s construir f\u00e1cilmente una ducha exterior en cualquier condici\u00f3n. El tanque de la ducha es negro, por lo que el agua que contiene se calienta r\u00e1pidamente.\" \/>\n<meta name=\"robots\" content=\"index, follow, max-snippet:-1, max-image-preview:large, max-video-preview:-1\" \/>\n<link rel=\"canonical\" href=\"https:\/\/ibc.ee\/es\/producto\/tanque-uhp-showeron-shower-100-100l-copy\/\" \/>\n<meta property=\"og:locale\" content=\"es_ES\" \/>\n<meta property=\"og:type\" content=\"article\" \/>\n<meta property=\"og:title\" content=\"Tanque UHP Showeron Shower-160 (160L) - IBC konteineri m&uuml;&uuml;k, vaadid, kraanid, mahutid\" \/>\n<meta property=\"og:description\" content=\"Un tanque de ducha con una capacidad de 160 l. Con este tanque podr\u00e1s construir f\u00e1cilmente una ducha exterior en cualquier condici\u00f3n. El tanque de la ducha es negro, por lo que el agua que contiene se calienta r\u00e1pidamente.\" \/>\n<meta property=\"og:url\" content=\"https:\/\/ibc.ee\/es\/producto\/tanque-uhp-showeron-shower-100-100l-copy\/\" \/>\n<meta property=\"og:site_name\" content=\"IBC konteineri m&uuml;&uuml;k, vaadid, kraanid, mahutid\" \/>\n<meta property=\"article:modified_time\" content=\"2025-06-26T15:11:58+00:00\" \/>\n<meta property=\"og:image\" content=\"https:\/\/ibc.ee\/wp-content\/uploads\/2024\/05\/UHP_SHOWERON_SHOWER_160.jpg\" \/>\n\t<meta property=\"og:image:width\" content=\"1000\" \/>\n\t<meta property=\"og:image:height\" content=\"1000\" \/>\n\t<meta property=\"og:image:type\" content=\"image\/jpeg\" \/>\n<meta name=\"twitter:card\" content=\"summary_large_image\" \/>\n<meta name=\"twitter:label1\" content=\"Tiempo de lectura\" \/>\n\t<meta name=\"twitter:data1\" content=\"1 minuto\" \/>\n<script type=\"application\/ld+json\" class=\"yoast-schema-graph\">{\"@context\":\"https:\/\/schema.org\",\"@graph\":[{\"@type\":\"WebPage\",\"@id\":\"https:\/\/ibc.ee\/es\/producto\/tanque-uhp-showeron-shower-100-100l-copy\/\",\"url\":\"https:\/\/ibc.ee\/es\/producto\/tanque-uhp-showeron-shower-100-100l-copy\/\",\"name\":\"Tanque UHP Showeron Shower-160 (160L) - IBC konteineri m&uuml;&uuml;k, vaadid, kraanid, mahutid\",\"isPartOf\":{\"@id\":\"https:\/\/www.ibc.ee\/es\/#website\"},\"primaryImageOfPage\":{\"@id\":\"https:\/\/ibc.ee\/es\/producto\/tanque-uhp-showeron-shower-100-100l-copy\/#primaryimage\"},\"image\":{\"@id\":\"https:\/\/ibc.ee\/es\/producto\/tanque-uhp-showeron-shower-100-100l-copy\/#primaryimage\"},\"thumbnailUrl\":\"https:\/\/ibc.ee\/wp-content\/uploads\/2024\/05\/UHP_SHOWERON_SHOWER_160.jpg\",\"datePublished\":\"2024-05-05T17:33:23+00:00\",\"dateModified\":\"2025-06-26T15:11:58+00:00\",\"description\":\"Un tanque de ducha con una capacidad de 160 l. Con este tanque podr\u00e1s construir f\u00e1cilmente una ducha exterior en cualquier condici\u00f3n. El tanque de la ducha es negro, por lo que el agua que contiene se calienta r\u00e1pidamente.\",\"breadcrumb\":{\"@id\":\"https:\/\/ibc.ee\/es\/producto\/tanque-uhp-showeron-shower-100-100l-copy\/#breadcrumb\"},\"inLanguage\":\"es\",\"potentialAction\":[{\"@type\":\"ReadAction\",\"target\":[\"https:\/\/ibc.ee\/es\/producto\/tanque-uhp-showeron-shower-100-100l-copy\/\"]}]},{\"@type\":\"ImageObject\",\"inLanguage\":\"es\",\"@id\":\"https:\/\/ibc.ee\/es\/producto\/tanque-uhp-showeron-shower-100-100l-copy\/#primaryimage\",\"url\":\"https:\/\/ibc.ee\/wp-content\/uploads\/2024\/05\/UHP_SHOWERON_SHOWER_160.jpg\",\"contentUrl\":\"https:\/\/ibc.ee\/wp-content\/uploads\/2024\/05\/UHP_SHOWERON_SHOWER_160.jpg\",\"width\":1000,\"height\":1000,\"caption\":\"Tanque UHP Showeron Shower-160 (160L)\"},{\"@type\":\"BreadcrumbList\",\"@id\":\"https:\/\/ibc.ee\/es\/producto\/tanque-uhp-showeron-shower-100-100l-copy\/#breadcrumb\",\"itemListElement\":[{\"@type\":\"ListItem\",\"position\":1,\"name\":\"\u0413\u043b\u0430\u0432\u043d\u0430\u044f \u0441\u0442\u0440\u0430\u043d\u0438\u0446\u0430\",\"item\":\"https:\/\/www.ibc.ee\/es\/\"},{\"@type\":\"ListItem\",\"position\":2,\"name\":\"Tienda\",\"item\":\"https:\/\/www.ibc.ee\/es\/tienda\/\"},{\"@type\":\"ListItem\",\"position\":3,\"name\":\"Tanque UHP Showeron Shower-160 (160L)\"}]},{\"@type\":\"WebSite\",\"@id\":\"https:\/\/www.ibc.ee\/es\/#website\",\"url\":\"https:\/\/www.ibc.ee\/es\/\",\"name\":\"IBC konteineri m&uuml;&uuml;k, vaadid, kraanid, mahutid\",\"description\":\"IBC - Tank container valve, Adapters\\\\fittings, Intermediate bulk, container, Drums\/cans\",\"potentialAction\":[{\"@type\":\"SearchAction\",\"target\":{\"@type\":\"EntryPoint\",\"urlTemplate\":\"https:\/\/www.ibc.ee\/es\/?s={search_term_string}\"},\"query-input\":{\"@type\":\"PropertyValueSpecification\",\"valueRequired\":true,\"valueName\":\"search_term_string\"}}],\"inLanguage\":\"es\"}]}<\/script>\n<!-- \/ Yoast SEO plugin. -->","yoast_head_json":{"title":"Tanque UHP Showeron Shower-160 (160L) - IBC konteineri m&uuml;&uuml;k, vaadid, kraanid, mahutid","description":"Un tanque de ducha con una capacidad de 160 l. Con este tanque podr\u00e1s construir f\u00e1cilmente una ducha exterior en cualquier condici\u00f3n. El tanque de la ducha es negro, por lo que el agua que contiene se calienta r\u00e1pidamente.","robots":{"index":"index","follow":"follow","max-snippet":"max-snippet:-1","max-image-preview":"max-image-preview:large","max-video-preview":"max-video-preview:-1"},"canonical":"https:\/\/ibc.ee\/es\/producto\/tanque-uhp-showeron-shower-100-100l-copy\/","og_locale":"es_ES","og_type":"article","og_title":"Tanque UHP Showeron Shower-160 (160L) - IBC konteineri m&uuml;&uuml;k, vaadid, kraanid, mahutid","og_description":"Un tanque de ducha con una capacidad de 160 l. Con este tanque podr\u00e1s construir f\u00e1cilmente una ducha exterior en cualquier condici\u00f3n. El tanque de la ducha es negro, por lo que el agua que contiene se calienta r\u00e1pidamente.","og_url":"https:\/\/ibc.ee\/es\/producto\/tanque-uhp-showeron-shower-100-100l-copy\/","og_site_name":"IBC konteineri m&uuml;&uuml;k, vaadid, kraanid, mahutid","article_modified_time":"2025-06-26T15:11:58+00:00","og_image":[{"width":1000,"height":1000,"url":"https:\/\/ibc.ee\/wp-content\/uploads\/2024\/05\/UHP_SHOWERON_SHOWER_160.jpg","type":"image\/jpeg"}],"twitter_card":"summary_large_image","twitter_misc":{"Tiempo de lectura":"1 minuto"},"schema":{"@context":"https:\/\/schema.org","@graph":[{"@type":"WebPage","@id":"https:\/\/ibc.ee\/es\/producto\/tanque-uhp-showeron-shower-100-100l-copy\/","url":"https:\/\/ibc.ee\/es\/producto\/tanque-uhp-showeron-shower-100-100l-copy\/","name":"Tanque UHP Showeron Shower-160 (160L) - IBC konteineri m&uuml;&uuml;k, vaadid, kraanid, mahutid","isPartOf":{"@id":"https:\/\/www.ibc.ee\/es\/#website"},"primaryImageOfPage":{"@id":"https:\/\/ibc.ee\/es\/producto\/tanque-uhp-showeron-shower-100-100l-copy\/#primaryimage"},"image":{"@id":"https:\/\/ibc.ee\/es\/producto\/tanque-uhp-showeron-shower-100-100l-copy\/#primaryimage"},"thumbnailUrl":"https:\/\/ibc.ee\/wp-content\/uploads\/2024\/05\/UHP_SHOWERON_SHOWER_160.jpg","datePublished":"2024-05-05T17:33:23+00:00","dateModified":"2025-06-26T15:11:58+00:00","description":"Un tanque de ducha con una capacidad de 160 l. Con este tanque podr\u00e1s construir f\u00e1cilmente una ducha exterior en cualquier condici\u00f3n. El tanque de la ducha es negro, por lo que el agua que contiene se calienta r\u00e1pidamente.","breadcrumb":{"@id":"https:\/\/ibc.ee\/es\/producto\/tanque-uhp-showeron-shower-100-100l-copy\/#breadcrumb"},"inLanguage":"es","potentialAction":[{"@type":"ReadAction","target":["https:\/\/ibc.ee\/es\/producto\/tanque-uhp-showeron-shower-100-100l-copy\/"]}]},{"@type":"ImageObject","inLanguage":"es","@id":"https:\/\/ibc.ee\/es\/producto\/tanque-uhp-showeron-shower-100-100l-copy\/#primaryimage","url":"https:\/\/ibc.ee\/wp-content\/uploads\/2024\/05\/UHP_SHOWERON_SHOWER_160.jpg","contentUrl":"https:\/\/ibc.ee\/wp-content\/uploads\/2024\/05\/UHP_SHOWERON_SHOWER_160.jpg","width":1000,"height":1000,"caption":"Tanque UHP Showeron Shower-160 (160L)"},{"@type":"BreadcrumbList","@id":"https:\/\/ibc.ee\/es\/producto\/tanque-uhp-showeron-shower-100-100l-copy\/#breadcrumb","itemListElement":[{"@type":"ListItem","position":1,"name":"\u0413\u043b\u0430\u0432\u043d\u0430\u044f \u0441\u0442\u0440\u0430\u043d\u0438\u0446\u0430","item":"https:\/\/www.ibc.ee\/es\/"},{"@type":"ListItem","position":2,"name":"Tienda","item":"https:\/\/www.ibc.ee\/es\/tienda\/"},{"@type":"ListItem","position":3,"name":"Tanque UHP Showeron Shower-160 (160L)"}]},{"@type":"WebSite","@id":"https:\/\/www.ibc.ee\/es\/#website","url":"https:\/\/www.ibc.ee\/es\/","name":"IBC konteineri m&uuml;&uuml;k, vaadid, kraanid, mahutid","description":"IBC - Tank container valve, Adapters\\fittings, Intermediate bulk, container, Drums\/cans","potentialAction":[{"@type":"SearchAction","target":{"@type":"EntryPoint","urlTemplate":"https:\/\/www.ibc.ee\/es\/?s={search_term_string}"},"query-input":{"@type":"PropertyValueSpecification","valueRequired":true,"valueName":"search_term_string"}}],"inLanguage":"es"}]}},"_links":{"self":[{"href":"https:\/\/ibc.ee\/es\/wp-json\/wp\/v2\/product\/21700","targetHints":{"allow":["GET"]}}],"collection":[{"href":"https:\/\/ibc.ee\/es\/wp-json\/wp\/v2\/product"}],"about":[{"href":"https:\/\/ibc.ee\/es\/wp-json\/wp\/v2\/types\/product"}],"wp:featuredmedia":[{"embeddable":true,"href":"https:\/\/ibc.ee\/es\/wp-json\/wp\/v2\/media\/21712"}],"wp:attachment":[{"href":"https:\/\/ibc.ee\/es\/wp-json\/wp\/v2\/media?parent=21700"}],"wp:term":[{"taxonomy":"product_brand","embeddable":true,"href":"https:\/\/ibc.ee\/es\/wp-json\/wp\/v2\/product_brand?post=21700"},{"taxonomy":"product_cat","embeddable":true,"href":"https:\/\/ibc.ee\/es\/wp-json\/wp\/v2\/product_cat?post=21700"},{"taxonomy":"product_tag","embeddable":true,"href":"https:\/\/ibc.ee\/es\/wp-json\/wp\/v2\/product_tag?post=21700"}],"curies":[{"name":"wp","href":"https:\/\/api.w.org\/{rel}","templated":true}]}}