{"id":22079,"date":"2024-05-08T08:14:55","date_gmt":"2024-05-08T06:14:55","guid":{"rendered":"https:\/\/ibc.ee\/?post_type=product&#038;p=22079"},"modified":"2025-06-26T18:23:41","modified_gmt":"2025-06-26T16:23:41","slug":"tanque-uhp-salton-c-75-75l-copy","status":"publish","type":"product","link":"https:\/\/ibc.ee\/es\/producto\/tanque-uhp-salton-c-75-75l-copy\/","title":{"rendered":"Tanque UHP Salton C-125 (125L)"},"content":{"rendered":"<p>Un tanque de pl\u00e1stico especial dise\u00f1ado para preparar y suministrar una soluci\u00f3n de cloruro de sodio (NaCL) a plantas de ablandamiento, estaciones de desferrizaci\u00f3n complejas (simult\u00e1neas) y plantas de ablandamiento y desalinizaci\u00f3n de agua. El dep\u00f3sito de sal es un elemento integral del dise\u00f1o de casi todos los filtros de alimentaci\u00f3n en los que el material filtrante se basa en resinas de intercambio i\u00f3nico, que requieren lavar el material con una soluci\u00f3n de cloruro de sodio para restaurar sus propiedades de intercambio i\u00f3nico.<\/p>\n<p>El dep\u00f3sito cuenta con el certificado higi\u00e9nico polaco PZH, que permite el almacenamiento de agua potable.<\/p>\n","protected":false},"excerpt":{"rendered":"<p><strong>Caracter\u00edsticas<\/strong><br \/>\nCapacidad: 125 l<br \/>\nLongitud: 47 cm<br \/>\nAncho: 47 cm<br \/>\nAltura: 101 cm<br \/>\nGrosor de la pared: 4 mm<\/p>\n<p><strong>Material<\/strong><br \/>\n&#8211; Polietileno de alta calidad<br \/>\n&#8211; Muy alta durabilidad<br \/>\n&#8211; Resistente a temperaturas cr\u00edticas (de -40\u00b0\u0421 a +60\u00b0\u0421)<br \/>\n&#8211; Apto para almacenamiento de alimentos<br \/>\n&#8211; resistente a los rayos UV<\/p>\n","protected":false},"featured_media":22091,"template":"","meta":[],"product_brand":[],"product_cat":[427],"product_tag":[],"class_list":{"0":"post-22079","1":"product","2":"type-product","3":"status-publish","4":"has-post-thumbnail","6":"product_cat-tanques-uhp","7":"product_shipping_class-containers-es","9":"first","10":"onbackorder","11":"taxable","12":"shipping-taxable","13":"purchasable","14":"product-type-simple"},"yoast_head":"<!-- This site is optimized with the Yoast SEO plugin v26.9 - https:\/\/yoast.com\/product\/yoast-seo-wordpress\/ -->\n<title>Tanque UHP Salton C-125 (125L) - IBC konteineri m&uuml;&uuml;k, vaadid, kraanid, mahutid<\/title>\n<meta name=\"description\" content=\"Un tanque de pl\u00e1stico especial dise\u00f1ado para preparar y suministrar una soluci\u00f3n de cloruro de sodio (NaCL) a plantas de ablandamiento, estaciones de desferrizaci\u00f3n complejas (simult\u00e1neas) y plantas de ablandamiento y desalinizaci\u00f3n de agua.\" \/>\n<meta name=\"robots\" content=\"index, follow, max-snippet:-1, max-image-preview:large, max-video-preview:-1\" \/>\n<link rel=\"canonical\" href=\"https:\/\/ibc.ee\/es\/producto\/tanque-uhp-salton-c-75-75l-copy\/\" \/>\n<meta property=\"og:locale\" content=\"es_ES\" \/>\n<meta property=\"og:type\" content=\"article\" \/>\n<meta property=\"og:title\" content=\"Tanque UHP Salton C-125 (125L) - IBC konteineri m&uuml;&uuml;k, vaadid, kraanid, mahutid\" \/>\n<meta property=\"og:description\" content=\"Un tanque de pl\u00e1stico especial dise\u00f1ado para preparar y suministrar una soluci\u00f3n de cloruro de sodio (NaCL) a plantas de ablandamiento, estaciones de desferrizaci\u00f3n complejas (simult\u00e1neas) y plantas de ablandamiento y desalinizaci\u00f3n de agua.\" \/>\n<meta property=\"og:url\" content=\"https:\/\/ibc.ee\/es\/producto\/tanque-uhp-salton-c-75-75l-copy\/\" \/>\n<meta property=\"og:site_name\" content=\"IBC konteineri m&uuml;&uuml;k, vaadid, kraanid, mahutid\" \/>\n<meta property=\"article:modified_time\" content=\"2025-06-26T16:23:41+00:00\" \/>\n<meta property=\"og:image\" content=\"https:\/\/ibc.ee\/wp-content\/uploads\/2024\/05\/UHP_salton_C-125.jpg\" \/>\n\t<meta property=\"og:image:width\" content=\"1000\" \/>\n\t<meta property=\"og:image:height\" content=\"1000\" \/>\n\t<meta property=\"og:image:type\" content=\"image\/jpeg\" \/>\n<meta name=\"twitter:card\" content=\"summary_large_image\" \/>\n<meta name=\"twitter:label1\" content=\"Tiempo de lectura\" \/>\n\t<meta name=\"twitter:data1\" content=\"1 minuto\" \/>\n<script type=\"application\/ld+json\" class=\"yoast-schema-graph\">{\"@context\":\"https:\/\/schema.org\",\"@graph\":[{\"@type\":\"WebPage\",\"@id\":\"https:\/\/ibc.ee\/es\/producto\/tanque-uhp-salton-c-75-75l-copy\/\",\"url\":\"https:\/\/ibc.ee\/es\/producto\/tanque-uhp-salton-c-75-75l-copy\/\",\"name\":\"Tanque UHP Salton C-125 (125L) - IBC konteineri m&uuml;&uuml;k, vaadid, kraanid, mahutid\",\"isPartOf\":{\"@id\":\"https:\/\/ibc.ee\/es\/#website\"},\"primaryImageOfPage\":{\"@id\":\"https:\/\/ibc.ee\/es\/producto\/tanque-uhp-salton-c-75-75l-copy\/#primaryimage\"},\"image\":{\"@id\":\"https:\/\/ibc.ee\/es\/producto\/tanque-uhp-salton-c-75-75l-copy\/#primaryimage\"},\"thumbnailUrl\":\"https:\/\/ibc.ee\/wp-content\/uploads\/2024\/05\/UHP_salton_C-125.jpg\",\"datePublished\":\"2024-05-08T06:14:55+00:00\",\"dateModified\":\"2025-06-26T16:23:41+00:00\",\"description\":\"Un tanque de pl\u00e1stico especial dise\u00f1ado para preparar y suministrar una soluci\u00f3n de cloruro de sodio (NaCL) a plantas de ablandamiento, estaciones de desferrizaci\u00f3n complejas (simult\u00e1neas) y plantas de ablandamiento y desalinizaci\u00f3n de agua.\",\"breadcrumb\":{\"@id\":\"https:\/\/ibc.ee\/es\/producto\/tanque-uhp-salton-c-75-75l-copy\/#breadcrumb\"},\"inLanguage\":\"es\",\"potentialAction\":[{\"@type\":\"ReadAction\",\"target\":[\"https:\/\/ibc.ee\/es\/producto\/tanque-uhp-salton-c-75-75l-copy\/\"]}]},{\"@type\":\"ImageObject\",\"inLanguage\":\"es\",\"@id\":\"https:\/\/ibc.ee\/es\/producto\/tanque-uhp-salton-c-75-75l-copy\/#primaryimage\",\"url\":\"https:\/\/ibc.ee\/wp-content\/uploads\/2024\/05\/UHP_salton_C-125.jpg\",\"contentUrl\":\"https:\/\/ibc.ee\/wp-content\/uploads\/2024\/05\/UHP_salton_C-125.jpg\",\"width\":1000,\"height\":1000,\"caption\":\"Tanque UHP Salton C-125 (125L)\"},{\"@type\":\"BreadcrumbList\",\"@id\":\"https:\/\/ibc.ee\/es\/producto\/tanque-uhp-salton-c-75-75l-copy\/#breadcrumb\",\"itemListElement\":[{\"@type\":\"ListItem\",\"position\":1,\"name\":\"\u0413\u043b\u0430\u0432\u043d\u0430\u044f \u0441\u0442\u0440\u0430\u043d\u0438\u0446\u0430\",\"item\":\"https:\/\/ibc.ee\/es\/\"},{\"@type\":\"ListItem\",\"position\":2,\"name\":\"Tienda\",\"item\":\"https:\/\/ibc.ee\/es\/tienda\/\"},{\"@type\":\"ListItem\",\"position\":3,\"name\":\"Tanque UHP Salton C-125 (125L)\"}]},{\"@type\":\"WebSite\",\"@id\":\"https:\/\/ibc.ee\/es\/#website\",\"url\":\"https:\/\/ibc.ee\/es\/\",\"name\":\"IBC konteineri m&uuml;&uuml;k, vaadid, kraanid, mahutid\",\"description\":\"IBC - Tank container valve, Adapters\\\\fittings, Intermediate bulk, container, Drums\/cans\",\"potentialAction\":[{\"@type\":\"SearchAction\",\"target\":{\"@type\":\"EntryPoint\",\"urlTemplate\":\"https:\/\/ibc.ee\/es\/?s={search_term_string}\"},\"query-input\":{\"@type\":\"PropertyValueSpecification\",\"valueRequired\":true,\"valueName\":\"search_term_string\"}}],\"inLanguage\":\"es\"}]}<\/script>\n<!-- \/ Yoast SEO plugin. -->","yoast_head_json":{"title":"Tanque UHP Salton C-125 (125L) - IBC konteineri m&uuml;&uuml;k, vaadid, kraanid, mahutid","description":"Un tanque de pl\u00e1stico especial dise\u00f1ado para preparar y suministrar una soluci\u00f3n de cloruro de sodio (NaCL) a plantas de ablandamiento, estaciones de desferrizaci\u00f3n complejas (simult\u00e1neas) y plantas de ablandamiento y desalinizaci\u00f3n de agua.","robots":{"index":"index","follow":"follow","max-snippet":"max-snippet:-1","max-image-preview":"max-image-preview:large","max-video-preview":"max-video-preview:-1"},"canonical":"https:\/\/ibc.ee\/es\/producto\/tanque-uhp-salton-c-75-75l-copy\/","og_locale":"es_ES","og_type":"article","og_title":"Tanque UHP Salton C-125 (125L) - IBC konteineri m&uuml;&uuml;k, vaadid, kraanid, mahutid","og_description":"Un tanque de pl\u00e1stico especial dise\u00f1ado para preparar y suministrar una soluci\u00f3n de cloruro de sodio (NaCL) a plantas de ablandamiento, estaciones de desferrizaci\u00f3n complejas (simult\u00e1neas) y plantas de ablandamiento y desalinizaci\u00f3n de agua.","og_url":"https:\/\/ibc.ee\/es\/producto\/tanque-uhp-salton-c-75-75l-copy\/","og_site_name":"IBC konteineri m&uuml;&uuml;k, vaadid, kraanid, mahutid","article_modified_time":"2025-06-26T16:23:41+00:00","og_image":[{"width":1000,"height":1000,"url":"https:\/\/ibc.ee\/wp-content\/uploads\/2024\/05\/UHP_salton_C-125.jpg","type":"image\/jpeg"}],"twitter_card":"summary_large_image","twitter_misc":{"Tiempo de lectura":"1 minuto"},"schema":{"@context":"https:\/\/schema.org","@graph":[{"@type":"WebPage","@id":"https:\/\/ibc.ee\/es\/producto\/tanque-uhp-salton-c-75-75l-copy\/","url":"https:\/\/ibc.ee\/es\/producto\/tanque-uhp-salton-c-75-75l-copy\/","name":"Tanque UHP Salton C-125 (125L) - IBC konteineri m&uuml;&uuml;k, vaadid, kraanid, mahutid","isPartOf":{"@id":"https:\/\/ibc.ee\/es\/#website"},"primaryImageOfPage":{"@id":"https:\/\/ibc.ee\/es\/producto\/tanque-uhp-salton-c-75-75l-copy\/#primaryimage"},"image":{"@id":"https:\/\/ibc.ee\/es\/producto\/tanque-uhp-salton-c-75-75l-copy\/#primaryimage"},"thumbnailUrl":"https:\/\/ibc.ee\/wp-content\/uploads\/2024\/05\/UHP_salton_C-125.jpg","datePublished":"2024-05-08T06:14:55+00:00","dateModified":"2025-06-26T16:23:41+00:00","description":"Un tanque de pl\u00e1stico especial dise\u00f1ado para preparar y suministrar una soluci\u00f3n de cloruro de sodio (NaCL) a plantas de ablandamiento, estaciones de desferrizaci\u00f3n complejas (simult\u00e1neas) y plantas de ablandamiento y desalinizaci\u00f3n de agua.","breadcrumb":{"@id":"https:\/\/ibc.ee\/es\/producto\/tanque-uhp-salton-c-75-75l-copy\/#breadcrumb"},"inLanguage":"es","potentialAction":[{"@type":"ReadAction","target":["https:\/\/ibc.ee\/es\/producto\/tanque-uhp-salton-c-75-75l-copy\/"]}]},{"@type":"ImageObject","inLanguage":"es","@id":"https:\/\/ibc.ee\/es\/producto\/tanque-uhp-salton-c-75-75l-copy\/#primaryimage","url":"https:\/\/ibc.ee\/wp-content\/uploads\/2024\/05\/UHP_salton_C-125.jpg","contentUrl":"https:\/\/ibc.ee\/wp-content\/uploads\/2024\/05\/UHP_salton_C-125.jpg","width":1000,"height":1000,"caption":"Tanque UHP Salton C-125 (125L)"},{"@type":"BreadcrumbList","@id":"https:\/\/ibc.ee\/es\/producto\/tanque-uhp-salton-c-75-75l-copy\/#breadcrumb","itemListElement":[{"@type":"ListItem","position":1,"name":"\u0413\u043b\u0430\u0432\u043d\u0430\u044f \u0441\u0442\u0440\u0430\u043d\u0438\u0446\u0430","item":"https:\/\/ibc.ee\/es\/"},{"@type":"ListItem","position":2,"name":"Tienda","item":"https:\/\/ibc.ee\/es\/tienda\/"},{"@type":"ListItem","position":3,"name":"Tanque UHP Salton C-125 (125L)"}]},{"@type":"WebSite","@id":"https:\/\/ibc.ee\/es\/#website","url":"https:\/\/ibc.ee\/es\/","name":"IBC konteineri m&uuml;&uuml;k, vaadid, kraanid, mahutid","description":"IBC - Tank container valve, Adapters\\fittings, Intermediate bulk, container, Drums\/cans","potentialAction":[{"@type":"SearchAction","target":{"@type":"EntryPoint","urlTemplate":"https:\/\/ibc.ee\/es\/?s={search_term_string}"},"query-input":{"@type":"PropertyValueSpecification","valueRequired":true,"valueName":"search_term_string"}}],"inLanguage":"es"}]}},"_links":{"self":[{"href":"https:\/\/ibc.ee\/es\/wp-json\/wp\/v2\/product\/22079","targetHints":{"allow":["GET"]}}],"collection":[{"href":"https:\/\/ibc.ee\/es\/wp-json\/wp\/v2\/product"}],"about":[{"href":"https:\/\/ibc.ee\/es\/wp-json\/wp\/v2\/types\/product"}],"wp:featuredmedia":[{"embeddable":true,"href":"https:\/\/ibc.ee\/es\/wp-json\/wp\/v2\/media\/22091"}],"wp:attachment":[{"href":"https:\/\/ibc.ee\/es\/wp-json\/wp\/v2\/media?parent=22079"}],"wp:term":[{"taxonomy":"product_brand","embeddable":true,"href":"https:\/\/ibc.ee\/es\/wp-json\/wp\/v2\/product_brand?post=22079"},{"taxonomy":"product_cat","embeddable":true,"href":"https:\/\/ibc.ee\/es\/wp-json\/wp\/v2\/product_cat?post=22079"},{"taxonomy":"product_tag","embeddable":true,"href":"https:\/\/ibc.ee\/es\/wp-json\/wp\/v2\/product_tag?post=22079"}],"curies":[{"name":"wp","href":"https:\/\/api.w.org\/{rel}","templated":true}]}}