{"id":22128,"date":"2024-05-08T18:28:26","date_gmt":"2024-05-08T16:28:26","guid":{"rendered":"https:\/\/ibc.ee\/?post_type=product&#038;p=22128"},"modified":"2025-06-26T18:26:27","modified_gmt":"2025-06-26T16:26:27","slug":"tanque-uhp-verticon-chemo-transport-v-60-60l-copy","status":"publish","type":"product","link":"https:\/\/ibc.ee\/es\/producto\/tanque-uhp-verticon-chemo-transport-v-60-60l-copy\/","title":{"rendered":"Tanque UHP Verticon Chemo Transport V-130 (130L)"},"content":{"rendered":"<p>El dep\u00f3sito vertical de polietileno V-130 es un dep\u00f3sito duradero con una capacidad de 130 litros, una altura de 87 cm y un di\u00e1metro de 47 cm. Estos dep\u00f3sitos se pueden utilizar no s\u00f3lo para agua potable, sino tambi\u00e9n para otras sustancias l\u00edquidas que no se pueden almacenar en recipientes met\u00e1licos. Adem\u00e1s, estos dep\u00f3sitos son superiores a los contenedores met\u00e1licos por su ligereza, flexibilidad y fiabilidad.<\/p>\n<p>El dep\u00f3sito cuenta con el certificado higi\u00e9nico polaco PZH, que permite el almacenamiento de agua potable.<\/p>\n","protected":false},"excerpt":{"rendered":"<p><strong>Caracter\u00edsticas<\/strong><br \/>\nCapacidad: 130 l<br \/>\nAltura: 87 cm<br \/>\nDi\u00e1metro: 46,8 cm.<br \/>\nDi\u00e1metro del cuello: 11 cm.<br \/>\nEspesor de pared: 3,5 mm<br \/>\nHilo de conexi\u00f3n: &#8211;<\/p>\n<p><strong>Material<\/strong><br \/>\n&#8211; Polietileno de alta calidad<br \/>\n&#8211; Muy alta durabilidad<br \/>\n&#8211; Resistente a temperaturas cr\u00edticas (de -40\u00b0\u0421 a +60\u00b0\u0421)<br \/>\n&#8211; Apto para almacenamiento de alimentos<br \/>\n&#8211; resistente a los rayos UV<\/p>\n","protected":false},"featured_media":22140,"template":"","meta":[],"product_brand":[],"product_cat":[427],"product_tag":[],"class_list":{"0":"post-22128","1":"product","2":"type-product","3":"status-publish","4":"has-post-thumbnail","6":"product_cat-tanques-uhp","7":"product_shipping_class-containers-es","9":"first","10":"onbackorder","11":"taxable","12":"shipping-taxable","13":"product-type-simple"},"yoast_head":"<!-- This site is optimized with the Yoast SEO plugin v26.9 - https:\/\/yoast.com\/product\/yoast-seo-wordpress\/ -->\n<title>Tanque UHP Verticon Chemo Transport V-130 (130L) - IBC konteineri m&uuml;&uuml;k, vaadid, kraanid, mahutid<\/title>\n<meta name=\"description\" content=\"El dep\u00f3sito vertical de polietileno V-130 es un dep\u00f3sito duradero con una capacidad de 130 litros, una altura de 87 cm y un di\u00e1metro de 47 cm.\" \/>\n<meta name=\"robots\" content=\"index, follow, max-snippet:-1, max-image-preview:large, max-video-preview:-1\" \/>\n<link rel=\"canonical\" href=\"https:\/\/ibc.ee\/es\/producto\/tanque-uhp-verticon-chemo-transport-v-60-60l-copy\/\" \/>\n<meta property=\"og:locale\" content=\"es_ES\" \/>\n<meta property=\"og:type\" content=\"article\" \/>\n<meta property=\"og:title\" content=\"Tanque UHP Verticon Chemo Transport V-130 (130L) - IBC konteineri m&uuml;&uuml;k, vaadid, kraanid, mahutid\" \/>\n<meta property=\"og:description\" content=\"El dep\u00f3sito vertical de polietileno V-130 es un dep\u00f3sito duradero con una capacidad de 130 litros, una altura de 87 cm y un di\u00e1metro de 47 cm.\" \/>\n<meta property=\"og:url\" content=\"https:\/\/ibc.ee\/es\/producto\/tanque-uhp-verticon-chemo-transport-v-60-60l-copy\/\" \/>\n<meta property=\"og:site_name\" content=\"IBC konteineri m&uuml;&uuml;k, vaadid, kraanid, mahutid\" \/>\n<meta property=\"article:modified_time\" content=\"2025-06-26T16:26:27+00:00\" \/>\n<meta property=\"og:image\" content=\"https:\/\/ibc.ee\/wp-content\/uploads\/2024\/05\/UHP-VERTICON-CHEMO-TRANSPORT-V-130.jpg\" \/>\n\t<meta property=\"og:image:width\" content=\"1000\" \/>\n\t<meta property=\"og:image:height\" content=\"1000\" \/>\n\t<meta property=\"og:image:type\" content=\"image\/jpeg\" \/>\n<meta name=\"twitter:card\" content=\"summary_large_image\" \/>\n<meta name=\"twitter:label1\" content=\"Tiempo de lectura\" \/>\n\t<meta name=\"twitter:data1\" content=\"1 minuto\" \/>\n<script type=\"application\/ld+json\" class=\"yoast-schema-graph\">{\"@context\":\"https:\/\/schema.org\",\"@graph\":[{\"@type\":\"WebPage\",\"@id\":\"https:\/\/ibc.ee\/es\/producto\/tanque-uhp-verticon-chemo-transport-v-60-60l-copy\/\",\"url\":\"https:\/\/ibc.ee\/es\/producto\/tanque-uhp-verticon-chemo-transport-v-60-60l-copy\/\",\"name\":\"Tanque UHP Verticon Chemo Transport V-130 (130L) - IBC konteineri m&uuml;&uuml;k, vaadid, kraanid, mahutid\",\"isPartOf\":{\"@id\":\"https:\/\/www.ibc.ee\/es\/#website\"},\"primaryImageOfPage\":{\"@id\":\"https:\/\/ibc.ee\/es\/producto\/tanque-uhp-verticon-chemo-transport-v-60-60l-copy\/#primaryimage\"},\"image\":{\"@id\":\"https:\/\/ibc.ee\/es\/producto\/tanque-uhp-verticon-chemo-transport-v-60-60l-copy\/#primaryimage\"},\"thumbnailUrl\":\"https:\/\/ibc.ee\/wp-content\/uploads\/2024\/05\/UHP-VERTICON-CHEMO-TRANSPORT-V-130.jpg\",\"datePublished\":\"2024-05-08T16:28:26+00:00\",\"dateModified\":\"2025-06-26T16:26:27+00:00\",\"description\":\"El dep\u00f3sito vertical de polietileno V-130 es un dep\u00f3sito duradero con una capacidad de 130 litros, una altura de 87 cm y un di\u00e1metro de 47 cm.\",\"breadcrumb\":{\"@id\":\"https:\/\/ibc.ee\/es\/producto\/tanque-uhp-verticon-chemo-transport-v-60-60l-copy\/#breadcrumb\"},\"inLanguage\":\"es\",\"potentialAction\":[{\"@type\":\"ReadAction\",\"target\":[\"https:\/\/ibc.ee\/es\/producto\/tanque-uhp-verticon-chemo-transport-v-60-60l-copy\/\"]}]},{\"@type\":\"ImageObject\",\"inLanguage\":\"es\",\"@id\":\"https:\/\/ibc.ee\/es\/producto\/tanque-uhp-verticon-chemo-transport-v-60-60l-copy\/#primaryimage\",\"url\":\"https:\/\/ibc.ee\/wp-content\/uploads\/2024\/05\/UHP-VERTICON-CHEMO-TRANSPORT-V-130.jpg\",\"contentUrl\":\"https:\/\/ibc.ee\/wp-content\/uploads\/2024\/05\/UHP-VERTICON-CHEMO-TRANSPORT-V-130.jpg\",\"width\":1000,\"height\":1000,\"caption\":\"Tanque UHP Verticon Chemo Transport V-130 (130L)\"},{\"@type\":\"BreadcrumbList\",\"@id\":\"https:\/\/ibc.ee\/es\/producto\/tanque-uhp-verticon-chemo-transport-v-60-60l-copy\/#breadcrumb\",\"itemListElement\":[{\"@type\":\"ListItem\",\"position\":1,\"name\":\"\u0413\u043b\u0430\u0432\u043d\u0430\u044f \u0441\u0442\u0440\u0430\u043d\u0438\u0446\u0430\",\"item\":\"https:\/\/www.ibc.ee\/es\/\"},{\"@type\":\"ListItem\",\"position\":2,\"name\":\"Tienda\",\"item\":\"https:\/\/www.ibc.ee\/es\/tienda\/\"},{\"@type\":\"ListItem\",\"position\":3,\"name\":\"Tanque UHP Verticon Chemo Transport V-130 (130L)\"}]},{\"@type\":\"WebSite\",\"@id\":\"https:\/\/www.ibc.ee\/es\/#website\",\"url\":\"https:\/\/www.ibc.ee\/es\/\",\"name\":\"IBC konteineri m&uuml;&uuml;k, vaadid, kraanid, mahutid\",\"description\":\"IBC - Tank container valve, Adapters\\\\fittings, Intermediate bulk, container, Drums\/cans\",\"potentialAction\":[{\"@type\":\"SearchAction\",\"target\":{\"@type\":\"EntryPoint\",\"urlTemplate\":\"https:\/\/www.ibc.ee\/es\/?s={search_term_string}\"},\"query-input\":{\"@type\":\"PropertyValueSpecification\",\"valueRequired\":true,\"valueName\":\"search_term_string\"}}],\"inLanguage\":\"es\"}]}<\/script>\n<!-- \/ Yoast SEO plugin. -->","yoast_head_json":{"title":"Tanque UHP Verticon Chemo Transport V-130 (130L) - IBC konteineri m&uuml;&uuml;k, vaadid, kraanid, mahutid","description":"El dep\u00f3sito vertical de polietileno V-130 es un dep\u00f3sito duradero con una capacidad de 130 litros, una altura de 87 cm y un di\u00e1metro de 47 cm.","robots":{"index":"index","follow":"follow","max-snippet":"max-snippet:-1","max-image-preview":"max-image-preview:large","max-video-preview":"max-video-preview:-1"},"canonical":"https:\/\/ibc.ee\/es\/producto\/tanque-uhp-verticon-chemo-transport-v-60-60l-copy\/","og_locale":"es_ES","og_type":"article","og_title":"Tanque UHP Verticon Chemo Transport V-130 (130L) - IBC konteineri m&uuml;&uuml;k, vaadid, kraanid, mahutid","og_description":"El dep\u00f3sito vertical de polietileno V-130 es un dep\u00f3sito duradero con una capacidad de 130 litros, una altura de 87 cm y un di\u00e1metro de 47 cm.","og_url":"https:\/\/ibc.ee\/es\/producto\/tanque-uhp-verticon-chemo-transport-v-60-60l-copy\/","og_site_name":"IBC konteineri m&uuml;&uuml;k, vaadid, kraanid, mahutid","article_modified_time":"2025-06-26T16:26:27+00:00","og_image":[{"width":1000,"height":1000,"url":"https:\/\/ibc.ee\/wp-content\/uploads\/2024\/05\/UHP-VERTICON-CHEMO-TRANSPORT-V-130.jpg","type":"image\/jpeg"}],"twitter_card":"summary_large_image","twitter_misc":{"Tiempo de lectura":"1 minuto"},"schema":{"@context":"https:\/\/schema.org","@graph":[{"@type":"WebPage","@id":"https:\/\/ibc.ee\/es\/producto\/tanque-uhp-verticon-chemo-transport-v-60-60l-copy\/","url":"https:\/\/ibc.ee\/es\/producto\/tanque-uhp-verticon-chemo-transport-v-60-60l-copy\/","name":"Tanque UHP Verticon Chemo Transport V-130 (130L) - IBC konteineri m&uuml;&uuml;k, vaadid, kraanid, mahutid","isPartOf":{"@id":"https:\/\/www.ibc.ee\/es\/#website"},"primaryImageOfPage":{"@id":"https:\/\/ibc.ee\/es\/producto\/tanque-uhp-verticon-chemo-transport-v-60-60l-copy\/#primaryimage"},"image":{"@id":"https:\/\/ibc.ee\/es\/producto\/tanque-uhp-verticon-chemo-transport-v-60-60l-copy\/#primaryimage"},"thumbnailUrl":"https:\/\/ibc.ee\/wp-content\/uploads\/2024\/05\/UHP-VERTICON-CHEMO-TRANSPORT-V-130.jpg","datePublished":"2024-05-08T16:28:26+00:00","dateModified":"2025-06-26T16:26:27+00:00","description":"El dep\u00f3sito vertical de polietileno V-130 es un dep\u00f3sito duradero con una capacidad de 130 litros, una altura de 87 cm y un di\u00e1metro de 47 cm.","breadcrumb":{"@id":"https:\/\/ibc.ee\/es\/producto\/tanque-uhp-verticon-chemo-transport-v-60-60l-copy\/#breadcrumb"},"inLanguage":"es","potentialAction":[{"@type":"ReadAction","target":["https:\/\/ibc.ee\/es\/producto\/tanque-uhp-verticon-chemo-transport-v-60-60l-copy\/"]}]},{"@type":"ImageObject","inLanguage":"es","@id":"https:\/\/ibc.ee\/es\/producto\/tanque-uhp-verticon-chemo-transport-v-60-60l-copy\/#primaryimage","url":"https:\/\/ibc.ee\/wp-content\/uploads\/2024\/05\/UHP-VERTICON-CHEMO-TRANSPORT-V-130.jpg","contentUrl":"https:\/\/ibc.ee\/wp-content\/uploads\/2024\/05\/UHP-VERTICON-CHEMO-TRANSPORT-V-130.jpg","width":1000,"height":1000,"caption":"Tanque UHP Verticon Chemo Transport V-130 (130L)"},{"@type":"BreadcrumbList","@id":"https:\/\/ibc.ee\/es\/producto\/tanque-uhp-verticon-chemo-transport-v-60-60l-copy\/#breadcrumb","itemListElement":[{"@type":"ListItem","position":1,"name":"\u0413\u043b\u0430\u0432\u043d\u0430\u044f \u0441\u0442\u0440\u0430\u043d\u0438\u0446\u0430","item":"https:\/\/www.ibc.ee\/es\/"},{"@type":"ListItem","position":2,"name":"Tienda","item":"https:\/\/www.ibc.ee\/es\/tienda\/"},{"@type":"ListItem","position":3,"name":"Tanque UHP Verticon Chemo Transport V-130 (130L)"}]},{"@type":"WebSite","@id":"https:\/\/www.ibc.ee\/es\/#website","url":"https:\/\/www.ibc.ee\/es\/","name":"IBC konteineri m&uuml;&uuml;k, vaadid, kraanid, mahutid","description":"IBC - Tank container valve, Adapters\\fittings, Intermediate bulk, container, Drums\/cans","potentialAction":[{"@type":"SearchAction","target":{"@type":"EntryPoint","urlTemplate":"https:\/\/www.ibc.ee\/es\/?s={search_term_string}"},"query-input":{"@type":"PropertyValueSpecification","valueRequired":true,"valueName":"search_term_string"}}],"inLanguage":"es"}]}},"_links":{"self":[{"href":"https:\/\/ibc.ee\/es\/wp-json\/wp\/v2\/product\/22128","targetHints":{"allow":["GET"]}}],"collection":[{"href":"https:\/\/ibc.ee\/es\/wp-json\/wp\/v2\/product"}],"about":[{"href":"https:\/\/ibc.ee\/es\/wp-json\/wp\/v2\/types\/product"}],"wp:featuredmedia":[{"embeddable":true,"href":"https:\/\/ibc.ee\/es\/wp-json\/wp\/v2\/media\/22140"}],"wp:attachment":[{"href":"https:\/\/ibc.ee\/es\/wp-json\/wp\/v2\/media?parent=22128"}],"wp:term":[{"taxonomy":"product_brand","embeddable":true,"href":"https:\/\/ibc.ee\/es\/wp-json\/wp\/v2\/product_brand?post=22128"},{"taxonomy":"product_cat","embeddable":true,"href":"https:\/\/ibc.ee\/es\/wp-json\/wp\/v2\/product_cat?post=22128"},{"taxonomy":"product_tag","embeddable":true,"href":"https:\/\/ibc.ee\/es\/wp-json\/wp\/v2\/product_tag?post=22128"}],"curies":[{"name":"wp","href":"https:\/\/api.w.org\/{rel}","templated":true}]}}