{"id":22233,"date":"2024-05-09T18:50:07","date_gmt":"2024-05-09T16:50:07","guid":{"rendered":"https:\/\/ibc.ee\/?post_type=product&#038;p=22233"},"modified":"2025-06-26T18:37:53","modified_gmt":"2025-06-26T16:37:53","slug":"tanque-uhp-verticon-high-v-750-750l-copy","status":"publish","type":"product","link":"https:\/\/ibc.ee\/es\/producto\/tanque-uhp-verticon-high-v-750-750l-copy\/","title":{"rendered":"Tanque UHP Verticon High V-1003 (1003L)"},"content":{"rendered":"<p>Un tanque vertical de polietileno V-1003 es un tanque duradero con una capacidad de 1000 litros, una altura de 194 cm y un di\u00e1metro de 82 cm. Adecuado para almacenar diversos l\u00edquidos, incl. agua de lluvia y potable, diesel, qu\u00edmicos. Es conveniente llevarlo al interior y recoger en \u00e9l el agua de lluvia.<\/p>\n<p>Hay orificios roscados de pl\u00e1stico de 3\/4 de pulgada en la parte inferior y superior (en su estado original est\u00e1n sellados con pl\u00e1stico).<\/p>\n<p>El dep\u00f3sito cuenta con el certificado higi\u00e9nico polaco PZH, que permite el almacenamiento de agua potable.<\/p>\n","protected":false},"excerpt":{"rendered":"<p><strong>Caracter\u00edsticas<\/strong><br \/>\nCapacidad: 1000l<br \/>\nAltura: 194 cm<br \/>\nDi\u00e1metro: 82 cm.<br \/>\nDi\u00e1metro del cuello: 35 cm.<br \/>\nGrosor de la pared: 5 mm<br \/>\nRosca de conexi\u00f3n: 3\/4 pulg.<\/p>\n<p><strong>Material<\/strong><br \/>\n&#8211; Polietileno de alta calidad<br \/>\n&#8211; Muy alto<br \/>\n&#8211; hasta temperaturas cr\u00edticas (de -40\u00b0\u0421 a +60\u00b0\u0421)<br \/>\n&#8211; Apto para almacenamiento de alimentos<br \/>\n&#8211; resistente a los rayos UV<\/p>\n","protected":false},"featured_media":22245,"template":"","meta":[],"product_brand":[],"product_cat":[427],"product_tag":[],"class_list":{"0":"post-22233","1":"product","2":"type-product","3":"status-publish","4":"has-post-thumbnail","6":"product_cat-tanques-uhp","7":"product_shipping_class-containers-es","9":"first","10":"instock","11":"taxable","12":"shipping-taxable","13":"purchasable","14":"product-type-simple"},"yoast_head":"<!-- This site is optimized with the Yoast SEO plugin v26.9 - https:\/\/yoast.com\/product\/yoast-seo-wordpress\/ -->\n<title>Tanque UHP Verticon High V-1003 (1003L) - IBC konteineri m&uuml;&uuml;k, vaadid, kraanid, mahutid<\/title>\n<meta name=\"description\" content=\"Un tanque vertical de polietileno V-1003 es un tanque duradero con una capacidad de 1000 litros, una altura de 194 cm y un di\u00e1metro de 82 cm.\" \/>\n<meta name=\"robots\" content=\"index, follow, max-snippet:-1, max-image-preview:large, max-video-preview:-1\" \/>\n<link rel=\"canonical\" href=\"https:\/\/ibc.ee\/es\/producto\/tanque-uhp-verticon-high-v-750-750l-copy\/\" \/>\n<meta property=\"og:locale\" content=\"es_ES\" \/>\n<meta property=\"og:type\" content=\"article\" \/>\n<meta property=\"og:title\" content=\"Tanque UHP Verticon High V-1003 (1003L) - IBC konteineri m&uuml;&uuml;k, vaadid, kraanid, mahutid\" \/>\n<meta property=\"og:description\" content=\"Un tanque vertical de polietileno V-1003 es un tanque duradero con una capacidad de 1000 litros, una altura de 194 cm y un di\u00e1metro de 82 cm.\" \/>\n<meta property=\"og:url\" content=\"https:\/\/ibc.ee\/es\/producto\/tanque-uhp-verticon-high-v-750-750l-copy\/\" \/>\n<meta property=\"og:site_name\" content=\"IBC konteineri m&uuml;&uuml;k, vaadid, kraanid, mahutid\" \/>\n<meta property=\"article:modified_time\" content=\"2025-06-26T16:37:53+00:00\" \/>\n<meta property=\"og:image\" content=\"https:\/\/ibc.ee\/wp-content\/uploads\/2024\/05\/UHP-VERTICON-HIGH-V-1003.jpg\" \/>\n\t<meta property=\"og:image:width\" content=\"1000\" \/>\n\t<meta property=\"og:image:height\" content=\"1000\" \/>\n\t<meta property=\"og:image:type\" content=\"image\/jpeg\" \/>\n<meta name=\"twitter:card\" content=\"summary_large_image\" \/>\n<meta name=\"twitter:label1\" content=\"Tiempo de lectura\" \/>\n\t<meta name=\"twitter:data1\" content=\"1 minuto\" \/>\n<script type=\"application\/ld+json\" class=\"yoast-schema-graph\">{\"@context\":\"https:\/\/schema.org\",\"@graph\":[{\"@type\":\"WebPage\",\"@id\":\"https:\/\/ibc.ee\/es\/producto\/tanque-uhp-verticon-high-v-750-750l-copy\/\",\"url\":\"https:\/\/ibc.ee\/es\/producto\/tanque-uhp-verticon-high-v-750-750l-copy\/\",\"name\":\"Tanque UHP Verticon High V-1003 (1003L) - IBC konteineri m&uuml;&uuml;k, vaadid, kraanid, mahutid\",\"isPartOf\":{\"@id\":\"https:\/\/www.ibc.ee\/es\/#website\"},\"primaryImageOfPage\":{\"@id\":\"https:\/\/ibc.ee\/es\/producto\/tanque-uhp-verticon-high-v-750-750l-copy\/#primaryimage\"},\"image\":{\"@id\":\"https:\/\/ibc.ee\/es\/producto\/tanque-uhp-verticon-high-v-750-750l-copy\/#primaryimage\"},\"thumbnailUrl\":\"https:\/\/ibc.ee\/wp-content\/uploads\/2024\/05\/UHP-VERTICON-HIGH-V-1003.jpg\",\"datePublished\":\"2024-05-09T16:50:07+00:00\",\"dateModified\":\"2025-06-26T16:37:53+00:00\",\"description\":\"Un tanque vertical de polietileno V-1003 es un tanque duradero con una capacidad de 1000 litros, una altura de 194 cm y un di\u00e1metro de 82 cm.\",\"breadcrumb\":{\"@id\":\"https:\/\/ibc.ee\/es\/producto\/tanque-uhp-verticon-high-v-750-750l-copy\/#breadcrumb\"},\"inLanguage\":\"es\",\"potentialAction\":[{\"@type\":\"ReadAction\",\"target\":[\"https:\/\/ibc.ee\/es\/producto\/tanque-uhp-verticon-high-v-750-750l-copy\/\"]}]},{\"@type\":\"ImageObject\",\"inLanguage\":\"es\",\"@id\":\"https:\/\/ibc.ee\/es\/producto\/tanque-uhp-verticon-high-v-750-750l-copy\/#primaryimage\",\"url\":\"https:\/\/ibc.ee\/wp-content\/uploads\/2024\/05\/UHP-VERTICON-HIGH-V-1003.jpg\",\"contentUrl\":\"https:\/\/ibc.ee\/wp-content\/uploads\/2024\/05\/UHP-VERTICON-HIGH-V-1003.jpg\",\"width\":1000,\"height\":1000,\"caption\":\"Tanque UHP Verticon High V-1003 (1003L)\"},{\"@type\":\"BreadcrumbList\",\"@id\":\"https:\/\/ibc.ee\/es\/producto\/tanque-uhp-verticon-high-v-750-750l-copy\/#breadcrumb\",\"itemListElement\":[{\"@type\":\"ListItem\",\"position\":1,\"name\":\"\u0413\u043b\u0430\u0432\u043d\u0430\u044f \u0441\u0442\u0440\u0430\u043d\u0438\u0446\u0430\",\"item\":\"https:\/\/www.ibc.ee\/es\/\"},{\"@type\":\"ListItem\",\"position\":2,\"name\":\"Tienda\",\"item\":\"https:\/\/www.ibc.ee\/es\/tienda\/\"},{\"@type\":\"ListItem\",\"position\":3,\"name\":\"Tanque UHP Verticon High V-1003 (1003L)\"}]},{\"@type\":\"WebSite\",\"@id\":\"https:\/\/www.ibc.ee\/es\/#website\",\"url\":\"https:\/\/www.ibc.ee\/es\/\",\"name\":\"IBC konteineri m&uuml;&uuml;k, vaadid, kraanid, mahutid\",\"description\":\"IBC - Tank container valve, Adapters\\\\fittings, Intermediate bulk, container, Drums\/cans\",\"potentialAction\":[{\"@type\":\"SearchAction\",\"target\":{\"@type\":\"EntryPoint\",\"urlTemplate\":\"https:\/\/www.ibc.ee\/es\/?s={search_term_string}\"},\"query-input\":{\"@type\":\"PropertyValueSpecification\",\"valueRequired\":true,\"valueName\":\"search_term_string\"}}],\"inLanguage\":\"es\"}]}<\/script>\n<!-- \/ Yoast SEO plugin. -->","yoast_head_json":{"title":"Tanque UHP Verticon High V-1003 (1003L) - IBC konteineri m&uuml;&uuml;k, vaadid, kraanid, mahutid","description":"Un tanque vertical de polietileno V-1003 es un tanque duradero con una capacidad de 1000 litros, una altura de 194 cm y un di\u00e1metro de 82 cm.","robots":{"index":"index","follow":"follow","max-snippet":"max-snippet:-1","max-image-preview":"max-image-preview:large","max-video-preview":"max-video-preview:-1"},"canonical":"https:\/\/ibc.ee\/es\/producto\/tanque-uhp-verticon-high-v-750-750l-copy\/","og_locale":"es_ES","og_type":"article","og_title":"Tanque UHP Verticon High V-1003 (1003L) - IBC konteineri m&uuml;&uuml;k, vaadid, kraanid, mahutid","og_description":"Un tanque vertical de polietileno V-1003 es un tanque duradero con una capacidad de 1000 litros, una altura de 194 cm y un di\u00e1metro de 82 cm.","og_url":"https:\/\/ibc.ee\/es\/producto\/tanque-uhp-verticon-high-v-750-750l-copy\/","og_site_name":"IBC konteineri m&uuml;&uuml;k, vaadid, kraanid, mahutid","article_modified_time":"2025-06-26T16:37:53+00:00","og_image":[{"width":1000,"height":1000,"url":"https:\/\/ibc.ee\/wp-content\/uploads\/2024\/05\/UHP-VERTICON-HIGH-V-1003.jpg","type":"image\/jpeg"}],"twitter_card":"summary_large_image","twitter_misc":{"Tiempo de lectura":"1 minuto"},"schema":{"@context":"https:\/\/schema.org","@graph":[{"@type":"WebPage","@id":"https:\/\/ibc.ee\/es\/producto\/tanque-uhp-verticon-high-v-750-750l-copy\/","url":"https:\/\/ibc.ee\/es\/producto\/tanque-uhp-verticon-high-v-750-750l-copy\/","name":"Tanque UHP Verticon High V-1003 (1003L) - IBC konteineri m&uuml;&uuml;k, vaadid, kraanid, mahutid","isPartOf":{"@id":"https:\/\/www.ibc.ee\/es\/#website"},"primaryImageOfPage":{"@id":"https:\/\/ibc.ee\/es\/producto\/tanque-uhp-verticon-high-v-750-750l-copy\/#primaryimage"},"image":{"@id":"https:\/\/ibc.ee\/es\/producto\/tanque-uhp-verticon-high-v-750-750l-copy\/#primaryimage"},"thumbnailUrl":"https:\/\/ibc.ee\/wp-content\/uploads\/2024\/05\/UHP-VERTICON-HIGH-V-1003.jpg","datePublished":"2024-05-09T16:50:07+00:00","dateModified":"2025-06-26T16:37:53+00:00","description":"Un tanque vertical de polietileno V-1003 es un tanque duradero con una capacidad de 1000 litros, una altura de 194 cm y un di\u00e1metro de 82 cm.","breadcrumb":{"@id":"https:\/\/ibc.ee\/es\/producto\/tanque-uhp-verticon-high-v-750-750l-copy\/#breadcrumb"},"inLanguage":"es","potentialAction":[{"@type":"ReadAction","target":["https:\/\/ibc.ee\/es\/producto\/tanque-uhp-verticon-high-v-750-750l-copy\/"]}]},{"@type":"ImageObject","inLanguage":"es","@id":"https:\/\/ibc.ee\/es\/producto\/tanque-uhp-verticon-high-v-750-750l-copy\/#primaryimage","url":"https:\/\/ibc.ee\/wp-content\/uploads\/2024\/05\/UHP-VERTICON-HIGH-V-1003.jpg","contentUrl":"https:\/\/ibc.ee\/wp-content\/uploads\/2024\/05\/UHP-VERTICON-HIGH-V-1003.jpg","width":1000,"height":1000,"caption":"Tanque UHP Verticon High V-1003 (1003L)"},{"@type":"BreadcrumbList","@id":"https:\/\/ibc.ee\/es\/producto\/tanque-uhp-verticon-high-v-750-750l-copy\/#breadcrumb","itemListElement":[{"@type":"ListItem","position":1,"name":"\u0413\u043b\u0430\u0432\u043d\u0430\u044f \u0441\u0442\u0440\u0430\u043d\u0438\u0446\u0430","item":"https:\/\/www.ibc.ee\/es\/"},{"@type":"ListItem","position":2,"name":"Tienda","item":"https:\/\/www.ibc.ee\/es\/tienda\/"},{"@type":"ListItem","position":3,"name":"Tanque UHP Verticon High V-1003 (1003L)"}]},{"@type":"WebSite","@id":"https:\/\/www.ibc.ee\/es\/#website","url":"https:\/\/www.ibc.ee\/es\/","name":"IBC konteineri m&uuml;&uuml;k, vaadid, kraanid, mahutid","description":"IBC - Tank container valve, Adapters\\fittings, Intermediate bulk, container, Drums\/cans","potentialAction":[{"@type":"SearchAction","target":{"@type":"EntryPoint","urlTemplate":"https:\/\/www.ibc.ee\/es\/?s={search_term_string}"},"query-input":{"@type":"PropertyValueSpecification","valueRequired":true,"valueName":"search_term_string"}}],"inLanguage":"es"}]}},"_links":{"self":[{"href":"https:\/\/ibc.ee\/es\/wp-json\/wp\/v2\/product\/22233","targetHints":{"allow":["GET"]}}],"collection":[{"href":"https:\/\/ibc.ee\/es\/wp-json\/wp\/v2\/product"}],"about":[{"href":"https:\/\/ibc.ee\/es\/wp-json\/wp\/v2\/types\/product"}],"wp:featuredmedia":[{"embeddable":true,"href":"https:\/\/ibc.ee\/es\/wp-json\/wp\/v2\/media\/22245"}],"wp:attachment":[{"href":"https:\/\/ibc.ee\/es\/wp-json\/wp\/v2\/media?parent=22233"}],"wp:term":[{"taxonomy":"product_brand","embeddable":true,"href":"https:\/\/ibc.ee\/es\/wp-json\/wp\/v2\/product_brand?post=22233"},{"taxonomy":"product_cat","embeddable":true,"href":"https:\/\/ibc.ee\/es\/wp-json\/wp\/v2\/product_cat?post=22233"},{"taxonomy":"product_tag","embeddable":true,"href":"https:\/\/ibc.ee\/es\/wp-json\/wp\/v2\/product_tag?post=22233"}],"curies":[{"name":"wp","href":"https:\/\/api.w.org\/{rel}","templated":true}]}}