{"id":24039,"date":"2025-07-02T09:45:59","date_gmt":"2025-07-02T07:46:00","guid":{"rendered":"https:\/\/ibc.ee\/?post_type=product&#038;p=24039"},"modified":"2025-07-02T13:44:27","modified_gmt":"2025-07-02T11:44:27","slug":"jaula-vacia-de-acero-galvanizado-steelcage-ibc-1000","status":"publish","type":"product","link":"https:\/\/ibc.ee\/es\/producto\/jaula-vacia-de-acero-galvanizado-steelcage-ibc-1000\/","title":{"rendered":"Jaula vac\u00eda de acero galvanizado SteelCage IBC 1000"},"content":{"rendered":"<p><strong>Estas jaulas IBC de 1000 L son ideales para:<\/strong><br \/>\n&#8211; Insertos IBC<br \/>\n&#8211; Le\u00f1ero \/ Almacenamiento de troncos<br \/>\n&#8211; Estante para neum\u00e1ticos \/ Almacenamiento de ruedas<br \/>\n&#8211; Contenedor de residuos de construcci\u00f3n<br \/>\n&#8211; Almacenamiento de heno o paja<br \/>\n&#8211; Estructura para muebles de exterior<br \/>\n&#8211; Estructura para jard\u00edn vertical<\/p>\n<p>La capacidad de la jaula es de 1000 litros o un metro c\u00fabico. Las dimensiones externas son de aproximadamente 1200 mm de alto, 1200 mm de ancho y 1000 mm de profundidad. <\/p>\n","protected":false},"excerpt":{"rendered":"<p>Jaula vac\u00eda de acero galvanizado con una base de pal\u00e9 de acero compuesto totalmente met\u00e1lico y resistente. Se puede utilizar para diversas soluciones de almacenamiento y transporte en obra. Perfecta para mantener la integridad y seguridad del producto. Adecuada para reemplazar marcos da\u00f1ados o ensamblar unidades de almacenamiento modulares. Compatible con insertos IBC est\u00e1ndar.    <\/p>\n","protected":false},"featured_media":24054,"template":"","meta":[],"product_brand":[],"product_cat":[382],"product_tag":[],"class_list":{"0":"post-24039","1":"product","2":"type-product","3":"status-publish","4":"has-post-thumbnail","6":"product_cat-bote-intermedio-a-granel-ibc-1000-litros","7":"product_shipping_class-containers-es","9":"first","10":"instock","11":"taxable","12":"shipping-taxable","13":"purchasable","14":"product-type-simple"},"yoast_head":"<!-- This site is optimized with the Yoast SEO plugin v26.9 - https:\/\/yoast.com\/product\/yoast-seo-wordpress\/ -->\n<title>Jaula vac\u00eda de acero galvanizado SteelCage IBC 1000 - IBC konteineri m&uuml;&uuml;k, vaadid, kraanid, mahutid<\/title>\n<meta name=\"description\" content=\"Jaula de acero galvanizado con una base de pal\u00e9 de acero compuesto totalmente met\u00e1lico y resistente SteelCage IBC 1000. Compatible con insertos IBC est\u00e1ndar.\" \/>\n<meta name=\"robots\" content=\"index, follow, max-snippet:-1, max-image-preview:large, max-video-preview:-1\" \/>\n<link rel=\"canonical\" href=\"https:\/\/ibc.ee\/es\/producto\/jaula-vacia-de-acero-galvanizado-steelcage-ibc-1000\/\" \/>\n<meta property=\"og:locale\" content=\"es_ES\" \/>\n<meta property=\"og:type\" content=\"article\" \/>\n<meta property=\"og:title\" content=\"Jaula vac\u00eda de acero galvanizado SteelCage IBC 1000 - IBC konteineri m&uuml;&uuml;k, vaadid, kraanid, mahutid\" \/>\n<meta property=\"og:description\" content=\"Jaula de acero galvanizado con una base de pal\u00e9 de acero compuesto totalmente met\u00e1lico y resistente SteelCage IBC 1000. Compatible con insertos IBC est\u00e1ndar.\" \/>\n<meta property=\"og:url\" content=\"https:\/\/ibc.ee\/es\/producto\/jaula-vacia-de-acero-galvanizado-steelcage-ibc-1000\/\" \/>\n<meta property=\"og:site_name\" content=\"IBC konteineri m&uuml;&uuml;k, vaadid, kraanid, mahutid\" \/>\n<meta property=\"article:modified_time\" content=\"2025-07-02T11:44:27+00:00\" \/>\n<meta property=\"og:image\" content=\"https:\/\/ibc.ee\/wp-content\/uploads\/2025\/07\/Tsingitud-terasest-puur-SteelCage-IBC-1000.jpg\" \/>\n\t<meta property=\"og:image:width\" content=\"1000\" \/>\n\t<meta property=\"og:image:height\" content=\"1000\" \/>\n\t<meta property=\"og:image:type\" content=\"image\/jpeg\" \/>\n<meta name=\"twitter:card\" content=\"summary_large_image\" \/>\n<meta name=\"twitter:label1\" content=\"Tiempo de lectura\" \/>\n\t<meta name=\"twitter:data1\" content=\"1 minuto\" \/>\n<script type=\"application\/ld+json\" class=\"yoast-schema-graph\">{\"@context\":\"https:\/\/schema.org\",\"@graph\":[{\"@type\":\"WebPage\",\"@id\":\"https:\/\/ibc.ee\/es\/producto\/jaula-vacia-de-acero-galvanizado-steelcage-ibc-1000\/\",\"url\":\"https:\/\/ibc.ee\/es\/producto\/jaula-vacia-de-acero-galvanizado-steelcage-ibc-1000\/\",\"name\":\"Jaula vac\u00eda de acero galvanizado SteelCage IBC 1000 - IBC konteineri m&uuml;&uuml;k, vaadid, kraanid, mahutid\",\"isPartOf\":{\"@id\":\"https:\/\/www.ibc.ee\/es\/#website\"},\"primaryImageOfPage\":{\"@id\":\"https:\/\/ibc.ee\/es\/producto\/jaula-vacia-de-acero-galvanizado-steelcage-ibc-1000\/#primaryimage\"},\"image\":{\"@id\":\"https:\/\/ibc.ee\/es\/producto\/jaula-vacia-de-acero-galvanizado-steelcage-ibc-1000\/#primaryimage\"},\"thumbnailUrl\":\"https:\/\/ibc.ee\/wp-content\/uploads\/2025\/07\/Tsingitud-terasest-puur-SteelCage-IBC-1000.jpg\",\"datePublished\":\"2025-07-02T07:46:00+00:00\",\"dateModified\":\"2025-07-02T11:44:27+00:00\",\"description\":\"Jaula de acero galvanizado con una base de pal\u00e9 de acero compuesto totalmente met\u00e1lico y resistente SteelCage IBC 1000. Compatible con insertos IBC est\u00e1ndar.\",\"breadcrumb\":{\"@id\":\"https:\/\/ibc.ee\/es\/producto\/jaula-vacia-de-acero-galvanizado-steelcage-ibc-1000\/#breadcrumb\"},\"inLanguage\":\"es\",\"potentialAction\":[{\"@type\":\"ReadAction\",\"target\":[\"https:\/\/ibc.ee\/es\/producto\/jaula-vacia-de-acero-galvanizado-steelcage-ibc-1000\/\"]}]},{\"@type\":\"ImageObject\",\"inLanguage\":\"es\",\"@id\":\"https:\/\/ibc.ee\/es\/producto\/jaula-vacia-de-acero-galvanizado-steelcage-ibc-1000\/#primaryimage\",\"url\":\"https:\/\/ibc.ee\/wp-content\/uploads\/2025\/07\/Tsingitud-terasest-puur-SteelCage-IBC-1000.jpg\",\"contentUrl\":\"https:\/\/ibc.ee\/wp-content\/uploads\/2025\/07\/Tsingitud-terasest-puur-SteelCage-IBC-1000.jpg\",\"width\":1000,\"height\":1000,\"caption\":\"Empty galvanised steel cage SteelCage IBC 1000\"},{\"@type\":\"BreadcrumbList\",\"@id\":\"https:\/\/ibc.ee\/es\/producto\/jaula-vacia-de-acero-galvanizado-steelcage-ibc-1000\/#breadcrumb\",\"itemListElement\":[{\"@type\":\"ListItem\",\"position\":1,\"name\":\"\u0413\u043b\u0430\u0432\u043d\u0430\u044f \u0441\u0442\u0440\u0430\u043d\u0438\u0446\u0430\",\"item\":\"https:\/\/www.ibc.ee\/es\/\"},{\"@type\":\"ListItem\",\"position\":2,\"name\":\"Tienda\",\"item\":\"https:\/\/www.ibc.ee\/es\/tienda\/\"},{\"@type\":\"ListItem\",\"position\":3,\"name\":\"Jaula vac\u00eda de acero galvanizado SteelCage IBC 1000\"}]},{\"@type\":\"WebSite\",\"@id\":\"https:\/\/www.ibc.ee\/es\/#website\",\"url\":\"https:\/\/www.ibc.ee\/es\/\",\"name\":\"IBC konteineri m&uuml;&uuml;k, vaadid, kraanid, mahutid\",\"description\":\"IBC - Tank container valve, Adapters\\\\fittings, Intermediate bulk, container, Drums\/cans\",\"potentialAction\":[{\"@type\":\"SearchAction\",\"target\":{\"@type\":\"EntryPoint\",\"urlTemplate\":\"https:\/\/www.ibc.ee\/es\/?s={search_term_string}\"},\"query-input\":{\"@type\":\"PropertyValueSpecification\",\"valueRequired\":true,\"valueName\":\"search_term_string\"}}],\"inLanguage\":\"es\"}]}<\/script>\n<!-- \/ Yoast SEO plugin. -->","yoast_head_json":{"title":"Jaula vac\u00eda de acero galvanizado SteelCage IBC 1000 - IBC konteineri m&uuml;&uuml;k, vaadid, kraanid, mahutid","description":"Jaula de acero galvanizado con una base de pal\u00e9 de acero compuesto totalmente met\u00e1lico y resistente SteelCage IBC 1000. Compatible con insertos IBC est\u00e1ndar.","robots":{"index":"index","follow":"follow","max-snippet":"max-snippet:-1","max-image-preview":"max-image-preview:large","max-video-preview":"max-video-preview:-1"},"canonical":"https:\/\/ibc.ee\/es\/producto\/jaula-vacia-de-acero-galvanizado-steelcage-ibc-1000\/","og_locale":"es_ES","og_type":"article","og_title":"Jaula vac\u00eda de acero galvanizado SteelCage IBC 1000 - IBC konteineri m&uuml;&uuml;k, vaadid, kraanid, mahutid","og_description":"Jaula de acero galvanizado con una base de pal\u00e9 de acero compuesto totalmente met\u00e1lico y resistente SteelCage IBC 1000. Compatible con insertos IBC est\u00e1ndar.","og_url":"https:\/\/ibc.ee\/es\/producto\/jaula-vacia-de-acero-galvanizado-steelcage-ibc-1000\/","og_site_name":"IBC konteineri m&uuml;&uuml;k, vaadid, kraanid, mahutid","article_modified_time":"2025-07-02T11:44:27+00:00","og_image":[{"width":1000,"height":1000,"url":"https:\/\/ibc.ee\/wp-content\/uploads\/2025\/07\/Tsingitud-terasest-puur-SteelCage-IBC-1000.jpg","type":"image\/jpeg"}],"twitter_card":"summary_large_image","twitter_misc":{"Tiempo de lectura":"1 minuto"},"schema":{"@context":"https:\/\/schema.org","@graph":[{"@type":"WebPage","@id":"https:\/\/ibc.ee\/es\/producto\/jaula-vacia-de-acero-galvanizado-steelcage-ibc-1000\/","url":"https:\/\/ibc.ee\/es\/producto\/jaula-vacia-de-acero-galvanizado-steelcage-ibc-1000\/","name":"Jaula vac\u00eda de acero galvanizado SteelCage IBC 1000 - IBC konteineri m&uuml;&uuml;k, vaadid, kraanid, mahutid","isPartOf":{"@id":"https:\/\/www.ibc.ee\/es\/#website"},"primaryImageOfPage":{"@id":"https:\/\/ibc.ee\/es\/producto\/jaula-vacia-de-acero-galvanizado-steelcage-ibc-1000\/#primaryimage"},"image":{"@id":"https:\/\/ibc.ee\/es\/producto\/jaula-vacia-de-acero-galvanizado-steelcage-ibc-1000\/#primaryimage"},"thumbnailUrl":"https:\/\/ibc.ee\/wp-content\/uploads\/2025\/07\/Tsingitud-terasest-puur-SteelCage-IBC-1000.jpg","datePublished":"2025-07-02T07:46:00+00:00","dateModified":"2025-07-02T11:44:27+00:00","description":"Jaula de acero galvanizado con una base de pal\u00e9 de acero compuesto totalmente met\u00e1lico y resistente SteelCage IBC 1000. Compatible con insertos IBC est\u00e1ndar.","breadcrumb":{"@id":"https:\/\/ibc.ee\/es\/producto\/jaula-vacia-de-acero-galvanizado-steelcage-ibc-1000\/#breadcrumb"},"inLanguage":"es","potentialAction":[{"@type":"ReadAction","target":["https:\/\/ibc.ee\/es\/producto\/jaula-vacia-de-acero-galvanizado-steelcage-ibc-1000\/"]}]},{"@type":"ImageObject","inLanguage":"es","@id":"https:\/\/ibc.ee\/es\/producto\/jaula-vacia-de-acero-galvanizado-steelcage-ibc-1000\/#primaryimage","url":"https:\/\/ibc.ee\/wp-content\/uploads\/2025\/07\/Tsingitud-terasest-puur-SteelCage-IBC-1000.jpg","contentUrl":"https:\/\/ibc.ee\/wp-content\/uploads\/2025\/07\/Tsingitud-terasest-puur-SteelCage-IBC-1000.jpg","width":1000,"height":1000,"caption":"Empty galvanised steel cage SteelCage IBC 1000"},{"@type":"BreadcrumbList","@id":"https:\/\/ibc.ee\/es\/producto\/jaula-vacia-de-acero-galvanizado-steelcage-ibc-1000\/#breadcrumb","itemListElement":[{"@type":"ListItem","position":1,"name":"\u0413\u043b\u0430\u0432\u043d\u0430\u044f \u0441\u0442\u0440\u0430\u043d\u0438\u0446\u0430","item":"https:\/\/www.ibc.ee\/es\/"},{"@type":"ListItem","position":2,"name":"Tienda","item":"https:\/\/www.ibc.ee\/es\/tienda\/"},{"@type":"ListItem","position":3,"name":"Jaula vac\u00eda de acero galvanizado SteelCage IBC 1000"}]},{"@type":"WebSite","@id":"https:\/\/www.ibc.ee\/es\/#website","url":"https:\/\/www.ibc.ee\/es\/","name":"IBC konteineri m&uuml;&uuml;k, vaadid, kraanid, mahutid","description":"IBC - Tank container valve, Adapters\\fittings, Intermediate bulk, container, Drums\/cans","potentialAction":[{"@type":"SearchAction","target":{"@type":"EntryPoint","urlTemplate":"https:\/\/www.ibc.ee\/es\/?s={search_term_string}"},"query-input":{"@type":"PropertyValueSpecification","valueRequired":true,"valueName":"search_term_string"}}],"inLanguage":"es"}]}},"_links":{"self":[{"href":"https:\/\/ibc.ee\/es\/wp-json\/wp\/v2\/product\/24039","targetHints":{"allow":["GET"]}}],"collection":[{"href":"https:\/\/ibc.ee\/es\/wp-json\/wp\/v2\/product"}],"about":[{"href":"https:\/\/ibc.ee\/es\/wp-json\/wp\/v2\/types\/product"}],"wp:featuredmedia":[{"embeddable":true,"href":"https:\/\/ibc.ee\/es\/wp-json\/wp\/v2\/media\/24054"}],"wp:attachment":[{"href":"https:\/\/ibc.ee\/es\/wp-json\/wp\/v2\/media?parent=24039"}],"wp:term":[{"taxonomy":"product_brand","embeddable":true,"href":"https:\/\/ibc.ee\/es\/wp-json\/wp\/v2\/product_brand?post=24039"},{"taxonomy":"product_cat","embeddable":true,"href":"https:\/\/ibc.ee\/es\/wp-json\/wp\/v2\/product_cat?post=24039"},{"taxonomy":"product_tag","embeddable":true,"href":"https:\/\/ibc.ee\/es\/wp-json\/wp\/v2\/product_tag?post=24039"}],"curies":[{"name":"wp","href":"https:\/\/api.w.org\/{rel}","templated":true}]}}