{"id":24059,"date":"2025-07-02T12:31:07","date_gmt":"2025-07-02T10:31:08","guid":{"rendered":"https:\/\/ibc.ee\/?post_type=product&#038;p=24059"},"modified":"2025-07-02T14:55:45","modified_gmt":"2025-07-02T12:55:45","slug":"contenedor-interior-ibc-economico-draininner-ibc-1000","status":"publish","type":"product","link":"https:\/\/ibc.ee\/es\/producto\/contenedor-interior-ibc-economico-draininner-ibc-1000\/","title":{"rendered":"Contenedor interior IBC econ\u00f3mico DrainInner IBC 1000"},"content":{"rendered":"<p><strong>Estos contenedores interiores IBC son ideales para:<\/strong><br \/>\n&#8211; Recolecci\u00f3n de agua de lluvia (con el soporte adecuado)<br \/>\n&#8211; Recolecci\u00f3n temporal de aguas grises<br \/>\n&#8211; Drenaje en granjas o obras<br \/>\n&#8211; Dep\u00f3sitos subterr\u00e1neos de bricolaje<br \/>\n&#8211; Tanques de lastre (enterrados o confinados)<\/p>\n<p>Perfectos para granjas, garajes, talleres o uso intensivo en exteriores: cuando solo se necesita un tanque, no un elemento est\u00e9tico.<\/p>\n","protected":false},"excerpt":{"rendered":"<p>\u00bfBusca una soluci\u00f3n econ\u00f3mica para la recolecci\u00f3n de agua de lluvia, el drenaje o el manejo de aguas grises? DrainInner Insert es su tanque de \u00faltima generaci\u00f3n, pr\u00e1ctico y pr\u00e1ctico, para el almacenamiento de l\u00edquidos no cr\u00edticos. Se trata de un tanque interior usado de IBC de 1000 L, retirado del uso qu\u00edmico. La v\u00e1lvula original ya no funciona; est\u00e1 sellada por seguridad. Sin marco ni certificaciones, solo una carcasa de pl\u00e1stico lista para cumplir su funci\u00f3n final.    <\/p>\n<p><strong>Este es solo el tanque interior (inserto), sin marco ni base.<\/strong><\/p>\n<p>No se puede utilizar tal cual en terreno abierto para l\u00edquidos, ya que no es autosuficiente.<\/p>\n<p>Debe instalarse dentro de una jaula de acero, una caja de madera o excavarse parcialmente en el suelo para mantener su forma y evitar que se vuelque.<\/p>\n<p>No apto para agua potable, productos alimenticios ni sistemas presurizados. La v\u00e1lvula inferior est\u00e1 sellada; el llenado y vaciado deben realizarse \u00fanicamente a trav\u00e9s de la tapa superior (con bomba).  <\/p>\n","protected":false},"featured_media":24083,"template":"","meta":[],"product_brand":[],"product_cat":[382],"product_tag":[],"class_list":{"0":"post-24059","1":"product","2":"type-product","3":"status-publish","4":"has-post-thumbnail","6":"product_cat-bote-intermedio-a-granel-ibc-1000-litros","7":"product_shipping_class-containers-es","9":"first","10":"instock","11":"taxable","12":"shipping-taxable","13":"purchasable","14":"product-type-simple"},"yoast_head":"<!-- This site is optimized with the Yoast SEO plugin v26.9 - https:\/\/yoast.com\/product\/yoast-seo-wordpress\/ -->\n<title>Contenedor interior IBC econ\u00f3mico DrainInner IBC 1000 - IBC konteineri m&uuml;&uuml;k, vaadid, kraanid, mahutid<\/title>\n<meta name=\"description\" content=\"Contenedor econ\u00f3mico para la recolecci\u00f3n de agua de lluvia, drenaje o manejo de aguas grises. Se trata de un tanque interior usado de IBC de 1000 L, retirado del uso qu\u00edmico.\" \/>\n<meta name=\"robots\" content=\"index, follow, max-snippet:-1, max-image-preview:large, max-video-preview:-1\" \/>\n<link rel=\"canonical\" href=\"https:\/\/ibc.ee\/es\/producto\/contenedor-interior-ibc-economico-draininner-ibc-1000\/\" \/>\n<meta property=\"og:locale\" content=\"es_ES\" \/>\n<meta property=\"og:type\" content=\"article\" \/>\n<meta property=\"og:title\" content=\"Contenedor interior IBC econ\u00f3mico DrainInner IBC 1000 - IBC konteineri m&uuml;&uuml;k, vaadid, kraanid, mahutid\" \/>\n<meta property=\"og:description\" content=\"Contenedor econ\u00f3mico para la recolecci\u00f3n de agua de lluvia, drenaje o manejo de aguas grises. Se trata de un tanque interior usado de IBC de 1000 L, retirado del uso qu\u00edmico.\" \/>\n<meta property=\"og:url\" content=\"https:\/\/ibc.ee\/es\/producto\/contenedor-interior-ibc-economico-draininner-ibc-1000\/\" \/>\n<meta property=\"og:site_name\" content=\"IBC konteineri m&uuml;&uuml;k, vaadid, kraanid, mahutid\" \/>\n<meta property=\"article:modified_time\" content=\"2025-07-02T12:55:45+00:00\" \/>\n<meta property=\"og:image\" content=\"https:\/\/ibc.ee\/wp-content\/uploads\/2025\/07\/Budget-IBC-inner-container-DrainInner-IBC-1000.jpg\" \/>\n\t<meta property=\"og:image:width\" content=\"1000\" \/>\n\t<meta property=\"og:image:height\" content=\"1000\" \/>\n\t<meta property=\"og:image:type\" content=\"image\/jpeg\" \/>\n<meta name=\"twitter:card\" content=\"summary_large_image\" \/>\n<meta name=\"twitter:label1\" content=\"Tiempo de lectura\" \/>\n\t<meta name=\"twitter:data1\" content=\"1 minuto\" \/>\n<script type=\"application\/ld+json\" class=\"yoast-schema-graph\">{\"@context\":\"https:\/\/schema.org\",\"@graph\":[{\"@type\":\"WebPage\",\"@id\":\"https:\/\/ibc.ee\/es\/producto\/contenedor-interior-ibc-economico-draininner-ibc-1000\/\",\"url\":\"https:\/\/ibc.ee\/es\/producto\/contenedor-interior-ibc-economico-draininner-ibc-1000\/\",\"name\":\"Contenedor interior IBC econ\u00f3mico DrainInner IBC 1000 - IBC konteineri m&uuml;&uuml;k, vaadid, kraanid, mahutid\",\"isPartOf\":{\"@id\":\"https:\/\/www.ibc.ee\/es\/#website\"},\"primaryImageOfPage\":{\"@id\":\"https:\/\/ibc.ee\/es\/producto\/contenedor-interior-ibc-economico-draininner-ibc-1000\/#primaryimage\"},\"image\":{\"@id\":\"https:\/\/ibc.ee\/es\/producto\/contenedor-interior-ibc-economico-draininner-ibc-1000\/#primaryimage\"},\"thumbnailUrl\":\"https:\/\/ibc.ee\/wp-content\/uploads\/2025\/07\/Budget-IBC-inner-container-DrainInner-IBC-1000.jpg\",\"datePublished\":\"2025-07-02T10:31:08+00:00\",\"dateModified\":\"2025-07-02T12:55:45+00:00\",\"description\":\"Contenedor econ\u00f3mico para la recolecci\u00f3n de agua de lluvia, drenaje o manejo de aguas grises. Se trata de un tanque interior usado de IBC de 1000 L, retirado del uso qu\u00edmico.\",\"breadcrumb\":{\"@id\":\"https:\/\/ibc.ee\/es\/producto\/contenedor-interior-ibc-economico-draininner-ibc-1000\/#breadcrumb\"},\"inLanguage\":\"es\",\"potentialAction\":[{\"@type\":\"ReadAction\",\"target\":[\"https:\/\/ibc.ee\/es\/producto\/contenedor-interior-ibc-economico-draininner-ibc-1000\/\"]}]},{\"@type\":\"ImageObject\",\"inLanguage\":\"es\",\"@id\":\"https:\/\/ibc.ee\/es\/producto\/contenedor-interior-ibc-economico-draininner-ibc-1000\/#primaryimage\",\"url\":\"https:\/\/ibc.ee\/wp-content\/uploads\/2025\/07\/Budget-IBC-inner-container-DrainInner-IBC-1000.jpg\",\"contentUrl\":\"https:\/\/ibc.ee\/wp-content\/uploads\/2025\/07\/Budget-IBC-inner-container-DrainInner-IBC-1000.jpg\",\"width\":1000,\"height\":1000,\"caption\":\"Budget IBC inner container DrainInner IBC 1000\"},{\"@type\":\"BreadcrumbList\",\"@id\":\"https:\/\/ibc.ee\/es\/producto\/contenedor-interior-ibc-economico-draininner-ibc-1000\/#breadcrumb\",\"itemListElement\":[{\"@type\":\"ListItem\",\"position\":1,\"name\":\"\u0413\u043b\u0430\u0432\u043d\u0430\u044f \u0441\u0442\u0440\u0430\u043d\u0438\u0446\u0430\",\"item\":\"https:\/\/www.ibc.ee\/es\/\"},{\"@type\":\"ListItem\",\"position\":2,\"name\":\"Tienda\",\"item\":\"https:\/\/www.ibc.ee\/es\/tienda\/\"},{\"@type\":\"ListItem\",\"position\":3,\"name\":\"Contenedor interior IBC econ\u00f3mico DrainInner IBC 1000\"}]},{\"@type\":\"WebSite\",\"@id\":\"https:\/\/www.ibc.ee\/es\/#website\",\"url\":\"https:\/\/www.ibc.ee\/es\/\",\"name\":\"IBC konteineri m&uuml;&uuml;k, vaadid, kraanid, mahutid\",\"description\":\"IBC - Tank container valve, Adapters\\\\fittings, Intermediate bulk, container, Drums\/cans\",\"potentialAction\":[{\"@type\":\"SearchAction\",\"target\":{\"@type\":\"EntryPoint\",\"urlTemplate\":\"https:\/\/www.ibc.ee\/es\/?s={search_term_string}\"},\"query-input\":{\"@type\":\"PropertyValueSpecification\",\"valueRequired\":true,\"valueName\":\"search_term_string\"}}],\"inLanguage\":\"es\"}]}<\/script>\n<!-- \/ Yoast SEO plugin. -->","yoast_head_json":{"title":"Contenedor interior IBC econ\u00f3mico DrainInner IBC 1000 - IBC konteineri m&uuml;&uuml;k, vaadid, kraanid, mahutid","description":"Contenedor econ\u00f3mico para la recolecci\u00f3n de agua de lluvia, drenaje o manejo de aguas grises. Se trata de un tanque interior usado de IBC de 1000 L, retirado del uso qu\u00edmico.","robots":{"index":"index","follow":"follow","max-snippet":"max-snippet:-1","max-image-preview":"max-image-preview:large","max-video-preview":"max-video-preview:-1"},"canonical":"https:\/\/ibc.ee\/es\/producto\/contenedor-interior-ibc-economico-draininner-ibc-1000\/","og_locale":"es_ES","og_type":"article","og_title":"Contenedor interior IBC econ\u00f3mico DrainInner IBC 1000 - IBC konteineri m&uuml;&uuml;k, vaadid, kraanid, mahutid","og_description":"Contenedor econ\u00f3mico para la recolecci\u00f3n de agua de lluvia, drenaje o manejo de aguas grises. Se trata de un tanque interior usado de IBC de 1000 L, retirado del uso qu\u00edmico.","og_url":"https:\/\/ibc.ee\/es\/producto\/contenedor-interior-ibc-economico-draininner-ibc-1000\/","og_site_name":"IBC konteineri m&uuml;&uuml;k, vaadid, kraanid, mahutid","article_modified_time":"2025-07-02T12:55:45+00:00","og_image":[{"width":1000,"height":1000,"url":"https:\/\/ibc.ee\/wp-content\/uploads\/2025\/07\/Budget-IBC-inner-container-DrainInner-IBC-1000.jpg","type":"image\/jpeg"}],"twitter_card":"summary_large_image","twitter_misc":{"Tiempo de lectura":"1 minuto"},"schema":{"@context":"https:\/\/schema.org","@graph":[{"@type":"WebPage","@id":"https:\/\/ibc.ee\/es\/producto\/contenedor-interior-ibc-economico-draininner-ibc-1000\/","url":"https:\/\/ibc.ee\/es\/producto\/contenedor-interior-ibc-economico-draininner-ibc-1000\/","name":"Contenedor interior IBC econ\u00f3mico DrainInner IBC 1000 - IBC konteineri m&uuml;&uuml;k, vaadid, kraanid, mahutid","isPartOf":{"@id":"https:\/\/www.ibc.ee\/es\/#website"},"primaryImageOfPage":{"@id":"https:\/\/ibc.ee\/es\/producto\/contenedor-interior-ibc-economico-draininner-ibc-1000\/#primaryimage"},"image":{"@id":"https:\/\/ibc.ee\/es\/producto\/contenedor-interior-ibc-economico-draininner-ibc-1000\/#primaryimage"},"thumbnailUrl":"https:\/\/ibc.ee\/wp-content\/uploads\/2025\/07\/Budget-IBC-inner-container-DrainInner-IBC-1000.jpg","datePublished":"2025-07-02T10:31:08+00:00","dateModified":"2025-07-02T12:55:45+00:00","description":"Contenedor econ\u00f3mico para la recolecci\u00f3n de agua de lluvia, drenaje o manejo de aguas grises. Se trata de un tanque interior usado de IBC de 1000 L, retirado del uso qu\u00edmico.","breadcrumb":{"@id":"https:\/\/ibc.ee\/es\/producto\/contenedor-interior-ibc-economico-draininner-ibc-1000\/#breadcrumb"},"inLanguage":"es","potentialAction":[{"@type":"ReadAction","target":["https:\/\/ibc.ee\/es\/producto\/contenedor-interior-ibc-economico-draininner-ibc-1000\/"]}]},{"@type":"ImageObject","inLanguage":"es","@id":"https:\/\/ibc.ee\/es\/producto\/contenedor-interior-ibc-economico-draininner-ibc-1000\/#primaryimage","url":"https:\/\/ibc.ee\/wp-content\/uploads\/2025\/07\/Budget-IBC-inner-container-DrainInner-IBC-1000.jpg","contentUrl":"https:\/\/ibc.ee\/wp-content\/uploads\/2025\/07\/Budget-IBC-inner-container-DrainInner-IBC-1000.jpg","width":1000,"height":1000,"caption":"Budget IBC inner container DrainInner IBC 1000"},{"@type":"BreadcrumbList","@id":"https:\/\/ibc.ee\/es\/producto\/contenedor-interior-ibc-economico-draininner-ibc-1000\/#breadcrumb","itemListElement":[{"@type":"ListItem","position":1,"name":"\u0413\u043b\u0430\u0432\u043d\u0430\u044f \u0441\u0442\u0440\u0430\u043d\u0438\u0446\u0430","item":"https:\/\/www.ibc.ee\/es\/"},{"@type":"ListItem","position":2,"name":"Tienda","item":"https:\/\/www.ibc.ee\/es\/tienda\/"},{"@type":"ListItem","position":3,"name":"Contenedor interior IBC econ\u00f3mico DrainInner IBC 1000"}]},{"@type":"WebSite","@id":"https:\/\/www.ibc.ee\/es\/#website","url":"https:\/\/www.ibc.ee\/es\/","name":"IBC konteineri m&uuml;&uuml;k, vaadid, kraanid, mahutid","description":"IBC - Tank container valve, Adapters\\fittings, Intermediate bulk, container, Drums\/cans","potentialAction":[{"@type":"SearchAction","target":{"@type":"EntryPoint","urlTemplate":"https:\/\/www.ibc.ee\/es\/?s={search_term_string}"},"query-input":{"@type":"PropertyValueSpecification","valueRequired":true,"valueName":"search_term_string"}}],"inLanguage":"es"}]}},"_links":{"self":[{"href":"https:\/\/ibc.ee\/es\/wp-json\/wp\/v2\/product\/24059","targetHints":{"allow":["GET"]}}],"collection":[{"href":"https:\/\/ibc.ee\/es\/wp-json\/wp\/v2\/product"}],"about":[{"href":"https:\/\/ibc.ee\/es\/wp-json\/wp\/v2\/types\/product"}],"wp:featuredmedia":[{"embeddable":true,"href":"https:\/\/ibc.ee\/es\/wp-json\/wp\/v2\/media\/24083"}],"wp:attachment":[{"href":"https:\/\/ibc.ee\/es\/wp-json\/wp\/v2\/media?parent=24059"}],"wp:term":[{"taxonomy":"product_brand","embeddable":true,"href":"https:\/\/ibc.ee\/es\/wp-json\/wp\/v2\/product_brand?post=24059"},{"taxonomy":"product_cat","embeddable":true,"href":"https:\/\/ibc.ee\/es\/wp-json\/wp\/v2\/product_cat?post=24059"},{"taxonomy":"product_tag","embeddable":true,"href":"https:\/\/ibc.ee\/es\/wp-json\/wp\/v2\/product_tag?post=24059"}],"curies":[{"name":"wp","href":"https:\/\/api.w.org\/{rel}","templated":true}]}}