{"id":24134,"date":"2025-07-04T09:03:51","date_gmt":"2025-07-04T07:03:51","guid":{"rendered":"https:\/\/ibc.ee\/?post_type=product&#038;p=24134"},"modified":"2025-07-04T10:55:21","modified_gmt":"2025-07-04T08:55:21","slug":"tanque-de-almacenamiento-interno-de-plastico-certificado-un-fda-ibc-1000","status":"publish","type":"product","link":"https:\/\/ibc.ee\/es\/producto\/tanque-de-almacenamiento-interno-de-plastico-certificado-un-fda-ibc-1000\/","title":{"rendered":"Tanque de almacenamiento interno de pl\u00e1stico certificado UN+FDA IBC 1000"},"content":{"rendered":"<p>Aplicaciones t\u00edpicas:<br \/>\n<strong>Industria de alimentos y bebidas<\/strong><br \/>\nAgua potable, jarabes, aceites comestibles, jugos, ingredientes para la fabricaci\u00f3n, edulcorantes l\u00edquidos<\/p>\n<p><strong>\u2013 Agricultura<\/strong><br \/>\nSoluciones fertilizantes, aditivos para cultivos, extractos org\u00e1nicos, l\u00edquidos de riego para la producci\u00f3n de alimentos<\/p>\n<p><strong>\u2013 Industria qu\u00edmica<\/strong><br \/>\n\u00c1cidos, \u00e1lcalis, disolventes, detergentes, productos qu\u00edmicos regulados (clasificados por la UN)<\/p>\n<p><strong>\u2013 Productos farmac\u00e9uticos y cosm\u00e9ticos<\/strong><br \/>\nL\u00edquidos crudos, alcoholes, disolventes alimentarios, bases cosm\u00e9ticas<\/p>\n<p><strong>\u2013 Uso humanitario y de emergencia<\/strong><br \/>\nAlmacenamiento de agua potable, uso en campo, transporte seguro de l\u00edquidos de grado alimenticio a zonas remotas<\/p>\n","protected":false},"excerpt":{"rendered":"<p>Este nuevo tanque interior (liner) para IBC est\u00e1 fabricado con polietileno virgen de alta densidad (HDPE), totalmente certificado para el contacto con alimentos y el transporte de l\u00edquidos peligrosos. Es ideal como inserto de repuesto para IBC existentes o como tanque independiente para instalaciones personalizadas.<\/p>\n<p><strong>Certificaciones:<\/strong><br \/>\n&#8211; Cumple con la FDA (o CE 1935\/2004) \u2013 Apto para agua potable y l\u00edquidos de grado alimenticio<br \/>\n&#8211; Certificado por la UN \u2013 Aprobado para el almacenamiento y transporte de materiales peligrosos (UN 31HA1\/Y)<br \/>\n&#8211; Fabricado con HDPE virgen \u2013 sin contenido reciclado ni aditivos nocivos para los alimentos<\/p>\n<p><strong>Notas importantes:<\/strong><br \/>\n&#8211; Solo inserto de pl\u00e1stico; no incluye jaula ni pal\u00e9 met\u00e1licos.<br \/>\n&#8211; Debe instalarse dentro de un marco IBC compatible o asegurarse adecuadamente.<br \/>\n&#8211; Certificado para el almacenamiento de l\u00edquidos peligrosos y de grado alimenticio.<\/p>\n","protected":false},"featured_media":24149,"template":"","meta":[],"product_brand":[],"product_cat":[382],"product_tag":[],"class_list":{"0":"post-24134","1":"product","2":"type-product","3":"status-publish","4":"has-post-thumbnail","6":"product_cat-bote-intermedio-a-granel-ibc-1000-litros","7":"product_shipping_class-containers-es","9":"first","10":"instock","11":"taxable","12":"shipping-taxable","13":"purchasable","14":"product-type-simple"},"yoast_head":"<!-- This site is optimized with the Yoast SEO plugin v26.9 - https:\/\/yoast.com\/product\/yoast-seo-wordpress\/ -->\n<title>Tanque de almacenamiento interno de pl\u00e1stico certificado UN+FDA IBC 1000 - IBC konteineri m&uuml;&uuml;k, vaadid, kraanid, mahutid<\/title>\n<meta name=\"description\" content=\"Se trata de un nuevo tanque interior (liner) IBC fabricado en polietileno virgen de alta densidad (HDPE), totalmente certificado tanto para contacto con alimentos como para transporte de l\u00edquidos peligrosos.\" \/>\n<meta name=\"robots\" content=\"index, follow, max-snippet:-1, max-image-preview:large, max-video-preview:-1\" \/>\n<link rel=\"canonical\" href=\"https:\/\/ibc.ee\/es\/producto\/tanque-de-almacenamiento-interno-de-plastico-certificado-un-fda-ibc-1000\/\" \/>\n<meta property=\"og:locale\" content=\"es_ES\" \/>\n<meta property=\"og:type\" content=\"article\" \/>\n<meta property=\"og:title\" content=\"Tanque de almacenamiento interno de pl\u00e1stico certificado UN+FDA IBC 1000 - IBC konteineri m&uuml;&uuml;k, vaadid, kraanid, mahutid\" \/>\n<meta property=\"og:description\" content=\"Se trata de un nuevo tanque interior (liner) IBC fabricado en polietileno virgen de alta densidad (HDPE), totalmente certificado tanto para contacto con alimentos como para transporte de l\u00edquidos peligrosos.\" \/>\n<meta property=\"og:url\" content=\"https:\/\/ibc.ee\/es\/producto\/tanque-de-almacenamiento-interno-de-plastico-certificado-un-fda-ibc-1000\/\" \/>\n<meta property=\"og:site_name\" content=\"IBC konteineri m&uuml;&uuml;k, vaadid, kraanid, mahutid\" \/>\n<meta property=\"article:modified_time\" content=\"2025-07-04T08:55:21+00:00\" \/>\n<meta property=\"og:image\" content=\"https:\/\/ibc.ee\/wp-content\/uploads\/2025\/07\/NewInner-UN-IBC-1000-Inner-Plastic-UN-Certificated-Storage-Tank.jpg\" \/>\n\t<meta property=\"og:image:width\" content=\"1000\" \/>\n\t<meta property=\"og:image:height\" content=\"1000\" \/>\n\t<meta property=\"og:image:type\" content=\"image\/jpeg\" \/>\n<meta name=\"twitter:card\" content=\"summary_large_image\" \/>\n<meta name=\"twitter:label1\" content=\"Tiempo de lectura\" \/>\n\t<meta name=\"twitter:data1\" content=\"1 minuto\" \/>\n<script type=\"application\/ld+json\" class=\"yoast-schema-graph\">{\"@context\":\"https:\/\/schema.org\",\"@graph\":[{\"@type\":\"WebPage\",\"@id\":\"https:\/\/ibc.ee\/es\/producto\/tanque-de-almacenamiento-interno-de-plastico-certificado-un-fda-ibc-1000\/\",\"url\":\"https:\/\/ibc.ee\/es\/producto\/tanque-de-almacenamiento-interno-de-plastico-certificado-un-fda-ibc-1000\/\",\"name\":\"Tanque de almacenamiento interno de pl\u00e1stico certificado UN+FDA IBC 1000 - IBC konteineri m&uuml;&uuml;k, vaadid, kraanid, mahutid\",\"isPartOf\":{\"@id\":\"https:\/\/ibc.ee\/es\/#website\"},\"primaryImageOfPage\":{\"@id\":\"https:\/\/ibc.ee\/es\/producto\/tanque-de-almacenamiento-interno-de-plastico-certificado-un-fda-ibc-1000\/#primaryimage\"},\"image\":{\"@id\":\"https:\/\/ibc.ee\/es\/producto\/tanque-de-almacenamiento-interno-de-plastico-certificado-un-fda-ibc-1000\/#primaryimage\"},\"thumbnailUrl\":\"https:\/\/ibc.ee\/wp-content\/uploads\/2025\/07\/NewInner-UN-IBC-1000-Inner-Plastic-UN-Certificated-Storage-Tank.jpg\",\"datePublished\":\"2025-07-04T07:03:51+00:00\",\"dateModified\":\"2025-07-04T08:55:21+00:00\",\"description\":\"Se trata de un nuevo tanque interior (liner) IBC fabricado en polietileno virgen de alta densidad (HDPE), totalmente certificado tanto para contacto con alimentos como para transporte de l\u00edquidos peligrosos.\",\"breadcrumb\":{\"@id\":\"https:\/\/ibc.ee\/es\/producto\/tanque-de-almacenamiento-interno-de-plastico-certificado-un-fda-ibc-1000\/#breadcrumb\"},\"inLanguage\":\"es\",\"potentialAction\":[{\"@type\":\"ReadAction\",\"target\":[\"https:\/\/ibc.ee\/es\/producto\/tanque-de-almacenamiento-interno-de-plastico-certificado-un-fda-ibc-1000\/\"]}]},{\"@type\":\"ImageObject\",\"inLanguage\":\"es\",\"@id\":\"https:\/\/ibc.ee\/es\/producto\/tanque-de-almacenamiento-interno-de-plastico-certificado-un-fda-ibc-1000\/#primaryimage\",\"url\":\"https:\/\/ibc.ee\/wp-content\/uploads\/2025\/07\/NewInner-UN-IBC-1000-Inner-Plastic-UN-Certificated-Storage-Tank.jpg\",\"contentUrl\":\"https:\/\/ibc.ee\/wp-content\/uploads\/2025\/07\/NewInner-UN-IBC-1000-Inner-Plastic-UN-Certificated-Storage-Tank.jpg\",\"width\":1000,\"height\":1000,\"caption\":\"NewInner UN IBC 1000 Inner Plastic UN-Certificated Storage Tank\"},{\"@type\":\"BreadcrumbList\",\"@id\":\"https:\/\/ibc.ee\/es\/producto\/tanque-de-almacenamiento-interno-de-plastico-certificado-un-fda-ibc-1000\/#breadcrumb\",\"itemListElement\":[{\"@type\":\"ListItem\",\"position\":1,\"name\":\"\u0413\u043b\u0430\u0432\u043d\u0430\u044f \u0441\u0442\u0440\u0430\u043d\u0438\u0446\u0430\",\"item\":\"https:\/\/ibc.ee\/es\/\"},{\"@type\":\"ListItem\",\"position\":2,\"name\":\"Tienda\",\"item\":\"https:\/\/ibc.ee\/es\/tienda\/\"},{\"@type\":\"ListItem\",\"position\":3,\"name\":\"Tanque de almacenamiento interno de pl\u00e1stico certificado UN+FDA IBC 1000\"}]},{\"@type\":\"WebSite\",\"@id\":\"https:\/\/ibc.ee\/es\/#website\",\"url\":\"https:\/\/ibc.ee\/es\/\",\"name\":\"IBC konteineri m&uuml;&uuml;k, vaadid, kraanid, mahutid\",\"description\":\"IBC - Tank container valve, Adapters\\\\fittings, Intermediate bulk, container, Drums\/cans\",\"potentialAction\":[{\"@type\":\"SearchAction\",\"target\":{\"@type\":\"EntryPoint\",\"urlTemplate\":\"https:\/\/ibc.ee\/es\/?s={search_term_string}\"},\"query-input\":{\"@type\":\"PropertyValueSpecification\",\"valueRequired\":true,\"valueName\":\"search_term_string\"}}],\"inLanguage\":\"es\"}]}<\/script>\n<!-- \/ Yoast SEO plugin. -->","yoast_head_json":{"title":"Tanque de almacenamiento interno de pl\u00e1stico certificado UN+FDA IBC 1000 - IBC konteineri m&uuml;&uuml;k, vaadid, kraanid, mahutid","description":"Se trata de un nuevo tanque interior (liner) IBC fabricado en polietileno virgen de alta densidad (HDPE), totalmente certificado tanto para contacto con alimentos como para transporte de l\u00edquidos peligrosos.","robots":{"index":"index","follow":"follow","max-snippet":"max-snippet:-1","max-image-preview":"max-image-preview:large","max-video-preview":"max-video-preview:-1"},"canonical":"https:\/\/ibc.ee\/es\/producto\/tanque-de-almacenamiento-interno-de-plastico-certificado-un-fda-ibc-1000\/","og_locale":"es_ES","og_type":"article","og_title":"Tanque de almacenamiento interno de pl\u00e1stico certificado UN+FDA IBC 1000 - IBC konteineri m&uuml;&uuml;k, vaadid, kraanid, mahutid","og_description":"Se trata de un nuevo tanque interior (liner) IBC fabricado en polietileno virgen de alta densidad (HDPE), totalmente certificado tanto para contacto con alimentos como para transporte de l\u00edquidos peligrosos.","og_url":"https:\/\/ibc.ee\/es\/producto\/tanque-de-almacenamiento-interno-de-plastico-certificado-un-fda-ibc-1000\/","og_site_name":"IBC konteineri m&uuml;&uuml;k, vaadid, kraanid, mahutid","article_modified_time":"2025-07-04T08:55:21+00:00","og_image":[{"width":1000,"height":1000,"url":"https:\/\/ibc.ee\/wp-content\/uploads\/2025\/07\/NewInner-UN-IBC-1000-Inner-Plastic-UN-Certificated-Storage-Tank.jpg","type":"image\/jpeg"}],"twitter_card":"summary_large_image","twitter_misc":{"Tiempo de lectura":"1 minuto"},"schema":{"@context":"https:\/\/schema.org","@graph":[{"@type":"WebPage","@id":"https:\/\/ibc.ee\/es\/producto\/tanque-de-almacenamiento-interno-de-plastico-certificado-un-fda-ibc-1000\/","url":"https:\/\/ibc.ee\/es\/producto\/tanque-de-almacenamiento-interno-de-plastico-certificado-un-fda-ibc-1000\/","name":"Tanque de almacenamiento interno de pl\u00e1stico certificado UN+FDA IBC 1000 - IBC konteineri m&uuml;&uuml;k, vaadid, kraanid, mahutid","isPartOf":{"@id":"https:\/\/ibc.ee\/es\/#website"},"primaryImageOfPage":{"@id":"https:\/\/ibc.ee\/es\/producto\/tanque-de-almacenamiento-interno-de-plastico-certificado-un-fda-ibc-1000\/#primaryimage"},"image":{"@id":"https:\/\/ibc.ee\/es\/producto\/tanque-de-almacenamiento-interno-de-plastico-certificado-un-fda-ibc-1000\/#primaryimage"},"thumbnailUrl":"https:\/\/ibc.ee\/wp-content\/uploads\/2025\/07\/NewInner-UN-IBC-1000-Inner-Plastic-UN-Certificated-Storage-Tank.jpg","datePublished":"2025-07-04T07:03:51+00:00","dateModified":"2025-07-04T08:55:21+00:00","description":"Se trata de un nuevo tanque interior (liner) IBC fabricado en polietileno virgen de alta densidad (HDPE), totalmente certificado tanto para contacto con alimentos como para transporte de l\u00edquidos peligrosos.","breadcrumb":{"@id":"https:\/\/ibc.ee\/es\/producto\/tanque-de-almacenamiento-interno-de-plastico-certificado-un-fda-ibc-1000\/#breadcrumb"},"inLanguage":"es","potentialAction":[{"@type":"ReadAction","target":["https:\/\/ibc.ee\/es\/producto\/tanque-de-almacenamiento-interno-de-plastico-certificado-un-fda-ibc-1000\/"]}]},{"@type":"ImageObject","inLanguage":"es","@id":"https:\/\/ibc.ee\/es\/producto\/tanque-de-almacenamiento-interno-de-plastico-certificado-un-fda-ibc-1000\/#primaryimage","url":"https:\/\/ibc.ee\/wp-content\/uploads\/2025\/07\/NewInner-UN-IBC-1000-Inner-Plastic-UN-Certificated-Storage-Tank.jpg","contentUrl":"https:\/\/ibc.ee\/wp-content\/uploads\/2025\/07\/NewInner-UN-IBC-1000-Inner-Plastic-UN-Certificated-Storage-Tank.jpg","width":1000,"height":1000,"caption":"NewInner UN IBC 1000 Inner Plastic UN-Certificated Storage Tank"},{"@type":"BreadcrumbList","@id":"https:\/\/ibc.ee\/es\/producto\/tanque-de-almacenamiento-interno-de-plastico-certificado-un-fda-ibc-1000\/#breadcrumb","itemListElement":[{"@type":"ListItem","position":1,"name":"\u0413\u043b\u0430\u0432\u043d\u0430\u044f \u0441\u0442\u0440\u0430\u043d\u0438\u0446\u0430","item":"https:\/\/ibc.ee\/es\/"},{"@type":"ListItem","position":2,"name":"Tienda","item":"https:\/\/ibc.ee\/es\/tienda\/"},{"@type":"ListItem","position":3,"name":"Tanque de almacenamiento interno de pl\u00e1stico certificado UN+FDA IBC 1000"}]},{"@type":"WebSite","@id":"https:\/\/ibc.ee\/es\/#website","url":"https:\/\/ibc.ee\/es\/","name":"IBC konteineri m&uuml;&uuml;k, vaadid, kraanid, mahutid","description":"IBC - Tank container valve, Adapters\\fittings, Intermediate bulk, container, Drums\/cans","potentialAction":[{"@type":"SearchAction","target":{"@type":"EntryPoint","urlTemplate":"https:\/\/ibc.ee\/es\/?s={search_term_string}"},"query-input":{"@type":"PropertyValueSpecification","valueRequired":true,"valueName":"search_term_string"}}],"inLanguage":"es"}]}},"_links":{"self":[{"href":"https:\/\/ibc.ee\/es\/wp-json\/wp\/v2\/product\/24134","targetHints":{"allow":["GET"]}}],"collection":[{"href":"https:\/\/ibc.ee\/es\/wp-json\/wp\/v2\/product"}],"about":[{"href":"https:\/\/ibc.ee\/es\/wp-json\/wp\/v2\/types\/product"}],"wp:featuredmedia":[{"embeddable":true,"href":"https:\/\/ibc.ee\/es\/wp-json\/wp\/v2\/media\/24149"}],"wp:attachment":[{"href":"https:\/\/ibc.ee\/es\/wp-json\/wp\/v2\/media?parent=24134"}],"wp:term":[{"taxonomy":"product_brand","embeddable":true,"href":"https:\/\/ibc.ee\/es\/wp-json\/wp\/v2\/product_brand?post=24134"},{"taxonomy":"product_cat","embeddable":true,"href":"https:\/\/ibc.ee\/es\/wp-json\/wp\/v2\/product_cat?post=24134"},{"taxonomy":"product_tag","embeddable":true,"href":"https:\/\/ibc.ee\/es\/wp-json\/wp\/v2\/product_tag?post=24134"}],"curies":[{"name":"wp","href":"https:\/\/api.w.org\/{rel}","templated":true}]}}