{"id":24175,"date":"2025-07-07T08:55:01","date_gmt":"2025-07-07T06:55:01","guid":{"rendered":"https:\/\/ibc.ee\/?post_type=product&#038;p=24175"},"modified":"2025-07-07T10:04:08","modified_gmt":"2025-07-07T08:04:08","slug":"contenedor-ibc-1000-lavado-ex-fda-de-techcube","status":"publish","type":"product","link":"https:\/\/ibc.ee\/es\/producto\/contenedor-ibc-1000-lavado-ex-fda-de-techcube\/","title":{"rendered":"Contenedor IBC 1000 lavado ex-FDA de TechCube"},"content":{"rendered":"<p><strong>Usos t\u00edpicos:<\/strong><br \/>\n&#8211; L\u00edquidos t\u00e9cnicos y aguas grises<br \/>\n&#8211; Recolecci\u00f3n de agua de lluvia (no para consumo humano)<br \/>\n&#8211; Riego de plantas no comestibles<br \/>\n&#8211; Agua residual en obras de construcci\u00f3n (ej. lavado de hormig\u00f3n)<br \/>\n&#8211; Acumulaci\u00f3n o pretratamiento de residuos l\u00edquidos<br \/>\n&#8211; Agua de enjuague en procesos industriales o tanques de retenci\u00f3n<br \/>\n&#8211; Almacenamiento temporal de l\u00edquidos en situaciones de emergencia (no para consumo)<\/p>\n<p><strong>No apto para:<\/strong><br \/>\n&#8211; Agua potable<br \/>\n&#8211; Alimentos o bebidas<br \/>\n&#8211; Usos alimentarios certificados<\/p>\n","protected":false},"excerpt":{"rendered":"<p>Este es un contenedor IBC usado y profesionalmente lavado de 1000 litros, fabricado originalmente con pl\u00e1stico HDPE apto para alimentos seg\u00fan la normativa FDA, pero que posteriormente fue utilizado para almacenar l\u00edquidos qu\u00edmicos o industriales.<br \/>\nAunque el tanque se encuentra en buenas condiciones f\u00edsicas, ya no es adecuado para agua potable ni para contacto con alimentos.<\/p>\n","protected":false},"featured_media":24190,"template":"","meta":[],"product_brand":[],"product_cat":[382],"product_tag":[],"class_list":{"0":"post-24175","1":"product","2":"type-product","3":"status-publish","4":"has-post-thumbnail","6":"product_cat-bote-intermedio-a-granel-ibc-1000-litros","7":"product_shipping_class-containers-es","9":"first","10":"instock","11":"taxable","12":"shipping-taxable","13":"purchasable","14":"product-type-simple"},"yoast_head":"<!-- This site is optimized with the Yoast SEO plugin v26.9 - https:\/\/yoast.com\/product\/yoast-seo-wordpress\/ -->\n<title>PureFlowCube IBC 1000 \u2013 tanque lavado de alta calidad con certificaci\u00f3n FDA<\/title>\n<meta name=\"description\" content=\"Este es un contenedor IBC usado y profesionalmente lavado de 1000 litros, fabricado originalmente con pl\u00e1stico HDPE apto para alimentos seg\u00fan la normativa FDA, pero que posteriormente fue utilizado para almacenar l\u00edquidos qu\u00edmicos o industriales.\" \/>\n<meta name=\"robots\" content=\"index, follow, max-snippet:-1, max-image-preview:large, max-video-preview:-1\" \/>\n<link rel=\"canonical\" href=\"https:\/\/ibc.ee\/es\/producto\/contenedor-ibc-1000-lavado-ex-fda-de-techcube\/\" \/>\n<meta property=\"og:locale\" content=\"es_ES\" \/>\n<meta property=\"og:type\" content=\"article\" \/>\n<meta property=\"og:title\" content=\"PureFlowCube IBC 1000 \u2013 tanque lavado de alta calidad con certificaci\u00f3n FDA\" \/>\n<meta property=\"og:description\" content=\"Este es un contenedor IBC usado y profesionalmente lavado de 1000 litros, fabricado originalmente con pl\u00e1stico HDPE apto para alimentos seg\u00fan la normativa FDA, pero que posteriormente fue utilizado para almacenar l\u00edquidos qu\u00edmicos o industriales.\" \/>\n<meta property=\"og:url\" content=\"https:\/\/ibc.ee\/es\/producto\/contenedor-ibc-1000-lavado-ex-fda-de-techcube\/\" \/>\n<meta property=\"og:site_name\" content=\"IBC konteineri m&uuml;&uuml;k, vaadid, kraanid, mahutid\" \/>\n<meta property=\"article:modified_time\" content=\"2025-07-07T08:04:08+00:00\" \/>\n<meta property=\"og:image\" content=\"https:\/\/ibc.ee\/wp-content\/uploads\/2025\/07\/TechCube-IBC-1000-washed-ex-FDA-container.jpg\" \/>\n\t<meta property=\"og:image:width\" content=\"1000\" \/>\n\t<meta property=\"og:image:height\" content=\"1000\" \/>\n\t<meta property=\"og:image:type\" content=\"image\/jpeg\" \/>\n<meta name=\"twitter:card\" content=\"summary_large_image\" \/>\n<meta name=\"twitter:label1\" content=\"Tiempo de lectura\" \/>\n\t<meta name=\"twitter:data1\" content=\"1 minuto\" \/>\n<script type=\"application\/ld+json\" class=\"yoast-schema-graph\">{\"@context\":\"https:\/\/schema.org\",\"@graph\":[{\"@type\":\"WebPage\",\"@id\":\"https:\/\/ibc.ee\/es\/producto\/contenedor-ibc-1000-lavado-ex-fda-de-techcube\/\",\"url\":\"https:\/\/ibc.ee\/es\/producto\/contenedor-ibc-1000-lavado-ex-fda-de-techcube\/\",\"name\":\"PureFlowCube IBC 1000 \u2013 tanque lavado de alta calidad con certificaci\u00f3n FDA\",\"isPartOf\":{\"@id\":\"https:\/\/www.ibc.ee\/es\/#website\"},\"primaryImageOfPage\":{\"@id\":\"https:\/\/ibc.ee\/es\/producto\/contenedor-ibc-1000-lavado-ex-fda-de-techcube\/#primaryimage\"},\"image\":{\"@id\":\"https:\/\/ibc.ee\/es\/producto\/contenedor-ibc-1000-lavado-ex-fda-de-techcube\/#primaryimage\"},\"thumbnailUrl\":\"https:\/\/ibc.ee\/wp-content\/uploads\/2025\/07\/TechCube-IBC-1000-washed-ex-FDA-container.jpg\",\"datePublished\":\"2025-07-07T06:55:01+00:00\",\"dateModified\":\"2025-07-07T08:04:08+00:00\",\"description\":\"Este es un contenedor IBC usado y profesionalmente lavado de 1000 litros, fabricado originalmente con pl\u00e1stico HDPE apto para alimentos seg\u00fan la normativa FDA, pero que posteriormente fue utilizado para almacenar l\u00edquidos qu\u00edmicos o industriales.\",\"breadcrumb\":{\"@id\":\"https:\/\/ibc.ee\/es\/producto\/contenedor-ibc-1000-lavado-ex-fda-de-techcube\/#breadcrumb\"},\"inLanguage\":\"es\",\"potentialAction\":[{\"@type\":\"ReadAction\",\"target\":[\"https:\/\/ibc.ee\/es\/producto\/contenedor-ibc-1000-lavado-ex-fda-de-techcube\/\"]}]},{\"@type\":\"ImageObject\",\"inLanguage\":\"es\",\"@id\":\"https:\/\/ibc.ee\/es\/producto\/contenedor-ibc-1000-lavado-ex-fda-de-techcube\/#primaryimage\",\"url\":\"https:\/\/ibc.ee\/wp-content\/uploads\/2025\/07\/TechCube-IBC-1000-washed-ex-FDA-container.jpg\",\"contentUrl\":\"https:\/\/ibc.ee\/wp-content\/uploads\/2025\/07\/TechCube-IBC-1000-washed-ex-FDA-container.jpg\",\"width\":1000,\"height\":1000,\"caption\":\"TechCube IBC 1000 washed ex-FDA container\"},{\"@type\":\"BreadcrumbList\",\"@id\":\"https:\/\/ibc.ee\/es\/producto\/contenedor-ibc-1000-lavado-ex-fda-de-techcube\/#breadcrumb\",\"itemListElement\":[{\"@type\":\"ListItem\",\"position\":1,\"name\":\"\u0413\u043b\u0430\u0432\u043d\u0430\u044f \u0441\u0442\u0440\u0430\u043d\u0438\u0446\u0430\",\"item\":\"https:\/\/www.ibc.ee\/es\/\"},{\"@type\":\"ListItem\",\"position\":2,\"name\":\"Tienda\",\"item\":\"https:\/\/www.ibc.ee\/es\/tienda\/\"},{\"@type\":\"ListItem\",\"position\":3,\"name\":\"Contenedor IBC 1000 lavado ex-FDA de TechCube\"}]},{\"@type\":\"WebSite\",\"@id\":\"https:\/\/www.ibc.ee\/es\/#website\",\"url\":\"https:\/\/www.ibc.ee\/es\/\",\"name\":\"IBC konteineri m&uuml;&uuml;k, vaadid, kraanid, mahutid\",\"description\":\"IBC - Tank container valve, Adapters\\\\fittings, Intermediate bulk, container, Drums\/cans\",\"potentialAction\":[{\"@type\":\"SearchAction\",\"target\":{\"@type\":\"EntryPoint\",\"urlTemplate\":\"https:\/\/www.ibc.ee\/es\/?s={search_term_string}\"},\"query-input\":{\"@type\":\"PropertyValueSpecification\",\"valueRequired\":true,\"valueName\":\"search_term_string\"}}],\"inLanguage\":\"es\"}]}<\/script>\n<!-- \/ Yoast SEO plugin. -->","yoast_head_json":{"title":"PureFlowCube IBC 1000 \u2013 tanque lavado de alta calidad con certificaci\u00f3n FDA","description":"Este es un contenedor IBC usado y profesionalmente lavado de 1000 litros, fabricado originalmente con pl\u00e1stico HDPE apto para alimentos seg\u00fan la normativa FDA, pero que posteriormente fue utilizado para almacenar l\u00edquidos qu\u00edmicos o industriales.","robots":{"index":"index","follow":"follow","max-snippet":"max-snippet:-1","max-image-preview":"max-image-preview:large","max-video-preview":"max-video-preview:-1"},"canonical":"https:\/\/ibc.ee\/es\/producto\/contenedor-ibc-1000-lavado-ex-fda-de-techcube\/","og_locale":"es_ES","og_type":"article","og_title":"PureFlowCube IBC 1000 \u2013 tanque lavado de alta calidad con certificaci\u00f3n FDA","og_description":"Este es un contenedor IBC usado y profesionalmente lavado de 1000 litros, fabricado originalmente con pl\u00e1stico HDPE apto para alimentos seg\u00fan la normativa FDA, pero que posteriormente fue utilizado para almacenar l\u00edquidos qu\u00edmicos o industriales.","og_url":"https:\/\/ibc.ee\/es\/producto\/contenedor-ibc-1000-lavado-ex-fda-de-techcube\/","og_site_name":"IBC konteineri m&uuml;&uuml;k, vaadid, kraanid, mahutid","article_modified_time":"2025-07-07T08:04:08+00:00","og_image":[{"width":1000,"height":1000,"url":"https:\/\/ibc.ee\/wp-content\/uploads\/2025\/07\/TechCube-IBC-1000-washed-ex-FDA-container.jpg","type":"image\/jpeg"}],"twitter_card":"summary_large_image","twitter_misc":{"Tiempo de lectura":"1 minuto"},"schema":{"@context":"https:\/\/schema.org","@graph":[{"@type":"WebPage","@id":"https:\/\/ibc.ee\/es\/producto\/contenedor-ibc-1000-lavado-ex-fda-de-techcube\/","url":"https:\/\/ibc.ee\/es\/producto\/contenedor-ibc-1000-lavado-ex-fda-de-techcube\/","name":"PureFlowCube IBC 1000 \u2013 tanque lavado de alta calidad con certificaci\u00f3n FDA","isPartOf":{"@id":"https:\/\/www.ibc.ee\/es\/#website"},"primaryImageOfPage":{"@id":"https:\/\/ibc.ee\/es\/producto\/contenedor-ibc-1000-lavado-ex-fda-de-techcube\/#primaryimage"},"image":{"@id":"https:\/\/ibc.ee\/es\/producto\/contenedor-ibc-1000-lavado-ex-fda-de-techcube\/#primaryimage"},"thumbnailUrl":"https:\/\/ibc.ee\/wp-content\/uploads\/2025\/07\/TechCube-IBC-1000-washed-ex-FDA-container.jpg","datePublished":"2025-07-07T06:55:01+00:00","dateModified":"2025-07-07T08:04:08+00:00","description":"Este es un contenedor IBC usado y profesionalmente lavado de 1000 litros, fabricado originalmente con pl\u00e1stico HDPE apto para alimentos seg\u00fan la normativa FDA, pero que posteriormente fue utilizado para almacenar l\u00edquidos qu\u00edmicos o industriales.","breadcrumb":{"@id":"https:\/\/ibc.ee\/es\/producto\/contenedor-ibc-1000-lavado-ex-fda-de-techcube\/#breadcrumb"},"inLanguage":"es","potentialAction":[{"@type":"ReadAction","target":["https:\/\/ibc.ee\/es\/producto\/contenedor-ibc-1000-lavado-ex-fda-de-techcube\/"]}]},{"@type":"ImageObject","inLanguage":"es","@id":"https:\/\/ibc.ee\/es\/producto\/contenedor-ibc-1000-lavado-ex-fda-de-techcube\/#primaryimage","url":"https:\/\/ibc.ee\/wp-content\/uploads\/2025\/07\/TechCube-IBC-1000-washed-ex-FDA-container.jpg","contentUrl":"https:\/\/ibc.ee\/wp-content\/uploads\/2025\/07\/TechCube-IBC-1000-washed-ex-FDA-container.jpg","width":1000,"height":1000,"caption":"TechCube IBC 1000 washed ex-FDA container"},{"@type":"BreadcrumbList","@id":"https:\/\/ibc.ee\/es\/producto\/contenedor-ibc-1000-lavado-ex-fda-de-techcube\/#breadcrumb","itemListElement":[{"@type":"ListItem","position":1,"name":"\u0413\u043b\u0430\u0432\u043d\u0430\u044f \u0441\u0442\u0440\u0430\u043d\u0438\u0446\u0430","item":"https:\/\/www.ibc.ee\/es\/"},{"@type":"ListItem","position":2,"name":"Tienda","item":"https:\/\/www.ibc.ee\/es\/tienda\/"},{"@type":"ListItem","position":3,"name":"Contenedor IBC 1000 lavado ex-FDA de TechCube"}]},{"@type":"WebSite","@id":"https:\/\/www.ibc.ee\/es\/#website","url":"https:\/\/www.ibc.ee\/es\/","name":"IBC konteineri m&uuml;&uuml;k, vaadid, kraanid, mahutid","description":"IBC - Tank container valve, Adapters\\fittings, Intermediate bulk, container, Drums\/cans","potentialAction":[{"@type":"SearchAction","target":{"@type":"EntryPoint","urlTemplate":"https:\/\/www.ibc.ee\/es\/?s={search_term_string}"},"query-input":{"@type":"PropertyValueSpecification","valueRequired":true,"valueName":"search_term_string"}}],"inLanguage":"es"}]}},"_links":{"self":[{"href":"https:\/\/ibc.ee\/es\/wp-json\/wp\/v2\/product\/24175","targetHints":{"allow":["GET"]}}],"collection":[{"href":"https:\/\/ibc.ee\/es\/wp-json\/wp\/v2\/product"}],"about":[{"href":"https:\/\/ibc.ee\/es\/wp-json\/wp\/v2\/types\/product"}],"wp:featuredmedia":[{"embeddable":true,"href":"https:\/\/ibc.ee\/es\/wp-json\/wp\/v2\/media\/24190"}],"wp:attachment":[{"href":"https:\/\/ibc.ee\/es\/wp-json\/wp\/v2\/media?parent=24175"}],"wp:term":[{"taxonomy":"product_brand","embeddable":true,"href":"https:\/\/ibc.ee\/es\/wp-json\/wp\/v2\/product_brand?post=24175"},{"taxonomy":"product_cat","embeddable":true,"href":"https:\/\/ibc.ee\/es\/wp-json\/wp\/v2\/product_cat?post=24175"},{"taxonomy":"product_tag","embeddable":true,"href":"https:\/\/ibc.ee\/es\/wp-json\/wp\/v2\/product_tag?post=24175"}],"curies":[{"name":"wp","href":"https:\/\/api.w.org\/{rel}","templated":true}]}}