{"id":24234,"date":"2025-07-08T15:31:42","date_gmt":"2025-07-08T13:31:42","guid":{"rendered":"https:\/\/ibc.ee\/?post_type=product&#038;p=24234"},"modified":"2025-07-09T12:09:58","modified_gmt":"2025-07-09T10:09:58","slug":"draincube-ibc-1000-contenedor-usado-para-drenaje-y-aguas-residuales","status":"publish","type":"product","link":"https:\/\/ibc.ee\/es\/producto\/draincube-ibc-1000-contenedor-usado-para-drenaje-y-aguas-residuales\/","title":{"rendered":"DrainCube IBC 1000 \u2013 Contenedor usado para drenaje y aguas residuales"},"content":{"rendered":"<p><strong>Econ\u00f3mico. Resistente. Listo para los trabajos m\u00e1s sucios.   <\/strong><\/p>\n<p><strong>Usos t\u00edpicos<\/strong><br \/>\n&#8211; Almacenamiento de aguas de drenaje (en obras, escorrent\u00edas)<br \/>\n&#8211; Recolecci\u00f3n de aguas grises y aguas residuales<br \/>\n&#8211; Tanques auxiliares o de desbordamiento para fosas s\u00e9pticas<br \/>\n&#8211; Decantadores de sedimentos<br \/>\n&#8211; Recuperaci\u00f3n de enjuagues qu\u00edmicos o l\u00edquidos de limpieza<br \/>\n&#8211; Agua para simulacros de incendios<br \/>\n&#8211; Estaciones de lavado de campo (no potable)<\/p>\n<p><strong>Notas importantes<\/strong><br \/>\n&#8211; Estado usado: contiene residuos de aceite o resina en el interior<br \/>\n&#8211; No limpiado completamente, sin certificaciones \u2013 capa seca visible dentro<br \/>\n&#8211; No apto para alimentos, agua potable, animales ni riego<br \/>\n&#8211; Puede presentar \u00f3xido, desgaste o marcas de uso previo<\/p>\n","protected":false},"excerpt":{"rendered":"<p>El DrainCube IBC 1000 es un contenedor IBC de 1000 litros usado anteriormente para almacenar aceites o resinas. Debido a la naturaleza de su contenido previo, las paredes interiores est\u00e1n cubiertas por una capa seca o residuos endurecidos, lo que lo hace no apto para agua potable, alimentos ni l\u00edquidos sensibles. Aun as\u00ed, sigue siendo una soluci\u00f3n econ\u00f3mica y robusta para almacenar l\u00edquidos no cr\u00edticos, donde la limpieza no es una prioridad.  <\/p>\n","protected":false},"featured_media":24249,"template":"","meta":[],"product_brand":[],"product_cat":[382],"product_tag":[],"class_list":{"0":"post-24234","1":"product","2":"type-product","3":"status-publish","4":"has-post-thumbnail","6":"product_cat-bote-intermedio-a-granel-ibc-1000-litros","7":"product_shipping_class-containers-es","9":"first","10":"instock","11":"taxable","12":"shipping-taxable","13":"purchasable","14":"product-type-simple"},"yoast_head":"<!-- This site is optimized with the Yoast SEO plugin v26.9 - https:\/\/yoast.com\/product\/yoast-seo-wordpress\/ -->\n<title>DrainCube IBC 1000 \u2013 Contenedor usado para drenaje y aguas residuales - IBC konteineri m&uuml;&uuml;k, vaadid, kraanid, mahutid<\/title>\n<meta name=\"description\" content=\"El DrainCube IBC 1000 es un contenedor IBC de 1000 litros usado anteriormente para almacenar aceites o resinas.\" \/>\n<meta name=\"robots\" content=\"index, follow, max-snippet:-1, max-image-preview:large, max-video-preview:-1\" \/>\n<link rel=\"canonical\" href=\"https:\/\/ibc.ee\/es\/producto\/draincube-ibc-1000-contenedor-usado-para-drenaje-y-aguas-residuales\/\" \/>\n<meta property=\"og:locale\" content=\"es_ES\" \/>\n<meta property=\"og:type\" content=\"article\" \/>\n<meta property=\"og:title\" content=\"DrainCube IBC 1000 \u2013 Contenedor usado para drenaje y aguas residuales - IBC konteineri m&uuml;&uuml;k, vaadid, kraanid, mahutid\" \/>\n<meta property=\"og:description\" content=\"El DrainCube IBC 1000 es un contenedor IBC de 1000 litros usado anteriormente para almacenar aceites o resinas.\" \/>\n<meta property=\"og:url\" content=\"https:\/\/ibc.ee\/es\/producto\/draincube-ibc-1000-contenedor-usado-para-drenaje-y-aguas-residuales\/\" \/>\n<meta property=\"og:site_name\" content=\"IBC konteineri m&uuml;&uuml;k, vaadid, kraanid, mahutid\" \/>\n<meta property=\"article:modified_time\" content=\"2025-07-09T10:09:58+00:00\" \/>\n<meta property=\"og:image\" content=\"https:\/\/ibc.ee\/wp-content\/uploads\/2025\/07\/DrainCube-IBC-1000-used-container-for-drainage-and-wastewater.jpg\" \/>\n\t<meta property=\"og:image:width\" content=\"1000\" \/>\n\t<meta property=\"og:image:height\" content=\"1000\" \/>\n\t<meta property=\"og:image:type\" content=\"image\/jpeg\" \/>\n<meta name=\"twitter:card\" content=\"summary_large_image\" \/>\n<meta name=\"twitter:label1\" content=\"Tiempo de lectura\" \/>\n\t<meta name=\"twitter:data1\" content=\"1 minuto\" \/>\n<script type=\"application\/ld+json\" class=\"yoast-schema-graph\">{\"@context\":\"https:\/\/schema.org\",\"@graph\":[{\"@type\":\"WebPage\",\"@id\":\"https:\/\/ibc.ee\/es\/producto\/draincube-ibc-1000-contenedor-usado-para-drenaje-y-aguas-residuales\/\",\"url\":\"https:\/\/ibc.ee\/es\/producto\/draincube-ibc-1000-contenedor-usado-para-drenaje-y-aguas-residuales\/\",\"name\":\"DrainCube IBC 1000 \u2013 Contenedor usado para drenaje y aguas residuales - IBC konteineri m&uuml;&uuml;k, vaadid, kraanid, mahutid\",\"isPartOf\":{\"@id\":\"https:\/\/www.ibc.ee\/es\/#website\"},\"primaryImageOfPage\":{\"@id\":\"https:\/\/ibc.ee\/es\/producto\/draincube-ibc-1000-contenedor-usado-para-drenaje-y-aguas-residuales\/#primaryimage\"},\"image\":{\"@id\":\"https:\/\/ibc.ee\/es\/producto\/draincube-ibc-1000-contenedor-usado-para-drenaje-y-aguas-residuales\/#primaryimage\"},\"thumbnailUrl\":\"https:\/\/ibc.ee\/wp-content\/uploads\/2025\/07\/DrainCube-IBC-1000-used-container-for-drainage-and-wastewater.jpg\",\"datePublished\":\"2025-07-08T13:31:42+00:00\",\"dateModified\":\"2025-07-09T10:09:58+00:00\",\"description\":\"El DrainCube IBC 1000 es un contenedor IBC de 1000 litros usado anteriormente para almacenar aceites o resinas.\",\"breadcrumb\":{\"@id\":\"https:\/\/ibc.ee\/es\/producto\/draincube-ibc-1000-contenedor-usado-para-drenaje-y-aguas-residuales\/#breadcrumb\"},\"inLanguage\":\"es\",\"potentialAction\":[{\"@type\":\"ReadAction\",\"target\":[\"https:\/\/ibc.ee\/es\/producto\/draincube-ibc-1000-contenedor-usado-para-drenaje-y-aguas-residuales\/\"]}]},{\"@type\":\"ImageObject\",\"inLanguage\":\"es\",\"@id\":\"https:\/\/ibc.ee\/es\/producto\/draincube-ibc-1000-contenedor-usado-para-drenaje-y-aguas-residuales\/#primaryimage\",\"url\":\"https:\/\/ibc.ee\/wp-content\/uploads\/2025\/07\/DrainCube-IBC-1000-used-container-for-drainage-and-wastewater.jpg\",\"contentUrl\":\"https:\/\/ibc.ee\/wp-content\/uploads\/2025\/07\/DrainCube-IBC-1000-used-container-for-drainage-and-wastewater.jpg\",\"width\":1000,\"height\":1000,\"caption\":\"DrainCube IBC 1000 \u2013 used container for drainage & wastewater\"},{\"@type\":\"BreadcrumbList\",\"@id\":\"https:\/\/ibc.ee\/es\/producto\/draincube-ibc-1000-contenedor-usado-para-drenaje-y-aguas-residuales\/#breadcrumb\",\"itemListElement\":[{\"@type\":\"ListItem\",\"position\":1,\"name\":\"\u0413\u043b\u0430\u0432\u043d\u0430\u044f \u0441\u0442\u0440\u0430\u043d\u0438\u0446\u0430\",\"item\":\"https:\/\/www.ibc.ee\/es\/\"},{\"@type\":\"ListItem\",\"position\":2,\"name\":\"Tienda\",\"item\":\"https:\/\/www.ibc.ee\/es\/tienda\/\"},{\"@type\":\"ListItem\",\"position\":3,\"name\":\"DrainCube IBC 1000 \u2013 Contenedor usado para drenaje y aguas residuales\"}]},{\"@type\":\"WebSite\",\"@id\":\"https:\/\/www.ibc.ee\/es\/#website\",\"url\":\"https:\/\/www.ibc.ee\/es\/\",\"name\":\"IBC konteineri m&uuml;&uuml;k, vaadid, kraanid, mahutid\",\"description\":\"IBC - Tank container valve, Adapters\\\\fittings, Intermediate bulk, container, Drums\/cans\",\"potentialAction\":[{\"@type\":\"SearchAction\",\"target\":{\"@type\":\"EntryPoint\",\"urlTemplate\":\"https:\/\/www.ibc.ee\/es\/?s={search_term_string}\"},\"query-input\":{\"@type\":\"PropertyValueSpecification\",\"valueRequired\":true,\"valueName\":\"search_term_string\"}}],\"inLanguage\":\"es\"}]}<\/script>\n<!-- \/ Yoast SEO plugin. -->","yoast_head_json":{"title":"DrainCube IBC 1000 \u2013 Contenedor usado para drenaje y aguas residuales - IBC konteineri m&uuml;&uuml;k, vaadid, kraanid, mahutid","description":"El DrainCube IBC 1000 es un contenedor IBC de 1000 litros usado anteriormente para almacenar aceites o resinas.","robots":{"index":"index","follow":"follow","max-snippet":"max-snippet:-1","max-image-preview":"max-image-preview:large","max-video-preview":"max-video-preview:-1"},"canonical":"https:\/\/ibc.ee\/es\/producto\/draincube-ibc-1000-contenedor-usado-para-drenaje-y-aguas-residuales\/","og_locale":"es_ES","og_type":"article","og_title":"DrainCube IBC 1000 \u2013 Contenedor usado para drenaje y aguas residuales - IBC konteineri m&uuml;&uuml;k, vaadid, kraanid, mahutid","og_description":"El DrainCube IBC 1000 es un contenedor IBC de 1000 litros usado anteriormente para almacenar aceites o resinas.","og_url":"https:\/\/ibc.ee\/es\/producto\/draincube-ibc-1000-contenedor-usado-para-drenaje-y-aguas-residuales\/","og_site_name":"IBC konteineri m&uuml;&uuml;k, vaadid, kraanid, mahutid","article_modified_time":"2025-07-09T10:09:58+00:00","og_image":[{"width":1000,"height":1000,"url":"https:\/\/ibc.ee\/wp-content\/uploads\/2025\/07\/DrainCube-IBC-1000-used-container-for-drainage-and-wastewater.jpg","type":"image\/jpeg"}],"twitter_card":"summary_large_image","twitter_misc":{"Tiempo de lectura":"1 minuto"},"schema":{"@context":"https:\/\/schema.org","@graph":[{"@type":"WebPage","@id":"https:\/\/ibc.ee\/es\/producto\/draincube-ibc-1000-contenedor-usado-para-drenaje-y-aguas-residuales\/","url":"https:\/\/ibc.ee\/es\/producto\/draincube-ibc-1000-contenedor-usado-para-drenaje-y-aguas-residuales\/","name":"DrainCube IBC 1000 \u2013 Contenedor usado para drenaje y aguas residuales - IBC konteineri m&uuml;&uuml;k, vaadid, kraanid, mahutid","isPartOf":{"@id":"https:\/\/www.ibc.ee\/es\/#website"},"primaryImageOfPage":{"@id":"https:\/\/ibc.ee\/es\/producto\/draincube-ibc-1000-contenedor-usado-para-drenaje-y-aguas-residuales\/#primaryimage"},"image":{"@id":"https:\/\/ibc.ee\/es\/producto\/draincube-ibc-1000-contenedor-usado-para-drenaje-y-aguas-residuales\/#primaryimage"},"thumbnailUrl":"https:\/\/ibc.ee\/wp-content\/uploads\/2025\/07\/DrainCube-IBC-1000-used-container-for-drainage-and-wastewater.jpg","datePublished":"2025-07-08T13:31:42+00:00","dateModified":"2025-07-09T10:09:58+00:00","description":"El DrainCube IBC 1000 es un contenedor IBC de 1000 litros usado anteriormente para almacenar aceites o resinas.","breadcrumb":{"@id":"https:\/\/ibc.ee\/es\/producto\/draincube-ibc-1000-contenedor-usado-para-drenaje-y-aguas-residuales\/#breadcrumb"},"inLanguage":"es","potentialAction":[{"@type":"ReadAction","target":["https:\/\/ibc.ee\/es\/producto\/draincube-ibc-1000-contenedor-usado-para-drenaje-y-aguas-residuales\/"]}]},{"@type":"ImageObject","inLanguage":"es","@id":"https:\/\/ibc.ee\/es\/producto\/draincube-ibc-1000-contenedor-usado-para-drenaje-y-aguas-residuales\/#primaryimage","url":"https:\/\/ibc.ee\/wp-content\/uploads\/2025\/07\/DrainCube-IBC-1000-used-container-for-drainage-and-wastewater.jpg","contentUrl":"https:\/\/ibc.ee\/wp-content\/uploads\/2025\/07\/DrainCube-IBC-1000-used-container-for-drainage-and-wastewater.jpg","width":1000,"height":1000,"caption":"DrainCube IBC 1000 \u2013 used container for drainage & wastewater"},{"@type":"BreadcrumbList","@id":"https:\/\/ibc.ee\/es\/producto\/draincube-ibc-1000-contenedor-usado-para-drenaje-y-aguas-residuales\/#breadcrumb","itemListElement":[{"@type":"ListItem","position":1,"name":"\u0413\u043b\u0430\u0432\u043d\u0430\u044f \u0441\u0442\u0440\u0430\u043d\u0438\u0446\u0430","item":"https:\/\/www.ibc.ee\/es\/"},{"@type":"ListItem","position":2,"name":"Tienda","item":"https:\/\/www.ibc.ee\/es\/tienda\/"},{"@type":"ListItem","position":3,"name":"DrainCube IBC 1000 \u2013 Contenedor usado para drenaje y aguas residuales"}]},{"@type":"WebSite","@id":"https:\/\/www.ibc.ee\/es\/#website","url":"https:\/\/www.ibc.ee\/es\/","name":"IBC konteineri m&uuml;&uuml;k, vaadid, kraanid, mahutid","description":"IBC - Tank container valve, Adapters\\fittings, Intermediate bulk, container, Drums\/cans","potentialAction":[{"@type":"SearchAction","target":{"@type":"EntryPoint","urlTemplate":"https:\/\/www.ibc.ee\/es\/?s={search_term_string}"},"query-input":{"@type":"PropertyValueSpecification","valueRequired":true,"valueName":"search_term_string"}}],"inLanguage":"es"}]}},"_links":{"self":[{"href":"https:\/\/ibc.ee\/es\/wp-json\/wp\/v2\/product\/24234","targetHints":{"allow":["GET"]}}],"collection":[{"href":"https:\/\/ibc.ee\/es\/wp-json\/wp\/v2\/product"}],"about":[{"href":"https:\/\/ibc.ee\/es\/wp-json\/wp\/v2\/types\/product"}],"wp:featuredmedia":[{"embeddable":true,"href":"https:\/\/ibc.ee\/es\/wp-json\/wp\/v2\/media\/24249"}],"wp:attachment":[{"href":"https:\/\/ibc.ee\/es\/wp-json\/wp\/v2\/media?parent=24234"}],"wp:term":[{"taxonomy":"product_brand","embeddable":true,"href":"https:\/\/ibc.ee\/es\/wp-json\/wp\/v2\/product_brand?post=24234"},{"taxonomy":"product_cat","embeddable":true,"href":"https:\/\/ibc.ee\/es\/wp-json\/wp\/v2\/product_cat?post=24234"},{"taxonomy":"product_tag","embeddable":true,"href":"https:\/\/ibc.ee\/es\/wp-json\/wp\/v2\/product_tag?post=24234"}],"curies":[{"name":"wp","href":"https:\/\/api.w.org\/{rel}","templated":true}]}}