{"id":24324,"date":"2025-07-10T15:25:03","date_gmt":"2025-07-10T13:42:52","guid":{"rendered":"https:\/\/ibc.ee\/product\/botella-hdpe-500-ml-blanca-con-tapa-de-seguridad-para-ninos\/"},"modified":"2025-07-10T15:42:52","modified_gmt":"2025-07-10T13:42:52","slug":"botella-hdpe-500-ml-blanca-con-tapa-de-seguridad-para-ninos","status":"publish","type":"product","link":"https:\/\/ibc.ee\/es\/producto\/botella-hdpe-500-ml-blanca-con-tapa-de-seguridad-para-ninos\/","title":{"rendered":"Botella HDPE 500 ml blanca con tapa de seguridad para ni\u00f1os"},"content":{"rendered":"<p><strong>Usos comunes:<\/strong><br \/>\n&#8211; Productos qu\u00edmicos dom\u00e9sticos: detergentes, limpiadores, disolventes<br \/>\n&#8211; Farmac\u00e9uticos: jarabes, medicamentos l\u00edquidos (sin receta)<br \/>\n&#8211; Laboratorio: almacenamiento de muestras, dosificaci\u00f3n de l\u00edquidos<br \/>\n&#8211; Cosm\u00e9tica e higiene: champ\u00fas, lociones, geles<br \/>\n&#8211; Agricultura y jardiner\u00eda: fertilizantes l\u00edquidos, concentrados de pesticidas<br \/>\n&#8211; Manualidades y bricolaje: pinturas, adhesivos, tintas, aditivos<\/p>\n","protected":false},"excerpt":{"rendered":"<p>La botella de HDPE de 500 ml es un envase duradero, liviano y resistente a productos qu\u00edmicos, dise\u00f1ado para el almacenamiento y dispensado seguro de l\u00edquidos. Fabricada con polietileno de alta densidad (HDPE), es apta para uso alimentario, qu\u00edmicamente inerte y reciclable. <\/p>\n<p>Viene equipada con una tapa de seguridad a prueba de ni\u00f1os, que proporciona una capa adicional de protecci\u00f3n cuando se manipulan sustancias potencialmente peligrosas o delicadas.<\/p>\n","protected":false},"featured_media":24315,"template":"","meta":[],"product_brand":[],"product_cat":[380],"product_tag":[],"class_list":{"0":"post-24324","1":"product","2":"type-product","3":"status-publish","4":"has-post-thumbnail","6":"product_cat-tambores-y-latas","7":"product_shipping_class-omniva-es","9":"first","10":"instock","11":"taxable","12":"shipping-taxable","13":"purchasable","14":"product-type-simple"},"yoast_head":"<!-- This site is optimized with the Yoast SEO plugin v26.9 - https:\/\/yoast.com\/product\/yoast-seo-wordpress\/ -->\n<title>Botella HDPE 500 ml blanca con tapa de seguridad para ni\u00f1os - IBC konteineri m&uuml;&uuml;k, vaadid, kraanid, mahutid<\/title>\n<meta name=\"description\" content=\"La botella de HDPE de 500 ml es un envase duradero, liviano y resistente a productos qu\u00edmicos, dise\u00f1ado para el almacenamiento y dispensado seguro de l\u00edquidos.\" \/>\n<meta name=\"robots\" content=\"index, follow, max-snippet:-1, max-image-preview:large, max-video-preview:-1\" \/>\n<link rel=\"canonical\" href=\"https:\/\/ibc.ee\/es\/producto\/botella-hdpe-500-ml-blanca-con-tapa-de-seguridad-para-ninos\/\" \/>\n<meta property=\"og:locale\" content=\"es_ES\" \/>\n<meta property=\"og:type\" content=\"article\" \/>\n<meta property=\"og:title\" content=\"Botella HDPE 500 ml blanca con tapa de seguridad para ni\u00f1os - IBC konteineri m&uuml;&uuml;k, vaadid, kraanid, mahutid\" \/>\n<meta property=\"og:description\" content=\"La botella de HDPE de 500 ml es un envase duradero, liviano y resistente a productos qu\u00edmicos, dise\u00f1ado para el almacenamiento y dispensado seguro de l\u00edquidos.\" \/>\n<meta property=\"og:url\" content=\"https:\/\/ibc.ee\/es\/producto\/botella-hdpe-500-ml-blanca-con-tapa-de-seguridad-para-ninos\/\" \/>\n<meta property=\"og:site_name\" content=\"IBC konteineri m&uuml;&uuml;k, vaadid, kraanid, mahutid\" \/>\n<meta property=\"og:image\" content=\"https:\/\/ibc.ee\/wp-content\/uploads\/2025\/07\/HDPE-bottl-500ml.jpg\" \/>\n\t<meta property=\"og:image:width\" content=\"1000\" \/>\n\t<meta property=\"og:image:height\" content=\"1000\" \/>\n\t<meta property=\"og:image:type\" content=\"image\/jpeg\" \/>\n<meta name=\"twitter:card\" content=\"summary_large_image\" \/>\n<script type=\"application\/ld+json\" class=\"yoast-schema-graph\">{\"@context\":\"https:\/\/schema.org\",\"@graph\":[{\"@type\":\"WebPage\",\"@id\":\"https:\/\/ibc.ee\/es\/producto\/botella-hdpe-500-ml-blanca-con-tapa-de-seguridad-para-ninos\/\",\"url\":\"https:\/\/ibc.ee\/es\/producto\/botella-hdpe-500-ml-blanca-con-tapa-de-seguridad-para-ninos\/\",\"name\":\"Botella HDPE 500 ml blanca con tapa de seguridad para ni\u00f1os - IBC konteineri m&uuml;&uuml;k, vaadid, kraanid, mahutid\",\"isPartOf\":{\"@id\":\"https:\/\/www.ibc.ee\/es\/#website\"},\"primaryImageOfPage\":{\"@id\":\"https:\/\/ibc.ee\/es\/producto\/botella-hdpe-500-ml-blanca-con-tapa-de-seguridad-para-ninos\/#primaryimage\"},\"image\":{\"@id\":\"https:\/\/ibc.ee\/es\/producto\/botella-hdpe-500-ml-blanca-con-tapa-de-seguridad-para-ninos\/#primaryimage\"},\"thumbnailUrl\":\"https:\/\/ibc.ee\/wp-content\/uploads\/2025\/07\/HDPE-bottl-500ml.jpg\",\"datePublished\":\"2025-07-10T13:42:52+00:00\",\"description\":\"La botella de HDPE de 500 ml es un envase duradero, liviano y resistente a productos qu\u00edmicos, dise\u00f1ado para el almacenamiento y dispensado seguro de l\u00edquidos.\",\"breadcrumb\":{\"@id\":\"https:\/\/ibc.ee\/es\/producto\/botella-hdpe-500-ml-blanca-con-tapa-de-seguridad-para-ninos\/#breadcrumb\"},\"inLanguage\":\"es\",\"potentialAction\":[{\"@type\":\"ReadAction\",\"target\":[\"https:\/\/ibc.ee\/es\/producto\/botella-hdpe-500-ml-blanca-con-tapa-de-seguridad-para-ninos\/\"]}]},{\"@type\":\"ImageObject\",\"inLanguage\":\"es\",\"@id\":\"https:\/\/ibc.ee\/es\/producto\/botella-hdpe-500-ml-blanca-con-tapa-de-seguridad-para-ninos\/#primaryimage\",\"url\":\"https:\/\/ibc.ee\/wp-content\/uploads\/2025\/07\/HDPE-bottl-500ml.jpg\",\"contentUrl\":\"https:\/\/ibc.ee\/wp-content\/uploads\/2025\/07\/HDPE-bottl-500ml.jpg\",\"width\":1000,\"height\":1000,\"caption\":\"HDPE Bottle 500ml \u2013 with Child-Resistant Cap\"},{\"@type\":\"BreadcrumbList\",\"@id\":\"https:\/\/ibc.ee\/es\/producto\/botella-hdpe-500-ml-blanca-con-tapa-de-seguridad-para-ninos\/#breadcrumb\",\"itemListElement\":[{\"@type\":\"ListItem\",\"position\":1,\"name\":\"\u0413\u043b\u0430\u0432\u043d\u0430\u044f \u0441\u0442\u0440\u0430\u043d\u0438\u0446\u0430\",\"item\":\"https:\/\/www.ibc.ee\/es\/\"},{\"@type\":\"ListItem\",\"position\":2,\"name\":\"Tienda\",\"item\":\"https:\/\/www.ibc.ee\/es\/tienda\/\"},{\"@type\":\"ListItem\",\"position\":3,\"name\":\"Botella HDPE 500 ml blanca con tapa de seguridad para ni\u00f1os\"}]},{\"@type\":\"WebSite\",\"@id\":\"https:\/\/www.ibc.ee\/es\/#website\",\"url\":\"https:\/\/www.ibc.ee\/es\/\",\"name\":\"IBC konteineri m&uuml;&uuml;k, vaadid, kraanid, mahutid\",\"description\":\"IBC - Tank container valve, Adapters\\\\fittings, Intermediate bulk, container, Drums\/cans\",\"potentialAction\":[{\"@type\":\"SearchAction\",\"target\":{\"@type\":\"EntryPoint\",\"urlTemplate\":\"https:\/\/www.ibc.ee\/es\/?s={search_term_string}\"},\"query-input\":{\"@type\":\"PropertyValueSpecification\",\"valueRequired\":true,\"valueName\":\"search_term_string\"}}],\"inLanguage\":\"es\"}]}<\/script>\n<!-- \/ Yoast SEO plugin. -->","yoast_head_json":{"title":"Botella HDPE 500 ml blanca con tapa de seguridad para ni\u00f1os - IBC konteineri m&uuml;&uuml;k, vaadid, kraanid, mahutid","description":"La botella de HDPE de 500 ml es un envase duradero, liviano y resistente a productos qu\u00edmicos, dise\u00f1ado para el almacenamiento y dispensado seguro de l\u00edquidos.","robots":{"index":"index","follow":"follow","max-snippet":"max-snippet:-1","max-image-preview":"max-image-preview:large","max-video-preview":"max-video-preview:-1"},"canonical":"https:\/\/ibc.ee\/es\/producto\/botella-hdpe-500-ml-blanca-con-tapa-de-seguridad-para-ninos\/","og_locale":"es_ES","og_type":"article","og_title":"Botella HDPE 500 ml blanca con tapa de seguridad para ni\u00f1os - IBC konteineri m&uuml;&uuml;k, vaadid, kraanid, mahutid","og_description":"La botella de HDPE de 500 ml es un envase duradero, liviano y resistente a productos qu\u00edmicos, dise\u00f1ado para el almacenamiento y dispensado seguro de l\u00edquidos.","og_url":"https:\/\/ibc.ee\/es\/producto\/botella-hdpe-500-ml-blanca-con-tapa-de-seguridad-para-ninos\/","og_site_name":"IBC konteineri m&uuml;&uuml;k, vaadid, kraanid, mahutid","og_image":[{"width":1000,"height":1000,"url":"https:\/\/ibc.ee\/wp-content\/uploads\/2025\/07\/HDPE-bottl-500ml.jpg","type":"image\/jpeg"}],"twitter_card":"summary_large_image","schema":{"@context":"https:\/\/schema.org","@graph":[{"@type":"WebPage","@id":"https:\/\/ibc.ee\/es\/producto\/botella-hdpe-500-ml-blanca-con-tapa-de-seguridad-para-ninos\/","url":"https:\/\/ibc.ee\/es\/producto\/botella-hdpe-500-ml-blanca-con-tapa-de-seguridad-para-ninos\/","name":"Botella HDPE 500 ml blanca con tapa de seguridad para ni\u00f1os - IBC konteineri m&uuml;&uuml;k, vaadid, kraanid, mahutid","isPartOf":{"@id":"https:\/\/www.ibc.ee\/es\/#website"},"primaryImageOfPage":{"@id":"https:\/\/ibc.ee\/es\/producto\/botella-hdpe-500-ml-blanca-con-tapa-de-seguridad-para-ninos\/#primaryimage"},"image":{"@id":"https:\/\/ibc.ee\/es\/producto\/botella-hdpe-500-ml-blanca-con-tapa-de-seguridad-para-ninos\/#primaryimage"},"thumbnailUrl":"https:\/\/ibc.ee\/wp-content\/uploads\/2025\/07\/HDPE-bottl-500ml.jpg","datePublished":"2025-07-10T13:42:52+00:00","description":"La botella de HDPE de 500 ml es un envase duradero, liviano y resistente a productos qu\u00edmicos, dise\u00f1ado para el almacenamiento y dispensado seguro de l\u00edquidos.","breadcrumb":{"@id":"https:\/\/ibc.ee\/es\/producto\/botella-hdpe-500-ml-blanca-con-tapa-de-seguridad-para-ninos\/#breadcrumb"},"inLanguage":"es","potentialAction":[{"@type":"ReadAction","target":["https:\/\/ibc.ee\/es\/producto\/botella-hdpe-500-ml-blanca-con-tapa-de-seguridad-para-ninos\/"]}]},{"@type":"ImageObject","inLanguage":"es","@id":"https:\/\/ibc.ee\/es\/producto\/botella-hdpe-500-ml-blanca-con-tapa-de-seguridad-para-ninos\/#primaryimage","url":"https:\/\/ibc.ee\/wp-content\/uploads\/2025\/07\/HDPE-bottl-500ml.jpg","contentUrl":"https:\/\/ibc.ee\/wp-content\/uploads\/2025\/07\/HDPE-bottl-500ml.jpg","width":1000,"height":1000,"caption":"HDPE Bottle 500ml \u2013 with Child-Resistant Cap"},{"@type":"BreadcrumbList","@id":"https:\/\/ibc.ee\/es\/producto\/botella-hdpe-500-ml-blanca-con-tapa-de-seguridad-para-ninos\/#breadcrumb","itemListElement":[{"@type":"ListItem","position":1,"name":"\u0413\u043b\u0430\u0432\u043d\u0430\u044f \u0441\u0442\u0440\u0430\u043d\u0438\u0446\u0430","item":"https:\/\/www.ibc.ee\/es\/"},{"@type":"ListItem","position":2,"name":"Tienda","item":"https:\/\/www.ibc.ee\/es\/tienda\/"},{"@type":"ListItem","position":3,"name":"Botella HDPE 500 ml blanca con tapa de seguridad para ni\u00f1os"}]},{"@type":"WebSite","@id":"https:\/\/www.ibc.ee\/es\/#website","url":"https:\/\/www.ibc.ee\/es\/","name":"IBC konteineri m&uuml;&uuml;k, vaadid, kraanid, mahutid","description":"IBC - Tank container valve, Adapters\\fittings, Intermediate bulk, container, Drums\/cans","potentialAction":[{"@type":"SearchAction","target":{"@type":"EntryPoint","urlTemplate":"https:\/\/www.ibc.ee\/es\/?s={search_term_string}"},"query-input":{"@type":"PropertyValueSpecification","valueRequired":true,"valueName":"search_term_string"}}],"inLanguage":"es"}]}},"_links":{"self":[{"href":"https:\/\/ibc.ee\/es\/wp-json\/wp\/v2\/product\/24324","targetHints":{"allow":["GET"]}}],"collection":[{"href":"https:\/\/ibc.ee\/es\/wp-json\/wp\/v2\/product"}],"about":[{"href":"https:\/\/ibc.ee\/es\/wp-json\/wp\/v2\/types\/product"}],"wp:featuredmedia":[{"embeddable":true,"href":"https:\/\/ibc.ee\/es\/wp-json\/wp\/v2\/media\/24315"}],"wp:attachment":[{"href":"https:\/\/ibc.ee\/es\/wp-json\/wp\/v2\/media?parent=24324"}],"wp:term":[{"taxonomy":"product_brand","embeddable":true,"href":"https:\/\/ibc.ee\/es\/wp-json\/wp\/v2\/product_brand?post=24324"},{"taxonomy":"product_cat","embeddable":true,"href":"https:\/\/ibc.ee\/es\/wp-json\/wp\/v2\/product_cat?post=24324"},{"taxonomy":"product_tag","embeddable":true,"href":"https:\/\/ibc.ee\/es\/wp-json\/wp\/v2\/product_tag?post=24324"}],"curies":[{"name":"wp","href":"https:\/\/api.w.org\/{rel}","templated":true}]}}