{"id":24437,"date":"2025-07-15T08:36:31","date_gmt":"2025-07-15T07:07:39","guid":{"rendered":"https:\/\/ibc.ee\/product\/bidon-de-plastico-hdpe-de-10l-con-pico-roscado\/"},"modified":"2025-07-15T09:07:39","modified_gmt":"2025-07-15T07:07:39","slug":"bidon-de-plastico-hdpe-de-10l-con-pico-roscado","status":"publish","type":"product","link":"https:\/\/ibc.ee\/es\/producto\/bidon-de-plastico-hdpe-de-10l-con-pico-roscado\/","title":{"rendered":"Bid\u00f3n de pl\u00e1stico HDPE de 10L con pico roscado"},"content":{"rendered":"<p><strong>Especificaciones:<\/strong><br \/>\n&#8211; Volumen: 10 litros<br \/>\n&#8211; Di\u00e1metro de la boca: 40 mm<br \/>\n&#8211; Dimensiones: Altura 300 mm \u00d7 Ancho 150 mm \u00d7 Largo 280 mm<br \/>\n&#8211; Material: HDPE (polietileno de alta densidad)<br \/>\n&#8211; Color: Blanco o semitransparente (puede variar)<br \/>\n&#8211; Incluye: Pico vertedor roscado \/ alargador<\/p>\n<p><strong>Usos comunes:<\/strong><br \/>\n&#8211; Qu\u00edmicos: productos de limpieza, l\u00edquidos industriales no corrosivos<br \/>\n&#8211; Automoci\u00f3n: anticongelante, l\u00edquido limpiaparabrisas, lubricantes<br \/>\n&#8211; Agricultura: fertilizantes l\u00edquidos, pesticidas, soluciones para riego<br \/>\n&#8211; Camping y exteriores: agua t\u00e9cnica o aguas grises<br \/>\n&#8211; Hogar y bricolaje: pinturas, adhesivos, agua para hidrolimpiadoras<br \/>\n&#8211; Construcci\u00f3n: aditivos, imprimaciones, selladores<\/p>\n","protected":false},"excerpt":{"rendered":"<p>Este bid\u00f3n de 10 litros est\u00e1 dise\u00f1ado para un vertido c\u00f3modo y controlado de l\u00edquidos. Dispone de una boca de 40\u202fmm de di\u00e1metro y un pico vertedor roscado desmontable, que permite una dosificaci\u00f3n precisa y sin derrames. Fabricado en polietileno de alta densidad (HDPE), ofrece excelente resistencia qu\u00edmica y durabilidad, ideal para usos t\u00e9cnicos, agr\u00edcolas y dom\u00e9sticos. <\/p>\n","protected":false},"featured_media":24428,"template":"","meta":[],"product_brand":[],"product_cat":[380],"product_tag":[],"class_list":{"0":"post-24437","1":"product","2":"type-product","3":"status-publish","4":"has-post-thumbnail","6":"product_cat-tambores-y-latas","7":"product_shipping_class-omniva-es","9":"first","10":"instock","11":"taxable","12":"shipping-taxable","13":"product-type-simple"},"yoast_head":"<!-- This site is optimized with the Yoast SEO plugin v26.9 - https:\/\/yoast.com\/product\/yoast-seo-wordpress\/ -->\n<title>Bid\u00f3n de pl\u00e1stico HDPE de 10L con pico roscado - IBC konteineri m&uuml;&uuml;k, vaadid, kraanid, mahutid<\/title>\n<meta name=\"description\" content=\"Este bid\u00f3n de 10 litros est\u00e1 dise\u00f1ado para un vertido c\u00f3modo y controlado de l\u00edquidos.\" \/>\n<meta name=\"robots\" content=\"index, follow, max-snippet:-1, max-image-preview:large, max-video-preview:-1\" \/>\n<link rel=\"canonical\" href=\"https:\/\/ibc.ee\/es\/producto\/bidon-de-plastico-hdpe-de-10l-con-pico-roscado\/\" \/>\n<meta property=\"og:locale\" content=\"es_ES\" \/>\n<meta property=\"og:type\" content=\"article\" \/>\n<meta property=\"og:title\" content=\"Bid\u00f3n de pl\u00e1stico HDPE de 10L con pico roscado - IBC konteineri m&uuml;&uuml;k, vaadid, kraanid, mahutid\" \/>\n<meta property=\"og:description\" content=\"Este bid\u00f3n de 10 litros est\u00e1 dise\u00f1ado para un vertido c\u00f3modo y controlado de l\u00edquidos.\" \/>\n<meta property=\"og:url\" content=\"https:\/\/ibc.ee\/es\/producto\/bidon-de-plastico-hdpe-de-10l-con-pico-roscado\/\" \/>\n<meta property=\"og:site_name\" content=\"IBC konteineri m&uuml;&uuml;k, vaadid, kraanid, mahutid\" \/>\n<meta property=\"og:image\" content=\"https:\/\/ibc.ee\/wp-content\/uploads\/2025\/07\/10L-HDPE-plastkanister-keeratava-valamisavaga.jpg\" \/>\n\t<meta property=\"og:image:width\" content=\"1000\" \/>\n\t<meta property=\"og:image:height\" content=\"1000\" \/>\n\t<meta property=\"og:image:type\" content=\"image\/jpeg\" \/>\n<meta name=\"twitter:card\" content=\"summary_large_image\" \/>\n<script type=\"application\/ld+json\" class=\"yoast-schema-graph\">{\"@context\":\"https:\/\/schema.org\",\"@graph\":[{\"@type\":\"WebPage\",\"@id\":\"https:\/\/ibc.ee\/es\/producto\/bidon-de-plastico-hdpe-de-10l-con-pico-roscado\/\",\"url\":\"https:\/\/ibc.ee\/es\/producto\/bidon-de-plastico-hdpe-de-10l-con-pico-roscado\/\",\"name\":\"Bid\u00f3n de pl\u00e1stico HDPE de 10L con pico roscado - IBC konteineri m&uuml;&uuml;k, vaadid, kraanid, mahutid\",\"isPartOf\":{\"@id\":\"https:\/\/www.ibc.ee\/es\/#website\"},\"primaryImageOfPage\":{\"@id\":\"https:\/\/ibc.ee\/es\/producto\/bidon-de-plastico-hdpe-de-10l-con-pico-roscado\/#primaryimage\"},\"image\":{\"@id\":\"https:\/\/ibc.ee\/es\/producto\/bidon-de-plastico-hdpe-de-10l-con-pico-roscado\/#primaryimage\"},\"thumbnailUrl\":\"https:\/\/ibc.ee\/wp-content\/uploads\/2025\/07\/10L-HDPE-plastkanister-keeratava-valamisavaga.jpg\",\"datePublished\":\"2025-07-15T07:07:39+00:00\",\"description\":\"Este bid\u00f3n de 10 litros est\u00e1 dise\u00f1ado para un vertido c\u00f3modo y controlado de l\u00edquidos.\",\"breadcrumb\":{\"@id\":\"https:\/\/ibc.ee\/es\/producto\/bidon-de-plastico-hdpe-de-10l-con-pico-roscado\/#breadcrumb\"},\"inLanguage\":\"es\",\"potentialAction\":[{\"@type\":\"ReadAction\",\"target\":[\"https:\/\/ibc.ee\/es\/producto\/bidon-de-plastico-hdpe-de-10l-con-pico-roscado\/\"]}]},{\"@type\":\"ImageObject\",\"inLanguage\":\"es\",\"@id\":\"https:\/\/ibc.ee\/es\/producto\/bidon-de-plastico-hdpe-de-10l-con-pico-roscado\/#primaryimage\",\"url\":\"https:\/\/ibc.ee\/wp-content\/uploads\/2025\/07\/10L-HDPE-plastkanister-keeratava-valamisavaga.jpg\",\"contentUrl\":\"https:\/\/ibc.ee\/wp-content\/uploads\/2025\/07\/10L-HDPE-plastkanister-keeratava-valamisavaga.jpg\",\"width\":1000,\"height\":1000,\"caption\":\"10L HDPE Plastic Jerry Can with Screw-On Pour Spout\"},{\"@type\":\"BreadcrumbList\",\"@id\":\"https:\/\/ibc.ee\/es\/producto\/bidon-de-plastico-hdpe-de-10l-con-pico-roscado\/#breadcrumb\",\"itemListElement\":[{\"@type\":\"ListItem\",\"position\":1,\"name\":\"\u0413\u043b\u0430\u0432\u043d\u0430\u044f \u0441\u0442\u0440\u0430\u043d\u0438\u0446\u0430\",\"item\":\"https:\/\/www.ibc.ee\/es\/\"},{\"@type\":\"ListItem\",\"position\":2,\"name\":\"Tienda\",\"item\":\"https:\/\/www.ibc.ee\/es\/tienda\/\"},{\"@type\":\"ListItem\",\"position\":3,\"name\":\"Bid\u00f3n de pl\u00e1stico HDPE de 10L con pico roscado\"}]},{\"@type\":\"WebSite\",\"@id\":\"https:\/\/www.ibc.ee\/es\/#website\",\"url\":\"https:\/\/www.ibc.ee\/es\/\",\"name\":\"IBC konteineri m&uuml;&uuml;k, vaadid, kraanid, mahutid\",\"description\":\"IBC - Tank container valve, Adapters\\\\fittings, Intermediate bulk, container, Drums\/cans\",\"potentialAction\":[{\"@type\":\"SearchAction\",\"target\":{\"@type\":\"EntryPoint\",\"urlTemplate\":\"https:\/\/www.ibc.ee\/es\/?s={search_term_string}\"},\"query-input\":{\"@type\":\"PropertyValueSpecification\",\"valueRequired\":true,\"valueName\":\"search_term_string\"}}],\"inLanguage\":\"es\"}]}<\/script>\n<!-- \/ Yoast SEO plugin. -->","yoast_head_json":{"title":"Bid\u00f3n de pl\u00e1stico HDPE de 10L con pico roscado - IBC konteineri m&uuml;&uuml;k, vaadid, kraanid, mahutid","description":"Este bid\u00f3n de 10 litros est\u00e1 dise\u00f1ado para un vertido c\u00f3modo y controlado de l\u00edquidos.","robots":{"index":"index","follow":"follow","max-snippet":"max-snippet:-1","max-image-preview":"max-image-preview:large","max-video-preview":"max-video-preview:-1"},"canonical":"https:\/\/ibc.ee\/es\/producto\/bidon-de-plastico-hdpe-de-10l-con-pico-roscado\/","og_locale":"es_ES","og_type":"article","og_title":"Bid\u00f3n de pl\u00e1stico HDPE de 10L con pico roscado - IBC konteineri m&uuml;&uuml;k, vaadid, kraanid, mahutid","og_description":"Este bid\u00f3n de 10 litros est\u00e1 dise\u00f1ado para un vertido c\u00f3modo y controlado de l\u00edquidos.","og_url":"https:\/\/ibc.ee\/es\/producto\/bidon-de-plastico-hdpe-de-10l-con-pico-roscado\/","og_site_name":"IBC konteineri m&uuml;&uuml;k, vaadid, kraanid, mahutid","og_image":[{"width":1000,"height":1000,"url":"https:\/\/ibc.ee\/wp-content\/uploads\/2025\/07\/10L-HDPE-plastkanister-keeratava-valamisavaga.jpg","type":"image\/jpeg"}],"twitter_card":"summary_large_image","schema":{"@context":"https:\/\/schema.org","@graph":[{"@type":"WebPage","@id":"https:\/\/ibc.ee\/es\/producto\/bidon-de-plastico-hdpe-de-10l-con-pico-roscado\/","url":"https:\/\/ibc.ee\/es\/producto\/bidon-de-plastico-hdpe-de-10l-con-pico-roscado\/","name":"Bid\u00f3n de pl\u00e1stico HDPE de 10L con pico roscado - IBC konteineri m&uuml;&uuml;k, vaadid, kraanid, mahutid","isPartOf":{"@id":"https:\/\/www.ibc.ee\/es\/#website"},"primaryImageOfPage":{"@id":"https:\/\/ibc.ee\/es\/producto\/bidon-de-plastico-hdpe-de-10l-con-pico-roscado\/#primaryimage"},"image":{"@id":"https:\/\/ibc.ee\/es\/producto\/bidon-de-plastico-hdpe-de-10l-con-pico-roscado\/#primaryimage"},"thumbnailUrl":"https:\/\/ibc.ee\/wp-content\/uploads\/2025\/07\/10L-HDPE-plastkanister-keeratava-valamisavaga.jpg","datePublished":"2025-07-15T07:07:39+00:00","description":"Este bid\u00f3n de 10 litros est\u00e1 dise\u00f1ado para un vertido c\u00f3modo y controlado de l\u00edquidos.","breadcrumb":{"@id":"https:\/\/ibc.ee\/es\/producto\/bidon-de-plastico-hdpe-de-10l-con-pico-roscado\/#breadcrumb"},"inLanguage":"es","potentialAction":[{"@type":"ReadAction","target":["https:\/\/ibc.ee\/es\/producto\/bidon-de-plastico-hdpe-de-10l-con-pico-roscado\/"]}]},{"@type":"ImageObject","inLanguage":"es","@id":"https:\/\/ibc.ee\/es\/producto\/bidon-de-plastico-hdpe-de-10l-con-pico-roscado\/#primaryimage","url":"https:\/\/ibc.ee\/wp-content\/uploads\/2025\/07\/10L-HDPE-plastkanister-keeratava-valamisavaga.jpg","contentUrl":"https:\/\/ibc.ee\/wp-content\/uploads\/2025\/07\/10L-HDPE-plastkanister-keeratava-valamisavaga.jpg","width":1000,"height":1000,"caption":"10L HDPE Plastic Jerry Can with Screw-On Pour Spout"},{"@type":"BreadcrumbList","@id":"https:\/\/ibc.ee\/es\/producto\/bidon-de-plastico-hdpe-de-10l-con-pico-roscado\/#breadcrumb","itemListElement":[{"@type":"ListItem","position":1,"name":"\u0413\u043b\u0430\u0432\u043d\u0430\u044f \u0441\u0442\u0440\u0430\u043d\u0438\u0446\u0430","item":"https:\/\/www.ibc.ee\/es\/"},{"@type":"ListItem","position":2,"name":"Tienda","item":"https:\/\/www.ibc.ee\/es\/tienda\/"},{"@type":"ListItem","position":3,"name":"Bid\u00f3n de pl\u00e1stico HDPE de 10L con pico roscado"}]},{"@type":"WebSite","@id":"https:\/\/www.ibc.ee\/es\/#website","url":"https:\/\/www.ibc.ee\/es\/","name":"IBC konteineri m&uuml;&uuml;k, vaadid, kraanid, mahutid","description":"IBC - Tank container valve, Adapters\\fittings, Intermediate bulk, container, Drums\/cans","potentialAction":[{"@type":"SearchAction","target":{"@type":"EntryPoint","urlTemplate":"https:\/\/www.ibc.ee\/es\/?s={search_term_string}"},"query-input":{"@type":"PropertyValueSpecification","valueRequired":true,"valueName":"search_term_string"}}],"inLanguage":"es"}]}},"_links":{"self":[{"href":"https:\/\/ibc.ee\/es\/wp-json\/wp\/v2\/product\/24437","targetHints":{"allow":["GET"]}}],"collection":[{"href":"https:\/\/ibc.ee\/es\/wp-json\/wp\/v2\/product"}],"about":[{"href":"https:\/\/ibc.ee\/es\/wp-json\/wp\/v2\/types\/product"}],"wp:featuredmedia":[{"embeddable":true,"href":"https:\/\/ibc.ee\/es\/wp-json\/wp\/v2\/media\/24428"}],"wp:attachment":[{"href":"https:\/\/ibc.ee\/es\/wp-json\/wp\/v2\/media?parent=24437"}],"wp:term":[{"taxonomy":"product_brand","embeddable":true,"href":"https:\/\/ibc.ee\/es\/wp-json\/wp\/v2\/product_brand?post=24437"},{"taxonomy":"product_cat","embeddable":true,"href":"https:\/\/ibc.ee\/es\/wp-json\/wp\/v2\/product_cat?post=24437"},{"taxonomy":"product_tag","embeddable":true,"href":"https:\/\/ibc.ee\/es\/wp-json\/wp\/v2\/product_tag?post=24437"}],"curies":[{"name":"wp","href":"https:\/\/api.w.org\/{rel}","templated":true}]}}