{"id":24474,"date":"2025-07-15T15:11:12","date_gmt":"2025-07-15T13:22:53","guid":{"rendered":"https:\/\/ibc.ee\/product\/botella-de-plastico-hdpe-1l-cuello-ancho-o40-mm\/"},"modified":"2025-07-15T15:22:53","modified_gmt":"2025-07-15T13:22:53","slug":"botella-de-plastico-hdpe-1l-cuello-ancho-o40-mm","status":"publish","type":"product","link":"https:\/\/ibc.ee\/es\/producto\/botella-de-plastico-hdpe-1l-cuello-ancho-o40-mm\/","title":{"rendered":"Botella de Pl\u00e1stico HDPE 1L \u2013 Cuello Ancho (\u00d840\u202fmm)"},"content":{"rendered":"<p><strong>Especificaciones:<\/strong><br \/>\n&#8211; Volumen: 1 litro<br \/>\n&#8211; Di\u00e1metro del cuello: 40 mm (rosca)<br \/>\n&#8211; Di\u00e1metro de la botella: 85 mm<br \/>\n&#8211; Altura: 244 mm<br \/>\n&#8211; Material: HDPE (polietileno de alta densidad)<br \/>\n&#8211; Color: Natural (semitransparente), otros colores disponibles<br \/>\n&#8211; Tapa: Compatible con tapas de rosca est\u00e1ndar, tapas a prueba de ni\u00f1os, dosificadores o boquillas (no incluida)<\/p>\n<p><strong>Usos Comunes:<\/strong><br \/>\n&#8211; Productos qu\u00edmicos: detergentes, desengrasantes, desinfectantes<br \/>\n&#8211; Automoci\u00f3n: anticongelante, limpiaparabrisas, aditivos<br \/>\n&#8211; Cosm\u00e9tica e higiene: jab\u00f3n l\u00edquido, champ\u00fa, loci\u00f3n, gel desinfectante<br \/>\n&#8211; Agricultura: fertilizantes l\u00edquidos, nutrientes foliares, extractos vegetales<br \/>\n&#8211; Construcci\u00f3n y bricolaje: imprimaciones, selladores, productos base agua<br \/>\n&#8211; Laboratorios y muestreo: almacenamiento y dosificaci\u00f3n precisa de l\u00edquidos<\/p>\n","protected":false},"excerpt":{"rendered":"<p>Esta botella de 1 litro, fabricada con polietileno de alta densidad (HDPE), es ligera, resistente a los golpes y perfecta para el almacenamiento y dosificaci\u00f3n de l\u00edquidos y productos semil\u00edquidos. Su cuello ancho de 40\u202fmm con rosca permite un llenado f\u00e1cil, vertido c\u00f3modo y compatibilidad con bombas o tapones dosificadores. El color natural (semitransparente) facilita el control visual del nivel de l\u00edquido. Disponible en otros colores bajo pedido.   <\/p>\n","protected":false},"featured_media":24466,"template":"","meta":[],"product_brand":[],"product_cat":[380],"product_tag":[],"class_list":{"0":"post-24474","1":"product","2":"type-product","3":"status-publish","4":"has-post-thumbnail","6":"product_cat-tambores-y-latas","7":"product_shipping_class-omniva-es","9":"first","10":"instock","11":"taxable","12":"shipping-taxable","13":"product-type-simple"},"yoast_head":"<!-- This site is optimized with the Yoast SEO plugin v26.9 - https:\/\/yoast.com\/product\/yoast-seo-wordpress\/ -->\n<title>Botella de Pl\u00e1stico HDPE 1L \u2013 Cuello Ancho (\u00d840\u202fmm) - IBC konteineri m&uuml;&uuml;k, vaadid, kraanid, mahutid<\/title>\n<meta name=\"description\" content=\"Esta botella de 1 litro, fabricada con polietileno de alta densidad (HDPE), es ligera, resistente a los golpes y perfecta para el almacenamiento y dosificaci\u00f3n de l\u00edquidos y productos semil\u00edquidos.\" \/>\n<meta name=\"robots\" content=\"index, follow, max-snippet:-1, max-image-preview:large, max-video-preview:-1\" \/>\n<link rel=\"canonical\" href=\"https:\/\/ibc.ee\/es\/producto\/botella-de-plastico-hdpe-1l-cuello-ancho-o40-mm\/\" \/>\n<meta property=\"og:locale\" content=\"es_ES\" \/>\n<meta property=\"og:type\" content=\"article\" \/>\n<meta property=\"og:title\" content=\"Botella de Pl\u00e1stico HDPE 1L \u2013 Cuello Ancho (\u00d840\u202fmm) - IBC konteineri m&uuml;&uuml;k, vaadid, kraanid, mahutid\" \/>\n<meta property=\"og:description\" content=\"Esta botella de 1 litro, fabricada con polietileno de alta densidad (HDPE), es ligera, resistente a los golpes y perfecta para el almacenamiento y dosificaci\u00f3n de l\u00edquidos y productos semil\u00edquidos.\" \/>\n<meta property=\"og:url\" content=\"https:\/\/ibc.ee\/es\/producto\/botella-de-plastico-hdpe-1l-cuello-ancho-o40-mm\/\" \/>\n<meta property=\"og:site_name\" content=\"IBC konteineri m&uuml;&uuml;k, vaadid, kraanid, mahutid\" \/>\n<meta property=\"og:image\" content=\"https:\/\/ibc.ee\/wp-content\/uploads\/2025\/07\/1L-HDPE-plastpudel-laia-kaelaga.jpg\" \/>\n\t<meta property=\"og:image:width\" content=\"1000\" \/>\n\t<meta property=\"og:image:height\" content=\"1000\" \/>\n\t<meta property=\"og:image:type\" content=\"image\/jpeg\" \/>\n<meta name=\"twitter:card\" content=\"summary_large_image\" \/>\n<meta name=\"twitter:label1\" content=\"Tiempo de lectura\" \/>\n\t<meta name=\"twitter:data1\" content=\"1 minuto\" \/>\n<script type=\"application\/ld+json\" class=\"yoast-schema-graph\">{\"@context\":\"https:\/\/schema.org\",\"@graph\":[{\"@type\":\"WebPage\",\"@id\":\"https:\/\/ibc.ee\/es\/producto\/botella-de-plastico-hdpe-1l-cuello-ancho-o40-mm\/\",\"url\":\"https:\/\/ibc.ee\/es\/producto\/botella-de-plastico-hdpe-1l-cuello-ancho-o40-mm\/\",\"name\":\"Botella de Pl\u00e1stico HDPE 1L \u2013 Cuello Ancho (\u00d840\u202fmm) - IBC konteineri m&uuml;&uuml;k, vaadid, kraanid, mahutid\",\"isPartOf\":{\"@id\":\"https:\/\/ibc.ee\/es\/#website\"},\"primaryImageOfPage\":{\"@id\":\"https:\/\/ibc.ee\/es\/producto\/botella-de-plastico-hdpe-1l-cuello-ancho-o40-mm\/#primaryimage\"},\"image\":{\"@id\":\"https:\/\/ibc.ee\/es\/producto\/botella-de-plastico-hdpe-1l-cuello-ancho-o40-mm\/#primaryimage\"},\"thumbnailUrl\":\"https:\/\/ibc.ee\/wp-content\/uploads\/2025\/07\/1L-HDPE-plastpudel-laia-kaelaga.jpg\",\"datePublished\":\"2025-07-15T13:22:53+00:00\",\"description\":\"Esta botella de 1 litro, fabricada con polietileno de alta densidad (HDPE), es ligera, resistente a los golpes y perfecta para el almacenamiento y dosificaci\u00f3n de l\u00edquidos y productos semil\u00edquidos.\",\"breadcrumb\":{\"@id\":\"https:\/\/ibc.ee\/es\/producto\/botella-de-plastico-hdpe-1l-cuello-ancho-o40-mm\/#breadcrumb\"},\"inLanguage\":\"es\",\"potentialAction\":[{\"@type\":\"ReadAction\",\"target\":[\"https:\/\/ibc.ee\/es\/producto\/botella-de-plastico-hdpe-1l-cuello-ancho-o40-mm\/\"]}]},{\"@type\":\"ImageObject\",\"inLanguage\":\"es\",\"@id\":\"https:\/\/ibc.ee\/es\/producto\/botella-de-plastico-hdpe-1l-cuello-ancho-o40-mm\/#primaryimage\",\"url\":\"https:\/\/ibc.ee\/wp-content\/uploads\/2025\/07\/1L-HDPE-plastpudel-laia-kaelaga.jpg\",\"contentUrl\":\"https:\/\/ibc.ee\/wp-content\/uploads\/2025\/07\/1L-HDPE-plastpudel-laia-kaelaga.jpg\",\"width\":1000,\"height\":1000,\"caption\":\"1L HDPE Plastic Bottle \u2013 Wide Neck (\u00d840mm)\"},{\"@type\":\"BreadcrumbList\",\"@id\":\"https:\/\/ibc.ee\/es\/producto\/botella-de-plastico-hdpe-1l-cuello-ancho-o40-mm\/#breadcrumb\",\"itemListElement\":[{\"@type\":\"ListItem\",\"position\":1,\"name\":\"\u0413\u043b\u0430\u0432\u043d\u0430\u044f \u0441\u0442\u0440\u0430\u043d\u0438\u0446\u0430\",\"item\":\"https:\/\/ibc.ee\/es\/\"},{\"@type\":\"ListItem\",\"position\":2,\"name\":\"Tienda\",\"item\":\"https:\/\/ibc.ee\/es\/tienda\/\"},{\"@type\":\"ListItem\",\"position\":3,\"name\":\"Botella de Pl\u00e1stico HDPE 1L \u2013 Cuello Ancho (\u00d840\u202fmm)\"}]},{\"@type\":\"WebSite\",\"@id\":\"https:\/\/ibc.ee\/es\/#website\",\"url\":\"https:\/\/ibc.ee\/es\/\",\"name\":\"IBC konteineri m&uuml;&uuml;k, vaadid, kraanid, mahutid\",\"description\":\"IBC - Tank container valve, Adapters\\\\fittings, Intermediate bulk, container, Drums\/cans\",\"potentialAction\":[{\"@type\":\"SearchAction\",\"target\":{\"@type\":\"EntryPoint\",\"urlTemplate\":\"https:\/\/ibc.ee\/es\/?s={search_term_string}\"},\"query-input\":{\"@type\":\"PropertyValueSpecification\",\"valueRequired\":true,\"valueName\":\"search_term_string\"}}],\"inLanguage\":\"es\"}]}<\/script>\n<!-- \/ Yoast SEO plugin. -->","yoast_head_json":{"title":"Botella de Pl\u00e1stico HDPE 1L \u2013 Cuello Ancho (\u00d840\u202fmm) - IBC konteineri m&uuml;&uuml;k, vaadid, kraanid, mahutid","description":"Esta botella de 1 litro, fabricada con polietileno de alta densidad (HDPE), es ligera, resistente a los golpes y perfecta para el almacenamiento y dosificaci\u00f3n de l\u00edquidos y productos semil\u00edquidos.","robots":{"index":"index","follow":"follow","max-snippet":"max-snippet:-1","max-image-preview":"max-image-preview:large","max-video-preview":"max-video-preview:-1"},"canonical":"https:\/\/ibc.ee\/es\/producto\/botella-de-plastico-hdpe-1l-cuello-ancho-o40-mm\/","og_locale":"es_ES","og_type":"article","og_title":"Botella de Pl\u00e1stico HDPE 1L \u2013 Cuello Ancho (\u00d840\u202fmm) - IBC konteineri m&uuml;&uuml;k, vaadid, kraanid, mahutid","og_description":"Esta botella de 1 litro, fabricada con polietileno de alta densidad (HDPE), es ligera, resistente a los golpes y perfecta para el almacenamiento y dosificaci\u00f3n de l\u00edquidos y productos semil\u00edquidos.","og_url":"https:\/\/ibc.ee\/es\/producto\/botella-de-plastico-hdpe-1l-cuello-ancho-o40-mm\/","og_site_name":"IBC konteineri m&uuml;&uuml;k, vaadid, kraanid, mahutid","og_image":[{"width":1000,"height":1000,"url":"https:\/\/ibc.ee\/wp-content\/uploads\/2025\/07\/1L-HDPE-plastpudel-laia-kaelaga.jpg","type":"image\/jpeg"}],"twitter_card":"summary_large_image","twitter_misc":{"Tiempo de lectura":"1 minuto"},"schema":{"@context":"https:\/\/schema.org","@graph":[{"@type":"WebPage","@id":"https:\/\/ibc.ee\/es\/producto\/botella-de-plastico-hdpe-1l-cuello-ancho-o40-mm\/","url":"https:\/\/ibc.ee\/es\/producto\/botella-de-plastico-hdpe-1l-cuello-ancho-o40-mm\/","name":"Botella de Pl\u00e1stico HDPE 1L \u2013 Cuello Ancho (\u00d840\u202fmm) - IBC konteineri m&uuml;&uuml;k, vaadid, kraanid, mahutid","isPartOf":{"@id":"https:\/\/ibc.ee\/es\/#website"},"primaryImageOfPage":{"@id":"https:\/\/ibc.ee\/es\/producto\/botella-de-plastico-hdpe-1l-cuello-ancho-o40-mm\/#primaryimage"},"image":{"@id":"https:\/\/ibc.ee\/es\/producto\/botella-de-plastico-hdpe-1l-cuello-ancho-o40-mm\/#primaryimage"},"thumbnailUrl":"https:\/\/ibc.ee\/wp-content\/uploads\/2025\/07\/1L-HDPE-plastpudel-laia-kaelaga.jpg","datePublished":"2025-07-15T13:22:53+00:00","description":"Esta botella de 1 litro, fabricada con polietileno de alta densidad (HDPE), es ligera, resistente a los golpes y perfecta para el almacenamiento y dosificaci\u00f3n de l\u00edquidos y productos semil\u00edquidos.","breadcrumb":{"@id":"https:\/\/ibc.ee\/es\/producto\/botella-de-plastico-hdpe-1l-cuello-ancho-o40-mm\/#breadcrumb"},"inLanguage":"es","potentialAction":[{"@type":"ReadAction","target":["https:\/\/ibc.ee\/es\/producto\/botella-de-plastico-hdpe-1l-cuello-ancho-o40-mm\/"]}]},{"@type":"ImageObject","inLanguage":"es","@id":"https:\/\/ibc.ee\/es\/producto\/botella-de-plastico-hdpe-1l-cuello-ancho-o40-mm\/#primaryimage","url":"https:\/\/ibc.ee\/wp-content\/uploads\/2025\/07\/1L-HDPE-plastpudel-laia-kaelaga.jpg","contentUrl":"https:\/\/ibc.ee\/wp-content\/uploads\/2025\/07\/1L-HDPE-plastpudel-laia-kaelaga.jpg","width":1000,"height":1000,"caption":"1L HDPE Plastic Bottle \u2013 Wide Neck (\u00d840mm)"},{"@type":"BreadcrumbList","@id":"https:\/\/ibc.ee\/es\/producto\/botella-de-plastico-hdpe-1l-cuello-ancho-o40-mm\/#breadcrumb","itemListElement":[{"@type":"ListItem","position":1,"name":"\u0413\u043b\u0430\u0432\u043d\u0430\u044f \u0441\u0442\u0440\u0430\u043d\u0438\u0446\u0430","item":"https:\/\/ibc.ee\/es\/"},{"@type":"ListItem","position":2,"name":"Tienda","item":"https:\/\/ibc.ee\/es\/tienda\/"},{"@type":"ListItem","position":3,"name":"Botella de Pl\u00e1stico HDPE 1L \u2013 Cuello Ancho (\u00d840\u202fmm)"}]},{"@type":"WebSite","@id":"https:\/\/ibc.ee\/es\/#website","url":"https:\/\/ibc.ee\/es\/","name":"IBC konteineri m&uuml;&uuml;k, vaadid, kraanid, mahutid","description":"IBC - Tank container valve, Adapters\\fittings, Intermediate bulk, container, Drums\/cans","potentialAction":[{"@type":"SearchAction","target":{"@type":"EntryPoint","urlTemplate":"https:\/\/ibc.ee\/es\/?s={search_term_string}"},"query-input":{"@type":"PropertyValueSpecification","valueRequired":true,"valueName":"search_term_string"}}],"inLanguage":"es"}]}},"_links":{"self":[{"href":"https:\/\/ibc.ee\/es\/wp-json\/wp\/v2\/product\/24474","targetHints":{"allow":["GET"]}}],"collection":[{"href":"https:\/\/ibc.ee\/es\/wp-json\/wp\/v2\/product"}],"about":[{"href":"https:\/\/ibc.ee\/es\/wp-json\/wp\/v2\/types\/product"}],"wp:featuredmedia":[{"embeddable":true,"href":"https:\/\/ibc.ee\/es\/wp-json\/wp\/v2\/media\/24466"}],"wp:attachment":[{"href":"https:\/\/ibc.ee\/es\/wp-json\/wp\/v2\/media?parent=24474"}],"wp:term":[{"taxonomy":"product_brand","embeddable":true,"href":"https:\/\/ibc.ee\/es\/wp-json\/wp\/v2\/product_brand?post=24474"},{"taxonomy":"product_cat","embeddable":true,"href":"https:\/\/ibc.ee\/es\/wp-json\/wp\/v2\/product_cat?post=24474"},{"taxonomy":"product_tag","embeddable":true,"href":"https:\/\/ibc.ee\/es\/wp-json\/wp\/v2\/product_tag?post=24474"}],"curies":[{"name":"wp","href":"https:\/\/api.w.org\/{rel}","templated":true}]}}