{"id":24503,"date":"2025-08-05T14:57:09","date_gmt":"2025-08-05T12:57:10","guid":{"rendered":"https:\/\/ibc.ee\/?post_type=product&#038;p=24503"},"modified":"2025-08-08T10:12:34","modified_gmt":"2025-08-08T08:12:34","slug":"barril-metalico-esmaltado-de-200-l-reacondicionado-con-tapa-desmontable","status":"publish","type":"product","link":"https:\/\/ibc.ee\/es\/producto\/barril-metalico-esmaltado-de-200-l-reacondicionado-con-tapa-desmontable\/","title":{"rendered":"Barril met\u00e1lico esmaltado de 200\u202fL reacondicionado con tapa desmontable"},"content":{"rendered":"<p>Este barril met\u00e1lico reacondicionado de 200 litros est\u00e1 fabricado en acero resistente con recubrimiento interior esmaltado que proporciona protecci\u00f3n contra la corrosi\u00f3n. Incluye una tapa completamente desmontable con aro de cierre, adem\u00e1s de orificios est\u00e1ndar con rosca (2\u201d y \u00be\u201d) y tapones. Aunque es un producto de segunda mano, se encuentra en buen estado funcional, limpio y apto para usos t\u00e9cnicos y agr\u00edcolas no cr\u00edticos.  <\/p>\n<p>Ideal para:<\/p>\n<ul>\n<li>Almacenamiento de agua en jardines o fincas<\/li>\n<li>Quema de residuos (como barril incinerador)<\/li>\n<li>Recolecci\u00f3n de agua de lluvia<\/li>\n<li>Almacenamiento temporal de l\u00edquidos no peligrosos<\/li>\n<li>Uso general en obras o construcciones<\/li>\n<\/ul>\n","protected":false},"excerpt":{"rendered":"<p>Este barril met\u00e1lico reacondicionado de 200 litros est\u00e1 fabricado en acero resistente con recubrimiento interior esmaltado que proporciona protecci\u00f3n contra la corrosi\u00f3n. Incluye una tapa completamente desmontable con aro de cierre, adem\u00e1s de orificios est\u00e1ndar con rosca (2\u201d y \u00be\u201d) y tapones. Aunque es un producto de segunda mano, se encuentra en buen estado funcional, [&hellip;]<\/p>\n","protected":false},"featured_media":24518,"template":"","meta":[],"product_brand":[],"product_cat":[380],"product_tag":[],"class_list":{"0":"post-24503","1":"product","2":"type-product","3":"status-publish","4":"has-post-thumbnail","6":"product_cat-tambores-y-latas","7":"product_shipping_class-drums-and-cans-es","9":"first","10":"instock","11":"taxable","12":"shipping-taxable","13":"purchasable","14":"product-type-simple"},"yoast_head":"<!-- This site is optimized with the Yoast SEO plugin v26.9 - https:\/\/yoast.com\/product\/yoast-seo-wordpress\/ -->\n<title>Barril met\u00e1lico esmaltado de 200\u202fL reacondicionado con tapa desmontable - IBC konteineri m&uuml;&uuml;k, vaadid, kraanid, mahutid<\/title>\n<meta name=\"description\" content=\"Este barril met\u00e1lico reacondicionado de 200 litros est\u00e1 fabricado en acero resistente con recubrimiento interior esmaltado que proporciona protecci\u00f3n contra la corrosi\u00f3n.\" \/>\n<meta name=\"robots\" content=\"index, follow, max-snippet:-1, max-image-preview:large, max-video-preview:-1\" \/>\n<link rel=\"canonical\" href=\"https:\/\/ibc.ee\/es\/producto\/barril-metalico-esmaltado-de-200-l-reacondicionado-con-tapa-desmontable\/\" \/>\n<meta property=\"og:locale\" content=\"es_ES\" \/>\n<meta property=\"og:type\" content=\"article\" \/>\n<meta property=\"og:title\" content=\"Barril met\u00e1lico esmaltado de 200\u202fL reacondicionado con tapa desmontable - IBC konteineri m&uuml;&uuml;k, vaadid, kraanid, mahutid\" \/>\n<meta property=\"og:description\" content=\"Este barril met\u00e1lico reacondicionado de 200 litros est\u00e1 fabricado en acero resistente con recubrimiento interior esmaltado que proporciona protecci\u00f3n contra la corrosi\u00f3n.\" \/>\n<meta property=\"og:url\" content=\"https:\/\/ibc.ee\/es\/producto\/barril-metalico-esmaltado-de-200-l-reacondicionado-con-tapa-desmontable\/\" \/>\n<meta property=\"og:site_name\" content=\"IBC konteineri m&uuml;&uuml;k, vaadid, kraanid, mahutid\" \/>\n<meta property=\"article:modified_time\" content=\"2025-08-08T08:12:34+00:00\" \/>\n<meta property=\"og:image\" content=\"https:\/\/ibc.ee\/wp-content\/uploads\/2025\/08\/200-L-taastatud-emailitud-metalltunn-eemaldatava-kaanega.jpg\" \/>\n\t<meta property=\"og:image:width\" content=\"1000\" \/>\n\t<meta property=\"og:image:height\" content=\"1000\" \/>\n\t<meta property=\"og:image:type\" content=\"image\/jpeg\" \/>\n<meta name=\"twitter:card\" content=\"summary_large_image\" \/>\n<meta name=\"twitter:label1\" content=\"Tiempo de lectura\" \/>\n\t<meta name=\"twitter:data1\" content=\"1 minuto\" \/>\n<script type=\"application\/ld+json\" class=\"yoast-schema-graph\">{\"@context\":\"https:\/\/schema.org\",\"@graph\":[{\"@type\":\"WebPage\",\"@id\":\"https:\/\/ibc.ee\/es\/producto\/barril-metalico-esmaltado-de-200-l-reacondicionado-con-tapa-desmontable\/\",\"url\":\"https:\/\/ibc.ee\/es\/producto\/barril-metalico-esmaltado-de-200-l-reacondicionado-con-tapa-desmontable\/\",\"name\":\"Barril met\u00e1lico esmaltado de 200\u202fL reacondicionado con tapa desmontable - IBC konteineri m&uuml;&uuml;k, vaadid, kraanid, mahutid\",\"isPartOf\":{\"@id\":\"https:\/\/www.ibc.ee\/es\/#website\"},\"primaryImageOfPage\":{\"@id\":\"https:\/\/ibc.ee\/es\/producto\/barril-metalico-esmaltado-de-200-l-reacondicionado-con-tapa-desmontable\/#primaryimage\"},\"image\":{\"@id\":\"https:\/\/ibc.ee\/es\/producto\/barril-metalico-esmaltado-de-200-l-reacondicionado-con-tapa-desmontable\/#primaryimage\"},\"thumbnailUrl\":\"https:\/\/ibc.ee\/wp-content\/uploads\/2025\/08\/200-L-taastatud-emailitud-metalltunn-eemaldatava-kaanega.jpg\",\"datePublished\":\"2025-08-05T12:57:10+00:00\",\"dateModified\":\"2025-08-08T08:12:34+00:00\",\"description\":\"Este barril met\u00e1lico reacondicionado de 200 litros est\u00e1 fabricado en acero resistente con recubrimiento interior esmaltado que proporciona protecci\u00f3n contra la corrosi\u00f3n.\",\"breadcrumb\":{\"@id\":\"https:\/\/ibc.ee\/es\/producto\/barril-metalico-esmaltado-de-200-l-reacondicionado-con-tapa-desmontable\/#breadcrumb\"},\"inLanguage\":\"es\",\"potentialAction\":[{\"@type\":\"ReadAction\",\"target\":[\"https:\/\/ibc.ee\/es\/producto\/barril-metalico-esmaltado-de-200-l-reacondicionado-con-tapa-desmontable\/\"]}]},{\"@type\":\"ImageObject\",\"inLanguage\":\"es\",\"@id\":\"https:\/\/ibc.ee\/es\/producto\/barril-metalico-esmaltado-de-200-l-reacondicionado-con-tapa-desmontable\/#primaryimage\",\"url\":\"https:\/\/ibc.ee\/wp-content\/uploads\/2025\/08\/200-L-taastatud-emailitud-metalltunn-eemaldatava-kaanega.jpg\",\"contentUrl\":\"https:\/\/ibc.ee\/wp-content\/uploads\/2025\/08\/200-L-taastatud-emailitud-metalltunn-eemaldatava-kaanega.jpg\",\"width\":1000,\"height\":1000,\"caption\":\"200-L-taastatud-emailitud-metalltunn-eemaldatava-kaanega\"},{\"@type\":\"BreadcrumbList\",\"@id\":\"https:\/\/ibc.ee\/es\/producto\/barril-metalico-esmaltado-de-200-l-reacondicionado-con-tapa-desmontable\/#breadcrumb\",\"itemListElement\":[{\"@type\":\"ListItem\",\"position\":1,\"name\":\"\u0413\u043b\u0430\u0432\u043d\u0430\u044f \u0441\u0442\u0440\u0430\u043d\u0438\u0446\u0430\",\"item\":\"https:\/\/www.ibc.ee\/es\/\"},{\"@type\":\"ListItem\",\"position\":2,\"name\":\"Tienda\",\"item\":\"https:\/\/www.ibc.ee\/es\/tienda\/\"},{\"@type\":\"ListItem\",\"position\":3,\"name\":\"Barril met\u00e1lico esmaltado de 200\u202fL reacondicionado con tapa desmontable\"}]},{\"@type\":\"WebSite\",\"@id\":\"https:\/\/www.ibc.ee\/es\/#website\",\"url\":\"https:\/\/www.ibc.ee\/es\/\",\"name\":\"IBC konteineri m&uuml;&uuml;k, vaadid, kraanid, mahutid\",\"description\":\"IBC - Tank container valve, Adapters\\\\fittings, Intermediate bulk, container, Drums\/cans\",\"potentialAction\":[{\"@type\":\"SearchAction\",\"target\":{\"@type\":\"EntryPoint\",\"urlTemplate\":\"https:\/\/www.ibc.ee\/es\/?s={search_term_string}\"},\"query-input\":{\"@type\":\"PropertyValueSpecification\",\"valueRequired\":true,\"valueName\":\"search_term_string\"}}],\"inLanguage\":\"es\"}]}<\/script>\n<!-- \/ Yoast SEO plugin. -->","yoast_head_json":{"title":"Barril met\u00e1lico esmaltado de 200\u202fL reacondicionado con tapa desmontable - IBC konteineri m&uuml;&uuml;k, vaadid, kraanid, mahutid","description":"Este barril met\u00e1lico reacondicionado de 200 litros est\u00e1 fabricado en acero resistente con recubrimiento interior esmaltado que proporciona protecci\u00f3n contra la corrosi\u00f3n.","robots":{"index":"index","follow":"follow","max-snippet":"max-snippet:-1","max-image-preview":"max-image-preview:large","max-video-preview":"max-video-preview:-1"},"canonical":"https:\/\/ibc.ee\/es\/producto\/barril-metalico-esmaltado-de-200-l-reacondicionado-con-tapa-desmontable\/","og_locale":"es_ES","og_type":"article","og_title":"Barril met\u00e1lico esmaltado de 200\u202fL reacondicionado con tapa desmontable - IBC konteineri m&uuml;&uuml;k, vaadid, kraanid, mahutid","og_description":"Este barril met\u00e1lico reacondicionado de 200 litros est\u00e1 fabricado en acero resistente con recubrimiento interior esmaltado que proporciona protecci\u00f3n contra la corrosi\u00f3n.","og_url":"https:\/\/ibc.ee\/es\/producto\/barril-metalico-esmaltado-de-200-l-reacondicionado-con-tapa-desmontable\/","og_site_name":"IBC konteineri m&uuml;&uuml;k, vaadid, kraanid, mahutid","article_modified_time":"2025-08-08T08:12:34+00:00","og_image":[{"width":1000,"height":1000,"url":"https:\/\/ibc.ee\/wp-content\/uploads\/2025\/08\/200-L-taastatud-emailitud-metalltunn-eemaldatava-kaanega.jpg","type":"image\/jpeg"}],"twitter_card":"summary_large_image","twitter_misc":{"Tiempo de lectura":"1 minuto"},"schema":{"@context":"https:\/\/schema.org","@graph":[{"@type":"WebPage","@id":"https:\/\/ibc.ee\/es\/producto\/barril-metalico-esmaltado-de-200-l-reacondicionado-con-tapa-desmontable\/","url":"https:\/\/ibc.ee\/es\/producto\/barril-metalico-esmaltado-de-200-l-reacondicionado-con-tapa-desmontable\/","name":"Barril met\u00e1lico esmaltado de 200\u202fL reacondicionado con tapa desmontable - IBC konteineri m&uuml;&uuml;k, vaadid, kraanid, mahutid","isPartOf":{"@id":"https:\/\/www.ibc.ee\/es\/#website"},"primaryImageOfPage":{"@id":"https:\/\/ibc.ee\/es\/producto\/barril-metalico-esmaltado-de-200-l-reacondicionado-con-tapa-desmontable\/#primaryimage"},"image":{"@id":"https:\/\/ibc.ee\/es\/producto\/barril-metalico-esmaltado-de-200-l-reacondicionado-con-tapa-desmontable\/#primaryimage"},"thumbnailUrl":"https:\/\/ibc.ee\/wp-content\/uploads\/2025\/08\/200-L-taastatud-emailitud-metalltunn-eemaldatava-kaanega.jpg","datePublished":"2025-08-05T12:57:10+00:00","dateModified":"2025-08-08T08:12:34+00:00","description":"Este barril met\u00e1lico reacondicionado de 200 litros est\u00e1 fabricado en acero resistente con recubrimiento interior esmaltado que proporciona protecci\u00f3n contra la corrosi\u00f3n.","breadcrumb":{"@id":"https:\/\/ibc.ee\/es\/producto\/barril-metalico-esmaltado-de-200-l-reacondicionado-con-tapa-desmontable\/#breadcrumb"},"inLanguage":"es","potentialAction":[{"@type":"ReadAction","target":["https:\/\/ibc.ee\/es\/producto\/barril-metalico-esmaltado-de-200-l-reacondicionado-con-tapa-desmontable\/"]}]},{"@type":"ImageObject","inLanguage":"es","@id":"https:\/\/ibc.ee\/es\/producto\/barril-metalico-esmaltado-de-200-l-reacondicionado-con-tapa-desmontable\/#primaryimage","url":"https:\/\/ibc.ee\/wp-content\/uploads\/2025\/08\/200-L-taastatud-emailitud-metalltunn-eemaldatava-kaanega.jpg","contentUrl":"https:\/\/ibc.ee\/wp-content\/uploads\/2025\/08\/200-L-taastatud-emailitud-metalltunn-eemaldatava-kaanega.jpg","width":1000,"height":1000,"caption":"200-L-taastatud-emailitud-metalltunn-eemaldatava-kaanega"},{"@type":"BreadcrumbList","@id":"https:\/\/ibc.ee\/es\/producto\/barril-metalico-esmaltado-de-200-l-reacondicionado-con-tapa-desmontable\/#breadcrumb","itemListElement":[{"@type":"ListItem","position":1,"name":"\u0413\u043b\u0430\u0432\u043d\u0430\u044f \u0441\u0442\u0440\u0430\u043d\u0438\u0446\u0430","item":"https:\/\/www.ibc.ee\/es\/"},{"@type":"ListItem","position":2,"name":"Tienda","item":"https:\/\/www.ibc.ee\/es\/tienda\/"},{"@type":"ListItem","position":3,"name":"Barril met\u00e1lico esmaltado de 200\u202fL reacondicionado con tapa desmontable"}]},{"@type":"WebSite","@id":"https:\/\/www.ibc.ee\/es\/#website","url":"https:\/\/www.ibc.ee\/es\/","name":"IBC konteineri m&uuml;&uuml;k, vaadid, kraanid, mahutid","description":"IBC - Tank container valve, Adapters\\fittings, Intermediate bulk, container, Drums\/cans","potentialAction":[{"@type":"SearchAction","target":{"@type":"EntryPoint","urlTemplate":"https:\/\/www.ibc.ee\/es\/?s={search_term_string}"},"query-input":{"@type":"PropertyValueSpecification","valueRequired":true,"valueName":"search_term_string"}}],"inLanguage":"es"}]}},"_links":{"self":[{"href":"https:\/\/ibc.ee\/es\/wp-json\/wp\/v2\/product\/24503","targetHints":{"allow":["GET"]}}],"collection":[{"href":"https:\/\/ibc.ee\/es\/wp-json\/wp\/v2\/product"}],"about":[{"href":"https:\/\/ibc.ee\/es\/wp-json\/wp\/v2\/types\/product"}],"wp:featuredmedia":[{"embeddable":true,"href":"https:\/\/ibc.ee\/es\/wp-json\/wp\/v2\/media\/24518"}],"wp:attachment":[{"href":"https:\/\/ibc.ee\/es\/wp-json\/wp\/v2\/media?parent=24503"}],"wp:term":[{"taxonomy":"product_brand","embeddable":true,"href":"https:\/\/ibc.ee\/es\/wp-json\/wp\/v2\/product_brand?post=24503"},{"taxonomy":"product_cat","embeddable":true,"href":"https:\/\/ibc.ee\/es\/wp-json\/wp\/v2\/product_cat?post=24503"},{"taxonomy":"product_tag","embeddable":true,"href":"https:\/\/ibc.ee\/es\/wp-json\/wp\/v2\/product_tag?post=24503"}],"curies":[{"name":"wp","href":"https:\/\/api.w.org\/{rel}","templated":true}]}}