{"id":24539,"date":"2025-08-06T11:38:44","date_gmt":"2025-08-06T09:38:45","guid":{"rendered":"https:\/\/ibc.ee\/?post_type=product&#038;p=24539"},"modified":"2025-08-08T10:05:07","modified_gmt":"2025-08-08T08:05:07","slug":"raincube-ibc-1000-contenedor-ibc-de-1000-l-usado-y-lavado","status":"publish","type":"product","link":"https:\/\/ibc.ee\/es\/producto\/raincube-ibc-1000-contenedor-ibc-de-1000-l-usado-y-lavado\/","title":{"rendered":"RainCube IBC 1000: contenedor IBC de 1000 l usado y lavado"},"content":{"rendered":"<p>RainCube IBC 1000 es un dep\u00f3sito intermedio a granel (IBC) de 1000 litros, usado, limpiado a fondo y revisado, dise\u00f1ado espec\u00edficamente para el almacenamiento de agua de lluvia, aguas grises y otros l\u00edquidos no potables. Es una soluci\u00f3n econ\u00f3mica y sostenible ideal para uso dom\u00e9stico, agr\u00edcola o t\u00e9cnico en aplicaciones donde no se requiere certificaci\u00f3n UN o FDA. <\/p>\n<p>RainCube IBC 1000 es ideal para:<\/p>\n<ul>\n<li>Recolecci\u00f3n de agua de lluvia para riego o sistemas de descarga<\/li>\n<li>Almacenamiento de aguas grises (lavabos, duchas, lavadoras)<\/li>\n<li>Retenci\u00f3n temporal de aguas residuales<\/li>\n<li>Suministro de agua en agricultura o jardiner\u00eda<\/li>\n<li>Uso t\u00e9cnico en obras o industrias<\/li>\n<li>Preparaci\u00f3n y almacenamiento de soluciones de limpieza<\/li>\n<\/ul>\n","protected":false},"excerpt":{"rendered":"<p>RainCube IBC 1000 es un dep\u00f3sito intermedio a granel (IBC) de 1000 litros, usado, limpiado a fondo y revisado, dise\u00f1ado espec\u00edficamente para el almacenamiento de agua de lluvia, aguas grises y otros l\u00edquidos no potables. Es una soluci\u00f3n econ\u00f3mica y sostenible ideal para uso dom\u00e9stico, agr\u00edcola o t\u00e9cnico en aplicaciones donde no se requiere certificaci\u00f3n [&hellip;]<\/p>\n","protected":false},"featured_media":24554,"template":"","meta":[],"product_brand":[],"product_cat":[382],"product_tag":[],"class_list":{"0":"post-24539","1":"product","2":"type-product","3":"status-publish","4":"has-post-thumbnail","6":"product_cat-bote-intermedio-a-granel-ibc-1000-litros","7":"product_shipping_class-drums-and-cans-es","9":"first","10":"instock","11":"taxable","12":"shipping-taxable","13":"purchasable","14":"product-type-simple"},"yoast_head":"<!-- This site is optimized with the Yoast SEO plugin v26.9 - https:\/\/yoast.com\/product\/yoast-seo-wordpress\/ -->\n<title>RainCube IBC 1000: contenedor IBC de 1000 l usado y lavado - IBC konteineri m&uuml;&uuml;k, vaadid, kraanid, mahutid<\/title>\n<meta name=\"description\" content=\"RainCube IBC 1000 es un dep\u00f3sito intermedio a granel (IBC) de 1000 litros, usado, limpiado a fondo y revisado, dise\u00f1ado espec\u00edficamente para el almacenamiento de agua de lluvia, aguas grises y otros l\u00edquidos no potables.\" \/>\n<meta name=\"robots\" content=\"index, follow, max-snippet:-1, max-image-preview:large, max-video-preview:-1\" \/>\n<link rel=\"canonical\" href=\"https:\/\/ibc.ee\/es\/producto\/raincube-ibc-1000-contenedor-ibc-de-1000-l-usado-y-lavado\/\" \/>\n<meta property=\"og:locale\" content=\"es_ES\" \/>\n<meta property=\"og:type\" content=\"article\" \/>\n<meta property=\"og:title\" content=\"RainCube IBC 1000: contenedor IBC de 1000 l usado y lavado - IBC konteineri m&uuml;&uuml;k, vaadid, kraanid, mahutid\" \/>\n<meta property=\"og:description\" content=\"RainCube IBC 1000 es un dep\u00f3sito intermedio a granel (IBC) de 1000 litros, usado, limpiado a fondo y revisado, dise\u00f1ado espec\u00edficamente para el almacenamiento de agua de lluvia, aguas grises y otros l\u00edquidos no potables.\" \/>\n<meta property=\"og:url\" content=\"https:\/\/ibc.ee\/es\/producto\/raincube-ibc-1000-contenedor-ibc-de-1000-l-usado-y-lavado\/\" \/>\n<meta property=\"og:site_name\" content=\"IBC konteineri m&uuml;&uuml;k, vaadid, kraanid, mahutid\" \/>\n<meta property=\"article:modified_time\" content=\"2025-08-08T08:05:07+00:00\" \/>\n<meta property=\"og:image\" content=\"https:\/\/ibc.ee\/wp-content\/uploads\/2025\/08\/RainCube-IBC-1000-kasutatud-ja-pestud-1000L-IBC-konteiner.jpg\" \/>\n\t<meta property=\"og:image:width\" content=\"1000\" \/>\n\t<meta property=\"og:image:height\" content=\"1000\" \/>\n\t<meta property=\"og:image:type\" content=\"image\/jpeg\" \/>\n<meta name=\"twitter:card\" content=\"summary_large_image\" \/>\n<meta name=\"twitter:label1\" content=\"Tiempo de lectura\" \/>\n\t<meta name=\"twitter:data1\" content=\"1 minuto\" \/>\n<script type=\"application\/ld+json\" class=\"yoast-schema-graph\">{\"@context\":\"https:\/\/schema.org\",\"@graph\":[{\"@type\":\"WebPage\",\"@id\":\"https:\/\/ibc.ee\/es\/producto\/raincube-ibc-1000-contenedor-ibc-de-1000-l-usado-y-lavado\/\",\"url\":\"https:\/\/ibc.ee\/es\/producto\/raincube-ibc-1000-contenedor-ibc-de-1000-l-usado-y-lavado\/\",\"name\":\"RainCube IBC 1000: contenedor IBC de 1000 l usado y lavado - IBC konteineri m&uuml;&uuml;k, vaadid, kraanid, mahutid\",\"isPartOf\":{\"@id\":\"https:\/\/www.ibc.ee\/es\/#website\"},\"primaryImageOfPage\":{\"@id\":\"https:\/\/ibc.ee\/es\/producto\/raincube-ibc-1000-contenedor-ibc-de-1000-l-usado-y-lavado\/#primaryimage\"},\"image\":{\"@id\":\"https:\/\/ibc.ee\/es\/producto\/raincube-ibc-1000-contenedor-ibc-de-1000-l-usado-y-lavado\/#primaryimage\"},\"thumbnailUrl\":\"https:\/\/ibc.ee\/wp-content\/uploads\/2025\/08\/RainCube-IBC-1000-kasutatud-ja-pestud-1000L-IBC-konteiner.jpg\",\"datePublished\":\"2025-08-06T09:38:45+00:00\",\"dateModified\":\"2025-08-08T08:05:07+00:00\",\"description\":\"RainCube IBC 1000 es un dep\u00f3sito intermedio a granel (IBC) de 1000 litros, usado, limpiado a fondo y revisado, dise\u00f1ado espec\u00edficamente para el almacenamiento de agua de lluvia, aguas grises y otros l\u00edquidos no potables.\",\"breadcrumb\":{\"@id\":\"https:\/\/ibc.ee\/es\/producto\/raincube-ibc-1000-contenedor-ibc-de-1000-l-usado-y-lavado\/#breadcrumb\"},\"inLanguage\":\"es\",\"potentialAction\":[{\"@type\":\"ReadAction\",\"target\":[\"https:\/\/ibc.ee\/es\/producto\/raincube-ibc-1000-contenedor-ibc-de-1000-l-usado-y-lavado\/\"]}]},{\"@type\":\"ImageObject\",\"inLanguage\":\"es\",\"@id\":\"https:\/\/ibc.ee\/es\/producto\/raincube-ibc-1000-contenedor-ibc-de-1000-l-usado-y-lavado\/#primaryimage\",\"url\":\"https:\/\/ibc.ee\/wp-content\/uploads\/2025\/08\/RainCube-IBC-1000-kasutatud-ja-pestud-1000L-IBC-konteiner.jpg\",\"contentUrl\":\"https:\/\/ibc.ee\/wp-content\/uploads\/2025\/08\/RainCube-IBC-1000-kasutatud-ja-pestud-1000L-IBC-konteiner.jpg\",\"width\":1000,\"height\":1000,\"caption\":\"RainCube IBC 1000 \u2013 used and washed 1000L IBC container\"},{\"@type\":\"BreadcrumbList\",\"@id\":\"https:\/\/ibc.ee\/es\/producto\/raincube-ibc-1000-contenedor-ibc-de-1000-l-usado-y-lavado\/#breadcrumb\",\"itemListElement\":[{\"@type\":\"ListItem\",\"position\":1,\"name\":\"\u0413\u043b\u0430\u0432\u043d\u0430\u044f \u0441\u0442\u0440\u0430\u043d\u0438\u0446\u0430\",\"item\":\"https:\/\/www.ibc.ee\/es\/\"},{\"@type\":\"ListItem\",\"position\":2,\"name\":\"Tienda\",\"item\":\"https:\/\/www.ibc.ee\/es\/tienda\/\"},{\"@type\":\"ListItem\",\"position\":3,\"name\":\"RainCube IBC 1000: contenedor IBC de 1000 l usado y lavado\"}]},{\"@type\":\"WebSite\",\"@id\":\"https:\/\/www.ibc.ee\/es\/#website\",\"url\":\"https:\/\/www.ibc.ee\/es\/\",\"name\":\"IBC konteineri m&uuml;&uuml;k, vaadid, kraanid, mahutid\",\"description\":\"IBC - Tank container valve, Adapters\\\\fittings, Intermediate bulk, container, Drums\/cans\",\"potentialAction\":[{\"@type\":\"SearchAction\",\"target\":{\"@type\":\"EntryPoint\",\"urlTemplate\":\"https:\/\/www.ibc.ee\/es\/?s={search_term_string}\"},\"query-input\":{\"@type\":\"PropertyValueSpecification\",\"valueRequired\":true,\"valueName\":\"search_term_string\"}}],\"inLanguage\":\"es\"}]}<\/script>\n<!-- \/ Yoast SEO plugin. -->","yoast_head_json":{"title":"RainCube IBC 1000: contenedor IBC de 1000 l usado y lavado - IBC konteineri m&uuml;&uuml;k, vaadid, kraanid, mahutid","description":"RainCube IBC 1000 es un dep\u00f3sito intermedio a granel (IBC) de 1000 litros, usado, limpiado a fondo y revisado, dise\u00f1ado espec\u00edficamente para el almacenamiento de agua de lluvia, aguas grises y otros l\u00edquidos no potables.","robots":{"index":"index","follow":"follow","max-snippet":"max-snippet:-1","max-image-preview":"max-image-preview:large","max-video-preview":"max-video-preview:-1"},"canonical":"https:\/\/ibc.ee\/es\/producto\/raincube-ibc-1000-contenedor-ibc-de-1000-l-usado-y-lavado\/","og_locale":"es_ES","og_type":"article","og_title":"RainCube IBC 1000: contenedor IBC de 1000 l usado y lavado - IBC konteineri m&uuml;&uuml;k, vaadid, kraanid, mahutid","og_description":"RainCube IBC 1000 es un dep\u00f3sito intermedio a granel (IBC) de 1000 litros, usado, limpiado a fondo y revisado, dise\u00f1ado espec\u00edficamente para el almacenamiento de agua de lluvia, aguas grises y otros l\u00edquidos no potables.","og_url":"https:\/\/ibc.ee\/es\/producto\/raincube-ibc-1000-contenedor-ibc-de-1000-l-usado-y-lavado\/","og_site_name":"IBC konteineri m&uuml;&uuml;k, vaadid, kraanid, mahutid","article_modified_time":"2025-08-08T08:05:07+00:00","og_image":[{"width":1000,"height":1000,"url":"https:\/\/ibc.ee\/wp-content\/uploads\/2025\/08\/RainCube-IBC-1000-kasutatud-ja-pestud-1000L-IBC-konteiner.jpg","type":"image\/jpeg"}],"twitter_card":"summary_large_image","twitter_misc":{"Tiempo de lectura":"1 minuto"},"schema":{"@context":"https:\/\/schema.org","@graph":[{"@type":"WebPage","@id":"https:\/\/ibc.ee\/es\/producto\/raincube-ibc-1000-contenedor-ibc-de-1000-l-usado-y-lavado\/","url":"https:\/\/ibc.ee\/es\/producto\/raincube-ibc-1000-contenedor-ibc-de-1000-l-usado-y-lavado\/","name":"RainCube IBC 1000: contenedor IBC de 1000 l usado y lavado - IBC konteineri m&uuml;&uuml;k, vaadid, kraanid, mahutid","isPartOf":{"@id":"https:\/\/www.ibc.ee\/es\/#website"},"primaryImageOfPage":{"@id":"https:\/\/ibc.ee\/es\/producto\/raincube-ibc-1000-contenedor-ibc-de-1000-l-usado-y-lavado\/#primaryimage"},"image":{"@id":"https:\/\/ibc.ee\/es\/producto\/raincube-ibc-1000-contenedor-ibc-de-1000-l-usado-y-lavado\/#primaryimage"},"thumbnailUrl":"https:\/\/ibc.ee\/wp-content\/uploads\/2025\/08\/RainCube-IBC-1000-kasutatud-ja-pestud-1000L-IBC-konteiner.jpg","datePublished":"2025-08-06T09:38:45+00:00","dateModified":"2025-08-08T08:05:07+00:00","description":"RainCube IBC 1000 es un dep\u00f3sito intermedio a granel (IBC) de 1000 litros, usado, limpiado a fondo y revisado, dise\u00f1ado espec\u00edficamente para el almacenamiento de agua de lluvia, aguas grises y otros l\u00edquidos no potables.","breadcrumb":{"@id":"https:\/\/ibc.ee\/es\/producto\/raincube-ibc-1000-contenedor-ibc-de-1000-l-usado-y-lavado\/#breadcrumb"},"inLanguage":"es","potentialAction":[{"@type":"ReadAction","target":["https:\/\/ibc.ee\/es\/producto\/raincube-ibc-1000-contenedor-ibc-de-1000-l-usado-y-lavado\/"]}]},{"@type":"ImageObject","inLanguage":"es","@id":"https:\/\/ibc.ee\/es\/producto\/raincube-ibc-1000-contenedor-ibc-de-1000-l-usado-y-lavado\/#primaryimage","url":"https:\/\/ibc.ee\/wp-content\/uploads\/2025\/08\/RainCube-IBC-1000-kasutatud-ja-pestud-1000L-IBC-konteiner.jpg","contentUrl":"https:\/\/ibc.ee\/wp-content\/uploads\/2025\/08\/RainCube-IBC-1000-kasutatud-ja-pestud-1000L-IBC-konteiner.jpg","width":1000,"height":1000,"caption":"RainCube IBC 1000 \u2013 used and washed 1000L IBC container"},{"@type":"BreadcrumbList","@id":"https:\/\/ibc.ee\/es\/producto\/raincube-ibc-1000-contenedor-ibc-de-1000-l-usado-y-lavado\/#breadcrumb","itemListElement":[{"@type":"ListItem","position":1,"name":"\u0413\u043b\u0430\u0432\u043d\u0430\u044f \u0441\u0442\u0440\u0430\u043d\u0438\u0446\u0430","item":"https:\/\/www.ibc.ee\/es\/"},{"@type":"ListItem","position":2,"name":"Tienda","item":"https:\/\/www.ibc.ee\/es\/tienda\/"},{"@type":"ListItem","position":3,"name":"RainCube IBC 1000: contenedor IBC de 1000 l usado y lavado"}]},{"@type":"WebSite","@id":"https:\/\/www.ibc.ee\/es\/#website","url":"https:\/\/www.ibc.ee\/es\/","name":"IBC konteineri m&uuml;&uuml;k, vaadid, kraanid, mahutid","description":"IBC - Tank container valve, Adapters\\fittings, Intermediate bulk, container, Drums\/cans","potentialAction":[{"@type":"SearchAction","target":{"@type":"EntryPoint","urlTemplate":"https:\/\/www.ibc.ee\/es\/?s={search_term_string}"},"query-input":{"@type":"PropertyValueSpecification","valueRequired":true,"valueName":"search_term_string"}}],"inLanguage":"es"}]}},"_links":{"self":[{"href":"https:\/\/ibc.ee\/es\/wp-json\/wp\/v2\/product\/24539","targetHints":{"allow":["GET"]}}],"collection":[{"href":"https:\/\/ibc.ee\/es\/wp-json\/wp\/v2\/product"}],"about":[{"href":"https:\/\/ibc.ee\/es\/wp-json\/wp\/v2\/types\/product"}],"wp:featuredmedia":[{"embeddable":true,"href":"https:\/\/ibc.ee\/es\/wp-json\/wp\/v2\/media\/24554"}],"wp:attachment":[{"href":"https:\/\/ibc.ee\/es\/wp-json\/wp\/v2\/media?parent=24539"}],"wp:term":[{"taxonomy":"product_brand","embeddable":true,"href":"https:\/\/ibc.ee\/es\/wp-json\/wp\/v2\/product_brand?post=24539"},{"taxonomy":"product_cat","embeddable":true,"href":"https:\/\/ibc.ee\/es\/wp-json\/wp\/v2\/product_cat?post=24539"},{"taxonomy":"product_tag","embeddable":true,"href":"https:\/\/ibc.ee\/es\/wp-json\/wp\/v2\/product_tag?post=24539"}],"curies":[{"name":"wp","href":"https:\/\/api.w.org\/{rel}","templated":true}]}}