{"id":15478,"date":"2018-06-04T17:12:13","date_gmt":"2018-06-04T17:12:13","guid":{"rendered":"https:\/\/ibc.ee\/product\/1000-liitrine-konteiner-ibc-konteinera\/"},"modified":"2025-07-09T16:22:17","modified_gmt":"2025-07-09T14:22:17","slug":"newcube-ibc-1000-uus-1000l-mahuti-uldiseks-kasutuseks","status":"publish","type":"product","link":"https:\/\/ibc.ee\/et\/toode\/newcube-ibc-1000-uus-1000l-mahuti-uldiseks-kasutuseks\/","title":{"rendered":"NewCube IBC 1000 \u2013 Uus 1000L mahuti \u00fcldiseks kasutuseks"},"content":{"rendered":"<p><strong>T\u00fc\u00fcpilised kasutuskohad:<\/strong><br \/>\n&#8211; Vihmavee kogumine \u2013 aeda v\u00f5i majapidamisse<br \/>\n&#8211; Hallvee ja heitvee hoiustamine<br \/>\n&#8211; Kastmisvesi, kompostitee v\u00f5i taimeekstraktid<br \/>\n&#8211; Ohutud kemikaalilahused, puhastusvedelikud<br \/>\n&#8211; V\u00e4lidu\u0161id, pesupunktid, DIY vees\u00fcsteemid<\/p>\n<p><strong>T\u00e4htis teada:<\/strong><br \/>\n&#8211; Toidukvaliteedi ega UN-sertifikaate ei ole<br \/>\n&#8211; Ei sobi joogivee, toidu v\u00f5i ohtlike ainete jaoks<br \/>\n&#8211; M\u00f5eldud tehniliseks ja mitte-kriitiliseks kasutuseks<\/p>\n","protected":false},"excerpt":{"rendered":"<p>NewCube IBC 1000 on t\u00e4iesti uus 1000-liitrine IBC (vahemahuti), mis on m\u00f5eldud vedelike hoidmiseks ja transportimiseks olukordades, kus toidukvaliteedi v\u00f5i ohtlike ainete sertifikaate ei n\u00f5uta. See on taskukohane, vastupidav ja praktiline lahendus tehniliseks, p\u00f5llumajanduslikuks v\u00f5i koduseks kasutuseks. \u00dchildub standardse S60x6 ventiilis\u00fcsteemiga. Suur 150 mm ava lihtsaks t\u00e4itmiseks. Vastupidav tsingitud terasraam sobib ka v\u00e4listingimustesse.    <\/p>\n","protected":false},"featured_media":24266,"template":"","meta":[],"product_brand":[],"product_cat":[178],"product_tag":[],"class_list":{"0":"post-15478","1":"product","2":"type-product","3":"status-publish","4":"has-post-thumbnail","6":"product_cat-ibckanistrid","7":"product_shipping_class-containers-et","9":"first","10":"instock","11":"taxable","12":"shipping-taxable","13":"purchasable","14":"product-type-simple"},"yoast_head":"<!-- This site is optimized with the Yoast SEO plugin v26.9 - https:\/\/yoast.com\/product\/yoast-seo-wordpress\/ -->\n<title>NewCube IBC 1000 \u2013 Uus 1000L mahuti \u00fcldiseks kasutuseks - IBC konteineri m&uuml;&uuml;k, vaadid, kraanid, mahutid<\/title>\n<meta name=\"description\" content=\"NewCube IBC 1000 on t\u00e4iesti uus 1000-liitrine IBC (vahemahuti), mis on m\u00f5eldud vedelike hoidmiseks ja transportimiseks olukordades, kus toidukvaliteedi v\u00f5i ohtlike ainete sertifikaate ei n\u00f5uta.\" \/>\n<meta name=\"robots\" content=\"index, follow, max-snippet:-1, max-image-preview:large, max-video-preview:-1\" \/>\n<link rel=\"canonical\" href=\"https:\/\/ibc.ee\/et\/toode\/newcube-ibc-1000-uus-1000l-mahuti-uldiseks-kasutuseks\/\" \/>\n<meta property=\"og:locale\" content=\"et_EE\" \/>\n<meta property=\"og:type\" content=\"article\" \/>\n<meta property=\"og:title\" content=\"NewCube IBC 1000 \u2013 Uus 1000L mahuti \u00fcldiseks kasutuseks - IBC konteineri m&uuml;&uuml;k, vaadid, kraanid, mahutid\" \/>\n<meta property=\"og:description\" content=\"NewCube IBC 1000 on t\u00e4iesti uus 1000-liitrine IBC (vahemahuti), mis on m\u00f5eldud vedelike hoidmiseks ja transportimiseks olukordades, kus toidukvaliteedi v\u00f5i ohtlike ainete sertifikaate ei n\u00f5uta.\" \/>\n<meta property=\"og:url\" content=\"https:\/\/ibc.ee\/et\/toode\/newcube-ibc-1000-uus-1000l-mahuti-uldiseks-kasutuseks\/\" \/>\n<meta property=\"og:site_name\" content=\"IBC konteineri m&uuml;&uuml;k, vaadid, kraanid, mahutid\" \/>\n<meta property=\"article:modified_time\" content=\"2025-07-09T14:22:17+00:00\" \/>\n<meta property=\"og:image\" content=\"https:\/\/ibc.ee\/wp-content\/uploads\/2018\/06\/NewCube-IBC-1000-Container-for-General-Liquid-Storage.jpg\" \/>\n\t<meta property=\"og:image:width\" content=\"1000\" \/>\n\t<meta property=\"og:image:height\" content=\"1000\" \/>\n\t<meta property=\"og:image:type\" content=\"image\/jpeg\" \/>\n<meta name=\"twitter:card\" content=\"summary_large_image\" \/>\n<meta name=\"twitter:label1\" content=\"Est. reading time\" \/>\n\t<meta name=\"twitter:data1\" content=\"1 minut\" \/>\n<script type=\"application\/ld+json\" class=\"yoast-schema-graph\">{\"@context\":\"https:\/\/schema.org\",\"@graph\":[{\"@type\":\"WebPage\",\"@id\":\"https:\/\/ibc.ee\/et\/toode\/newcube-ibc-1000-uus-1000l-mahuti-uldiseks-kasutuseks\/\",\"url\":\"https:\/\/ibc.ee\/et\/toode\/newcube-ibc-1000-uus-1000l-mahuti-uldiseks-kasutuseks\/\",\"name\":\"NewCube IBC 1000 \u2013 Uus 1000L mahuti \u00fcldiseks kasutuseks - IBC konteineri m&uuml;&uuml;k, vaadid, kraanid, mahutid\",\"isPartOf\":{\"@id\":\"https:\/\/ibc.ee\/et\/#website\"},\"primaryImageOfPage\":{\"@id\":\"https:\/\/ibc.ee\/et\/toode\/newcube-ibc-1000-uus-1000l-mahuti-uldiseks-kasutuseks\/#primaryimage\"},\"image\":{\"@id\":\"https:\/\/ibc.ee\/et\/toode\/newcube-ibc-1000-uus-1000l-mahuti-uldiseks-kasutuseks\/#primaryimage\"},\"thumbnailUrl\":\"https:\/\/ibc.ee\/wp-content\/uploads\/2018\/06\/NewCube-IBC-1000-Container-for-General-Liquid-Storage.jpg\",\"datePublished\":\"2018-06-04T17:12:13+00:00\",\"dateModified\":\"2025-07-09T14:22:17+00:00\",\"description\":\"NewCube IBC 1000 on t\u00e4iesti uus 1000-liitrine IBC (vahemahuti), mis on m\u00f5eldud vedelike hoidmiseks ja transportimiseks olukordades, kus toidukvaliteedi v\u00f5i ohtlike ainete sertifikaate ei n\u00f5uta.\",\"breadcrumb\":{\"@id\":\"https:\/\/ibc.ee\/et\/toode\/newcube-ibc-1000-uus-1000l-mahuti-uldiseks-kasutuseks\/#breadcrumb\"},\"inLanguage\":\"et\",\"potentialAction\":[{\"@type\":\"ReadAction\",\"target\":[\"https:\/\/ibc.ee\/et\/toode\/newcube-ibc-1000-uus-1000l-mahuti-uldiseks-kasutuseks\/\"]}]},{\"@type\":\"ImageObject\",\"inLanguage\":\"et\",\"@id\":\"https:\/\/ibc.ee\/et\/toode\/newcube-ibc-1000-uus-1000l-mahuti-uldiseks-kasutuseks\/#primaryimage\",\"url\":\"https:\/\/ibc.ee\/wp-content\/uploads\/2018\/06\/NewCube-IBC-1000-Container-for-General-Liquid-Storage.jpg\",\"contentUrl\":\"https:\/\/ibc.ee\/wp-content\/uploads\/2018\/06\/NewCube-IBC-1000-Container-for-General-Liquid-Storage.jpg\",\"width\":1000,\"height\":1000,\"caption\":\"NewCube IBC 1000 \u2013 Intermediate bulk 1000L container\"},{\"@type\":\"BreadcrumbList\",\"@id\":\"https:\/\/ibc.ee\/et\/toode\/newcube-ibc-1000-uus-1000l-mahuti-uldiseks-kasutuseks\/#breadcrumb\",\"itemListElement\":[{\"@type\":\"ListItem\",\"position\":1,\"name\":\"\u0413\u043b\u0430\u0432\u043d\u0430\u044f \u0441\u0442\u0440\u0430\u043d\u0438\u0446\u0430\",\"item\":\"https:\/\/ibc.ee\/et\/\"},{\"@type\":\"ListItem\",\"position\":2,\"name\":\"Pood\",\"item\":\"https:\/\/ibc.ee\/et\/shop\/\"},{\"@type\":\"ListItem\",\"position\":3,\"name\":\"NewCube IBC 1000 \u2013 Uus 1000L mahuti \u00fcldiseks kasutuseks\"}]},{\"@type\":\"WebSite\",\"@id\":\"https:\/\/ibc.ee\/et\/#website\",\"url\":\"https:\/\/ibc.ee\/et\/\",\"name\":\"IBC konteineri m&uuml;&uuml;k, vaadid, kraanid, mahutid\",\"description\":\"IBC - Tank container valve, Adapters\\\\fittings, Intermediate bulk, container, Drums\/cans\",\"potentialAction\":[{\"@type\":\"SearchAction\",\"target\":{\"@type\":\"EntryPoint\",\"urlTemplate\":\"https:\/\/ibc.ee\/et\/?s={search_term_string}\"},\"query-input\":{\"@type\":\"PropertyValueSpecification\",\"valueRequired\":true,\"valueName\":\"search_term_string\"}}],\"inLanguage\":\"et\"}]}<\/script>\n<!-- \/ Yoast SEO plugin. -->","yoast_head_json":{"title":"NewCube IBC 1000 \u2013 Uus 1000L mahuti \u00fcldiseks kasutuseks - IBC konteineri m&uuml;&uuml;k, vaadid, kraanid, mahutid","description":"NewCube IBC 1000 on t\u00e4iesti uus 1000-liitrine IBC (vahemahuti), mis on m\u00f5eldud vedelike hoidmiseks ja transportimiseks olukordades, kus toidukvaliteedi v\u00f5i ohtlike ainete sertifikaate ei n\u00f5uta.","robots":{"index":"index","follow":"follow","max-snippet":"max-snippet:-1","max-image-preview":"max-image-preview:large","max-video-preview":"max-video-preview:-1"},"canonical":"https:\/\/ibc.ee\/et\/toode\/newcube-ibc-1000-uus-1000l-mahuti-uldiseks-kasutuseks\/","og_locale":"et_EE","og_type":"article","og_title":"NewCube IBC 1000 \u2013 Uus 1000L mahuti \u00fcldiseks kasutuseks - IBC konteineri m&uuml;&uuml;k, vaadid, kraanid, mahutid","og_description":"NewCube IBC 1000 on t\u00e4iesti uus 1000-liitrine IBC (vahemahuti), mis on m\u00f5eldud vedelike hoidmiseks ja transportimiseks olukordades, kus toidukvaliteedi v\u00f5i ohtlike ainete sertifikaate ei n\u00f5uta.","og_url":"https:\/\/ibc.ee\/et\/toode\/newcube-ibc-1000-uus-1000l-mahuti-uldiseks-kasutuseks\/","og_site_name":"IBC konteineri m&uuml;&uuml;k, vaadid, kraanid, mahutid","article_modified_time":"2025-07-09T14:22:17+00:00","og_image":[{"width":1000,"height":1000,"url":"https:\/\/ibc.ee\/wp-content\/uploads\/2018\/06\/NewCube-IBC-1000-Container-for-General-Liquid-Storage.jpg","type":"image\/jpeg"}],"twitter_card":"summary_large_image","twitter_misc":{"Est. reading time":"1 minut"},"schema":{"@context":"https:\/\/schema.org","@graph":[{"@type":"WebPage","@id":"https:\/\/ibc.ee\/et\/toode\/newcube-ibc-1000-uus-1000l-mahuti-uldiseks-kasutuseks\/","url":"https:\/\/ibc.ee\/et\/toode\/newcube-ibc-1000-uus-1000l-mahuti-uldiseks-kasutuseks\/","name":"NewCube IBC 1000 \u2013 Uus 1000L mahuti \u00fcldiseks kasutuseks - IBC konteineri m&uuml;&uuml;k, vaadid, kraanid, mahutid","isPartOf":{"@id":"https:\/\/ibc.ee\/et\/#website"},"primaryImageOfPage":{"@id":"https:\/\/ibc.ee\/et\/toode\/newcube-ibc-1000-uus-1000l-mahuti-uldiseks-kasutuseks\/#primaryimage"},"image":{"@id":"https:\/\/ibc.ee\/et\/toode\/newcube-ibc-1000-uus-1000l-mahuti-uldiseks-kasutuseks\/#primaryimage"},"thumbnailUrl":"https:\/\/ibc.ee\/wp-content\/uploads\/2018\/06\/NewCube-IBC-1000-Container-for-General-Liquid-Storage.jpg","datePublished":"2018-06-04T17:12:13+00:00","dateModified":"2025-07-09T14:22:17+00:00","description":"NewCube IBC 1000 on t\u00e4iesti uus 1000-liitrine IBC (vahemahuti), mis on m\u00f5eldud vedelike hoidmiseks ja transportimiseks olukordades, kus toidukvaliteedi v\u00f5i ohtlike ainete sertifikaate ei n\u00f5uta.","breadcrumb":{"@id":"https:\/\/ibc.ee\/et\/toode\/newcube-ibc-1000-uus-1000l-mahuti-uldiseks-kasutuseks\/#breadcrumb"},"inLanguage":"et","potentialAction":[{"@type":"ReadAction","target":["https:\/\/ibc.ee\/et\/toode\/newcube-ibc-1000-uus-1000l-mahuti-uldiseks-kasutuseks\/"]}]},{"@type":"ImageObject","inLanguage":"et","@id":"https:\/\/ibc.ee\/et\/toode\/newcube-ibc-1000-uus-1000l-mahuti-uldiseks-kasutuseks\/#primaryimage","url":"https:\/\/ibc.ee\/wp-content\/uploads\/2018\/06\/NewCube-IBC-1000-Container-for-General-Liquid-Storage.jpg","contentUrl":"https:\/\/ibc.ee\/wp-content\/uploads\/2018\/06\/NewCube-IBC-1000-Container-for-General-Liquid-Storage.jpg","width":1000,"height":1000,"caption":"NewCube IBC 1000 \u2013 Intermediate bulk 1000L container"},{"@type":"BreadcrumbList","@id":"https:\/\/ibc.ee\/et\/toode\/newcube-ibc-1000-uus-1000l-mahuti-uldiseks-kasutuseks\/#breadcrumb","itemListElement":[{"@type":"ListItem","position":1,"name":"\u0413\u043b\u0430\u0432\u043d\u0430\u044f \u0441\u0442\u0440\u0430\u043d\u0438\u0446\u0430","item":"https:\/\/ibc.ee\/et\/"},{"@type":"ListItem","position":2,"name":"Pood","item":"https:\/\/ibc.ee\/et\/shop\/"},{"@type":"ListItem","position":3,"name":"NewCube IBC 1000 \u2013 Uus 1000L mahuti \u00fcldiseks kasutuseks"}]},{"@type":"WebSite","@id":"https:\/\/ibc.ee\/et\/#website","url":"https:\/\/ibc.ee\/et\/","name":"IBC konteineri m&uuml;&uuml;k, vaadid, kraanid, mahutid","description":"IBC - Tank container valve, Adapters\\fittings, Intermediate bulk, container, Drums\/cans","potentialAction":[{"@type":"SearchAction","target":{"@type":"EntryPoint","urlTemplate":"https:\/\/ibc.ee\/et\/?s={search_term_string}"},"query-input":{"@type":"PropertyValueSpecification","valueRequired":true,"valueName":"search_term_string"}}],"inLanguage":"et"}]}},"_links":{"self":[{"href":"https:\/\/ibc.ee\/et\/wp-json\/wp\/v2\/product\/15478","targetHints":{"allow":["GET"]}}],"collection":[{"href":"https:\/\/ibc.ee\/et\/wp-json\/wp\/v2\/product"}],"about":[{"href":"https:\/\/ibc.ee\/et\/wp-json\/wp\/v2\/types\/product"}],"wp:featuredmedia":[{"embeddable":true,"href":"https:\/\/ibc.ee\/et\/wp-json\/wp\/v2\/media\/24266"}],"wp:attachment":[{"href":"https:\/\/ibc.ee\/et\/wp-json\/wp\/v2\/media?parent=15478"}],"wp:term":[{"taxonomy":"product_brand","embeddable":true,"href":"https:\/\/ibc.ee\/et\/wp-json\/wp\/v2\/product_brand?post=15478"},{"taxonomy":"product_cat","embeddable":true,"href":"https:\/\/ibc.ee\/et\/wp-json\/wp\/v2\/product_cat?post=15478"},{"taxonomy":"product_tag","embeddable":true,"href":"https:\/\/ibc.ee\/et\/wp-json\/wp\/v2\/product_tag?post=15478"}],"curies":[{"name":"wp","href":"https:\/\/api.w.org\/{rel}","templated":true}]}}