{"id":15483,"date":"2018-06-04T17:21:35","date_gmt":"2018-06-04T17:21:36","guid":{"rendered":"https:\/\/ibc.ee\/?post_type=product&#038;p=15483"},"modified":"2025-07-31T22:25:08","modified_gmt":"2025-07-31T20:25:08","slug":"techcube-ibc-1000-must-taastatud-un-sertifikaadiga","status":"publish","type":"product","link":"https:\/\/ibc.ee\/et\/toode\/techcube-ibc-1000-must-taastatud-un-sertifikaadiga\/","title":{"rendered":"TechCube IBC 1000 must, taastatud, UN sertifikaadiga"},"content":{"rendered":"<p>IBC 1000l B t\u00fc\u00fcpi keskmise suurusega mahuti plast-, metall- v\u00f5i puitkaubaalustel. Mahuti on alt kraaniga ja pealt suure korgiga. \u00dclemine kork 150 mm. Alumine osa 2-tollise keermega (60&#215;6). <\/p>\n<p><strong>Miks valida must IBC-paak tavaliste IBC-de asemel?<\/strong><br \/>\nErinevalt tavalistest l\u00e4bipaistvatest IBC-dest blokeerib must IBC-konteiner UV-kiiri, hoides \u00e4ra valguse k\u00e4es viibimise, mis v\u00f5ib p\u00f5hjustada vetikate kasvu. See omadus hoiab ladustatud vedelikke kauem v\u00e4rskena, muutes mustad IBC-d ideaalseks rakenduste jaoks, kus vedeliku terviklikkus on kriitilise t\u00e4htsusega. <\/p>\n<p><strong>UN poolt heaks kiidetud vedelike ladustamiseks<br \/>\nS<\/strong>ee must IBC-paak vastab UN sertifitseerimisstandarditele, tagades ohtlike ja mitteohtlike vedelike ladustamise n\u00f5uetele vastavuse. See paak pakub ohutut ja heakskiidetud ladustamisv\u00f5imalust, olenemata sellest, kas seda kasutatakse t\u00f6\u00f6stuskemikaalide, p\u00f5llumajanduslike lahenduste v\u00f5i \u00fcldise vedeltranspordi jaoks. <\/p>\n<p><strong>Olulised kaalutlused<\/strong><br \/>\nKuigi meie m\u00fc\u00fcgil olev must IBC on professionaalselt puhastatud ja taastatud, v\u00f5ivad j\u00e4\u00e4da v\u00e4ikesed j\u00e4ljed eelnevalt ladustatud vedelikest. Sel p\u00f5hjusel ei sobi need IBC-d joogivee ega toiduainetega seotud toodete jaoks. Kui vajate konteinerit tarbekaupade ladustamiseks, soovitame valida uue v\u00f5i \u00fcmberpudeldatud IBC-paagi.  <\/p>\n","protected":false},"excerpt":{"rendered":"<p>Taaskasutatud ja pestud IBC-paak kehtiva UN sertifikaadiga. Ideaalne ohtlike vedelike, tehniliste kemikaalide ja p\u00f5llumajandusliku t\u00f6\u00f6stusliku ladustamise jaoks. Ideaalne ka niisutusvee jaoks. Sobib ideaalselt kastmisvee jaoks aeda. Must UV-kindel paak aitab v\u00e4ltida vetikate kasvu ja hoiab vee kauem puhtana.   <\/p>\n<p><strong>Levinud rakendused h\u00f5lmavad j\u00e4rgmist:<\/strong><\/p>\n<p>&#8211; Tehnilised vedelikud ja t\u00f6\u00f6stusvedelikud: sobivad ohtlike ja mitteohtlike vedelike, diislik\u00fctuse, \u00f5lide, kasutatud \u00f5li (j\u00e4\u00e4tme\u00f5li), lahustite, antifriisi, h\u00fcdrauliliste vedelike hoidmiseks.<br \/>\n&#8211; P\u00f5llumajandus ja niisutus: niisutusvesi, v\u00e4etiselahused, vedelad toitained, pestitsiidid, herbitsiidid, katlakivi eemaldamise vedelikud, niisutuskemikaalid v\u00f5i kompostiteed.<br \/>\n&#8211; Keemiat\u00f6\u00f6stus: puhastusvahendid, happed, leelised, tootmisprotsessi j\u00e4\u00e4gid, ajutised j\u00e4\u00e4tmevedelikud (enne utiliseerimist).<br \/>\n&#8211; Ehitus ja tootmine: betoonipesuvesi, hermeetikud, liimid, v\u00e4rvij\u00e4\u00e4tmed, vuugit\u00e4itevesi, bituumenisegud, ehitusplatsi puhastus- v\u00f5i loputuspaagid.<\/p>\n","protected":false},"featured_media":24097,"template":"","meta":[],"product_brand":[],"product_cat":[178],"product_tag":[],"class_list":{"0":"post-15483","1":"product","2":"type-product","3":"status-publish","4":"has-post-thumbnail","6":"product_cat-ibckanistrid","7":"product_shipping_class-containers-et","9":"first","10":"instock","11":"taxable","12":"shipping-taxable","13":"purchasable","14":"product-type-simple"},"yoast_head":"<!-- This site is optimized with the Yoast SEO plugin v26.9 - https:\/\/yoast.com\/product\/yoast-seo-wordpress\/ -->\n<title>TechCube IBC 1000 must, taastatud, UN sertifikaadiga - IBC konteineri m&uuml;&uuml;k, vaadid, kraanid, mahutid<\/title>\n<meta name=\"description\" content=\"Taaskasutatud ja pestud IBC-konteiner kehtiva UN sertifikaadiga. Ideaalne ohtlike vedelike, tehniliste kemikaalide, p\u00f5llumajandusliku ja t\u00f6\u00f6stusliku ladustamise ning mittejoogivees\u00fcsteemide jaoks.\" \/>\n<meta name=\"robots\" content=\"index, follow, max-snippet:-1, max-image-preview:large, max-video-preview:-1\" \/>\n<link rel=\"canonical\" href=\"https:\/\/ibc.ee\/et\/toode\/techcube-ibc-1000-must-taastatud-un-sertifikaadiga\/\" \/>\n<meta property=\"og:locale\" content=\"et_EE\" \/>\n<meta property=\"og:type\" content=\"article\" \/>\n<meta property=\"og:title\" content=\"TechCube IBC 1000 must, taastatud, UN sertifikaadiga - IBC konteineri m&uuml;&uuml;k, vaadid, kraanid, mahutid\" \/>\n<meta property=\"og:description\" content=\"Taaskasutatud ja pestud IBC-konteiner kehtiva UN sertifikaadiga. Ideaalne ohtlike vedelike, tehniliste kemikaalide, p\u00f5llumajandusliku ja t\u00f6\u00f6stusliku ladustamise ning mittejoogivees\u00fcsteemide jaoks.\" \/>\n<meta property=\"og:url\" content=\"https:\/\/ibc.ee\/et\/toode\/techcube-ibc-1000-must-taastatud-un-sertifikaadiga\/\" \/>\n<meta property=\"og:site_name\" content=\"IBC konteineri m&uuml;&uuml;k, vaadid, kraanid, mahutid\" \/>\n<meta property=\"article:modified_time\" content=\"2025-07-31T20:25:08+00:00\" \/>\n<meta property=\"og:image\" content=\"https:\/\/ibc.ee\/wp-content\/uploads\/2018\/06\/Black-1000L-Reconditioned-IBC-with-UN-Certificate.jpg\" \/>\n\t<meta property=\"og:image:width\" content=\"1000\" \/>\n\t<meta property=\"og:image:height\" content=\"1000\" \/>\n\t<meta property=\"og:image:type\" content=\"image\/jpeg\" \/>\n<meta name=\"twitter:card\" content=\"summary_large_image\" \/>\n<meta name=\"twitter:label1\" content=\"Est. reading time\" \/>\n\t<meta name=\"twitter:data1\" content=\"1 minut\" \/>\n<script type=\"application\/ld+json\" class=\"yoast-schema-graph\">{\"@context\":\"https:\/\/schema.org\",\"@graph\":[{\"@type\":\"WebPage\",\"@id\":\"https:\/\/ibc.ee\/et\/toode\/techcube-ibc-1000-must-taastatud-un-sertifikaadiga\/\",\"url\":\"https:\/\/ibc.ee\/et\/toode\/techcube-ibc-1000-must-taastatud-un-sertifikaadiga\/\",\"name\":\"TechCube IBC 1000 must, taastatud, UN sertifikaadiga - IBC konteineri m&uuml;&uuml;k, vaadid, kraanid, mahutid\",\"isPartOf\":{\"@id\":\"https:\/\/www.ibc.ee\/et\/#website\"},\"primaryImageOfPage\":{\"@id\":\"https:\/\/ibc.ee\/et\/toode\/techcube-ibc-1000-must-taastatud-un-sertifikaadiga\/#primaryimage\"},\"image\":{\"@id\":\"https:\/\/ibc.ee\/et\/toode\/techcube-ibc-1000-must-taastatud-un-sertifikaadiga\/#primaryimage\"},\"thumbnailUrl\":\"https:\/\/ibc.ee\/wp-content\/uploads\/2018\/06\/Black-1000L-Reconditioned-IBC-with-UN-Certificate.jpg\",\"datePublished\":\"2018-06-04T17:21:36+00:00\",\"dateModified\":\"2025-07-31T20:25:08+00:00\",\"description\":\"Taaskasutatud ja pestud IBC-konteiner kehtiva UN sertifikaadiga. Ideaalne ohtlike vedelike, tehniliste kemikaalide, p\u00f5llumajandusliku ja t\u00f6\u00f6stusliku ladustamise ning mittejoogivees\u00fcsteemide jaoks.\",\"breadcrumb\":{\"@id\":\"https:\/\/ibc.ee\/et\/toode\/techcube-ibc-1000-must-taastatud-un-sertifikaadiga\/#breadcrumb\"},\"inLanguage\":\"et\",\"potentialAction\":[{\"@type\":\"ReadAction\",\"target\":[\"https:\/\/ibc.ee\/et\/toode\/techcube-ibc-1000-must-taastatud-un-sertifikaadiga\/\"]}]},{\"@type\":\"ImageObject\",\"inLanguage\":\"et\",\"@id\":\"https:\/\/ibc.ee\/et\/toode\/techcube-ibc-1000-must-taastatud-un-sertifikaadiga\/#primaryimage\",\"url\":\"https:\/\/ibc.ee\/wp-content\/uploads\/2018\/06\/Black-1000L-Reconditioned-IBC-with-UN-Certificate.jpg\",\"contentUrl\":\"https:\/\/ibc.ee\/wp-content\/uploads\/2018\/06\/Black-1000L-Reconditioned-IBC-with-UN-Certificate.jpg\",\"width\":1000,\"height\":1000,\"caption\":\"Black 1000L Reconditioned IBC with UN Certificate\"},{\"@type\":\"BreadcrumbList\",\"@id\":\"https:\/\/ibc.ee\/et\/toode\/techcube-ibc-1000-must-taastatud-un-sertifikaadiga\/#breadcrumb\",\"itemListElement\":[{\"@type\":\"ListItem\",\"position\":1,\"name\":\"\u0413\u043b\u0430\u0432\u043d\u0430\u044f \u0441\u0442\u0440\u0430\u043d\u0438\u0446\u0430\",\"item\":\"https:\/\/ibc.ee\/et\/\"},{\"@type\":\"ListItem\",\"position\":2,\"name\":\"Pood\",\"item\":\"https:\/\/ibc.ee\/et\/shop\/\"},{\"@type\":\"ListItem\",\"position\":3,\"name\":\"TechCube IBC 1000 must, taastatud, UN sertifikaadiga\"}]},{\"@type\":\"WebSite\",\"@id\":\"https:\/\/www.ibc.ee\/et\/#website\",\"url\":\"https:\/\/www.ibc.ee\/et\/\",\"name\":\"IBC konteineri m&uuml;&uuml;k, vaadid, kraanid, mahutid\",\"description\":\"IBC - Tank container valve, Adapters\\\\fittings, Intermediate bulk, container, Drums\/cans\",\"potentialAction\":[{\"@type\":\"SearchAction\",\"target\":{\"@type\":\"EntryPoint\",\"urlTemplate\":\"https:\/\/www.ibc.ee\/et\/?s={search_term_string}\"},\"query-input\":{\"@type\":\"PropertyValueSpecification\",\"valueRequired\":true,\"valueName\":\"search_term_string\"}}],\"inLanguage\":\"et\"}]}<\/script>\n<!-- \/ Yoast SEO plugin. -->","yoast_head_json":{"title":"TechCube IBC 1000 must, taastatud, UN sertifikaadiga - IBC konteineri m&uuml;&uuml;k, vaadid, kraanid, mahutid","description":"Taaskasutatud ja pestud IBC-konteiner kehtiva UN sertifikaadiga. Ideaalne ohtlike vedelike, tehniliste kemikaalide, p\u00f5llumajandusliku ja t\u00f6\u00f6stusliku ladustamise ning mittejoogivees\u00fcsteemide jaoks.","robots":{"index":"index","follow":"follow","max-snippet":"max-snippet:-1","max-image-preview":"max-image-preview:large","max-video-preview":"max-video-preview:-1"},"canonical":"https:\/\/ibc.ee\/et\/toode\/techcube-ibc-1000-must-taastatud-un-sertifikaadiga\/","og_locale":"et_EE","og_type":"article","og_title":"TechCube IBC 1000 must, taastatud, UN sertifikaadiga - IBC konteineri m&uuml;&uuml;k, vaadid, kraanid, mahutid","og_description":"Taaskasutatud ja pestud IBC-konteiner kehtiva UN sertifikaadiga. Ideaalne ohtlike vedelike, tehniliste kemikaalide, p\u00f5llumajandusliku ja t\u00f6\u00f6stusliku ladustamise ning mittejoogivees\u00fcsteemide jaoks.","og_url":"https:\/\/ibc.ee\/et\/toode\/techcube-ibc-1000-must-taastatud-un-sertifikaadiga\/","og_site_name":"IBC konteineri m&uuml;&uuml;k, vaadid, kraanid, mahutid","article_modified_time":"2025-07-31T20:25:08+00:00","og_image":[{"width":1000,"height":1000,"url":"https:\/\/ibc.ee\/wp-content\/uploads\/2018\/06\/Black-1000L-Reconditioned-IBC-with-UN-Certificate.jpg","type":"image\/jpeg"}],"twitter_card":"summary_large_image","twitter_misc":{"Est. reading time":"1 minut"},"schema":{"@context":"https:\/\/schema.org","@graph":[{"@type":"WebPage","@id":"https:\/\/ibc.ee\/et\/toode\/techcube-ibc-1000-must-taastatud-un-sertifikaadiga\/","url":"https:\/\/ibc.ee\/et\/toode\/techcube-ibc-1000-must-taastatud-un-sertifikaadiga\/","name":"TechCube IBC 1000 must, taastatud, UN sertifikaadiga - IBC konteineri m&uuml;&uuml;k, vaadid, kraanid, mahutid","isPartOf":{"@id":"https:\/\/www.ibc.ee\/et\/#website"},"primaryImageOfPage":{"@id":"https:\/\/ibc.ee\/et\/toode\/techcube-ibc-1000-must-taastatud-un-sertifikaadiga\/#primaryimage"},"image":{"@id":"https:\/\/ibc.ee\/et\/toode\/techcube-ibc-1000-must-taastatud-un-sertifikaadiga\/#primaryimage"},"thumbnailUrl":"https:\/\/ibc.ee\/wp-content\/uploads\/2018\/06\/Black-1000L-Reconditioned-IBC-with-UN-Certificate.jpg","datePublished":"2018-06-04T17:21:36+00:00","dateModified":"2025-07-31T20:25:08+00:00","description":"Taaskasutatud ja pestud IBC-konteiner kehtiva UN sertifikaadiga. Ideaalne ohtlike vedelike, tehniliste kemikaalide, p\u00f5llumajandusliku ja t\u00f6\u00f6stusliku ladustamise ning mittejoogivees\u00fcsteemide jaoks.","breadcrumb":{"@id":"https:\/\/ibc.ee\/et\/toode\/techcube-ibc-1000-must-taastatud-un-sertifikaadiga\/#breadcrumb"},"inLanguage":"et","potentialAction":[{"@type":"ReadAction","target":["https:\/\/ibc.ee\/et\/toode\/techcube-ibc-1000-must-taastatud-un-sertifikaadiga\/"]}]},{"@type":"ImageObject","inLanguage":"et","@id":"https:\/\/ibc.ee\/et\/toode\/techcube-ibc-1000-must-taastatud-un-sertifikaadiga\/#primaryimage","url":"https:\/\/ibc.ee\/wp-content\/uploads\/2018\/06\/Black-1000L-Reconditioned-IBC-with-UN-Certificate.jpg","contentUrl":"https:\/\/ibc.ee\/wp-content\/uploads\/2018\/06\/Black-1000L-Reconditioned-IBC-with-UN-Certificate.jpg","width":1000,"height":1000,"caption":"Black 1000L Reconditioned IBC with UN Certificate"},{"@type":"BreadcrumbList","@id":"https:\/\/ibc.ee\/et\/toode\/techcube-ibc-1000-must-taastatud-un-sertifikaadiga\/#breadcrumb","itemListElement":[{"@type":"ListItem","position":1,"name":"\u0413\u043b\u0430\u0432\u043d\u0430\u044f \u0441\u0442\u0440\u0430\u043d\u0438\u0446\u0430","item":"https:\/\/ibc.ee\/et\/"},{"@type":"ListItem","position":2,"name":"Pood","item":"https:\/\/ibc.ee\/et\/shop\/"},{"@type":"ListItem","position":3,"name":"TechCube IBC 1000 must, taastatud, UN sertifikaadiga"}]},{"@type":"WebSite","@id":"https:\/\/www.ibc.ee\/et\/#website","url":"https:\/\/www.ibc.ee\/et\/","name":"IBC konteineri m&uuml;&uuml;k, vaadid, kraanid, mahutid","description":"IBC - Tank container valve, Adapters\\fittings, Intermediate bulk, container, Drums\/cans","potentialAction":[{"@type":"SearchAction","target":{"@type":"EntryPoint","urlTemplate":"https:\/\/www.ibc.ee\/et\/?s={search_term_string}"},"query-input":{"@type":"PropertyValueSpecification","valueRequired":true,"valueName":"search_term_string"}}],"inLanguage":"et"}]}},"_links":{"self":[{"href":"https:\/\/ibc.ee\/et\/wp-json\/wp\/v2\/product\/15483","targetHints":{"allow":["GET"]}}],"collection":[{"href":"https:\/\/ibc.ee\/et\/wp-json\/wp\/v2\/product"}],"about":[{"href":"https:\/\/ibc.ee\/et\/wp-json\/wp\/v2\/types\/product"}],"wp:featuredmedia":[{"embeddable":true,"href":"https:\/\/ibc.ee\/et\/wp-json\/wp\/v2\/media\/24097"}],"wp:attachment":[{"href":"https:\/\/ibc.ee\/et\/wp-json\/wp\/v2\/media?parent=15483"}],"wp:term":[{"taxonomy":"product_brand","embeddable":true,"href":"https:\/\/ibc.ee\/et\/wp-json\/wp\/v2\/product_brand?post=15483"},{"taxonomy":"product_cat","embeddable":true,"href":"https:\/\/ibc.ee\/et\/wp-json\/wp\/v2\/product_cat?post=15483"},{"taxonomy":"product_tag","embeddable":true,"href":"https:\/\/ibc.ee\/et\/wp-json\/wp\/v2\/product_tag?post=15483"}],"curies":[{"name":"wp","href":"https:\/\/api.w.org\/{rel}","templated":true}]}}