{"id":15491,"date":"2018-06-04T17:31:54","date_gmt":"2018-06-04T17:31:54","guid":{"rendered":"https:\/\/ibc.ee\/?post_type=product&#038;p=15491"},"modified":"2025-07-04T15:13:38","modified_gmt":"2025-07-04T13:13:38","slug":"pureflowcube-ibc-1000-korgekvaliteediline-pestud-fda-mahuti","status":"publish","type":"product","link":"https:\/\/ibc.ee\/et\/toode\/pureflowcube-ibc-1000-korgekvaliteediline-pestud-fda-mahuti\/","title":{"rendered":"PureFlowCube IBC 1000 k\u00f5rgekvaliteediline pestud FDA mahuti"},"content":{"rendered":"<p><strong>Mis on k\u00f5rgekvaliteediline pestud IBC?<\/strong> <\/p>\n<p>Kuigi konteiner oli algselt sertifitseeritud kokkupuuteks toiduga, ei ole see enam ametlikult toidukvaliteediga, kuna seda on kasutatud ja sellel puudub kehtiv sertifikaat. Siiski on see t\u00e4nu oma puhtale kasutusloole ja hoolikale k\u00e4itlemisele endiselt populaarne ja soodne valik joogivee ning muude mitte-kriitiliste toiduga seotud vedelike jaoks. <\/p>\n<p>Kuluefektiivne lahendus kasutajatele, kes otsivad ohutut ja puhast vedelike hoiustamist, kus t\u00e4ielik sertifitseeritus ei ole n\u00f5utav.<\/p>\n<p><strong>T\u00e4htsad m\u00e4rkused:<\/strong><br \/>\n&#8211; Kasutatud konteiner \u2013 varem t\u00e4idetud toidukvaliteediga toodetega<br \/>\n&#8211; Puudub kehtiv FDA\/toidukvaliteedi sertifikaat<br \/>\n&#8211; Ei ole soovitatav kasutada kaubanduslikuks toidutootmiseks ega ametlikult toiduainetega seotud rakendustes<br \/>\n&#8211; V\u00f5ib esineda kergeid kasutusj\u00e4lgi (nt v\u00e4rvimuutus, l\u00f5hn, j\u00e4\u00e4gid)<\/p>\n<p><strong>T\u00fc\u00fcpilised kasutusviisid:<\/strong><br \/>\n&#8211; Joogivee hoiustamine (ilma sertifikaadita kasutus)<br \/>\n&#8211; Vihmavee kogumine koduseks v\u00f5i aiakasutuseks<br \/>\n&#8211; Loomade joogiveevaru<br \/>\n&#8211; Vedel s\u00f6\u00f6t v\u00f5i taimeekstraktid<br \/>\n&#8211; Isetehtud veev\u00e4rgis\u00fcsteemid<br \/>\n&#8211; V\u00e4lidu\u0161id, valamud, niisutus- ja h\u00e4daolukorra vees\u00fcsteemid<\/p>\n","protected":false},"excerpt":{"rendered":"<p>Plastikmahuti \/ sisepudel on puhastatud ja lekketestitud. Vajadusel asendatakse k\u00f5ik kaaned, ventiilid v\u00f5i tihendid. See IBC konteiner on algselt valmistatud FDA-n\u00f5uetele vastavast toidukvaliteediga materjalist ning seda on kasutatud ainult toiduga seotud toodete (nagu s\u00f6\u00f6davad \u00f5lid, siirupid v\u00f5i joogikomponendid) jaoks.  <\/p>\n","protected":false},"featured_media":24163,"template":"","meta":[],"product_brand":[],"product_cat":[178],"product_tag":[],"class_list":{"0":"post-15491","1":"product","2":"type-product","3":"status-publish","4":"has-post-thumbnail","6":"product_cat-ibckanistrid","7":"product_shipping_class-containers-et","9":"first","10":"onbackorder","11":"taxable","12":"shipping-taxable","13":"purchasable","14":"product-type-simple"},"yoast_head":"<!-- This site is optimized with the Yoast SEO plugin v26.9 - https:\/\/yoast.com\/product\/yoast-seo-wordpress\/ -->\n<title>PureFlowCube IBC 1000 k\u00f5rgekvaliteediline pestud FDA mahuti<\/title>\n<meta name=\"description\" content=\"See IBC konteiner on algselt valmistatud FDA-n\u00f5uetele vastavast toidukvaliteediga materjalist ning seda on kasutatud ainult toiduga seotud toodete (n\u00e4iteks s\u00f6\u00f6davad \u00f5lid jne) jaoks.\" \/>\n<meta name=\"robots\" content=\"index, follow, max-snippet:-1, max-image-preview:large, max-video-preview:-1\" \/>\n<link rel=\"canonical\" href=\"https:\/\/ibc.ee\/et\/toode\/pureflowcube-ibc-1000-korgekvaliteediline-pestud-fda-mahuti\/\" \/>\n<meta property=\"og:locale\" content=\"et_EE\" \/>\n<meta property=\"og:type\" content=\"article\" \/>\n<meta property=\"og:title\" content=\"PureFlowCube IBC 1000 k\u00f5rgekvaliteediline pestud FDA mahuti\" \/>\n<meta property=\"og:description\" content=\"See IBC konteiner on algselt valmistatud FDA-n\u00f5uetele vastavast toidukvaliteediga materjalist ning seda on kasutatud ainult toiduga seotud toodete (n\u00e4iteks s\u00f6\u00f6davad \u00f5lid jne) jaoks.\" \/>\n<meta property=\"og:url\" content=\"https:\/\/ibc.ee\/et\/toode\/pureflowcube-ibc-1000-korgekvaliteediline-pestud-fda-mahuti\/\" \/>\n<meta property=\"og:site_name\" content=\"IBC konteineri m&uuml;&uuml;k, vaadid, kraanid, mahutid\" \/>\n<meta property=\"article:modified_time\" content=\"2025-07-04T13:13:38+00:00\" \/>\n<meta property=\"og:image\" content=\"https:\/\/ibc.ee\/wp-content\/uploads\/2018\/06\/PureFlowCube-IBC-1000-high-quality-washed-food-based-tank.jpg\" \/>\n\t<meta property=\"og:image:width\" content=\"1000\" \/>\n\t<meta property=\"og:image:height\" content=\"1000\" \/>\n\t<meta property=\"og:image:type\" content=\"image\/jpeg\" \/>\n<meta name=\"twitter:card\" content=\"summary_large_image\" \/>\n<meta name=\"twitter:label1\" content=\"Est. reading time\" \/>\n\t<meta name=\"twitter:data1\" content=\"1 minut\" \/>\n<script type=\"application\/ld+json\" class=\"yoast-schema-graph\">{\"@context\":\"https:\/\/schema.org\",\"@graph\":[{\"@type\":\"WebPage\",\"@id\":\"https:\/\/ibc.ee\/et\/toode\/pureflowcube-ibc-1000-korgekvaliteediline-pestud-fda-mahuti\/\",\"url\":\"https:\/\/ibc.ee\/et\/toode\/pureflowcube-ibc-1000-korgekvaliteediline-pestud-fda-mahuti\/\",\"name\":\"PureFlowCube IBC 1000 k\u00f5rgekvaliteediline pestud FDA mahuti\",\"isPartOf\":{\"@id\":\"https:\/\/www.ibc.ee\/et\/#website\"},\"primaryImageOfPage\":{\"@id\":\"https:\/\/ibc.ee\/et\/toode\/pureflowcube-ibc-1000-korgekvaliteediline-pestud-fda-mahuti\/#primaryimage\"},\"image\":{\"@id\":\"https:\/\/ibc.ee\/et\/toode\/pureflowcube-ibc-1000-korgekvaliteediline-pestud-fda-mahuti\/#primaryimage\"},\"thumbnailUrl\":\"https:\/\/ibc.ee\/wp-content\/uploads\/2018\/06\/PureFlowCube-IBC-1000-high-quality-washed-food-based-tank.jpg\",\"datePublished\":\"2018-06-04T17:31:54+00:00\",\"dateModified\":\"2025-07-04T13:13:38+00:00\",\"description\":\"See IBC konteiner on algselt valmistatud FDA-n\u00f5uetele vastavast toidukvaliteediga materjalist ning seda on kasutatud ainult toiduga seotud toodete (n\u00e4iteks s\u00f6\u00f6davad \u00f5lid jne) jaoks.\",\"breadcrumb\":{\"@id\":\"https:\/\/ibc.ee\/et\/toode\/pureflowcube-ibc-1000-korgekvaliteediline-pestud-fda-mahuti\/#breadcrumb\"},\"inLanguage\":\"et\",\"potentialAction\":[{\"@type\":\"ReadAction\",\"target\":[\"https:\/\/ibc.ee\/et\/toode\/pureflowcube-ibc-1000-korgekvaliteediline-pestud-fda-mahuti\/\"]}]},{\"@type\":\"ImageObject\",\"inLanguage\":\"et\",\"@id\":\"https:\/\/ibc.ee\/et\/toode\/pureflowcube-ibc-1000-korgekvaliteediline-pestud-fda-mahuti\/#primaryimage\",\"url\":\"https:\/\/ibc.ee\/wp-content\/uploads\/2018\/06\/PureFlowCube-IBC-1000-high-quality-washed-food-based-tank.jpg\",\"contentUrl\":\"https:\/\/ibc.ee\/wp-content\/uploads\/2018\/06\/PureFlowCube-IBC-1000-high-quality-washed-food-based-tank.jpg\",\"width\":1000,\"height\":1000,\"caption\":\"PureFlowCube IBC 1000 high-quality washed FDA tank\"},{\"@type\":\"BreadcrumbList\",\"@id\":\"https:\/\/ibc.ee\/et\/toode\/pureflowcube-ibc-1000-korgekvaliteediline-pestud-fda-mahuti\/#breadcrumb\",\"itemListElement\":[{\"@type\":\"ListItem\",\"position\":1,\"name\":\"\u0413\u043b\u0430\u0432\u043d\u0430\u044f \u0441\u0442\u0440\u0430\u043d\u0438\u0446\u0430\",\"item\":\"https:\/\/ibc.ee\/et\/\"},{\"@type\":\"ListItem\",\"position\":2,\"name\":\"Pood\",\"item\":\"https:\/\/ibc.ee\/et\/shop\/\"},{\"@type\":\"ListItem\",\"position\":3,\"name\":\"PureFlowCube IBC 1000 k\u00f5rgekvaliteediline pestud FDA mahuti\"}]},{\"@type\":\"WebSite\",\"@id\":\"https:\/\/www.ibc.ee\/et\/#website\",\"url\":\"https:\/\/www.ibc.ee\/et\/\",\"name\":\"IBC konteineri m&uuml;&uuml;k, vaadid, kraanid, mahutid\",\"description\":\"IBC - Tank container valve, Adapters\\\\fittings, Intermediate bulk, container, Drums\/cans\",\"potentialAction\":[{\"@type\":\"SearchAction\",\"target\":{\"@type\":\"EntryPoint\",\"urlTemplate\":\"https:\/\/www.ibc.ee\/et\/?s={search_term_string}\"},\"query-input\":{\"@type\":\"PropertyValueSpecification\",\"valueRequired\":true,\"valueName\":\"search_term_string\"}}],\"inLanguage\":\"et\"}]}<\/script>\n<!-- \/ Yoast SEO plugin. -->","yoast_head_json":{"title":"PureFlowCube IBC 1000 k\u00f5rgekvaliteediline pestud FDA mahuti","description":"See IBC konteiner on algselt valmistatud FDA-n\u00f5uetele vastavast toidukvaliteediga materjalist ning seda on kasutatud ainult toiduga seotud toodete (n\u00e4iteks s\u00f6\u00f6davad \u00f5lid jne) jaoks.","robots":{"index":"index","follow":"follow","max-snippet":"max-snippet:-1","max-image-preview":"max-image-preview:large","max-video-preview":"max-video-preview:-1"},"canonical":"https:\/\/ibc.ee\/et\/toode\/pureflowcube-ibc-1000-korgekvaliteediline-pestud-fda-mahuti\/","og_locale":"et_EE","og_type":"article","og_title":"PureFlowCube IBC 1000 k\u00f5rgekvaliteediline pestud FDA mahuti","og_description":"See IBC konteiner on algselt valmistatud FDA-n\u00f5uetele vastavast toidukvaliteediga materjalist ning seda on kasutatud ainult toiduga seotud toodete (n\u00e4iteks s\u00f6\u00f6davad \u00f5lid jne) jaoks.","og_url":"https:\/\/ibc.ee\/et\/toode\/pureflowcube-ibc-1000-korgekvaliteediline-pestud-fda-mahuti\/","og_site_name":"IBC konteineri m&uuml;&uuml;k, vaadid, kraanid, mahutid","article_modified_time":"2025-07-04T13:13:38+00:00","og_image":[{"width":1000,"height":1000,"url":"https:\/\/ibc.ee\/wp-content\/uploads\/2018\/06\/PureFlowCube-IBC-1000-high-quality-washed-food-based-tank.jpg","type":"image\/jpeg"}],"twitter_card":"summary_large_image","twitter_misc":{"Est. reading time":"1 minut"},"schema":{"@context":"https:\/\/schema.org","@graph":[{"@type":"WebPage","@id":"https:\/\/ibc.ee\/et\/toode\/pureflowcube-ibc-1000-korgekvaliteediline-pestud-fda-mahuti\/","url":"https:\/\/ibc.ee\/et\/toode\/pureflowcube-ibc-1000-korgekvaliteediline-pestud-fda-mahuti\/","name":"PureFlowCube IBC 1000 k\u00f5rgekvaliteediline pestud FDA mahuti","isPartOf":{"@id":"https:\/\/www.ibc.ee\/et\/#website"},"primaryImageOfPage":{"@id":"https:\/\/ibc.ee\/et\/toode\/pureflowcube-ibc-1000-korgekvaliteediline-pestud-fda-mahuti\/#primaryimage"},"image":{"@id":"https:\/\/ibc.ee\/et\/toode\/pureflowcube-ibc-1000-korgekvaliteediline-pestud-fda-mahuti\/#primaryimage"},"thumbnailUrl":"https:\/\/ibc.ee\/wp-content\/uploads\/2018\/06\/PureFlowCube-IBC-1000-high-quality-washed-food-based-tank.jpg","datePublished":"2018-06-04T17:31:54+00:00","dateModified":"2025-07-04T13:13:38+00:00","description":"See IBC konteiner on algselt valmistatud FDA-n\u00f5uetele vastavast toidukvaliteediga materjalist ning seda on kasutatud ainult toiduga seotud toodete (n\u00e4iteks s\u00f6\u00f6davad \u00f5lid jne) jaoks.","breadcrumb":{"@id":"https:\/\/ibc.ee\/et\/toode\/pureflowcube-ibc-1000-korgekvaliteediline-pestud-fda-mahuti\/#breadcrumb"},"inLanguage":"et","potentialAction":[{"@type":"ReadAction","target":["https:\/\/ibc.ee\/et\/toode\/pureflowcube-ibc-1000-korgekvaliteediline-pestud-fda-mahuti\/"]}]},{"@type":"ImageObject","inLanguage":"et","@id":"https:\/\/ibc.ee\/et\/toode\/pureflowcube-ibc-1000-korgekvaliteediline-pestud-fda-mahuti\/#primaryimage","url":"https:\/\/ibc.ee\/wp-content\/uploads\/2018\/06\/PureFlowCube-IBC-1000-high-quality-washed-food-based-tank.jpg","contentUrl":"https:\/\/ibc.ee\/wp-content\/uploads\/2018\/06\/PureFlowCube-IBC-1000-high-quality-washed-food-based-tank.jpg","width":1000,"height":1000,"caption":"PureFlowCube IBC 1000 high-quality washed FDA tank"},{"@type":"BreadcrumbList","@id":"https:\/\/ibc.ee\/et\/toode\/pureflowcube-ibc-1000-korgekvaliteediline-pestud-fda-mahuti\/#breadcrumb","itemListElement":[{"@type":"ListItem","position":1,"name":"\u0413\u043b\u0430\u0432\u043d\u0430\u044f \u0441\u0442\u0440\u0430\u043d\u0438\u0446\u0430","item":"https:\/\/ibc.ee\/et\/"},{"@type":"ListItem","position":2,"name":"Pood","item":"https:\/\/ibc.ee\/et\/shop\/"},{"@type":"ListItem","position":3,"name":"PureFlowCube IBC 1000 k\u00f5rgekvaliteediline pestud FDA mahuti"}]},{"@type":"WebSite","@id":"https:\/\/www.ibc.ee\/et\/#website","url":"https:\/\/www.ibc.ee\/et\/","name":"IBC konteineri m&uuml;&uuml;k, vaadid, kraanid, mahutid","description":"IBC - Tank container valve, Adapters\\fittings, Intermediate bulk, container, Drums\/cans","potentialAction":[{"@type":"SearchAction","target":{"@type":"EntryPoint","urlTemplate":"https:\/\/www.ibc.ee\/et\/?s={search_term_string}"},"query-input":{"@type":"PropertyValueSpecification","valueRequired":true,"valueName":"search_term_string"}}],"inLanguage":"et"}]}},"_links":{"self":[{"href":"https:\/\/ibc.ee\/et\/wp-json\/wp\/v2\/product\/15491","targetHints":{"allow":["GET"]}}],"collection":[{"href":"https:\/\/ibc.ee\/et\/wp-json\/wp\/v2\/product"}],"about":[{"href":"https:\/\/ibc.ee\/et\/wp-json\/wp\/v2\/types\/product"}],"wp:featuredmedia":[{"embeddable":true,"href":"https:\/\/ibc.ee\/et\/wp-json\/wp\/v2\/media\/24163"}],"wp:attachment":[{"href":"https:\/\/ibc.ee\/et\/wp-json\/wp\/v2\/media?parent=15491"}],"wp:term":[{"taxonomy":"product_brand","embeddable":true,"href":"https:\/\/ibc.ee\/et\/wp-json\/wp\/v2\/product_brand?post=15491"},{"taxonomy":"product_cat","embeddable":true,"href":"https:\/\/ibc.ee\/et\/wp-json\/wp\/v2\/product_cat?post=15491"},{"taxonomy":"product_tag","embeddable":true,"href":"https:\/\/ibc.ee\/et\/wp-json\/wp\/v2\/product_tag?post=15491"}],"curies":[{"name":"wp","href":"https:\/\/api.w.org\/{rel}","templated":true}]}}