{"id":15495,"date":"2018-06-04T17:34:07","date_gmt":"2018-06-04T17:34:07","guid":{"rendered":"https:\/\/ibc.ee\/?post_type=product&#038;p=15495"},"modified":"2025-07-10T10:26:00","modified_gmt":"2025-07-10T08:26:00","slug":"renewcube-ibc-1000-uue-sisemahuti-taastatud-ibc-konteiner","status":"publish","type":"product","link":"https:\/\/ibc.ee\/et\/toode\/renewcube-ibc-1000-uue-sisemahuti-taastatud-ibc-konteiner\/","title":{"rendered":"ReNewCube IBC 1000 \u2013 Uue sisemahuti taastatud IBC konteiner"},"content":{"rendered":"<p>Plast-, metalli-v\u00f5i puitkaubaalustel olev konteiner. K\u00f5igil reservuaaridel, mille all on t\u00f6\u00f6tav kraana, on m\u00f5\u00f5teskaala ja pealtpoolt lai kaas. Mahutil on metallraam.<\/p>\n<p>Samuti saame pakkuda adapterid ja erinevate kraanad (sf\u00e4\u00e4riline kraana, kraan liblikas, kraana ventiil) IBC konteinerid.<\/p>\n<p><strong>Tehnilised andmed:<\/strong><br \/>\n&#8211; Alumine v\u00e4ljalase: 50 mm (2&#8243;) integreeritud liblikklapp, S60x6 v\u00e4line keere \u2013 \u00fchilduv enamiku standardsete \u00fchendustega<br \/>\n&#8211; \u00dclemine t\u00e4iteava: 150 mm (6&#8243;) mittev\u00f5hkuv keeratav kaas \u2013 mugav t\u00e4itmiseks ja kontrolliks<\/p>\n<p><strong>T\u00fc\u00fcpilised kasutusalad:<\/strong><br \/>\n&#8211; Vedelv\u00e4etised, niisutuslahused, kompostitee<br \/>\n&#8211; Tehnilised vedelikud ja puhastusained<br \/>\n&#8211; Vihmavee kogumine ja ladustamine (mitte joogiveeks)<br \/>\n&#8211; T\u00f6\u00f6stuslik loputusvesi v\u00f5i hallvesi<\/p>\n","protected":false},"excerpt":{"rendered":"<p><strong>ReNewCube IBC 1000 \u2013 Uue sisemahuti ja kasutatud raamiga taastatud IBC konteiner<\/strong><\/p>\n<p>ReNewCube IBC 1000 on kvaliteetne taastatud 1000-liitrine IBC konteiner, mis \u00fchendab t\u00e4iesti uue HDPE plastikust sisemahuti ja hoolikalt kontrollitud kasutatud tsingitud terasraami. See on s\u00e4\u00e4stlik ja kuluefektiivne lahendus vedelike hoiustamiseks, kus UN v\u00f5i FDA sertifikaate ei n\u00f5uta. <\/p>\n<p>See konteiner ei oma UN ega FDA sertifikaati. Sobib tehniliseks, p\u00f5llumajanduslikuks v\u00f5i mitte-toiduks kasutamiseks. Ei tohi kasutada ohtlike ainete v\u00f5i toidutootmise puhul. <\/p>\n","protected":false},"featured_media":24280,"template":"","meta":[],"product_brand":[],"product_cat":[178],"product_tag":[],"class_list":{"0":"post-15495","1":"product","2":"type-product","3":"status-publish","4":"has-post-thumbnail","6":"product_cat-ibckanistrid","7":"product_shipping_class-containers-et","9":"first","10":"onbackorder","11":"taxable","12":"shipping-taxable","13":"product-type-simple"},"yoast_head":"<!-- This site is optimized with the Yoast SEO plugin v26.9 - https:\/\/yoast.com\/product\/yoast-seo-wordpress\/ -->\n<title>ReNewCube IBC 1000 \u2013 Uue sisemahuti taastatud IBC konteiner - IBC konteineri m&uuml;&uuml;k, vaadid, kraanid, mahutid<\/title>\n<meta name=\"description\" content=\"ReNewCube IBC 1000 on kvaliteetne taastatud 1000-liitrine IBC konteiner, mis \u00fchendab t\u00e4iesti uue HDPE plastikust sisemahuti ja hoolikalt kontrollitud kasutatud tsingitud terasraami.\" \/>\n<meta name=\"robots\" content=\"index, follow, max-snippet:-1, max-image-preview:large, max-video-preview:-1\" \/>\n<link rel=\"canonical\" href=\"https:\/\/ibc.ee\/et\/toode\/renewcube-ibc-1000-uue-sisemahuti-taastatud-ibc-konteiner\/\" \/>\n<meta property=\"og:locale\" content=\"et_EE\" \/>\n<meta property=\"og:type\" content=\"article\" \/>\n<meta property=\"og:title\" content=\"ReNewCube IBC 1000 \u2013 Uue sisemahuti taastatud IBC konteiner - IBC konteineri m&uuml;&uuml;k, vaadid, kraanid, mahutid\" \/>\n<meta property=\"og:description\" content=\"ReNewCube IBC 1000 on kvaliteetne taastatud 1000-liitrine IBC konteiner, mis \u00fchendab t\u00e4iesti uue HDPE plastikust sisemahuti ja hoolikalt kontrollitud kasutatud tsingitud terasraami.\" \/>\n<meta property=\"og:url\" content=\"https:\/\/ibc.ee\/et\/toode\/renewcube-ibc-1000-uue-sisemahuti-taastatud-ibc-konteiner\/\" \/>\n<meta property=\"og:site_name\" content=\"IBC konteineri m&uuml;&uuml;k, vaadid, kraanid, mahutid\" \/>\n<meta property=\"article:modified_time\" content=\"2025-07-10T08:26:00+00:00\" \/>\n<meta property=\"og:image\" content=\"https:\/\/ibc.ee\/wp-content\/uploads\/2018\/06\/ReNewCube-IBC-1000-Rebottled-IBC.jpg\" \/>\n\t<meta property=\"og:image:width\" content=\"1000\" \/>\n\t<meta property=\"og:image:height\" content=\"1000\" \/>\n\t<meta property=\"og:image:type\" content=\"image\/jpeg\" \/>\n<meta name=\"twitter:card\" content=\"summary_large_image\" \/>\n<meta name=\"twitter:label1\" content=\"Est. reading time\" \/>\n\t<meta name=\"twitter:data1\" content=\"1 minut\" \/>\n<script type=\"application\/ld+json\" class=\"yoast-schema-graph\">{\"@context\":\"https:\/\/schema.org\",\"@graph\":[{\"@type\":\"WebPage\",\"@id\":\"https:\/\/ibc.ee\/et\/toode\/renewcube-ibc-1000-uue-sisemahuti-taastatud-ibc-konteiner\/\",\"url\":\"https:\/\/ibc.ee\/et\/toode\/renewcube-ibc-1000-uue-sisemahuti-taastatud-ibc-konteiner\/\",\"name\":\"ReNewCube IBC 1000 \u2013 Uue sisemahuti taastatud IBC konteiner - IBC konteineri m&uuml;&uuml;k, vaadid, kraanid, mahutid\",\"isPartOf\":{\"@id\":\"https:\/\/www.ibc.ee\/et\/#website\"},\"primaryImageOfPage\":{\"@id\":\"https:\/\/ibc.ee\/et\/toode\/renewcube-ibc-1000-uue-sisemahuti-taastatud-ibc-konteiner\/#primaryimage\"},\"image\":{\"@id\":\"https:\/\/ibc.ee\/et\/toode\/renewcube-ibc-1000-uue-sisemahuti-taastatud-ibc-konteiner\/#primaryimage\"},\"thumbnailUrl\":\"https:\/\/ibc.ee\/wp-content\/uploads\/2018\/06\/ReNewCube-IBC-1000-Rebottled-IBC.jpg\",\"datePublished\":\"2018-06-04T17:34:07+00:00\",\"dateModified\":\"2025-07-10T08:26:00+00:00\",\"description\":\"ReNewCube IBC 1000 on kvaliteetne taastatud 1000-liitrine IBC konteiner, mis \u00fchendab t\u00e4iesti uue HDPE plastikust sisemahuti ja hoolikalt kontrollitud kasutatud tsingitud terasraami.\",\"breadcrumb\":{\"@id\":\"https:\/\/ibc.ee\/et\/toode\/renewcube-ibc-1000-uue-sisemahuti-taastatud-ibc-konteiner\/#breadcrumb\"},\"inLanguage\":\"et\",\"potentialAction\":[{\"@type\":\"ReadAction\",\"target\":[\"https:\/\/ibc.ee\/et\/toode\/renewcube-ibc-1000-uue-sisemahuti-taastatud-ibc-konteiner\/\"]}]},{\"@type\":\"ImageObject\",\"inLanguage\":\"et\",\"@id\":\"https:\/\/ibc.ee\/et\/toode\/renewcube-ibc-1000-uue-sisemahuti-taastatud-ibc-konteiner\/#primaryimage\",\"url\":\"https:\/\/ibc.ee\/wp-content\/uploads\/2018\/06\/ReNewCube-IBC-1000-Rebottled-IBC.jpg\",\"contentUrl\":\"https:\/\/ibc.ee\/wp-content\/uploads\/2018\/06\/ReNewCube-IBC-1000-Rebottled-IBC.jpg\",\"width\":1000,\"height\":1000,\"caption\":\"ReNewCube IBC 1000 \u2013 Rebottled IBC\"},{\"@type\":\"BreadcrumbList\",\"@id\":\"https:\/\/ibc.ee\/et\/toode\/renewcube-ibc-1000-uue-sisemahuti-taastatud-ibc-konteiner\/#breadcrumb\",\"itemListElement\":[{\"@type\":\"ListItem\",\"position\":1,\"name\":\"\u0413\u043b\u0430\u0432\u043d\u0430\u044f \u0441\u0442\u0440\u0430\u043d\u0438\u0446\u0430\",\"item\":\"https:\/\/ibc.ee\/et\/\"},{\"@type\":\"ListItem\",\"position\":2,\"name\":\"Pood\",\"item\":\"https:\/\/ibc.ee\/et\/shop\/\"},{\"@type\":\"ListItem\",\"position\":3,\"name\":\"ReNewCube IBC 1000 \u2013 Uue sisemahuti taastatud IBC konteiner\"}]},{\"@type\":\"WebSite\",\"@id\":\"https:\/\/www.ibc.ee\/et\/#website\",\"url\":\"https:\/\/www.ibc.ee\/et\/\",\"name\":\"IBC konteineri m&uuml;&uuml;k, vaadid, kraanid, mahutid\",\"description\":\"IBC - Tank container valve, Adapters\\\\fittings, Intermediate bulk, container, Drums\/cans\",\"potentialAction\":[{\"@type\":\"SearchAction\",\"target\":{\"@type\":\"EntryPoint\",\"urlTemplate\":\"https:\/\/www.ibc.ee\/et\/?s={search_term_string}\"},\"query-input\":{\"@type\":\"PropertyValueSpecification\",\"valueRequired\":true,\"valueName\":\"search_term_string\"}}],\"inLanguage\":\"et\"}]}<\/script>\n<!-- \/ Yoast SEO plugin. -->","yoast_head_json":{"title":"ReNewCube IBC 1000 \u2013 Uue sisemahuti taastatud IBC konteiner - IBC konteineri m&uuml;&uuml;k, vaadid, kraanid, mahutid","description":"ReNewCube IBC 1000 on kvaliteetne taastatud 1000-liitrine IBC konteiner, mis \u00fchendab t\u00e4iesti uue HDPE plastikust sisemahuti ja hoolikalt kontrollitud kasutatud tsingitud terasraami.","robots":{"index":"index","follow":"follow","max-snippet":"max-snippet:-1","max-image-preview":"max-image-preview:large","max-video-preview":"max-video-preview:-1"},"canonical":"https:\/\/ibc.ee\/et\/toode\/renewcube-ibc-1000-uue-sisemahuti-taastatud-ibc-konteiner\/","og_locale":"et_EE","og_type":"article","og_title":"ReNewCube IBC 1000 \u2013 Uue sisemahuti taastatud IBC konteiner - IBC konteineri m&uuml;&uuml;k, vaadid, kraanid, mahutid","og_description":"ReNewCube IBC 1000 on kvaliteetne taastatud 1000-liitrine IBC konteiner, mis \u00fchendab t\u00e4iesti uue HDPE plastikust sisemahuti ja hoolikalt kontrollitud kasutatud tsingitud terasraami.","og_url":"https:\/\/ibc.ee\/et\/toode\/renewcube-ibc-1000-uue-sisemahuti-taastatud-ibc-konteiner\/","og_site_name":"IBC konteineri m&uuml;&uuml;k, vaadid, kraanid, mahutid","article_modified_time":"2025-07-10T08:26:00+00:00","og_image":[{"width":1000,"height":1000,"url":"https:\/\/ibc.ee\/wp-content\/uploads\/2018\/06\/ReNewCube-IBC-1000-Rebottled-IBC.jpg","type":"image\/jpeg"}],"twitter_card":"summary_large_image","twitter_misc":{"Est. reading time":"1 minut"},"schema":{"@context":"https:\/\/schema.org","@graph":[{"@type":"WebPage","@id":"https:\/\/ibc.ee\/et\/toode\/renewcube-ibc-1000-uue-sisemahuti-taastatud-ibc-konteiner\/","url":"https:\/\/ibc.ee\/et\/toode\/renewcube-ibc-1000-uue-sisemahuti-taastatud-ibc-konteiner\/","name":"ReNewCube IBC 1000 \u2013 Uue sisemahuti taastatud IBC konteiner - IBC konteineri m&uuml;&uuml;k, vaadid, kraanid, mahutid","isPartOf":{"@id":"https:\/\/www.ibc.ee\/et\/#website"},"primaryImageOfPage":{"@id":"https:\/\/ibc.ee\/et\/toode\/renewcube-ibc-1000-uue-sisemahuti-taastatud-ibc-konteiner\/#primaryimage"},"image":{"@id":"https:\/\/ibc.ee\/et\/toode\/renewcube-ibc-1000-uue-sisemahuti-taastatud-ibc-konteiner\/#primaryimage"},"thumbnailUrl":"https:\/\/ibc.ee\/wp-content\/uploads\/2018\/06\/ReNewCube-IBC-1000-Rebottled-IBC.jpg","datePublished":"2018-06-04T17:34:07+00:00","dateModified":"2025-07-10T08:26:00+00:00","description":"ReNewCube IBC 1000 on kvaliteetne taastatud 1000-liitrine IBC konteiner, mis \u00fchendab t\u00e4iesti uue HDPE plastikust sisemahuti ja hoolikalt kontrollitud kasutatud tsingitud terasraami.","breadcrumb":{"@id":"https:\/\/ibc.ee\/et\/toode\/renewcube-ibc-1000-uue-sisemahuti-taastatud-ibc-konteiner\/#breadcrumb"},"inLanguage":"et","potentialAction":[{"@type":"ReadAction","target":["https:\/\/ibc.ee\/et\/toode\/renewcube-ibc-1000-uue-sisemahuti-taastatud-ibc-konteiner\/"]}]},{"@type":"ImageObject","inLanguage":"et","@id":"https:\/\/ibc.ee\/et\/toode\/renewcube-ibc-1000-uue-sisemahuti-taastatud-ibc-konteiner\/#primaryimage","url":"https:\/\/ibc.ee\/wp-content\/uploads\/2018\/06\/ReNewCube-IBC-1000-Rebottled-IBC.jpg","contentUrl":"https:\/\/ibc.ee\/wp-content\/uploads\/2018\/06\/ReNewCube-IBC-1000-Rebottled-IBC.jpg","width":1000,"height":1000,"caption":"ReNewCube IBC 1000 \u2013 Rebottled IBC"},{"@type":"BreadcrumbList","@id":"https:\/\/ibc.ee\/et\/toode\/renewcube-ibc-1000-uue-sisemahuti-taastatud-ibc-konteiner\/#breadcrumb","itemListElement":[{"@type":"ListItem","position":1,"name":"\u0413\u043b\u0430\u0432\u043d\u0430\u044f \u0441\u0442\u0440\u0430\u043d\u0438\u0446\u0430","item":"https:\/\/ibc.ee\/et\/"},{"@type":"ListItem","position":2,"name":"Pood","item":"https:\/\/ibc.ee\/et\/shop\/"},{"@type":"ListItem","position":3,"name":"ReNewCube IBC 1000 \u2013 Uue sisemahuti taastatud IBC konteiner"}]},{"@type":"WebSite","@id":"https:\/\/www.ibc.ee\/et\/#website","url":"https:\/\/www.ibc.ee\/et\/","name":"IBC konteineri m&uuml;&uuml;k, vaadid, kraanid, mahutid","description":"IBC - Tank container valve, Adapters\\fittings, Intermediate bulk, container, Drums\/cans","potentialAction":[{"@type":"SearchAction","target":{"@type":"EntryPoint","urlTemplate":"https:\/\/www.ibc.ee\/et\/?s={search_term_string}"},"query-input":{"@type":"PropertyValueSpecification","valueRequired":true,"valueName":"search_term_string"}}],"inLanguage":"et"}]}},"_links":{"self":[{"href":"https:\/\/ibc.ee\/et\/wp-json\/wp\/v2\/product\/15495","targetHints":{"allow":["GET"]}}],"collection":[{"href":"https:\/\/ibc.ee\/et\/wp-json\/wp\/v2\/product"}],"about":[{"href":"https:\/\/ibc.ee\/et\/wp-json\/wp\/v2\/types\/product"}],"wp:featuredmedia":[{"embeddable":true,"href":"https:\/\/ibc.ee\/et\/wp-json\/wp\/v2\/media\/24280"}],"wp:attachment":[{"href":"https:\/\/ibc.ee\/et\/wp-json\/wp\/v2\/media?parent=15495"}],"wp:term":[{"taxonomy":"product_brand","embeddable":true,"href":"https:\/\/ibc.ee\/et\/wp-json\/wp\/v2\/product_brand?post=15495"},{"taxonomy":"product_cat","embeddable":true,"href":"https:\/\/ibc.ee\/et\/wp-json\/wp\/v2\/product_cat?post=15495"},{"taxonomy":"product_tag","embeddable":true,"href":"https:\/\/ibc.ee\/et\/wp-json\/wp\/v2\/product_tag?post=15495"}],"curies":[{"name":"wp","href":"https:\/\/api.w.org\/{rel}","templated":true}]}}