{"id":15820,"date":"2018-08-25T12:56:37","date_gmt":"2018-08-25T12:56:38","guid":{"rendered":"https:\/\/ibc.ee\/product\/1000-liitrine-konteiner-ibc-konteiner-%d1%81\/"},"modified":"2025-07-03T16:37:10","modified_gmt":"2025-07-03T14:37:10","slug":"newcube-ibc-1000-must-uus-un-sertifikaadiga","status":"publish","type":"product","link":"https:\/\/ibc.ee\/et\/toode\/newcube-ibc-1000-must-uus-un-sertifikaadiga\/","title":{"rendered":"NewCube IBC 1000 must, uus, UN sertifikaadiga"},"content":{"rendered":"<p><strong>Miks valida must IBC-paak tavaliste IBC-de asemel?<\/strong><br \/>\nErinevalt tavalistest pooll\u00e4bipaistvatest IBC-konteineritest on see uus must IBC-konteiner valmistatud UV-kiirgusele vastupidavatest materjalidest, mis blokeerivad p\u00e4ikesevalgust ja v\u00e4hendavad kuumusega kokkupuudet. See aitab v\u00e4ltida vetikate kasvu ja pikendab ladustatud vedelike s\u00e4ilivusaega \u2013 ideaalne v\u00e4litingimustes v\u00f5i muudes rakendustes, kus vedeliku stabiilsus on kriitilise t\u00e4htsusega. <\/p>\n<p><strong>Loodud n\u00f5udlike keskkondade jaoks<\/strong><br \/>\nUuest HDPE-plastist valmistatud ja vastupidava tsingitud terasest puuriga kaitstud paak on valmis raskeks kasutamiseks erinevates t\u00f6\u00f6stusharudes \u2013 ehitusplatsidel ja taludes kuni tehaste ja transpordilogistikani.<\/p>\n<p><strong>Oluline m\u00e4rkus<\/strong><br \/>\nSee konteiner on uus ja kasutamata, kuid sellel puudub toidukvaliteediga (FDA) sertifikaat ja seet\u00f5ttu ei sobi see joogivee ega toiduainetega seotud toodete jaoks.<br \/>\nTarbekaupade v\u00f5i joogikasutuseks valige palun vastava sertifikaadiga toidukvaliteediga IBC.<\/p>\n<p><strong>Uute UN sertifikaadiga mustade IBC-konteinerite levinumad rakendused:<\/strong><\/p>\n<p>\u2013 Tehnilised vedelikud ja t\u00f6\u00f6stusvedelikud<br \/>\nIdeaalne ohtlike ja mitteohtlike vedelike, n\u00e4iteks diislik\u00fctuse, v\u00e4rskete \u00f5lide, h\u00fcdraulikavedelike, lahustite, antifriisi ja muude tehniliste vedelike ladustamiseks. \u00dcRO sertifikaat tagab reguleeritud ainete ohutu k\u00e4itlemise, transpordi ja pikaajalise ladustamise. <\/p>\n<p>\u2013 P\u00f5llumajandus ja niisutamine<br \/>\nSobib niisutusvee, v\u00e4etiselahuste, vedelate toitainete, pestitsiidide, herbitsiidide ja katlakivi eemaldamise vahendite jaoks.<br \/>\nMust UV-kindel paak aitab v\u00e4ltida vetikate kasvu, mist\u00f5ttu on see ideaalne vee hoidmiseks \u00f5ues p\u00f5llumajanduskeskkonnas.<\/p>\n<p>\u2013 Keemiat\u00f6\u00f6stus<br \/>\nSobib ideaalselt hapete, leeliste, puhastusvahendite, protsessikemikaalide ja tootmisj\u00e4\u00e4kide ladustamiseks v\u00f5i transportimiseks. Tugev konstruktsioon ja UN heakskiit tagavad keemilise \u00fchilduvuse ja ohutuse n\u00f5udlikes t\u00f6\u00f6stuslikes rakendustes. <\/p>\n<p>\u2013 Ehitus ja tootmine<br \/>\nSuurep\u00e4rane betoonipesuvee, vuugit\u00e4ite, liimide, bituumeni, v\u00e4rvij\u00e4\u00e4kide ja ehitusplatsi vedelike jaoks.<br \/>\nSelle vastupidav uus HDPE-paak ja terasraam pakuvad t\u00f6\u00f6kindlust mobiilseks v\u00f5i statsionaarseks kasutamiseks ehitusplatsidel ja tootmis\u00fcksustes.<\/p>\n","protected":false},"excerpt":{"rendered":"<p>See 1000-liitrine uus IBC-konteiner UN sertifikaadiga. Sellel on uus sisepudel, uus tsingitud terasest raam ning uus kaas ja ventiil. Ideaalne ohtlike vedelike, tehniliste kemikaalide ja p\u00f5llumajandusliku ladustamise jaoks. Koti l\u00e4bipaistmatus blokeerib t\u00e4ielikult UV-kiired ja valguse. Seega s\u00e4ilitab see selles IBC-s sisalduva vee kvaliteedi.    <\/p>\n","protected":false},"featured_media":24114,"template":"","meta":[],"product_brand":[],"product_cat":[178],"product_tag":[],"class_list":{"0":"post-15820","1":"product","2":"type-product","3":"status-publish","4":"has-post-thumbnail","6":"product_cat-ibckanistrid","7":"product_shipping_class-containers-et","9":"first","10":"instock","11":"taxable","12":"shipping-taxable","13":"purchasable","14":"product-type-simple"},"yoast_head":"<!-- This site is optimized with the Yoast SEO plugin v26.9 - https:\/\/yoast.com\/product\/yoast-seo-wordpress\/ -->\n<title>NewCube IBC 1000 must, uus, UN sertifikaadiga - IBC konteineri m&uuml;&uuml;k, vaadid, kraanid, mahutid<\/title>\n<meta name=\"description\" content=\"See 1000-liitrine uus IBC-konteiner UN sertifikaadiga. Sellel on uus sisepudel, uus tsingitud terasest raam ning uus kaas ja ventiil. Ideaalne ohtlike vedelike, tehniliste kemikaalide jms jaoks.\" \/>\n<meta name=\"robots\" content=\"index, follow, max-snippet:-1, max-image-preview:large, max-video-preview:-1\" \/>\n<link rel=\"canonical\" href=\"https:\/\/ibc.ee\/et\/toode\/newcube-ibc-1000-must-uus-un-sertifikaadiga\/\" \/>\n<meta property=\"og:locale\" content=\"et_EE\" \/>\n<meta property=\"og:type\" content=\"article\" \/>\n<meta property=\"og:title\" content=\"NewCube IBC 1000 must, uus, UN sertifikaadiga - IBC konteineri m&uuml;&uuml;k, vaadid, kraanid, mahutid\" \/>\n<meta property=\"og:description\" content=\"See 1000-liitrine uus IBC-konteiner UN sertifikaadiga. Sellel on uus sisepudel, uus tsingitud terasest raam ning uus kaas ja ventiil. Ideaalne ohtlike vedelike, tehniliste kemikaalide jms jaoks.\" \/>\n<meta property=\"og:url\" content=\"https:\/\/ibc.ee\/et\/toode\/newcube-ibc-1000-must-uus-un-sertifikaadiga\/\" \/>\n<meta property=\"og:site_name\" content=\"IBC konteineri m&uuml;&uuml;k, vaadid, kraanid, mahutid\" \/>\n<meta property=\"article:modified_time\" content=\"2025-07-03T14:37:10+00:00\" \/>\n<meta property=\"og:image\" content=\"https:\/\/www.ibc.ee\/wp-content\/uploads\/2018\/08\/NewCube-IBC-1000-Black-New-with-UN-Certificate.jpg\" \/>\n\t<meta property=\"og:image:width\" content=\"1000\" \/>\n\t<meta property=\"og:image:height\" content=\"1000\" \/>\n\t<meta property=\"og:image:type\" content=\"image\/jpeg\" \/>\n<meta name=\"twitter:card\" content=\"summary_large_image\" \/>\n<meta name=\"twitter:label1\" content=\"Est. reading time\" \/>\n\t<meta name=\"twitter:data1\" content=\"2 minutit\" \/>\n<script type=\"application\/ld+json\" class=\"yoast-schema-graph\">{\"@context\":\"https:\/\/schema.org\",\"@graph\":[{\"@type\":\"WebPage\",\"@id\":\"https:\/\/ibc.ee\/et\/toode\/newcube-ibc-1000-must-uus-un-sertifikaadiga\/\",\"url\":\"https:\/\/ibc.ee\/et\/toode\/newcube-ibc-1000-must-uus-un-sertifikaadiga\/\",\"name\":\"NewCube IBC 1000 must, uus, UN sertifikaadiga - IBC konteineri m&uuml;&uuml;k, vaadid, kraanid, mahutid\",\"isPartOf\":{\"@id\":\"https:\/\/www.ibc.ee\/et\/#website\"},\"primaryImageOfPage\":{\"@id\":\"https:\/\/ibc.ee\/et\/toode\/newcube-ibc-1000-must-uus-un-sertifikaadiga\/#primaryimage\"},\"image\":{\"@id\":\"https:\/\/ibc.ee\/et\/toode\/newcube-ibc-1000-must-uus-un-sertifikaadiga\/#primaryimage\"},\"thumbnailUrl\":\"https:\/\/ibc.ee\/wp-content\/uploads\/2018\/08\/NewCube-IBC-1000-Black-New-with-UN-Certificate.jpg\",\"datePublished\":\"2018-08-25T12:56:38+00:00\",\"dateModified\":\"2025-07-03T14:37:10+00:00\",\"description\":\"See 1000-liitrine uus IBC-konteiner UN sertifikaadiga. Sellel on uus sisepudel, uus tsingitud terasest raam ning uus kaas ja ventiil. Ideaalne ohtlike vedelike, tehniliste kemikaalide jms jaoks.\",\"breadcrumb\":{\"@id\":\"https:\/\/ibc.ee\/et\/toode\/newcube-ibc-1000-must-uus-un-sertifikaadiga\/#breadcrumb\"},\"inLanguage\":\"et\",\"potentialAction\":[{\"@type\":\"ReadAction\",\"target\":[\"https:\/\/ibc.ee\/et\/toode\/newcube-ibc-1000-must-uus-un-sertifikaadiga\/\"]}]},{\"@type\":\"ImageObject\",\"inLanguage\":\"et\",\"@id\":\"https:\/\/ibc.ee\/et\/toode\/newcube-ibc-1000-must-uus-un-sertifikaadiga\/#primaryimage\",\"url\":\"https:\/\/ibc.ee\/wp-content\/uploads\/2018\/08\/NewCube-IBC-1000-Black-New-with-UN-Certificate.jpg\",\"contentUrl\":\"https:\/\/ibc.ee\/wp-content\/uploads\/2018\/08\/NewCube-IBC-1000-Black-New-with-UN-Certificate.jpg\",\"width\":1000,\"height\":1000,\"caption\":\"NewCube IBC 1000 Black New with UN Certificate\"},{\"@type\":\"BreadcrumbList\",\"@id\":\"https:\/\/ibc.ee\/et\/toode\/newcube-ibc-1000-must-uus-un-sertifikaadiga\/#breadcrumb\",\"itemListElement\":[{\"@type\":\"ListItem\",\"position\":1,\"name\":\"\u0413\u043b\u0430\u0432\u043d\u0430\u044f \u0441\u0442\u0440\u0430\u043d\u0438\u0446\u0430\",\"item\":\"https:\/\/ibc.ee\/et\/\"},{\"@type\":\"ListItem\",\"position\":2,\"name\":\"Pood\",\"item\":\"https:\/\/ibc.ee\/et\/shop\/\"},{\"@type\":\"ListItem\",\"position\":3,\"name\":\"NewCube IBC 1000 must, uus, UN sertifikaadiga\"}]},{\"@type\":\"WebSite\",\"@id\":\"https:\/\/www.ibc.ee\/et\/#website\",\"url\":\"https:\/\/www.ibc.ee\/et\/\",\"name\":\"IBC konteineri m&uuml;&uuml;k, vaadid, kraanid, mahutid\",\"description\":\"IBC - Tank container valve, Adapters\\\\fittings, Intermediate bulk, container, Drums\/cans\",\"potentialAction\":[{\"@type\":\"SearchAction\",\"target\":{\"@type\":\"EntryPoint\",\"urlTemplate\":\"https:\/\/www.ibc.ee\/et\/?s={search_term_string}\"},\"query-input\":{\"@type\":\"PropertyValueSpecification\",\"valueRequired\":true,\"valueName\":\"search_term_string\"}}],\"inLanguage\":\"et\"}]}<\/script>\n<!-- \/ Yoast SEO plugin. -->","yoast_head_json":{"title":"NewCube IBC 1000 must, uus, UN sertifikaadiga - IBC konteineri m&uuml;&uuml;k, vaadid, kraanid, mahutid","description":"See 1000-liitrine uus IBC-konteiner UN sertifikaadiga. Sellel on uus sisepudel, uus tsingitud terasest raam ning uus kaas ja ventiil. Ideaalne ohtlike vedelike, tehniliste kemikaalide jms jaoks.","robots":{"index":"index","follow":"follow","max-snippet":"max-snippet:-1","max-image-preview":"max-image-preview:large","max-video-preview":"max-video-preview:-1"},"canonical":"https:\/\/ibc.ee\/et\/toode\/newcube-ibc-1000-must-uus-un-sertifikaadiga\/","og_locale":"et_EE","og_type":"article","og_title":"NewCube IBC 1000 must, uus, UN sertifikaadiga - IBC konteineri m&uuml;&uuml;k, vaadid, kraanid, mahutid","og_description":"See 1000-liitrine uus IBC-konteiner UN sertifikaadiga. Sellel on uus sisepudel, uus tsingitud terasest raam ning uus kaas ja ventiil. Ideaalne ohtlike vedelike, tehniliste kemikaalide jms jaoks.","og_url":"https:\/\/ibc.ee\/et\/toode\/newcube-ibc-1000-must-uus-un-sertifikaadiga\/","og_site_name":"IBC konteineri m&uuml;&uuml;k, vaadid, kraanid, mahutid","article_modified_time":"2025-07-03T14:37:10+00:00","og_image":[{"width":1000,"height":1000,"url":"https:\/\/www.ibc.ee\/wp-content\/uploads\/2018\/08\/NewCube-IBC-1000-Black-New-with-UN-Certificate.jpg","type":"image\/jpeg"}],"twitter_card":"summary_large_image","twitter_misc":{"Est. reading time":"2 minutit"},"schema":{"@context":"https:\/\/schema.org","@graph":[{"@type":"WebPage","@id":"https:\/\/ibc.ee\/et\/toode\/newcube-ibc-1000-must-uus-un-sertifikaadiga\/","url":"https:\/\/ibc.ee\/et\/toode\/newcube-ibc-1000-must-uus-un-sertifikaadiga\/","name":"NewCube IBC 1000 must, uus, UN sertifikaadiga - IBC konteineri m&uuml;&uuml;k, vaadid, kraanid, mahutid","isPartOf":{"@id":"https:\/\/www.ibc.ee\/et\/#website"},"primaryImageOfPage":{"@id":"https:\/\/ibc.ee\/et\/toode\/newcube-ibc-1000-must-uus-un-sertifikaadiga\/#primaryimage"},"image":{"@id":"https:\/\/ibc.ee\/et\/toode\/newcube-ibc-1000-must-uus-un-sertifikaadiga\/#primaryimage"},"thumbnailUrl":"https:\/\/ibc.ee\/wp-content\/uploads\/2018\/08\/NewCube-IBC-1000-Black-New-with-UN-Certificate.jpg","datePublished":"2018-08-25T12:56:38+00:00","dateModified":"2025-07-03T14:37:10+00:00","description":"See 1000-liitrine uus IBC-konteiner UN sertifikaadiga. Sellel on uus sisepudel, uus tsingitud terasest raam ning uus kaas ja ventiil. Ideaalne ohtlike vedelike, tehniliste kemikaalide jms jaoks.","breadcrumb":{"@id":"https:\/\/ibc.ee\/et\/toode\/newcube-ibc-1000-must-uus-un-sertifikaadiga\/#breadcrumb"},"inLanguage":"et","potentialAction":[{"@type":"ReadAction","target":["https:\/\/ibc.ee\/et\/toode\/newcube-ibc-1000-must-uus-un-sertifikaadiga\/"]}]},{"@type":"ImageObject","inLanguage":"et","@id":"https:\/\/ibc.ee\/et\/toode\/newcube-ibc-1000-must-uus-un-sertifikaadiga\/#primaryimage","url":"https:\/\/ibc.ee\/wp-content\/uploads\/2018\/08\/NewCube-IBC-1000-Black-New-with-UN-Certificate.jpg","contentUrl":"https:\/\/ibc.ee\/wp-content\/uploads\/2018\/08\/NewCube-IBC-1000-Black-New-with-UN-Certificate.jpg","width":1000,"height":1000,"caption":"NewCube IBC 1000 Black New with UN Certificate"},{"@type":"BreadcrumbList","@id":"https:\/\/ibc.ee\/et\/toode\/newcube-ibc-1000-must-uus-un-sertifikaadiga\/#breadcrumb","itemListElement":[{"@type":"ListItem","position":1,"name":"\u0413\u043b\u0430\u0432\u043d\u0430\u044f \u0441\u0442\u0440\u0430\u043d\u0438\u0446\u0430","item":"https:\/\/ibc.ee\/et\/"},{"@type":"ListItem","position":2,"name":"Pood","item":"https:\/\/ibc.ee\/et\/shop\/"},{"@type":"ListItem","position":3,"name":"NewCube IBC 1000 must, uus, UN sertifikaadiga"}]},{"@type":"WebSite","@id":"https:\/\/www.ibc.ee\/et\/#website","url":"https:\/\/www.ibc.ee\/et\/","name":"IBC konteineri m&uuml;&uuml;k, vaadid, kraanid, mahutid","description":"IBC - Tank container valve, Adapters\\fittings, Intermediate bulk, container, Drums\/cans","potentialAction":[{"@type":"SearchAction","target":{"@type":"EntryPoint","urlTemplate":"https:\/\/www.ibc.ee\/et\/?s={search_term_string}"},"query-input":{"@type":"PropertyValueSpecification","valueRequired":true,"valueName":"search_term_string"}}],"inLanguage":"et"}]}},"_links":{"self":[{"href":"https:\/\/ibc.ee\/et\/wp-json\/wp\/v2\/product\/15820","targetHints":{"allow":["GET"]}}],"collection":[{"href":"https:\/\/ibc.ee\/et\/wp-json\/wp\/v2\/product"}],"about":[{"href":"https:\/\/ibc.ee\/et\/wp-json\/wp\/v2\/types\/product"}],"wp:featuredmedia":[{"embeddable":true,"href":"https:\/\/ibc.ee\/et\/wp-json\/wp\/v2\/media\/24114"}],"wp:attachment":[{"href":"https:\/\/ibc.ee\/et\/wp-json\/wp\/v2\/media?parent=15820"}],"wp:term":[{"taxonomy":"product_brand","embeddable":true,"href":"https:\/\/ibc.ee\/et\/wp-json\/wp\/v2\/product_brand?post=15820"},{"taxonomy":"product_cat","embeddable":true,"href":"https:\/\/ibc.ee\/et\/wp-json\/wp\/v2\/product_cat?post=15820"},{"taxonomy":"product_tag","embeddable":true,"href":"https:\/\/ibc.ee\/et\/wp-json\/wp\/v2\/product_tag?post=15820"}],"curies":[{"name":"wp","href":"https:\/\/api.w.org\/{rel}","templated":true}]}}