{"id":15921,"date":"2018-08-26T08:32:35","date_gmt":"2018-08-26T08:32:36","guid":{"rendered":"https:\/\/ibc.ee\/product\/1000-liitrine-konteiner-ibc-konteiner-n\/"},"modified":"2025-07-08T11:28:39","modified_gmt":"2025-07-08T09:28:39","slug":"newcube-un-ibc-1000-uus-mahuti-un-sertifikaadiga","status":"publish","type":"product","link":"https:\/\/ibc.ee\/et\/toode\/newcube-un-ibc-1000-uus-mahuti-un-sertifikaadiga\/","title":{"rendered":"NewCube UN IBC 1000 \u2013 uus mahuti UN-sertifikaadiga"},"content":{"rendered":"<p><strong>Uus IBC 1000L konteiner \u2013 UN-sertifikaadiga ohtlike ja t\u00f6\u00f6stuslike vedelike jaoks<\/strong><\/p>\n<p><em>Ideaalne professionaalidele, kes vajavad ohutut ja sertifitseeritud kemikaalide, tehniliste vedelike v\u00f5i reguleeritud ainete transporti ja hoiustamist.<\/em><\/p>\n<p><strong>T\u00fc\u00fcpilised kasutusalad<\/strong><br \/>\n<strong>Keemia- ja t\u00f6\u00f6stusvaldkond<\/strong><br \/>\n&#8211; Lahustid, pesuained, happed, leelised<br \/>\n&#8211; M\u00e4\u00e4rdeained, katted, tindid, v\u00e4rvained<br \/>\n&#8211; Reovee kogumine, loputusvahendid, neutraliseerimisvedelikud<\/p>\n<p><strong>Ehitus ja tootmine<\/strong><br \/>\n&#8211; Betooni lisandid, vormi\u00f5lid<br \/>\n&#8211; Bituumen ja h\u00fcdroisolatsioonimaterjalid<br \/>\n&#8211; Pesuvesi ja j\u00e4\u00e4kvedelike kogumine<\/p>\n<p><strong>P\u00f5llumajandus ja aiandus<\/strong><br \/>\n&#8211; Vedelv\u00e4etised, taimekaitsevahendid<br \/>\n&#8211; Katlakivi eemaldusvedelikud, pestitsiidisegud<br \/>\n&#8211; Kastmiskeemia, kompostitee<\/p>\n<p><strong>Autot\u00f6\u00f6stus ja tehnilised vedelikud<\/strong><br \/>\n&#8211; Jahutusvedelikud, antifriisid, pidurivedelikud<br \/>\n&#8211; Diislik\u00fctuse ja k\u00fctuse lisandid<br \/>\n&#8211; Kasutatud \u00f5lide ja vedelike kogumine<\/p>\n","protected":false},"excerpt":{"rendered":"<p>See t\u00e4iesti uus 1000-liitrine IBC (Intermediate Bulk Container) on t\u00e4ielikult UN-sertifitseeritud, v\u00f5imaldades ohtlike ja mitteohtlike vedelike turvalist transporti ja hoiustamist. See muudab selle sobivaks professionaalseks ja t\u00f6\u00f6stuslikuks kasutuseks.<\/p>\n<p>Konteineril on kvaliteetne HDPE (k\u00f5rge tihedusega pol\u00fcet\u00fcleenist) sisepudel, tsingitud terasraam ja alus, mis sobib t\u00f5stukitele ja alusek\u00e4rudele.<br \/>Vastab rahvusvahelistele ohutusstandarditele ning tagab vastupidavuse, keemilise taluvuse ja regulatiivse usaldusv\u00e4\u00e4rsuse. <\/p>\n","protected":false},"featured_media":24222,"template":"","meta":[],"product_brand":[],"product_cat":[178],"product_tag":[],"class_list":{"0":"post-15921","1":"product","2":"type-product","3":"status-publish","4":"has-post-thumbnail","6":"product_cat-ibckanistrid","7":"product_shipping_class-containers-et","9":"first","10":"onbackorder","11":"taxable","12":"shipping-taxable","13":"purchasable","14":"product-type-simple"},"yoast_head":"<!-- This site is optimized with the Yoast SEO plugin v26.9 - https:\/\/yoast.com\/product\/yoast-seo-wordpress\/ -->\n<title>NewCube UN IBC 1000 \u2013 uus mahuti UN-sertifikaadiga - IBC konteineri m&uuml;&uuml;k, vaadid, kraanid, mahutid<\/title>\n<meta name=\"description\" content=\"See t\u00e4iesti uus 1000-liitrine IBC on t\u00e4ielikult UN-sertifitseeritud, v\u00f5imaldades ohtlike ja mitteohtlike vedelike turvalist transporti ja hoiustamist.\" \/>\n<meta name=\"robots\" content=\"index, follow, max-snippet:-1, max-image-preview:large, max-video-preview:-1\" \/>\n<link rel=\"canonical\" href=\"https:\/\/ibc.ee\/et\/toode\/newcube-un-ibc-1000-uus-mahuti-un-sertifikaadiga\/\" \/>\n<meta property=\"og:locale\" content=\"et_EE\" \/>\n<meta property=\"og:type\" content=\"article\" \/>\n<meta property=\"og:title\" content=\"NewCube UN IBC 1000 \u2013 uus mahuti UN-sertifikaadiga - IBC konteineri m&uuml;&uuml;k, vaadid, kraanid, mahutid\" \/>\n<meta property=\"og:description\" content=\"See t\u00e4iesti uus 1000-liitrine IBC on t\u00e4ielikult UN-sertifitseeritud, v\u00f5imaldades ohtlike ja mitteohtlike vedelike turvalist transporti ja hoiustamist.\" \/>\n<meta property=\"og:url\" content=\"https:\/\/ibc.ee\/et\/toode\/newcube-un-ibc-1000-uus-mahuti-un-sertifikaadiga\/\" \/>\n<meta property=\"og:site_name\" content=\"IBC konteineri m&uuml;&uuml;k, vaadid, kraanid, mahutid\" \/>\n<meta property=\"article:modified_time\" content=\"2025-07-08T09:28:39+00:00\" \/>\n<meta property=\"og:image\" content=\"https:\/\/ibc.ee\/wp-content\/uploads\/2018\/08\/NewCube-UN-IBC-1000-new-container-UN-approved.jpg\" \/>\n\t<meta property=\"og:image:width\" content=\"1000\" \/>\n\t<meta property=\"og:image:height\" content=\"1000\" \/>\n\t<meta property=\"og:image:type\" content=\"image\/jpeg\" \/>\n<meta name=\"twitter:card\" content=\"summary_large_image\" \/>\n<meta name=\"twitter:label1\" content=\"Est. reading time\" \/>\n\t<meta name=\"twitter:data1\" content=\"1 minut\" \/>\n<script type=\"application\/ld+json\" class=\"yoast-schema-graph\">{\"@context\":\"https:\/\/schema.org\",\"@graph\":[{\"@type\":\"WebPage\",\"@id\":\"https:\/\/ibc.ee\/et\/toode\/newcube-un-ibc-1000-uus-mahuti-un-sertifikaadiga\/\",\"url\":\"https:\/\/ibc.ee\/et\/toode\/newcube-un-ibc-1000-uus-mahuti-un-sertifikaadiga\/\",\"name\":\"NewCube UN IBC 1000 \u2013 uus mahuti UN-sertifikaadiga - IBC konteineri m&uuml;&uuml;k, vaadid, kraanid, mahutid\",\"isPartOf\":{\"@id\":\"https:\/\/ibc.ee\/et\/#website\"},\"primaryImageOfPage\":{\"@id\":\"https:\/\/ibc.ee\/et\/toode\/newcube-un-ibc-1000-uus-mahuti-un-sertifikaadiga\/#primaryimage\"},\"image\":{\"@id\":\"https:\/\/ibc.ee\/et\/toode\/newcube-un-ibc-1000-uus-mahuti-un-sertifikaadiga\/#primaryimage\"},\"thumbnailUrl\":\"https:\/\/ibc.ee\/wp-content\/uploads\/2018\/08\/NewCube-UN-IBC-1000-new-container-UN-approved.jpg\",\"datePublished\":\"2018-08-26T08:32:36+00:00\",\"dateModified\":\"2025-07-08T09:28:39+00:00\",\"description\":\"See t\u00e4iesti uus 1000-liitrine IBC on t\u00e4ielikult UN-sertifitseeritud, v\u00f5imaldades ohtlike ja mitteohtlike vedelike turvalist transporti ja hoiustamist.\",\"breadcrumb\":{\"@id\":\"https:\/\/ibc.ee\/et\/toode\/newcube-un-ibc-1000-uus-mahuti-un-sertifikaadiga\/#breadcrumb\"},\"inLanguage\":\"et\",\"potentialAction\":[{\"@type\":\"ReadAction\",\"target\":[\"https:\/\/ibc.ee\/et\/toode\/newcube-un-ibc-1000-uus-mahuti-un-sertifikaadiga\/\"]}]},{\"@type\":\"ImageObject\",\"inLanguage\":\"et\",\"@id\":\"https:\/\/ibc.ee\/et\/toode\/newcube-un-ibc-1000-uus-mahuti-un-sertifikaadiga\/#primaryimage\",\"url\":\"https:\/\/ibc.ee\/wp-content\/uploads\/2018\/08\/NewCube-UN-IBC-1000-new-container-UN-approved.jpg\",\"contentUrl\":\"https:\/\/ibc.ee\/wp-content\/uploads\/2018\/08\/NewCube-UN-IBC-1000-new-container-UN-approved.jpg\",\"width\":1000,\"height\":1000,\"caption\":\"NewCube UN IBC 1000 new container with UN certificate\"},{\"@type\":\"BreadcrumbList\",\"@id\":\"https:\/\/ibc.ee\/et\/toode\/newcube-un-ibc-1000-uus-mahuti-un-sertifikaadiga\/#breadcrumb\",\"itemListElement\":[{\"@type\":\"ListItem\",\"position\":1,\"name\":\"\u0413\u043b\u0430\u0432\u043d\u0430\u044f \u0441\u0442\u0440\u0430\u043d\u0438\u0446\u0430\",\"item\":\"https:\/\/ibc.ee\/et\/\"},{\"@type\":\"ListItem\",\"position\":2,\"name\":\"Pood\",\"item\":\"https:\/\/ibc.ee\/et\/shop\/\"},{\"@type\":\"ListItem\",\"position\":3,\"name\":\"NewCube UN IBC 1000 \u2013 uus mahuti UN-sertifikaadiga\"}]},{\"@type\":\"WebSite\",\"@id\":\"https:\/\/ibc.ee\/et\/#website\",\"url\":\"https:\/\/ibc.ee\/et\/\",\"name\":\"IBC konteineri m&uuml;&uuml;k, vaadid, kraanid, mahutid\",\"description\":\"IBC - Tank container valve, Adapters\\\\fittings, Intermediate bulk, container, Drums\/cans\",\"potentialAction\":[{\"@type\":\"SearchAction\",\"target\":{\"@type\":\"EntryPoint\",\"urlTemplate\":\"https:\/\/ibc.ee\/et\/?s={search_term_string}\"},\"query-input\":{\"@type\":\"PropertyValueSpecification\",\"valueRequired\":true,\"valueName\":\"search_term_string\"}}],\"inLanguage\":\"et\"}]}<\/script>\n<!-- \/ Yoast SEO plugin. -->","yoast_head_json":{"title":"NewCube UN IBC 1000 \u2013 uus mahuti UN-sertifikaadiga - IBC konteineri m&uuml;&uuml;k, vaadid, kraanid, mahutid","description":"See t\u00e4iesti uus 1000-liitrine IBC on t\u00e4ielikult UN-sertifitseeritud, v\u00f5imaldades ohtlike ja mitteohtlike vedelike turvalist transporti ja hoiustamist.","robots":{"index":"index","follow":"follow","max-snippet":"max-snippet:-1","max-image-preview":"max-image-preview:large","max-video-preview":"max-video-preview:-1"},"canonical":"https:\/\/ibc.ee\/et\/toode\/newcube-un-ibc-1000-uus-mahuti-un-sertifikaadiga\/","og_locale":"et_EE","og_type":"article","og_title":"NewCube UN IBC 1000 \u2013 uus mahuti UN-sertifikaadiga - IBC konteineri m&uuml;&uuml;k, vaadid, kraanid, mahutid","og_description":"See t\u00e4iesti uus 1000-liitrine IBC on t\u00e4ielikult UN-sertifitseeritud, v\u00f5imaldades ohtlike ja mitteohtlike vedelike turvalist transporti ja hoiustamist.","og_url":"https:\/\/ibc.ee\/et\/toode\/newcube-un-ibc-1000-uus-mahuti-un-sertifikaadiga\/","og_site_name":"IBC konteineri m&uuml;&uuml;k, vaadid, kraanid, mahutid","article_modified_time":"2025-07-08T09:28:39+00:00","og_image":[{"width":1000,"height":1000,"url":"https:\/\/ibc.ee\/wp-content\/uploads\/2018\/08\/NewCube-UN-IBC-1000-new-container-UN-approved.jpg","type":"image\/jpeg"}],"twitter_card":"summary_large_image","twitter_misc":{"Est. reading time":"1 minut"},"schema":{"@context":"https:\/\/schema.org","@graph":[{"@type":"WebPage","@id":"https:\/\/ibc.ee\/et\/toode\/newcube-un-ibc-1000-uus-mahuti-un-sertifikaadiga\/","url":"https:\/\/ibc.ee\/et\/toode\/newcube-un-ibc-1000-uus-mahuti-un-sertifikaadiga\/","name":"NewCube UN IBC 1000 \u2013 uus mahuti UN-sertifikaadiga - IBC konteineri m&uuml;&uuml;k, vaadid, kraanid, mahutid","isPartOf":{"@id":"https:\/\/ibc.ee\/et\/#website"},"primaryImageOfPage":{"@id":"https:\/\/ibc.ee\/et\/toode\/newcube-un-ibc-1000-uus-mahuti-un-sertifikaadiga\/#primaryimage"},"image":{"@id":"https:\/\/ibc.ee\/et\/toode\/newcube-un-ibc-1000-uus-mahuti-un-sertifikaadiga\/#primaryimage"},"thumbnailUrl":"https:\/\/ibc.ee\/wp-content\/uploads\/2018\/08\/NewCube-UN-IBC-1000-new-container-UN-approved.jpg","datePublished":"2018-08-26T08:32:36+00:00","dateModified":"2025-07-08T09:28:39+00:00","description":"See t\u00e4iesti uus 1000-liitrine IBC on t\u00e4ielikult UN-sertifitseeritud, v\u00f5imaldades ohtlike ja mitteohtlike vedelike turvalist transporti ja hoiustamist.","breadcrumb":{"@id":"https:\/\/ibc.ee\/et\/toode\/newcube-un-ibc-1000-uus-mahuti-un-sertifikaadiga\/#breadcrumb"},"inLanguage":"et","potentialAction":[{"@type":"ReadAction","target":["https:\/\/ibc.ee\/et\/toode\/newcube-un-ibc-1000-uus-mahuti-un-sertifikaadiga\/"]}]},{"@type":"ImageObject","inLanguage":"et","@id":"https:\/\/ibc.ee\/et\/toode\/newcube-un-ibc-1000-uus-mahuti-un-sertifikaadiga\/#primaryimage","url":"https:\/\/ibc.ee\/wp-content\/uploads\/2018\/08\/NewCube-UN-IBC-1000-new-container-UN-approved.jpg","contentUrl":"https:\/\/ibc.ee\/wp-content\/uploads\/2018\/08\/NewCube-UN-IBC-1000-new-container-UN-approved.jpg","width":1000,"height":1000,"caption":"NewCube UN IBC 1000 new container with UN certificate"},{"@type":"BreadcrumbList","@id":"https:\/\/ibc.ee\/et\/toode\/newcube-un-ibc-1000-uus-mahuti-un-sertifikaadiga\/#breadcrumb","itemListElement":[{"@type":"ListItem","position":1,"name":"\u0413\u043b\u0430\u0432\u043d\u0430\u044f \u0441\u0442\u0440\u0430\u043d\u0438\u0446\u0430","item":"https:\/\/ibc.ee\/et\/"},{"@type":"ListItem","position":2,"name":"Pood","item":"https:\/\/ibc.ee\/et\/shop\/"},{"@type":"ListItem","position":3,"name":"NewCube UN IBC 1000 \u2013 uus mahuti UN-sertifikaadiga"}]},{"@type":"WebSite","@id":"https:\/\/ibc.ee\/et\/#website","url":"https:\/\/ibc.ee\/et\/","name":"IBC konteineri m&uuml;&uuml;k, vaadid, kraanid, mahutid","description":"IBC - Tank container valve, Adapters\\fittings, Intermediate bulk, container, Drums\/cans","potentialAction":[{"@type":"SearchAction","target":{"@type":"EntryPoint","urlTemplate":"https:\/\/ibc.ee\/et\/?s={search_term_string}"},"query-input":{"@type":"PropertyValueSpecification","valueRequired":true,"valueName":"search_term_string"}}],"inLanguage":"et"}]}},"_links":{"self":[{"href":"https:\/\/ibc.ee\/et\/wp-json\/wp\/v2\/product\/15921","targetHints":{"allow":["GET"]}}],"collection":[{"href":"https:\/\/ibc.ee\/et\/wp-json\/wp\/v2\/product"}],"about":[{"href":"https:\/\/ibc.ee\/et\/wp-json\/wp\/v2\/types\/product"}],"wp:featuredmedia":[{"embeddable":true,"href":"https:\/\/ibc.ee\/et\/wp-json\/wp\/v2\/media\/24222"}],"wp:attachment":[{"href":"https:\/\/ibc.ee\/et\/wp-json\/wp\/v2\/media?parent=15921"}],"wp:term":[{"taxonomy":"product_brand","embeddable":true,"href":"https:\/\/ibc.ee\/et\/wp-json\/wp\/v2\/product_brand?post=15921"},{"taxonomy":"product_cat","embeddable":true,"href":"https:\/\/ibc.ee\/et\/wp-json\/wp\/v2\/product_cat?post=15921"},{"taxonomy":"product_tag","embeddable":true,"href":"https:\/\/ibc.ee\/et\/wp-json\/wp\/v2\/product_tag?post=15921"}],"curies":[{"name":"wp","href":"https:\/\/api.w.org\/{rel}","templated":true}]}}