{"id":15947,"date":"2018-08-27T11:00:15","date_gmt":"2018-08-27T11:00:15","guid":{"rendered":"https:\/\/ibc.ee\/?post_type=product&#038;p=15947"},"modified":"2025-07-07T14:18:41","modified_gmt":"2025-07-07T12:18:41","slug":"renewcube-unfda-sertifitseeritud-umberpudeldatud-ibc-1000-mahuti","status":"publish","type":"product","link":"https:\/\/ibc.ee\/et\/toode\/renewcube-unfda-sertifitseeritud-umberpudeldatud-ibc-1000-mahuti\/","title":{"rendered":"ReNewCube UN+FDA sertifitseeritud \u00fcmberpudeldatud IBC 1000 mahuti"},"content":{"rendered":"<p><strong>Mis on uuendatud (rebottled) IBC konteiner?<\/strong><\/p>\n<p>Uuendatud IBC konteiner koosneb t\u00e4iesti uuest sisemisest plastanumast, mis on paigaldatud kasutatud terasraami sisse. K\u00f5ik tooted, mis hoitakse sellises konteineris, puutuvad kokku ainult uue plastpudeliga. Uuendamisprotsessis vahetatakse v\u00e4lja sisemine anum koos uue kaane ja kraaniga.   <\/p>\n<p><strong>T\u00fc\u00fcpiline kasutamine:<\/strong><br \/>\n<strong>Toidu- ja joogit\u00f6\u00f6stus<\/strong><br \/>\n&#8211; Siirupid, taime\u00f5lid, maitsekontsentraadid<br \/>\n&#8211; \u00c4\u00e4dikas, vedelad magusained<br \/>\n&#8211; Joogikomponendid (mittegaseeritud)<\/p>\n<p><strong>P\u00f5llumajandus ja kastmine<\/strong><br \/>\n&#8211; Vedelv\u00e4etised, taimetoitained<br \/>\n&#8211; Kastmisvesi (sh joogivesi)<br \/>\n&#8211; Kompostitee, orgaaniliste ekstraktide hoiustamine<\/p>\n<p><strong>Keemia- ja t\u00f6\u00f6stusvedelikud<\/strong><br \/>\n&#8211; Puhastusained, mittekorrodeerivad lahustid<br \/>\n&#8211; Vee baasil valmistatud v\u00e4rvid ja v\u00e4rvained<br \/>\n&#8211; UN-sertifikaadiga vedelike turvaline transport<\/p>\n<p><strong>Vee s\u00e4ilitamine<\/strong><br \/>\n&#8211; Joogivee hoiustamine (mitte\u00e4riline kasutus)<br \/>\n&#8211; Vihmavee kogumine koduseks tarbeks<br \/>\n&#8211; H\u00e4daolukorra joogiveevarud<\/p>\n","protected":false},"excerpt":{"rendered":"<p>Praktiline ja soodne lahendus sertifitseeritud vedelike turvaliseks s\u00e4ilitamiseks<br \/>Sobib ideaalselt kasutajatele, kes vajavad sertifitseeritud puhtust ja t\u00f6\u00f6kindlust, kuid soovivad v\u00e4hendada kulusid ja keskkonnam\u00f5ju. <\/p>\n<p>Antud rebottled IBC konteiner sisaldab t\u00e4iesti uut HDPE plastpudelit, mis vastab FDA toidukontakti n\u00f5uetele ja on t\u00e4ielikult UN-sertifitseeritud ohtlike ja mitteohtlike vedelike s\u00e4ilitamiseks ja transpordiks.<br \/>Terasraam ja alus on taastatud varasemast kasutusest, pakkudes j\u00e4tkusuutlikku ja taskukohast alternatiivi, mis ei ohusta ohutust ega vastavust n\u00f5uetele. <\/p>\n","protected":false},"featured_media":24196,"template":"","meta":[],"product_brand":[],"product_cat":[178],"product_tag":[],"class_list":{"0":"post-15947","1":"product","2":"type-product","3":"status-publish","4":"has-post-thumbnail","6":"product_cat-ibckanistrid","7":"product_shipping_class-containers-et","9":"first","10":"onbackorder","11":"taxable","12":"shipping-taxable","13":"purchasable","14":"product-type-simple"},"yoast_head":"<!-- This site is optimized with the Yoast SEO plugin v26.9 - https:\/\/yoast.com\/product\/yoast-seo-wordpress\/ -->\n<title>ReNewCube UN+FDA sertifitseeritud \u00fcmberpudeldatud IBC 1000 mahuti - IBC konteineri m&uuml;&uuml;k, vaadid, kraanid, mahutid<\/title>\n<meta name=\"description\" content=\"Uuendatud IBC konteiner on uus seest, korduvkasutusest v\u00e4ljast \u2013 ideaalne kombinatsioon turvalisusest, puhtusest ja kulut\u00f5hususest.\" \/>\n<meta name=\"robots\" content=\"index, follow, max-snippet:-1, max-image-preview:large, max-video-preview:-1\" \/>\n<link rel=\"canonical\" href=\"https:\/\/ibc.ee\/et\/toode\/renewcube-unfda-sertifitseeritud-umberpudeldatud-ibc-1000-mahuti\/\" \/>\n<meta property=\"og:locale\" content=\"et_EE\" \/>\n<meta property=\"og:type\" content=\"article\" \/>\n<meta property=\"og:title\" content=\"ReNewCube UN+FDA sertifitseeritud \u00fcmberpudeldatud IBC 1000 mahuti - IBC konteineri m&uuml;&uuml;k, vaadid, kraanid, mahutid\" \/>\n<meta property=\"og:description\" content=\"Uuendatud IBC konteiner on uus seest, korduvkasutusest v\u00e4ljast \u2013 ideaalne kombinatsioon turvalisusest, puhtusest ja kulut\u00f5hususest.\" \/>\n<meta property=\"og:url\" content=\"https:\/\/ibc.ee\/et\/toode\/renewcube-unfda-sertifitseeritud-umberpudeldatud-ibc-1000-mahuti\/\" \/>\n<meta property=\"og:site_name\" content=\"IBC konteineri m&uuml;&uuml;k, vaadid, kraanid, mahutid\" \/>\n<meta property=\"article:modified_time\" content=\"2025-07-07T12:18:41+00:00\" \/>\n<meta property=\"og:image\" content=\"https:\/\/ibc.ee\/wp-content\/uploads\/2018\/08\/ReNewCube-UNFDA-certified-rebottled-IBC-1000-container.jpg\" \/>\n\t<meta property=\"og:image:width\" content=\"1000\" \/>\n\t<meta property=\"og:image:height\" content=\"1000\" \/>\n\t<meta property=\"og:image:type\" content=\"image\/jpeg\" \/>\n<meta name=\"twitter:card\" content=\"summary_large_image\" \/>\n<meta name=\"twitter:label1\" content=\"Est. reading time\" \/>\n\t<meta name=\"twitter:data1\" content=\"1 minut\" \/>\n<script type=\"application\/ld+json\" class=\"yoast-schema-graph\">{\"@context\":\"https:\/\/schema.org\",\"@graph\":[{\"@type\":\"WebPage\",\"@id\":\"https:\/\/ibc.ee\/et\/toode\/renewcube-unfda-sertifitseeritud-umberpudeldatud-ibc-1000-mahuti\/\",\"url\":\"https:\/\/ibc.ee\/et\/toode\/renewcube-unfda-sertifitseeritud-umberpudeldatud-ibc-1000-mahuti\/\",\"name\":\"ReNewCube UN+FDA sertifitseeritud \u00fcmberpudeldatud IBC 1000 mahuti - IBC konteineri m&uuml;&uuml;k, vaadid, kraanid, mahutid\",\"isPartOf\":{\"@id\":\"https:\/\/ibc.ee\/et\/#website\"},\"primaryImageOfPage\":{\"@id\":\"https:\/\/ibc.ee\/et\/toode\/renewcube-unfda-sertifitseeritud-umberpudeldatud-ibc-1000-mahuti\/#primaryimage\"},\"image\":{\"@id\":\"https:\/\/ibc.ee\/et\/toode\/renewcube-unfda-sertifitseeritud-umberpudeldatud-ibc-1000-mahuti\/#primaryimage\"},\"thumbnailUrl\":\"https:\/\/ibc.ee\/wp-content\/uploads\/2018\/08\/ReNewCube-UNFDA-certified-rebottled-IBC-1000-container.jpg\",\"datePublished\":\"2018-08-27T11:00:15+00:00\",\"dateModified\":\"2025-07-07T12:18:41+00:00\",\"description\":\"Uuendatud IBC konteiner on uus seest, korduvkasutusest v\u00e4ljast \u2013 ideaalne kombinatsioon turvalisusest, puhtusest ja kulut\u00f5hususest.\",\"breadcrumb\":{\"@id\":\"https:\/\/ibc.ee\/et\/toode\/renewcube-unfda-sertifitseeritud-umberpudeldatud-ibc-1000-mahuti\/#breadcrumb\"},\"inLanguage\":\"et\",\"potentialAction\":[{\"@type\":\"ReadAction\",\"target\":[\"https:\/\/ibc.ee\/et\/toode\/renewcube-unfda-sertifitseeritud-umberpudeldatud-ibc-1000-mahuti\/\"]}]},{\"@type\":\"ImageObject\",\"inLanguage\":\"et\",\"@id\":\"https:\/\/ibc.ee\/et\/toode\/renewcube-unfda-sertifitseeritud-umberpudeldatud-ibc-1000-mahuti\/#primaryimage\",\"url\":\"https:\/\/ibc.ee\/wp-content\/uploads\/2018\/08\/ReNewCube-UNFDA-certified-rebottled-IBC-1000-container.jpg\",\"contentUrl\":\"https:\/\/ibc.ee\/wp-content\/uploads\/2018\/08\/ReNewCube-UNFDA-certified-rebottled-IBC-1000-container.jpg\",\"width\":1000,\"height\":1000,\"caption\":\"ReNewCube UN+FDA certified rebottled IBC 1000 container\"},{\"@type\":\"BreadcrumbList\",\"@id\":\"https:\/\/ibc.ee\/et\/toode\/renewcube-unfda-sertifitseeritud-umberpudeldatud-ibc-1000-mahuti\/#breadcrumb\",\"itemListElement\":[{\"@type\":\"ListItem\",\"position\":1,\"name\":\"\u0413\u043b\u0430\u0432\u043d\u0430\u044f \u0441\u0442\u0440\u0430\u043d\u0438\u0446\u0430\",\"item\":\"https:\/\/ibc.ee\/et\/\"},{\"@type\":\"ListItem\",\"position\":2,\"name\":\"Pood\",\"item\":\"https:\/\/ibc.ee\/et\/shop\/\"},{\"@type\":\"ListItem\",\"position\":3,\"name\":\"ReNewCube UN+FDA sertifitseeritud \u00fcmberpudeldatud IBC 1000 mahuti\"}]},{\"@type\":\"WebSite\",\"@id\":\"https:\/\/ibc.ee\/et\/#website\",\"url\":\"https:\/\/ibc.ee\/et\/\",\"name\":\"IBC konteineri m&uuml;&uuml;k, vaadid, kraanid, mahutid\",\"description\":\"IBC - Tank container valve, Adapters\\\\fittings, Intermediate bulk, container, Drums\/cans\",\"potentialAction\":[{\"@type\":\"SearchAction\",\"target\":{\"@type\":\"EntryPoint\",\"urlTemplate\":\"https:\/\/ibc.ee\/et\/?s={search_term_string}\"},\"query-input\":{\"@type\":\"PropertyValueSpecification\",\"valueRequired\":true,\"valueName\":\"search_term_string\"}}],\"inLanguage\":\"et\"}]}<\/script>\n<!-- \/ Yoast SEO plugin. -->","yoast_head_json":{"title":"ReNewCube UN+FDA sertifitseeritud \u00fcmberpudeldatud IBC 1000 mahuti - IBC konteineri m&uuml;&uuml;k, vaadid, kraanid, mahutid","description":"Uuendatud IBC konteiner on uus seest, korduvkasutusest v\u00e4ljast \u2013 ideaalne kombinatsioon turvalisusest, puhtusest ja kulut\u00f5hususest.","robots":{"index":"index","follow":"follow","max-snippet":"max-snippet:-1","max-image-preview":"max-image-preview:large","max-video-preview":"max-video-preview:-1"},"canonical":"https:\/\/ibc.ee\/et\/toode\/renewcube-unfda-sertifitseeritud-umberpudeldatud-ibc-1000-mahuti\/","og_locale":"et_EE","og_type":"article","og_title":"ReNewCube UN+FDA sertifitseeritud \u00fcmberpudeldatud IBC 1000 mahuti - IBC konteineri m&uuml;&uuml;k, vaadid, kraanid, mahutid","og_description":"Uuendatud IBC konteiner on uus seest, korduvkasutusest v\u00e4ljast \u2013 ideaalne kombinatsioon turvalisusest, puhtusest ja kulut\u00f5hususest.","og_url":"https:\/\/ibc.ee\/et\/toode\/renewcube-unfda-sertifitseeritud-umberpudeldatud-ibc-1000-mahuti\/","og_site_name":"IBC konteineri m&uuml;&uuml;k, vaadid, kraanid, mahutid","article_modified_time":"2025-07-07T12:18:41+00:00","og_image":[{"width":1000,"height":1000,"url":"https:\/\/ibc.ee\/wp-content\/uploads\/2018\/08\/ReNewCube-UNFDA-certified-rebottled-IBC-1000-container.jpg","type":"image\/jpeg"}],"twitter_card":"summary_large_image","twitter_misc":{"Est. reading time":"1 minut"},"schema":{"@context":"https:\/\/schema.org","@graph":[{"@type":"WebPage","@id":"https:\/\/ibc.ee\/et\/toode\/renewcube-unfda-sertifitseeritud-umberpudeldatud-ibc-1000-mahuti\/","url":"https:\/\/ibc.ee\/et\/toode\/renewcube-unfda-sertifitseeritud-umberpudeldatud-ibc-1000-mahuti\/","name":"ReNewCube UN+FDA sertifitseeritud \u00fcmberpudeldatud IBC 1000 mahuti - IBC konteineri m&uuml;&uuml;k, vaadid, kraanid, mahutid","isPartOf":{"@id":"https:\/\/ibc.ee\/et\/#website"},"primaryImageOfPage":{"@id":"https:\/\/ibc.ee\/et\/toode\/renewcube-unfda-sertifitseeritud-umberpudeldatud-ibc-1000-mahuti\/#primaryimage"},"image":{"@id":"https:\/\/ibc.ee\/et\/toode\/renewcube-unfda-sertifitseeritud-umberpudeldatud-ibc-1000-mahuti\/#primaryimage"},"thumbnailUrl":"https:\/\/ibc.ee\/wp-content\/uploads\/2018\/08\/ReNewCube-UNFDA-certified-rebottled-IBC-1000-container.jpg","datePublished":"2018-08-27T11:00:15+00:00","dateModified":"2025-07-07T12:18:41+00:00","description":"Uuendatud IBC konteiner on uus seest, korduvkasutusest v\u00e4ljast \u2013 ideaalne kombinatsioon turvalisusest, puhtusest ja kulut\u00f5hususest.","breadcrumb":{"@id":"https:\/\/ibc.ee\/et\/toode\/renewcube-unfda-sertifitseeritud-umberpudeldatud-ibc-1000-mahuti\/#breadcrumb"},"inLanguage":"et","potentialAction":[{"@type":"ReadAction","target":["https:\/\/ibc.ee\/et\/toode\/renewcube-unfda-sertifitseeritud-umberpudeldatud-ibc-1000-mahuti\/"]}]},{"@type":"ImageObject","inLanguage":"et","@id":"https:\/\/ibc.ee\/et\/toode\/renewcube-unfda-sertifitseeritud-umberpudeldatud-ibc-1000-mahuti\/#primaryimage","url":"https:\/\/ibc.ee\/wp-content\/uploads\/2018\/08\/ReNewCube-UNFDA-certified-rebottled-IBC-1000-container.jpg","contentUrl":"https:\/\/ibc.ee\/wp-content\/uploads\/2018\/08\/ReNewCube-UNFDA-certified-rebottled-IBC-1000-container.jpg","width":1000,"height":1000,"caption":"ReNewCube UN+FDA certified rebottled IBC 1000 container"},{"@type":"BreadcrumbList","@id":"https:\/\/ibc.ee\/et\/toode\/renewcube-unfda-sertifitseeritud-umberpudeldatud-ibc-1000-mahuti\/#breadcrumb","itemListElement":[{"@type":"ListItem","position":1,"name":"\u0413\u043b\u0430\u0432\u043d\u0430\u044f \u0441\u0442\u0440\u0430\u043d\u0438\u0446\u0430","item":"https:\/\/ibc.ee\/et\/"},{"@type":"ListItem","position":2,"name":"Pood","item":"https:\/\/ibc.ee\/et\/shop\/"},{"@type":"ListItem","position":3,"name":"ReNewCube UN+FDA sertifitseeritud \u00fcmberpudeldatud IBC 1000 mahuti"}]},{"@type":"WebSite","@id":"https:\/\/ibc.ee\/et\/#website","url":"https:\/\/ibc.ee\/et\/","name":"IBC konteineri m&uuml;&uuml;k, vaadid, kraanid, mahutid","description":"IBC - Tank container valve, Adapters\\fittings, Intermediate bulk, container, Drums\/cans","potentialAction":[{"@type":"SearchAction","target":{"@type":"EntryPoint","urlTemplate":"https:\/\/ibc.ee\/et\/?s={search_term_string}"},"query-input":{"@type":"PropertyValueSpecification","valueRequired":true,"valueName":"search_term_string"}}],"inLanguage":"et"}]}},"_links":{"self":[{"href":"https:\/\/ibc.ee\/et\/wp-json\/wp\/v2\/product\/15947","targetHints":{"allow":["GET"]}}],"collection":[{"href":"https:\/\/ibc.ee\/et\/wp-json\/wp\/v2\/product"}],"about":[{"href":"https:\/\/ibc.ee\/et\/wp-json\/wp\/v2\/types\/product"}],"wp:featuredmedia":[{"embeddable":true,"href":"https:\/\/ibc.ee\/et\/wp-json\/wp\/v2\/media\/24196"}],"wp:attachment":[{"href":"https:\/\/ibc.ee\/et\/wp-json\/wp\/v2\/media?parent=15947"}],"wp:term":[{"taxonomy":"product_brand","embeddable":true,"href":"https:\/\/ibc.ee\/et\/wp-json\/wp\/v2\/product_brand?post=15947"},{"taxonomy":"product_cat","embeddable":true,"href":"https:\/\/ibc.ee\/et\/wp-json\/wp\/v2\/product_cat?post=15947"},{"taxonomy":"product_tag","embeddable":true,"href":"https:\/\/ibc.ee\/et\/wp-json\/wp\/v2\/product_tag?post=15947"}],"curies":[{"name":"wp","href":"https:\/\/api.w.org\/{rel}","templated":true}]}}