{"id":16539,"date":"2018-09-08T13:53:48","date_gmt":"2018-09-08T13:58:22","guid":{"rendered":"https:\/\/ibc.ee\/product\/th-plastik-vaat-220l-200-lit\/"},"modified":"2025-06-26T14:27:23","modified_gmt":"2025-06-26T12:27:23","slug":"th-plastik-vaat-220l-200-lit-kasutatud","status":"publish","type":"product","link":"https:\/\/ibc.ee\/et\/toode\/th-plastik-vaat-220l-200-lit-kasutatud\/","title":{"rendered":"TH plastik vaat 220L 200 lit (kasutatud)"},"content":{"rendered":"<p>TH plastikust purk 220L \/ 200, mis on valmistatud t\u00f6\u00f6stusliku tugevusega suure molekulmassiga pol\u00fcet\u00fcleenist (HMWPE) plastist, mis sarnaneb HDPE-le, kuid on vastupidavam, eriti paksude seintega, et pakkuda suurep\u00e4rast j\u00f5udlust ja pikaajalist vastupidavust. Selle suletud peaga trumli sujuv konstruktsioon sobib kasutamiseks v\u00e4litingimustes. Saab kasutada vihma, ujuva v\u00f5i poi, samuti kemikaalide, \u00f5lide ja muu hoiumahutina.<\/p>\n","protected":false},"excerpt":{"rendered":"<p>TH plastikust purk 220L \/ 200, mis on valmistatud t\u00f6\u00f6stusliku tugevusega suure molekulmassiga pol\u00fcet\u00fcleenist (HMWPE) plastist, mis sarnaneb HDPE-le, kuid on vastupidavam, eriti paksude seintega, et pakkuda suurep\u00e4rast j\u00f5udlust ja pikaajalist vastupidavust. Selle suletud peaga trumli sujuv konstruktsioon sobib kasutamiseks v\u00e4litingimustes. Saab kasutada vihma, ujuva v\u00f5i poi, samuti kemikaalide, \u00f5lide ja muu hoiumahutina.<\/p>\n","protected":false},"featured_media":16517,"template":"","meta":[],"product_brand":[],"product_cat":[179],"product_tag":[],"class_list":{"0":"post-16539","1":"product","2":"type-product","3":"status-publish","4":"has-post-thumbnail","6":"product_cat-vaadid-kanistrid","7":"product_shipping_class-drums-and-cans-et","9":"first","10":"onbackorder","11":"taxable","12":"shipping-taxable","13":"purchasable","14":"product-type-simple"},"yoast_head":"<!-- This site is optimized with the Yoast SEO plugin v26.9 - https:\/\/yoast.com\/product\/yoast-seo-wordpress\/ -->\n<title>TH plastik vaat 220L 200 lit (kasutatud) - IBC konteineri m&uuml;&uuml;k, vaadid, kraanid, mahutid<\/title>\n<meta name=\"description\" content=\"TH plastikust purk 220L \/ 200, mis on valmistatud t\u00f6\u00f6stusliku tugevusega suure molekulmassiga pol\u00fcet\u00fcleenist (HMWPE) plastist, mis sarnaneb HDPE-le, kuid on vastupidavam, eriti paksude seintega, et pakkuda suurep\u00e4rast j\u00f5udlust ja pikaajalist vastupidavust.\" \/>\n<meta name=\"robots\" content=\"index, follow, max-snippet:-1, max-image-preview:large, max-video-preview:-1\" \/>\n<link rel=\"canonical\" href=\"https:\/\/ibc.ee\/et\/toode\/th-plastik-vaat-220l-200-lit-kasutatud\/\" \/>\n<meta property=\"og:locale\" content=\"et_EE\" \/>\n<meta property=\"og:type\" content=\"article\" \/>\n<meta property=\"og:title\" content=\"TH plastik vaat 220L 200 lit (kasutatud) - IBC konteineri m&uuml;&uuml;k, vaadid, kraanid, mahutid\" \/>\n<meta property=\"og:description\" content=\"TH plastikust purk 220L \/ 200, mis on valmistatud t\u00f6\u00f6stusliku tugevusega suure molekulmassiga pol\u00fcet\u00fcleenist (HMWPE) plastist, mis sarnaneb HDPE-le, kuid on vastupidavam, eriti paksude seintega, et pakkuda suurep\u00e4rast j\u00f5udlust ja pikaajalist vastupidavust.\" \/>\n<meta property=\"og:url\" content=\"https:\/\/ibc.ee\/et\/toode\/th-plastik-vaat-220l-200-lit-kasutatud\/\" \/>\n<meta property=\"og:site_name\" content=\"IBC konteineri m&uuml;&uuml;k, vaadid, kraanid, mahutid\" \/>\n<meta property=\"article:modified_time\" content=\"2025-06-26T12:27:23+00:00\" \/>\n<meta property=\"og:image\" content=\"https:\/\/ibc.ee\/wp-content\/uploads\/2018\/09\/TH-plastik-vaat-220L-200-lit.jpg\" \/>\n\t<meta property=\"og:image:width\" content=\"500\" \/>\n\t<meta property=\"og:image:height\" content=\"500\" \/>\n\t<meta property=\"og:image:type\" content=\"image\/jpeg\" \/>\n<meta name=\"twitter:card\" content=\"summary_large_image\" \/>\n<meta name=\"twitter:label1\" content=\"Est. reading time\" \/>\n\t<meta name=\"twitter:data1\" content=\"1 minut\" \/>\n<script type=\"application\/ld+json\" class=\"yoast-schema-graph\">{\"@context\":\"https:\/\/schema.org\",\"@graph\":[{\"@type\":\"WebPage\",\"@id\":\"https:\/\/ibc.ee\/et\/toode\/th-plastik-vaat-220l-200-lit-kasutatud\/\",\"url\":\"https:\/\/ibc.ee\/et\/toode\/th-plastik-vaat-220l-200-lit-kasutatud\/\",\"name\":\"TH plastik vaat 220L 200 lit (kasutatud) - IBC konteineri m&uuml;&uuml;k, vaadid, kraanid, mahutid\",\"isPartOf\":{\"@id\":\"https:\/\/ibc.ee\/et\/#website\"},\"primaryImageOfPage\":{\"@id\":\"https:\/\/ibc.ee\/et\/toode\/th-plastik-vaat-220l-200-lit-kasutatud\/#primaryimage\"},\"image\":{\"@id\":\"https:\/\/ibc.ee\/et\/toode\/th-plastik-vaat-220l-200-lit-kasutatud\/#primaryimage\"},\"thumbnailUrl\":\"https:\/\/ibc.ee\/wp-content\/uploads\/2018\/09\/TH-plastik-vaat-220L-200-lit.jpg\",\"datePublished\":\"2018-09-08T13:58:22+00:00\",\"dateModified\":\"2025-06-26T12:27:23+00:00\",\"description\":\"TH plastikust purk 220L \/ 200, mis on valmistatud t\u00f6\u00f6stusliku tugevusega suure molekulmassiga pol\u00fcet\u00fcleenist (HMWPE) plastist, mis sarnaneb HDPE-le, kuid on vastupidavam, eriti paksude seintega, et pakkuda suurep\u00e4rast j\u00f5udlust ja pikaajalist vastupidavust.\",\"breadcrumb\":{\"@id\":\"https:\/\/ibc.ee\/et\/toode\/th-plastik-vaat-220l-200-lit-kasutatud\/#breadcrumb\"},\"inLanguage\":\"et\",\"potentialAction\":[{\"@type\":\"ReadAction\",\"target\":[\"https:\/\/ibc.ee\/et\/toode\/th-plastik-vaat-220l-200-lit-kasutatud\/\"]}]},{\"@type\":\"ImageObject\",\"inLanguage\":\"et\",\"@id\":\"https:\/\/ibc.ee\/et\/toode\/th-plastik-vaat-220l-200-lit-kasutatud\/#primaryimage\",\"url\":\"https:\/\/ibc.ee\/wp-content\/uploads\/2018\/09\/TH-plastik-vaat-220L-200-lit.jpg\",\"contentUrl\":\"https:\/\/ibc.ee\/wp-content\/uploads\/2018\/09\/TH-plastik-vaat-220L-200-lit.jpg\",\"width\":500,\"height\":500,\"caption\":\"TH plastik vaat 220L 200 lit (kasutatud)\"},{\"@type\":\"BreadcrumbList\",\"@id\":\"https:\/\/ibc.ee\/et\/toode\/th-plastik-vaat-220l-200-lit-kasutatud\/#breadcrumb\",\"itemListElement\":[{\"@type\":\"ListItem\",\"position\":1,\"name\":\"\u0413\u043b\u0430\u0432\u043d\u0430\u044f \u0441\u0442\u0440\u0430\u043d\u0438\u0446\u0430\",\"item\":\"https:\/\/ibc.ee\/et\/\"},{\"@type\":\"ListItem\",\"position\":2,\"name\":\"Pood\",\"item\":\"https:\/\/ibc.ee\/et\/shop\/\"},{\"@type\":\"ListItem\",\"position\":3,\"name\":\"TH plastik vaat 220L 200 lit (kasutatud)\"}]},{\"@type\":\"WebSite\",\"@id\":\"https:\/\/ibc.ee\/et\/#website\",\"url\":\"https:\/\/ibc.ee\/et\/\",\"name\":\"IBC konteineri m&uuml;&uuml;k, vaadid, kraanid, mahutid\",\"description\":\"IBC - Tank container valve, Adapters\\\\fittings, Intermediate bulk, container, Drums\/cans\",\"potentialAction\":[{\"@type\":\"SearchAction\",\"target\":{\"@type\":\"EntryPoint\",\"urlTemplate\":\"https:\/\/ibc.ee\/et\/?s={search_term_string}\"},\"query-input\":{\"@type\":\"PropertyValueSpecification\",\"valueRequired\":true,\"valueName\":\"search_term_string\"}}],\"inLanguage\":\"et\"}]}<\/script>\n<!-- \/ Yoast SEO plugin. -->","yoast_head_json":{"title":"TH plastik vaat 220L 200 lit (kasutatud) - IBC konteineri m&uuml;&uuml;k, vaadid, kraanid, mahutid","description":"TH plastikust purk 220L \/ 200, mis on valmistatud t\u00f6\u00f6stusliku tugevusega suure molekulmassiga pol\u00fcet\u00fcleenist (HMWPE) plastist, mis sarnaneb HDPE-le, kuid on vastupidavam, eriti paksude seintega, et pakkuda suurep\u00e4rast j\u00f5udlust ja pikaajalist vastupidavust.","robots":{"index":"index","follow":"follow","max-snippet":"max-snippet:-1","max-image-preview":"max-image-preview:large","max-video-preview":"max-video-preview:-1"},"canonical":"https:\/\/ibc.ee\/et\/toode\/th-plastik-vaat-220l-200-lit-kasutatud\/","og_locale":"et_EE","og_type":"article","og_title":"TH plastik vaat 220L 200 lit (kasutatud) - IBC konteineri m&uuml;&uuml;k, vaadid, kraanid, mahutid","og_description":"TH plastikust purk 220L \/ 200, mis on valmistatud t\u00f6\u00f6stusliku tugevusega suure molekulmassiga pol\u00fcet\u00fcleenist (HMWPE) plastist, mis sarnaneb HDPE-le, kuid on vastupidavam, eriti paksude seintega, et pakkuda suurep\u00e4rast j\u00f5udlust ja pikaajalist vastupidavust.","og_url":"https:\/\/ibc.ee\/et\/toode\/th-plastik-vaat-220l-200-lit-kasutatud\/","og_site_name":"IBC konteineri m&uuml;&uuml;k, vaadid, kraanid, mahutid","article_modified_time":"2025-06-26T12:27:23+00:00","og_image":[{"width":500,"height":500,"url":"https:\/\/ibc.ee\/wp-content\/uploads\/2018\/09\/TH-plastik-vaat-220L-200-lit.jpg","type":"image\/jpeg"}],"twitter_card":"summary_large_image","twitter_misc":{"Est. reading time":"1 minut"},"schema":{"@context":"https:\/\/schema.org","@graph":[{"@type":"WebPage","@id":"https:\/\/ibc.ee\/et\/toode\/th-plastik-vaat-220l-200-lit-kasutatud\/","url":"https:\/\/ibc.ee\/et\/toode\/th-plastik-vaat-220l-200-lit-kasutatud\/","name":"TH plastik vaat 220L 200 lit (kasutatud) - IBC konteineri m&uuml;&uuml;k, vaadid, kraanid, mahutid","isPartOf":{"@id":"https:\/\/ibc.ee\/et\/#website"},"primaryImageOfPage":{"@id":"https:\/\/ibc.ee\/et\/toode\/th-plastik-vaat-220l-200-lit-kasutatud\/#primaryimage"},"image":{"@id":"https:\/\/ibc.ee\/et\/toode\/th-plastik-vaat-220l-200-lit-kasutatud\/#primaryimage"},"thumbnailUrl":"https:\/\/ibc.ee\/wp-content\/uploads\/2018\/09\/TH-plastik-vaat-220L-200-lit.jpg","datePublished":"2018-09-08T13:58:22+00:00","dateModified":"2025-06-26T12:27:23+00:00","description":"TH plastikust purk 220L \/ 200, mis on valmistatud t\u00f6\u00f6stusliku tugevusega suure molekulmassiga pol\u00fcet\u00fcleenist (HMWPE) plastist, mis sarnaneb HDPE-le, kuid on vastupidavam, eriti paksude seintega, et pakkuda suurep\u00e4rast j\u00f5udlust ja pikaajalist vastupidavust.","breadcrumb":{"@id":"https:\/\/ibc.ee\/et\/toode\/th-plastik-vaat-220l-200-lit-kasutatud\/#breadcrumb"},"inLanguage":"et","potentialAction":[{"@type":"ReadAction","target":["https:\/\/ibc.ee\/et\/toode\/th-plastik-vaat-220l-200-lit-kasutatud\/"]}]},{"@type":"ImageObject","inLanguage":"et","@id":"https:\/\/ibc.ee\/et\/toode\/th-plastik-vaat-220l-200-lit-kasutatud\/#primaryimage","url":"https:\/\/ibc.ee\/wp-content\/uploads\/2018\/09\/TH-plastik-vaat-220L-200-lit.jpg","contentUrl":"https:\/\/ibc.ee\/wp-content\/uploads\/2018\/09\/TH-plastik-vaat-220L-200-lit.jpg","width":500,"height":500,"caption":"TH plastik vaat 220L 200 lit (kasutatud)"},{"@type":"BreadcrumbList","@id":"https:\/\/ibc.ee\/et\/toode\/th-plastik-vaat-220l-200-lit-kasutatud\/#breadcrumb","itemListElement":[{"@type":"ListItem","position":1,"name":"\u0413\u043b\u0430\u0432\u043d\u0430\u044f \u0441\u0442\u0440\u0430\u043d\u0438\u0446\u0430","item":"https:\/\/ibc.ee\/et\/"},{"@type":"ListItem","position":2,"name":"Pood","item":"https:\/\/ibc.ee\/et\/shop\/"},{"@type":"ListItem","position":3,"name":"TH plastik vaat 220L 200 lit (kasutatud)"}]},{"@type":"WebSite","@id":"https:\/\/ibc.ee\/et\/#website","url":"https:\/\/ibc.ee\/et\/","name":"IBC konteineri m&uuml;&uuml;k, vaadid, kraanid, mahutid","description":"IBC - Tank container valve, Adapters\\fittings, Intermediate bulk, container, Drums\/cans","potentialAction":[{"@type":"SearchAction","target":{"@type":"EntryPoint","urlTemplate":"https:\/\/ibc.ee\/et\/?s={search_term_string}"},"query-input":{"@type":"PropertyValueSpecification","valueRequired":true,"valueName":"search_term_string"}}],"inLanguage":"et"}]}},"_links":{"self":[{"href":"https:\/\/ibc.ee\/et\/wp-json\/wp\/v2\/product\/16539","targetHints":{"allow":["GET"]}}],"collection":[{"href":"https:\/\/ibc.ee\/et\/wp-json\/wp\/v2\/product"}],"about":[{"href":"https:\/\/ibc.ee\/et\/wp-json\/wp\/v2\/types\/product"}],"wp:featuredmedia":[{"embeddable":true,"href":"https:\/\/ibc.ee\/et\/wp-json\/wp\/v2\/media\/16517"}],"wp:attachment":[{"href":"https:\/\/ibc.ee\/et\/wp-json\/wp\/v2\/media?parent=16539"}],"wp:term":[{"taxonomy":"product_brand","embeddable":true,"href":"https:\/\/ibc.ee\/et\/wp-json\/wp\/v2\/product_brand?post=16539"},{"taxonomy":"product_cat","embeddable":true,"href":"https:\/\/ibc.ee\/et\/wp-json\/wp\/v2\/product_cat?post=16539"},{"taxonomy":"product_tag","embeddable":true,"href":"https:\/\/ibc.ee\/et\/wp-json\/wp\/v2\/product_tag?post=16539"}],"curies":[{"name":"wp","href":"https:\/\/api.w.org\/{rel}","templated":true}]}}