{"id":17208,"date":"2019-04-15T14:04:02","date_gmt":"2019-04-15T12:40:56","guid":{"rendered":"https:\/\/ibc.ee\/product\/ibc-konteiner-640-500-liitrine\/"},"modified":"2025-07-10T13:20:44","modified_gmt":"2025-07-10T11:20:44","slug":"techcube-ibc-640-pestud-ja-taaskasutatud-640l-ibc-konteiner","status":"publish","type":"product","link":"https:\/\/ibc.ee\/et\/toode\/techcube-ibc-640-pestud-ja-taaskasutatud-640l-ibc-konteiner\/","title":{"rendered":"TechCube IBC 640 \u2013 Pestud ja taaskasutatud 640L IBC konteiner"},"content":{"rendered":"<p><strong>T\u00fc\u00fcpilised kasutuskohad:<\/strong><br \/>\n&#8211; Tehnilised vedelikud: puhastusvahendid, mitte-s\u00f6\u00f6vitavad lahused, t\u00f6\u00f6stuslik loputusvesi<br \/>\n&#8211; P\u00f5llumajandus: kastmisvesi, kompostitee, vedelv\u00e4etised (mitte joogiks)<br \/>\n&#8211; Ehitusobjektid: reovee kogumine, betoonij\u00e4\u00e4kide mahutid, t\u00f6\u00f6riistade pesu<br \/>\n&#8211; Kodune\/aia kasutus: vihmavee kogumine, halli vee ladustamine, v\u00e4lidu\u0161id ja pesujaamad<br \/>\n&#8211; DIY projektid: mobiilsed vees\u00fcsteemid, varuvee mahutid<\/p>\n<p><strong>Sertifikaadi m\u00e4rkus:<\/strong><br \/>\nSee konteiner ei ole sertifitseeritud ohtlike kemikaalide ega toiduga kokkupuutumiseks. Ei sobi joogiveele, toiduainete v\u00f5i farmaatsiatoodete hoiustamiseks. <\/p>\n","protected":false},"excerpt":{"rendered":"<p>TechCube IBC 640 on kompaktne, taaskasutatud vahemahuti, mille kogumaht on 640 liitrit. Sobib ideaalselt kasutajatele, kes vajavad soodsat vedelike hoiustamise lahendust mitte-kriitilistes rakendustes. Mahuti on p\u00f5hjalikult pestud ja testitud lekkimise suhtes, kuid sellel puuduvad UN ja FDA sertifikaadid, seega sobib see tehniliseks, p\u00f5llumajanduslikuks v\u00f5i koduseks kasutuseks.  <\/p>\n","protected":false},"featured_media":24293,"template":"","meta":[],"product_brand":[],"product_cat":[326],"product_tag":[],"class_list":{"0":"post-17208","1":"product","2":"type-product","3":"status-publish","4":"has-post-thumbnail","6":"product_cat-ibc-konteinerid-640-500-liitrised","7":"product_shipping_class-containers-et","9":"first","10":"instock","11":"taxable","12":"shipping-taxable","13":"purchasable","14":"product-type-simple"},"yoast_head":"<!-- This site is optimized with the Yoast SEO plugin v26.9 - https:\/\/yoast.com\/product\/yoast-seo-wordpress\/ -->\n<title>TechCube IBC 640 \u2013 Pestud ja taaskasutatud 640L IBC konteiner - IBC konteineri m&uuml;&uuml;k, vaadid, kraanid, mahutid<\/title>\n<meta name=\"description\" content=\"TechCube IBC 640 is a compact, reconditioned intermediate bulk container with a total capacity of 640 liters.\" \/>\n<meta name=\"robots\" content=\"index, follow, max-snippet:-1, max-image-preview:large, max-video-preview:-1\" \/>\n<link rel=\"canonical\" href=\"https:\/\/ibc.ee\/et\/toode\/techcube-ibc-640-pestud-ja-taaskasutatud-640l-ibc-konteiner\/\" \/>\n<meta property=\"og:locale\" content=\"et_EE\" \/>\n<meta property=\"og:type\" content=\"article\" \/>\n<meta property=\"og:title\" content=\"TechCube IBC 640 \u2013 Pestud ja taaskasutatud 640L IBC konteiner - IBC konteineri m&uuml;&uuml;k, vaadid, kraanid, mahutid\" \/>\n<meta property=\"og:description\" content=\"TechCube IBC 640 is a compact, reconditioned intermediate bulk container with a total capacity of 640 liters.\" \/>\n<meta property=\"og:url\" content=\"https:\/\/ibc.ee\/et\/toode\/techcube-ibc-640-pestud-ja-taaskasutatud-640l-ibc-konteiner\/\" \/>\n<meta property=\"og:site_name\" content=\"IBC konteineri m&uuml;&uuml;k, vaadid, kraanid, mahutid\" \/>\n<meta property=\"article:modified_time\" content=\"2025-07-10T11:20:44+00:00\" \/>\n<meta property=\"og:image\" content=\"https:\/\/www.ibc.ee\/wp-content\/uploads\/2019\/04\/Used-1000l-IBC-container.jpg\" \/>\n\t<meta property=\"og:image:width\" content=\"1000\" \/>\n\t<meta property=\"og:image:height\" content=\"1000\" \/>\n\t<meta property=\"og:image:type\" content=\"image\/jpeg\" \/>\n<meta name=\"twitter:card\" content=\"summary_large_image\" \/>\n<meta name=\"twitter:label1\" content=\"Est. reading time\" \/>\n\t<meta name=\"twitter:data1\" content=\"1 minut\" \/>\n<script type=\"application\/ld+json\" class=\"yoast-schema-graph\">{\"@context\":\"https:\/\/schema.org\",\"@graph\":[{\"@type\":\"WebPage\",\"@id\":\"https:\/\/ibc.ee\/et\/toode\/techcube-ibc-640-pestud-ja-taaskasutatud-640l-ibc-konteiner\/\",\"url\":\"https:\/\/ibc.ee\/et\/toode\/techcube-ibc-640-pestud-ja-taaskasutatud-640l-ibc-konteiner\/\",\"name\":\"TechCube IBC 640 \u2013 Pestud ja taaskasutatud 640L IBC konteiner - IBC konteineri m&uuml;&uuml;k, vaadid, kraanid, mahutid\",\"isPartOf\":{\"@id\":\"https:\/\/www.ibc.ee\/et\/#website\"},\"primaryImageOfPage\":{\"@id\":\"https:\/\/ibc.ee\/et\/toode\/techcube-ibc-640-pestud-ja-taaskasutatud-640l-ibc-konteiner\/#primaryimage\"},\"image\":{\"@id\":\"https:\/\/ibc.ee\/et\/toode\/techcube-ibc-640-pestud-ja-taaskasutatud-640l-ibc-konteiner\/#primaryimage\"},\"thumbnailUrl\":\"https:\/\/ibc.ee\/wp-content\/uploads\/2019\/04\/Used-1000l-IBC-container.jpg\",\"datePublished\":\"2019-04-15T12:40:56+00:00\",\"dateModified\":\"2025-07-10T11:20:44+00:00\",\"description\":\"TechCube IBC 640 is a compact, reconditioned intermediate bulk container with a total capacity of 640 liters.\",\"breadcrumb\":{\"@id\":\"https:\/\/ibc.ee\/et\/toode\/techcube-ibc-640-pestud-ja-taaskasutatud-640l-ibc-konteiner\/#breadcrumb\"},\"inLanguage\":\"et\",\"potentialAction\":[{\"@type\":\"ReadAction\",\"target\":[\"https:\/\/ibc.ee\/et\/toode\/techcube-ibc-640-pestud-ja-taaskasutatud-640l-ibc-konteiner\/\"]}]},{\"@type\":\"ImageObject\",\"inLanguage\":\"et\",\"@id\":\"https:\/\/ibc.ee\/et\/toode\/techcube-ibc-640-pestud-ja-taaskasutatud-640l-ibc-konteiner\/#primaryimage\",\"url\":\"https:\/\/ibc.ee\/wp-content\/uploads\/2019\/04\/Used-1000l-IBC-container.jpg\",\"contentUrl\":\"https:\/\/ibc.ee\/wp-content\/uploads\/2019\/04\/Used-1000l-IBC-container.jpg\",\"width\":1000,\"height\":1000,\"caption\":\"TechCube IBC 640 \u2013 Reconditioned 640L IBC Container\"},{\"@type\":\"BreadcrumbList\",\"@id\":\"https:\/\/ibc.ee\/et\/toode\/techcube-ibc-640-pestud-ja-taaskasutatud-640l-ibc-konteiner\/#breadcrumb\",\"itemListElement\":[{\"@type\":\"ListItem\",\"position\":1,\"name\":\"\u0413\u043b\u0430\u0432\u043d\u0430\u044f \u0441\u0442\u0440\u0430\u043d\u0438\u0446\u0430\",\"item\":\"https:\/\/ibc.ee\/et\/\"},{\"@type\":\"ListItem\",\"position\":2,\"name\":\"Pood\",\"item\":\"https:\/\/ibc.ee\/et\/shop\/\"},{\"@type\":\"ListItem\",\"position\":3,\"name\":\"TechCube IBC 640 \u2013 Pestud ja taaskasutatud 640L IBC konteiner\"}]},{\"@type\":\"WebSite\",\"@id\":\"https:\/\/www.ibc.ee\/et\/#website\",\"url\":\"https:\/\/www.ibc.ee\/et\/\",\"name\":\"IBC konteineri m&uuml;&uuml;k, vaadid, kraanid, mahutid\",\"description\":\"IBC - Tank container valve, Adapters\\\\fittings, Intermediate bulk, container, Drums\/cans\",\"potentialAction\":[{\"@type\":\"SearchAction\",\"target\":{\"@type\":\"EntryPoint\",\"urlTemplate\":\"https:\/\/www.ibc.ee\/et\/?s={search_term_string}\"},\"query-input\":{\"@type\":\"PropertyValueSpecification\",\"valueRequired\":true,\"valueName\":\"search_term_string\"}}],\"inLanguage\":\"et\"}]}<\/script>\n<!-- \/ Yoast SEO plugin. -->","yoast_head_json":{"title":"TechCube IBC 640 \u2013 Pestud ja taaskasutatud 640L IBC konteiner - IBC konteineri m&uuml;&uuml;k, vaadid, kraanid, mahutid","description":"TechCube IBC 640 is a compact, reconditioned intermediate bulk container with a total capacity of 640 liters.","robots":{"index":"index","follow":"follow","max-snippet":"max-snippet:-1","max-image-preview":"max-image-preview:large","max-video-preview":"max-video-preview:-1"},"canonical":"https:\/\/ibc.ee\/et\/toode\/techcube-ibc-640-pestud-ja-taaskasutatud-640l-ibc-konteiner\/","og_locale":"et_EE","og_type":"article","og_title":"TechCube IBC 640 \u2013 Pestud ja taaskasutatud 640L IBC konteiner - IBC konteineri m&uuml;&uuml;k, vaadid, kraanid, mahutid","og_description":"TechCube IBC 640 is a compact, reconditioned intermediate bulk container with a total capacity of 640 liters.","og_url":"https:\/\/ibc.ee\/et\/toode\/techcube-ibc-640-pestud-ja-taaskasutatud-640l-ibc-konteiner\/","og_site_name":"IBC konteineri m&uuml;&uuml;k, vaadid, kraanid, mahutid","article_modified_time":"2025-07-10T11:20:44+00:00","og_image":[{"width":1000,"height":1000,"url":"https:\/\/www.ibc.ee\/wp-content\/uploads\/2019\/04\/Used-1000l-IBC-container.jpg","type":"image\/jpeg"}],"twitter_card":"summary_large_image","twitter_misc":{"Est. reading time":"1 minut"},"schema":{"@context":"https:\/\/schema.org","@graph":[{"@type":"WebPage","@id":"https:\/\/ibc.ee\/et\/toode\/techcube-ibc-640-pestud-ja-taaskasutatud-640l-ibc-konteiner\/","url":"https:\/\/ibc.ee\/et\/toode\/techcube-ibc-640-pestud-ja-taaskasutatud-640l-ibc-konteiner\/","name":"TechCube IBC 640 \u2013 Pestud ja taaskasutatud 640L IBC konteiner - IBC konteineri m&uuml;&uuml;k, vaadid, kraanid, mahutid","isPartOf":{"@id":"https:\/\/www.ibc.ee\/et\/#website"},"primaryImageOfPage":{"@id":"https:\/\/ibc.ee\/et\/toode\/techcube-ibc-640-pestud-ja-taaskasutatud-640l-ibc-konteiner\/#primaryimage"},"image":{"@id":"https:\/\/ibc.ee\/et\/toode\/techcube-ibc-640-pestud-ja-taaskasutatud-640l-ibc-konteiner\/#primaryimage"},"thumbnailUrl":"https:\/\/ibc.ee\/wp-content\/uploads\/2019\/04\/Used-1000l-IBC-container.jpg","datePublished":"2019-04-15T12:40:56+00:00","dateModified":"2025-07-10T11:20:44+00:00","description":"TechCube IBC 640 is a compact, reconditioned intermediate bulk container with a total capacity of 640 liters.","breadcrumb":{"@id":"https:\/\/ibc.ee\/et\/toode\/techcube-ibc-640-pestud-ja-taaskasutatud-640l-ibc-konteiner\/#breadcrumb"},"inLanguage":"et","potentialAction":[{"@type":"ReadAction","target":["https:\/\/ibc.ee\/et\/toode\/techcube-ibc-640-pestud-ja-taaskasutatud-640l-ibc-konteiner\/"]}]},{"@type":"ImageObject","inLanguage":"et","@id":"https:\/\/ibc.ee\/et\/toode\/techcube-ibc-640-pestud-ja-taaskasutatud-640l-ibc-konteiner\/#primaryimage","url":"https:\/\/ibc.ee\/wp-content\/uploads\/2019\/04\/Used-1000l-IBC-container.jpg","contentUrl":"https:\/\/ibc.ee\/wp-content\/uploads\/2019\/04\/Used-1000l-IBC-container.jpg","width":1000,"height":1000,"caption":"TechCube IBC 640 \u2013 Reconditioned 640L IBC Container"},{"@type":"BreadcrumbList","@id":"https:\/\/ibc.ee\/et\/toode\/techcube-ibc-640-pestud-ja-taaskasutatud-640l-ibc-konteiner\/#breadcrumb","itemListElement":[{"@type":"ListItem","position":1,"name":"\u0413\u043b\u0430\u0432\u043d\u0430\u044f \u0441\u0442\u0440\u0430\u043d\u0438\u0446\u0430","item":"https:\/\/ibc.ee\/et\/"},{"@type":"ListItem","position":2,"name":"Pood","item":"https:\/\/ibc.ee\/et\/shop\/"},{"@type":"ListItem","position":3,"name":"TechCube IBC 640 \u2013 Pestud ja taaskasutatud 640L IBC konteiner"}]},{"@type":"WebSite","@id":"https:\/\/www.ibc.ee\/et\/#website","url":"https:\/\/www.ibc.ee\/et\/","name":"IBC konteineri m&uuml;&uuml;k, vaadid, kraanid, mahutid","description":"IBC - Tank container valve, Adapters\\fittings, Intermediate bulk, container, Drums\/cans","potentialAction":[{"@type":"SearchAction","target":{"@type":"EntryPoint","urlTemplate":"https:\/\/www.ibc.ee\/et\/?s={search_term_string}"},"query-input":{"@type":"PropertyValueSpecification","valueRequired":true,"valueName":"search_term_string"}}],"inLanguage":"et"}]}},"_links":{"self":[{"href":"https:\/\/ibc.ee\/et\/wp-json\/wp\/v2\/product\/17208","targetHints":{"allow":["GET"]}}],"collection":[{"href":"https:\/\/ibc.ee\/et\/wp-json\/wp\/v2\/product"}],"about":[{"href":"https:\/\/ibc.ee\/et\/wp-json\/wp\/v2\/types\/product"}],"wp:featuredmedia":[{"embeddable":true,"href":"https:\/\/ibc.ee\/et\/wp-json\/wp\/v2\/media\/24293"}],"wp:attachment":[{"href":"https:\/\/ibc.ee\/et\/wp-json\/wp\/v2\/media?parent=17208"}],"wp:term":[{"taxonomy":"product_brand","embeddable":true,"href":"https:\/\/ibc.ee\/et\/wp-json\/wp\/v2\/product_brand?post=17208"},{"taxonomy":"product_cat","embeddable":true,"href":"https:\/\/ibc.ee\/et\/wp-json\/wp\/v2\/product_cat?post=17208"},{"taxonomy":"product_tag","embeddable":true,"href":"https:\/\/ibc.ee\/et\/wp-json\/wp\/v2\/product_tag?post=17208"}],"curies":[{"name":"wp","href":"https:\/\/api.w.org\/{rel}","templated":true}]}}