{"id":17288,"date":"2018-06-03T19:20:22","date_gmt":"2019-04-23T08:19:33","guid":{"rendered":"https:\/\/www.ibc.ee\/product\/ibc-tank-container-1000-liters-75mm-dn65-butterfly-valve\/"},"modified":"2025-07-16T11:31:05","modified_gmt":"2025-07-16T09:31:05","slug":"ibc-konteineri-poordklapiga-kraan-75-mm","status":"publish","type":"product","link":"https:\/\/ibc.ee\/et\/toode\/ibc-konteineri-poordklapiga-kraan-75-mm\/","title":{"rendered":"IBC konteineri P\u00f6\u00f6rdklapiga kraan 75 mm"},"content":{"rendered":"<p>IBC konteineri P\u00f6\u00f6rdklapiga kraan 75 mm<\/p>\n<p>Seda p\u00f6\u00f6rdklapiga kraani saab kasutada vana katkise v\u00f5i lekkiva kraani asendamiseks kui konteineri v\u00e4ljalaske ava v\u00e4liskeere on 75 mm. Kraanile on omakorda v\u00f5imalik juurde lisada erinevaid \u00fcleminekuid (2 tolli) mida on v\u00f5imalik osta meie veebipoest v\u00f5i esindusest. Tehnilised andmed: Kasutamine temperatuuril -20 \u2103 ~ +70 \u2103<\/p>\n<p>Kasutamine r\u00f5hu&lt;0,15 mpa<\/p>\n<p>Soovitavalt kraani avada mitte rohkem kui 2000 korda.<\/p>\n","protected":false},"excerpt":{"rendered":"<p>IBC konteineri P\u00f6\u00f6rdklapiga kraan 75 mm Seda p\u00f6\u00f6rdklapiga kraani saab kasutada vana katkise v\u00f5i lekkiva kraani asendamiseks kui konteineri v\u00e4ljalaske ava v\u00e4liskeere on 75 mm. Kraanile on omakorda v\u00f5imalik juurde lisada erinevaid \u00fcleminekuid (2 tolli) mida on v\u00f5imalik osta meie veebipoest v\u00f5i esindusest. Tehnilised andmed: Kasutamine temperatuuril -20 \u2103 ~ +70 \u2103 Kasutamine r\u00f5hu&lt;0,15 mpa [&hellip;]<\/p>\n","protected":false},"featured_media":15255,"template":"","meta":[],"product_brand":[],"product_cat":[172],"product_tag":[],"class_list":{"0":"post-17288","1":"product","2":"type-product","3":"status-publish","4":"has-post-thumbnail","6":"product_cat-tank-container-valve-et","7":"product_shipping_class-omniva-et","9":"first","10":"instock","11":"taxable","12":"shipping-taxable","13":"purchasable","14":"product-type-simple"},"yoast_head":"<!-- This site is optimized with the Yoast SEO plugin v26.9 - https:\/\/yoast.com\/product\/yoast-seo-wordpress\/ -->\n<title>IBC konteineri P\u00f6\u00f6rdklapiga kraan 75 mm - IBC konteineri m&uuml;&uuml;k, vaadid, kraanid, mahutid<\/title>\n<meta name=\"description\" content=\"Seda p\u00f6\u00f6rdklapiga kraani saab kasutada vana katkise v\u00f5i lekkiva kraani asendamiseks kui konteineri v\u00e4ljalaske ava v\u00e4liskeere on 75 mm.\" \/>\n<meta name=\"robots\" content=\"index, follow, max-snippet:-1, max-image-preview:large, max-video-preview:-1\" \/>\n<link rel=\"canonical\" href=\"https:\/\/ibc.ee\/et\/toode\/ibc-konteineri-poordklapiga-kraan-75-mm\/\" \/>\n<meta property=\"og:locale\" content=\"et_EE\" \/>\n<meta property=\"og:type\" content=\"article\" \/>\n<meta property=\"og:title\" content=\"IBC konteineri P\u00f6\u00f6rdklapiga kraan 75 mm - IBC konteineri m&uuml;&uuml;k, vaadid, kraanid, mahutid\" \/>\n<meta property=\"og:description\" content=\"Seda p\u00f6\u00f6rdklapiga kraani saab kasutada vana katkise v\u00f5i lekkiva kraani asendamiseks kui konteineri v\u00e4ljalaske ava v\u00e4liskeere on 75 mm.\" \/>\n<meta property=\"og:url\" content=\"https:\/\/ibc.ee\/et\/toode\/ibc-konteineri-poordklapiga-kraan-75-mm\/\" \/>\n<meta property=\"og:site_name\" content=\"IBC konteineri m&uuml;&uuml;k, vaadid, kraanid, mahutid\" \/>\n<meta property=\"article:modified_time\" content=\"2025-07-16T09:31:05+00:00\" \/>\n<meta property=\"og:image\" content=\"https:\/\/ibc.ee\/wp-content\/uploads\/2018\/06\/P5219483.jpg\" \/>\n\t<meta property=\"og:image:width\" content=\"2042\" \/>\n\t<meta property=\"og:image:height\" content=\"2042\" \/>\n\t<meta property=\"og:image:type\" content=\"image\/jpeg\" \/>\n<meta name=\"twitter:card\" content=\"summary_large_image\" \/>\n<script type=\"application\/ld+json\" class=\"yoast-schema-graph\">{\"@context\":\"https:\/\/schema.org\",\"@graph\":[{\"@type\":\"WebPage\",\"@id\":\"https:\/\/ibc.ee\/et\/toode\/ibc-konteineri-poordklapiga-kraan-75-mm\/\",\"url\":\"https:\/\/ibc.ee\/et\/toode\/ibc-konteineri-poordklapiga-kraan-75-mm\/\",\"name\":\"IBC konteineri P\u00f6\u00f6rdklapiga kraan 75 mm - IBC konteineri m&uuml;&uuml;k, vaadid, kraanid, mahutid\",\"isPartOf\":{\"@id\":\"https:\/\/www.ibc.ee\/et\/#website\"},\"primaryImageOfPage\":{\"@id\":\"https:\/\/ibc.ee\/et\/toode\/ibc-konteineri-poordklapiga-kraan-75-mm\/#primaryimage\"},\"image\":{\"@id\":\"https:\/\/ibc.ee\/et\/toode\/ibc-konteineri-poordklapiga-kraan-75-mm\/#primaryimage\"},\"thumbnailUrl\":\"https:\/\/ibc.ee\/wp-content\/uploads\/2018\/06\/P5219483.jpg\",\"datePublished\":\"2019-04-23T08:19:33+00:00\",\"dateModified\":\"2025-07-16T09:31:05+00:00\",\"description\":\"Seda p\u00f6\u00f6rdklapiga kraani saab kasutada vana katkise v\u00f5i lekkiva kraani asendamiseks kui konteineri v\u00e4ljalaske ava v\u00e4liskeere on 75 mm.\",\"breadcrumb\":{\"@id\":\"https:\/\/ibc.ee\/et\/toode\/ibc-konteineri-poordklapiga-kraan-75-mm\/#breadcrumb\"},\"inLanguage\":\"et\",\"potentialAction\":[{\"@type\":\"ReadAction\",\"target\":[\"https:\/\/ibc.ee\/et\/toode\/ibc-konteineri-poordklapiga-kraan-75-mm\/\"]}]},{\"@type\":\"ImageObject\",\"inLanguage\":\"et\",\"@id\":\"https:\/\/ibc.ee\/et\/toode\/ibc-konteineri-poordklapiga-kraan-75-mm\/#primaryimage\",\"url\":\"https:\/\/ibc.ee\/wp-content\/uploads\/2018\/06\/P5219483.jpg\",\"contentUrl\":\"https:\/\/ibc.ee\/wp-content\/uploads\/2018\/06\/P5219483.jpg\",\"width\":2042,\"height\":2042,\"caption\":\"IBC konteineri P\u00f6\u00f6rdklapiga kraan 75 mm\"},{\"@type\":\"BreadcrumbList\",\"@id\":\"https:\/\/ibc.ee\/et\/toode\/ibc-konteineri-poordklapiga-kraan-75-mm\/#breadcrumb\",\"itemListElement\":[{\"@type\":\"ListItem\",\"position\":1,\"name\":\"\u0413\u043b\u0430\u0432\u043d\u0430\u044f \u0441\u0442\u0440\u0430\u043d\u0438\u0446\u0430\",\"item\":\"https:\/\/ibc.ee\/et\/\"},{\"@type\":\"ListItem\",\"position\":2,\"name\":\"Pood\",\"item\":\"https:\/\/ibc.ee\/et\/shop\/\"},{\"@type\":\"ListItem\",\"position\":3,\"name\":\"IBC konteineri P\u00f6\u00f6rdklapiga kraan 75 mm\"}]},{\"@type\":\"WebSite\",\"@id\":\"https:\/\/www.ibc.ee\/et\/#website\",\"url\":\"https:\/\/www.ibc.ee\/et\/\",\"name\":\"IBC konteineri m&uuml;&uuml;k, vaadid, kraanid, mahutid\",\"description\":\"IBC - Tank container valve, Adapters\\\\fittings, Intermediate bulk, container, Drums\/cans\",\"potentialAction\":[{\"@type\":\"SearchAction\",\"target\":{\"@type\":\"EntryPoint\",\"urlTemplate\":\"https:\/\/www.ibc.ee\/et\/?s={search_term_string}\"},\"query-input\":{\"@type\":\"PropertyValueSpecification\",\"valueRequired\":true,\"valueName\":\"search_term_string\"}}],\"inLanguage\":\"et\"}]}<\/script>\n<!-- \/ Yoast SEO plugin. -->","yoast_head_json":{"title":"IBC konteineri P\u00f6\u00f6rdklapiga kraan 75 mm - IBC konteineri m&uuml;&uuml;k, vaadid, kraanid, mahutid","description":"Seda p\u00f6\u00f6rdklapiga kraani saab kasutada vana katkise v\u00f5i lekkiva kraani asendamiseks kui konteineri v\u00e4ljalaske ava v\u00e4liskeere on 75 mm.","robots":{"index":"index","follow":"follow","max-snippet":"max-snippet:-1","max-image-preview":"max-image-preview:large","max-video-preview":"max-video-preview:-1"},"canonical":"https:\/\/ibc.ee\/et\/toode\/ibc-konteineri-poordklapiga-kraan-75-mm\/","og_locale":"et_EE","og_type":"article","og_title":"IBC konteineri P\u00f6\u00f6rdklapiga kraan 75 mm - IBC konteineri m&uuml;&uuml;k, vaadid, kraanid, mahutid","og_description":"Seda p\u00f6\u00f6rdklapiga kraani saab kasutada vana katkise v\u00f5i lekkiva kraani asendamiseks kui konteineri v\u00e4ljalaske ava v\u00e4liskeere on 75 mm.","og_url":"https:\/\/ibc.ee\/et\/toode\/ibc-konteineri-poordklapiga-kraan-75-mm\/","og_site_name":"IBC konteineri m&uuml;&uuml;k, vaadid, kraanid, mahutid","article_modified_time":"2025-07-16T09:31:05+00:00","og_image":[{"width":2042,"height":2042,"url":"https:\/\/ibc.ee\/wp-content\/uploads\/2018\/06\/P5219483.jpg","type":"image\/jpeg"}],"twitter_card":"summary_large_image","schema":{"@context":"https:\/\/schema.org","@graph":[{"@type":"WebPage","@id":"https:\/\/ibc.ee\/et\/toode\/ibc-konteineri-poordklapiga-kraan-75-mm\/","url":"https:\/\/ibc.ee\/et\/toode\/ibc-konteineri-poordklapiga-kraan-75-mm\/","name":"IBC konteineri P\u00f6\u00f6rdklapiga kraan 75 mm - IBC konteineri m&uuml;&uuml;k, vaadid, kraanid, mahutid","isPartOf":{"@id":"https:\/\/www.ibc.ee\/et\/#website"},"primaryImageOfPage":{"@id":"https:\/\/ibc.ee\/et\/toode\/ibc-konteineri-poordklapiga-kraan-75-mm\/#primaryimage"},"image":{"@id":"https:\/\/ibc.ee\/et\/toode\/ibc-konteineri-poordklapiga-kraan-75-mm\/#primaryimage"},"thumbnailUrl":"https:\/\/ibc.ee\/wp-content\/uploads\/2018\/06\/P5219483.jpg","datePublished":"2019-04-23T08:19:33+00:00","dateModified":"2025-07-16T09:31:05+00:00","description":"Seda p\u00f6\u00f6rdklapiga kraani saab kasutada vana katkise v\u00f5i lekkiva kraani asendamiseks kui konteineri v\u00e4ljalaske ava v\u00e4liskeere on 75 mm.","breadcrumb":{"@id":"https:\/\/ibc.ee\/et\/toode\/ibc-konteineri-poordklapiga-kraan-75-mm\/#breadcrumb"},"inLanguage":"et","potentialAction":[{"@type":"ReadAction","target":["https:\/\/ibc.ee\/et\/toode\/ibc-konteineri-poordklapiga-kraan-75-mm\/"]}]},{"@type":"ImageObject","inLanguage":"et","@id":"https:\/\/ibc.ee\/et\/toode\/ibc-konteineri-poordklapiga-kraan-75-mm\/#primaryimage","url":"https:\/\/ibc.ee\/wp-content\/uploads\/2018\/06\/P5219483.jpg","contentUrl":"https:\/\/ibc.ee\/wp-content\/uploads\/2018\/06\/P5219483.jpg","width":2042,"height":2042,"caption":"IBC konteineri P\u00f6\u00f6rdklapiga kraan 75 mm"},{"@type":"BreadcrumbList","@id":"https:\/\/ibc.ee\/et\/toode\/ibc-konteineri-poordklapiga-kraan-75-mm\/#breadcrumb","itemListElement":[{"@type":"ListItem","position":1,"name":"\u0413\u043b\u0430\u0432\u043d\u0430\u044f \u0441\u0442\u0440\u0430\u043d\u0438\u0446\u0430","item":"https:\/\/ibc.ee\/et\/"},{"@type":"ListItem","position":2,"name":"Pood","item":"https:\/\/ibc.ee\/et\/shop\/"},{"@type":"ListItem","position":3,"name":"IBC konteineri P\u00f6\u00f6rdklapiga kraan 75 mm"}]},{"@type":"WebSite","@id":"https:\/\/www.ibc.ee\/et\/#website","url":"https:\/\/www.ibc.ee\/et\/","name":"IBC konteineri m&uuml;&uuml;k, vaadid, kraanid, mahutid","description":"IBC - Tank container valve, Adapters\\fittings, Intermediate bulk, container, Drums\/cans","potentialAction":[{"@type":"SearchAction","target":{"@type":"EntryPoint","urlTemplate":"https:\/\/www.ibc.ee\/et\/?s={search_term_string}"},"query-input":{"@type":"PropertyValueSpecification","valueRequired":true,"valueName":"search_term_string"}}],"inLanguage":"et"}]}},"_links":{"self":[{"href":"https:\/\/ibc.ee\/et\/wp-json\/wp\/v2\/product\/17288","targetHints":{"allow":["GET"]}}],"collection":[{"href":"https:\/\/ibc.ee\/et\/wp-json\/wp\/v2\/product"}],"about":[{"href":"https:\/\/ibc.ee\/et\/wp-json\/wp\/v2\/types\/product"}],"wp:featuredmedia":[{"embeddable":true,"href":"https:\/\/ibc.ee\/et\/wp-json\/wp\/v2\/media\/15255"}],"wp:attachment":[{"href":"https:\/\/ibc.ee\/et\/wp-json\/wp\/v2\/media?parent=17288"}],"wp:term":[{"taxonomy":"product_brand","embeddable":true,"href":"https:\/\/ibc.ee\/et\/wp-json\/wp\/v2\/product_brand?post=17288"},{"taxonomy":"product_cat","embeddable":true,"href":"https:\/\/ibc.ee\/et\/wp-json\/wp\/v2\/product_cat?post=17288"},{"taxonomy":"product_tag","embeddable":true,"href":"https:\/\/ibc.ee\/et\/wp-json\/wp\/v2\/product_tag?post=17288"}],"curies":[{"name":"wp","href":"https:\/\/api.w.org\/{rel}","templated":true}]}}