{"id":17755,"date":"2019-05-13T11:47:02","date_gmt":"2019-05-13T09:54:06","guid":{"rendered":"https:\/\/ibc.ee\/product\/ibc-konteineri-uleminek-2-kraaniga-3%e2%81%844-voolikule-kiirlitmikuga\/"},"modified":"2020-01-10T20:15:48","modified_gmt":"2020-01-10T18:15:48","slug":"ibc-konteineri-uleminek-2-kraaniga-3%e2%81%844-voolikule-kiirlitmikuga","status":"publish","type":"product","link":"https:\/\/ibc.ee\/et\/toode\/ibc-konteineri-uleminek-2-kraaniga-3%e2%81%844-voolikule-kiirlitmikuga\/","title":{"rendered":"IBC konteineri \u00fcleminek 2&#8243; kraaniga 3\u20444&#8221; voolikule kiirlitmikuga"},"content":{"rendered":"<p>See \u00fcleminek kraaniga \u00be tolli on m\u00f5eldud konteinerile mille v\u00e4ljalaskeava all on 60mm.(S60x6) . See kiirliidesega \u00fcleminek on v\u00f5imalik \u00fchendada lihtsasti kastmisvoolikuga.<br \/>\nMustal plastikorgil on sisemine keere \u00be tolli mis l\u00e4heb \u00fcle kraanile \u00be tolli. Kraani otsas on kiirliides kuhu v\u00f5imalik \u00fchendada kerge vaevaga kastmisvoolik.<\/p>\n","protected":false},"excerpt":{"rendered":"<p>See \u00fcleminek kraaniga \u00be tolli on m\u00f5eldud konteinerile mille v\u00e4ljalaskeava all on 60mm.(S60x6) . See kiirliidesega \u00fcleminek on v\u00f5imalik \u00fchendada lihtsasti kastmisvoolikuga. Mustal plastikorgil on sisemine keere \u00be tolli mis l\u00e4heb \u00fcle kraanile \u00be tolli. Kraani otsas on kiirliides kuhu v\u00f5imalik \u00fchendada kerge vaevaga kastmisvoolik.<\/p>\n","protected":false},"featured_media":17750,"template":"","meta":[],"product_brand":[],"product_cat":[172,165],"product_tag":[],"class_list":{"0":"post-17755","1":"product","2":"type-product","3":"status-publish","4":"has-post-thumbnail","6":"product_cat-tank-container-valve-et","7":"product_cat-konteineri-kraani-uleminek","8":"product_shipping_class-omniva-et","10":"first","11":"instock","12":"taxable","13":"shipping-taxable","14":"purchasable","15":"product-type-simple"},"yoast_head":"<!-- This site is optimized with the Yoast SEO plugin v26.9 - https:\/\/yoast.com\/product\/yoast-seo-wordpress\/ -->\n<title>IBC konteineri \u00fcleminek 2&quot; kraaniga 3\u20444&#039;&#039; voolikule kiirlitmikuga - IBC konteineri m&uuml;&uuml;k, vaadid, kraanid, mahutid<\/title>\n<meta name=\"description\" content=\"IBC konteineri \u00fcleminek 2&quot; kraaniga 3\u20444&#039;&#039; voolikule kiirlitmikuga. Mustal plastikorgil on sisemine keere \u00be tolli mis l\u00e4heb \u00fcle kraanile \u00be tolli. Kraani otsas on kiirliides kuhu v\u00f5imalik \u00fchendada kerge vaevaga kastmisvoolik.\" \/>\n<meta name=\"robots\" content=\"index, follow, max-snippet:-1, max-image-preview:large, max-video-preview:-1\" \/>\n<link rel=\"canonical\" href=\"https:\/\/ibc.ee\/et\/toode\/ibc-konteineri-uleminek-2-kraaniga-3%e2%81%844-voolikule-kiirlitmikuga\/\" \/>\n<meta property=\"og:locale\" content=\"et_EE\" \/>\n<meta property=\"og:type\" content=\"article\" \/>\n<meta property=\"og:title\" content=\"IBC konteineri \u00fcleminek 2&quot; kraaniga 3\u20444&#039;&#039; voolikule kiirlitmikuga - IBC konteineri m&uuml;&uuml;k, vaadid, kraanid, mahutid\" \/>\n<meta property=\"og:description\" content=\"IBC konteineri \u00fcleminek 2&quot; kraaniga 3\u20444&#039;&#039; voolikule kiirlitmikuga. Mustal plastikorgil on sisemine keere \u00be tolli mis l\u00e4heb \u00fcle kraanile \u00be tolli. Kraani otsas on kiirliides kuhu v\u00f5imalik \u00fchendada kerge vaevaga kastmisvoolik.\" \/>\n<meta property=\"og:url\" content=\"https:\/\/ibc.ee\/et\/toode\/ibc-konteineri-uleminek-2-kraaniga-3%e2%81%844-voolikule-kiirlitmikuga\/\" \/>\n<meta property=\"og:site_name\" content=\"IBC konteineri m&uuml;&uuml;k, vaadid, kraanid, mahutid\" \/>\n<meta property=\"article:modified_time\" content=\"2020-01-10T18:15:48+00:00\" \/>\n<meta property=\"og:image\" content=\"https:\/\/ibc.ee\/wp-content\/uploads\/2019\/05\/P1019951.jpg\" \/>\n\t<meta property=\"og:image:width\" content=\"792\" \/>\n\t<meta property=\"og:image:height\" content=\"724\" \/>\n\t<meta property=\"og:image:type\" content=\"image\/jpeg\" \/>\n<meta name=\"twitter:card\" content=\"summary_large_image\" \/>\n<script type=\"application\/ld+json\" class=\"yoast-schema-graph\">{\"@context\":\"https:\/\/schema.org\",\"@graph\":[{\"@type\":\"WebPage\",\"@id\":\"https:\/\/ibc.ee\/et\/toode\/ibc-konteineri-uleminek-2-kraaniga-3%e2%81%844-voolikule-kiirlitmikuga\/\",\"url\":\"https:\/\/ibc.ee\/et\/toode\/ibc-konteineri-uleminek-2-kraaniga-3%e2%81%844-voolikule-kiirlitmikuga\/\",\"name\":\"IBC konteineri \u00fcleminek 2\\\" kraaniga 3\u20444'' voolikule kiirlitmikuga - IBC konteineri m&uuml;&uuml;k, vaadid, kraanid, mahutid\",\"isPartOf\":{\"@id\":\"https:\/\/ibc.ee\/et\/#website\"},\"primaryImageOfPage\":{\"@id\":\"https:\/\/ibc.ee\/et\/toode\/ibc-konteineri-uleminek-2-kraaniga-3%e2%81%844-voolikule-kiirlitmikuga\/#primaryimage\"},\"image\":{\"@id\":\"https:\/\/ibc.ee\/et\/toode\/ibc-konteineri-uleminek-2-kraaniga-3%e2%81%844-voolikule-kiirlitmikuga\/#primaryimage\"},\"thumbnailUrl\":\"https:\/\/ibc.ee\/wp-content\/uploads\/2019\/05\/P1019951.jpg\",\"datePublished\":\"2019-05-13T09:54:06+00:00\",\"dateModified\":\"2020-01-10T18:15:48+00:00\",\"description\":\"IBC konteineri \u00fcleminek 2\\\" kraaniga 3\u20444'' voolikule kiirlitmikuga. Mustal plastikorgil on sisemine keere \u00be tolli mis l\u00e4heb \u00fcle kraanile \u00be tolli. Kraani otsas on kiirliides kuhu v\u00f5imalik \u00fchendada kerge vaevaga kastmisvoolik.\",\"breadcrumb\":{\"@id\":\"https:\/\/ibc.ee\/et\/toode\/ibc-konteineri-uleminek-2-kraaniga-3%e2%81%844-voolikule-kiirlitmikuga\/#breadcrumb\"},\"inLanguage\":\"et\",\"potentialAction\":[{\"@type\":\"ReadAction\",\"target\":[\"https:\/\/ibc.ee\/et\/toode\/ibc-konteineri-uleminek-2-kraaniga-3%e2%81%844-voolikule-kiirlitmikuga\/\"]}]},{\"@type\":\"ImageObject\",\"inLanguage\":\"et\",\"@id\":\"https:\/\/ibc.ee\/et\/toode\/ibc-konteineri-uleminek-2-kraaniga-3%e2%81%844-voolikule-kiirlitmikuga\/#primaryimage\",\"url\":\"https:\/\/ibc.ee\/wp-content\/uploads\/2019\/05\/P1019951.jpg\",\"contentUrl\":\"https:\/\/ibc.ee\/wp-content\/uploads\/2019\/05\/P1019951.jpg\",\"width\":792,\"height\":724,\"caption\":\"IBC konteineri \u00fcleminek 2\\\" kraaniga 3\u20444'' voolikule kiirlitmikuga\"},{\"@type\":\"BreadcrumbList\",\"@id\":\"https:\/\/ibc.ee\/et\/toode\/ibc-konteineri-uleminek-2-kraaniga-3%e2%81%844-voolikule-kiirlitmikuga\/#breadcrumb\",\"itemListElement\":[{\"@type\":\"ListItem\",\"position\":1,\"name\":\"\u0413\u043b\u0430\u0432\u043d\u0430\u044f \u0441\u0442\u0440\u0430\u043d\u0438\u0446\u0430\",\"item\":\"https:\/\/ibc.ee\/et\/\"},{\"@type\":\"ListItem\",\"position\":2,\"name\":\"Pood\",\"item\":\"https:\/\/ibc.ee\/et\/shop\/\"},{\"@type\":\"ListItem\",\"position\":3,\"name\":\"IBC konteineri \u00fcleminek 2&#8243; kraaniga 3\u20444&#8221; voolikule kiirlitmikuga\"}]},{\"@type\":\"WebSite\",\"@id\":\"https:\/\/ibc.ee\/et\/#website\",\"url\":\"https:\/\/ibc.ee\/et\/\",\"name\":\"IBC konteineri m&uuml;&uuml;k, vaadid, kraanid, mahutid\",\"description\":\"IBC - Tank container valve, Adapters\\\\fittings, Intermediate bulk, container, Drums\/cans\",\"potentialAction\":[{\"@type\":\"SearchAction\",\"target\":{\"@type\":\"EntryPoint\",\"urlTemplate\":\"https:\/\/ibc.ee\/et\/?s={search_term_string}\"},\"query-input\":{\"@type\":\"PropertyValueSpecification\",\"valueRequired\":true,\"valueName\":\"search_term_string\"}}],\"inLanguage\":\"et\"}]}<\/script>\n<!-- \/ Yoast SEO plugin. -->","yoast_head_json":{"title":"IBC konteineri \u00fcleminek 2\" kraaniga 3\u20444'' voolikule kiirlitmikuga - IBC konteineri m&uuml;&uuml;k, vaadid, kraanid, mahutid","description":"IBC konteineri \u00fcleminek 2\" kraaniga 3\u20444'' voolikule kiirlitmikuga. Mustal plastikorgil on sisemine keere \u00be tolli mis l\u00e4heb \u00fcle kraanile \u00be tolli. Kraani otsas on kiirliides kuhu v\u00f5imalik \u00fchendada kerge vaevaga kastmisvoolik.","robots":{"index":"index","follow":"follow","max-snippet":"max-snippet:-1","max-image-preview":"max-image-preview:large","max-video-preview":"max-video-preview:-1"},"canonical":"https:\/\/ibc.ee\/et\/toode\/ibc-konteineri-uleminek-2-kraaniga-3%e2%81%844-voolikule-kiirlitmikuga\/","og_locale":"et_EE","og_type":"article","og_title":"IBC konteineri \u00fcleminek 2\" kraaniga 3\u20444'' voolikule kiirlitmikuga - IBC konteineri m&uuml;&uuml;k, vaadid, kraanid, mahutid","og_description":"IBC konteineri \u00fcleminek 2\" kraaniga 3\u20444'' voolikule kiirlitmikuga. Mustal plastikorgil on sisemine keere \u00be tolli mis l\u00e4heb \u00fcle kraanile \u00be tolli. Kraani otsas on kiirliides kuhu v\u00f5imalik \u00fchendada kerge vaevaga kastmisvoolik.","og_url":"https:\/\/ibc.ee\/et\/toode\/ibc-konteineri-uleminek-2-kraaniga-3%e2%81%844-voolikule-kiirlitmikuga\/","og_site_name":"IBC konteineri m&uuml;&uuml;k, vaadid, kraanid, mahutid","article_modified_time":"2020-01-10T18:15:48+00:00","og_image":[{"width":792,"height":724,"url":"https:\/\/ibc.ee\/wp-content\/uploads\/2019\/05\/P1019951.jpg","type":"image\/jpeg"}],"twitter_card":"summary_large_image","schema":{"@context":"https:\/\/schema.org","@graph":[{"@type":"WebPage","@id":"https:\/\/ibc.ee\/et\/toode\/ibc-konteineri-uleminek-2-kraaniga-3%e2%81%844-voolikule-kiirlitmikuga\/","url":"https:\/\/ibc.ee\/et\/toode\/ibc-konteineri-uleminek-2-kraaniga-3%e2%81%844-voolikule-kiirlitmikuga\/","name":"IBC konteineri \u00fcleminek 2\" kraaniga 3\u20444'' voolikule kiirlitmikuga - IBC konteineri m&uuml;&uuml;k, vaadid, kraanid, mahutid","isPartOf":{"@id":"https:\/\/ibc.ee\/et\/#website"},"primaryImageOfPage":{"@id":"https:\/\/ibc.ee\/et\/toode\/ibc-konteineri-uleminek-2-kraaniga-3%e2%81%844-voolikule-kiirlitmikuga\/#primaryimage"},"image":{"@id":"https:\/\/ibc.ee\/et\/toode\/ibc-konteineri-uleminek-2-kraaniga-3%e2%81%844-voolikule-kiirlitmikuga\/#primaryimage"},"thumbnailUrl":"https:\/\/ibc.ee\/wp-content\/uploads\/2019\/05\/P1019951.jpg","datePublished":"2019-05-13T09:54:06+00:00","dateModified":"2020-01-10T18:15:48+00:00","description":"IBC konteineri \u00fcleminek 2\" kraaniga 3\u20444'' voolikule kiirlitmikuga. Mustal plastikorgil on sisemine keere \u00be tolli mis l\u00e4heb \u00fcle kraanile \u00be tolli. Kraani otsas on kiirliides kuhu v\u00f5imalik \u00fchendada kerge vaevaga kastmisvoolik.","breadcrumb":{"@id":"https:\/\/ibc.ee\/et\/toode\/ibc-konteineri-uleminek-2-kraaniga-3%e2%81%844-voolikule-kiirlitmikuga\/#breadcrumb"},"inLanguage":"et","potentialAction":[{"@type":"ReadAction","target":["https:\/\/ibc.ee\/et\/toode\/ibc-konteineri-uleminek-2-kraaniga-3%e2%81%844-voolikule-kiirlitmikuga\/"]}]},{"@type":"ImageObject","inLanguage":"et","@id":"https:\/\/ibc.ee\/et\/toode\/ibc-konteineri-uleminek-2-kraaniga-3%e2%81%844-voolikule-kiirlitmikuga\/#primaryimage","url":"https:\/\/ibc.ee\/wp-content\/uploads\/2019\/05\/P1019951.jpg","contentUrl":"https:\/\/ibc.ee\/wp-content\/uploads\/2019\/05\/P1019951.jpg","width":792,"height":724,"caption":"IBC konteineri \u00fcleminek 2\" kraaniga 3\u20444'' voolikule kiirlitmikuga"},{"@type":"BreadcrumbList","@id":"https:\/\/ibc.ee\/et\/toode\/ibc-konteineri-uleminek-2-kraaniga-3%e2%81%844-voolikule-kiirlitmikuga\/#breadcrumb","itemListElement":[{"@type":"ListItem","position":1,"name":"\u0413\u043b\u0430\u0432\u043d\u0430\u044f \u0441\u0442\u0440\u0430\u043d\u0438\u0446\u0430","item":"https:\/\/ibc.ee\/et\/"},{"@type":"ListItem","position":2,"name":"Pood","item":"https:\/\/ibc.ee\/et\/shop\/"},{"@type":"ListItem","position":3,"name":"IBC konteineri \u00fcleminek 2&#8243; kraaniga 3\u20444&#8221; voolikule kiirlitmikuga"}]},{"@type":"WebSite","@id":"https:\/\/ibc.ee\/et\/#website","url":"https:\/\/ibc.ee\/et\/","name":"IBC konteineri m&uuml;&uuml;k, vaadid, kraanid, mahutid","description":"IBC - Tank container valve, Adapters\\fittings, Intermediate bulk, container, Drums\/cans","potentialAction":[{"@type":"SearchAction","target":{"@type":"EntryPoint","urlTemplate":"https:\/\/ibc.ee\/et\/?s={search_term_string}"},"query-input":{"@type":"PropertyValueSpecification","valueRequired":true,"valueName":"search_term_string"}}],"inLanguage":"et"}]}},"_links":{"self":[{"href":"https:\/\/ibc.ee\/et\/wp-json\/wp\/v2\/product\/17755","targetHints":{"allow":["GET"]}}],"collection":[{"href":"https:\/\/ibc.ee\/et\/wp-json\/wp\/v2\/product"}],"about":[{"href":"https:\/\/ibc.ee\/et\/wp-json\/wp\/v2\/types\/product"}],"wp:featuredmedia":[{"embeddable":true,"href":"https:\/\/ibc.ee\/et\/wp-json\/wp\/v2\/media\/17750"}],"wp:attachment":[{"href":"https:\/\/ibc.ee\/et\/wp-json\/wp\/v2\/media?parent=17755"}],"wp:term":[{"taxonomy":"product_brand","embeddable":true,"href":"https:\/\/ibc.ee\/et\/wp-json\/wp\/v2\/product_brand?post=17755"},{"taxonomy":"product_cat","embeddable":true,"href":"https:\/\/ibc.ee\/et\/wp-json\/wp\/v2\/product_cat?post=17755"},{"taxonomy":"product_tag","embeddable":true,"href":"https:\/\/ibc.ee\/et\/wp-json\/wp\/v2\/product_tag?post=17755"}],"curies":[{"name":"wp","href":"https:\/\/api.w.org\/{rel}","templated":true}]}}