{"id":17848,"date":"2019-05-14T14:04:02","date_gmt":"2019-05-14T12:04:02","guid":{"rendered":"https:\/\/ibc.ee\/product\/2female-s60x6-x-11-2-female-bspnpt-thread\/"},"modified":"2020-02-10T12:34:32","modified_gmt":"2020-02-10T10:34:32","slug":"ibc-konteneri-uleminek-2-sissekeerega-1-1-2","status":"publish","type":"product","link":"https:\/\/ibc.ee\/et\/toode\/ibc-konteneri-uleminek-2-sissekeerega-1-1-2\/","title":{"rendered":"IBC konteneri \u00fcleminek 2&#8243; sissekeerega 1 1\/2"},"content":{"rendered":"<p>Pol\u00fcprop\u00fcleenist 2&#8243; sisemine S60X6 \u00d7 11,2&#8243; sisemine BSP NPT-niit. PP (pol\u00fcprop\u00fcleenist) adapter IBC mahutitele, keermega S60x6 ja 2&#8243; NPS, sisemise keermega.<\/p>\n","protected":false},"excerpt":{"rendered":"<p>Pol\u00fcprop\u00fcleenist 2&#8243; sisemine S60X6 \u00d7 11,2&#8243; sisemine BSP NPT-niit. PP (pol\u00fcprop\u00fcleenist) adapter IBC mahutitele, keermega S60x6 ja 2&#8243; NPS, sisemise keermega.<\/p>\n","protected":false},"featured_media":17831,"template":"","meta":[],"product_brand":[],"product_cat":[165],"product_tag":[],"class_list":{"0":"post-17848","1":"product","2":"type-product","3":"status-publish","4":"has-post-thumbnail","6":"product_cat-konteineri-kraani-uleminek","7":"product_shipping_class-omniva-et","9":"first","10":"instock","11":"taxable","12":"shipping-taxable","13":"purchasable","14":"product-type-simple"},"yoast_head":"<!-- This site is optimized with the Yoast SEO plugin v26.9 - https:\/\/yoast.com\/product\/yoast-seo-wordpress\/ -->\n<title>IBC konteneri \u00fcleminek 2&quot; sissekeerega 1 1\/2 - IBC konteineri m&uuml;&uuml;k, vaadid, kraanid, mahutid<\/title>\n<meta name=\"description\" content=\"Pol\u00fcprop\u00fcleenist 2&quot; sisemine S60X6 \u00d7 11,2&quot; sisemine BSP NPT-niit. PP (pol\u00fcprop\u00fcleenist) adapter IBC mahutitele, keermega S60x6 ja 2&quot; NPS, sisemise keermega.\" \/>\n<meta name=\"robots\" content=\"index, follow, max-snippet:-1, max-image-preview:large, max-video-preview:-1\" \/>\n<link rel=\"canonical\" href=\"https:\/\/ibc.ee\/et\/toode\/ibc-konteneri-uleminek-2-sissekeerega-1-1-2\/\" \/>\n<meta property=\"og:locale\" content=\"et_EE\" \/>\n<meta property=\"og:type\" content=\"article\" \/>\n<meta property=\"og:title\" content=\"IBC konteneri \u00fcleminek 2&quot; sissekeerega 1 1\/2 - IBC konteineri m&uuml;&uuml;k, vaadid, kraanid, mahutid\" \/>\n<meta property=\"og:description\" content=\"Pol\u00fcprop\u00fcleenist 2&quot; sisemine S60X6 \u00d7 11,2&quot; sisemine BSP NPT-niit. PP (pol\u00fcprop\u00fcleenist) adapter IBC mahutitele, keermega S60x6 ja 2&quot; NPS, sisemise keermega.\" \/>\n<meta property=\"og:url\" content=\"https:\/\/ibc.ee\/et\/toode\/ibc-konteneri-uleminek-2-sissekeerega-1-1-2\/\" \/>\n<meta property=\"og:site_name\" content=\"IBC konteineri m&uuml;&uuml;k, vaadid, kraanid, mahutid\" \/>\n<meta property=\"article:modified_time\" content=\"2020-02-10T10:34:32+00:00\" \/>\n<meta property=\"og:image\" content=\"https:\/\/www.ibc.ee\/wp-content\/uploads\/2019\/05\/P1019981.jpg\" \/>\n\t<meta property=\"og:image:width\" content=\"800\" \/>\n\t<meta property=\"og:image:height\" content=\"668\" \/>\n\t<meta property=\"og:image:type\" content=\"image\/jpeg\" \/>\n<meta name=\"twitter:card\" content=\"summary_large_image\" \/>\n<script type=\"application\/ld+json\" class=\"yoast-schema-graph\">{\"@context\":\"https:\/\/schema.org\",\"@graph\":[{\"@type\":\"WebPage\",\"@id\":\"https:\/\/ibc.ee\/et\/toode\/ibc-konteneri-uleminek-2-sissekeerega-1-1-2\/\",\"url\":\"https:\/\/ibc.ee\/et\/toode\/ibc-konteneri-uleminek-2-sissekeerega-1-1-2\/\",\"name\":\"IBC konteneri \u00fcleminek 2\\\" sissekeerega 1 1\/2 - IBC konteineri m&uuml;&uuml;k, vaadid, kraanid, mahutid\",\"isPartOf\":{\"@id\":\"https:\/\/www.ibc.ee\/et\/#website\"},\"primaryImageOfPage\":{\"@id\":\"https:\/\/ibc.ee\/et\/toode\/ibc-konteneri-uleminek-2-sissekeerega-1-1-2\/#primaryimage\"},\"image\":{\"@id\":\"https:\/\/ibc.ee\/et\/toode\/ibc-konteneri-uleminek-2-sissekeerega-1-1-2\/#primaryimage\"},\"thumbnailUrl\":\"https:\/\/ibc.ee\/wp-content\/uploads\/2019\/05\/P1019981.jpg\",\"datePublished\":\"2019-05-14T12:04:02+00:00\",\"dateModified\":\"2020-02-10T10:34:32+00:00\",\"description\":\"Pol\u00fcprop\u00fcleenist 2\\\" sisemine S60X6 \u00d7 11,2\\\" sisemine BSP NPT-niit. PP (pol\u00fcprop\u00fcleenist) adapter IBC mahutitele, keermega S60x6 ja 2\\\" NPS, sisemise keermega.\",\"breadcrumb\":{\"@id\":\"https:\/\/ibc.ee\/et\/toode\/ibc-konteneri-uleminek-2-sissekeerega-1-1-2\/#breadcrumb\"},\"inLanguage\":\"et\",\"potentialAction\":[{\"@type\":\"ReadAction\",\"target\":[\"https:\/\/ibc.ee\/et\/toode\/ibc-konteneri-uleminek-2-sissekeerega-1-1-2\/\"]}]},{\"@type\":\"ImageObject\",\"inLanguage\":\"et\",\"@id\":\"https:\/\/ibc.ee\/et\/toode\/ibc-konteneri-uleminek-2-sissekeerega-1-1-2\/#primaryimage\",\"url\":\"https:\/\/ibc.ee\/wp-content\/uploads\/2019\/05\/P1019981.jpg\",\"contentUrl\":\"https:\/\/ibc.ee\/wp-content\/uploads\/2019\/05\/P1019981.jpg\",\"width\":800,\"height\":668,\"caption\":\"IBC konteneri \u00fcleminek 2\\\" sissekeerega 1 1\/2\"},{\"@type\":\"BreadcrumbList\",\"@id\":\"https:\/\/ibc.ee\/et\/toode\/ibc-konteneri-uleminek-2-sissekeerega-1-1-2\/#breadcrumb\",\"itemListElement\":[{\"@type\":\"ListItem\",\"position\":1,\"name\":\"\u0413\u043b\u0430\u0432\u043d\u0430\u044f \u0441\u0442\u0440\u0430\u043d\u0438\u0446\u0430\",\"item\":\"https:\/\/ibc.ee\/et\/\"},{\"@type\":\"ListItem\",\"position\":2,\"name\":\"Pood\",\"item\":\"https:\/\/ibc.ee\/et\/shop\/\"},{\"@type\":\"ListItem\",\"position\":3,\"name\":\"IBC konteneri \u00fcleminek 2&#8243; sissekeerega 1 1\/2\"}]},{\"@type\":\"WebSite\",\"@id\":\"https:\/\/www.ibc.ee\/et\/#website\",\"url\":\"https:\/\/www.ibc.ee\/et\/\",\"name\":\"IBC konteineri m&uuml;&uuml;k, vaadid, kraanid, mahutid\",\"description\":\"IBC - Tank container valve, Adapters\\\\fittings, Intermediate bulk, container, Drums\/cans\",\"potentialAction\":[{\"@type\":\"SearchAction\",\"target\":{\"@type\":\"EntryPoint\",\"urlTemplate\":\"https:\/\/www.ibc.ee\/et\/?s={search_term_string}\"},\"query-input\":{\"@type\":\"PropertyValueSpecification\",\"valueRequired\":true,\"valueName\":\"search_term_string\"}}],\"inLanguage\":\"et\"}]}<\/script>\n<!-- \/ Yoast SEO plugin. -->","yoast_head_json":{"title":"IBC konteneri \u00fcleminek 2\" sissekeerega 1 1\/2 - IBC konteineri m&uuml;&uuml;k, vaadid, kraanid, mahutid","description":"Pol\u00fcprop\u00fcleenist 2\" sisemine S60X6 \u00d7 11,2\" sisemine BSP NPT-niit. PP (pol\u00fcprop\u00fcleenist) adapter IBC mahutitele, keermega S60x6 ja 2\" NPS, sisemise keermega.","robots":{"index":"index","follow":"follow","max-snippet":"max-snippet:-1","max-image-preview":"max-image-preview:large","max-video-preview":"max-video-preview:-1"},"canonical":"https:\/\/ibc.ee\/et\/toode\/ibc-konteneri-uleminek-2-sissekeerega-1-1-2\/","og_locale":"et_EE","og_type":"article","og_title":"IBC konteneri \u00fcleminek 2\" sissekeerega 1 1\/2 - IBC konteineri m&uuml;&uuml;k, vaadid, kraanid, mahutid","og_description":"Pol\u00fcprop\u00fcleenist 2\" sisemine S60X6 \u00d7 11,2\" sisemine BSP NPT-niit. PP (pol\u00fcprop\u00fcleenist) adapter IBC mahutitele, keermega S60x6 ja 2\" NPS, sisemise keermega.","og_url":"https:\/\/ibc.ee\/et\/toode\/ibc-konteneri-uleminek-2-sissekeerega-1-1-2\/","og_site_name":"IBC konteineri m&uuml;&uuml;k, vaadid, kraanid, mahutid","article_modified_time":"2020-02-10T10:34:32+00:00","og_image":[{"width":800,"height":668,"url":"https:\/\/www.ibc.ee\/wp-content\/uploads\/2019\/05\/P1019981.jpg","type":"image\/jpeg"}],"twitter_card":"summary_large_image","schema":{"@context":"https:\/\/schema.org","@graph":[{"@type":"WebPage","@id":"https:\/\/ibc.ee\/et\/toode\/ibc-konteneri-uleminek-2-sissekeerega-1-1-2\/","url":"https:\/\/ibc.ee\/et\/toode\/ibc-konteneri-uleminek-2-sissekeerega-1-1-2\/","name":"IBC konteneri \u00fcleminek 2\" sissekeerega 1 1\/2 - IBC konteineri m&uuml;&uuml;k, vaadid, kraanid, mahutid","isPartOf":{"@id":"https:\/\/www.ibc.ee\/et\/#website"},"primaryImageOfPage":{"@id":"https:\/\/ibc.ee\/et\/toode\/ibc-konteneri-uleminek-2-sissekeerega-1-1-2\/#primaryimage"},"image":{"@id":"https:\/\/ibc.ee\/et\/toode\/ibc-konteneri-uleminek-2-sissekeerega-1-1-2\/#primaryimage"},"thumbnailUrl":"https:\/\/ibc.ee\/wp-content\/uploads\/2019\/05\/P1019981.jpg","datePublished":"2019-05-14T12:04:02+00:00","dateModified":"2020-02-10T10:34:32+00:00","description":"Pol\u00fcprop\u00fcleenist 2\" sisemine S60X6 \u00d7 11,2\" sisemine BSP NPT-niit. PP (pol\u00fcprop\u00fcleenist) adapter IBC mahutitele, keermega S60x6 ja 2\" NPS, sisemise keermega.","breadcrumb":{"@id":"https:\/\/ibc.ee\/et\/toode\/ibc-konteneri-uleminek-2-sissekeerega-1-1-2\/#breadcrumb"},"inLanguage":"et","potentialAction":[{"@type":"ReadAction","target":["https:\/\/ibc.ee\/et\/toode\/ibc-konteneri-uleminek-2-sissekeerega-1-1-2\/"]}]},{"@type":"ImageObject","inLanguage":"et","@id":"https:\/\/ibc.ee\/et\/toode\/ibc-konteneri-uleminek-2-sissekeerega-1-1-2\/#primaryimage","url":"https:\/\/ibc.ee\/wp-content\/uploads\/2019\/05\/P1019981.jpg","contentUrl":"https:\/\/ibc.ee\/wp-content\/uploads\/2019\/05\/P1019981.jpg","width":800,"height":668,"caption":"IBC konteneri \u00fcleminek 2\" sissekeerega 1 1\/2"},{"@type":"BreadcrumbList","@id":"https:\/\/ibc.ee\/et\/toode\/ibc-konteneri-uleminek-2-sissekeerega-1-1-2\/#breadcrumb","itemListElement":[{"@type":"ListItem","position":1,"name":"\u0413\u043b\u0430\u0432\u043d\u0430\u044f \u0441\u0442\u0440\u0430\u043d\u0438\u0446\u0430","item":"https:\/\/ibc.ee\/et\/"},{"@type":"ListItem","position":2,"name":"Pood","item":"https:\/\/ibc.ee\/et\/shop\/"},{"@type":"ListItem","position":3,"name":"IBC konteneri \u00fcleminek 2&#8243; sissekeerega 1 1\/2"}]},{"@type":"WebSite","@id":"https:\/\/www.ibc.ee\/et\/#website","url":"https:\/\/www.ibc.ee\/et\/","name":"IBC konteineri m&uuml;&uuml;k, vaadid, kraanid, mahutid","description":"IBC - Tank container valve, Adapters\\fittings, Intermediate bulk, container, Drums\/cans","potentialAction":[{"@type":"SearchAction","target":{"@type":"EntryPoint","urlTemplate":"https:\/\/www.ibc.ee\/et\/?s={search_term_string}"},"query-input":{"@type":"PropertyValueSpecification","valueRequired":true,"valueName":"search_term_string"}}],"inLanguage":"et"}]}},"_links":{"self":[{"href":"https:\/\/ibc.ee\/et\/wp-json\/wp\/v2\/product\/17848","targetHints":{"allow":["GET"]}}],"collection":[{"href":"https:\/\/ibc.ee\/et\/wp-json\/wp\/v2\/product"}],"about":[{"href":"https:\/\/ibc.ee\/et\/wp-json\/wp\/v2\/types\/product"}],"wp:featuredmedia":[{"embeddable":true,"href":"https:\/\/ibc.ee\/et\/wp-json\/wp\/v2\/media\/17831"}],"wp:attachment":[{"href":"https:\/\/ibc.ee\/et\/wp-json\/wp\/v2\/media?parent=17848"}],"wp:term":[{"taxonomy":"product_brand","embeddable":true,"href":"https:\/\/ibc.ee\/et\/wp-json\/wp\/v2\/product_brand?post=17848"},{"taxonomy":"product_cat","embeddable":true,"href":"https:\/\/ibc.ee\/et\/wp-json\/wp\/v2\/product_cat?post=17848"},{"taxonomy":"product_tag","embeddable":true,"href":"https:\/\/ibc.ee\/et\/wp-json\/wp\/v2\/product_tag?post=17848"}],"curies":[{"name":"wp","href":"https:\/\/api.w.org\/{rel}","templated":true}]}}