{"id":19396,"date":"2020-05-17T14:23:11","date_gmt":"2020-05-17T12:23:11","guid":{"rendered":"https:\/\/www.ibc.ee\/?post_type=product&#038;p=19396"},"modified":"2020-05-17T14:25:18","modified_gmt":"2020-05-17T12:25:18","slug":"uleminek-konteinerilt-sisekeermega-s60x6-kraaniga-kolm-neljandi-tolli-valiskerega-plastik-2","status":"publish","type":"product","link":"https:\/\/ibc.ee\/et\/toode\/uleminek-konteinerilt-sisekeermega-s60x6-kraaniga-kolm-neljandi-tolli-valiskerega-plastik-2\/","title":{"rendered":"\u00dcleminek konteinerilt sisekeermega S60X6 kraaniga kolm neljandi tolli v\u00e4liskerega, plastik"},"content":{"rendered":"<p>S60X6 emane  ja 3\/4&#8243; kraan VV.  See \u00fcleminek on m\u00f5eldud 1000L v\u00f5i 500L (v\u00e4iksem IBC mahuti). Konteinerile all oleva v\u00e4ljalaskeavaga 60mm (S60x6) Mustal plastikkorgil on S60X6 santehniline sisekeere. Kraani suurus &#8211; 3\/4 v\u00e4liskere. <\/p>\n","protected":false},"excerpt":{"rendered":"<p>S60X6 emane ja 3\/4&#8243; kraan VV. See \u00fcleminek on m\u00f5eldud 1000L v\u00f5i 500L (v\u00e4iksem IBC mahuti). Konteinerile all oleva v\u00e4ljalaskeavaga 60mm (S60x6) Mustal plastikkorgil on S60X6 santehniline sisekeere. Kraani suurus &#8211; 3\/4 v\u00e4liskere.<\/p>\n","protected":false},"featured_media":19402,"template":"","meta":[],"product_brand":[],"product_cat":[172,165],"product_tag":[],"class_list":{"0":"post-19396","1":"product","2":"type-product","3":"status-publish","4":"has-post-thumbnail","6":"product_cat-tank-container-valve-et","7":"product_cat-konteineri-kraani-uleminek","8":"product_shipping_class-omniva-et","10":"first","11":"onbackorder","12":"taxable","13":"shipping-taxable","14":"purchasable","15":"product-type-simple"},"yoast_head":"<!-- This site is optimized with the Yoast SEO plugin v26.9 - https:\/\/yoast.com\/product\/yoast-seo-wordpress\/ -->\n<title>\u00dcleminek konteinerilt sisekeermega S60X6 kraaniga kolm neljandi tolli v\u00e4liskerega, plastik - IBC konteineri m&uuml;&uuml;k, vaadid, kraanid, mahutid<\/title>\n<meta name=\"description\" content=\"\u00dcleminek konteinerilt sisekeermega S60X6 kraaniga kolm neljandi tolli v\u00e4liskerega\" \/>\n<meta name=\"robots\" content=\"index, follow, max-snippet:-1, max-image-preview:large, max-video-preview:-1\" \/>\n<link rel=\"canonical\" href=\"https:\/\/ibc.ee\/et\/toode\/uleminek-konteinerilt-sisekeermega-s60x6-kraaniga-kolm-neljandi-tolli-valiskerega-plastik-2\/\" \/>\n<meta property=\"og:locale\" content=\"et_EE\" \/>\n<meta property=\"og:type\" content=\"article\" \/>\n<meta property=\"og:title\" content=\"\u00dcleminek konteinerilt sisekeermega S60X6 kraaniga kolm neljandi tolli v\u00e4liskerega, plastik - IBC konteineri m&uuml;&uuml;k, vaadid, kraanid, mahutid\" \/>\n<meta property=\"og:description\" content=\"\u00dcleminek konteinerilt sisekeermega S60X6 kraaniga kolm neljandi tolli v\u00e4liskerega\" \/>\n<meta property=\"og:url\" content=\"https:\/\/ibc.ee\/et\/toode\/uleminek-konteinerilt-sisekeermega-s60x6-kraaniga-kolm-neljandi-tolli-valiskerega-plastik-2\/\" \/>\n<meta property=\"og:site_name\" content=\"IBC konteineri m&uuml;&uuml;k, vaadid, kraanid, mahutid\" \/>\n<meta property=\"article:modified_time\" content=\"2020-05-17T12:25:18+00:00\" \/>\n<meta property=\"og:image\" content=\"https:\/\/ibc.ee\/wp-content\/uploads\/2020\/05\/IBC-connector-S60X6-1-Way-Tap-Connectors-34-male-thread-for-Garden-Irrigation-System-plastik_1_wm.jpg\" \/>\n\t<meta property=\"og:image:width\" content=\"1000\" \/>\n\t<meta property=\"og:image:height\" content=\"1000\" \/>\n\t<meta property=\"og:image:type\" content=\"image\/jpeg\" \/>\n<meta name=\"twitter:card\" content=\"summary_large_image\" \/>\n<script type=\"application\/ld+json\" class=\"yoast-schema-graph\">{\"@context\":\"https:\/\/schema.org\",\"@graph\":[{\"@type\":\"WebPage\",\"@id\":\"https:\/\/ibc.ee\/et\/toode\/uleminek-konteinerilt-sisekeermega-s60x6-kraaniga-kolm-neljandi-tolli-valiskerega-plastik-2\/\",\"url\":\"https:\/\/ibc.ee\/et\/toode\/uleminek-konteinerilt-sisekeermega-s60x6-kraaniga-kolm-neljandi-tolli-valiskerega-plastik-2\/\",\"name\":\"\u00dcleminek konteinerilt sisekeermega S60X6 kraaniga kolm neljandi tolli v\u00e4liskerega, plastik - IBC konteineri m&uuml;&uuml;k, vaadid, kraanid, mahutid\",\"isPartOf\":{\"@id\":\"https:\/\/ibc.ee\/et\/#website\"},\"primaryImageOfPage\":{\"@id\":\"https:\/\/ibc.ee\/et\/toode\/uleminek-konteinerilt-sisekeermega-s60x6-kraaniga-kolm-neljandi-tolli-valiskerega-plastik-2\/#primaryimage\"},\"image\":{\"@id\":\"https:\/\/ibc.ee\/et\/toode\/uleminek-konteinerilt-sisekeermega-s60x6-kraaniga-kolm-neljandi-tolli-valiskerega-plastik-2\/#primaryimage\"},\"thumbnailUrl\":\"https:\/\/ibc.ee\/wp-content\/uploads\/2020\/05\/IBC-connector-S60X6-1-Way-Tap-Connectors-34-male-thread-for-Garden-Irrigation-System-plastik_1_wm.jpg\",\"datePublished\":\"2020-05-17T12:23:11+00:00\",\"dateModified\":\"2020-05-17T12:25:18+00:00\",\"description\":\"\u00dcleminek konteinerilt sisekeermega S60X6 kraaniga kolm neljandi tolli v\u00e4liskerega\",\"breadcrumb\":{\"@id\":\"https:\/\/ibc.ee\/et\/toode\/uleminek-konteinerilt-sisekeermega-s60x6-kraaniga-kolm-neljandi-tolli-valiskerega-plastik-2\/#breadcrumb\"},\"inLanguage\":\"et\",\"potentialAction\":[{\"@type\":\"ReadAction\",\"target\":[\"https:\/\/ibc.ee\/et\/toode\/uleminek-konteinerilt-sisekeermega-s60x6-kraaniga-kolm-neljandi-tolli-valiskerega-plastik-2\/\"]}]},{\"@type\":\"ImageObject\",\"inLanguage\":\"et\",\"@id\":\"https:\/\/ibc.ee\/et\/toode\/uleminek-konteinerilt-sisekeermega-s60x6-kraaniga-kolm-neljandi-tolli-valiskerega-plastik-2\/#primaryimage\",\"url\":\"https:\/\/ibc.ee\/wp-content\/uploads\/2020\/05\/IBC-connector-S60X6-1-Way-Tap-Connectors-34-male-thread-for-Garden-Irrigation-System-plastik_1_wm.jpg\",\"contentUrl\":\"https:\/\/ibc.ee\/wp-content\/uploads\/2020\/05\/IBC-connector-S60X6-1-Way-Tap-Connectors-34-male-thread-for-Garden-Irrigation-System-plastik_1_wm.jpg\",\"width\":1000,\"height\":1000,\"caption\":\"\u00dcleminek konteinerilt sisekeermega S60X6 kraaniga kolm neljandi tolli v\u00e4liskerega, plastik\"},{\"@type\":\"BreadcrumbList\",\"@id\":\"https:\/\/ibc.ee\/et\/toode\/uleminek-konteinerilt-sisekeermega-s60x6-kraaniga-kolm-neljandi-tolli-valiskerega-plastik-2\/#breadcrumb\",\"itemListElement\":[{\"@type\":\"ListItem\",\"position\":1,\"name\":\"\u0413\u043b\u0430\u0432\u043d\u0430\u044f \u0441\u0442\u0440\u0430\u043d\u0438\u0446\u0430\",\"item\":\"https:\/\/ibc.ee\/et\/\"},{\"@type\":\"ListItem\",\"position\":2,\"name\":\"Pood\",\"item\":\"https:\/\/ibc.ee\/et\/shop\/\"},{\"@type\":\"ListItem\",\"position\":3,\"name\":\"\u00dcleminek konteinerilt sisekeermega S60X6 kraaniga kolm neljandi tolli v\u00e4liskerega, plastik\"}]},{\"@type\":\"WebSite\",\"@id\":\"https:\/\/ibc.ee\/et\/#website\",\"url\":\"https:\/\/ibc.ee\/et\/\",\"name\":\"IBC konteineri m&uuml;&uuml;k, vaadid, kraanid, mahutid\",\"description\":\"IBC - Tank container valve, Adapters\\\\fittings, Intermediate bulk, container, Drums\/cans\",\"potentialAction\":[{\"@type\":\"SearchAction\",\"target\":{\"@type\":\"EntryPoint\",\"urlTemplate\":\"https:\/\/ibc.ee\/et\/?s={search_term_string}\"},\"query-input\":{\"@type\":\"PropertyValueSpecification\",\"valueRequired\":true,\"valueName\":\"search_term_string\"}}],\"inLanguage\":\"et\"}]}<\/script>\n<!-- \/ Yoast SEO plugin. -->","yoast_head_json":{"title":"\u00dcleminek konteinerilt sisekeermega S60X6 kraaniga kolm neljandi tolli v\u00e4liskerega, plastik - IBC konteineri m&uuml;&uuml;k, vaadid, kraanid, mahutid","description":"\u00dcleminek konteinerilt sisekeermega S60X6 kraaniga kolm neljandi tolli v\u00e4liskerega","robots":{"index":"index","follow":"follow","max-snippet":"max-snippet:-1","max-image-preview":"max-image-preview:large","max-video-preview":"max-video-preview:-1"},"canonical":"https:\/\/ibc.ee\/et\/toode\/uleminek-konteinerilt-sisekeermega-s60x6-kraaniga-kolm-neljandi-tolli-valiskerega-plastik-2\/","og_locale":"et_EE","og_type":"article","og_title":"\u00dcleminek konteinerilt sisekeermega S60X6 kraaniga kolm neljandi tolli v\u00e4liskerega, plastik - IBC konteineri m&uuml;&uuml;k, vaadid, kraanid, mahutid","og_description":"\u00dcleminek konteinerilt sisekeermega S60X6 kraaniga kolm neljandi tolli v\u00e4liskerega","og_url":"https:\/\/ibc.ee\/et\/toode\/uleminek-konteinerilt-sisekeermega-s60x6-kraaniga-kolm-neljandi-tolli-valiskerega-plastik-2\/","og_site_name":"IBC konteineri m&uuml;&uuml;k, vaadid, kraanid, mahutid","article_modified_time":"2020-05-17T12:25:18+00:00","og_image":[{"width":1000,"height":1000,"url":"https:\/\/ibc.ee\/wp-content\/uploads\/2020\/05\/IBC-connector-S60X6-1-Way-Tap-Connectors-34-male-thread-for-Garden-Irrigation-System-plastik_1_wm.jpg","type":"image\/jpeg"}],"twitter_card":"summary_large_image","schema":{"@context":"https:\/\/schema.org","@graph":[{"@type":"WebPage","@id":"https:\/\/ibc.ee\/et\/toode\/uleminek-konteinerilt-sisekeermega-s60x6-kraaniga-kolm-neljandi-tolli-valiskerega-plastik-2\/","url":"https:\/\/ibc.ee\/et\/toode\/uleminek-konteinerilt-sisekeermega-s60x6-kraaniga-kolm-neljandi-tolli-valiskerega-plastik-2\/","name":"\u00dcleminek konteinerilt sisekeermega S60X6 kraaniga kolm neljandi tolli v\u00e4liskerega, plastik - IBC konteineri m&uuml;&uuml;k, vaadid, kraanid, mahutid","isPartOf":{"@id":"https:\/\/ibc.ee\/et\/#website"},"primaryImageOfPage":{"@id":"https:\/\/ibc.ee\/et\/toode\/uleminek-konteinerilt-sisekeermega-s60x6-kraaniga-kolm-neljandi-tolli-valiskerega-plastik-2\/#primaryimage"},"image":{"@id":"https:\/\/ibc.ee\/et\/toode\/uleminek-konteinerilt-sisekeermega-s60x6-kraaniga-kolm-neljandi-tolli-valiskerega-plastik-2\/#primaryimage"},"thumbnailUrl":"https:\/\/ibc.ee\/wp-content\/uploads\/2020\/05\/IBC-connector-S60X6-1-Way-Tap-Connectors-34-male-thread-for-Garden-Irrigation-System-plastik_1_wm.jpg","datePublished":"2020-05-17T12:23:11+00:00","dateModified":"2020-05-17T12:25:18+00:00","description":"\u00dcleminek konteinerilt sisekeermega S60X6 kraaniga kolm neljandi tolli v\u00e4liskerega","breadcrumb":{"@id":"https:\/\/ibc.ee\/et\/toode\/uleminek-konteinerilt-sisekeermega-s60x6-kraaniga-kolm-neljandi-tolli-valiskerega-plastik-2\/#breadcrumb"},"inLanguage":"et","potentialAction":[{"@type":"ReadAction","target":["https:\/\/ibc.ee\/et\/toode\/uleminek-konteinerilt-sisekeermega-s60x6-kraaniga-kolm-neljandi-tolli-valiskerega-plastik-2\/"]}]},{"@type":"ImageObject","inLanguage":"et","@id":"https:\/\/ibc.ee\/et\/toode\/uleminek-konteinerilt-sisekeermega-s60x6-kraaniga-kolm-neljandi-tolli-valiskerega-plastik-2\/#primaryimage","url":"https:\/\/ibc.ee\/wp-content\/uploads\/2020\/05\/IBC-connector-S60X6-1-Way-Tap-Connectors-34-male-thread-for-Garden-Irrigation-System-plastik_1_wm.jpg","contentUrl":"https:\/\/ibc.ee\/wp-content\/uploads\/2020\/05\/IBC-connector-S60X6-1-Way-Tap-Connectors-34-male-thread-for-Garden-Irrigation-System-plastik_1_wm.jpg","width":1000,"height":1000,"caption":"\u00dcleminek konteinerilt sisekeermega S60X6 kraaniga kolm neljandi tolli v\u00e4liskerega, plastik"},{"@type":"BreadcrumbList","@id":"https:\/\/ibc.ee\/et\/toode\/uleminek-konteinerilt-sisekeermega-s60x6-kraaniga-kolm-neljandi-tolli-valiskerega-plastik-2\/#breadcrumb","itemListElement":[{"@type":"ListItem","position":1,"name":"\u0413\u043b\u0430\u0432\u043d\u0430\u044f \u0441\u0442\u0440\u0430\u043d\u0438\u0446\u0430","item":"https:\/\/ibc.ee\/et\/"},{"@type":"ListItem","position":2,"name":"Pood","item":"https:\/\/ibc.ee\/et\/shop\/"},{"@type":"ListItem","position":3,"name":"\u00dcleminek konteinerilt sisekeermega S60X6 kraaniga kolm neljandi tolli v\u00e4liskerega, plastik"}]},{"@type":"WebSite","@id":"https:\/\/ibc.ee\/et\/#website","url":"https:\/\/ibc.ee\/et\/","name":"IBC konteineri m&uuml;&uuml;k, vaadid, kraanid, mahutid","description":"IBC - Tank container valve, Adapters\\fittings, Intermediate bulk, container, Drums\/cans","potentialAction":[{"@type":"SearchAction","target":{"@type":"EntryPoint","urlTemplate":"https:\/\/ibc.ee\/et\/?s={search_term_string}"},"query-input":{"@type":"PropertyValueSpecification","valueRequired":true,"valueName":"search_term_string"}}],"inLanguage":"et"}]}},"_links":{"self":[{"href":"https:\/\/ibc.ee\/et\/wp-json\/wp\/v2\/product\/19396","targetHints":{"allow":["GET"]}}],"collection":[{"href":"https:\/\/ibc.ee\/et\/wp-json\/wp\/v2\/product"}],"about":[{"href":"https:\/\/ibc.ee\/et\/wp-json\/wp\/v2\/types\/product"}],"wp:featuredmedia":[{"embeddable":true,"href":"https:\/\/ibc.ee\/et\/wp-json\/wp\/v2\/media\/19402"}],"wp:attachment":[{"href":"https:\/\/ibc.ee\/et\/wp-json\/wp\/v2\/media?parent=19396"}],"wp:term":[{"taxonomy":"product_brand","embeddable":true,"href":"https:\/\/ibc.ee\/et\/wp-json\/wp\/v2\/product_brand?post=19396"},{"taxonomy":"product_cat","embeddable":true,"href":"https:\/\/ibc.ee\/et\/wp-json\/wp\/v2\/product_cat?post=19396"},{"taxonomy":"product_tag","embeddable":true,"href":"https:\/\/ibc.ee\/et\/wp-json\/wp\/v2\/product_tag?post=19396"}],"curies":[{"name":"wp","href":"https:\/\/api.w.org\/{rel}","templated":true}]}}