{"id":19474,"date":"2020-05-17T17:33:01","date_gmt":"2020-05-17T15:33:01","guid":{"rendered":"https:\/\/www.ibc.ee\/?post_type=product&#038;p=19474"},"modified":"2025-07-12T00:14:44","modified_gmt":"2025-07-11T22:14:44","slug":"ibc-adapter-s60x6-3-4-torukraan-messing-2-kraani","status":"publish","type":"product","link":"https:\/\/ibc.ee\/et\/toode\/ibc-adapter-s60x6-3-4-torukraan-messing-2-kraani\/","title":{"rendered":"IBC adapter S60X6 3\/4&#8243; torukraan messing (2 kraani)"},"content":{"rendered":"<p>See IBC mahutiadapter on ette n\u00e4htud isasvoolik\u00fchendusega IBC paagikorgi S60X6 keerme jaoks, mis v\u00f5imaldab teil \u00fchendada veepaagi aiavoolikuga (2 kraani).<\/p>\n","protected":false},"excerpt":{"rendered":"<p>See IBC mahutiadapter on ette n\u00e4htud isasvoolik\u00fchendusega IBC paagikorgi S60X6 keerme jaoks, mis v\u00f5imaldab teil \u00fchendada veepaagi aiavoolikuga (2 kraani).<\/p>\n","protected":false},"featured_media":19480,"template":"","meta":[],"product_brand":[],"product_cat":[172,165],"product_tag":[],"class_list":{"0":"post-19474","1":"product","2":"type-product","3":"status-publish","4":"has-post-thumbnail","6":"product_cat-tank-container-valve-et","7":"product_cat-konteineri-kraani-uleminek","8":"product_shipping_class-omniva-et","10":"first","11":"onbackorder","12":"taxable","13":"shipping-taxable","14":"purchasable","15":"product-type-simple"},"yoast_head":"<!-- This site is optimized with the Yoast SEO plugin v26.9 - https:\/\/yoast.com\/product\/yoast-seo-wordpress\/ -->\n<title>IBC adapter S60X6 3\/4&quot; torukraan messing (2 kraani) - IBC konteineri m&uuml;&uuml;k, vaadid, kraanid, mahutid<\/title>\n<meta name=\"description\" content=\"IBC adapter S60X6 3\/4&quot; torukraan messing (2 kraani)\" \/>\n<meta name=\"robots\" content=\"index, follow, max-snippet:-1, max-image-preview:large, max-video-preview:-1\" \/>\n<link rel=\"canonical\" href=\"https:\/\/ibc.ee\/et\/toode\/ibc-adapter-s60x6-3-4-torukraan-messing-2-kraani\/\" \/>\n<meta property=\"og:locale\" content=\"et_EE\" \/>\n<meta property=\"og:type\" content=\"article\" \/>\n<meta property=\"og:title\" content=\"IBC adapter S60X6 3\/4&quot; torukraan messing (2 kraani) - IBC konteineri m&uuml;&uuml;k, vaadid, kraanid, mahutid\" \/>\n<meta property=\"og:description\" content=\"IBC adapter S60X6 3\/4&quot; torukraan messing (2 kraani)\" \/>\n<meta property=\"og:url\" content=\"https:\/\/ibc.ee\/et\/toode\/ibc-adapter-s60x6-3-4-torukraan-messing-2-kraani\/\" \/>\n<meta property=\"og:site_name\" content=\"IBC konteineri m&uuml;&uuml;k, vaadid, kraanid, mahutid\" \/>\n<meta property=\"article:modified_time\" content=\"2025-07-11T22:14:44+00:00\" \/>\n<meta property=\"og:image\" content=\"https:\/\/ibc.ee\/wp-content\/uploads\/2020\/05\/Adapter-S60x6-to-34-BSP-male-Brass-Hose-Pipe-Tool-2-Way-Connector-for-Garden-irrigation_1_wm.jpg\" \/>\n\t<meta property=\"og:image:width\" content=\"1000\" \/>\n\t<meta property=\"og:image:height\" content=\"1000\" \/>\n\t<meta property=\"og:image:type\" content=\"image\/jpeg\" \/>\n<meta name=\"twitter:card\" content=\"summary_large_image\" \/>\n<script type=\"application\/ld+json\" class=\"yoast-schema-graph\">{\"@context\":\"https:\/\/schema.org\",\"@graph\":[{\"@type\":\"WebPage\",\"@id\":\"https:\/\/ibc.ee\/et\/toode\/ibc-adapter-s60x6-3-4-torukraan-messing-2-kraani\/\",\"url\":\"https:\/\/ibc.ee\/et\/toode\/ibc-adapter-s60x6-3-4-torukraan-messing-2-kraani\/\",\"name\":\"IBC adapter S60X6 3\/4\\\" torukraan messing (2 kraani) - IBC konteineri m&uuml;&uuml;k, vaadid, kraanid, mahutid\",\"isPartOf\":{\"@id\":\"https:\/\/www.ibc.ee\/et\/#website\"},\"primaryImageOfPage\":{\"@id\":\"https:\/\/ibc.ee\/et\/toode\/ibc-adapter-s60x6-3-4-torukraan-messing-2-kraani\/#primaryimage\"},\"image\":{\"@id\":\"https:\/\/ibc.ee\/et\/toode\/ibc-adapter-s60x6-3-4-torukraan-messing-2-kraani\/#primaryimage\"},\"thumbnailUrl\":\"https:\/\/ibc.ee\/wp-content\/uploads\/2020\/05\/Adapter-S60x6-to-34-BSP-male-Brass-Hose-Pipe-Tool-2-Way-Connector-for-Garden-irrigation_1_wm.jpg\",\"datePublished\":\"2020-05-17T15:33:01+00:00\",\"dateModified\":\"2025-07-11T22:14:44+00:00\",\"description\":\"IBC adapter S60X6 3\/4\\\" torukraan messing (2 kraani)\",\"breadcrumb\":{\"@id\":\"https:\/\/ibc.ee\/et\/toode\/ibc-adapter-s60x6-3-4-torukraan-messing-2-kraani\/#breadcrumb\"},\"inLanguage\":\"et\",\"potentialAction\":[{\"@type\":\"ReadAction\",\"target\":[\"https:\/\/ibc.ee\/et\/toode\/ibc-adapter-s60x6-3-4-torukraan-messing-2-kraani\/\"]}]},{\"@type\":\"ImageObject\",\"inLanguage\":\"et\",\"@id\":\"https:\/\/ibc.ee\/et\/toode\/ibc-adapter-s60x6-3-4-torukraan-messing-2-kraani\/#primaryimage\",\"url\":\"https:\/\/ibc.ee\/wp-content\/uploads\/2020\/05\/Adapter-S60x6-to-34-BSP-male-Brass-Hose-Pipe-Tool-2-Way-Connector-for-Garden-irrigation_1_wm.jpg\",\"contentUrl\":\"https:\/\/ibc.ee\/wp-content\/uploads\/2020\/05\/Adapter-S60x6-to-34-BSP-male-Brass-Hose-Pipe-Tool-2-Way-Connector-for-Garden-irrigation_1_wm.jpg\",\"width\":1000,\"height\":1000,\"caption\":\"IBC adapter S60X6 3\/4\\\" torukraan messing (2 kraani)\"},{\"@type\":\"BreadcrumbList\",\"@id\":\"https:\/\/ibc.ee\/et\/toode\/ibc-adapter-s60x6-3-4-torukraan-messing-2-kraani\/#breadcrumb\",\"itemListElement\":[{\"@type\":\"ListItem\",\"position\":1,\"name\":\"\u0413\u043b\u0430\u0432\u043d\u0430\u044f \u0441\u0442\u0440\u0430\u043d\u0438\u0446\u0430\",\"item\":\"https:\/\/ibc.ee\/et\/\"},{\"@type\":\"ListItem\",\"position\":2,\"name\":\"Pood\",\"item\":\"https:\/\/ibc.ee\/et\/shop\/\"},{\"@type\":\"ListItem\",\"position\":3,\"name\":\"IBC adapter S60X6 3\/4&#8243; torukraan messing (2 kraani)\"}]},{\"@type\":\"WebSite\",\"@id\":\"https:\/\/www.ibc.ee\/et\/#website\",\"url\":\"https:\/\/www.ibc.ee\/et\/\",\"name\":\"IBC konteineri m&uuml;&uuml;k, vaadid, kraanid, mahutid\",\"description\":\"IBC - Tank container valve, Adapters\\\\fittings, Intermediate bulk, container, Drums\/cans\",\"potentialAction\":[{\"@type\":\"SearchAction\",\"target\":{\"@type\":\"EntryPoint\",\"urlTemplate\":\"https:\/\/www.ibc.ee\/et\/?s={search_term_string}\"},\"query-input\":{\"@type\":\"PropertyValueSpecification\",\"valueRequired\":true,\"valueName\":\"search_term_string\"}}],\"inLanguage\":\"et\"}]}<\/script>\n<!-- \/ Yoast SEO plugin. -->","yoast_head_json":{"title":"IBC adapter S60X6 3\/4\" torukraan messing (2 kraani) - IBC konteineri m&uuml;&uuml;k, vaadid, kraanid, mahutid","description":"IBC adapter S60X6 3\/4\" torukraan messing (2 kraani)","robots":{"index":"index","follow":"follow","max-snippet":"max-snippet:-1","max-image-preview":"max-image-preview:large","max-video-preview":"max-video-preview:-1"},"canonical":"https:\/\/ibc.ee\/et\/toode\/ibc-adapter-s60x6-3-4-torukraan-messing-2-kraani\/","og_locale":"et_EE","og_type":"article","og_title":"IBC adapter S60X6 3\/4\" torukraan messing (2 kraani) - IBC konteineri m&uuml;&uuml;k, vaadid, kraanid, mahutid","og_description":"IBC adapter S60X6 3\/4\" torukraan messing (2 kraani)","og_url":"https:\/\/ibc.ee\/et\/toode\/ibc-adapter-s60x6-3-4-torukraan-messing-2-kraani\/","og_site_name":"IBC konteineri m&uuml;&uuml;k, vaadid, kraanid, mahutid","article_modified_time":"2025-07-11T22:14:44+00:00","og_image":[{"width":1000,"height":1000,"url":"https:\/\/ibc.ee\/wp-content\/uploads\/2020\/05\/Adapter-S60x6-to-34-BSP-male-Brass-Hose-Pipe-Tool-2-Way-Connector-for-Garden-irrigation_1_wm.jpg","type":"image\/jpeg"}],"twitter_card":"summary_large_image","schema":{"@context":"https:\/\/schema.org","@graph":[{"@type":"WebPage","@id":"https:\/\/ibc.ee\/et\/toode\/ibc-adapter-s60x6-3-4-torukraan-messing-2-kraani\/","url":"https:\/\/ibc.ee\/et\/toode\/ibc-adapter-s60x6-3-4-torukraan-messing-2-kraani\/","name":"IBC adapter S60X6 3\/4\" torukraan messing (2 kraani) - IBC konteineri m&uuml;&uuml;k, vaadid, kraanid, mahutid","isPartOf":{"@id":"https:\/\/www.ibc.ee\/et\/#website"},"primaryImageOfPage":{"@id":"https:\/\/ibc.ee\/et\/toode\/ibc-adapter-s60x6-3-4-torukraan-messing-2-kraani\/#primaryimage"},"image":{"@id":"https:\/\/ibc.ee\/et\/toode\/ibc-adapter-s60x6-3-4-torukraan-messing-2-kraani\/#primaryimage"},"thumbnailUrl":"https:\/\/ibc.ee\/wp-content\/uploads\/2020\/05\/Adapter-S60x6-to-34-BSP-male-Brass-Hose-Pipe-Tool-2-Way-Connector-for-Garden-irrigation_1_wm.jpg","datePublished":"2020-05-17T15:33:01+00:00","dateModified":"2025-07-11T22:14:44+00:00","description":"IBC adapter S60X6 3\/4\" torukraan messing (2 kraani)","breadcrumb":{"@id":"https:\/\/ibc.ee\/et\/toode\/ibc-adapter-s60x6-3-4-torukraan-messing-2-kraani\/#breadcrumb"},"inLanguage":"et","potentialAction":[{"@type":"ReadAction","target":["https:\/\/ibc.ee\/et\/toode\/ibc-adapter-s60x6-3-4-torukraan-messing-2-kraani\/"]}]},{"@type":"ImageObject","inLanguage":"et","@id":"https:\/\/ibc.ee\/et\/toode\/ibc-adapter-s60x6-3-4-torukraan-messing-2-kraani\/#primaryimage","url":"https:\/\/ibc.ee\/wp-content\/uploads\/2020\/05\/Adapter-S60x6-to-34-BSP-male-Brass-Hose-Pipe-Tool-2-Way-Connector-for-Garden-irrigation_1_wm.jpg","contentUrl":"https:\/\/ibc.ee\/wp-content\/uploads\/2020\/05\/Adapter-S60x6-to-34-BSP-male-Brass-Hose-Pipe-Tool-2-Way-Connector-for-Garden-irrigation_1_wm.jpg","width":1000,"height":1000,"caption":"IBC adapter S60X6 3\/4\" torukraan messing (2 kraani)"},{"@type":"BreadcrumbList","@id":"https:\/\/ibc.ee\/et\/toode\/ibc-adapter-s60x6-3-4-torukraan-messing-2-kraani\/#breadcrumb","itemListElement":[{"@type":"ListItem","position":1,"name":"\u0413\u043b\u0430\u0432\u043d\u0430\u044f \u0441\u0442\u0440\u0430\u043d\u0438\u0446\u0430","item":"https:\/\/ibc.ee\/et\/"},{"@type":"ListItem","position":2,"name":"Pood","item":"https:\/\/ibc.ee\/et\/shop\/"},{"@type":"ListItem","position":3,"name":"IBC adapter S60X6 3\/4&#8243; torukraan messing (2 kraani)"}]},{"@type":"WebSite","@id":"https:\/\/www.ibc.ee\/et\/#website","url":"https:\/\/www.ibc.ee\/et\/","name":"IBC konteineri m&uuml;&uuml;k, vaadid, kraanid, mahutid","description":"IBC - Tank container valve, Adapters\\fittings, Intermediate bulk, container, Drums\/cans","potentialAction":[{"@type":"SearchAction","target":{"@type":"EntryPoint","urlTemplate":"https:\/\/www.ibc.ee\/et\/?s={search_term_string}"},"query-input":{"@type":"PropertyValueSpecification","valueRequired":true,"valueName":"search_term_string"}}],"inLanguage":"et"}]}},"_links":{"self":[{"href":"https:\/\/ibc.ee\/et\/wp-json\/wp\/v2\/product\/19474","targetHints":{"allow":["GET"]}}],"collection":[{"href":"https:\/\/ibc.ee\/et\/wp-json\/wp\/v2\/product"}],"about":[{"href":"https:\/\/ibc.ee\/et\/wp-json\/wp\/v2\/types\/product"}],"wp:featuredmedia":[{"embeddable":true,"href":"https:\/\/ibc.ee\/et\/wp-json\/wp\/v2\/media\/19480"}],"wp:attachment":[{"href":"https:\/\/ibc.ee\/et\/wp-json\/wp\/v2\/media?parent=19474"}],"wp:term":[{"taxonomy":"product_brand","embeddable":true,"href":"https:\/\/ibc.ee\/et\/wp-json\/wp\/v2\/product_brand?post=19474"},{"taxonomy":"product_cat","embeddable":true,"href":"https:\/\/ibc.ee\/et\/wp-json\/wp\/v2\/product_cat?post=19474"},{"taxonomy":"product_tag","embeddable":true,"href":"https:\/\/ibc.ee\/et\/wp-json\/wp\/v2\/product_tag?post=19474"}],"curies":[{"name":"wp","href":"https:\/\/api.w.org\/{rel}","templated":true}]}}