{"id":19807,"date":"2020-07-08T11:14:15","date_gmt":"2020-07-08T09:14:15","guid":{"rendered":"https:\/\/ibc.ee\/?post_type=product&#038;p=19807"},"modified":"2020-07-09T06:13:44","modified_gmt":"2020-07-09T04:13:44","slug":"plastikust-trumlisoojendi","status":"publish","type":"product","link":"https:\/\/ibc.ee\/et\/toode\/plastikust-trumlisoojendi\/","title":{"rendered":"Plastikust trumlisoojendi"},"content":{"rendered":"<p>Meie trumlisoojendid sobivad ideaalselt trumlitesse, kus soovite hoida sisu \u00fchtlasel temperatuuril, teatud viskoossusega v\u00f5i hoida sisu k\u00fclmumast. Trummelk\u00fcttekehad on varustatud h\u00f5lpsasti kasutatavate digitaalsete kontrollerite v\u00f5i termostaatidega, mille k\u00fcttevahemik on vahemikus 0 \u00b0 C kuni 200 \u00b0 C, mis muudab trummelk\u00fcttekehad ideaalseks peaaegu igasuguseks otstarbeks. Trummik\u00fcttekehad on konstrueeritud vastupidava ja kauakestva ning kvaliteetse ja kerge konstruktsiooniga ning konstruktsioon koos kiirelt vabastatavate rihmarihmadega muudab trumlisoojendi h\u00f5lpsaks kinnitamiseks mis tahes standardsuuruses trumlisse.<\/p>\n","protected":false},"excerpt":{"rendered":"<p> \u2022 M\u00f5eldud toiduainet\u00f6\u00f6stusele. <br \/>\n\u2022 Silikoon \/ klaasriidest jope. <br \/>\n\u2022 Klaasfilamenttekk. <br \/>\n\u2022 Silikoonist isoleeritud spiraalse haavatakistuse element. <br \/>\n\u2022 Reguleeritavad kiirlukud. <br \/>\n\u2022 3 meetri (10 jalga) toitekaabel. <br \/>\n\u2022 Standardsuurus 200L (55 Gal.). <br \/>\n\u2022 Termostaat 0\u2013120 \u00b0 C (32\u2013248 \u00b0 F). <br \/>\n\u2022 IP54 kaitse. <br \/>\n\u2022 Soojenduse kestus u. 24 tundi (200 L vett temperatuuril + 15 \u00b0 C kuni 80 \u00b0 C 1200 W trummelkuumuti abil). <\/p>\n<p style=\"text-align: justify;\">[popup_anything id=&#8221;15519&#8243;]<\/p>\n","protected":false},"featured_media":19814,"template":"","meta":[],"product_brand":[],"product_cat":[400],"product_tag":[],"class_list":{"0":"post-19807","1":"product","2":"type-product","3":"status-publish","4":"has-post-thumbnail","6":"product_cat-ibc-ja-trummide-soojendamine","7":"product_shipping_class-omniva-et","9":"first","10":"onbackorder","11":"taxable","12":"shipping-taxable","13":"purchasable","14":"product-type-simple"},"yoast_head":"<!-- This site is optimized with the Yoast SEO plugin v26.9 - https:\/\/yoast.com\/product\/yoast-seo-wordpress\/ -->\n<title>Plastikust trumlisoojendi<\/title>\n<meta name=\"description\" content=\"Meie trumlisoojendid sobivad ideaalselt trumlitesse, kus soovite hoida sisu \u00fchtlasel temperatuuril, teatud viskoossusega v\u00f5i hoida sisu k\u00fclmumast.\" \/>\n<meta name=\"robots\" content=\"index, follow, max-snippet:-1, max-image-preview:large, max-video-preview:-1\" \/>\n<link rel=\"canonical\" href=\"https:\/\/ibc.ee\/et\/toode\/plastikust-trumlisoojendi\/\" \/>\n<meta property=\"og:locale\" content=\"et_EE\" \/>\n<meta property=\"og:type\" content=\"article\" \/>\n<meta property=\"og:title\" content=\"Plastikust trumlisoojendi\" \/>\n<meta property=\"og:description\" content=\"Meie trumlisoojendid sobivad ideaalselt trumlitesse, kus soovite hoida sisu \u00fchtlasel temperatuuril, teatud viskoossusega v\u00f5i hoida sisu k\u00fclmumast.\" \/>\n<meta property=\"og:url\" content=\"https:\/\/ibc.ee\/et\/toode\/plastikust-trumlisoojendi\/\" \/>\n<meta property=\"og:site_name\" content=\"IBC konteineri m&uuml;&uuml;k, vaadid, kraanid, mahutid\" \/>\n<meta property=\"article:modified_time\" content=\"2020-07-09T04:13:44+00:00\" \/>\n<meta property=\"og:image\" content=\"https:\/\/ibc.ee\/wp-content\/uploads\/2020\/07\/Plastic-200L-drum-heater-MasterChem.jpg\" \/>\n\t<meta property=\"og:image:width\" content=\"1000\" \/>\n\t<meta property=\"og:image:height\" content=\"1000\" \/>\n\t<meta property=\"og:image:type\" content=\"image\/jpeg\" \/>\n<meta name=\"twitter:card\" content=\"summary_large_image\" \/>\n<script type=\"application\/ld+json\" class=\"yoast-schema-graph\">{\"@context\":\"https:\/\/schema.org\",\"@graph\":[{\"@type\":\"WebPage\",\"@id\":\"https:\/\/ibc.ee\/et\/toode\/plastikust-trumlisoojendi\/\",\"url\":\"https:\/\/ibc.ee\/et\/toode\/plastikust-trumlisoojendi\/\",\"name\":\"Plastikust trumlisoojendi\",\"isPartOf\":{\"@id\":\"https:\/\/www.ibc.ee\/et\/#website\"},\"primaryImageOfPage\":{\"@id\":\"https:\/\/ibc.ee\/et\/toode\/plastikust-trumlisoojendi\/#primaryimage\"},\"image\":{\"@id\":\"https:\/\/ibc.ee\/et\/toode\/plastikust-trumlisoojendi\/#primaryimage\"},\"thumbnailUrl\":\"https:\/\/ibc.ee\/wp-content\/uploads\/2020\/07\/Plastic-200L-drum-heater-MasterChem.jpg\",\"datePublished\":\"2020-07-08T09:14:15+00:00\",\"dateModified\":\"2020-07-09T04:13:44+00:00\",\"description\":\"Meie trumlisoojendid sobivad ideaalselt trumlitesse, kus soovite hoida sisu \u00fchtlasel temperatuuril, teatud viskoossusega v\u00f5i hoida sisu k\u00fclmumast.\",\"breadcrumb\":{\"@id\":\"https:\/\/ibc.ee\/et\/toode\/plastikust-trumlisoojendi\/#breadcrumb\"},\"inLanguage\":\"et\",\"potentialAction\":[{\"@type\":\"ReadAction\",\"target\":[\"https:\/\/ibc.ee\/et\/toode\/plastikust-trumlisoojendi\/\"]}]},{\"@type\":\"ImageObject\",\"inLanguage\":\"et\",\"@id\":\"https:\/\/ibc.ee\/et\/toode\/plastikust-trumlisoojendi\/#primaryimage\",\"url\":\"https:\/\/ibc.ee\/wp-content\/uploads\/2020\/07\/Plastic-200L-drum-heater-MasterChem.jpg\",\"contentUrl\":\"https:\/\/ibc.ee\/wp-content\/uploads\/2020\/07\/Plastic-200L-drum-heater-MasterChem.jpg\",\"width\":1000,\"height\":1000,\"caption\":\"Plastikust trumlisoojendi MasterChem\"},{\"@type\":\"BreadcrumbList\",\"@id\":\"https:\/\/ibc.ee\/et\/toode\/plastikust-trumlisoojendi\/#breadcrumb\",\"itemListElement\":[{\"@type\":\"ListItem\",\"position\":1,\"name\":\"\u0413\u043b\u0430\u0432\u043d\u0430\u044f \u0441\u0442\u0440\u0430\u043d\u0438\u0446\u0430\",\"item\":\"https:\/\/ibc.ee\/et\/\"},{\"@type\":\"ListItem\",\"position\":2,\"name\":\"Pood\",\"item\":\"https:\/\/ibc.ee\/et\/shop\/\"},{\"@type\":\"ListItem\",\"position\":3,\"name\":\"Plastikust trumlisoojendi\"}]},{\"@type\":\"WebSite\",\"@id\":\"https:\/\/www.ibc.ee\/et\/#website\",\"url\":\"https:\/\/www.ibc.ee\/et\/\",\"name\":\"IBC konteineri m&uuml;&uuml;k, vaadid, kraanid, mahutid\",\"description\":\"IBC - Tank container valve, Adapters\\\\fittings, Intermediate bulk, container, Drums\/cans\",\"potentialAction\":[{\"@type\":\"SearchAction\",\"target\":{\"@type\":\"EntryPoint\",\"urlTemplate\":\"https:\/\/www.ibc.ee\/et\/?s={search_term_string}\"},\"query-input\":{\"@type\":\"PropertyValueSpecification\",\"valueRequired\":true,\"valueName\":\"search_term_string\"}}],\"inLanguage\":\"et\"}]}<\/script>\n<!-- \/ Yoast SEO plugin. -->","yoast_head_json":{"title":"Plastikust trumlisoojendi","description":"Meie trumlisoojendid sobivad ideaalselt trumlitesse, kus soovite hoida sisu \u00fchtlasel temperatuuril, teatud viskoossusega v\u00f5i hoida sisu k\u00fclmumast.","robots":{"index":"index","follow":"follow","max-snippet":"max-snippet:-1","max-image-preview":"max-image-preview:large","max-video-preview":"max-video-preview:-1"},"canonical":"https:\/\/ibc.ee\/et\/toode\/plastikust-trumlisoojendi\/","og_locale":"et_EE","og_type":"article","og_title":"Plastikust trumlisoojendi","og_description":"Meie trumlisoojendid sobivad ideaalselt trumlitesse, kus soovite hoida sisu \u00fchtlasel temperatuuril, teatud viskoossusega v\u00f5i hoida sisu k\u00fclmumast.","og_url":"https:\/\/ibc.ee\/et\/toode\/plastikust-trumlisoojendi\/","og_site_name":"IBC konteineri m&uuml;&uuml;k, vaadid, kraanid, mahutid","article_modified_time":"2020-07-09T04:13:44+00:00","og_image":[{"width":1000,"height":1000,"url":"https:\/\/ibc.ee\/wp-content\/uploads\/2020\/07\/Plastic-200L-drum-heater-MasterChem.jpg","type":"image\/jpeg"}],"twitter_card":"summary_large_image","schema":{"@context":"https:\/\/schema.org","@graph":[{"@type":"WebPage","@id":"https:\/\/ibc.ee\/et\/toode\/plastikust-trumlisoojendi\/","url":"https:\/\/ibc.ee\/et\/toode\/plastikust-trumlisoojendi\/","name":"Plastikust trumlisoojendi","isPartOf":{"@id":"https:\/\/www.ibc.ee\/et\/#website"},"primaryImageOfPage":{"@id":"https:\/\/ibc.ee\/et\/toode\/plastikust-trumlisoojendi\/#primaryimage"},"image":{"@id":"https:\/\/ibc.ee\/et\/toode\/plastikust-trumlisoojendi\/#primaryimage"},"thumbnailUrl":"https:\/\/ibc.ee\/wp-content\/uploads\/2020\/07\/Plastic-200L-drum-heater-MasterChem.jpg","datePublished":"2020-07-08T09:14:15+00:00","dateModified":"2020-07-09T04:13:44+00:00","description":"Meie trumlisoojendid sobivad ideaalselt trumlitesse, kus soovite hoida sisu \u00fchtlasel temperatuuril, teatud viskoossusega v\u00f5i hoida sisu k\u00fclmumast.","breadcrumb":{"@id":"https:\/\/ibc.ee\/et\/toode\/plastikust-trumlisoojendi\/#breadcrumb"},"inLanguage":"et","potentialAction":[{"@type":"ReadAction","target":["https:\/\/ibc.ee\/et\/toode\/plastikust-trumlisoojendi\/"]}]},{"@type":"ImageObject","inLanguage":"et","@id":"https:\/\/ibc.ee\/et\/toode\/plastikust-trumlisoojendi\/#primaryimage","url":"https:\/\/ibc.ee\/wp-content\/uploads\/2020\/07\/Plastic-200L-drum-heater-MasterChem.jpg","contentUrl":"https:\/\/ibc.ee\/wp-content\/uploads\/2020\/07\/Plastic-200L-drum-heater-MasterChem.jpg","width":1000,"height":1000,"caption":"Plastikust trumlisoojendi MasterChem"},{"@type":"BreadcrumbList","@id":"https:\/\/ibc.ee\/et\/toode\/plastikust-trumlisoojendi\/#breadcrumb","itemListElement":[{"@type":"ListItem","position":1,"name":"\u0413\u043b\u0430\u0432\u043d\u0430\u044f \u0441\u0442\u0440\u0430\u043d\u0438\u0446\u0430","item":"https:\/\/ibc.ee\/et\/"},{"@type":"ListItem","position":2,"name":"Pood","item":"https:\/\/ibc.ee\/et\/shop\/"},{"@type":"ListItem","position":3,"name":"Plastikust trumlisoojendi"}]},{"@type":"WebSite","@id":"https:\/\/www.ibc.ee\/et\/#website","url":"https:\/\/www.ibc.ee\/et\/","name":"IBC konteineri m&uuml;&uuml;k, vaadid, kraanid, mahutid","description":"IBC - Tank container valve, Adapters\\fittings, Intermediate bulk, container, Drums\/cans","potentialAction":[{"@type":"SearchAction","target":{"@type":"EntryPoint","urlTemplate":"https:\/\/www.ibc.ee\/et\/?s={search_term_string}"},"query-input":{"@type":"PropertyValueSpecification","valueRequired":true,"valueName":"search_term_string"}}],"inLanguage":"et"}]}},"_links":{"self":[{"href":"https:\/\/ibc.ee\/et\/wp-json\/wp\/v2\/product\/19807","targetHints":{"allow":["GET"]}}],"collection":[{"href":"https:\/\/ibc.ee\/et\/wp-json\/wp\/v2\/product"}],"about":[{"href":"https:\/\/ibc.ee\/et\/wp-json\/wp\/v2\/types\/product"}],"wp:featuredmedia":[{"embeddable":true,"href":"https:\/\/ibc.ee\/et\/wp-json\/wp\/v2\/media\/19814"}],"wp:attachment":[{"href":"https:\/\/ibc.ee\/et\/wp-json\/wp\/v2\/media?parent=19807"}],"wp:term":[{"taxonomy":"product_brand","embeddable":true,"href":"https:\/\/ibc.ee\/et\/wp-json\/wp\/v2\/product_brand?post=19807"},{"taxonomy":"product_cat","embeddable":true,"href":"https:\/\/ibc.ee\/et\/wp-json\/wp\/v2\/product_cat?post=19807"},{"taxonomy":"product_tag","embeddable":true,"href":"https:\/\/ibc.ee\/et\/wp-json\/wp\/v2\/product_tag?post=19807"}],"curies":[{"name":"wp","href":"https:\/\/api.w.org\/{rel}","templated":true}]}}