{"id":20074,"date":"2021-02-18T21:46:47","date_gmt":"2021-02-18T19:46:48","guid":{"rendered":"https:\/\/ibc.ee\/?post_type=product&#038;p=20074"},"modified":"2021-02-18T21:59:39","modified_gmt":"2021-02-18T19:59:39","slug":"3m-x-19mm-isevooluga-voolik-ibc-konteineri-uleminekuga","status":"publish","type":"product","link":"https:\/\/ibc.ee\/et\/toode\/3m-x-19mm-isevooluga-voolik-ibc-konteineri-uleminekuga\/","title":{"rendered":"3m x 19mm isevooluga voolik IBC konteineri \u00fcleminekuga"},"content":{"rendered":"<p>3m x 19mm isevooluga voolik IBC konteineri \u00fcleminekuga <\/p>\n<p>Pol\u00fcprop\u00fcleen (PP) <br \/>\nSS-traatvooliku pikkus: 3m <br \/>\nSS-traatvooliku pikkuse ID: 19mm <br \/>\nAdapter: IBC DIN 61 <\/p>\n","protected":false},"excerpt":{"rendered":"<p>3m x 19mm isevooluga voolik IBC konteineri \u00fcleminekuga Pol\u00fcprop\u00fcleen (PP) SS-traatvooliku pikkus: 3m SS-traatvooliku pikkuse ID: 19mm Adapter: IBC DIN 61<\/p>\n","protected":false},"featured_media":20080,"template":"","meta":[],"product_brand":[],"product_cat":[165],"product_tag":[],"class_list":{"0":"post-20074","1":"product","2":"type-product","3":"status-publish","4":"has-post-thumbnail","6":"product_cat-konteineri-kraani-uleminek","7":"product_shipping_class-omniva-et","9":"first","10":"onbackorder","11":"taxable","12":"shipping-taxable","13":"purchasable","14":"product-type-simple"},"yoast_head":"<!-- This site is optimized with the Yoast SEO plugin v26.9 - https:\/\/yoast.com\/product\/yoast-seo-wordpress\/ -->\n<title>3m x 19mm isevooluga voolik IBC konteineri \u00fcleminekuga - IBC konteineri m&uuml;&uuml;k, vaadid, kraanid, mahutid<\/title>\n<meta name=\"description\" content=\"3m x 19mm isevooluga voolik IBC konteineri \u00fcleminekuga. Pol\u00fcprop\u00fcleen (PP). SS-traatvooliku pikkus: 3m. SS-traatvooliku pikkus ID: 19mm. Adapter: IBC DIN 61\" \/>\n<meta name=\"robots\" content=\"index, follow, max-snippet:-1, max-image-preview:large, max-video-preview:-1\" \/>\n<link rel=\"canonical\" href=\"https:\/\/ibc.ee\/et\/toode\/3m-x-19mm-isevooluga-voolik-ibc-konteineri-uleminekuga\/\" \/>\n<meta property=\"og:locale\" content=\"et_EE\" \/>\n<meta property=\"og:type\" content=\"article\" \/>\n<meta property=\"og:title\" content=\"3m x 19mm isevooluga voolik IBC konteineri \u00fcleminekuga - IBC konteineri m&uuml;&uuml;k, vaadid, kraanid, mahutid\" \/>\n<meta property=\"og:description\" content=\"3m x 19mm isevooluga voolik IBC konteineri \u00fcleminekuga. Pol\u00fcprop\u00fcleen (PP). SS-traatvooliku pikkus: 3m. SS-traatvooliku pikkus ID: 19mm. Adapter: IBC DIN 61\" \/>\n<meta property=\"og:url\" content=\"https:\/\/ibc.ee\/et\/toode\/3m-x-19mm-isevooluga-voolik-ibc-konteineri-uleminekuga\/\" \/>\n<meta property=\"og:site_name\" content=\"IBC konteineri m&uuml;&uuml;k, vaadid, kraanid, mahutid\" \/>\n<meta property=\"article:modified_time\" content=\"2021-02-18T19:59:39+00:00\" \/>\n<meta property=\"og:image\" content=\"https:\/\/ibc.ee\/wp-content\/uploads\/2021\/02\/3M-x-19mm-isevooluga-veelik-IBC-konteineri-uleminekuga.jpg\" \/>\n\t<meta property=\"og:image:width\" content=\"1000\" \/>\n\t<meta property=\"og:image:height\" content=\"1000\" \/>\n\t<meta property=\"og:image:type\" content=\"image\/jpeg\" \/>\n<meta name=\"twitter:card\" content=\"summary_large_image\" \/>\n<script type=\"application\/ld+json\" class=\"yoast-schema-graph\">{\"@context\":\"https:\/\/schema.org\",\"@graph\":[{\"@type\":\"WebPage\",\"@id\":\"https:\/\/ibc.ee\/et\/toode\/3m-x-19mm-isevooluga-voolik-ibc-konteineri-uleminekuga\/\",\"url\":\"https:\/\/ibc.ee\/et\/toode\/3m-x-19mm-isevooluga-voolik-ibc-konteineri-uleminekuga\/\",\"name\":\"3m x 19mm isevooluga voolik IBC konteineri \u00fcleminekuga - IBC konteineri m&uuml;&uuml;k, vaadid, kraanid, mahutid\",\"isPartOf\":{\"@id\":\"https:\/\/www.ibc.ee\/et\/#website\"},\"primaryImageOfPage\":{\"@id\":\"https:\/\/ibc.ee\/et\/toode\/3m-x-19mm-isevooluga-voolik-ibc-konteineri-uleminekuga\/#primaryimage\"},\"image\":{\"@id\":\"https:\/\/ibc.ee\/et\/toode\/3m-x-19mm-isevooluga-voolik-ibc-konteineri-uleminekuga\/#primaryimage\"},\"thumbnailUrl\":\"https:\/\/ibc.ee\/wp-content\/uploads\/2021\/02\/3M-x-19mm-isevooluga-veelik-IBC-konteineri-uleminekuga.jpg\",\"datePublished\":\"2021-02-18T19:46:48+00:00\",\"dateModified\":\"2021-02-18T19:59:39+00:00\",\"description\":\"3m x 19mm isevooluga voolik IBC konteineri \u00fcleminekuga. Pol\u00fcprop\u00fcleen (PP). SS-traatvooliku pikkus: 3m. SS-traatvooliku pikkus ID: 19mm. Adapter: IBC DIN 61\",\"breadcrumb\":{\"@id\":\"https:\/\/ibc.ee\/et\/toode\/3m-x-19mm-isevooluga-voolik-ibc-konteineri-uleminekuga\/#breadcrumb\"},\"inLanguage\":\"et\",\"potentialAction\":[{\"@type\":\"ReadAction\",\"target\":[\"https:\/\/ibc.ee\/et\/toode\/3m-x-19mm-isevooluga-voolik-ibc-konteineri-uleminekuga\/\"]}]},{\"@type\":\"ImageObject\",\"inLanguage\":\"et\",\"@id\":\"https:\/\/ibc.ee\/et\/toode\/3m-x-19mm-isevooluga-voolik-ibc-konteineri-uleminekuga\/#primaryimage\",\"url\":\"https:\/\/ibc.ee\/wp-content\/uploads\/2021\/02\/3M-x-19mm-isevooluga-veelik-IBC-konteineri-uleminekuga.jpg\",\"contentUrl\":\"https:\/\/ibc.ee\/wp-content\/uploads\/2021\/02\/3M-x-19mm-isevooluga-veelik-IBC-konteineri-uleminekuga.jpg\",\"width\":1000,\"height\":1000,\"caption\":\"3m x 19mm isevooluga voolik IBC konteineri \u00fcleminekuga\"},{\"@type\":\"BreadcrumbList\",\"@id\":\"https:\/\/ibc.ee\/et\/toode\/3m-x-19mm-isevooluga-voolik-ibc-konteineri-uleminekuga\/#breadcrumb\",\"itemListElement\":[{\"@type\":\"ListItem\",\"position\":1,\"name\":\"\u0413\u043b\u0430\u0432\u043d\u0430\u044f \u0441\u0442\u0440\u0430\u043d\u0438\u0446\u0430\",\"item\":\"https:\/\/ibc.ee\/et\/\"},{\"@type\":\"ListItem\",\"position\":2,\"name\":\"Pood\",\"item\":\"https:\/\/ibc.ee\/et\/shop\/\"},{\"@type\":\"ListItem\",\"position\":3,\"name\":\"3m x 19mm isevooluga voolik IBC konteineri \u00fcleminekuga\"}]},{\"@type\":\"WebSite\",\"@id\":\"https:\/\/www.ibc.ee\/et\/#website\",\"url\":\"https:\/\/www.ibc.ee\/et\/\",\"name\":\"IBC konteineri m&uuml;&uuml;k, vaadid, kraanid, mahutid\",\"description\":\"IBC - Tank container valve, Adapters\\\\fittings, Intermediate bulk, container, Drums\/cans\",\"potentialAction\":[{\"@type\":\"SearchAction\",\"target\":{\"@type\":\"EntryPoint\",\"urlTemplate\":\"https:\/\/www.ibc.ee\/et\/?s={search_term_string}\"},\"query-input\":{\"@type\":\"PropertyValueSpecification\",\"valueRequired\":true,\"valueName\":\"search_term_string\"}}],\"inLanguage\":\"et\"}]}<\/script>\n<!-- \/ Yoast SEO plugin. -->","yoast_head_json":{"title":"3m x 19mm isevooluga voolik IBC konteineri \u00fcleminekuga - IBC konteineri m&uuml;&uuml;k, vaadid, kraanid, mahutid","description":"3m x 19mm isevooluga voolik IBC konteineri \u00fcleminekuga. Pol\u00fcprop\u00fcleen (PP). SS-traatvooliku pikkus: 3m. SS-traatvooliku pikkus ID: 19mm. Adapter: IBC DIN 61","robots":{"index":"index","follow":"follow","max-snippet":"max-snippet:-1","max-image-preview":"max-image-preview:large","max-video-preview":"max-video-preview:-1"},"canonical":"https:\/\/ibc.ee\/et\/toode\/3m-x-19mm-isevooluga-voolik-ibc-konteineri-uleminekuga\/","og_locale":"et_EE","og_type":"article","og_title":"3m x 19mm isevooluga voolik IBC konteineri \u00fcleminekuga - IBC konteineri m&uuml;&uuml;k, vaadid, kraanid, mahutid","og_description":"3m x 19mm isevooluga voolik IBC konteineri \u00fcleminekuga. Pol\u00fcprop\u00fcleen (PP). SS-traatvooliku pikkus: 3m. SS-traatvooliku pikkus ID: 19mm. Adapter: IBC DIN 61","og_url":"https:\/\/ibc.ee\/et\/toode\/3m-x-19mm-isevooluga-voolik-ibc-konteineri-uleminekuga\/","og_site_name":"IBC konteineri m&uuml;&uuml;k, vaadid, kraanid, mahutid","article_modified_time":"2021-02-18T19:59:39+00:00","og_image":[{"width":1000,"height":1000,"url":"https:\/\/ibc.ee\/wp-content\/uploads\/2021\/02\/3M-x-19mm-isevooluga-veelik-IBC-konteineri-uleminekuga.jpg","type":"image\/jpeg"}],"twitter_card":"summary_large_image","schema":{"@context":"https:\/\/schema.org","@graph":[{"@type":"WebPage","@id":"https:\/\/ibc.ee\/et\/toode\/3m-x-19mm-isevooluga-voolik-ibc-konteineri-uleminekuga\/","url":"https:\/\/ibc.ee\/et\/toode\/3m-x-19mm-isevooluga-voolik-ibc-konteineri-uleminekuga\/","name":"3m x 19mm isevooluga voolik IBC konteineri \u00fcleminekuga - IBC konteineri m&uuml;&uuml;k, vaadid, kraanid, mahutid","isPartOf":{"@id":"https:\/\/www.ibc.ee\/et\/#website"},"primaryImageOfPage":{"@id":"https:\/\/ibc.ee\/et\/toode\/3m-x-19mm-isevooluga-voolik-ibc-konteineri-uleminekuga\/#primaryimage"},"image":{"@id":"https:\/\/ibc.ee\/et\/toode\/3m-x-19mm-isevooluga-voolik-ibc-konteineri-uleminekuga\/#primaryimage"},"thumbnailUrl":"https:\/\/ibc.ee\/wp-content\/uploads\/2021\/02\/3M-x-19mm-isevooluga-veelik-IBC-konteineri-uleminekuga.jpg","datePublished":"2021-02-18T19:46:48+00:00","dateModified":"2021-02-18T19:59:39+00:00","description":"3m x 19mm isevooluga voolik IBC konteineri \u00fcleminekuga. Pol\u00fcprop\u00fcleen (PP). SS-traatvooliku pikkus: 3m. SS-traatvooliku pikkus ID: 19mm. Adapter: IBC DIN 61","breadcrumb":{"@id":"https:\/\/ibc.ee\/et\/toode\/3m-x-19mm-isevooluga-voolik-ibc-konteineri-uleminekuga\/#breadcrumb"},"inLanguage":"et","potentialAction":[{"@type":"ReadAction","target":["https:\/\/ibc.ee\/et\/toode\/3m-x-19mm-isevooluga-voolik-ibc-konteineri-uleminekuga\/"]}]},{"@type":"ImageObject","inLanguage":"et","@id":"https:\/\/ibc.ee\/et\/toode\/3m-x-19mm-isevooluga-voolik-ibc-konteineri-uleminekuga\/#primaryimage","url":"https:\/\/ibc.ee\/wp-content\/uploads\/2021\/02\/3M-x-19mm-isevooluga-veelik-IBC-konteineri-uleminekuga.jpg","contentUrl":"https:\/\/ibc.ee\/wp-content\/uploads\/2021\/02\/3M-x-19mm-isevooluga-veelik-IBC-konteineri-uleminekuga.jpg","width":1000,"height":1000,"caption":"3m x 19mm isevooluga voolik IBC konteineri \u00fcleminekuga"},{"@type":"BreadcrumbList","@id":"https:\/\/ibc.ee\/et\/toode\/3m-x-19mm-isevooluga-voolik-ibc-konteineri-uleminekuga\/#breadcrumb","itemListElement":[{"@type":"ListItem","position":1,"name":"\u0413\u043b\u0430\u0432\u043d\u0430\u044f \u0441\u0442\u0440\u0430\u043d\u0438\u0446\u0430","item":"https:\/\/ibc.ee\/et\/"},{"@type":"ListItem","position":2,"name":"Pood","item":"https:\/\/ibc.ee\/et\/shop\/"},{"@type":"ListItem","position":3,"name":"3m x 19mm isevooluga voolik IBC konteineri \u00fcleminekuga"}]},{"@type":"WebSite","@id":"https:\/\/www.ibc.ee\/et\/#website","url":"https:\/\/www.ibc.ee\/et\/","name":"IBC konteineri m&uuml;&uuml;k, vaadid, kraanid, mahutid","description":"IBC - Tank container valve, Adapters\\fittings, Intermediate bulk, container, Drums\/cans","potentialAction":[{"@type":"SearchAction","target":{"@type":"EntryPoint","urlTemplate":"https:\/\/www.ibc.ee\/et\/?s={search_term_string}"},"query-input":{"@type":"PropertyValueSpecification","valueRequired":true,"valueName":"search_term_string"}}],"inLanguage":"et"}]}},"_links":{"self":[{"href":"https:\/\/ibc.ee\/et\/wp-json\/wp\/v2\/product\/20074","targetHints":{"allow":["GET"]}}],"collection":[{"href":"https:\/\/ibc.ee\/et\/wp-json\/wp\/v2\/product"}],"about":[{"href":"https:\/\/ibc.ee\/et\/wp-json\/wp\/v2\/types\/product"}],"wp:featuredmedia":[{"embeddable":true,"href":"https:\/\/ibc.ee\/et\/wp-json\/wp\/v2\/media\/20080"}],"wp:attachment":[{"href":"https:\/\/ibc.ee\/et\/wp-json\/wp\/v2\/media?parent=20074"}],"wp:term":[{"taxonomy":"product_brand","embeddable":true,"href":"https:\/\/ibc.ee\/et\/wp-json\/wp\/v2\/product_brand?post=20074"},{"taxonomy":"product_cat","embeddable":true,"href":"https:\/\/ibc.ee\/et\/wp-json\/wp\/v2\/product_cat?post=20074"},{"taxonomy":"product_tag","embeddable":true,"href":"https:\/\/ibc.ee\/et\/wp-json\/wp\/v2\/product_tag?post=20074"}],"curies":[{"name":"wp","href":"https:\/\/api.w.org\/{rel}","templated":true}]}}