{"id":20110,"date":"2021-02-19T11:16:13","date_gmt":"2021-02-19T09:16:13","guid":{"rendered":"https:\/\/ibc.ee\/?post_type=product&#038;p=20110"},"modified":"2021-02-22T12:50:26","modified_gmt":"2021-02-22T10:50:26","slug":"d-490-terasest-vaadipump-olile","status":"publish","type":"product","link":"https:\/\/ibc.ee\/et\/toode\/d-490-terasest-vaadipump-olile\/","title":{"rendered":"D-490 Terasest vaadipump \u00f5lile"},"content":{"rendered":"<p>D-490 Terasest vaadipump \u00f5lile<\/p>\n<p>Spetsifikatsioonid:<br \/>\nMaterjal: kroom-galvaniseeritud teras<br \/>\nTihendi materjal: NBR<br \/>\nKolb: PP<br \/>\nPistikuadapter: 1-1 \/ 2 &#8220;ja 2&#8221;<br \/>\nSisse- \/ v\u00e4ljalaskeava diameeter: 35mm \/ 19mm<br \/>\nToote pikkus: 1380mm<br \/>\nMahutavus: 350 cc \/ k\u00e4ik<br \/>\nVoolav: 20L \/ Min<br \/>\nImemine \/ t\u00f5stmine: 3m \/ 5m<br \/>\nRakendatavad trummid: 15\u201355 galloni<br \/>\nRakendused: diisel, petrooleum, mootori\u00f5li, h\u00fcdraulika\u00f5li<\/p>\n","protected":false},"excerpt":{"rendered":"<p>D-490 Terasest vaadipump \u00f5lile Spetsifikatsioonid: Materjal: kroom-galvaniseeritud teras Tihendi materjal: NBR Kolb: PP Pistikuadapter: 1-1 \/ 2 &#8220;ja 2&#8221; Sisse- \/ v\u00e4ljalaskeava diameeter: 35mm \/ 19mm Toote pikkus: 1380mm Mahutavus: 350 cc \/ k\u00e4ik Voolav: 20L \/ Min Imemine \/ t\u00f5stmine: 3m \/ 5m Rakendatavad trummid: 15\u201355 galloni Rakendused: diisel, petrooleum, mootori\u00f5li, h\u00fcdraulika\u00f5li<\/p>\n","protected":false},"featured_media":20116,"template":"","meta":[],"product_brand":[],"product_cat":[179],"product_tag":[],"class_list":{"0":"post-20110","1":"product","2":"type-product","3":"status-publish","4":"has-post-thumbnail","6":"product_cat-vaadid-kanistrid","7":"product_shipping_class-acessories-et","9":"first","10":"onbackorder","11":"taxable","12":"shipping-taxable","13":"purchasable","14":"product-type-simple"},"yoast_head":"<!-- This site is optimized with the Yoast SEO plugin v26.9 - https:\/\/yoast.com\/product\/yoast-seo-wordpress\/ -->\n<title>D-490 Terasest vaadipump \u00f5lile -<\/title>\n<meta name=\"description\" content=\"Materjal: kroom-galvaniseeritud teras. Tihendi materjal: NBR. Kolb: PP. Poldiadapter: 1-1 \/ 2 &quot;ja 2&quot;. Voolav: 20L \/ Min. Imemine \/ t\u00f5stmine: 3m \/ 5m. Rakendused: diisel, petrooleum, mootori\u00f5li, h\u00fcdraulika\u00f5li\" \/>\n<meta name=\"robots\" content=\"index, follow, max-snippet:-1, max-image-preview:large, max-video-preview:-1\" \/>\n<link rel=\"canonical\" href=\"https:\/\/ibc.ee\/et\/toode\/d-490-terasest-vaadipump-olile\/\" \/>\n<meta property=\"og:locale\" content=\"et_EE\" \/>\n<meta property=\"og:type\" content=\"article\" \/>\n<meta property=\"og:title\" content=\"D-490 Terasest vaadipump \u00f5lile -\" \/>\n<meta property=\"og:description\" content=\"Materjal: kroom-galvaniseeritud teras. Tihendi materjal: NBR. Kolb: PP. Poldiadapter: 1-1 \/ 2 &quot;ja 2&quot;. Voolav: 20L \/ Min. Imemine \/ t\u00f5stmine: 3m \/ 5m. Rakendused: diisel, petrooleum, mootori\u00f5li, h\u00fcdraulika\u00f5li\" \/>\n<meta property=\"og:url\" content=\"https:\/\/ibc.ee\/et\/toode\/d-490-terasest-vaadipump-olile\/\" \/>\n<meta property=\"og:site_name\" content=\"IBC konteineri m&uuml;&uuml;k, vaadid, kraanid, mahutid\" \/>\n<meta property=\"article:modified_time\" content=\"2021-02-22T10:50:26+00:00\" \/>\n<meta property=\"og:image\" content=\"https:\/\/www.ibc.ee\/wp-content\/uploads\/2021\/02\/D-490-Terasest-vaadipump-olide.jpg\" \/>\n\t<meta property=\"og:image:width\" content=\"1000\" \/>\n\t<meta property=\"og:image:height\" content=\"1000\" \/>\n\t<meta property=\"og:image:type\" content=\"image\/jpeg\" \/>\n<meta name=\"twitter:card\" content=\"summary_large_image\" \/>\n<script type=\"application\/ld+json\" class=\"yoast-schema-graph\">{\"@context\":\"https:\/\/schema.org\",\"@graph\":[{\"@type\":\"WebPage\",\"@id\":\"https:\/\/ibc.ee\/et\/toode\/d-490-terasest-vaadipump-olile\/\",\"url\":\"https:\/\/ibc.ee\/et\/toode\/d-490-terasest-vaadipump-olile\/\",\"name\":\"D-490 Terasest vaadipump \u00f5lile -\",\"isPartOf\":{\"@id\":\"https:\/\/www.ibc.ee\/et\/#website\"},\"primaryImageOfPage\":{\"@id\":\"https:\/\/ibc.ee\/et\/toode\/d-490-terasest-vaadipump-olile\/#primaryimage\"},\"image\":{\"@id\":\"https:\/\/ibc.ee\/et\/toode\/d-490-terasest-vaadipump-olile\/#primaryimage\"},\"thumbnailUrl\":\"https:\/\/ibc.ee\/wp-content\/uploads\/2021\/02\/D-490-Terasest-vaadipump-olide.jpg\",\"datePublished\":\"2021-02-19T09:16:13+00:00\",\"dateModified\":\"2021-02-22T10:50:26+00:00\",\"description\":\"Materjal: kroom-galvaniseeritud teras. Tihendi materjal: NBR. Kolb: PP. Poldiadapter: 1-1 \/ 2 \\\"ja 2\\\". Voolav: 20L \/ Min. Imemine \/ t\u00f5stmine: 3m \/ 5m. Rakendused: diisel, petrooleum, mootori\u00f5li, h\u00fcdraulika\u00f5li\",\"breadcrumb\":{\"@id\":\"https:\/\/ibc.ee\/et\/toode\/d-490-terasest-vaadipump-olile\/#breadcrumb\"},\"inLanguage\":\"et\",\"potentialAction\":[{\"@type\":\"ReadAction\",\"target\":[\"https:\/\/ibc.ee\/et\/toode\/d-490-terasest-vaadipump-olile\/\"]}]},{\"@type\":\"ImageObject\",\"inLanguage\":\"et\",\"@id\":\"https:\/\/ibc.ee\/et\/toode\/d-490-terasest-vaadipump-olile\/#primaryimage\",\"url\":\"https:\/\/ibc.ee\/wp-content\/uploads\/2021\/02\/D-490-Terasest-vaadipump-olide.jpg\",\"contentUrl\":\"https:\/\/ibc.ee\/wp-content\/uploads\/2021\/02\/D-490-Terasest-vaadipump-olide.jpg\",\"width\":1000,\"height\":1000,\"caption\":\"D-490 Terasest vaadipump \u00f5lile\"},{\"@type\":\"BreadcrumbList\",\"@id\":\"https:\/\/ibc.ee\/et\/toode\/d-490-terasest-vaadipump-olile\/#breadcrumb\",\"itemListElement\":[{\"@type\":\"ListItem\",\"position\":1,\"name\":\"\u0413\u043b\u0430\u0432\u043d\u0430\u044f \u0441\u0442\u0440\u0430\u043d\u0438\u0446\u0430\",\"item\":\"https:\/\/ibc.ee\/et\/\"},{\"@type\":\"ListItem\",\"position\":2,\"name\":\"Pood\",\"item\":\"https:\/\/ibc.ee\/et\/shop\/\"},{\"@type\":\"ListItem\",\"position\":3,\"name\":\"D-490 Terasest vaadipump \u00f5lile\"}]},{\"@type\":\"WebSite\",\"@id\":\"https:\/\/www.ibc.ee\/et\/#website\",\"url\":\"https:\/\/www.ibc.ee\/et\/\",\"name\":\"IBC konteineri m&uuml;&uuml;k, vaadid, kraanid, mahutid\",\"description\":\"IBC - Tank container valve, Adapters\\\\fittings, Intermediate bulk, container, Drums\/cans\",\"potentialAction\":[{\"@type\":\"SearchAction\",\"target\":{\"@type\":\"EntryPoint\",\"urlTemplate\":\"https:\/\/www.ibc.ee\/et\/?s={search_term_string}\"},\"query-input\":{\"@type\":\"PropertyValueSpecification\",\"valueRequired\":true,\"valueName\":\"search_term_string\"}}],\"inLanguage\":\"et\"}]}<\/script>\n<!-- \/ Yoast SEO plugin. -->","yoast_head_json":{"title":"D-490 Terasest vaadipump \u00f5lile -","description":"Materjal: kroom-galvaniseeritud teras. Tihendi materjal: NBR. Kolb: PP. Poldiadapter: 1-1 \/ 2 \"ja 2\". Voolav: 20L \/ Min. Imemine \/ t\u00f5stmine: 3m \/ 5m. Rakendused: diisel, petrooleum, mootori\u00f5li, h\u00fcdraulika\u00f5li","robots":{"index":"index","follow":"follow","max-snippet":"max-snippet:-1","max-image-preview":"max-image-preview:large","max-video-preview":"max-video-preview:-1"},"canonical":"https:\/\/ibc.ee\/et\/toode\/d-490-terasest-vaadipump-olile\/","og_locale":"et_EE","og_type":"article","og_title":"D-490 Terasest vaadipump \u00f5lile -","og_description":"Materjal: kroom-galvaniseeritud teras. Tihendi materjal: NBR. Kolb: PP. Poldiadapter: 1-1 \/ 2 \"ja 2\". Voolav: 20L \/ Min. Imemine \/ t\u00f5stmine: 3m \/ 5m. Rakendused: diisel, petrooleum, mootori\u00f5li, h\u00fcdraulika\u00f5li","og_url":"https:\/\/ibc.ee\/et\/toode\/d-490-terasest-vaadipump-olile\/","og_site_name":"IBC konteineri m&uuml;&uuml;k, vaadid, kraanid, mahutid","article_modified_time":"2021-02-22T10:50:26+00:00","og_image":[{"width":1000,"height":1000,"url":"https:\/\/www.ibc.ee\/wp-content\/uploads\/2021\/02\/D-490-Terasest-vaadipump-olide.jpg","type":"image\/jpeg"}],"twitter_card":"summary_large_image","schema":{"@context":"https:\/\/schema.org","@graph":[{"@type":"WebPage","@id":"https:\/\/ibc.ee\/et\/toode\/d-490-terasest-vaadipump-olile\/","url":"https:\/\/ibc.ee\/et\/toode\/d-490-terasest-vaadipump-olile\/","name":"D-490 Terasest vaadipump \u00f5lile -","isPartOf":{"@id":"https:\/\/www.ibc.ee\/et\/#website"},"primaryImageOfPage":{"@id":"https:\/\/ibc.ee\/et\/toode\/d-490-terasest-vaadipump-olile\/#primaryimage"},"image":{"@id":"https:\/\/ibc.ee\/et\/toode\/d-490-terasest-vaadipump-olile\/#primaryimage"},"thumbnailUrl":"https:\/\/ibc.ee\/wp-content\/uploads\/2021\/02\/D-490-Terasest-vaadipump-olide.jpg","datePublished":"2021-02-19T09:16:13+00:00","dateModified":"2021-02-22T10:50:26+00:00","description":"Materjal: kroom-galvaniseeritud teras. Tihendi materjal: NBR. Kolb: PP. Poldiadapter: 1-1 \/ 2 \"ja 2\". Voolav: 20L \/ Min. Imemine \/ t\u00f5stmine: 3m \/ 5m. Rakendused: diisel, petrooleum, mootori\u00f5li, h\u00fcdraulika\u00f5li","breadcrumb":{"@id":"https:\/\/ibc.ee\/et\/toode\/d-490-terasest-vaadipump-olile\/#breadcrumb"},"inLanguage":"et","potentialAction":[{"@type":"ReadAction","target":["https:\/\/ibc.ee\/et\/toode\/d-490-terasest-vaadipump-olile\/"]}]},{"@type":"ImageObject","inLanguage":"et","@id":"https:\/\/ibc.ee\/et\/toode\/d-490-terasest-vaadipump-olile\/#primaryimage","url":"https:\/\/ibc.ee\/wp-content\/uploads\/2021\/02\/D-490-Terasest-vaadipump-olide.jpg","contentUrl":"https:\/\/ibc.ee\/wp-content\/uploads\/2021\/02\/D-490-Terasest-vaadipump-olide.jpg","width":1000,"height":1000,"caption":"D-490 Terasest vaadipump \u00f5lile"},{"@type":"BreadcrumbList","@id":"https:\/\/ibc.ee\/et\/toode\/d-490-terasest-vaadipump-olile\/#breadcrumb","itemListElement":[{"@type":"ListItem","position":1,"name":"\u0413\u043b\u0430\u0432\u043d\u0430\u044f \u0441\u0442\u0440\u0430\u043d\u0438\u0446\u0430","item":"https:\/\/ibc.ee\/et\/"},{"@type":"ListItem","position":2,"name":"Pood","item":"https:\/\/ibc.ee\/et\/shop\/"},{"@type":"ListItem","position":3,"name":"D-490 Terasest vaadipump \u00f5lile"}]},{"@type":"WebSite","@id":"https:\/\/www.ibc.ee\/et\/#website","url":"https:\/\/www.ibc.ee\/et\/","name":"IBC konteineri m&uuml;&uuml;k, vaadid, kraanid, mahutid","description":"IBC - Tank container valve, Adapters\\fittings, Intermediate bulk, container, Drums\/cans","potentialAction":[{"@type":"SearchAction","target":{"@type":"EntryPoint","urlTemplate":"https:\/\/www.ibc.ee\/et\/?s={search_term_string}"},"query-input":{"@type":"PropertyValueSpecification","valueRequired":true,"valueName":"search_term_string"}}],"inLanguage":"et"}]}},"_links":{"self":[{"href":"https:\/\/ibc.ee\/et\/wp-json\/wp\/v2\/product\/20110","targetHints":{"allow":["GET"]}}],"collection":[{"href":"https:\/\/ibc.ee\/et\/wp-json\/wp\/v2\/product"}],"about":[{"href":"https:\/\/ibc.ee\/et\/wp-json\/wp\/v2\/types\/product"}],"wp:featuredmedia":[{"embeddable":true,"href":"https:\/\/ibc.ee\/et\/wp-json\/wp\/v2\/media\/20116"}],"wp:attachment":[{"href":"https:\/\/ibc.ee\/et\/wp-json\/wp\/v2\/media?parent=20110"}],"wp:term":[{"taxonomy":"product_brand","embeddable":true,"href":"https:\/\/ibc.ee\/et\/wp-json\/wp\/v2\/product_brand?post=20110"},{"taxonomy":"product_cat","embeddable":true,"href":"https:\/\/ibc.ee\/et\/wp-json\/wp\/v2\/product_cat?post=20110"},{"taxonomy":"product_tag","embeddable":true,"href":"https:\/\/ibc.ee\/et\/wp-json\/wp\/v2\/product_tag?post=20110"}],"curies":[{"name":"wp","href":"https:\/\/api.w.org\/{rel}","templated":true}]}}