{"id":20146,"date":"2021-02-19T21:45:48","date_gmt":"2021-02-19T19:45:49","guid":{"rendered":"https:\/\/ibc.ee\/?post_type=product&#038;p=20146"},"modified":"2021-02-22T13:18:35","modified_gmt":"2021-02-22T11:18:35","slug":"r-490s-vaadipump-kaeupidemega-kemikaalile","status":"publish","type":"product","link":"https:\/\/ibc.ee\/et\/toode\/r-490s-vaadipump-kaeupidemega-kemikaalile\/","title":{"rendered":"R-490S Vaadipump k\u00e4eupidemega kemikaalile"},"content":{"rendered":"<p>R-490S Vaadipump k\u00e4eupidemega kemikaalile<\/p>\n<p> Tehnilised andmed: <br \/>\nMaterjal: PPS &#8211; S316SS <br \/>\nTihendi materjal: Viton <br \/>\nV\u00e4ljalasketoru: PP <br \/>\nSisse- ja v\u00e4ljalaskeava dia: 37mm \/ 22mm <br \/>\nToote pikkus: 1370mm <br \/>\nVooluhulk: 19 l \/ min <br \/>\nRakendatavad trummid: 15\u201355 mm <br \/>\nKiirus: 55 l\u00f6\u00f6ki \/ min <br \/>\nRakendused: diisel, petrooleum, \u00f5li, vesi, adblue, n\u00f5rk hape <\/p>\n","protected":false},"excerpt":{"rendered":"<p>R-490S Vaadipump k\u00e4eupidemega kemikaalile Tehnilised andmed: Materjal: PPS &#8211; S316SS Tihendi materjal: Viton V\u00e4ljalasketoru: PP Sisse- ja v\u00e4ljalaskeava dia: 37mm \/ 22mm Toote pikkus: 1370mm Vooluhulk: 19 l \/ min Rakendatavad trummid: 15\u201355 mm Kiirus: 55 l\u00f6\u00f6ki \/ min Rakendused: diisel, petrooleum, \u00f5li, vesi, adblue, n\u00f5rk hape<\/p>\n","protected":false},"featured_media":20152,"template":"","meta":[],"product_brand":[],"product_cat":[179],"product_tag":[],"class_list":{"0":"post-20146","1":"product","2":"type-product","3":"status-publish","4":"has-post-thumbnail","6":"product_cat-vaadid-kanistrid","7":"product_shipping_class-acessories-et","9":"first","10":"onbackorder","11":"taxable","12":"shipping-taxable","13":"purchasable","14":"product-type-simple"},"yoast_head":"<!-- This site is optimized with the Yoast SEO plugin v26.9 - https:\/\/yoast.com\/product\/yoast-seo-wordpress\/ -->\n<title>R-490S Vaadipump k\u00e4eupidemega kemikaalile -<\/title>\n<meta name=\"description\" content=\"R-490S Vaadipump k\u00e4eupidemega kemikaalile. Vooluhulk: 19 l \/ min. Rakendused: diisel, petrooleum, \u00f5li, vesi, adblue, n\u00f5rk hape\" \/>\n<meta name=\"robots\" content=\"index, follow, max-snippet:-1, max-image-preview:large, max-video-preview:-1\" \/>\n<link rel=\"canonical\" href=\"https:\/\/ibc.ee\/et\/toode\/r-490s-vaadipump-kaeupidemega-kemikaalile\/\" \/>\n<meta property=\"og:locale\" content=\"et_EE\" \/>\n<meta property=\"og:type\" content=\"article\" \/>\n<meta property=\"og:title\" content=\"R-490S Vaadipump k\u00e4eupidemega kemikaalile -\" \/>\n<meta property=\"og:description\" content=\"R-490S Vaadipump k\u00e4eupidemega kemikaalile. Vooluhulk: 19 l \/ min. Rakendused: diisel, petrooleum, \u00f5li, vesi, adblue, n\u00f5rk hape\" \/>\n<meta property=\"og:url\" content=\"https:\/\/ibc.ee\/et\/toode\/r-490s-vaadipump-kaeupidemega-kemikaalile\/\" \/>\n<meta property=\"og:site_name\" content=\"IBC konteineri m&uuml;&uuml;k, vaadid, kraanid, mahutid\" \/>\n<meta property=\"article:modified_time\" content=\"2021-02-22T11:18:35+00:00\" \/>\n<meta property=\"og:image\" content=\"https:\/\/ibc.ee\/wp-content\/uploads\/2021\/02\/R-490S-Vaadipump-kaeupidemega-kemikaalile.jpg\" \/>\n\t<meta property=\"og:image:width\" content=\"1000\" \/>\n\t<meta property=\"og:image:height\" content=\"1000\" \/>\n\t<meta property=\"og:image:type\" content=\"image\/jpeg\" \/>\n<meta name=\"twitter:card\" content=\"summary_large_image\" \/>\n<script type=\"application\/ld+json\" class=\"yoast-schema-graph\">{\"@context\":\"https:\/\/schema.org\",\"@graph\":[{\"@type\":\"WebPage\",\"@id\":\"https:\/\/ibc.ee\/et\/toode\/r-490s-vaadipump-kaeupidemega-kemikaalile\/\",\"url\":\"https:\/\/ibc.ee\/et\/toode\/r-490s-vaadipump-kaeupidemega-kemikaalile\/\",\"name\":\"R-490S Vaadipump k\u00e4eupidemega kemikaalile -\",\"isPartOf\":{\"@id\":\"https:\/\/www.ibc.ee\/et\/#website\"},\"primaryImageOfPage\":{\"@id\":\"https:\/\/ibc.ee\/et\/toode\/r-490s-vaadipump-kaeupidemega-kemikaalile\/#primaryimage\"},\"image\":{\"@id\":\"https:\/\/ibc.ee\/et\/toode\/r-490s-vaadipump-kaeupidemega-kemikaalile\/#primaryimage\"},\"thumbnailUrl\":\"https:\/\/ibc.ee\/wp-content\/uploads\/2021\/02\/R-490S-Vaadipump-kaeupidemega-kemikaalile.jpg\",\"datePublished\":\"2021-02-19T19:45:49+00:00\",\"dateModified\":\"2021-02-22T11:18:35+00:00\",\"description\":\"R-490S Vaadipump k\u00e4eupidemega kemikaalile. Vooluhulk: 19 l \/ min. Rakendused: diisel, petrooleum, \u00f5li, vesi, adblue, n\u00f5rk hape\",\"breadcrumb\":{\"@id\":\"https:\/\/ibc.ee\/et\/toode\/r-490s-vaadipump-kaeupidemega-kemikaalile\/#breadcrumb\"},\"inLanguage\":\"et\",\"potentialAction\":[{\"@type\":\"ReadAction\",\"target\":[\"https:\/\/ibc.ee\/et\/toode\/r-490s-vaadipump-kaeupidemega-kemikaalile\/\"]}]},{\"@type\":\"ImageObject\",\"inLanguage\":\"et\",\"@id\":\"https:\/\/ibc.ee\/et\/toode\/r-490s-vaadipump-kaeupidemega-kemikaalile\/#primaryimage\",\"url\":\"https:\/\/ibc.ee\/wp-content\/uploads\/2021\/02\/R-490S-Vaadipump-kaeupidemega-kemikaalile.jpg\",\"contentUrl\":\"https:\/\/ibc.ee\/wp-content\/uploads\/2021\/02\/R-490S-Vaadipump-kaeupidemega-kemikaalile.jpg\",\"width\":1000,\"height\":1000,\"caption\":\"R-490S Vaadipump k\u00e4eupidemega kemikaalile\"},{\"@type\":\"BreadcrumbList\",\"@id\":\"https:\/\/ibc.ee\/et\/toode\/r-490s-vaadipump-kaeupidemega-kemikaalile\/#breadcrumb\",\"itemListElement\":[{\"@type\":\"ListItem\",\"position\":1,\"name\":\"\u0413\u043b\u0430\u0432\u043d\u0430\u044f \u0441\u0442\u0440\u0430\u043d\u0438\u0446\u0430\",\"item\":\"https:\/\/ibc.ee\/et\/\"},{\"@type\":\"ListItem\",\"position\":2,\"name\":\"Pood\",\"item\":\"https:\/\/ibc.ee\/et\/shop\/\"},{\"@type\":\"ListItem\",\"position\":3,\"name\":\"R-490S Vaadipump k\u00e4eupidemega kemikaalile\"}]},{\"@type\":\"WebSite\",\"@id\":\"https:\/\/www.ibc.ee\/et\/#website\",\"url\":\"https:\/\/www.ibc.ee\/et\/\",\"name\":\"IBC konteineri m&uuml;&uuml;k, vaadid, kraanid, mahutid\",\"description\":\"IBC - Tank container valve, Adapters\\\\fittings, Intermediate bulk, container, Drums\/cans\",\"potentialAction\":[{\"@type\":\"SearchAction\",\"target\":{\"@type\":\"EntryPoint\",\"urlTemplate\":\"https:\/\/www.ibc.ee\/et\/?s={search_term_string}\"},\"query-input\":{\"@type\":\"PropertyValueSpecification\",\"valueRequired\":true,\"valueName\":\"search_term_string\"}}],\"inLanguage\":\"et\"}]}<\/script>\n<!-- \/ Yoast SEO plugin. -->","yoast_head_json":{"title":"R-490S Vaadipump k\u00e4eupidemega kemikaalile -","description":"R-490S Vaadipump k\u00e4eupidemega kemikaalile. Vooluhulk: 19 l \/ min. Rakendused: diisel, petrooleum, \u00f5li, vesi, adblue, n\u00f5rk hape","robots":{"index":"index","follow":"follow","max-snippet":"max-snippet:-1","max-image-preview":"max-image-preview:large","max-video-preview":"max-video-preview:-1"},"canonical":"https:\/\/ibc.ee\/et\/toode\/r-490s-vaadipump-kaeupidemega-kemikaalile\/","og_locale":"et_EE","og_type":"article","og_title":"R-490S Vaadipump k\u00e4eupidemega kemikaalile -","og_description":"R-490S Vaadipump k\u00e4eupidemega kemikaalile. Vooluhulk: 19 l \/ min. Rakendused: diisel, petrooleum, \u00f5li, vesi, adblue, n\u00f5rk hape","og_url":"https:\/\/ibc.ee\/et\/toode\/r-490s-vaadipump-kaeupidemega-kemikaalile\/","og_site_name":"IBC konteineri m&uuml;&uuml;k, vaadid, kraanid, mahutid","article_modified_time":"2021-02-22T11:18:35+00:00","og_image":[{"width":1000,"height":1000,"url":"https:\/\/ibc.ee\/wp-content\/uploads\/2021\/02\/R-490S-Vaadipump-kaeupidemega-kemikaalile.jpg","type":"image\/jpeg"}],"twitter_card":"summary_large_image","schema":{"@context":"https:\/\/schema.org","@graph":[{"@type":"WebPage","@id":"https:\/\/ibc.ee\/et\/toode\/r-490s-vaadipump-kaeupidemega-kemikaalile\/","url":"https:\/\/ibc.ee\/et\/toode\/r-490s-vaadipump-kaeupidemega-kemikaalile\/","name":"R-490S Vaadipump k\u00e4eupidemega kemikaalile -","isPartOf":{"@id":"https:\/\/www.ibc.ee\/et\/#website"},"primaryImageOfPage":{"@id":"https:\/\/ibc.ee\/et\/toode\/r-490s-vaadipump-kaeupidemega-kemikaalile\/#primaryimage"},"image":{"@id":"https:\/\/ibc.ee\/et\/toode\/r-490s-vaadipump-kaeupidemega-kemikaalile\/#primaryimage"},"thumbnailUrl":"https:\/\/ibc.ee\/wp-content\/uploads\/2021\/02\/R-490S-Vaadipump-kaeupidemega-kemikaalile.jpg","datePublished":"2021-02-19T19:45:49+00:00","dateModified":"2021-02-22T11:18:35+00:00","description":"R-490S Vaadipump k\u00e4eupidemega kemikaalile. Vooluhulk: 19 l \/ min. Rakendused: diisel, petrooleum, \u00f5li, vesi, adblue, n\u00f5rk hape","breadcrumb":{"@id":"https:\/\/ibc.ee\/et\/toode\/r-490s-vaadipump-kaeupidemega-kemikaalile\/#breadcrumb"},"inLanguage":"et","potentialAction":[{"@type":"ReadAction","target":["https:\/\/ibc.ee\/et\/toode\/r-490s-vaadipump-kaeupidemega-kemikaalile\/"]}]},{"@type":"ImageObject","inLanguage":"et","@id":"https:\/\/ibc.ee\/et\/toode\/r-490s-vaadipump-kaeupidemega-kemikaalile\/#primaryimage","url":"https:\/\/ibc.ee\/wp-content\/uploads\/2021\/02\/R-490S-Vaadipump-kaeupidemega-kemikaalile.jpg","contentUrl":"https:\/\/ibc.ee\/wp-content\/uploads\/2021\/02\/R-490S-Vaadipump-kaeupidemega-kemikaalile.jpg","width":1000,"height":1000,"caption":"R-490S Vaadipump k\u00e4eupidemega kemikaalile"},{"@type":"BreadcrumbList","@id":"https:\/\/ibc.ee\/et\/toode\/r-490s-vaadipump-kaeupidemega-kemikaalile\/#breadcrumb","itemListElement":[{"@type":"ListItem","position":1,"name":"\u0413\u043b\u0430\u0432\u043d\u0430\u044f \u0441\u0442\u0440\u0430\u043d\u0438\u0446\u0430","item":"https:\/\/ibc.ee\/et\/"},{"@type":"ListItem","position":2,"name":"Pood","item":"https:\/\/ibc.ee\/et\/shop\/"},{"@type":"ListItem","position":3,"name":"R-490S Vaadipump k\u00e4eupidemega kemikaalile"}]},{"@type":"WebSite","@id":"https:\/\/www.ibc.ee\/et\/#website","url":"https:\/\/www.ibc.ee\/et\/","name":"IBC konteineri m&uuml;&uuml;k, vaadid, kraanid, mahutid","description":"IBC - Tank container valve, Adapters\\fittings, Intermediate bulk, container, Drums\/cans","potentialAction":[{"@type":"SearchAction","target":{"@type":"EntryPoint","urlTemplate":"https:\/\/www.ibc.ee\/et\/?s={search_term_string}"},"query-input":{"@type":"PropertyValueSpecification","valueRequired":true,"valueName":"search_term_string"}}],"inLanguage":"et"}]}},"_links":{"self":[{"href":"https:\/\/ibc.ee\/et\/wp-json\/wp\/v2\/product\/20146","targetHints":{"allow":["GET"]}}],"collection":[{"href":"https:\/\/ibc.ee\/et\/wp-json\/wp\/v2\/product"}],"about":[{"href":"https:\/\/ibc.ee\/et\/wp-json\/wp\/v2\/types\/product"}],"wp:featuredmedia":[{"embeddable":true,"href":"https:\/\/ibc.ee\/et\/wp-json\/wp\/v2\/media\/20152"}],"wp:attachment":[{"href":"https:\/\/ibc.ee\/et\/wp-json\/wp\/v2\/media?parent=20146"}],"wp:term":[{"taxonomy":"product_brand","embeddable":true,"href":"https:\/\/ibc.ee\/et\/wp-json\/wp\/v2\/product_brand?post=20146"},{"taxonomy":"product_cat","embeddable":true,"href":"https:\/\/ibc.ee\/et\/wp-json\/wp\/v2\/product_cat?post=20146"},{"taxonomy":"product_tag","embeddable":true,"href":"https:\/\/ibc.ee\/et\/wp-json\/wp\/v2\/product_tag?post=20146"}],"curies":[{"name":"wp","href":"https:\/\/api.w.org\/{rel}","templated":true}]}}