{"id":20167,"date":"2021-02-19T22:25:49","date_gmt":"2021-02-19T20:25:49","guid":{"rendered":"https:\/\/ibc.ee\/?post_type=product&#038;p=20167"},"modified":"2021-02-22T12:53:33","modified_gmt":"2021-02-22T10:53:33","slug":"pneumaatiline-pp-pump-tunnile","status":"publish","type":"product","link":"https:\/\/ibc.ee\/et\/toode\/pneumaatiline-pp-pump-tunnile\/","title":{"rendered":"Pneumaatiline PP pump t\u00fcnnile"},"content":{"rendered":"<p>Pneumaatiline PP pump t\u00fcnnile <\/p>\n<p> Tehnilised andmed: <br \/>\nPumb: PP <br \/>\nToru materjal: PP <br \/>\nTorud: 1tk <br \/>\nSisselaske toru pikkus: 98cm <br \/>\nKogupikkus: 130cm <br \/>\nSisselaske D: 43mm <br \/>\nV\u00e4ljalaske D: 22mm <br \/>\nVoolukiirus: 190 ml \/ l\u00f6\u00f6gi <br \/>\nMax Flow GPM: 8 (vesi) <br \/>\nMaksimaalne r\u00f5hk: 100 PSI <br \/>\nRakendused: diisel, petrooleum, \u00f5li, vesi, adblue, n\u00f5rk hape, alkohol, bensiin <\/p>\n","protected":false},"excerpt":{"rendered":"<p>Pneumaatiline PP pump t\u00fcnnile Tehnilised andmed: Pumb: PP Toru materjal: PP Torud: 1tk Sisselaske toru pikkus: 98cm Kogupikkus: 130cm Sisselaske D: 43mm V\u00e4ljalaske D: 22mm Voolukiirus: 190 ml \/ l\u00f6\u00f6gi Max Flow GPM: 8 (vesi) Maksimaalne r\u00f5hk: 100 PSI Rakendused: diisel, petrooleum, \u00f5li, vesi, adblue, n\u00f5rk hape, alkohol, bensiin<\/p>\n","protected":false},"featured_media":20173,"template":"","meta":[],"product_brand":[],"product_cat":[179],"product_tag":[],"class_list":{"0":"post-20167","1":"product","2":"type-product","3":"status-publish","4":"has-post-thumbnail","6":"product_cat-vaadid-kanistrid","7":"product_shipping_class-acessories-et","9":"first","10":"onbackorder","11":"taxable","12":"shipping-taxable","13":"purchasable","14":"product-type-simple"},"yoast_head":"<!-- This site is optimized with the Yoast SEO plugin v26.9 - https:\/\/yoast.com\/product\/yoast-seo-wordpress\/ -->\n<title>Pneumaatiline PP pump t\u00fcnnile -<\/title>\n<meta name=\"description\" content=\"Pneumaatiline PP pump t\u00fcnnile. Maksimaalne r\u00f5hk: 100 PSI. Rakendused: diisel, petrooleum, \u00f5li, vesi, adblue, n\u00f5rk hape, alkohol, bensiin\" \/>\n<meta name=\"robots\" content=\"index, follow, max-snippet:-1, max-image-preview:large, max-video-preview:-1\" \/>\n<link rel=\"canonical\" href=\"https:\/\/ibc.ee\/et\/toode\/pneumaatiline-pp-pump-tunnile\/\" \/>\n<meta property=\"og:locale\" content=\"et_EE\" \/>\n<meta property=\"og:type\" content=\"article\" \/>\n<meta property=\"og:title\" content=\"Pneumaatiline PP pump t\u00fcnnile -\" \/>\n<meta property=\"og:description\" content=\"Pneumaatiline PP pump t\u00fcnnile. Maksimaalne r\u00f5hk: 100 PSI. Rakendused: diisel, petrooleum, \u00f5li, vesi, adblue, n\u00f5rk hape, alkohol, bensiin\" \/>\n<meta property=\"og:url\" content=\"https:\/\/ibc.ee\/et\/toode\/pneumaatiline-pp-pump-tunnile\/\" \/>\n<meta property=\"og:site_name\" content=\"IBC konteineri m&uuml;&uuml;k, vaadid, kraanid, mahutid\" \/>\n<meta property=\"article:modified_time\" content=\"2021-02-22T10:53:33+00:00\" \/>\n<meta property=\"og:image\" content=\"https:\/\/ibc.ee\/wp-content\/uploads\/2021\/02\/Pneumaatiline-PP-pump-tunnile.jpg\" \/>\n\t<meta property=\"og:image:width\" content=\"1000\" \/>\n\t<meta property=\"og:image:height\" content=\"1000\" \/>\n\t<meta property=\"og:image:type\" content=\"image\/jpeg\" \/>\n<meta name=\"twitter:card\" content=\"summary_large_image\" \/>\n<script type=\"application\/ld+json\" class=\"yoast-schema-graph\">{\"@context\":\"https:\/\/schema.org\",\"@graph\":[{\"@type\":\"WebPage\",\"@id\":\"https:\/\/ibc.ee\/et\/toode\/pneumaatiline-pp-pump-tunnile\/\",\"url\":\"https:\/\/ibc.ee\/et\/toode\/pneumaatiline-pp-pump-tunnile\/\",\"name\":\"Pneumaatiline PP pump t\u00fcnnile -\",\"isPartOf\":{\"@id\":\"https:\/\/www.ibc.ee\/et\/#website\"},\"primaryImageOfPage\":{\"@id\":\"https:\/\/ibc.ee\/et\/toode\/pneumaatiline-pp-pump-tunnile\/#primaryimage\"},\"image\":{\"@id\":\"https:\/\/ibc.ee\/et\/toode\/pneumaatiline-pp-pump-tunnile\/#primaryimage\"},\"thumbnailUrl\":\"https:\/\/ibc.ee\/wp-content\/uploads\/2021\/02\/Pneumaatiline-PP-pump-tunnile.jpg\",\"datePublished\":\"2021-02-19T20:25:49+00:00\",\"dateModified\":\"2021-02-22T10:53:33+00:00\",\"description\":\"Pneumaatiline PP pump t\u00fcnnile. Maksimaalne r\u00f5hk: 100 PSI. Rakendused: diisel, petrooleum, \u00f5li, vesi, adblue, n\u00f5rk hape, alkohol, bensiin\",\"breadcrumb\":{\"@id\":\"https:\/\/ibc.ee\/et\/toode\/pneumaatiline-pp-pump-tunnile\/#breadcrumb\"},\"inLanguage\":\"et\",\"potentialAction\":[{\"@type\":\"ReadAction\",\"target\":[\"https:\/\/ibc.ee\/et\/toode\/pneumaatiline-pp-pump-tunnile\/\"]}]},{\"@type\":\"ImageObject\",\"inLanguage\":\"et\",\"@id\":\"https:\/\/ibc.ee\/et\/toode\/pneumaatiline-pp-pump-tunnile\/#primaryimage\",\"url\":\"https:\/\/ibc.ee\/wp-content\/uploads\/2021\/02\/Pneumaatiline-PP-pump-tunnile.jpg\",\"contentUrl\":\"https:\/\/ibc.ee\/wp-content\/uploads\/2021\/02\/Pneumaatiline-PP-pump-tunnile.jpg\",\"width\":1000,\"height\":1000,\"caption\":\"Pneumaatiline PP pump t\u00fcnnile\"},{\"@type\":\"BreadcrumbList\",\"@id\":\"https:\/\/ibc.ee\/et\/toode\/pneumaatiline-pp-pump-tunnile\/#breadcrumb\",\"itemListElement\":[{\"@type\":\"ListItem\",\"position\":1,\"name\":\"\u0413\u043b\u0430\u0432\u043d\u0430\u044f \u0441\u0442\u0440\u0430\u043d\u0438\u0446\u0430\",\"item\":\"https:\/\/ibc.ee\/et\/\"},{\"@type\":\"ListItem\",\"position\":2,\"name\":\"Pood\",\"item\":\"https:\/\/ibc.ee\/et\/shop\/\"},{\"@type\":\"ListItem\",\"position\":3,\"name\":\"Pneumaatiline PP pump t\u00fcnnile\"}]},{\"@type\":\"WebSite\",\"@id\":\"https:\/\/www.ibc.ee\/et\/#website\",\"url\":\"https:\/\/www.ibc.ee\/et\/\",\"name\":\"IBC konteineri m&uuml;&uuml;k, vaadid, kraanid, mahutid\",\"description\":\"IBC - Tank container valve, Adapters\\\\fittings, Intermediate bulk, container, Drums\/cans\",\"potentialAction\":[{\"@type\":\"SearchAction\",\"target\":{\"@type\":\"EntryPoint\",\"urlTemplate\":\"https:\/\/www.ibc.ee\/et\/?s={search_term_string}\"},\"query-input\":{\"@type\":\"PropertyValueSpecification\",\"valueRequired\":true,\"valueName\":\"search_term_string\"}}],\"inLanguage\":\"et\"}]}<\/script>\n<!-- \/ Yoast SEO plugin. -->","yoast_head_json":{"title":"Pneumaatiline PP pump t\u00fcnnile -","description":"Pneumaatiline PP pump t\u00fcnnile. Maksimaalne r\u00f5hk: 100 PSI. Rakendused: diisel, petrooleum, \u00f5li, vesi, adblue, n\u00f5rk hape, alkohol, bensiin","robots":{"index":"index","follow":"follow","max-snippet":"max-snippet:-1","max-image-preview":"max-image-preview:large","max-video-preview":"max-video-preview:-1"},"canonical":"https:\/\/ibc.ee\/et\/toode\/pneumaatiline-pp-pump-tunnile\/","og_locale":"et_EE","og_type":"article","og_title":"Pneumaatiline PP pump t\u00fcnnile -","og_description":"Pneumaatiline PP pump t\u00fcnnile. Maksimaalne r\u00f5hk: 100 PSI. Rakendused: diisel, petrooleum, \u00f5li, vesi, adblue, n\u00f5rk hape, alkohol, bensiin","og_url":"https:\/\/ibc.ee\/et\/toode\/pneumaatiline-pp-pump-tunnile\/","og_site_name":"IBC konteineri m&uuml;&uuml;k, vaadid, kraanid, mahutid","article_modified_time":"2021-02-22T10:53:33+00:00","og_image":[{"width":1000,"height":1000,"url":"https:\/\/ibc.ee\/wp-content\/uploads\/2021\/02\/Pneumaatiline-PP-pump-tunnile.jpg","type":"image\/jpeg"}],"twitter_card":"summary_large_image","schema":{"@context":"https:\/\/schema.org","@graph":[{"@type":"WebPage","@id":"https:\/\/ibc.ee\/et\/toode\/pneumaatiline-pp-pump-tunnile\/","url":"https:\/\/ibc.ee\/et\/toode\/pneumaatiline-pp-pump-tunnile\/","name":"Pneumaatiline PP pump t\u00fcnnile -","isPartOf":{"@id":"https:\/\/www.ibc.ee\/et\/#website"},"primaryImageOfPage":{"@id":"https:\/\/ibc.ee\/et\/toode\/pneumaatiline-pp-pump-tunnile\/#primaryimage"},"image":{"@id":"https:\/\/ibc.ee\/et\/toode\/pneumaatiline-pp-pump-tunnile\/#primaryimage"},"thumbnailUrl":"https:\/\/ibc.ee\/wp-content\/uploads\/2021\/02\/Pneumaatiline-PP-pump-tunnile.jpg","datePublished":"2021-02-19T20:25:49+00:00","dateModified":"2021-02-22T10:53:33+00:00","description":"Pneumaatiline PP pump t\u00fcnnile. Maksimaalne r\u00f5hk: 100 PSI. Rakendused: diisel, petrooleum, \u00f5li, vesi, adblue, n\u00f5rk hape, alkohol, bensiin","breadcrumb":{"@id":"https:\/\/ibc.ee\/et\/toode\/pneumaatiline-pp-pump-tunnile\/#breadcrumb"},"inLanguage":"et","potentialAction":[{"@type":"ReadAction","target":["https:\/\/ibc.ee\/et\/toode\/pneumaatiline-pp-pump-tunnile\/"]}]},{"@type":"ImageObject","inLanguage":"et","@id":"https:\/\/ibc.ee\/et\/toode\/pneumaatiline-pp-pump-tunnile\/#primaryimage","url":"https:\/\/ibc.ee\/wp-content\/uploads\/2021\/02\/Pneumaatiline-PP-pump-tunnile.jpg","contentUrl":"https:\/\/ibc.ee\/wp-content\/uploads\/2021\/02\/Pneumaatiline-PP-pump-tunnile.jpg","width":1000,"height":1000,"caption":"Pneumaatiline PP pump t\u00fcnnile"},{"@type":"BreadcrumbList","@id":"https:\/\/ibc.ee\/et\/toode\/pneumaatiline-pp-pump-tunnile\/#breadcrumb","itemListElement":[{"@type":"ListItem","position":1,"name":"\u0413\u043b\u0430\u0432\u043d\u0430\u044f \u0441\u0442\u0440\u0430\u043d\u0438\u0446\u0430","item":"https:\/\/ibc.ee\/et\/"},{"@type":"ListItem","position":2,"name":"Pood","item":"https:\/\/ibc.ee\/et\/shop\/"},{"@type":"ListItem","position":3,"name":"Pneumaatiline PP pump t\u00fcnnile"}]},{"@type":"WebSite","@id":"https:\/\/www.ibc.ee\/et\/#website","url":"https:\/\/www.ibc.ee\/et\/","name":"IBC konteineri m&uuml;&uuml;k, vaadid, kraanid, mahutid","description":"IBC - Tank container valve, Adapters\\fittings, Intermediate bulk, container, Drums\/cans","potentialAction":[{"@type":"SearchAction","target":{"@type":"EntryPoint","urlTemplate":"https:\/\/www.ibc.ee\/et\/?s={search_term_string}"},"query-input":{"@type":"PropertyValueSpecification","valueRequired":true,"valueName":"search_term_string"}}],"inLanguage":"et"}]}},"_links":{"self":[{"href":"https:\/\/ibc.ee\/et\/wp-json\/wp\/v2\/product\/20167","targetHints":{"allow":["GET"]}}],"collection":[{"href":"https:\/\/ibc.ee\/et\/wp-json\/wp\/v2\/product"}],"about":[{"href":"https:\/\/ibc.ee\/et\/wp-json\/wp\/v2\/types\/product"}],"wp:featuredmedia":[{"embeddable":true,"href":"https:\/\/ibc.ee\/et\/wp-json\/wp\/v2\/media\/20173"}],"wp:attachment":[{"href":"https:\/\/ibc.ee\/et\/wp-json\/wp\/v2\/media?parent=20167"}],"wp:term":[{"taxonomy":"product_brand","embeddable":true,"href":"https:\/\/ibc.ee\/et\/wp-json\/wp\/v2\/product_brand?post=20167"},{"taxonomy":"product_cat","embeddable":true,"href":"https:\/\/ibc.ee\/et\/wp-json\/wp\/v2\/product_cat?post=20167"},{"taxonomy":"product_tag","embeddable":true,"href":"https:\/\/ibc.ee\/et\/wp-json\/wp\/v2\/product_tag?post=20167"}],"curies":[{"name":"wp","href":"https:\/\/api.w.org\/{rel}","templated":true}]}}