{"id":20258,"date":"2021-02-20T19:10:13","date_gmt":"2021-02-20T17:10:14","guid":{"rendered":"https:\/\/ibc.ee\/?post_type=product&#038;p=20258"},"modified":"2021-02-20T19:18:33","modified_gmt":"2021-02-20T17:18:33","slug":"kasipump-vaadile-adblue","status":"publish","type":"product","link":"https:\/\/ibc.ee\/et\/toode\/kasipump-vaadile-adblue\/","title":{"rendered":"K\u00e4sipump vaadile AdBlue"},"content":{"rendered":"<p>K\u00e4sipump vaadile AdBlue<\/p>\n<p> Tehnilised andmed: <br \/>\nMudel: GT-130 vertikaalne k\u00e4sitsi t\u00f5stetav pump <br \/>\nTihendid: Buna N \/ Nitriil <br \/>\nMaterjal: PP <br \/>\nKoppadapter: 2 &#8220;BSP v\u00f5i M63 <br \/>\nSisse- ja v\u00e4ljalaskeava dia: 43\/22 mm <br \/>\nVoolukiirus: 200 ml \/ l\u00f6\u00f6gi <br \/>\nRakendused: AdBlue <\/p>\n","protected":false},"excerpt":{"rendered":"<p>K\u00e4sipump vaadile AdBlue Tehnilised andmed: Mudel: GT-130 vertikaalne k\u00e4sitsi t\u00f5stetav pump Tihendid: Buna N \/ Nitriil Materjal: PP Koppadapter: 2 &#8220;BSP v\u00f5i M63 Sisse- ja v\u00e4ljalaskeava dia: 43\/22 mm Voolukiirus: 200 ml \/ l\u00f6\u00f6gi Rakendused: AdBlue<\/p>\n","protected":false},"featured_media":20264,"template":"","meta":[],"product_brand":[],"product_cat":[179],"product_tag":[],"class_list":{"0":"post-20258","1":"product","2":"type-product","3":"status-publish","4":"has-post-thumbnail","6":"product_cat-vaadid-kanistrid","7":"product_shipping_class-acessories-et","9":"first","10":"onbackorder","11":"taxable","12":"shipping-taxable","13":"purchasable","14":"product-type-simple"},"yoast_head":"<!-- This site is optimized with the Yoast SEO plugin v26.9 - https:\/\/yoast.com\/product\/yoast-seo-wordpress\/ -->\n<title>K\u00e4sipump vaadile AdBlue -<\/title>\n<meta name=\"description\" content=\"K\u00e4sitsi juhitav sifooniga t\u00f5stetava trummelpump. Kopaadapter: 2 &quot;BSP v\u00f5i M63. Rakendused: AdBlue. Kopaadapter: 2&quot; BSP v\u00f5i M63\" \/>\n<meta name=\"robots\" content=\"index, follow, max-snippet:-1, max-image-preview:large, max-video-preview:-1\" \/>\n<link rel=\"canonical\" href=\"https:\/\/ibc.ee\/et\/toode\/kasipump-vaadile-adblue\/\" \/>\n<meta property=\"og:locale\" content=\"et_EE\" \/>\n<meta property=\"og:type\" content=\"article\" \/>\n<meta property=\"og:title\" content=\"K\u00e4sipump vaadile AdBlue -\" \/>\n<meta property=\"og:description\" content=\"K\u00e4sitsi juhitav sifooniga t\u00f5stetava trummelpump. Kopaadapter: 2 &quot;BSP v\u00f5i M63. Rakendused: AdBlue. Kopaadapter: 2&quot; BSP v\u00f5i M63\" \/>\n<meta property=\"og:url\" content=\"https:\/\/ibc.ee\/et\/toode\/kasipump-vaadile-adblue\/\" \/>\n<meta property=\"og:site_name\" content=\"IBC konteineri m&uuml;&uuml;k, vaadid, kraanid, mahutid\" \/>\n<meta property=\"article:modified_time\" content=\"2021-02-20T17:18:33+00:00\" \/>\n<meta property=\"og:image\" content=\"https:\/\/ibc.ee\/wp-content\/uploads\/2021\/02\/Kasipump-vaadile-AdBlue.jpg\" \/>\n\t<meta property=\"og:image:width\" content=\"1000\" \/>\n\t<meta property=\"og:image:height\" content=\"1000\" \/>\n\t<meta property=\"og:image:type\" content=\"image\/jpeg\" \/>\n<meta name=\"twitter:card\" content=\"summary_large_image\" \/>\n<script type=\"application\/ld+json\" class=\"yoast-schema-graph\">{\"@context\":\"https:\/\/schema.org\",\"@graph\":[{\"@type\":\"WebPage\",\"@id\":\"https:\/\/ibc.ee\/et\/toode\/kasipump-vaadile-adblue\/\",\"url\":\"https:\/\/ibc.ee\/et\/toode\/kasipump-vaadile-adblue\/\",\"name\":\"K\u00e4sipump vaadile AdBlue -\",\"isPartOf\":{\"@id\":\"https:\/\/www.ibc.ee\/et\/#website\"},\"primaryImageOfPage\":{\"@id\":\"https:\/\/ibc.ee\/et\/toode\/kasipump-vaadile-adblue\/#primaryimage\"},\"image\":{\"@id\":\"https:\/\/ibc.ee\/et\/toode\/kasipump-vaadile-adblue\/#primaryimage\"},\"thumbnailUrl\":\"https:\/\/ibc.ee\/wp-content\/uploads\/2021\/02\/Kasipump-vaadile-AdBlue.jpg\",\"datePublished\":\"2021-02-20T17:10:14+00:00\",\"dateModified\":\"2021-02-20T17:18:33+00:00\",\"description\":\"K\u00e4sitsi juhitav sifooniga t\u00f5stetava trummelpump. Kopaadapter: 2 \\\"BSP v\u00f5i M63. Rakendused: AdBlue. Kopaadapter: 2\\\" BSP v\u00f5i M63\",\"breadcrumb\":{\"@id\":\"https:\/\/ibc.ee\/et\/toode\/kasipump-vaadile-adblue\/#breadcrumb\"},\"inLanguage\":\"et\",\"potentialAction\":[{\"@type\":\"ReadAction\",\"target\":[\"https:\/\/ibc.ee\/et\/toode\/kasipump-vaadile-adblue\/\"]}]},{\"@type\":\"ImageObject\",\"inLanguage\":\"et\",\"@id\":\"https:\/\/ibc.ee\/et\/toode\/kasipump-vaadile-adblue\/#primaryimage\",\"url\":\"https:\/\/ibc.ee\/wp-content\/uploads\/2021\/02\/Kasipump-vaadile-AdBlue.jpg\",\"contentUrl\":\"https:\/\/ibc.ee\/wp-content\/uploads\/2021\/02\/Kasipump-vaadile-AdBlue.jpg\",\"width\":1000,\"height\":1000,\"caption\":\"K\u00e4sipump vaadile AdBlue\"},{\"@type\":\"BreadcrumbList\",\"@id\":\"https:\/\/ibc.ee\/et\/toode\/kasipump-vaadile-adblue\/#breadcrumb\",\"itemListElement\":[{\"@type\":\"ListItem\",\"position\":1,\"name\":\"\u0413\u043b\u0430\u0432\u043d\u0430\u044f \u0441\u0442\u0440\u0430\u043d\u0438\u0446\u0430\",\"item\":\"https:\/\/ibc.ee\/et\/\"},{\"@type\":\"ListItem\",\"position\":2,\"name\":\"Pood\",\"item\":\"https:\/\/ibc.ee\/et\/shop\/\"},{\"@type\":\"ListItem\",\"position\":3,\"name\":\"K\u00e4sipump vaadile AdBlue\"}]},{\"@type\":\"WebSite\",\"@id\":\"https:\/\/www.ibc.ee\/et\/#website\",\"url\":\"https:\/\/www.ibc.ee\/et\/\",\"name\":\"IBC konteineri m&uuml;&uuml;k, vaadid, kraanid, mahutid\",\"description\":\"IBC - Tank container valve, Adapters\\\\fittings, Intermediate bulk, container, Drums\/cans\",\"potentialAction\":[{\"@type\":\"SearchAction\",\"target\":{\"@type\":\"EntryPoint\",\"urlTemplate\":\"https:\/\/www.ibc.ee\/et\/?s={search_term_string}\"},\"query-input\":{\"@type\":\"PropertyValueSpecification\",\"valueRequired\":true,\"valueName\":\"search_term_string\"}}],\"inLanguage\":\"et\"}]}<\/script>\n<!-- \/ Yoast SEO plugin. -->","yoast_head_json":{"title":"K\u00e4sipump vaadile AdBlue -","description":"K\u00e4sitsi juhitav sifooniga t\u00f5stetava trummelpump. Kopaadapter: 2 \"BSP v\u00f5i M63. Rakendused: AdBlue. Kopaadapter: 2\" BSP v\u00f5i M63","robots":{"index":"index","follow":"follow","max-snippet":"max-snippet:-1","max-image-preview":"max-image-preview:large","max-video-preview":"max-video-preview:-1"},"canonical":"https:\/\/ibc.ee\/et\/toode\/kasipump-vaadile-adblue\/","og_locale":"et_EE","og_type":"article","og_title":"K\u00e4sipump vaadile AdBlue -","og_description":"K\u00e4sitsi juhitav sifooniga t\u00f5stetava trummelpump. Kopaadapter: 2 \"BSP v\u00f5i M63. Rakendused: AdBlue. Kopaadapter: 2\" BSP v\u00f5i M63","og_url":"https:\/\/ibc.ee\/et\/toode\/kasipump-vaadile-adblue\/","og_site_name":"IBC konteineri m&uuml;&uuml;k, vaadid, kraanid, mahutid","article_modified_time":"2021-02-20T17:18:33+00:00","og_image":[{"width":1000,"height":1000,"url":"https:\/\/ibc.ee\/wp-content\/uploads\/2021\/02\/Kasipump-vaadile-AdBlue.jpg","type":"image\/jpeg"}],"twitter_card":"summary_large_image","schema":{"@context":"https:\/\/schema.org","@graph":[{"@type":"WebPage","@id":"https:\/\/ibc.ee\/et\/toode\/kasipump-vaadile-adblue\/","url":"https:\/\/ibc.ee\/et\/toode\/kasipump-vaadile-adblue\/","name":"K\u00e4sipump vaadile AdBlue -","isPartOf":{"@id":"https:\/\/www.ibc.ee\/et\/#website"},"primaryImageOfPage":{"@id":"https:\/\/ibc.ee\/et\/toode\/kasipump-vaadile-adblue\/#primaryimage"},"image":{"@id":"https:\/\/ibc.ee\/et\/toode\/kasipump-vaadile-adblue\/#primaryimage"},"thumbnailUrl":"https:\/\/ibc.ee\/wp-content\/uploads\/2021\/02\/Kasipump-vaadile-AdBlue.jpg","datePublished":"2021-02-20T17:10:14+00:00","dateModified":"2021-02-20T17:18:33+00:00","description":"K\u00e4sitsi juhitav sifooniga t\u00f5stetava trummelpump. Kopaadapter: 2 \"BSP v\u00f5i M63. Rakendused: AdBlue. Kopaadapter: 2\" BSP v\u00f5i M63","breadcrumb":{"@id":"https:\/\/ibc.ee\/et\/toode\/kasipump-vaadile-adblue\/#breadcrumb"},"inLanguage":"et","potentialAction":[{"@type":"ReadAction","target":["https:\/\/ibc.ee\/et\/toode\/kasipump-vaadile-adblue\/"]}]},{"@type":"ImageObject","inLanguage":"et","@id":"https:\/\/ibc.ee\/et\/toode\/kasipump-vaadile-adblue\/#primaryimage","url":"https:\/\/ibc.ee\/wp-content\/uploads\/2021\/02\/Kasipump-vaadile-AdBlue.jpg","contentUrl":"https:\/\/ibc.ee\/wp-content\/uploads\/2021\/02\/Kasipump-vaadile-AdBlue.jpg","width":1000,"height":1000,"caption":"K\u00e4sipump vaadile AdBlue"},{"@type":"BreadcrumbList","@id":"https:\/\/ibc.ee\/et\/toode\/kasipump-vaadile-adblue\/#breadcrumb","itemListElement":[{"@type":"ListItem","position":1,"name":"\u0413\u043b\u0430\u0432\u043d\u0430\u044f \u0441\u0442\u0440\u0430\u043d\u0438\u0446\u0430","item":"https:\/\/ibc.ee\/et\/"},{"@type":"ListItem","position":2,"name":"Pood","item":"https:\/\/ibc.ee\/et\/shop\/"},{"@type":"ListItem","position":3,"name":"K\u00e4sipump vaadile AdBlue"}]},{"@type":"WebSite","@id":"https:\/\/www.ibc.ee\/et\/#website","url":"https:\/\/www.ibc.ee\/et\/","name":"IBC konteineri m&uuml;&uuml;k, vaadid, kraanid, mahutid","description":"IBC - Tank container valve, Adapters\\fittings, Intermediate bulk, container, Drums\/cans","potentialAction":[{"@type":"SearchAction","target":{"@type":"EntryPoint","urlTemplate":"https:\/\/www.ibc.ee\/et\/?s={search_term_string}"},"query-input":{"@type":"PropertyValueSpecification","valueRequired":true,"valueName":"search_term_string"}}],"inLanguage":"et"}]}},"_links":{"self":[{"href":"https:\/\/ibc.ee\/et\/wp-json\/wp\/v2\/product\/20258","targetHints":{"allow":["GET"]}}],"collection":[{"href":"https:\/\/ibc.ee\/et\/wp-json\/wp\/v2\/product"}],"about":[{"href":"https:\/\/ibc.ee\/et\/wp-json\/wp\/v2\/types\/product"}],"wp:featuredmedia":[{"embeddable":true,"href":"https:\/\/ibc.ee\/et\/wp-json\/wp\/v2\/media\/20264"}],"wp:attachment":[{"href":"https:\/\/ibc.ee\/et\/wp-json\/wp\/v2\/media?parent=20258"}],"wp:term":[{"taxonomy":"product_brand","embeddable":true,"href":"https:\/\/ibc.ee\/et\/wp-json\/wp\/v2\/product_brand?post=20258"},{"taxonomy":"product_cat","embeddable":true,"href":"https:\/\/ibc.ee\/et\/wp-json\/wp\/v2\/product_cat?post=20258"},{"taxonomy":"product_tag","embeddable":true,"href":"https:\/\/ibc.ee\/et\/wp-json\/wp\/v2\/product_tag?post=20258"}],"curies":[{"name":"wp","href":"https:\/\/api.w.org\/{rel}","templated":true}]}}